{"id":17159,"date":"2023-10-25T14:16:19","date_gmt":"2023-10-25T12:16:19","guid":{"rendered":"https:\/\/cuttymarket.com\/?post_type=product&#038;p=17159"},"modified":"2023-10-25T14:16:19","modified_gmt":"2023-10-25T12:16:19","slug":"apple-iphone-15-pro-256gb","status":"publish","type":"product","link":"https:\/\/novakmarket.com\/de\/produkt\/apple-iphone-15-pro-256gb\/","title":{"rendered":"APPLE iPhone 15 Pro 256GB"},"content":{"rendered":"<p>Taille de la diagonale : 6.1&#8243;<\/p>\n<ul>\n<li style=\"list-style-type: none;\">\n<ul>\n<li>R\u00e9solution du capteur : 48 m\u00e9gapixels<\/li>\n<li>Capacit\u00e9 de la m\u00e9moire interne : 256 Go<\/li>\n<li>6 coeurs<\/li>\n<li>G\u00e9n\u00e9ration \u00e0 haut d\u00e9bit mobile : 5G<\/li>\n<\/ul>\n<\/li>\n<\/ul>","protected":false},"excerpt":{"rendered":"<table class=\"table table--fpDescTb fpDescTb fpDescTbPub\" role=\"table\" aria-label=\"Semantic Elements\" aria-describedby=\"semantic_elements_table_desc\" aria-rowcount=\"81\">\n<tbody class=\"table__body\" role=\"rowgroup\">\n<tr class=\"table__row\" role=\"row\">\n<th class=\"table__cell\" role=\"cell\" scope=\"row\">Nom du produit<\/th>\n<td class=\"table__cell\" role=\"cell\">APPLE iPhone 15 Pro 256GB Blue Titanium<\/td>\n<\/tr>\n<tr class=\"table__row\" role=\"row\">\n<th class=\"table__cell\" role=\"cell\" scope=\"row\">Cat\u00e9gorie<\/th>\n<td class=\"table__cell\" role=\"cell\">SMARTPHONE<\/td>\n<\/tr>\n<tr class=\"table__row\" role=\"row\">\n<th class=\"table__cell\" role=\"cell\" scope=\"row\">R\u00e9f\u00e9rence<\/th>\n<td class=\"table__cell\" role=\"cell\">UO12457845157400<\/td>\n<\/tr>\n<tr class=\"table__row\" role=\"row\">\n<th class=\"table__head\" role=\"cell\" colspan=\"2\" scope=\"col\">Informations sur le produit<\/th>\n<\/tr>\n<tr class=\"table__row\" role=\"row\">\n<th class=\"table__cell\" role=\"cell\" scope=\"row\">Sous-\u00e9tat<\/th>\n<td class=\"table__cell\" role=\"cell\">Neuf<\/td>\n<\/tr>\n<tr class=\"table__row\" role=\"row\">\n<th class=\"table__cell\" role=\"cell\" scope=\"row\">Couleur(s)<\/th>\n<td class=\"table__cell\" role=\"cell\">Blue<\/td>\n<\/tr>\n<tr class=\"table__row\" role=\"row\">\n<th class=\"table__cell\" role=\"cell\" scope=\"row\">Objet connect\u00e9<\/th>\n<td class=\"table__cell\" role=\"cell\">Oui<\/td>\n<\/tr>\n<tr class=\"table__row\" role=\"row\">\n<th class=\"table__cell\" role=\"cell\" scope=\"row\">Information DAS<\/th>\n<td class=\"table__cell\" role=\"cell\">Le DAS (d\u00e9bit d\u2019absorption sp\u00e9cifique) des t\u00e9l\u00e9phones mobiles quantifie le niveau d\u2019exposition<br \/>\nmaximal de l\u2019utilisateur aux ondes \u00e9lectromagn\u00e9tiques, pour une utilisation \u00e0 l\u2019oreille.<br \/>\nLa r\u00e9glementation fran\u00e7aise impose que le DAS ne d\u00e9passe pas 2W\/kg<\/td>\n<\/tr>\n<tr class=\"table__row\" role=\"row\">\n<th class=\"table__cell\" role=\"cell\" scope=\"row\">Capacit\u00e9 (m\u00e9moire)<\/th>\n<td class=\"table__cell\" role=\"cell\">256 Go<\/td>\n<\/tr>\n<tr class=\"table__row\" role=\"row\">\n<th class=\"table__cell\" role=\"cell\" scope=\"row\">Indice de r\u00e9parabilit\u00e9<\/th>\n<td class=\"table__cell\" role=\"cell\">7,5<\/td>\n<\/tr>\n<tr class=\"table__row\" role=\"row\">\n<th class=\"table__cell\" role=\"cell\" scope=\"row\">Adaptateur secteur<\/th>\n<td class=\"table__cell\" role=\"cell\">Non<\/td>\n<\/tr>\n<tr class=\"table__row\" role=\"row\">\n<th class=\"table__cell\" role=\"cell\" scope=\"row\">Ecouteur filaire<\/th>\n<td class=\"table__cell\" role=\"cell\">Oui<\/td>\n<\/tr>\n<tr class=\"table__row\" role=\"row\">\n<th class=\"table__head\" role=\"cell\" colspan=\"2\" scope=\"col\">G\u00e9n\u00e9ral<\/th>\n<\/tr>\n<tr class=\"table__row\" role=\"row\">\n<th class=\"table__cell\" role=\"cell\" scope=\"row\">Type de produit<\/th>\n<td class=\"table__cell\" role=\"cell\">Smartphone<\/td>\n<\/tr>\n<tr class=\"table__row\" role=\"row\">\n<th class=\"table__cell\" role=\"cell\" scope=\"row\">Mod\u00e8le de t\u00e9l\u00e9phone<\/th>\n<td class=\"table__cell\" role=\"cell\">Iphone 15 Pro<\/td>\n<\/tr>\n<tr class=\"table__row\" role=\"row\">\n<th class=\"table__cell\" role=\"cell\" scope=\"row\">R\u00e9sistance<\/th>\n<td class=\"table__cell\" role=\"cell\">R\u00e9sistance aux \u00e9claboussures, \u00e0 l&#8217;eau et \u00e0 la poussi\u00e8re<\/td>\n<\/tr>\n<tr class=\"table__row\" role=\"row\">\n<th class=\"table__cell\" role=\"cell\" scope=\"row\">Mat\u00e9riau du boitier<\/th>\n<td class=\"table__cell\" role=\"cell\">Face avant Ceramic Shield, dos en verre et design en aluminium<\/td>\n<\/tr>\n<tr class=\"table__row\" role=\"row\">\n<th class=\"table__cell\" role=\"cell\" scope=\"row\">Largeur<\/th>\n<td class=\"table__cell\" role=\"cell\">70.6 mm<\/td>\n<\/tr>\n<tr class=\"table__row\" role=\"row\">\n<th class=\"table__cell\" role=\"cell\" scope=\"row\">Hauteur<\/th>\n<td class=\"table__cell\" role=\"cell\">146.6 mm<\/td>\n<\/tr>\n<tr class=\"table__row\" role=\"row\">\n<th class=\"table__cell\" role=\"cell\" scope=\"row\">Poids<\/th>\n<td class=\"table__cell\" role=\"cell\">203 g<\/td>\n<\/tr>\n<tr class=\"table__row\" role=\"row\">\n<th class=\"table__cell\" role=\"cell\" scope=\"row\">Valeur DAS<\/th>\n<td class=\"table__cell\" role=\"cell\">DAS t\u00eate : 0,99 W\/kg DAS tronc : 0,98 W\/kg DAS membre : 2,99 W\/kg<\/td>\n<\/tr>\n<tr class=\"table__row\" role=\"row\">\n<th class=\"table__cell\" role=\"cell\" scope=\"row\">Protection<\/th>\n<td class=\"table__cell\" role=\"cell\">Anti-poussi\u00e8re, anti-\u00e9claboussement, \u00e9tanche<\/td>\n<\/tr>\n<tr class=\"table__row\" role=\"row\">\n<th class=\"table__cell\" role=\"cell\" scope=\"row\">Format<\/th>\n<td class=\"table__cell\" role=\"cell\">Tactile<\/td>\n<\/tr>\n<tr class=\"table__row\" role=\"row\">\n<th class=\"table__cell\" role=\"cell\" scope=\"row\">Mod\u00e8le d&#8217;iPhone<\/th>\n<td class=\"table__cell\" role=\"cell\">Iphone 15 Pro<\/td>\n<\/tr>\n<tr class=\"table__row\" role=\"row\">\n<th class=\"table__cell\" role=\"cell\" scope=\"row\">Syst\u00e8me d&#8217;exploitation<\/th>\n<td class=\"table__cell\" role=\"cell\">iOS 17<\/td>\n<\/tr>\n<tr class=\"table__row\" role=\"row\">\n<th class=\"table__cell\" role=\"cell\" scope=\"row\">Type de Produit<\/th>\n<td class=\"table__cell\" role=\"cell\">Smartphone<\/td>\n<\/tr>\n<\/tbody>\n<\/table>","protected":false},"featured_media":17160,"comment_status":"open","ping_status":"closed","template":"","meta":{"_acf_changed":false},"product_brand":[],"product_cat":[288,280,281],"product_tag":[],"class_list":{"0":"post-17159","1":"product","2":"type-product","3":"status-publish","4":"has-post-thumbnail","6":"product_cat-apple_iphones","7":"product_cat-smart-phones-tablets","8":"product_cat-smartphones","10":"first","11":"instock","12":"shipping-taxable","13":"purchasable","14":"product-type-simple"},"acf":[],"yoast_head":"<!-- This site is optimized with the Yoast SEO plugin v27.2 - https:\/\/yoast.com\/product\/yoast-seo-wordpress\/ -->\n<title>APPLE iPhone 15 Pro 256GB - Novak Market<\/title>\n<meta name=\"robots\" content=\"index, follow, max-snippet:-1, max-image-preview:large, max-video-preview:-1\" \/>\n<link rel=\"canonical\" href=\"https:\/\/novakmarket.com\/de\/produkt\/apple-iphone-15-pro-256gb\/\" \/>\n<meta property=\"og:locale\" content=\"de_DE\" \/>\n<meta property=\"og:type\" content=\"article\" \/>\n<meta property=\"og:title\" content=\"APPLE iPhone 15 Pro 256GB - Novak Market\" \/>\n<meta property=\"og:description\" content=\"Nom du produit APPLE iPhone 15 Pro 256GB Blue Titanium   Cat\u00e9gorie SMARTPHONE   R\u00e9f\u00e9rence UO12457845157400   Informations sur le produit   Sous-\u00e9tat Neuf   Couleur(s) Blue   Objet connect\u00e9 Oui   Information DAS Le DAS (d\u00e9bit d\u2019absorption sp\u00e9cifique) des t\u00e9l\u00e9phones mobiles quantifie le niveau d\u2019exposition maximal de l\u2019utilisateur aux ondes \u00e9lectromagn\u00e9tiques, pour une utilisation \u00e0 l\u2019oreille. La r\u00e9glementation fran\u00e7aise impose que le DAS ne d\u00e9passe pas 2W\/kg   Capacit\u00e9 (m\u00e9moire) 256 Go   Indice de r\u00e9parabilit\u00e9 7,5   Adaptateur secteur Non   Ecouteur filaire Oui   G\u00e9n\u00e9ral   Type de produit Smartphone   Mod\u00e8le de t\u00e9l\u00e9phone Iphone 15 Pro   R\u00e9sistance R\u00e9sistance aux \u00e9claboussures, \u00e0 l&#039;eau et \u00e0 la poussi\u00e8re   Mat\u00e9riau du boitier Face avant Ceramic Shield, dos en verre et design en aluminium   Largeur 70.6 mm   Hauteur 146.6 mm   Poids 203 g   Valeur DAS DAS t\u00eate : 0,99 W\/kg DAS tronc : 0,98 W\/kg DAS membre : 2,99 W\/kg   Protection Anti-poussi\u00e8re, anti-\u00e9claboussement, \u00e9tanche   Format Tactile   Mod\u00e8le d&#039;iPhone Iphone 15 Pro   Syst\u00e8me d&#039;exploitation iOS 17   Type de Produit Smartphone\" \/>\n<meta property=\"og:url\" content=\"https:\/\/novakmarket.com\/de\/produkt\/apple-iphone-15-pro-256gb\/\" \/>\n<meta property=\"og:site_name\" content=\"Novak Market\" \/>\n<meta property=\"og:image\" content=\"https:\/\/novakmarket.com\/wp-content\/uploads\/2023\/10\/pm2.webp\" \/>\n\t<meta property=\"og:image:width\" content=\"550\" \/>\n\t<meta property=\"og:image:height\" content=\"550\" \/>\n\t<meta property=\"og:image:type\" content=\"image\/webp\" \/>\n<meta name=\"twitter:card\" content=\"summary_large_image\" \/>\n<script type=\"application\/ld+json\" class=\"yoast-schema-graph\">{\"@context\":\"https:\/\/schema.org\",\"@graph\":[{\"@type\":\"WebPage\",\"@id\":\"https:\/\/novakmarket.com\/produit\/apple-iphone-15-pro-256gb\/\",\"url\":\"https:\/\/novakmarket.com\/produit\/apple-iphone-15-pro-256gb\/\",\"name\":\"APPLE iPhone 15 Pro 256GB - Novak Market\",\"isPartOf\":{\"@id\":\"https:\/\/novakmarket.com\/#website\"},\"primaryImageOfPage\":{\"@id\":\"https:\/\/novakmarket.com\/produit\/apple-iphone-15-pro-256gb\/#primaryimage\"},\"image\":{\"@id\":\"https:\/\/novakmarket.com\/produit\/apple-iphone-15-pro-256gb\/#primaryimage\"},\"thumbnailUrl\":\"https:\/\/novakmarket.com\/wp-content\/uploads\/2023\/10\/pm2.webp\",\"datePublished\":\"2023-10-25T12:16:19+00:00\",\"breadcrumb\":{\"@id\":\"https:\/\/novakmarket.com\/produit\/apple-iphone-15-pro-256gb\/#breadcrumb\"},\"inLanguage\":\"de\",\"potentialAction\":[{\"@type\":\"ReadAction\",\"target\":[\"https:\/\/novakmarket.com\/produit\/apple-iphone-15-pro-256gb\/\"]}]},{\"@type\":\"ImageObject\",\"inLanguage\":\"de\",\"@id\":\"https:\/\/novakmarket.com\/produit\/apple-iphone-15-pro-256gb\/#primaryimage\",\"url\":\"https:\/\/novakmarket.com\/wp-content\/uploads\/2023\/10\/pm2.webp\",\"contentUrl\":\"https:\/\/novakmarket.com\/wp-content\/uploads\/2023\/10\/pm2.webp\",\"width\":550,\"height\":550},{\"@type\":\"BreadcrumbList\",\"@id\":\"https:\/\/novakmarket.com\/produit\/apple-iphone-15-pro-256gb\/#breadcrumb\",\"itemListElement\":[{\"@type\":\"ListItem\",\"position\":1,\"name\":\"Accueil\",\"item\":\"https:\/\/novakmarket.com\/\"},{\"@type\":\"ListItem\",\"position\":2,\"name\":\"Boutique\",\"item\":\"https:\/\/novakmarket.com\/shop\/\"},{\"@type\":\"ListItem\",\"position\":3,\"name\":\"APPLE iPhone 15 Pro 256GB\"}]},{\"@type\":\"WebSite\",\"@id\":\"https:\/\/novakmarket.com\/#website\",\"url\":\"https:\/\/novakmarket.com\/\",\"name\":\"Novak Market\",\"description\":\"Vente de produits \u00e9lectroniques.\",\"publisher\":{\"@id\":\"https:\/\/novakmarket.com\/#organization\"},\"potentialAction\":[{\"@type\":\"SearchAction\",\"target\":{\"@type\":\"EntryPoint\",\"urlTemplate\":\"https:\/\/novakmarket.com\/?s={search_term_string}\"},\"query-input\":{\"@type\":\"PropertyValueSpecification\",\"valueRequired\":true,\"valueName\":\"search_term_string\"}}],\"inLanguage\":\"de\"},{\"@type\":\"Organization\",\"@id\":\"https:\/\/novakmarket.com\/#organization\",\"name\":\"Novak Market\",\"url\":\"https:\/\/novakmarket.com\/\",\"logo\":{\"@type\":\"ImageObject\",\"inLanguage\":\"de\",\"@id\":\"https:\/\/novakmarket.com\/#\/schema\/logo\/image\/\",\"url\":\"https:\/\/novakmarket.com\/wp-content\/uploads\/2026\/02\/cropped-footer-pc-removebg-preview.png\",\"contentUrl\":\"https:\/\/novakmarket.com\/wp-content\/uploads\/2026\/02\/cropped-footer-pc-removebg-preview.png\",\"width\":202,\"height\":73,\"caption\":\"Novak Market\"},\"image\":{\"@id\":\"https:\/\/novakmarket.com\/#\/schema\/logo\/image\/\"}}]}<\/script>\n<!-- \/ Yoast SEO plugin. -->","yoast_head_json":{"title":"APPLE iPhone 15 Pro 256GB - Novak Market","robots":{"index":"index","follow":"follow","max-snippet":"max-snippet:-1","max-image-preview":"max-image-preview:large","max-video-preview":"max-video-preview:-1"},"canonical":"https:\/\/novakmarket.com\/de\/produkt\/apple-iphone-15-pro-256gb\/","og_locale":"de_DE","og_type":"article","og_title":"APPLE iPhone 15 Pro 256GB - Novak Market","og_description":"Nom du produit APPLE iPhone 15 Pro 256GB Blue Titanium   Cat\u00e9gorie SMARTPHONE   R\u00e9f\u00e9rence UO12457845157400   Informations sur le produit   Sous-\u00e9tat Neuf   Couleur(s) Blue   Objet connect\u00e9 Oui   Information DAS Le DAS (d\u00e9bit d\u2019absorption sp\u00e9cifique) des t\u00e9l\u00e9phones mobiles quantifie le niveau d\u2019exposition maximal de l\u2019utilisateur aux ondes \u00e9lectromagn\u00e9tiques, pour une utilisation \u00e0 l\u2019oreille. La r\u00e9glementation fran\u00e7aise impose que le DAS ne d\u00e9passe pas 2W\/kg   Capacit\u00e9 (m\u00e9moire) 256 Go   Indice de r\u00e9parabilit\u00e9 7,5   Adaptateur secteur Non   Ecouteur filaire Oui   G\u00e9n\u00e9ral   Type de produit Smartphone   Mod\u00e8le de t\u00e9l\u00e9phone Iphone 15 Pro   R\u00e9sistance R\u00e9sistance aux \u00e9claboussures, \u00e0 l'eau et \u00e0 la poussi\u00e8re   Mat\u00e9riau du boitier Face avant Ceramic Shield, dos en verre et design en aluminium   Largeur 70.6 mm   Hauteur 146.6 mm   Poids 203 g   Valeur DAS DAS t\u00eate : 0,99 W\/kg DAS tronc : 0,98 W\/kg DAS membre : 2,99 W\/kg   Protection Anti-poussi\u00e8re, anti-\u00e9claboussement, \u00e9tanche   Format Tactile   Mod\u00e8le d'iPhone Iphone 15 Pro   Syst\u00e8me d'exploitation iOS 17   Type de Produit Smartphone","og_url":"https:\/\/novakmarket.com\/de\/produkt\/apple-iphone-15-pro-256gb\/","og_site_name":"Novak Market","og_image":[{"width":550,"height":550,"url":"https:\/\/novakmarket.com\/wp-content\/uploads\/2023\/10\/pm2.webp","type":"image\/webp"}],"twitter_card":"summary_large_image","schema":{"@context":"https:\/\/schema.org","@graph":[{"@type":"WebPage","@id":"https:\/\/novakmarket.com\/produit\/apple-iphone-15-pro-256gb\/","url":"https:\/\/novakmarket.com\/produit\/apple-iphone-15-pro-256gb\/","name":"APPLE iPhone 15 Pro 256GB - Novak Market","isPartOf":{"@id":"https:\/\/novakmarket.com\/#website"},"primaryImageOfPage":{"@id":"https:\/\/novakmarket.com\/produit\/apple-iphone-15-pro-256gb\/#primaryimage"},"image":{"@id":"https:\/\/novakmarket.com\/produit\/apple-iphone-15-pro-256gb\/#primaryimage"},"thumbnailUrl":"https:\/\/novakmarket.com\/wp-content\/uploads\/2023\/10\/pm2.webp","datePublished":"2023-10-25T12:16:19+00:00","breadcrumb":{"@id":"https:\/\/novakmarket.com\/produit\/apple-iphone-15-pro-256gb\/#breadcrumb"},"inLanguage":"de","potentialAction":[{"@type":"ReadAction","target":["https:\/\/novakmarket.com\/produit\/apple-iphone-15-pro-256gb\/"]}]},{"@type":"ImageObject","inLanguage":"de","@id":"https:\/\/novakmarket.com\/produit\/apple-iphone-15-pro-256gb\/#primaryimage","url":"https:\/\/novakmarket.com\/wp-content\/uploads\/2023\/10\/pm2.webp","contentUrl":"https:\/\/novakmarket.com\/wp-content\/uploads\/2023\/10\/pm2.webp","width":550,"height":550},{"@type":"BreadcrumbList","@id":"https:\/\/novakmarket.com\/produit\/apple-iphone-15-pro-256gb\/#breadcrumb","itemListElement":[{"@type":"ListItem","position":1,"name":"Accueil","item":"https:\/\/novakmarket.com\/"},{"@type":"ListItem","position":2,"name":"Boutique","item":"https:\/\/novakmarket.com\/shop\/"},{"@type":"ListItem","position":3,"name":"APPLE iPhone 15 Pro 256GB"}]},{"@type":"WebSite","@id":"https:\/\/novakmarket.com\/#website","url":"https:\/\/novakmarket.com\/","name":"Novak Market","description":"Vente de produits \u00e9lectroniques.","publisher":{"@id":"https:\/\/novakmarket.com\/#organization"},"potentialAction":[{"@type":"SearchAction","target":{"@type":"EntryPoint","urlTemplate":"https:\/\/novakmarket.com\/?s={search_term_string}"},"query-input":{"@type":"PropertyValueSpecification","valueRequired":true,"valueName":"search_term_string"}}],"inLanguage":"de"},{"@type":"Organization","@id":"https:\/\/novakmarket.com\/#organization","name":"Novak Market","url":"https:\/\/novakmarket.com\/","logo":{"@type":"ImageObject","inLanguage":"de","@id":"https:\/\/novakmarket.com\/#\/schema\/logo\/image\/","url":"https:\/\/novakmarket.com\/wp-content\/uploads\/2026\/02\/cropped-footer-pc-removebg-preview.png","contentUrl":"https:\/\/novakmarket.com\/wp-content\/uploads\/2026\/02\/cropped-footer-pc-removebg-preview.png","width":202,"height":73,"caption":"Novak Market"},"image":{"@id":"https:\/\/novakmarket.com\/#\/schema\/logo\/image\/"}}]}},"_links":{"self":[{"href":"https:\/\/novakmarket.com\/de\/wp-json\/wp\/v2\/product\/17159","targetHints":{"allow":["GET"]}}],"collection":[{"href":"https:\/\/novakmarket.com\/de\/wp-json\/wp\/v2\/product"}],"about":[{"href":"https:\/\/novakmarket.com\/de\/wp-json\/wp\/v2\/types\/product"}],"replies":[{"embeddable":true,"href":"https:\/\/novakmarket.com\/de\/wp-json\/wp\/v2\/comments?post=17159"}],"wp:featuredmedia":[{"embeddable":true,"href":"https:\/\/novakmarket.com\/de\/wp-json\/wp\/v2\/media\/17160"}],"wp:attachment":[{"href":"https:\/\/novakmarket.com\/de\/wp-json\/wp\/v2\/media?parent=17159"}],"wp:term":[{"taxonomy":"product_brand","embeddable":true,"href":"https:\/\/novakmarket.com\/de\/wp-json\/wp\/v2\/product_brand?post=17159"},{"taxonomy":"product_cat","embeddable":true,"href":"https:\/\/novakmarket.com\/de\/wp-json\/wp\/v2\/product_cat?post=17159"},{"taxonomy":"product_tag","embeddable":true,"href":"https:\/\/novakmarket.com\/de\/wp-json\/wp\/v2\/product_tag?post=17159"}],"curies":[{"name":"wp","href":"https:\/\/api.w.org\/{rel}","templated":true}]}}