{"id":5549,"date":"2021-11-29T19:29:39","date_gmt":"2021-11-29T18:29:39","guid":{"rendered":"https:\/\/bestymarketshop.com\/?post_type=product&#038;p=5549"},"modified":"2021-12-02T14:53:25","modified_gmt":"2021-12-02T13:53:25","slug":"poussette-combinee-trio-3-en-1","status":"publish","type":"product","link":"https:\/\/novakmarket.com\/de\/produkt\/poussette-combinee-trio-3-en-1\/","title":{"rendered":"Poussette combin\u00e9e trio 3 en 1"},"content":{"rendered":"<p><img loading=\"lazy\" decoding=\"async\" class=\"alignnone size-medium wp-image-6988\" src=\"https:\/\/electrospotshop.com\/wp-content\/uploads\/2020\/06\/AZ2-300x300.jpg\" alt=\"\" width=\"300\" height=\"300\" \/><\/p>","protected":false},"excerpt":{"rendered":"<p>&nbsp;<\/p>\n<ul>\n<li>Caract\u00e9ristiques :<\/li>\n<li>&#8211; Amortisseurs<\/li>\n<li>&#8211; Couvre-jambes<\/li>\n<li>&#8211; Auvent pliable<\/li>\n<li>&#8211; Sac<\/li>\n<li>&#8211; Cadre en aluminium<\/li>\n<li>&#8211; Grand panier<\/li>\n<li>&#8211; Roues avant pivotantes<\/li>\n<li>&#8211; Panier nouveau-n\u00e9 transformable en si\u00e8ge<\/li>\n<li>&#8211; Pneus gonflables<\/li>\n<li>&#8211; Si\u00e8ge r\u00e9versible<\/li>\n<li>&#8211; Ceinture de s\u00e9curit\u00e9 5 points<\/li>\n<li>&#8211; Adaptateurs pour si\u00e8ge-auto<\/li>\n<li>-Si\u00e8ge auto avec couvre-jambes<\/li>\n<li>&#8211; Pliable \u00e0 taille compacte<\/li>\n<li>&#8211; Poign\u00e9e r\u00e9glable en hauteur<\/li>\n<\/ul>\n<p>&nbsp;<\/p>","protected":false},"featured_media":5616,"comment_status":"open","ping_status":"closed","template":"","meta":{"_acf_changed":false},"product_brand":[],"product_cat":[282,284],"product_tag":[],"class_list":{"0":"post-5549","1":"product","2":"type-product","3":"status-publish","4":"has-post-thumbnail","6":"product_cat-appareils-electromenagers","7":"product_cat-puericultures","9":"first","10":"instock","11":"shipping-taxable","12":"purchasable","13":"product-type-simple"},"acf":[],"yoast_head":"<!-- This site is optimized with the Yoast SEO plugin v27.2 - https:\/\/yoast.com\/product\/yoast-seo-wordpress\/ -->\n<title>Poussette combin\u00e9e trio 3 en 1 - Novak Market<\/title>\n<meta name=\"robots\" content=\"index, follow, max-snippet:-1, max-image-preview:large, max-video-preview:-1\" \/>\n<link rel=\"canonical\" href=\"https:\/\/novakmarket.com\/de\/produkt\/poussette-combinee-trio-3-en-1\/\" \/>\n<meta property=\"og:locale\" content=\"de_DE\" \/>\n<meta property=\"og:type\" content=\"article\" \/>\n<meta property=\"og:title\" content=\"Poussette combin\u00e9e trio 3 en 1 - Novak Market\" \/>\n<meta property=\"og:description\" content=\"&nbsp;  Caract\u00e9ristiques :  - Amortisseurs  - Couvre-jambes  - Auvent pliable  - Sac  - Cadre en aluminium  - Grand panier  - Roues avant pivotantes  - Panier nouveau-n\u00e9 transformable en si\u00e8ge  - Pneus gonflables  - Si\u00e8ge r\u00e9versible  - Ceinture de s\u00e9curit\u00e9 5 points  - Adaptateurs pour si\u00e8ge-auto  -Si\u00e8ge auto avec couvre-jambes  - Pliable \u00e0 taille compacte  - Poign\u00e9e r\u00e9glable en hauteur &nbsp;\" \/>\n<meta property=\"og:url\" content=\"https:\/\/novakmarket.com\/de\/produkt\/poussette-combinee-trio-3-en-1\/\" \/>\n<meta property=\"og:site_name\" content=\"Novak Market\" \/>\n<meta property=\"article:modified_time\" content=\"2021-12-02T13:53:25+00:00\" \/>\n<meta property=\"og:image\" content=\"https:\/\/novakmarket.com\/wp-content\/uploads\/2021\/11\/AZ22.jpg\" \/>\n\t<meta property=\"og:image:width\" content=\"700\" \/>\n\t<meta property=\"og:image:height\" content=\"700\" \/>\n\t<meta property=\"og:image:type\" content=\"image\/jpeg\" \/>\n<meta name=\"twitter:card\" content=\"summary_large_image\" \/>\n<script type=\"application\/ld+json\" class=\"yoast-schema-graph\">{\"@context\":\"https:\/\/schema.org\",\"@graph\":[{\"@type\":\"WebPage\",\"@id\":\"https:\/\/novakmarket.com\/produit\/poussette-combinee-trio-3-en-1\/\",\"url\":\"https:\/\/novakmarket.com\/produit\/poussette-combinee-trio-3-en-1\/\",\"name\":\"Poussette combin\u00e9e trio 3 en 1 - Novak Market\",\"isPartOf\":{\"@id\":\"https:\/\/novakmarket.com\/#website\"},\"primaryImageOfPage\":{\"@id\":\"https:\/\/novakmarket.com\/produit\/poussette-combinee-trio-3-en-1\/#primaryimage\"},\"image\":{\"@id\":\"https:\/\/novakmarket.com\/produit\/poussette-combinee-trio-3-en-1\/#primaryimage\"},\"thumbnailUrl\":\"https:\/\/novakmarket.com\/wp-content\/uploads\/2021\/11\/AZ22.jpg\",\"datePublished\":\"2021-11-29T18:29:39+00:00\",\"dateModified\":\"2021-12-02T13:53:25+00:00\",\"breadcrumb\":{\"@id\":\"https:\/\/novakmarket.com\/produit\/poussette-combinee-trio-3-en-1\/#breadcrumb\"},\"inLanguage\":\"de\",\"potentialAction\":[{\"@type\":\"ReadAction\",\"target\":[\"https:\/\/novakmarket.com\/produit\/poussette-combinee-trio-3-en-1\/\"]}]},{\"@type\":\"ImageObject\",\"inLanguage\":\"de\",\"@id\":\"https:\/\/novakmarket.com\/produit\/poussette-combinee-trio-3-en-1\/#primaryimage\",\"url\":\"https:\/\/novakmarket.com\/wp-content\/uploads\/2021\/11\/AZ22.jpg\",\"contentUrl\":\"https:\/\/novakmarket.com\/wp-content\/uploads\/2021\/11\/AZ22.jpg\",\"width\":700,\"height\":700},{\"@type\":\"BreadcrumbList\",\"@id\":\"https:\/\/novakmarket.com\/produit\/poussette-combinee-trio-3-en-1\/#breadcrumb\",\"itemListElement\":[{\"@type\":\"ListItem\",\"position\":1,\"name\":\"Accueil\",\"item\":\"https:\/\/novakmarket.com\/\"},{\"@type\":\"ListItem\",\"position\":2,\"name\":\"Boutique\",\"item\":\"https:\/\/novakmarket.com\/shop\/\"},{\"@type\":\"ListItem\",\"position\":3,\"name\":\"Poussette combin\u00e9e trio 3 en 1\"}]},{\"@type\":\"WebSite\",\"@id\":\"https:\/\/novakmarket.com\/#website\",\"url\":\"https:\/\/novakmarket.com\/\",\"name\":\"Novak Market\",\"description\":\"Vente de produits \u00e9lectroniques.\",\"publisher\":{\"@id\":\"https:\/\/novakmarket.com\/#organization\"},\"potentialAction\":[{\"@type\":\"SearchAction\",\"target\":{\"@type\":\"EntryPoint\",\"urlTemplate\":\"https:\/\/novakmarket.com\/?s={search_term_string}\"},\"query-input\":{\"@type\":\"PropertyValueSpecification\",\"valueRequired\":true,\"valueName\":\"search_term_string\"}}],\"inLanguage\":\"de\"},{\"@type\":\"Organization\",\"@id\":\"https:\/\/novakmarket.com\/#organization\",\"name\":\"Novak Market\",\"url\":\"https:\/\/novakmarket.com\/\",\"logo\":{\"@type\":\"ImageObject\",\"inLanguage\":\"de\",\"@id\":\"https:\/\/novakmarket.com\/#\/schema\/logo\/image\/\",\"url\":\"https:\/\/novakmarket.com\/wp-content\/uploads\/2026\/02\/cropped-footer-pc-removebg-preview.png\",\"contentUrl\":\"https:\/\/novakmarket.com\/wp-content\/uploads\/2026\/02\/cropped-footer-pc-removebg-preview.png\",\"width\":202,\"height\":73,\"caption\":\"Novak Market\"},\"image\":{\"@id\":\"https:\/\/novakmarket.com\/#\/schema\/logo\/image\/\"}}]}<\/script>\n<!-- \/ Yoast SEO plugin. -->","yoast_head_json":{"title":"Poussette combin\u00e9e trio 3 en 1 - Novak Market","robots":{"index":"index","follow":"follow","max-snippet":"max-snippet:-1","max-image-preview":"max-image-preview:large","max-video-preview":"max-video-preview:-1"},"canonical":"https:\/\/novakmarket.com\/de\/produkt\/poussette-combinee-trio-3-en-1\/","og_locale":"de_DE","og_type":"article","og_title":"Poussette combin\u00e9e trio 3 en 1 - Novak Market","og_description":"&nbsp;  Caract\u00e9ristiques :  - Amortisseurs  - Couvre-jambes  - Auvent pliable  - Sac  - Cadre en aluminium  - Grand panier  - Roues avant pivotantes  - Panier nouveau-n\u00e9 transformable en si\u00e8ge  - Pneus gonflables  - Si\u00e8ge r\u00e9versible  - Ceinture de s\u00e9curit\u00e9 5 points  - Adaptateurs pour si\u00e8ge-auto  -Si\u00e8ge auto avec couvre-jambes  - Pliable \u00e0 taille compacte  - Poign\u00e9e r\u00e9glable en hauteur &nbsp;","og_url":"https:\/\/novakmarket.com\/de\/produkt\/poussette-combinee-trio-3-en-1\/","og_site_name":"Novak Market","article_modified_time":"2021-12-02T13:53:25+00:00","og_image":[{"width":700,"height":700,"url":"https:\/\/novakmarket.com\/wp-content\/uploads\/2021\/11\/AZ22.jpg","type":"image\/jpeg"}],"twitter_card":"summary_large_image","schema":{"@context":"https:\/\/schema.org","@graph":[{"@type":"WebPage","@id":"https:\/\/novakmarket.com\/produit\/poussette-combinee-trio-3-en-1\/","url":"https:\/\/novakmarket.com\/produit\/poussette-combinee-trio-3-en-1\/","name":"Poussette combin\u00e9e trio 3 en 1 - Novak Market","isPartOf":{"@id":"https:\/\/novakmarket.com\/#website"},"primaryImageOfPage":{"@id":"https:\/\/novakmarket.com\/produit\/poussette-combinee-trio-3-en-1\/#primaryimage"},"image":{"@id":"https:\/\/novakmarket.com\/produit\/poussette-combinee-trio-3-en-1\/#primaryimage"},"thumbnailUrl":"https:\/\/novakmarket.com\/wp-content\/uploads\/2021\/11\/AZ22.jpg","datePublished":"2021-11-29T18:29:39+00:00","dateModified":"2021-12-02T13:53:25+00:00","breadcrumb":{"@id":"https:\/\/novakmarket.com\/produit\/poussette-combinee-trio-3-en-1\/#breadcrumb"},"inLanguage":"de","potentialAction":[{"@type":"ReadAction","target":["https:\/\/novakmarket.com\/produit\/poussette-combinee-trio-3-en-1\/"]}]},{"@type":"ImageObject","inLanguage":"de","@id":"https:\/\/novakmarket.com\/produit\/poussette-combinee-trio-3-en-1\/#primaryimage","url":"https:\/\/novakmarket.com\/wp-content\/uploads\/2021\/11\/AZ22.jpg","contentUrl":"https:\/\/novakmarket.com\/wp-content\/uploads\/2021\/11\/AZ22.jpg","width":700,"height":700},{"@type":"BreadcrumbList","@id":"https:\/\/novakmarket.com\/produit\/poussette-combinee-trio-3-en-1\/#breadcrumb","itemListElement":[{"@type":"ListItem","position":1,"name":"Accueil","item":"https:\/\/novakmarket.com\/"},{"@type":"ListItem","position":2,"name":"Boutique","item":"https:\/\/novakmarket.com\/shop\/"},{"@type":"ListItem","position":3,"name":"Poussette combin\u00e9e trio 3 en 1"}]},{"@type":"WebSite","@id":"https:\/\/novakmarket.com\/#website","url":"https:\/\/novakmarket.com\/","name":"Novak Market","description":"Vente de produits \u00e9lectroniques.","publisher":{"@id":"https:\/\/novakmarket.com\/#organization"},"potentialAction":[{"@type":"SearchAction","target":{"@type":"EntryPoint","urlTemplate":"https:\/\/novakmarket.com\/?s={search_term_string}"},"query-input":{"@type":"PropertyValueSpecification","valueRequired":true,"valueName":"search_term_string"}}],"inLanguage":"de"},{"@type":"Organization","@id":"https:\/\/novakmarket.com\/#organization","name":"Novak Market","url":"https:\/\/novakmarket.com\/","logo":{"@type":"ImageObject","inLanguage":"de","@id":"https:\/\/novakmarket.com\/#\/schema\/logo\/image\/","url":"https:\/\/novakmarket.com\/wp-content\/uploads\/2026\/02\/cropped-footer-pc-removebg-preview.png","contentUrl":"https:\/\/novakmarket.com\/wp-content\/uploads\/2026\/02\/cropped-footer-pc-removebg-preview.png","width":202,"height":73,"caption":"Novak Market"},"image":{"@id":"https:\/\/novakmarket.com\/#\/schema\/logo\/image\/"}}]}},"_links":{"self":[{"href":"https:\/\/novakmarket.com\/de\/wp-json\/wp\/v2\/product\/5549","targetHints":{"allow":["GET"]}}],"collection":[{"href":"https:\/\/novakmarket.com\/de\/wp-json\/wp\/v2\/product"}],"about":[{"href":"https:\/\/novakmarket.com\/de\/wp-json\/wp\/v2\/types\/product"}],"replies":[{"embeddable":true,"href":"https:\/\/novakmarket.com\/de\/wp-json\/wp\/v2\/comments?post=5549"}],"wp:featuredmedia":[{"embeddable":true,"href":"https:\/\/novakmarket.com\/de\/wp-json\/wp\/v2\/media\/5616"}],"wp:attachment":[{"href":"https:\/\/novakmarket.com\/de\/wp-json\/wp\/v2\/media?parent=5549"}],"wp:term":[{"taxonomy":"product_brand","embeddable":true,"href":"https:\/\/novakmarket.com\/de\/wp-json\/wp\/v2\/product_brand?post=5549"},{"taxonomy":"product_cat","embeddable":true,"href":"https:\/\/novakmarket.com\/de\/wp-json\/wp\/v2\/product_cat?post=5549"},{"taxonomy":"product_tag","embeddable":true,"href":"https:\/\/novakmarket.com\/de\/wp-json\/wp\/v2\/product_tag?post=5549"}],"curies":[{"name":"wp","href":"https:\/\/api.w.org\/{rel}","templated":true}]}}