{"id":5846,"date":"2021-11-29T20:15:20","date_gmt":"2021-11-29T19:15:20","guid":{"rendered":"https:\/\/bestymarketshop.com\/?post_type=product&#038;p=5846"},"modified":"2021-11-29T20:15:37","modified_gmt":"2021-11-29T19:15:37","slug":"lame-en-acier-inoxydable-rouge","status":"publish","type":"product","link":"https:\/\/novakmarket.com\/de\/produkt\/lame-en-acier-inoxydable-rouge\/","title":{"rendered":"Lame en acier inoxydable &#8211; Rouge"},"content":{"rendered":"<p><img loading=\"lazy\" decoding=\"async\" class=\"alignnone size-medium wp-image-7594\" src=\"https:\/\/e-marketshopping.com\/wp-content\/uploads\/2020\/07\/DR1-300x300.jpg\" alt=\"\" width=\"300\" height=\"300\" \/><br \/>\nDe d\u00e9licieuses boissons fra\u00eeches r\u00e9alis\u00e9es en quelques secondes ! Ins\u00e9rez quelques gla\u00e7ons, actionnez le robot, ajoutez le sirop et profitez d\u2019un succulent granit\u00e9 ! Compacte pour un rangement facile et compl\u00e8tement d\u00e9montable pour un nettoyage facile. Caract\u00e9ristiques : Puissance 85W Cuve \u00e0 glace pil\u00e9e amovible<\/p>","protected":false},"excerpt":{"rendered":"<table class=\"fpDescTb fpDescTbPub\">\n<tbody>\n<tr>\n<td>Nom du produit<\/td>\n<td>ARIETE 78 Appareil \u00e0 granit\u00e9 &#8211; 85 W &#8211; Lame en acie<\/td>\n<\/tr>\n<tr>\n<td>Cat\u00e9gorie<\/td>\n<td>SORBETI\u00c8RE<\/td>\n<\/tr>\n<tr>\n<th colspan=\"2\">G\u00e9n\u00e9ral<\/th>\n<\/tr>\n<tr>\n<td>Type de Produit<\/td>\n<td>Broyeur \u00e0 glace<\/td>\n<\/tr>\n<tr>\n<td>Fonctions<\/td>\n<td>Bac \u00e0 gla\u00e7ons amovible<\/td>\n<\/tr>\n<tr>\n<th colspan=\"2\">Consommation<\/th>\n<\/tr>\n<tr>\n<td>Puissance \u00e9lectrique<\/td>\n<td>85 Watt<\/td>\n<\/tr>\n<tr>\n<th colspan=\"2\">Divers<\/th>\n<\/tr>\n<tr>\n<td>Fonctions de s\u00e9curit\u00e9<\/td>\n<td>Ouverture avec verrouillage de s\u00e9curit\u00e9<\/td>\n<\/tr>\n<tr>\n<td>Normes de conformit\u00e9<\/td>\n<td>Directive 2006\/95\/EC, Directive 1935\/2004, EMC 2004\/108\/EC, Directive 2009\/96\/CE<\/td>\n<\/tr>\n<tr>\n<th colspan=\"2\">Dimensions et poids<\/th>\n<\/tr>\n<tr>\n<td>Largeur<\/td>\n<td>23 cm<\/td>\n<\/tr>\n<tr>\n<td>Hauteur<\/td>\n<td>18.5 cm<\/td>\n<\/tr>\n<tr>\n<td>Profondeur<\/td>\n<td>15.5 cm<\/td>\n<\/tr>\n<tr>\n<td>Poids<\/td>\n<td>1.37 kg<\/td>\n<\/tr>\n<tr>\n<th colspan=\"2\">Dimensions et poids (emball\u00e9)<\/th>\n<\/tr>\n<tr>\n<td>Hauteur (Exp\u00e9dition)<\/td>\n<td>24.5 cm<\/td>\n<\/tr>\n<tr>\n<td>Largeur (emball\u00e9e)<\/td>\n<td>20 cm<\/td>\n<\/tr>\n<tr>\n<td>Profondeur (emball\u00e9e)<\/td>\n<td>17.5 cm<\/td>\n<\/tr>\n<\/tbody>\n<\/table>","protected":false},"featured_media":5888,"comment_status":"open","ping_status":"closed","template":"","meta":{"_acf_changed":false},"product_brand":[],"product_cat":[282],"product_tag":[],"class_list":{"0":"post-5846","1":"product","2":"type-product","3":"status-publish","4":"has-post-thumbnail","6":"product_cat-appareils-electromenagers","8":"first","9":"instock","10":"shipping-taxable","11":"purchasable","12":"product-type-simple"},"acf":[],"yoast_head":"<!-- This site is optimized with the Yoast SEO plugin v27.2 - https:\/\/yoast.com\/product\/yoast-seo-wordpress\/ -->\n<title>Lame en acier inoxydable - Rouge - Novak Market<\/title>\n<meta name=\"robots\" content=\"index, follow, max-snippet:-1, max-image-preview:large, max-video-preview:-1\" \/>\n<link rel=\"canonical\" href=\"https:\/\/novakmarket.com\/de\/produkt\/lame-en-acier-inoxydable-rouge\/\" \/>\n<meta property=\"og:locale\" content=\"de_DE\" \/>\n<meta property=\"og:type\" content=\"article\" \/>\n<meta property=\"og:title\" content=\"Lame en acier inoxydable - Rouge - Novak Market\" \/>\n<meta property=\"og:description\" content=\"Nom du produit ARIETE 78 Appareil \u00e0 granit\u00e9 - 85 W - Lame en acie  Cat\u00e9gorie SORBETI\u00c8RE  G\u00e9n\u00e9ral  Type de Produit Broyeur \u00e0 glace  Fonctions Bac \u00e0 gla\u00e7ons amovible  Consommation  Puissance \u00e9lectrique 85 Watt  Divers  Fonctions de s\u00e9curit\u00e9 Ouverture avec verrouillage de s\u00e9curit\u00e9  Normes de conformit\u00e9 Directive 2006\/95\/EC, Directive 1935\/2004, EMC 2004\/108\/EC, Directive 2009\/96\/CE  Dimensions et poids  Largeur 23 cm  Hauteur 18.5 cm  Profondeur 15.5 cm  Poids 1.37 kg  Dimensions et poids (emball\u00e9)  Hauteur (Exp\u00e9dition) 24.5 cm  Largeur (emball\u00e9e) 20 cm  Profondeur (emball\u00e9e) 17.5 cm\" \/>\n<meta property=\"og:url\" content=\"https:\/\/novakmarket.com\/de\/produkt\/lame-en-acier-inoxydable-rouge\/\" \/>\n<meta property=\"og:site_name\" content=\"Novak Market\" \/>\n<meta property=\"article:modified_time\" content=\"2021-11-29T19:15:37+00:00\" \/>\n<meta property=\"og:image\" content=\"https:\/\/novakmarket.com\/wp-content\/uploads\/2021\/11\/DR1.jpg\" \/>\n\t<meta property=\"og:image:width\" content=\"550\" \/>\n\t<meta property=\"og:image:height\" content=\"550\" \/>\n\t<meta property=\"og:image:type\" content=\"image\/jpeg\" \/>\n<meta name=\"twitter:card\" content=\"summary_large_image\" \/>\n<script type=\"application\/ld+json\" class=\"yoast-schema-graph\">{\"@context\":\"https:\/\/schema.org\",\"@graph\":[{\"@type\":\"WebPage\",\"@id\":\"https:\/\/novakmarket.com\/produit\/lame-en-acier-inoxydable-rouge\/\",\"url\":\"https:\/\/novakmarket.com\/produit\/lame-en-acier-inoxydable-rouge\/\",\"name\":\"Lame en acier inoxydable - Rouge - Novak Market\",\"isPartOf\":{\"@id\":\"https:\/\/novakmarket.com\/#website\"},\"primaryImageOfPage\":{\"@id\":\"https:\/\/novakmarket.com\/produit\/lame-en-acier-inoxydable-rouge\/#primaryimage\"},\"image\":{\"@id\":\"https:\/\/novakmarket.com\/produit\/lame-en-acier-inoxydable-rouge\/#primaryimage\"},\"thumbnailUrl\":\"https:\/\/novakmarket.com\/wp-content\/uploads\/2021\/11\/DR1.jpg\",\"datePublished\":\"2021-11-29T19:15:20+00:00\",\"dateModified\":\"2021-11-29T19:15:37+00:00\",\"breadcrumb\":{\"@id\":\"https:\/\/novakmarket.com\/produit\/lame-en-acier-inoxydable-rouge\/#breadcrumb\"},\"inLanguage\":\"de\",\"potentialAction\":[{\"@type\":\"ReadAction\",\"target\":[\"https:\/\/novakmarket.com\/produit\/lame-en-acier-inoxydable-rouge\/\"]}]},{\"@type\":\"ImageObject\",\"inLanguage\":\"de\",\"@id\":\"https:\/\/novakmarket.com\/produit\/lame-en-acier-inoxydable-rouge\/#primaryimage\",\"url\":\"https:\/\/novakmarket.com\/wp-content\/uploads\/2021\/11\/DR1.jpg\",\"contentUrl\":\"https:\/\/novakmarket.com\/wp-content\/uploads\/2021\/11\/DR1.jpg\",\"width\":550,\"height\":550},{\"@type\":\"BreadcrumbList\",\"@id\":\"https:\/\/novakmarket.com\/produit\/lame-en-acier-inoxydable-rouge\/#breadcrumb\",\"itemListElement\":[{\"@type\":\"ListItem\",\"position\":1,\"name\":\"Accueil\",\"item\":\"https:\/\/novakmarket.com\/\"},{\"@type\":\"ListItem\",\"position\":2,\"name\":\"Boutique\",\"item\":\"https:\/\/novakmarket.com\/shop\/\"},{\"@type\":\"ListItem\",\"position\":3,\"name\":\"Lame en acier inoxydable &#8211; Rouge\"}]},{\"@type\":\"WebSite\",\"@id\":\"https:\/\/novakmarket.com\/#website\",\"url\":\"https:\/\/novakmarket.com\/\",\"name\":\"Novak Market\",\"description\":\"Vente de produits \u00e9lectroniques.\",\"publisher\":{\"@id\":\"https:\/\/novakmarket.com\/#organization\"},\"potentialAction\":[{\"@type\":\"SearchAction\",\"target\":{\"@type\":\"EntryPoint\",\"urlTemplate\":\"https:\/\/novakmarket.com\/?s={search_term_string}\"},\"query-input\":{\"@type\":\"PropertyValueSpecification\",\"valueRequired\":true,\"valueName\":\"search_term_string\"}}],\"inLanguage\":\"de\"},{\"@type\":\"Organization\",\"@id\":\"https:\/\/novakmarket.com\/#organization\",\"name\":\"Novak Market\",\"url\":\"https:\/\/novakmarket.com\/\",\"logo\":{\"@type\":\"ImageObject\",\"inLanguage\":\"de\",\"@id\":\"https:\/\/novakmarket.com\/#\/schema\/logo\/image\/\",\"url\":\"https:\/\/novakmarket.com\/wp-content\/uploads\/2026\/02\/cropped-footer-pc-removebg-preview.png\",\"contentUrl\":\"https:\/\/novakmarket.com\/wp-content\/uploads\/2026\/02\/cropped-footer-pc-removebg-preview.png\",\"width\":202,\"height\":73,\"caption\":\"Novak Market\"},\"image\":{\"@id\":\"https:\/\/novakmarket.com\/#\/schema\/logo\/image\/\"}}]}<\/script>\n<!-- \/ Yoast SEO plugin. -->","yoast_head_json":{"title":"Lame en acier inoxydable - Rouge - Novak Market","robots":{"index":"index","follow":"follow","max-snippet":"max-snippet:-1","max-image-preview":"max-image-preview:large","max-video-preview":"max-video-preview:-1"},"canonical":"https:\/\/novakmarket.com\/de\/produkt\/lame-en-acier-inoxydable-rouge\/","og_locale":"de_DE","og_type":"article","og_title":"Lame en acier inoxydable - Rouge - Novak Market","og_description":"Nom du produit ARIETE 78 Appareil \u00e0 granit\u00e9 - 85 W - Lame en acie  Cat\u00e9gorie SORBETI\u00c8RE  G\u00e9n\u00e9ral  Type de Produit Broyeur \u00e0 glace  Fonctions Bac \u00e0 gla\u00e7ons amovible  Consommation  Puissance \u00e9lectrique 85 Watt  Divers  Fonctions de s\u00e9curit\u00e9 Ouverture avec verrouillage de s\u00e9curit\u00e9  Normes de conformit\u00e9 Directive 2006\/95\/EC, Directive 1935\/2004, EMC 2004\/108\/EC, Directive 2009\/96\/CE  Dimensions et poids  Largeur 23 cm  Hauteur 18.5 cm  Profondeur 15.5 cm  Poids 1.37 kg  Dimensions et poids (emball\u00e9)  Hauteur (Exp\u00e9dition) 24.5 cm  Largeur (emball\u00e9e) 20 cm  Profondeur (emball\u00e9e) 17.5 cm","og_url":"https:\/\/novakmarket.com\/de\/produkt\/lame-en-acier-inoxydable-rouge\/","og_site_name":"Novak Market","article_modified_time":"2021-11-29T19:15:37+00:00","og_image":[{"width":550,"height":550,"url":"https:\/\/novakmarket.com\/wp-content\/uploads\/2021\/11\/DR1.jpg","type":"image\/jpeg"}],"twitter_card":"summary_large_image","schema":{"@context":"https:\/\/schema.org","@graph":[{"@type":"WebPage","@id":"https:\/\/novakmarket.com\/produit\/lame-en-acier-inoxydable-rouge\/","url":"https:\/\/novakmarket.com\/produit\/lame-en-acier-inoxydable-rouge\/","name":"Lame en acier inoxydable - Rouge - Novak Market","isPartOf":{"@id":"https:\/\/novakmarket.com\/#website"},"primaryImageOfPage":{"@id":"https:\/\/novakmarket.com\/produit\/lame-en-acier-inoxydable-rouge\/#primaryimage"},"image":{"@id":"https:\/\/novakmarket.com\/produit\/lame-en-acier-inoxydable-rouge\/#primaryimage"},"thumbnailUrl":"https:\/\/novakmarket.com\/wp-content\/uploads\/2021\/11\/DR1.jpg","datePublished":"2021-11-29T19:15:20+00:00","dateModified":"2021-11-29T19:15:37+00:00","breadcrumb":{"@id":"https:\/\/novakmarket.com\/produit\/lame-en-acier-inoxydable-rouge\/#breadcrumb"},"inLanguage":"de","potentialAction":[{"@type":"ReadAction","target":["https:\/\/novakmarket.com\/produit\/lame-en-acier-inoxydable-rouge\/"]}]},{"@type":"ImageObject","inLanguage":"de","@id":"https:\/\/novakmarket.com\/produit\/lame-en-acier-inoxydable-rouge\/#primaryimage","url":"https:\/\/novakmarket.com\/wp-content\/uploads\/2021\/11\/DR1.jpg","contentUrl":"https:\/\/novakmarket.com\/wp-content\/uploads\/2021\/11\/DR1.jpg","width":550,"height":550},{"@type":"BreadcrumbList","@id":"https:\/\/novakmarket.com\/produit\/lame-en-acier-inoxydable-rouge\/#breadcrumb","itemListElement":[{"@type":"ListItem","position":1,"name":"Accueil","item":"https:\/\/novakmarket.com\/"},{"@type":"ListItem","position":2,"name":"Boutique","item":"https:\/\/novakmarket.com\/shop\/"},{"@type":"ListItem","position":3,"name":"Lame en acier inoxydable &#8211; Rouge"}]},{"@type":"WebSite","@id":"https:\/\/novakmarket.com\/#website","url":"https:\/\/novakmarket.com\/","name":"Novak Market","description":"Vente de produits \u00e9lectroniques.","publisher":{"@id":"https:\/\/novakmarket.com\/#organization"},"potentialAction":[{"@type":"SearchAction","target":{"@type":"EntryPoint","urlTemplate":"https:\/\/novakmarket.com\/?s={search_term_string}"},"query-input":{"@type":"PropertyValueSpecification","valueRequired":true,"valueName":"search_term_string"}}],"inLanguage":"de"},{"@type":"Organization","@id":"https:\/\/novakmarket.com\/#organization","name":"Novak Market","url":"https:\/\/novakmarket.com\/","logo":{"@type":"ImageObject","inLanguage":"de","@id":"https:\/\/novakmarket.com\/#\/schema\/logo\/image\/","url":"https:\/\/novakmarket.com\/wp-content\/uploads\/2026\/02\/cropped-footer-pc-removebg-preview.png","contentUrl":"https:\/\/novakmarket.com\/wp-content\/uploads\/2026\/02\/cropped-footer-pc-removebg-preview.png","width":202,"height":73,"caption":"Novak Market"},"image":{"@id":"https:\/\/novakmarket.com\/#\/schema\/logo\/image\/"}}]}},"_links":{"self":[{"href":"https:\/\/novakmarket.com\/de\/wp-json\/wp\/v2\/product\/5846","targetHints":{"allow":["GET"]}}],"collection":[{"href":"https:\/\/novakmarket.com\/de\/wp-json\/wp\/v2\/product"}],"about":[{"href":"https:\/\/novakmarket.com\/de\/wp-json\/wp\/v2\/types\/product"}],"replies":[{"embeddable":true,"href":"https:\/\/novakmarket.com\/de\/wp-json\/wp\/v2\/comments?post=5846"}],"wp:featuredmedia":[{"embeddable":true,"href":"https:\/\/novakmarket.com\/de\/wp-json\/wp\/v2\/media\/5888"}],"wp:attachment":[{"href":"https:\/\/novakmarket.com\/de\/wp-json\/wp\/v2\/media?parent=5846"}],"wp:term":[{"taxonomy":"product_brand","embeddable":true,"href":"https:\/\/novakmarket.com\/de\/wp-json\/wp\/v2\/product_brand?post=5846"},{"taxonomy":"product_cat","embeddable":true,"href":"https:\/\/novakmarket.com\/de\/wp-json\/wp\/v2\/product_cat?post=5846"},{"taxonomy":"product_tag","embeddable":true,"href":"https:\/\/novakmarket.com\/de\/wp-json\/wp\/v2\/product_tag?post=5846"}],"curies":[{"name":"wp","href":"https:\/\/api.w.org\/{rel}","templated":true}]}}