{"id":5858,"date":"2021-11-29T20:15:20","date_gmt":"2021-11-29T19:15:20","guid":{"rendered":"https:\/\/bestymarketshop.com\/?post_type=product&#038;p=5858"},"modified":"2021-12-02T13:45:47","modified_gmt":"2021-12-02T12:45:47","slug":"samsung-wf60f4e0w2w-lave-linge-frontal","status":"publish","type":"product","link":"https:\/\/novakmarket.com\/de\/produkt\/samsung-wf60f4e0w2w-lave-linge-frontal\/","title":{"rendered":"SAMSUNG WF60F4E0W2W &#8211; Lave linge frontal"},"content":{"rendered":"<p><img loading=\"lazy\" decoding=\"async\" class=\"alignnone size-medium wp-image-8300\" src=\"https:\/\/e-marketshopping.com\/wp-content\/uploads\/2020\/07\/Z3-300x300.jpg\" alt=\"\" width=\"300\" height=\"300\" \/><\/p>\n<ul>\n<li>Capacit\u00e9 de charge : 6 kg<\/li>\n<li>Vitesse d\u2019essorage : Variable &#8211; 1200 tours\/min (maximum)<\/li>\n<li>Niveau sonore (lavage) : 61 dB<\/li>\n<\/ul>","protected":false},"excerpt":{"rendered":"<table class=\"fpDescTb fpDescTbPub\">\n<tbody>\n<tr>\n<td>Nom du produit<\/td>\n<td>SAMSUNG WF60F4E0W2W &#8211; Lave linge frontal &#8211; 6kg &#8211; 1<\/td>\n<\/tr>\n<tr>\n<td>Cat\u00e9gorie<\/td>\n<td>LAVE-LINGE<\/td>\n<\/tr>\n<tr>\n<th colspan=\"2\">G\u00e9n\u00e9ral<\/th>\n<\/tr>\n<tr>\n<td>Type de Produit<\/td>\n<td>Machine \u00e0 laver &#8211; chargement frontal<\/td>\n<\/tr>\n<tr>\n<td>Couleur<\/td>\n<td>Blanc<\/td>\n<\/tr>\n<tr>\n<td>Consommation d&#8217;\u00e9nergie annuelle<\/td>\n<td>194 kWh<\/td>\n<\/tr>\n<tr>\n<td>Consommation d&#8217;eau annuelle<\/td>\n<td>8580 litres<\/td>\n<\/tr>\n<tr>\n<td>Classe d&#8217;efficacit\u00e9 d&#8217;essorage<\/td>\n<td>Classe B<\/td>\n<\/tr>\n<tr>\n<td>Vitesse d\u2019essorage<\/td>\n<td>Variable &#8211; 1200 tours\/min (maximum)<\/td>\n<\/tr>\n<tr>\n<td>Optimisation du lavage<\/td>\n<td>Syst\u00e8me Fuzzy Logic<\/td>\n<\/tr>\n<tr>\n<td>Caract\u00e9ristiques du tambour<\/td>\n<td>Tambour Crystal Care<\/td>\n<\/tr>\n<tr>\n<td>Niveau sonore maximum<\/td>\n<td>76 dB<\/td>\n<\/tr>\n<tr>\n<td>Niveau sonore (lavage)<\/td>\n<td>61 dB<\/td>\n<\/tr>\n<tr>\n<td>Facteur de forme<\/td>\n<td>Ind\u00e9pendant<\/td>\n<\/tr>\n<tr>\n<td>Niveau sonore (essorage)<\/td>\n<td>76 dB<\/td>\n<\/tr>\n<tr>\n<td>Couleur Ext\u00e9rieure<\/td>\n<td>Blanc<\/td>\n<\/tr>\n<tr>\n<td>Capacit\u00e9 de charge<\/td>\n<td>6 kg<\/td>\n<\/tr>\n<\/tbody>\n<\/table>","protected":false},"featured_media":5941,"comment_status":"open","ping_status":"closed","template":"","meta":{"_acf_changed":false},"product_brand":[],"product_cat":[282,296],"product_tag":[],"class_list":{"0":"post-5858","1":"product","2":"type-product","3":"status-publish","4":"has-post-thumbnail","6":"product_cat-appareils-electromenagers","7":"product_cat-lavage","9":"first","10":"instock","11":"shipping-taxable","12":"purchasable","13":"product-type-simple"},"acf":[],"yoast_head":"<!-- This site is optimized with the Yoast SEO plugin v27.2 - https:\/\/yoast.com\/product\/yoast-seo-wordpress\/ -->\n<title>SAMSUNG WF60F4E0W2W - Lave linge frontal - Novak Market<\/title>\n<meta name=\"robots\" content=\"index, follow, max-snippet:-1, max-image-preview:large, max-video-preview:-1\" \/>\n<link rel=\"canonical\" href=\"https:\/\/novakmarket.com\/de\/produkt\/samsung-wf60f4e0w2w-lave-linge-frontal\/\" \/>\n<meta property=\"og:locale\" content=\"de_DE\" \/>\n<meta property=\"og:type\" content=\"article\" \/>\n<meta property=\"og:title\" content=\"SAMSUNG WF60F4E0W2W - Lave linge frontal - Novak Market\" \/>\n<meta property=\"og:description\" content=\"Nom du produit SAMSUNG WF60F4E0W2W - Lave linge frontal - 6kg - 1  Cat\u00e9gorie LAVE-LINGE  G\u00e9n\u00e9ral  Type de Produit Machine \u00e0 laver - chargement frontal  Couleur Blanc  Consommation d&#039;\u00e9nergie annuelle 194 kWh  Consommation d&#039;eau annuelle 8580 litres  Classe d&#039;efficacit\u00e9 d&#039;essorage Classe B  Vitesse d\u2019essorage Variable - 1200 tours\/min (maximum)  Optimisation du lavage Syst\u00e8me Fuzzy Logic  Caract\u00e9ristiques du tambour Tambour Crystal Care  Niveau sonore maximum 76 dB  Niveau sonore (lavage) 61 dB  Facteur de forme Ind\u00e9pendant  Niveau sonore (essorage) 76 dB  Couleur Ext\u00e9rieure Blanc  Capacit\u00e9 de charge 6 kg\" \/>\n<meta property=\"og:url\" content=\"https:\/\/novakmarket.com\/de\/produkt\/samsung-wf60f4e0w2w-lave-linge-frontal\/\" \/>\n<meta property=\"og:site_name\" content=\"Novak Market\" \/>\n<meta property=\"article:modified_time\" content=\"2021-12-02T12:45:47+00:00\" \/>\n<meta property=\"og:image\" content=\"https:\/\/novakmarket.com\/wp-content\/uploads\/2021\/11\/Z3-1-1.jpg\" \/>\n\t<meta property=\"og:image:width\" content=\"700\" \/>\n\t<meta property=\"og:image:height\" content=\"700\" \/>\n\t<meta property=\"og:image:type\" content=\"image\/jpeg\" \/>\n<meta name=\"twitter:card\" content=\"summary_large_image\" \/>\n<script type=\"application\/ld+json\" class=\"yoast-schema-graph\">{\"@context\":\"https:\/\/schema.org\",\"@graph\":[{\"@type\":\"WebPage\",\"@id\":\"https:\/\/novakmarket.com\/produit\/samsung-wf60f4e0w2w-lave-linge-frontal\/\",\"url\":\"https:\/\/novakmarket.com\/produit\/samsung-wf60f4e0w2w-lave-linge-frontal\/\",\"name\":\"SAMSUNG WF60F4E0W2W - Lave linge frontal - Novak Market\",\"isPartOf\":{\"@id\":\"https:\/\/novakmarket.com\/#website\"},\"primaryImageOfPage\":{\"@id\":\"https:\/\/novakmarket.com\/produit\/samsung-wf60f4e0w2w-lave-linge-frontal\/#primaryimage\"},\"image\":{\"@id\":\"https:\/\/novakmarket.com\/produit\/samsung-wf60f4e0w2w-lave-linge-frontal\/#primaryimage\"},\"thumbnailUrl\":\"https:\/\/novakmarket.com\/wp-content\/uploads\/2021\/11\/Z3-1-1.jpg\",\"datePublished\":\"2021-11-29T19:15:20+00:00\",\"dateModified\":\"2021-12-02T12:45:47+00:00\",\"breadcrumb\":{\"@id\":\"https:\/\/novakmarket.com\/produit\/samsung-wf60f4e0w2w-lave-linge-frontal\/#breadcrumb\"},\"inLanguage\":\"de\",\"potentialAction\":[{\"@type\":\"ReadAction\",\"target\":[\"https:\/\/novakmarket.com\/produit\/samsung-wf60f4e0w2w-lave-linge-frontal\/\"]}]},{\"@type\":\"ImageObject\",\"inLanguage\":\"de\",\"@id\":\"https:\/\/novakmarket.com\/produit\/samsung-wf60f4e0w2w-lave-linge-frontal\/#primaryimage\",\"url\":\"https:\/\/novakmarket.com\/wp-content\/uploads\/2021\/11\/Z3-1-1.jpg\",\"contentUrl\":\"https:\/\/novakmarket.com\/wp-content\/uploads\/2021\/11\/Z3-1-1.jpg\",\"width\":700,\"height\":700},{\"@type\":\"BreadcrumbList\",\"@id\":\"https:\/\/novakmarket.com\/produit\/samsung-wf60f4e0w2w-lave-linge-frontal\/#breadcrumb\",\"itemListElement\":[{\"@type\":\"ListItem\",\"position\":1,\"name\":\"Accueil\",\"item\":\"https:\/\/novakmarket.com\/\"},{\"@type\":\"ListItem\",\"position\":2,\"name\":\"Boutique\",\"item\":\"https:\/\/novakmarket.com\/shop\/\"},{\"@type\":\"ListItem\",\"position\":3,\"name\":\"SAMSUNG WF60F4E0W2W &#8211; Lave linge frontal\"}]},{\"@type\":\"WebSite\",\"@id\":\"https:\/\/novakmarket.com\/#website\",\"url\":\"https:\/\/novakmarket.com\/\",\"name\":\"Novak Market\",\"description\":\"Vente de produits \u00e9lectroniques.\",\"publisher\":{\"@id\":\"https:\/\/novakmarket.com\/#organization\"},\"potentialAction\":[{\"@type\":\"SearchAction\",\"target\":{\"@type\":\"EntryPoint\",\"urlTemplate\":\"https:\/\/novakmarket.com\/?s={search_term_string}\"},\"query-input\":{\"@type\":\"PropertyValueSpecification\",\"valueRequired\":true,\"valueName\":\"search_term_string\"}}],\"inLanguage\":\"de\"},{\"@type\":\"Organization\",\"@id\":\"https:\/\/novakmarket.com\/#organization\",\"name\":\"Novak Market\",\"url\":\"https:\/\/novakmarket.com\/\",\"logo\":{\"@type\":\"ImageObject\",\"inLanguage\":\"de\",\"@id\":\"https:\/\/novakmarket.com\/#\/schema\/logo\/image\/\",\"url\":\"https:\/\/novakmarket.com\/wp-content\/uploads\/2026\/02\/cropped-footer-pc-removebg-preview.png\",\"contentUrl\":\"https:\/\/novakmarket.com\/wp-content\/uploads\/2026\/02\/cropped-footer-pc-removebg-preview.png\",\"width\":202,\"height\":73,\"caption\":\"Novak Market\"},\"image\":{\"@id\":\"https:\/\/novakmarket.com\/#\/schema\/logo\/image\/\"}}]}<\/script>\n<!-- \/ Yoast SEO plugin. -->","yoast_head_json":{"title":"SAMSUNG WF60F4E0W2W - Lave linge frontal - Novak Market","robots":{"index":"index","follow":"follow","max-snippet":"max-snippet:-1","max-image-preview":"max-image-preview:large","max-video-preview":"max-video-preview:-1"},"canonical":"https:\/\/novakmarket.com\/de\/produkt\/samsung-wf60f4e0w2w-lave-linge-frontal\/","og_locale":"de_DE","og_type":"article","og_title":"SAMSUNG WF60F4E0W2W - Lave linge frontal - Novak Market","og_description":"Nom du produit SAMSUNG WF60F4E0W2W - Lave linge frontal - 6kg - 1  Cat\u00e9gorie LAVE-LINGE  G\u00e9n\u00e9ral  Type de Produit Machine \u00e0 laver - chargement frontal  Couleur Blanc  Consommation d'\u00e9nergie annuelle 194 kWh  Consommation d'eau annuelle 8580 litres  Classe d'efficacit\u00e9 d'essorage Classe B  Vitesse d\u2019essorage Variable - 1200 tours\/min (maximum)  Optimisation du lavage Syst\u00e8me Fuzzy Logic  Caract\u00e9ristiques du tambour Tambour Crystal Care  Niveau sonore maximum 76 dB  Niveau sonore (lavage) 61 dB  Facteur de forme Ind\u00e9pendant  Niveau sonore (essorage) 76 dB  Couleur Ext\u00e9rieure Blanc  Capacit\u00e9 de charge 6 kg","og_url":"https:\/\/novakmarket.com\/de\/produkt\/samsung-wf60f4e0w2w-lave-linge-frontal\/","og_site_name":"Novak Market","article_modified_time":"2021-12-02T12:45:47+00:00","og_image":[{"width":700,"height":700,"url":"https:\/\/novakmarket.com\/wp-content\/uploads\/2021\/11\/Z3-1-1.jpg","type":"image\/jpeg"}],"twitter_card":"summary_large_image","schema":{"@context":"https:\/\/schema.org","@graph":[{"@type":"WebPage","@id":"https:\/\/novakmarket.com\/produit\/samsung-wf60f4e0w2w-lave-linge-frontal\/","url":"https:\/\/novakmarket.com\/produit\/samsung-wf60f4e0w2w-lave-linge-frontal\/","name":"SAMSUNG WF60F4E0W2W - Lave linge frontal - Novak Market","isPartOf":{"@id":"https:\/\/novakmarket.com\/#website"},"primaryImageOfPage":{"@id":"https:\/\/novakmarket.com\/produit\/samsung-wf60f4e0w2w-lave-linge-frontal\/#primaryimage"},"image":{"@id":"https:\/\/novakmarket.com\/produit\/samsung-wf60f4e0w2w-lave-linge-frontal\/#primaryimage"},"thumbnailUrl":"https:\/\/novakmarket.com\/wp-content\/uploads\/2021\/11\/Z3-1-1.jpg","datePublished":"2021-11-29T19:15:20+00:00","dateModified":"2021-12-02T12:45:47+00:00","breadcrumb":{"@id":"https:\/\/novakmarket.com\/produit\/samsung-wf60f4e0w2w-lave-linge-frontal\/#breadcrumb"},"inLanguage":"de","potentialAction":[{"@type":"ReadAction","target":["https:\/\/novakmarket.com\/produit\/samsung-wf60f4e0w2w-lave-linge-frontal\/"]}]},{"@type":"ImageObject","inLanguage":"de","@id":"https:\/\/novakmarket.com\/produit\/samsung-wf60f4e0w2w-lave-linge-frontal\/#primaryimage","url":"https:\/\/novakmarket.com\/wp-content\/uploads\/2021\/11\/Z3-1-1.jpg","contentUrl":"https:\/\/novakmarket.com\/wp-content\/uploads\/2021\/11\/Z3-1-1.jpg","width":700,"height":700},{"@type":"BreadcrumbList","@id":"https:\/\/novakmarket.com\/produit\/samsung-wf60f4e0w2w-lave-linge-frontal\/#breadcrumb","itemListElement":[{"@type":"ListItem","position":1,"name":"Accueil","item":"https:\/\/novakmarket.com\/"},{"@type":"ListItem","position":2,"name":"Boutique","item":"https:\/\/novakmarket.com\/shop\/"},{"@type":"ListItem","position":3,"name":"SAMSUNG WF60F4E0W2W &#8211; Lave linge frontal"}]},{"@type":"WebSite","@id":"https:\/\/novakmarket.com\/#website","url":"https:\/\/novakmarket.com\/","name":"Novak Market","description":"Vente de produits \u00e9lectroniques.","publisher":{"@id":"https:\/\/novakmarket.com\/#organization"},"potentialAction":[{"@type":"SearchAction","target":{"@type":"EntryPoint","urlTemplate":"https:\/\/novakmarket.com\/?s={search_term_string}"},"query-input":{"@type":"PropertyValueSpecification","valueRequired":true,"valueName":"search_term_string"}}],"inLanguage":"de"},{"@type":"Organization","@id":"https:\/\/novakmarket.com\/#organization","name":"Novak Market","url":"https:\/\/novakmarket.com\/","logo":{"@type":"ImageObject","inLanguage":"de","@id":"https:\/\/novakmarket.com\/#\/schema\/logo\/image\/","url":"https:\/\/novakmarket.com\/wp-content\/uploads\/2026\/02\/cropped-footer-pc-removebg-preview.png","contentUrl":"https:\/\/novakmarket.com\/wp-content\/uploads\/2026\/02\/cropped-footer-pc-removebg-preview.png","width":202,"height":73,"caption":"Novak Market"},"image":{"@id":"https:\/\/novakmarket.com\/#\/schema\/logo\/image\/"}}]}},"_links":{"self":[{"href":"https:\/\/novakmarket.com\/de\/wp-json\/wp\/v2\/product\/5858","targetHints":{"allow":["GET"]}}],"collection":[{"href":"https:\/\/novakmarket.com\/de\/wp-json\/wp\/v2\/product"}],"about":[{"href":"https:\/\/novakmarket.com\/de\/wp-json\/wp\/v2\/types\/product"}],"replies":[{"embeddable":true,"href":"https:\/\/novakmarket.com\/de\/wp-json\/wp\/v2\/comments?post=5858"}],"wp:featuredmedia":[{"embeddable":true,"href":"https:\/\/novakmarket.com\/de\/wp-json\/wp\/v2\/media\/5941"}],"wp:attachment":[{"href":"https:\/\/novakmarket.com\/de\/wp-json\/wp\/v2\/media?parent=5858"}],"wp:term":[{"taxonomy":"product_brand","embeddable":true,"href":"https:\/\/novakmarket.com\/de\/wp-json\/wp\/v2\/product_brand?post=5858"},{"taxonomy":"product_cat","embeddable":true,"href":"https:\/\/novakmarket.com\/de\/wp-json\/wp\/v2\/product_cat?post=5858"},{"taxonomy":"product_tag","embeddable":true,"href":"https:\/\/novakmarket.com\/de\/wp-json\/wp\/v2\/product_tag?post=5858"}],"curies":[{"name":"wp","href":"https:\/\/api.w.org\/{rel}","templated":true}]}}