{"id":6002,"date":"2021-11-29T20:16:47","date_gmt":"2021-11-29T19:16:47","guid":{"rendered":"https:\/\/bestymarketshop.com\/?post_type=product&#038;p=6002"},"modified":"2021-11-29T20:17:07","modified_gmt":"2021-11-29T19:17:07","slug":"lg-smart-tv-2","status":"publish","type":"product","link":"https:\/\/novakmarket.com\/de\/produkt\/lg-smart-tv-2\/","title":{"rendered":"LG Smart TV"},"content":{"rendered":"<p><img loading=\"lazy\" decoding=\"async\" class=\"alignnone size-medium wp-image-5422\" src=\"https:\/\/electroshoptonic.com\/wp-content\/uploads\/2020\/03\/p6-1-300x300.jpg\" alt=\"\" width=\"300\" height=\"300\" \/><br \/>\nPoints forts :<br \/>\nR\u00e9tro\u00e9clairage LED &#8211; \u00c9clairage direct LED &#8211; \u00c9clairage direct LED<br \/>\nFormat d&#8217;affichage: 4K UHD (2160p)<br \/>\nR\u00e9solution: 3840 x 2160<br \/>\nTechnologie HDR: Hybrid Log-Gamma (HLG), effet HDR, HDR 10 Pro, 4K Active HDR<br \/>\nTuner TV num\u00e9rique: DVB-C, DVB-S2, DVB-T2<br \/>\nAm\u00e9liorations de l&#8217;image: conversion ascendante 4K, r\u00e9duction du bruit, v\u00e9ritable pr\u00e9cision des couleurs, mappage dynamique des tons HDR<br \/>\nInterface vid\u00e9o: Composant, Composite, HDMI<\/p>","protected":false},"excerpt":{"rendered":"<p>Modes Mode automatique \u00e0 faible latence (ALLM)<br \/>\nCapteurs d&#8217;\u00e9clairement capteur vert<br \/>\nAm\u00e9lioration 4K, r\u00e9duction du bruit, v\u00e9ritable pr\u00e9cision des couleurs, am\u00e9liorations de l&#8217;image dynamique de mappage des tons HDR<br \/>\nCompatible HDR Oui<br \/>\nTechnologie HDR Hybrid Log-Gamma (HLG), effet HDR, HDR 10 Pro, 4K Active HDR<\/p>","protected":false},"featured_media":6042,"comment_status":"open","ping_status":"closed","template":"","meta":{"_acf_changed":false},"product_brand":[],"product_cat":[299,292],"product_tag":[],"class_list":{"0":"post-6002","1":"product","2":"type-product","3":"status-publish","4":"has-post-thumbnail","6":"product_cat-lg-tv","7":"product_cat-tvs","9":"first","10":"instock","11":"shipping-taxable","12":"purchasable","13":"product-type-simple"},"acf":[],"yoast_head":"<!-- This site is optimized with the Yoast SEO plugin v27.2 - https:\/\/yoast.com\/product\/yoast-seo-wordpress\/ -->\n<title>LG Smart TV - Novak Market<\/title>\n<meta name=\"robots\" content=\"index, follow, max-snippet:-1, max-image-preview:large, max-video-preview:-1\" \/>\n<link rel=\"canonical\" href=\"https:\/\/novakmarket.com\/de\/produkt\/lg-smart-tv-2\/\" \/>\n<meta property=\"og:locale\" content=\"de_DE\" \/>\n<meta property=\"og:type\" content=\"article\" \/>\n<meta property=\"og:title\" content=\"LG Smart TV - Novak Market\" \/>\n<meta property=\"og:description\" content=\"Modes Mode automatique \u00e0 faible latence (ALLM) Capteurs d&#039;\u00e9clairement capteur vert Am\u00e9lioration 4K, r\u00e9duction du bruit, v\u00e9ritable pr\u00e9cision des couleurs, am\u00e9liorations de l&#039;image dynamique de mappage des tons HDR Compatible HDR Oui Technologie HDR Hybrid Log-Gamma (HLG), effet HDR, HDR 10 Pro, 4K Active HDR\" \/>\n<meta property=\"og:url\" content=\"https:\/\/novakmarket.com\/de\/produkt\/lg-smart-tv-2\/\" \/>\n<meta property=\"og:site_name\" content=\"Novak Market\" \/>\n<meta property=\"article:modified_time\" content=\"2021-11-29T19:17:07+00:00\" \/>\n<meta property=\"og:image\" content=\"https:\/\/novakmarket.com\/wp-content\/uploads\/2021\/11\/p6-1.jpg\" \/>\n\t<meta property=\"og:image:width\" content=\"700\" \/>\n\t<meta property=\"og:image:height\" content=\"700\" \/>\n\t<meta property=\"og:image:type\" content=\"image\/jpeg\" \/>\n<meta name=\"twitter:card\" content=\"summary_large_image\" \/>\n<script type=\"application\/ld+json\" class=\"yoast-schema-graph\">{\"@context\":\"https:\/\/schema.org\",\"@graph\":[{\"@type\":\"WebPage\",\"@id\":\"https:\/\/novakmarket.com\/produit\/lg-smart-tv-2\/\",\"url\":\"https:\/\/novakmarket.com\/produit\/lg-smart-tv-2\/\",\"name\":\"LG Smart TV - Novak Market\",\"isPartOf\":{\"@id\":\"https:\/\/novakmarket.com\/#website\"},\"primaryImageOfPage\":{\"@id\":\"https:\/\/novakmarket.com\/produit\/lg-smart-tv-2\/#primaryimage\"},\"image\":{\"@id\":\"https:\/\/novakmarket.com\/produit\/lg-smart-tv-2\/#primaryimage\"},\"thumbnailUrl\":\"https:\/\/novakmarket.com\/wp-content\/uploads\/2021\/11\/p6-1.jpg\",\"datePublished\":\"2021-11-29T19:16:47+00:00\",\"dateModified\":\"2021-11-29T19:17:07+00:00\",\"breadcrumb\":{\"@id\":\"https:\/\/novakmarket.com\/produit\/lg-smart-tv-2\/#breadcrumb\"},\"inLanguage\":\"de\",\"potentialAction\":[{\"@type\":\"ReadAction\",\"target\":[\"https:\/\/novakmarket.com\/produit\/lg-smart-tv-2\/\"]}]},{\"@type\":\"ImageObject\",\"inLanguage\":\"de\",\"@id\":\"https:\/\/novakmarket.com\/produit\/lg-smart-tv-2\/#primaryimage\",\"url\":\"https:\/\/novakmarket.com\/wp-content\/uploads\/2021\/11\/p6-1.jpg\",\"contentUrl\":\"https:\/\/novakmarket.com\/wp-content\/uploads\/2021\/11\/p6-1.jpg\",\"width\":700,\"height\":700},{\"@type\":\"BreadcrumbList\",\"@id\":\"https:\/\/novakmarket.com\/produit\/lg-smart-tv-2\/#breadcrumb\",\"itemListElement\":[{\"@type\":\"ListItem\",\"position\":1,\"name\":\"Accueil\",\"item\":\"https:\/\/novakmarket.com\/\"},{\"@type\":\"ListItem\",\"position\":2,\"name\":\"Boutique\",\"item\":\"https:\/\/novakmarket.com\/shop\/\"},{\"@type\":\"ListItem\",\"position\":3,\"name\":\"LG Smart TV\"}]},{\"@type\":\"WebSite\",\"@id\":\"https:\/\/novakmarket.com\/#website\",\"url\":\"https:\/\/novakmarket.com\/\",\"name\":\"Novak Market\",\"description\":\"Vente de produits \u00e9lectroniques.\",\"publisher\":{\"@id\":\"https:\/\/novakmarket.com\/#organization\"},\"potentialAction\":[{\"@type\":\"SearchAction\",\"target\":{\"@type\":\"EntryPoint\",\"urlTemplate\":\"https:\/\/novakmarket.com\/?s={search_term_string}\"},\"query-input\":{\"@type\":\"PropertyValueSpecification\",\"valueRequired\":true,\"valueName\":\"search_term_string\"}}],\"inLanguage\":\"de\"},{\"@type\":\"Organization\",\"@id\":\"https:\/\/novakmarket.com\/#organization\",\"name\":\"Novak Market\",\"url\":\"https:\/\/novakmarket.com\/\",\"logo\":{\"@type\":\"ImageObject\",\"inLanguage\":\"de\",\"@id\":\"https:\/\/novakmarket.com\/#\/schema\/logo\/image\/\",\"url\":\"https:\/\/novakmarket.com\/wp-content\/uploads\/2026\/02\/cropped-footer-pc-removebg-preview.png\",\"contentUrl\":\"https:\/\/novakmarket.com\/wp-content\/uploads\/2026\/02\/cropped-footer-pc-removebg-preview.png\",\"width\":202,\"height\":73,\"caption\":\"Novak Market\"},\"image\":{\"@id\":\"https:\/\/novakmarket.com\/#\/schema\/logo\/image\/\"}}]}<\/script>\n<!-- \/ Yoast SEO plugin. -->","yoast_head_json":{"title":"LG Smart TV - Novak Market","robots":{"index":"index","follow":"follow","max-snippet":"max-snippet:-1","max-image-preview":"max-image-preview:large","max-video-preview":"max-video-preview:-1"},"canonical":"https:\/\/novakmarket.com\/de\/produkt\/lg-smart-tv-2\/","og_locale":"de_DE","og_type":"article","og_title":"LG Smart TV - Novak Market","og_description":"Modes Mode automatique \u00e0 faible latence (ALLM) Capteurs d'\u00e9clairement capteur vert Am\u00e9lioration 4K, r\u00e9duction du bruit, v\u00e9ritable pr\u00e9cision des couleurs, am\u00e9liorations de l'image dynamique de mappage des tons HDR Compatible HDR Oui Technologie HDR Hybrid Log-Gamma (HLG), effet HDR, HDR 10 Pro, 4K Active HDR","og_url":"https:\/\/novakmarket.com\/de\/produkt\/lg-smart-tv-2\/","og_site_name":"Novak Market","article_modified_time":"2021-11-29T19:17:07+00:00","og_image":[{"width":700,"height":700,"url":"https:\/\/novakmarket.com\/wp-content\/uploads\/2021\/11\/p6-1.jpg","type":"image\/jpeg"}],"twitter_card":"summary_large_image","schema":{"@context":"https:\/\/schema.org","@graph":[{"@type":"WebPage","@id":"https:\/\/novakmarket.com\/produit\/lg-smart-tv-2\/","url":"https:\/\/novakmarket.com\/produit\/lg-smart-tv-2\/","name":"LG Smart TV - Novak Market","isPartOf":{"@id":"https:\/\/novakmarket.com\/#website"},"primaryImageOfPage":{"@id":"https:\/\/novakmarket.com\/produit\/lg-smart-tv-2\/#primaryimage"},"image":{"@id":"https:\/\/novakmarket.com\/produit\/lg-smart-tv-2\/#primaryimage"},"thumbnailUrl":"https:\/\/novakmarket.com\/wp-content\/uploads\/2021\/11\/p6-1.jpg","datePublished":"2021-11-29T19:16:47+00:00","dateModified":"2021-11-29T19:17:07+00:00","breadcrumb":{"@id":"https:\/\/novakmarket.com\/produit\/lg-smart-tv-2\/#breadcrumb"},"inLanguage":"de","potentialAction":[{"@type":"ReadAction","target":["https:\/\/novakmarket.com\/produit\/lg-smart-tv-2\/"]}]},{"@type":"ImageObject","inLanguage":"de","@id":"https:\/\/novakmarket.com\/produit\/lg-smart-tv-2\/#primaryimage","url":"https:\/\/novakmarket.com\/wp-content\/uploads\/2021\/11\/p6-1.jpg","contentUrl":"https:\/\/novakmarket.com\/wp-content\/uploads\/2021\/11\/p6-1.jpg","width":700,"height":700},{"@type":"BreadcrumbList","@id":"https:\/\/novakmarket.com\/produit\/lg-smart-tv-2\/#breadcrumb","itemListElement":[{"@type":"ListItem","position":1,"name":"Accueil","item":"https:\/\/novakmarket.com\/"},{"@type":"ListItem","position":2,"name":"Boutique","item":"https:\/\/novakmarket.com\/shop\/"},{"@type":"ListItem","position":3,"name":"LG Smart TV"}]},{"@type":"WebSite","@id":"https:\/\/novakmarket.com\/#website","url":"https:\/\/novakmarket.com\/","name":"Novak Market","description":"Vente de produits \u00e9lectroniques.","publisher":{"@id":"https:\/\/novakmarket.com\/#organization"},"potentialAction":[{"@type":"SearchAction","target":{"@type":"EntryPoint","urlTemplate":"https:\/\/novakmarket.com\/?s={search_term_string}"},"query-input":{"@type":"PropertyValueSpecification","valueRequired":true,"valueName":"search_term_string"}}],"inLanguage":"de"},{"@type":"Organization","@id":"https:\/\/novakmarket.com\/#organization","name":"Novak Market","url":"https:\/\/novakmarket.com\/","logo":{"@type":"ImageObject","inLanguage":"de","@id":"https:\/\/novakmarket.com\/#\/schema\/logo\/image\/","url":"https:\/\/novakmarket.com\/wp-content\/uploads\/2026\/02\/cropped-footer-pc-removebg-preview.png","contentUrl":"https:\/\/novakmarket.com\/wp-content\/uploads\/2026\/02\/cropped-footer-pc-removebg-preview.png","width":202,"height":73,"caption":"Novak Market"},"image":{"@id":"https:\/\/novakmarket.com\/#\/schema\/logo\/image\/"}}]}},"_links":{"self":[{"href":"https:\/\/novakmarket.com\/de\/wp-json\/wp\/v2\/product\/6002","targetHints":{"allow":["GET"]}}],"collection":[{"href":"https:\/\/novakmarket.com\/de\/wp-json\/wp\/v2\/product"}],"about":[{"href":"https:\/\/novakmarket.com\/de\/wp-json\/wp\/v2\/types\/product"}],"replies":[{"embeddable":true,"href":"https:\/\/novakmarket.com\/de\/wp-json\/wp\/v2\/comments?post=6002"}],"wp:featuredmedia":[{"embeddable":true,"href":"https:\/\/novakmarket.com\/de\/wp-json\/wp\/v2\/media\/6042"}],"wp:attachment":[{"href":"https:\/\/novakmarket.com\/de\/wp-json\/wp\/v2\/media?parent=6002"}],"wp:term":[{"taxonomy":"product_brand","embeddable":true,"href":"https:\/\/novakmarket.com\/de\/wp-json\/wp\/v2\/product_brand?post=6002"},{"taxonomy":"product_cat","embeddable":true,"href":"https:\/\/novakmarket.com\/de\/wp-json\/wp\/v2\/product_cat?post=6002"},{"taxonomy":"product_tag","embeddable":true,"href":"https:\/\/novakmarket.com\/de\/wp-json\/wp\/v2\/product_tag?post=6002"}],"curies":[{"name":"wp","href":"https:\/\/api.w.org\/{rel}","templated":true}]}}