{"id":6055,"date":"2021-11-29T20:17:16","date_gmt":"2021-11-29T19:17:16","guid":{"rendered":"https:\/\/bestymarketshop.com\/?post_type=product&#038;p=6055"},"modified":"2021-11-29T20:17:25","modified_gmt":"2021-11-29T19:17:25","slug":"drone-gps-2-camera-1080p","status":"publish","type":"product","link":"https:\/\/novakmarket.com\/de\/produkt\/drone-gps-2-camera-1080p\/","title":{"rendered":"Drone GPS 2 Cam\u00e9ra 1080p"},"content":{"rendered":"<p><img loading=\"lazy\" decoding=\"async\" class=\"alignnone size-medium wp-image-5524\" src=\"https:\/\/electroshoptonic.com\/wp-content\/uploads\/2020\/03\/D8-300x300.jpg\" alt=\"\" width=\"300\" height=\"300\" \/><br \/>\n&nbsp;<br \/>\n&nbsp;<br \/>\n\u25cfNom de l&#8217;article: SG906 Beast RC Drone sans balais \u25cf Capteur de pression: r\u00e9glage de la hauteur \u25cf Fr\u00e9quence: 2,4 Ghz \u25cf Cam\u00e9ra: cam\u00e9ra grand angle 120 \u00b0 (cam\u00e9ra r\u00e9glable \u00e9metteur, 60 \u00b0) \u25cf Capacit\u00e9 de la batterie au lithium intelligente: 7.4V 2800mAh \u25cf<\/p>","protected":false},"excerpt":{"rendered":"<p>Nom de l&#8217;article: SG906 Beast RC Drone sans balais \u25cf Capteur de pression: r\u00e9glage de la hauteur \u25cf Fr\u00e9quence: 2,4 Ghz \u25cf Cam\u00e9ra: cam\u00e9ra grand angle 120 \u00b0 (cam\u00e9ra r\u00e9glable \u00e9metteur, 60 \u00b0) \u25cf Capacit\u00e9 de la batterie au lithium intelligente: 7.4V 2800mAh \u25cf<\/p>","protected":false},"featured_media":6080,"comment_status":"open","ping_status":"closed","template":"","meta":{"_acf_changed":false},"product_brand":[],"product_cat":[300],"product_tag":[],"class_list":{"0":"post-6055","1":"product","2":"type-product","3":"status-publish","4":"has-post-thumbnail","6":"product_cat-drones","8":"first","9":"instock","10":"shipping-taxable","11":"purchasable","12":"product-type-simple"},"acf":[],"yoast_head":"<!-- This site is optimized with the Yoast SEO plugin v27.2 - https:\/\/yoast.com\/product\/yoast-seo-wordpress\/ -->\n<title>Drone GPS 2 Cam\u00e9ra 1080p - Novak Market<\/title>\n<meta name=\"robots\" content=\"index, follow, max-snippet:-1, max-image-preview:large, max-video-preview:-1\" \/>\n<link rel=\"canonical\" href=\"https:\/\/novakmarket.com\/de\/produkt\/drone-gps-2-camera-1080p\/\" \/>\n<meta property=\"og:locale\" content=\"de_DE\" \/>\n<meta property=\"og:type\" content=\"article\" \/>\n<meta property=\"og:title\" content=\"Drone GPS 2 Cam\u00e9ra 1080p - Novak Market\" \/>\n<meta property=\"og:description\" content=\"Nom de l&#039;article: SG906 Beast RC Drone sans balais \u25cf Capteur de pression: r\u00e9glage de la hauteur \u25cf Fr\u00e9quence: 2,4 Ghz \u25cf Cam\u00e9ra: cam\u00e9ra grand angle 120 \u00b0 (cam\u00e9ra r\u00e9glable \u00e9metteur, 60 \u00b0) \u25cf Capacit\u00e9 de la batterie au lithium intelligente: 7.4V 2800mAh \u25cf\" \/>\n<meta property=\"og:url\" content=\"https:\/\/novakmarket.com\/de\/produkt\/drone-gps-2-camera-1080p\/\" \/>\n<meta property=\"og:site_name\" content=\"Novak Market\" \/>\n<meta property=\"article:modified_time\" content=\"2021-11-29T19:17:25+00:00\" \/>\n<meta property=\"og:image\" content=\"https:\/\/novakmarket.com\/wp-content\/uploads\/2021\/11\/D8.jpg\" \/>\n\t<meta property=\"og:image:width\" content=\"700\" \/>\n\t<meta property=\"og:image:height\" content=\"700\" \/>\n\t<meta property=\"og:image:type\" content=\"image\/jpeg\" \/>\n<meta name=\"twitter:card\" content=\"summary_large_image\" \/>\n<script type=\"application\/ld+json\" class=\"yoast-schema-graph\">{\"@context\":\"https:\/\/schema.org\",\"@graph\":[{\"@type\":\"WebPage\",\"@id\":\"https:\/\/novakmarket.com\/produit\/drone-gps-2-camera-1080p\/\",\"url\":\"https:\/\/novakmarket.com\/produit\/drone-gps-2-camera-1080p\/\",\"name\":\"Drone GPS 2 Cam\u00e9ra 1080p - Novak Market\",\"isPartOf\":{\"@id\":\"https:\/\/novakmarket.com\/#website\"},\"primaryImageOfPage\":{\"@id\":\"https:\/\/novakmarket.com\/produit\/drone-gps-2-camera-1080p\/#primaryimage\"},\"image\":{\"@id\":\"https:\/\/novakmarket.com\/produit\/drone-gps-2-camera-1080p\/#primaryimage\"},\"thumbnailUrl\":\"https:\/\/novakmarket.com\/wp-content\/uploads\/2021\/11\/D8.jpg\",\"datePublished\":\"2021-11-29T19:17:16+00:00\",\"dateModified\":\"2021-11-29T19:17:25+00:00\",\"breadcrumb\":{\"@id\":\"https:\/\/novakmarket.com\/produit\/drone-gps-2-camera-1080p\/#breadcrumb\"},\"inLanguage\":\"de\",\"potentialAction\":[{\"@type\":\"ReadAction\",\"target\":[\"https:\/\/novakmarket.com\/produit\/drone-gps-2-camera-1080p\/\"]}]},{\"@type\":\"ImageObject\",\"inLanguage\":\"de\",\"@id\":\"https:\/\/novakmarket.com\/produit\/drone-gps-2-camera-1080p\/#primaryimage\",\"url\":\"https:\/\/novakmarket.com\/wp-content\/uploads\/2021\/11\/D8.jpg\",\"contentUrl\":\"https:\/\/novakmarket.com\/wp-content\/uploads\/2021\/11\/D8.jpg\",\"width\":700,\"height\":700},{\"@type\":\"BreadcrumbList\",\"@id\":\"https:\/\/novakmarket.com\/produit\/drone-gps-2-camera-1080p\/#breadcrumb\",\"itemListElement\":[{\"@type\":\"ListItem\",\"position\":1,\"name\":\"Accueil\",\"item\":\"https:\/\/novakmarket.com\/\"},{\"@type\":\"ListItem\",\"position\":2,\"name\":\"Boutique\",\"item\":\"https:\/\/novakmarket.com\/shop\/\"},{\"@type\":\"ListItem\",\"position\":3,\"name\":\"Drone GPS 2 Cam\u00e9ra 1080p\"}]},{\"@type\":\"WebSite\",\"@id\":\"https:\/\/novakmarket.com\/#website\",\"url\":\"https:\/\/novakmarket.com\/\",\"name\":\"Novak Market\",\"description\":\"Vente de produits \u00e9lectroniques.\",\"publisher\":{\"@id\":\"https:\/\/novakmarket.com\/#organization\"},\"potentialAction\":[{\"@type\":\"SearchAction\",\"target\":{\"@type\":\"EntryPoint\",\"urlTemplate\":\"https:\/\/novakmarket.com\/?s={search_term_string}\"},\"query-input\":{\"@type\":\"PropertyValueSpecification\",\"valueRequired\":true,\"valueName\":\"search_term_string\"}}],\"inLanguage\":\"de\"},{\"@type\":\"Organization\",\"@id\":\"https:\/\/novakmarket.com\/#organization\",\"name\":\"Novak Market\",\"url\":\"https:\/\/novakmarket.com\/\",\"logo\":{\"@type\":\"ImageObject\",\"inLanguage\":\"de\",\"@id\":\"https:\/\/novakmarket.com\/#\/schema\/logo\/image\/\",\"url\":\"https:\/\/novakmarket.com\/wp-content\/uploads\/2026\/02\/cropped-footer-pc-removebg-preview.png\",\"contentUrl\":\"https:\/\/novakmarket.com\/wp-content\/uploads\/2026\/02\/cropped-footer-pc-removebg-preview.png\",\"width\":202,\"height\":73,\"caption\":\"Novak Market\"},\"image\":{\"@id\":\"https:\/\/novakmarket.com\/#\/schema\/logo\/image\/\"}}]}<\/script>\n<!-- \/ Yoast SEO plugin. -->","yoast_head_json":{"title":"Drone GPS 2 Cam\u00e9ra 1080p - Novak Market","robots":{"index":"index","follow":"follow","max-snippet":"max-snippet:-1","max-image-preview":"max-image-preview:large","max-video-preview":"max-video-preview:-1"},"canonical":"https:\/\/novakmarket.com\/de\/produkt\/drone-gps-2-camera-1080p\/","og_locale":"de_DE","og_type":"article","og_title":"Drone GPS 2 Cam\u00e9ra 1080p - Novak Market","og_description":"Nom de l'article: SG906 Beast RC Drone sans balais \u25cf Capteur de pression: r\u00e9glage de la hauteur \u25cf Fr\u00e9quence: 2,4 Ghz \u25cf Cam\u00e9ra: cam\u00e9ra grand angle 120 \u00b0 (cam\u00e9ra r\u00e9glable \u00e9metteur, 60 \u00b0) \u25cf Capacit\u00e9 de la batterie au lithium intelligente: 7.4V 2800mAh \u25cf","og_url":"https:\/\/novakmarket.com\/de\/produkt\/drone-gps-2-camera-1080p\/","og_site_name":"Novak Market","article_modified_time":"2021-11-29T19:17:25+00:00","og_image":[{"width":700,"height":700,"url":"https:\/\/novakmarket.com\/wp-content\/uploads\/2021\/11\/D8.jpg","type":"image\/jpeg"}],"twitter_card":"summary_large_image","schema":{"@context":"https:\/\/schema.org","@graph":[{"@type":"WebPage","@id":"https:\/\/novakmarket.com\/produit\/drone-gps-2-camera-1080p\/","url":"https:\/\/novakmarket.com\/produit\/drone-gps-2-camera-1080p\/","name":"Drone GPS 2 Cam\u00e9ra 1080p - Novak Market","isPartOf":{"@id":"https:\/\/novakmarket.com\/#website"},"primaryImageOfPage":{"@id":"https:\/\/novakmarket.com\/produit\/drone-gps-2-camera-1080p\/#primaryimage"},"image":{"@id":"https:\/\/novakmarket.com\/produit\/drone-gps-2-camera-1080p\/#primaryimage"},"thumbnailUrl":"https:\/\/novakmarket.com\/wp-content\/uploads\/2021\/11\/D8.jpg","datePublished":"2021-11-29T19:17:16+00:00","dateModified":"2021-11-29T19:17:25+00:00","breadcrumb":{"@id":"https:\/\/novakmarket.com\/produit\/drone-gps-2-camera-1080p\/#breadcrumb"},"inLanguage":"de","potentialAction":[{"@type":"ReadAction","target":["https:\/\/novakmarket.com\/produit\/drone-gps-2-camera-1080p\/"]}]},{"@type":"ImageObject","inLanguage":"de","@id":"https:\/\/novakmarket.com\/produit\/drone-gps-2-camera-1080p\/#primaryimage","url":"https:\/\/novakmarket.com\/wp-content\/uploads\/2021\/11\/D8.jpg","contentUrl":"https:\/\/novakmarket.com\/wp-content\/uploads\/2021\/11\/D8.jpg","width":700,"height":700},{"@type":"BreadcrumbList","@id":"https:\/\/novakmarket.com\/produit\/drone-gps-2-camera-1080p\/#breadcrumb","itemListElement":[{"@type":"ListItem","position":1,"name":"Accueil","item":"https:\/\/novakmarket.com\/"},{"@type":"ListItem","position":2,"name":"Boutique","item":"https:\/\/novakmarket.com\/shop\/"},{"@type":"ListItem","position":3,"name":"Drone GPS 2 Cam\u00e9ra 1080p"}]},{"@type":"WebSite","@id":"https:\/\/novakmarket.com\/#website","url":"https:\/\/novakmarket.com\/","name":"Novak Market","description":"Vente de produits \u00e9lectroniques.","publisher":{"@id":"https:\/\/novakmarket.com\/#organization"},"potentialAction":[{"@type":"SearchAction","target":{"@type":"EntryPoint","urlTemplate":"https:\/\/novakmarket.com\/?s={search_term_string}"},"query-input":{"@type":"PropertyValueSpecification","valueRequired":true,"valueName":"search_term_string"}}],"inLanguage":"de"},{"@type":"Organization","@id":"https:\/\/novakmarket.com\/#organization","name":"Novak Market","url":"https:\/\/novakmarket.com\/","logo":{"@type":"ImageObject","inLanguage":"de","@id":"https:\/\/novakmarket.com\/#\/schema\/logo\/image\/","url":"https:\/\/novakmarket.com\/wp-content\/uploads\/2026\/02\/cropped-footer-pc-removebg-preview.png","contentUrl":"https:\/\/novakmarket.com\/wp-content\/uploads\/2026\/02\/cropped-footer-pc-removebg-preview.png","width":202,"height":73,"caption":"Novak Market"},"image":{"@id":"https:\/\/novakmarket.com\/#\/schema\/logo\/image\/"}}]}},"_links":{"self":[{"href":"https:\/\/novakmarket.com\/de\/wp-json\/wp\/v2\/product\/6055","targetHints":{"allow":["GET"]}}],"collection":[{"href":"https:\/\/novakmarket.com\/de\/wp-json\/wp\/v2\/product"}],"about":[{"href":"https:\/\/novakmarket.com\/de\/wp-json\/wp\/v2\/types\/product"}],"replies":[{"embeddable":true,"href":"https:\/\/novakmarket.com\/de\/wp-json\/wp\/v2\/comments?post=6055"}],"wp:featuredmedia":[{"embeddable":true,"href":"https:\/\/novakmarket.com\/de\/wp-json\/wp\/v2\/media\/6080"}],"wp:attachment":[{"href":"https:\/\/novakmarket.com\/de\/wp-json\/wp\/v2\/media?parent=6055"}],"wp:term":[{"taxonomy":"product_brand","embeddable":true,"href":"https:\/\/novakmarket.com\/de\/wp-json\/wp\/v2\/product_brand?post=6055"},{"taxonomy":"product_cat","embeddable":true,"href":"https:\/\/novakmarket.com\/de\/wp-json\/wp\/v2\/product_cat?post=6055"},{"taxonomy":"product_tag","embeddable":true,"href":"https:\/\/novakmarket.com\/de\/wp-json\/wp\/v2\/product_tag?post=6055"}],"curies":[{"name":"wp","href":"https:\/\/api.w.org\/{rel}","templated":true}]}}