{"id":6068,"date":"2021-11-29T20:17:17","date_gmt":"2021-11-29T19:17:17","guid":{"rendered":"https:\/\/bestymarketshop.com\/?post_type=product&#038;p=6068"},"modified":"2021-12-02T15:20:09","modified_gmt":"2021-12-02T14:20:09","slug":"kit-zosi","status":"publish","type":"product","link":"https:\/\/novakmarket.com\/de\/produkt\/kit-zosi\/","title":{"rendered":"Kit ZOSI"},"content":{"rendered":"<p><img loading=\"lazy\" decoding=\"async\" class=\"alignnone size-medium wp-image-5610\" src=\"https:\/\/electroshoptonic.com\/wp-content\/uploads\/2020\/03\/W1-300x300.jpg\" alt=\"\" width=\"300\" height=\"300\" \/><br \/>\nCompression H.265 * Plug &amp; Play d\u00e9fectueux, aucun c\u00e2ble requis * 8CH HD FULL 1080p 2,4 GHz * Cam\u00e9ras IP IP66, vision nocturne de 30 \u00e0 40 m * Port\u00e9e de signal sans fil maximale de 300 m * R\u00e9seau sans fil s\u00e9curis\u00e9 avec transmission vid\u00e9o ininterrompue * Prise en charge d\u00e9tection de mouvement et alerte e-mail * QR code et technologie P2P pour un acc\u00e8s \u00e0 distance par smartphone \/ Windows \/ MAC<\/p>","protected":false},"excerpt":{"rendered":"<p>Compression H.265 * Plug &amp; Play d\u00e9fectueux, aucun c\u00e2ble requis * 8CH HD FULL 1080p 2,4 GHz * Cam\u00e9ras IP IP66, vision nocturne de 30 \u00e0 40 m * Port\u00e9e de signal sans fil maximale de 300 m * R\u00e9seau sans fil s\u00e9curis\u00e9 avec transmission vid\u00e9o ininterrompue * Prise en charge d\u00e9tection de mouvement et alerte e-mail * QR code et technologie P2P pour un acc\u00e8s \u00e0 distance par smartphone \/ Windows \/ MAC<\/p>","protected":false},"featured_media":6093,"comment_status":"open","ping_status":"closed","template":"","meta":{"_acf_changed":false},"product_brand":[],"product_cat":[290],"product_tag":[],"class_list":{"0":"post-6068","1":"product","2":"type-product","3":"status-publish","4":"has-post-thumbnail","6":"product_cat-cameras-appareils-photos","8":"first","9":"instock","10":"shipping-taxable","11":"purchasable","12":"product-type-simple"},"acf":[],"yoast_head":"<!-- This site is optimized with the Yoast SEO plugin v27.2 - https:\/\/yoast.com\/product\/yoast-seo-wordpress\/ -->\n<title>Kit ZOSI - Novak Market<\/title>\n<meta name=\"robots\" content=\"index, follow, max-snippet:-1, max-image-preview:large, max-video-preview:-1\" \/>\n<link rel=\"canonical\" href=\"https:\/\/novakmarket.com\/de\/produkt\/kit-zosi\/\" \/>\n<meta property=\"og:locale\" content=\"de_DE\" \/>\n<meta property=\"og:type\" content=\"article\" \/>\n<meta property=\"og:title\" content=\"Kit ZOSI - Novak Market\" \/>\n<meta property=\"og:description\" content=\"Compression H.265 * Plug &amp; Play d\u00e9fectueux, aucun c\u00e2ble requis * 8CH HD FULL 1080p 2,4 GHz * Cam\u00e9ras IP IP66, vision nocturne de 30 \u00e0 40 m * Port\u00e9e de signal sans fil maximale de 300 m * R\u00e9seau sans fil s\u00e9curis\u00e9 avec transmission vid\u00e9o ininterrompue * Prise en charge d\u00e9tection de mouvement et alerte e-mail * QR code et technologie P2P pour un acc\u00e8s \u00e0 distance par smartphone \/ Windows \/ MAC\" \/>\n<meta property=\"og:url\" content=\"https:\/\/novakmarket.com\/de\/produkt\/kit-zosi\/\" \/>\n<meta property=\"og:site_name\" content=\"Novak Market\" \/>\n<meta property=\"article:modified_time\" content=\"2021-12-02T14:20:09+00:00\" \/>\n<meta property=\"og:image\" content=\"https:\/\/novakmarket.com\/wp-content\/uploads\/2021\/11\/W1-2.jpg\" \/>\n\t<meta property=\"og:image:width\" content=\"550\" \/>\n\t<meta property=\"og:image:height\" content=\"550\" \/>\n\t<meta property=\"og:image:type\" content=\"image\/jpeg\" \/>\n<meta name=\"twitter:card\" content=\"summary_large_image\" \/>\n<script type=\"application\/ld+json\" class=\"yoast-schema-graph\">{\"@context\":\"https:\/\/schema.org\",\"@graph\":[{\"@type\":\"WebPage\",\"@id\":\"https:\/\/novakmarket.com\/produit\/kit-zosi\/\",\"url\":\"https:\/\/novakmarket.com\/produit\/kit-zosi\/\",\"name\":\"Kit ZOSI - Novak Market\",\"isPartOf\":{\"@id\":\"https:\/\/novakmarket.com\/#website\"},\"primaryImageOfPage\":{\"@id\":\"https:\/\/novakmarket.com\/produit\/kit-zosi\/#primaryimage\"},\"image\":{\"@id\":\"https:\/\/novakmarket.com\/produit\/kit-zosi\/#primaryimage\"},\"thumbnailUrl\":\"https:\/\/novakmarket.com\/wp-content\/uploads\/2021\/11\/W1-2.jpg\",\"datePublished\":\"2021-11-29T19:17:17+00:00\",\"dateModified\":\"2021-12-02T14:20:09+00:00\",\"breadcrumb\":{\"@id\":\"https:\/\/novakmarket.com\/produit\/kit-zosi\/#breadcrumb\"},\"inLanguage\":\"de\",\"potentialAction\":[{\"@type\":\"ReadAction\",\"target\":[\"https:\/\/novakmarket.com\/produit\/kit-zosi\/\"]}]},{\"@type\":\"ImageObject\",\"inLanguage\":\"de\",\"@id\":\"https:\/\/novakmarket.com\/produit\/kit-zosi\/#primaryimage\",\"url\":\"https:\/\/novakmarket.com\/wp-content\/uploads\/2021\/11\/W1-2.jpg\",\"contentUrl\":\"https:\/\/novakmarket.com\/wp-content\/uploads\/2021\/11\/W1-2.jpg\",\"width\":550,\"height\":550},{\"@type\":\"BreadcrumbList\",\"@id\":\"https:\/\/novakmarket.com\/produit\/kit-zosi\/#breadcrumb\",\"itemListElement\":[{\"@type\":\"ListItem\",\"position\":1,\"name\":\"Accueil\",\"item\":\"https:\/\/novakmarket.com\/\"},{\"@type\":\"ListItem\",\"position\":2,\"name\":\"Boutique\",\"item\":\"https:\/\/novakmarket.com\/shop\/\"},{\"@type\":\"ListItem\",\"position\":3,\"name\":\"Kit ZOSI\"}]},{\"@type\":\"WebSite\",\"@id\":\"https:\/\/novakmarket.com\/#website\",\"url\":\"https:\/\/novakmarket.com\/\",\"name\":\"Novak Market\",\"description\":\"Vente de produits \u00e9lectroniques.\",\"publisher\":{\"@id\":\"https:\/\/novakmarket.com\/#organization\"},\"potentialAction\":[{\"@type\":\"SearchAction\",\"target\":{\"@type\":\"EntryPoint\",\"urlTemplate\":\"https:\/\/novakmarket.com\/?s={search_term_string}\"},\"query-input\":{\"@type\":\"PropertyValueSpecification\",\"valueRequired\":true,\"valueName\":\"search_term_string\"}}],\"inLanguage\":\"de\"},{\"@type\":\"Organization\",\"@id\":\"https:\/\/novakmarket.com\/#organization\",\"name\":\"Novak Market\",\"url\":\"https:\/\/novakmarket.com\/\",\"logo\":{\"@type\":\"ImageObject\",\"inLanguage\":\"de\",\"@id\":\"https:\/\/novakmarket.com\/#\/schema\/logo\/image\/\",\"url\":\"https:\/\/novakmarket.com\/wp-content\/uploads\/2026\/02\/cropped-footer-pc-removebg-preview.png\",\"contentUrl\":\"https:\/\/novakmarket.com\/wp-content\/uploads\/2026\/02\/cropped-footer-pc-removebg-preview.png\",\"width\":202,\"height\":73,\"caption\":\"Novak Market\"},\"image\":{\"@id\":\"https:\/\/novakmarket.com\/#\/schema\/logo\/image\/\"}}]}<\/script>\n<!-- \/ Yoast SEO plugin. -->","yoast_head_json":{"title":"Kit ZOSI - Novak Market","robots":{"index":"index","follow":"follow","max-snippet":"max-snippet:-1","max-image-preview":"max-image-preview:large","max-video-preview":"max-video-preview:-1"},"canonical":"https:\/\/novakmarket.com\/de\/produkt\/kit-zosi\/","og_locale":"de_DE","og_type":"article","og_title":"Kit ZOSI - Novak Market","og_description":"Compression H.265 * Plug &amp; Play d\u00e9fectueux, aucun c\u00e2ble requis * 8CH HD FULL 1080p 2,4 GHz * Cam\u00e9ras IP IP66, vision nocturne de 30 \u00e0 40 m * Port\u00e9e de signal sans fil maximale de 300 m * R\u00e9seau sans fil s\u00e9curis\u00e9 avec transmission vid\u00e9o ininterrompue * Prise en charge d\u00e9tection de mouvement et alerte e-mail * QR code et technologie P2P pour un acc\u00e8s \u00e0 distance par smartphone \/ Windows \/ MAC","og_url":"https:\/\/novakmarket.com\/de\/produkt\/kit-zosi\/","og_site_name":"Novak Market","article_modified_time":"2021-12-02T14:20:09+00:00","og_image":[{"width":550,"height":550,"url":"https:\/\/novakmarket.com\/wp-content\/uploads\/2021\/11\/W1-2.jpg","type":"image\/jpeg"}],"twitter_card":"summary_large_image","schema":{"@context":"https:\/\/schema.org","@graph":[{"@type":"WebPage","@id":"https:\/\/novakmarket.com\/produit\/kit-zosi\/","url":"https:\/\/novakmarket.com\/produit\/kit-zosi\/","name":"Kit ZOSI - Novak Market","isPartOf":{"@id":"https:\/\/novakmarket.com\/#website"},"primaryImageOfPage":{"@id":"https:\/\/novakmarket.com\/produit\/kit-zosi\/#primaryimage"},"image":{"@id":"https:\/\/novakmarket.com\/produit\/kit-zosi\/#primaryimage"},"thumbnailUrl":"https:\/\/novakmarket.com\/wp-content\/uploads\/2021\/11\/W1-2.jpg","datePublished":"2021-11-29T19:17:17+00:00","dateModified":"2021-12-02T14:20:09+00:00","breadcrumb":{"@id":"https:\/\/novakmarket.com\/produit\/kit-zosi\/#breadcrumb"},"inLanguage":"de","potentialAction":[{"@type":"ReadAction","target":["https:\/\/novakmarket.com\/produit\/kit-zosi\/"]}]},{"@type":"ImageObject","inLanguage":"de","@id":"https:\/\/novakmarket.com\/produit\/kit-zosi\/#primaryimage","url":"https:\/\/novakmarket.com\/wp-content\/uploads\/2021\/11\/W1-2.jpg","contentUrl":"https:\/\/novakmarket.com\/wp-content\/uploads\/2021\/11\/W1-2.jpg","width":550,"height":550},{"@type":"BreadcrumbList","@id":"https:\/\/novakmarket.com\/produit\/kit-zosi\/#breadcrumb","itemListElement":[{"@type":"ListItem","position":1,"name":"Accueil","item":"https:\/\/novakmarket.com\/"},{"@type":"ListItem","position":2,"name":"Boutique","item":"https:\/\/novakmarket.com\/shop\/"},{"@type":"ListItem","position":3,"name":"Kit ZOSI"}]},{"@type":"WebSite","@id":"https:\/\/novakmarket.com\/#website","url":"https:\/\/novakmarket.com\/","name":"Novak Market","description":"Vente de produits \u00e9lectroniques.","publisher":{"@id":"https:\/\/novakmarket.com\/#organization"},"potentialAction":[{"@type":"SearchAction","target":{"@type":"EntryPoint","urlTemplate":"https:\/\/novakmarket.com\/?s={search_term_string}"},"query-input":{"@type":"PropertyValueSpecification","valueRequired":true,"valueName":"search_term_string"}}],"inLanguage":"de"},{"@type":"Organization","@id":"https:\/\/novakmarket.com\/#organization","name":"Novak Market","url":"https:\/\/novakmarket.com\/","logo":{"@type":"ImageObject","inLanguage":"de","@id":"https:\/\/novakmarket.com\/#\/schema\/logo\/image\/","url":"https:\/\/novakmarket.com\/wp-content\/uploads\/2026\/02\/cropped-footer-pc-removebg-preview.png","contentUrl":"https:\/\/novakmarket.com\/wp-content\/uploads\/2026\/02\/cropped-footer-pc-removebg-preview.png","width":202,"height":73,"caption":"Novak Market"},"image":{"@id":"https:\/\/novakmarket.com\/#\/schema\/logo\/image\/"}}]}},"_links":{"self":[{"href":"https:\/\/novakmarket.com\/de\/wp-json\/wp\/v2\/product\/6068","targetHints":{"allow":["GET"]}}],"collection":[{"href":"https:\/\/novakmarket.com\/de\/wp-json\/wp\/v2\/product"}],"about":[{"href":"https:\/\/novakmarket.com\/de\/wp-json\/wp\/v2\/types\/product"}],"replies":[{"embeddable":true,"href":"https:\/\/novakmarket.com\/de\/wp-json\/wp\/v2\/comments?post=6068"}],"wp:featuredmedia":[{"embeddable":true,"href":"https:\/\/novakmarket.com\/de\/wp-json\/wp\/v2\/media\/6093"}],"wp:attachment":[{"href":"https:\/\/novakmarket.com\/de\/wp-json\/wp\/v2\/media?parent=6068"}],"wp:term":[{"taxonomy":"product_brand","embeddable":true,"href":"https:\/\/novakmarket.com\/de\/wp-json\/wp\/v2\/product_brand?post=6068"},{"taxonomy":"product_cat","embeddable":true,"href":"https:\/\/novakmarket.com\/de\/wp-json\/wp\/v2\/product_cat?post=6068"},{"taxonomy":"product_tag","embeddable":true,"href":"https:\/\/novakmarket.com\/de\/wp-json\/wp\/v2\/product_tag?post=6068"}],"curies":[{"name":"wp","href":"https:\/\/api.w.org\/{rel}","templated":true}]}}