{"id":6098,"date":"2021-11-29T20:17:35","date_gmt":"2021-11-29T19:17:35","guid":{"rendered":"https:\/\/bestymarketshop.com\/?post_type=product&#038;p=6098"},"modified":"2021-11-29T20:17:41","modified_gmt":"2021-11-29T19:17:41","slug":"gamer-lenovo-legion-17-fhd-2","status":"publish","type":"product","link":"https:\/\/novakmarket.com\/de\/produkt\/gamer-lenovo-legion-17-fhd-2\/","title":{"rendered":"Gamer &#8211; LENOVO Legion- 17&#8243; FHD"},"content":{"rendered":"<p><img loading=\"lazy\" decoding=\"async\" class=\"alignnone size-medium wp-image-5694\" src=\"https:\/\/electroshoptonic.com\/wp-content\/uploads\/2020\/03\/Y8-2-300x300.jpg\" alt=\"\" width=\"300\" height=\"300\" \/><br \/>\nPoints forts :<br \/>\nUtilisation: jeux<br \/>\nProcesseur: Intel Core i7 (9e g\u00e9n\u00e9ration) 9750H \/ 2,6 GHz<br \/>\nRAM: 16 Go (2 x 8 Go)<br \/>\nR\u00e9solution: 1920 x 1080 (Full HD)<br \/>\nCaract\u00e9ristiques: anti-reflets, gamme de couleurs \u00e9tendue \u00e0 72%, taux de rafra\u00eechissement de 60 Hz<br \/>\nStockage principal: SSD 512 Go &#8211; (M.2 2280) PCIe 3.0 x4 &#8211; NVM Express (NVMe)<br \/>\nProcesseur graphique: NVIDIA GeForce GTX 1660 Ti \/ Intel UHD Graphics 630<br \/>\nAutonomie: jusqu&#8217;\u00e0 5 heures<br \/>\nGarantie (\u00b2): 2 ans &#8211; pi\u00e8ces, main d&#8217;oeuvre et d\u00e9placements<br \/>\nSyst\u00e8me d&#8217;exploitation: aucun syst\u00e8me d&#8217;exploitation n&#8217;est fourni<\/p>","protected":false},"excerpt":{"rendered":"<p>Points forts : Utilisation: jeux Processeur: Intel Core i7 (9e g\u00e9n\u00e9ration) 9750H \/ 2,6 GHz RAM: 16 Go (2 x 8 Go) R\u00e9solution: 1920 x 1080 (Full HD) Caract\u00e9ristiques: anti-reflets,<\/p>","protected":false},"featured_media":6128,"comment_status":"open","ping_status":"closed","template":"","meta":{"_acf_changed":false},"product_brand":[],"product_cat":[304],"product_tag":[],"class_list":{"0":"post-6098","1":"product","2":"type-product","3":"status-publish","4":"has-post-thumbnail","6":"product_cat-lenovo","8":"first","9":"instock","10":"shipping-taxable","11":"purchasable","12":"product-type-simple"},"acf":[],"yoast_head":"<!-- This site is optimized with the Yoast SEO plugin v27.2 - https:\/\/yoast.com\/product\/yoast-seo-wordpress\/ -->\n<title>Gamer - LENOVO Legion- 17&quot; FHD - Novak Market<\/title>\n<meta name=\"robots\" content=\"index, follow, max-snippet:-1, max-image-preview:large, max-video-preview:-1\" \/>\n<link rel=\"canonical\" href=\"https:\/\/novakmarket.com\/de\/produkt\/gamer-lenovo-legion-17-fhd-2\/\" \/>\n<meta property=\"og:locale\" content=\"de_DE\" \/>\n<meta property=\"og:type\" content=\"article\" \/>\n<meta property=\"og:title\" content=\"Gamer - LENOVO Legion- 17&quot; FHD - Novak Market\" \/>\n<meta property=\"og:description\" content=\"Points forts : Utilisation: jeux Processeur: Intel Core i7 (9e g\u00e9n\u00e9ration) 9750H \/ 2,6 GHz RAM: 16 Go (2 x 8 Go) R\u00e9solution: 1920 x 1080 (Full HD) Caract\u00e9ristiques: anti-reflets,\" \/>\n<meta property=\"og:url\" content=\"https:\/\/novakmarket.com\/de\/produkt\/gamer-lenovo-legion-17-fhd-2\/\" \/>\n<meta property=\"og:site_name\" content=\"Novak Market\" \/>\n<meta property=\"article:modified_time\" content=\"2021-11-29T19:17:41+00:00\" \/>\n<meta property=\"og:image\" content=\"https:\/\/novakmarket.com\/wp-content\/uploads\/2021\/11\/Y8-2.jpg\" \/>\n\t<meta property=\"og:image:width\" content=\"700\" \/>\n\t<meta property=\"og:image:height\" content=\"700\" \/>\n\t<meta property=\"og:image:type\" content=\"image\/jpeg\" \/>\n<meta name=\"twitter:card\" content=\"summary_large_image\" \/>\n<script type=\"application\/ld+json\" class=\"yoast-schema-graph\">{\"@context\":\"https:\/\/schema.org\",\"@graph\":[{\"@type\":\"WebPage\",\"@id\":\"https:\/\/novakmarket.com\/produit\/gamer-lenovo-legion-17-fhd-2\/\",\"url\":\"https:\/\/novakmarket.com\/produit\/gamer-lenovo-legion-17-fhd-2\/\",\"name\":\"Gamer - LENOVO Legion- 17\\\" FHD - Novak Market\",\"isPartOf\":{\"@id\":\"https:\/\/novakmarket.com\/#website\"},\"primaryImageOfPage\":{\"@id\":\"https:\/\/novakmarket.com\/produit\/gamer-lenovo-legion-17-fhd-2\/#primaryimage\"},\"image\":{\"@id\":\"https:\/\/novakmarket.com\/produit\/gamer-lenovo-legion-17-fhd-2\/#primaryimage\"},\"thumbnailUrl\":\"https:\/\/novakmarket.com\/wp-content\/uploads\/2021\/11\/Y8-2.jpg\",\"datePublished\":\"2021-11-29T19:17:35+00:00\",\"dateModified\":\"2021-11-29T19:17:41+00:00\",\"breadcrumb\":{\"@id\":\"https:\/\/novakmarket.com\/produit\/gamer-lenovo-legion-17-fhd-2\/#breadcrumb\"},\"inLanguage\":\"de\",\"potentialAction\":[{\"@type\":\"ReadAction\",\"target\":[\"https:\/\/novakmarket.com\/produit\/gamer-lenovo-legion-17-fhd-2\/\"]}]},{\"@type\":\"ImageObject\",\"inLanguage\":\"de\",\"@id\":\"https:\/\/novakmarket.com\/produit\/gamer-lenovo-legion-17-fhd-2\/#primaryimage\",\"url\":\"https:\/\/novakmarket.com\/wp-content\/uploads\/2021\/11\/Y8-2.jpg\",\"contentUrl\":\"https:\/\/novakmarket.com\/wp-content\/uploads\/2021\/11\/Y8-2.jpg\",\"width\":700,\"height\":700},{\"@type\":\"BreadcrumbList\",\"@id\":\"https:\/\/novakmarket.com\/produit\/gamer-lenovo-legion-17-fhd-2\/#breadcrumb\",\"itemListElement\":[{\"@type\":\"ListItem\",\"position\":1,\"name\":\"Accueil\",\"item\":\"https:\/\/novakmarket.com\/\"},{\"@type\":\"ListItem\",\"position\":2,\"name\":\"Boutique\",\"item\":\"https:\/\/novakmarket.com\/shop\/\"},{\"@type\":\"ListItem\",\"position\":3,\"name\":\"Gamer &#8211; LENOVO Legion- 17&#8243; FHD\"}]},{\"@type\":\"WebSite\",\"@id\":\"https:\/\/novakmarket.com\/#website\",\"url\":\"https:\/\/novakmarket.com\/\",\"name\":\"Novak Market\",\"description\":\"Vente de produits \u00e9lectroniques.\",\"publisher\":{\"@id\":\"https:\/\/novakmarket.com\/#organization\"},\"potentialAction\":[{\"@type\":\"SearchAction\",\"target\":{\"@type\":\"EntryPoint\",\"urlTemplate\":\"https:\/\/novakmarket.com\/?s={search_term_string}\"},\"query-input\":{\"@type\":\"PropertyValueSpecification\",\"valueRequired\":true,\"valueName\":\"search_term_string\"}}],\"inLanguage\":\"de\"},{\"@type\":\"Organization\",\"@id\":\"https:\/\/novakmarket.com\/#organization\",\"name\":\"Novak Market\",\"url\":\"https:\/\/novakmarket.com\/\",\"logo\":{\"@type\":\"ImageObject\",\"inLanguage\":\"de\",\"@id\":\"https:\/\/novakmarket.com\/#\/schema\/logo\/image\/\",\"url\":\"https:\/\/novakmarket.com\/wp-content\/uploads\/2026\/02\/cropped-footer-pc-removebg-preview.png\",\"contentUrl\":\"https:\/\/novakmarket.com\/wp-content\/uploads\/2026\/02\/cropped-footer-pc-removebg-preview.png\",\"width\":202,\"height\":73,\"caption\":\"Novak Market\"},\"image\":{\"@id\":\"https:\/\/novakmarket.com\/#\/schema\/logo\/image\/\"}}]}<\/script>\n<!-- \/ Yoast SEO plugin. -->","yoast_head_json":{"title":"Gamer - LENOVO Legion- 17\" FHD - Novak Market","robots":{"index":"index","follow":"follow","max-snippet":"max-snippet:-1","max-image-preview":"max-image-preview:large","max-video-preview":"max-video-preview:-1"},"canonical":"https:\/\/novakmarket.com\/de\/produkt\/gamer-lenovo-legion-17-fhd-2\/","og_locale":"de_DE","og_type":"article","og_title":"Gamer - LENOVO Legion- 17\" FHD - Novak Market","og_description":"Points forts : Utilisation: jeux Processeur: Intel Core i7 (9e g\u00e9n\u00e9ration) 9750H \/ 2,6 GHz RAM: 16 Go (2 x 8 Go) R\u00e9solution: 1920 x 1080 (Full HD) Caract\u00e9ristiques: anti-reflets,","og_url":"https:\/\/novakmarket.com\/de\/produkt\/gamer-lenovo-legion-17-fhd-2\/","og_site_name":"Novak Market","article_modified_time":"2021-11-29T19:17:41+00:00","og_image":[{"width":700,"height":700,"url":"https:\/\/novakmarket.com\/wp-content\/uploads\/2021\/11\/Y8-2.jpg","type":"image\/jpeg"}],"twitter_card":"summary_large_image","schema":{"@context":"https:\/\/schema.org","@graph":[{"@type":"WebPage","@id":"https:\/\/novakmarket.com\/produit\/gamer-lenovo-legion-17-fhd-2\/","url":"https:\/\/novakmarket.com\/produit\/gamer-lenovo-legion-17-fhd-2\/","name":"Gamer - LENOVO Legion- 17\" FHD - Novak Market","isPartOf":{"@id":"https:\/\/novakmarket.com\/#website"},"primaryImageOfPage":{"@id":"https:\/\/novakmarket.com\/produit\/gamer-lenovo-legion-17-fhd-2\/#primaryimage"},"image":{"@id":"https:\/\/novakmarket.com\/produit\/gamer-lenovo-legion-17-fhd-2\/#primaryimage"},"thumbnailUrl":"https:\/\/novakmarket.com\/wp-content\/uploads\/2021\/11\/Y8-2.jpg","datePublished":"2021-11-29T19:17:35+00:00","dateModified":"2021-11-29T19:17:41+00:00","breadcrumb":{"@id":"https:\/\/novakmarket.com\/produit\/gamer-lenovo-legion-17-fhd-2\/#breadcrumb"},"inLanguage":"de","potentialAction":[{"@type":"ReadAction","target":["https:\/\/novakmarket.com\/produit\/gamer-lenovo-legion-17-fhd-2\/"]}]},{"@type":"ImageObject","inLanguage":"de","@id":"https:\/\/novakmarket.com\/produit\/gamer-lenovo-legion-17-fhd-2\/#primaryimage","url":"https:\/\/novakmarket.com\/wp-content\/uploads\/2021\/11\/Y8-2.jpg","contentUrl":"https:\/\/novakmarket.com\/wp-content\/uploads\/2021\/11\/Y8-2.jpg","width":700,"height":700},{"@type":"BreadcrumbList","@id":"https:\/\/novakmarket.com\/produit\/gamer-lenovo-legion-17-fhd-2\/#breadcrumb","itemListElement":[{"@type":"ListItem","position":1,"name":"Accueil","item":"https:\/\/novakmarket.com\/"},{"@type":"ListItem","position":2,"name":"Boutique","item":"https:\/\/novakmarket.com\/shop\/"},{"@type":"ListItem","position":3,"name":"Gamer &#8211; LENOVO Legion- 17&#8243; FHD"}]},{"@type":"WebSite","@id":"https:\/\/novakmarket.com\/#website","url":"https:\/\/novakmarket.com\/","name":"Novak Market","description":"Vente de produits \u00e9lectroniques.","publisher":{"@id":"https:\/\/novakmarket.com\/#organization"},"potentialAction":[{"@type":"SearchAction","target":{"@type":"EntryPoint","urlTemplate":"https:\/\/novakmarket.com\/?s={search_term_string}"},"query-input":{"@type":"PropertyValueSpecification","valueRequired":true,"valueName":"search_term_string"}}],"inLanguage":"de"},{"@type":"Organization","@id":"https:\/\/novakmarket.com\/#organization","name":"Novak Market","url":"https:\/\/novakmarket.com\/","logo":{"@type":"ImageObject","inLanguage":"de","@id":"https:\/\/novakmarket.com\/#\/schema\/logo\/image\/","url":"https:\/\/novakmarket.com\/wp-content\/uploads\/2026\/02\/cropped-footer-pc-removebg-preview.png","contentUrl":"https:\/\/novakmarket.com\/wp-content\/uploads\/2026\/02\/cropped-footer-pc-removebg-preview.png","width":202,"height":73,"caption":"Novak Market"},"image":{"@id":"https:\/\/novakmarket.com\/#\/schema\/logo\/image\/"}}]}},"_links":{"self":[{"href":"https:\/\/novakmarket.com\/de\/wp-json\/wp\/v2\/product\/6098","targetHints":{"allow":["GET"]}}],"collection":[{"href":"https:\/\/novakmarket.com\/de\/wp-json\/wp\/v2\/product"}],"about":[{"href":"https:\/\/novakmarket.com\/de\/wp-json\/wp\/v2\/types\/product"}],"replies":[{"embeddable":true,"href":"https:\/\/novakmarket.com\/de\/wp-json\/wp\/v2\/comments?post=6098"}],"wp:featuredmedia":[{"embeddable":true,"href":"https:\/\/novakmarket.com\/de\/wp-json\/wp\/v2\/media\/6128"}],"wp:attachment":[{"href":"https:\/\/novakmarket.com\/de\/wp-json\/wp\/v2\/media?parent=6098"}],"wp:term":[{"taxonomy":"product_brand","embeddable":true,"href":"https:\/\/novakmarket.com\/de\/wp-json\/wp\/v2\/product_brand?post=6098"},{"taxonomy":"product_cat","embeddable":true,"href":"https:\/\/novakmarket.com\/de\/wp-json\/wp\/v2\/product_cat?post=6098"},{"taxonomy":"product_tag","embeddable":true,"href":"https:\/\/novakmarket.com\/de\/wp-json\/wp\/v2\/product_tag?post=6098"}],"curies":[{"name":"wp","href":"https:\/\/api.w.org\/{rel}","templated":true}]}}