{"id":6159,"date":"2021-11-29T20:18:08","date_gmt":"2021-11-29T19:18:08","guid":{"rendered":"https:\/\/bestymarketshop.com\/?post_type=product&#038;p=6159"},"modified":"2021-12-02T15:21:19","modified_gmt":"2021-12-02T14:21:19","slug":"kodak-appareil-photo-numerique","status":"publish","type":"product","link":"https:\/\/novakmarket.com\/de\/produkt\/kodak-appareil-photo-numerique\/","title":{"rendered":"KODAK Appareil photo num\u00e9rique"},"content":{"rendered":"<p><img loading=\"lazy\" decoding=\"async\" class=\"alignnone size-medium wp-image-8996\" src=\"https:\/\/e-marketshopping.com\/wp-content\/uploads\/2020\/07\/N1-300x300.jpg\" alt=\"\" width=\"300\" height=\"300\" \/><\/p>","protected":false},"excerpt":{"rendered":"<table class=\"fpDescTb fpDescTbPub\">\n<tbody>\n<tr>\n<td>Nom du produit<\/td>\n<td>KODAK AZ401 ASTRO ZOOM Appareil photo num\u00e9rique Br<\/td>\n<\/tr>\n<tr>\n<td>Cat\u00e9gorie<\/td>\n<td>APPAREIL PHOTO BRIDGE<\/td>\n<\/tr>\n<tr>\n<th colspan=\"2\">G\u00e9n\u00e9ral<\/th>\n<\/tr>\n<tr>\n<td>Type de Produit<\/td>\n<td>Appareil photo num\u00e9rique &#8211; 720 p &#8211; compact<\/td>\n<\/tr>\n<tr>\n<td>R\u00e9solution du Capteur<\/td>\n<td>16.15 m\u00e9gapixels<\/td>\n<\/tr>\n<tr>\n<td>Type de capteur optique<\/td>\n<td>CCD<\/td>\n<\/tr>\n<tr>\n<td>Taille du capteur optique<\/td>\n<td>1\/2.3&#8243;<\/td>\n<\/tr>\n<tr>\n<td>Zoom num\u00e9rique<\/td>\n<td>4x<\/td>\n<\/tr>\n<tr>\n<td>Nombre total de pixels<\/td>\n<td>16 440 000 pixels<\/td>\n<\/tr>\n<tr>\n<td>Format de vid\u00e9o num\u00e9rique<\/td>\n<td>H.264, MOV<\/td>\n<\/tr>\n<tr>\n<td>Stabilisateur d&#8217;image<\/td>\n<td>Optique<\/td>\n<\/tr>\n<tr>\n<td>Format d&#8217;enregistrement de l&#8217;image<\/td>\n<td>JPEG<\/td>\n<\/tr>\n<tr>\n<td>Autofocus<\/td>\n<td>D\u00e9tection du contraste TTL<\/td>\n<\/tr>\n<tr>\n<td>Nombre de points (zones) d&#8217;autofocus<\/td>\n<td>9<\/td>\n<\/tr>\n<tr>\n<td>Contr\u00f4le AE\/AF<\/td>\n<td>Face-priority AF, AF avec suivi du sujet<\/td>\n<\/tr>\n<tr>\n<td>Couleur du boitier<\/td>\n<td>Rouge<\/td>\n<\/tr>\n<tr>\n<td>R\u00e9solution effective du d\u00e9tecteur<\/td>\n<td>16 150 000 pixels<\/td>\n<\/tr>\n<tr>\n<td>D\u00e9tection des visages<\/td>\n<td>Technologie de suivi des visages automatique, technologie de d\u00e9tection du clignement des yeux, AF\/AE d\u00e9tection des visages, d\u00e9tection des animaux, d\u00e9tection du sourire<\/td>\n<\/tr>\n<tr>\n<td>Format du signal audio<\/td>\n<td>PCM lin\u00e9aire<\/td>\n<\/tr>\n<tr>\n<td>Zoom optique<\/td>\n<td>40x<\/td>\n<\/tr>\n<tr>\n<td>Standard d&#8217;impression<\/td>\n<td>Impression directe, prise en charge de DPOF, prise en charge d&#8217;Exif Print, prise en charge de PictBridge<\/td>\n<\/tr>\n<tr>\n<td>ISO maximum<\/td>\n<td>3200<\/td>\n<\/tr>\n<tr>\n<td>Interface<\/td>\n<td>Audio\/vid\u00e9o composite, HDMI, USB 2.0<\/td>\n<\/tr>\n<tr>\n<td>R\u00e9solution vid\u00e9o max.<\/td>\n<td>1280 x 720<\/td>\n<\/tr>\n<tr>\n<td>Cadence d&#8217;image (r\u00e9solution maximum)<\/td>\n<td>30 pi\/s<\/td>\n<\/tr>\n<tr>\n<td>Stabilisateur d&#8217;image optique int\u00e9gr\u00e9<\/td>\n<td>Oui<\/td>\n<\/tr>\n<tr>\n<td>R\u00e9solution du capteur<\/td>\n<td>16.15 m\u00e9gapixels<\/td>\n<\/tr>\n<tr>\n<th colspan=\"2\">Syst\u00e8me de lentilles<\/th>\n<\/tr>\n<tr>\n<td>Type<\/td>\n<td>Objectif \u00e0 zoom &#8211; 40? zoom &#8211; 4.3 &#8211; 172 mm &#8211; f\/3.0-6.8<\/td>\n<\/tr>\n<tr>\n<td>Distance focale \u00e9quivalente \u00e0 celle d&#8217;un appareil 35 mm<\/td>\n<td>24 &#8211; 960mm<\/td>\n<\/tr>\n<tr>\n<td>R\u00e9glage de la mise au point<\/td>\n<td>Automatique<\/td>\n<\/tr>\n<tr>\n<td>R\u00e9glage du zoom<\/td>\n<td>Entrainement motoris\u00e9<\/td>\n<\/tr>\n<tr>\n<td>Caract\u00e9ristiques<\/td>\n<td>Objectif asph\u00e9rique<\/td>\n<\/tr>\n<tr>\n<td>Structure de l&#8217;objectif<\/td>\n<td>11 groupes \/ 15 \u00e9l\u00e9ments<\/td>\n<\/tr>\n<tr>\n<th colspan=\"2\">Affichage<\/th>\n<\/tr>\n<tr>\n<td>Type<\/td>\n<td>3&#8243; Ecran LCD<\/td>\n<\/tr>\n<tr>\n<td>Facteur de forme d&#8217;\u00e9cran<\/td>\n<td>Int\u00e9gr\u00e9<\/td>\n<\/tr>\n<tr>\n<td>Format d&#8217;affichage<\/td>\n<td>460.000 pixels<\/td>\n<\/tr>\n<tr>\n<th colspan=\"2\">Exposition et balance des blancs<\/th>\n<\/tr>\n<tr>\n<td>Balance des blancs<\/td>\n<td>Personnalis\u00e9, automatique, pr\u00e9r\u00e9glages<\/td>\n<\/tr>\n<tr>\n<td>Pr\u00e9r\u00e9glages du niveau du blanc<\/td>\n<td>Incandescent, fluorescent, trouble, lumi\u00e8re du jour, lampe fluorescente (blanc froid), 1900K &#8211; 10000K<\/td>\n<\/tr>\n<tr>\n<td>Modes d&#8217;Exposition<\/td>\n<td>Programme, automatique, manuel, priorit\u00e9 d&#8217;ouverture, priorit\u00e9 d&#8217;obturateur<\/td>\n<\/tr>\n<tr>\n<td>Compensation de l&#8217;exposition<\/td>\n<td>Marge EV \u00b13, par incr\u00e9ment de 0,33 EV<\/td>\n<\/tr>\n<tr>\n<td>Vitesse maximale de l&#8217;obturateur<\/td>\n<td>1\/2000 sec<\/td>\n<\/tr>\n<tr>\n<td>Sensibilit\u00e9<\/td>\n<td>ISO 100, ISO 400, ISO 200, ISO 80, ISO 1600, ISO auto, ISO 3200 (4 MP)<\/td>\n<\/tr>\n<tr>\n<td>Modes de prises de vue<\/td>\n<td>Paysage, mode portrait, f\u00eate\/int\u00e9rieur, portrait nuit, animaux, enfants, feu d&#8217;artifice, paysage de nuit, assistant de panorama, mode sports, coucher de soleil, neige, Beaut\u00e9<\/td>\n<\/tr>\n<tr>\n<td>Posem\u00e8tre<\/td>\n<td>Lest\u00e9 au centre, point central, Artificial Intelligence AE (AiAE)<\/td>\n<\/tr>\n<tr>\n<td>Vitesse d&#8217;obturation min.<\/td>\n<td>30 sec<\/td>\n<\/tr>\n<tr>\n<th colspan=\"2\">Type de microphone<\/th>\n<\/tr>\n<tr>\n<td>Mode de fonctionnement du microphone<\/td>\n<td>Mono<\/td>\n<\/tr>\n<tr>\n<th colspan=\"2\">M\u00e9moire \/ stockage<\/th>\n<\/tr>\n<tr>\n<td>Stockage d&#8217;image<\/td>\n<td>JPEG 4608 x 3456<br \/>\nJPEG 4608 x 3072<br \/>\nJPEG 4608 x 2592<br \/>\nJPEG 3648 x 2736<br \/>\nJPEG 2592 x 1944<br \/>\nJPEG 2048 x 1536<br \/>\nJPEG 1920 x 1080<br \/>\nJPEG 640 x 480<\/td>\n<\/tr>\n<tr>\n<td>Acquisition vid\u00e9o<\/td>\n<td>H.264 &#8211; 1280 x 720 p &#8211; 30 images par seconde<br \/>\nH.264 &#8211; 1280 x 720 p &#8211; 15 images par seconde<br \/>\nH.264 &#8211; 640 x 480 p &#8211; 30 images par seconde<\/td>\n<\/tr>\n<tr>\n<td>Logement pour carte m\u00e9moire<\/td>\n<td>SD card<\/td>\n<\/tr>\n<tr>\n<td>Cartes m\u00e9moires prises en charge<\/td>\n<td>Carte m\u00e9moire SD, Carte m\u00e9moire SDHC<\/td>\n<\/tr>\n<tr>\n<td>Taille de carte m\u00e9moire max. prise en charge<\/td>\n<td>32 Go<\/td>\n<\/tr>\n<\/tbody>\n<\/table>","protected":false},"featured_media":6219,"comment_status":"open","ping_status":"closed","template":"","meta":{"_acf_changed":false},"product_brand":[],"product_cat":[290],"product_tag":[],"class_list":{"0":"post-6159","1":"product","2":"type-product","3":"status-publish","4":"has-post-thumbnail","6":"product_cat-cameras-appareils-photos","8":"first","9":"instock","10":"shipping-taxable","11":"purchasable","12":"product-type-simple"},"acf":[],"yoast_head":"<!-- This site is optimized with the Yoast SEO plugin v27.2 - https:\/\/yoast.com\/product\/yoast-seo-wordpress\/ -->\n<title>KODAK Appareil photo num\u00e9rique - Novak Market<\/title>\n<meta name=\"robots\" content=\"index, follow, max-snippet:-1, max-image-preview:large, max-video-preview:-1\" \/>\n<link rel=\"canonical\" href=\"https:\/\/novakmarket.com\/de\/produkt\/kodak-appareil-photo-numerique\/\" \/>\n<meta property=\"og:locale\" content=\"de_DE\" \/>\n<meta property=\"og:type\" content=\"article\" \/>\n<meta property=\"og:title\" content=\"KODAK Appareil photo num\u00e9rique - Novak Market\" \/>\n<meta property=\"og:description\" content=\"Nom du produit KODAK AZ401 ASTRO ZOOM Appareil photo num\u00e9rique Br  Cat\u00e9gorie APPAREIL PHOTO BRIDGE  G\u00e9n\u00e9ral  Type de Produit Appareil photo num\u00e9rique - 720 p - compact  R\u00e9solution du Capteur 16.15 m\u00e9gapixels  Type de capteur optique CCD  Taille du capteur optique 1\/2.3&quot;  Zoom num\u00e9rique 4x  Nombre total de pixels 16 440 000 pixels  Format de vid\u00e9o num\u00e9rique H.264, MOV  Stabilisateur d&#039;image Optique  Format d&#039;enregistrement de l&#039;image JPEG  Autofocus D\u00e9tection du contraste TTL  Nombre de points (zones) d&#039;autofocus 9  Contr\u00f4le AE\/AF Face-priority AF, AF avec suivi du sujet  Couleur du boitier Rouge  R\u00e9solution effective du d\u00e9tecteur 16 150 000 pixels  D\u00e9tection des visages Technologie de suivi des visages automatique, technologie de d\u00e9tection du clignement des yeux, AF\/AE d\u00e9tection des visages, d\u00e9tection des animaux, d\u00e9tection du sourire  Format du signal audio PCM lin\u00e9aire  Zoom optique 40x  Standard d&#039;impression Impression directe, prise en charge de DPOF, prise en charge d&#039;Exif Print, prise en charge de PictBridge  ISO maximum 3200  Interface Audio\/vid\u00e9o composite, HDMI, USB 2.0  R\u00e9solution vid\u00e9o max. 1280 x 720  Cadence d&#039;image (r\u00e9solution maximum) 30 pi\/s  Stabilisateur d&#039;image optique int\u00e9gr\u00e9 Oui  R\u00e9solution du capteur 16.15 m\u00e9gapixels  Syst\u00e8me de lentilles  Type Objectif \u00e0 zoom - 40? zoom - 4.3 - 172 mm - f\/3.0-6.8  Distance focale \u00e9quivalente \u00e0 celle d&#039;un appareil 35 mm 24 - 960mm  R\u00e9glage de la mise au point Automatique  R\u00e9glage du zoom Entrainement motoris\u00e9  Caract\u00e9ristiques Objectif asph\u00e9rique  Structure de l&#039;objectif 11 groupes \/ 15 \u00e9l\u00e9ments  Affichage  Type 3&quot; Ecran LCD  Facteur de forme d&#039;\u00e9cran Int\u00e9gr\u00e9  Format d&#039;affichage 460.000 pixels  Exposition et balance des blancs  Balance des blancs Personnalis\u00e9, automatique, pr\u00e9r\u00e9glages  Pr\u00e9r\u00e9glages du niveau du blanc Incandescent, fluorescent, trouble, lumi\u00e8re du jour, lampe fluorescente (blanc froid), 1900K - 10000K  Modes d&#039;Exposition Programme, automatique, manuel, priorit\u00e9 d&#039;ouverture, priorit\u00e9 d&#039;obturateur  Compensation de l&#039;exposition Marge EV \u00b13, par incr\u00e9ment de 0,33 EV  Vitesse maximale de l&#039;obturateur 1\/2000 sec  Sensibilit\u00e9 ISO 100, ISO 400, ISO 200, ISO 80, ISO 1600, ISO auto, ISO 3200 (4 MP)  Modes de prises de vue Paysage, mode portrait, f\u00eate\/int\u00e9rieur, portrait nuit, animaux, enfants, feu d&#039;artifice, paysage de nuit, assistant de panorama, mode sports, coucher de soleil, neige, Beaut\u00e9  Posem\u00e8tre Lest\u00e9 au centre, point central, Artificial Intelligence AE (AiAE)  Vitesse d&#039;obturation min. 30 sec  Type de microphone  Mode de fonctionnement du microphone Mono  M\u00e9moire \/ stockage  Stockage d&#039;image JPEG 4608 x 3456 JPEG 4608 x 3072 JPEG 4608 x 2592 JPEG 3648 x 2736 JPEG 2592 x 1944 JPEG 2048 x 1536 JPEG 1920 x 1080 JPEG 640 x 480  Acquisition vid\u00e9o H.264 - 1280 x 720 p - 30 images par seconde H.264 - 1280 x 720 p - 15 images par seconde H.264 - 640 x 480 p - 30 images par seconde  Logement pour carte m\u00e9moire SD card  Cartes m\u00e9moires prises en charge Carte m\u00e9moire SD, Carte m\u00e9moire SDHC  Taille de carte m\u00e9moire max. prise en charge 32 Go\" \/>\n<meta property=\"og:url\" content=\"https:\/\/novakmarket.com\/de\/produkt\/kodak-appareil-photo-numerique\/\" \/>\n<meta property=\"og:site_name\" content=\"Novak Market\" \/>\n<meta property=\"article:modified_time\" content=\"2021-12-02T14:21:19+00:00\" \/>\n<meta property=\"og:image\" content=\"https:\/\/novakmarket.com\/wp-content\/uploads\/2021\/11\/N1-2.jpg\" \/>\n\t<meta property=\"og:image:width\" content=\"700\" \/>\n\t<meta property=\"og:image:height\" content=\"700\" \/>\n\t<meta property=\"og:image:type\" content=\"image\/jpeg\" \/>\n<meta name=\"twitter:card\" content=\"summary_large_image\" \/>\n<script type=\"application\/ld+json\" class=\"yoast-schema-graph\">{\"@context\":\"https:\/\/schema.org\",\"@graph\":[{\"@type\":\"WebPage\",\"@id\":\"https:\/\/novakmarket.com\/produit\/kodak-appareil-photo-numerique\/\",\"url\":\"https:\/\/novakmarket.com\/produit\/kodak-appareil-photo-numerique\/\",\"name\":\"KODAK Appareil photo num\u00e9rique - Novak Market\",\"isPartOf\":{\"@id\":\"https:\/\/novakmarket.com\/#website\"},\"primaryImageOfPage\":{\"@id\":\"https:\/\/novakmarket.com\/produit\/kodak-appareil-photo-numerique\/#primaryimage\"},\"image\":{\"@id\":\"https:\/\/novakmarket.com\/produit\/kodak-appareil-photo-numerique\/#primaryimage\"},\"thumbnailUrl\":\"https:\/\/novakmarket.com\/wp-content\/uploads\/2021\/11\/N1-2.jpg\",\"datePublished\":\"2021-11-29T19:18:08+00:00\",\"dateModified\":\"2021-12-02T14:21:19+00:00\",\"breadcrumb\":{\"@id\":\"https:\/\/novakmarket.com\/produit\/kodak-appareil-photo-numerique\/#breadcrumb\"},\"inLanguage\":\"de\",\"potentialAction\":[{\"@type\":\"ReadAction\",\"target\":[\"https:\/\/novakmarket.com\/produit\/kodak-appareil-photo-numerique\/\"]}]},{\"@type\":\"ImageObject\",\"inLanguage\":\"de\",\"@id\":\"https:\/\/novakmarket.com\/produit\/kodak-appareil-photo-numerique\/#primaryimage\",\"url\":\"https:\/\/novakmarket.com\/wp-content\/uploads\/2021\/11\/N1-2.jpg\",\"contentUrl\":\"https:\/\/novakmarket.com\/wp-content\/uploads\/2021\/11\/N1-2.jpg\",\"width\":700,\"height\":700},{\"@type\":\"BreadcrumbList\",\"@id\":\"https:\/\/novakmarket.com\/produit\/kodak-appareil-photo-numerique\/#breadcrumb\",\"itemListElement\":[{\"@type\":\"ListItem\",\"position\":1,\"name\":\"Accueil\",\"item\":\"https:\/\/novakmarket.com\/\"},{\"@type\":\"ListItem\",\"position\":2,\"name\":\"Boutique\",\"item\":\"https:\/\/novakmarket.com\/shop\/\"},{\"@type\":\"ListItem\",\"position\":3,\"name\":\"KODAK Appareil photo num\u00e9rique\"}]},{\"@type\":\"WebSite\",\"@id\":\"https:\/\/novakmarket.com\/#website\",\"url\":\"https:\/\/novakmarket.com\/\",\"name\":\"Novak Market\",\"description\":\"Vente de produits \u00e9lectroniques.\",\"publisher\":{\"@id\":\"https:\/\/novakmarket.com\/#organization\"},\"potentialAction\":[{\"@type\":\"SearchAction\",\"target\":{\"@type\":\"EntryPoint\",\"urlTemplate\":\"https:\/\/novakmarket.com\/?s={search_term_string}\"},\"query-input\":{\"@type\":\"PropertyValueSpecification\",\"valueRequired\":true,\"valueName\":\"search_term_string\"}}],\"inLanguage\":\"de\"},{\"@type\":\"Organization\",\"@id\":\"https:\/\/novakmarket.com\/#organization\",\"name\":\"Novak Market\",\"url\":\"https:\/\/novakmarket.com\/\",\"logo\":{\"@type\":\"ImageObject\",\"inLanguage\":\"de\",\"@id\":\"https:\/\/novakmarket.com\/#\/schema\/logo\/image\/\",\"url\":\"https:\/\/novakmarket.com\/wp-content\/uploads\/2026\/02\/cropped-footer-pc-removebg-preview.png\",\"contentUrl\":\"https:\/\/novakmarket.com\/wp-content\/uploads\/2026\/02\/cropped-footer-pc-removebg-preview.png\",\"width\":202,\"height\":73,\"caption\":\"Novak Market\"},\"image\":{\"@id\":\"https:\/\/novakmarket.com\/#\/schema\/logo\/image\/\"}}]}<\/script>\n<!-- \/ Yoast SEO plugin. -->","yoast_head_json":{"title":"KODAK Appareil photo num\u00e9rique - Novak Market","robots":{"index":"index","follow":"follow","max-snippet":"max-snippet:-1","max-image-preview":"max-image-preview:large","max-video-preview":"max-video-preview:-1"},"canonical":"https:\/\/novakmarket.com\/de\/produkt\/kodak-appareil-photo-numerique\/","og_locale":"de_DE","og_type":"article","og_title":"KODAK Appareil photo num\u00e9rique - Novak Market","og_description":"Nom du produit KODAK AZ401 ASTRO ZOOM Appareil photo num\u00e9rique Br  Cat\u00e9gorie APPAREIL PHOTO BRIDGE  G\u00e9n\u00e9ral  Type de Produit Appareil photo num\u00e9rique - 720 p - compact  R\u00e9solution du Capteur 16.15 m\u00e9gapixels  Type de capteur optique CCD  Taille du capteur optique 1\/2.3\"  Zoom num\u00e9rique 4x  Nombre total de pixels 16 440 000 pixels  Format de vid\u00e9o num\u00e9rique H.264, MOV  Stabilisateur d'image Optique  Format d'enregistrement de l'image JPEG  Autofocus D\u00e9tection du contraste TTL  Nombre de points (zones) d'autofocus 9  Contr\u00f4le AE\/AF Face-priority AF, AF avec suivi du sujet  Couleur du boitier Rouge  R\u00e9solution effective du d\u00e9tecteur 16 150 000 pixels  D\u00e9tection des visages Technologie de suivi des visages automatique, technologie de d\u00e9tection du clignement des yeux, AF\/AE d\u00e9tection des visages, d\u00e9tection des animaux, d\u00e9tection du sourire  Format du signal audio PCM lin\u00e9aire  Zoom optique 40x  Standard d'impression Impression directe, prise en charge de DPOF, prise en charge d'Exif Print, prise en charge de PictBridge  ISO maximum 3200  Interface Audio\/vid\u00e9o composite, HDMI, USB 2.0  R\u00e9solution vid\u00e9o max. 1280 x 720  Cadence d'image (r\u00e9solution maximum) 30 pi\/s  Stabilisateur d'image optique int\u00e9gr\u00e9 Oui  R\u00e9solution du capteur 16.15 m\u00e9gapixels  Syst\u00e8me de lentilles  Type Objectif \u00e0 zoom - 40? zoom - 4.3 - 172 mm - f\/3.0-6.8  Distance focale \u00e9quivalente \u00e0 celle d'un appareil 35 mm 24 - 960mm  R\u00e9glage de la mise au point Automatique  R\u00e9glage du zoom Entrainement motoris\u00e9  Caract\u00e9ristiques Objectif asph\u00e9rique  Structure de l'objectif 11 groupes \/ 15 \u00e9l\u00e9ments  Affichage  Type 3\" Ecran LCD  Facteur de forme d'\u00e9cran Int\u00e9gr\u00e9  Format d'affichage 460.000 pixels  Exposition et balance des blancs  Balance des blancs Personnalis\u00e9, automatique, pr\u00e9r\u00e9glages  Pr\u00e9r\u00e9glages du niveau du blanc Incandescent, fluorescent, trouble, lumi\u00e8re du jour, lampe fluorescente (blanc froid), 1900K - 10000K  Modes d'Exposition Programme, automatique, manuel, priorit\u00e9 d'ouverture, priorit\u00e9 d'obturateur  Compensation de l'exposition Marge EV \u00b13, par incr\u00e9ment de 0,33 EV  Vitesse maximale de l'obturateur 1\/2000 sec  Sensibilit\u00e9 ISO 100, ISO 400, ISO 200, ISO 80, ISO 1600, ISO auto, ISO 3200 (4 MP)  Modes de prises de vue Paysage, mode portrait, f\u00eate\/int\u00e9rieur, portrait nuit, animaux, enfants, feu d'artifice, paysage de nuit, assistant de panorama, mode sports, coucher de soleil, neige, Beaut\u00e9  Posem\u00e8tre Lest\u00e9 au centre, point central, Artificial Intelligence AE (AiAE)  Vitesse d'obturation min. 30 sec  Type de microphone  Mode de fonctionnement du microphone Mono  M\u00e9moire \/ stockage  Stockage d'image JPEG 4608 x 3456 JPEG 4608 x 3072 JPEG 4608 x 2592 JPEG 3648 x 2736 JPEG 2592 x 1944 JPEG 2048 x 1536 JPEG 1920 x 1080 JPEG 640 x 480  Acquisition vid\u00e9o H.264 - 1280 x 720 p - 30 images par seconde H.264 - 1280 x 720 p - 15 images par seconde H.264 - 640 x 480 p - 30 images par seconde  Logement pour carte m\u00e9moire SD card  Cartes m\u00e9moires prises en charge Carte m\u00e9moire SD, Carte m\u00e9moire SDHC  Taille de carte m\u00e9moire max. prise en charge 32 Go","og_url":"https:\/\/novakmarket.com\/de\/produkt\/kodak-appareil-photo-numerique\/","og_site_name":"Novak Market","article_modified_time":"2021-12-02T14:21:19+00:00","og_image":[{"width":700,"height":700,"url":"https:\/\/novakmarket.com\/wp-content\/uploads\/2021\/11\/N1-2.jpg","type":"image\/jpeg"}],"twitter_card":"summary_large_image","schema":{"@context":"https:\/\/schema.org","@graph":[{"@type":"WebPage","@id":"https:\/\/novakmarket.com\/produit\/kodak-appareil-photo-numerique\/","url":"https:\/\/novakmarket.com\/produit\/kodak-appareil-photo-numerique\/","name":"KODAK Appareil photo num\u00e9rique - Novak Market","isPartOf":{"@id":"https:\/\/novakmarket.com\/#website"},"primaryImageOfPage":{"@id":"https:\/\/novakmarket.com\/produit\/kodak-appareil-photo-numerique\/#primaryimage"},"image":{"@id":"https:\/\/novakmarket.com\/produit\/kodak-appareil-photo-numerique\/#primaryimage"},"thumbnailUrl":"https:\/\/novakmarket.com\/wp-content\/uploads\/2021\/11\/N1-2.jpg","datePublished":"2021-11-29T19:18:08+00:00","dateModified":"2021-12-02T14:21:19+00:00","breadcrumb":{"@id":"https:\/\/novakmarket.com\/produit\/kodak-appareil-photo-numerique\/#breadcrumb"},"inLanguage":"de","potentialAction":[{"@type":"ReadAction","target":["https:\/\/novakmarket.com\/produit\/kodak-appareil-photo-numerique\/"]}]},{"@type":"ImageObject","inLanguage":"de","@id":"https:\/\/novakmarket.com\/produit\/kodak-appareil-photo-numerique\/#primaryimage","url":"https:\/\/novakmarket.com\/wp-content\/uploads\/2021\/11\/N1-2.jpg","contentUrl":"https:\/\/novakmarket.com\/wp-content\/uploads\/2021\/11\/N1-2.jpg","width":700,"height":700},{"@type":"BreadcrumbList","@id":"https:\/\/novakmarket.com\/produit\/kodak-appareil-photo-numerique\/#breadcrumb","itemListElement":[{"@type":"ListItem","position":1,"name":"Accueil","item":"https:\/\/novakmarket.com\/"},{"@type":"ListItem","position":2,"name":"Boutique","item":"https:\/\/novakmarket.com\/shop\/"},{"@type":"ListItem","position":3,"name":"KODAK Appareil photo num\u00e9rique"}]},{"@type":"WebSite","@id":"https:\/\/novakmarket.com\/#website","url":"https:\/\/novakmarket.com\/","name":"Novak Market","description":"Vente de produits \u00e9lectroniques.","publisher":{"@id":"https:\/\/novakmarket.com\/#organization"},"potentialAction":[{"@type":"SearchAction","target":{"@type":"EntryPoint","urlTemplate":"https:\/\/novakmarket.com\/?s={search_term_string}"},"query-input":{"@type":"PropertyValueSpecification","valueRequired":true,"valueName":"search_term_string"}}],"inLanguage":"de"},{"@type":"Organization","@id":"https:\/\/novakmarket.com\/#organization","name":"Novak Market","url":"https:\/\/novakmarket.com\/","logo":{"@type":"ImageObject","inLanguage":"de","@id":"https:\/\/novakmarket.com\/#\/schema\/logo\/image\/","url":"https:\/\/novakmarket.com\/wp-content\/uploads\/2026\/02\/cropped-footer-pc-removebg-preview.png","contentUrl":"https:\/\/novakmarket.com\/wp-content\/uploads\/2026\/02\/cropped-footer-pc-removebg-preview.png","width":202,"height":73,"caption":"Novak Market"},"image":{"@id":"https:\/\/novakmarket.com\/#\/schema\/logo\/image\/"}}]}},"_links":{"self":[{"href":"https:\/\/novakmarket.com\/de\/wp-json\/wp\/v2\/product\/6159","targetHints":{"allow":["GET"]}}],"collection":[{"href":"https:\/\/novakmarket.com\/de\/wp-json\/wp\/v2\/product"}],"about":[{"href":"https:\/\/novakmarket.com\/de\/wp-json\/wp\/v2\/types\/product"}],"replies":[{"embeddable":true,"href":"https:\/\/novakmarket.com\/de\/wp-json\/wp\/v2\/comments?post=6159"}],"wp:featuredmedia":[{"embeddable":true,"href":"https:\/\/novakmarket.com\/de\/wp-json\/wp\/v2\/media\/6219"}],"wp:attachment":[{"href":"https:\/\/novakmarket.com\/de\/wp-json\/wp\/v2\/media?parent=6159"}],"wp:term":[{"taxonomy":"product_brand","embeddable":true,"href":"https:\/\/novakmarket.com\/de\/wp-json\/wp\/v2\/product_brand?post=6159"},{"taxonomy":"product_cat","embeddable":true,"href":"https:\/\/novakmarket.com\/de\/wp-json\/wp\/v2\/product_cat?post=6159"},{"taxonomy":"product_tag","embeddable":true,"href":"https:\/\/novakmarket.com\/de\/wp-json\/wp\/v2\/product_tag?post=6159"}],"curies":[{"name":"wp","href":"https:\/\/api.w.org\/{rel}","templated":true}]}}