{"id":6201,"date":"2021-11-29T20:18:40","date_gmt":"2021-11-29T19:18:40","guid":{"rendered":"https:\/\/bestymarketshop.com\/?post_type=product&#038;p=6201"},"modified":"2021-11-29T20:18:55","modified_gmt":"2021-11-29T19:18:55","slug":"canon-multifonction-4-en-1-noire","status":"publish","type":"product","link":"https:\/\/novakmarket.com\/de\/produkt\/canon-multifonction-4-en-1-noire\/","title":{"rendered":"CANON Multifonction 4 en 1 &#8211; Noire"},"content":{"rendered":"<p><img loading=\"lazy\" decoding=\"async\" class=\"alignnone size-medium wp-image-9026\" src=\"https:\/\/e-marketshopping.com\/wp-content\/uploads\/2020\/07\/I5-300x300.jpg\" alt=\"\" width=\"300\" height=\"300\" \/><\/p>","protected":false},"excerpt":{"rendered":"<table class=\"fpDescTb fpDescTbPub\">\n<tbody>\n<tr>\n<td>Nom du produit<\/td>\n<td>CANON Multifonction Jet d&#8217;encre 4 en 1 Pixma MX495<\/td>\n<\/tr>\n<tr>\n<td>Cat\u00e9gorie<\/td>\n<td>IMPRIMANTE<\/td>\n<\/tr>\n<tr>\n<th colspan=\"2\">Informations sur le produit<\/th>\n<\/tr>\n<tr>\n<td>Marque<\/td>\n<td>CANON<\/td>\n<\/tr>\n<tr>\n<th colspan=\"2\">G\u00e9n\u00e9ral<\/th>\n<\/tr>\n<tr>\n<td>Type de p\u00e9riph\u00e9rique<\/td>\n<td>Imprimante multifonctions<\/td>\n<\/tr>\n<tr>\n<td>Technologie d&#8217;impression<\/td>\n<td>Jet d&#8217;encre &#8211; couleur<\/td>\n<\/tr>\n<tr>\n<td>Type de t\u00e9l\u00e9copieur<\/td>\n<td>Papier uni<\/td>\n<\/tr>\n<tr>\n<td>Cycle d&#8217;utilisation mensuel (maxi)<\/td>\n<td>1000 pages<\/td>\n<\/tr>\n<tr>\n<td>Fonctions de l&#8217;article de bureau<\/td>\n<td>PIXMA Cloud Link<\/td>\n<\/tr>\n<tr>\n<td>AirPrint activ\u00e9<\/td>\n<td>Oui<\/td>\n<\/tr>\n<tr>\n<td>Couleur du boitier<\/td>\n<td>Blanc<\/td>\n<\/tr>\n<tr>\n<td>Disponibilit\u00e9 de la connexion<\/td>\n<td>Oui<\/td>\n<\/tr>\n<tr>\n<td>Interface<\/td>\n<td>USB 2.0, Wi-Fi(n)<\/td>\n<\/tr>\n<tr>\n<th colspan=\"2\">Copie<\/th>\n<\/tr>\n<tr>\n<td>Copies maximales<\/td>\n<td>99<\/td>\n<\/tr>\n<tr>\n<td>Vitesse de reproduction maximale<\/td>\n<td>3.6 ppm (couleur)<\/td>\n<\/tr>\n<tr>\n<td>Agrandissement maximal de documents<\/td>\n<td>400%<\/td>\n<\/tr>\n<tr>\n<td>R\u00e9duction maximale de documents<\/td>\n<td>25%<\/td>\n<\/tr>\n<tr>\n<th colspan=\"2\">T\u00e9l\u00e9copieur<\/th>\n<\/tr>\n<tr>\n<td>Compatibilit\u00e9<\/td>\n<td>Super G3<\/td>\n<\/tr>\n<tr>\n<td>Vitesse de transmission maximum<\/td>\n<td>33.6 Kbits\/s<\/td>\n<\/tr>\n<tr>\n<td>Capacit\u00e9 totale de la m\u00e9moire<\/td>\n<td>Jusqu&#8217;\u00e0 50 pages<\/td>\n<\/tr>\n<tr>\n<td>R\u00e9solutions du t\u00e9l\u00e9copieur<\/td>\n<td>300 x 300 ppp, 200 x 200 ppp<\/td>\n<\/tr>\n<tr>\n<th colspan=\"2\">Utilisation des documents et des supports<\/th>\n<\/tr>\n<tr>\n<td>Taille d&#8217;origine maximum<\/td>\n<td>A4 (210 x 297 mm), Legal (216 x 356 mm)<\/td>\n<\/tr>\n<tr>\n<td>Type d&#8217;origine<\/td>\n<td>Feuilles<\/td>\n<\/tr>\n<tr>\n<td>Type de support pris en charge<\/td>\n<td>Papier uni, papier photo, papier photo brillant, papier photo mat<\/td>\n<\/tr>\n<tr>\n<td>Capacit\u00e9 de support standard<\/td>\n<td>100 feuilles<\/td>\n<\/tr>\n<tr>\n<td>Capacit\u00e9 du chargeur de documents<\/td>\n<td>20 feuilles<\/td>\n<\/tr>\n<tr>\n<td>Taille des supports pris en charge<\/td>\n<td>ANSI A (Letter) (216 x 279 mm), Legal (216 x 356 mm), A4 (210 x 297 mm), A5 (148 x 210 mm), B5 (176 x 250 mm), 100 x 150 mm, 130 x 180 mm<\/td>\n<\/tr>\n<tr>\n<td>D\u00e9tails sur la vitesse<\/td>\n<td>Impression: jusqu&#8217;\u00e0 8.8 ipm &#8211; noir &amp; blanc<br \/>\nImpression: jusqu&#8217;\u00e0 4.4 ipm &#8211; couleur<br \/>\nCopie: jusqu&#8217;\u00e0 3.6 ipm &#8211; couleur<br \/>\nImpression: 70 s (10 x 15 cm (4&#8243;x6&#8243;)) &#8211; photo<\/td>\n<\/tr>\n<tr>\n<td>Tailles de photos sans bordure<\/td>\n<td>ANSI A (Letter) (216 x 279 mm), A4 (210 x 297 mm), 100 x 150 mm, 130 x 180 mm, 200 x 250 mm<\/td>\n<\/tr>\n<tr>\n<td>D\u00e9tails concernant la manipulation de documents et de supports<\/td>\n<td>ADF &#8211; 20 feuilles &#8211; Legal (216 x 356 mm)\/A4 (210 x 297 mm)<br \/>\nBac d&#8217;entr\u00e9e &#8211; 100 feuilles &#8211; Legal (216 x 356 mm)\/A4 (210 x 297 mm)<\/td>\n<\/tr>\n<tr>\n<td>Poids maximum du support<\/td>\n<td>300 g\/m\u00b2<\/td>\n<\/tr>\n<tr>\n<td>Poids minimum du support<\/td>\n<td>64 g\/m\u00b2<\/td>\n<\/tr>\n<tr>\n<td>Taille max. du support<\/td>\n<td>A4\/Legal<\/td>\n<\/tr>\n<tr>\n<th colspan=\"2\">Alimentation<\/th>\n<\/tr>\n<tr>\n<td>Tension requise<\/td>\n<td>CA 120\/230 V (50\/60Hz)<\/td>\n<\/tr>\n<tr>\n<td>Consommation au repos<\/td>\n<td>1.6 Watt<\/td>\n<\/tr>\n<tr>\n<td>Consommation en fonctionnement<\/td>\n<td>7 Watt<\/td>\n<\/tr>\n<tr>\n<th colspan=\"2\">Impression<\/th>\n<\/tr>\n<tr>\n<td>R\u00e9solution d&#8217;impression maximale<\/td>\n<td>4 800 x 1 200 ppp (couleur)<\/td>\n<\/tr>\n<tr>\n<td>Technologie d&#8217;imprimante \u00e0 jet d&#8217;encre<\/td>\n<td>FINE de Canon (&#8220;Full-lithography inkjet Nozzle Engineering&#8221;)<\/td>\n<\/tr>\n<tr>\n<td>Couleur<\/td>\n<td>4 encres<\/td>\n<\/tr>\n<tr>\n<td>Taille minimum des goutelettes d&#8217;encre<\/td>\n<td>2 pl<\/td>\n<\/tr>\n<tr>\n<td>Configuration de la cartouche d&#8217;encre<\/td>\n<td>1 cartouche noire pigment\u00e9e, 1 cartouche couleur (cyan, magenta, jaune)<\/td>\n<\/tr>\n<tr>\n<td>Palette d&#8217;encres prise en charge (couleurs)<\/td>\n<td>Cyan, magenta, jaune, pigment noir<\/td>\n<\/tr>\n<tr>\n<td>Vitesse d&#8217;impression max.<\/td>\n<td>Jusqu&#8217;\u00e0 8.8 ipm (mono)\/jusqu&#8217;\u00e0 4.4 ipm (couleur)<\/td>\n<\/tr>\n<tr>\n<th colspan=\"2\">Balayage<\/th>\n<\/tr>\n<tr>\n<td>R\u00e9solution optique<\/td>\n<td>600 x 1 200 ppp<\/td>\n<\/tr>\n<tr>\n<td>Profondeur des couleurs (interne)<\/td>\n<td>48 bits<\/td>\n<\/tr>\n<tr>\n<td>Profondeur de gris<\/td>\n<td>8 bits<\/td>\n<\/tr>\n<tr>\n<td>Profondeur d&#8217;\u00e9chantillonnage<\/td>\n<td>24 bits<\/td>\n<\/tr>\n<tr>\n<th colspan=\"2\">Divers<\/th>\n<\/tr>\n<tr>\n<td>Temps de sortie 1\u00e8re copie couleur<\/td>\n<td>28 s<\/td>\n<\/tr>\n<tr>\n<td>Consommables inclus<\/td>\n<td>1 x Cartouche (noir pigment\u00e9)<br \/>\n1 x Cartouche (couleur)<\/td>\n<\/tr>\n<tr>\n<th colspan=\"2\">Caract\u00e9ristiques d\u2019environnement<\/th>\n<\/tr>\n<tr>\n<td>Niveau sonore<\/td>\n<td>44.5 dBA (en fonctionnement)<\/td>\n<\/tr>\n<tr>\n<td>Taux d&#8217;humidit\u00e9 en fonctionnement<\/td>\n<td>10 &#8211; 90 % (sans condensation)<\/td>\n<\/tr>\n<tr>\n<td>Temp\u00e9rature maximale de fonctionnement<\/td>\n<td>30 \u00b0C<\/td>\n<\/tr>\n<tr>\n<td>Temp\u00e9rature minimale de fonctionnement<\/td>\n<td>15 \u00b0C<\/td>\n<\/tr>\n<tr>\n<th colspan=\"2\">Dimensions et poids<\/th>\n<\/tr>\n<tr>\n<td>Largeur<\/td>\n<td>43.5 cm<\/td>\n<\/tr>\n<tr>\n<td>Hauteur<\/td>\n<td>29.5 cm<\/td>\n<\/tr>\n<tr>\n<td>Poids<\/td>\n<td>5.9 kg<\/td>\n<\/tr>\n<tr>\n<td>Profondeur<\/td>\n<td>18.9 cm<\/td>\n<\/tr>\n<tr>\n<th colspan=\"2\">Connexions<\/th>\n<\/tr>\n<tr>\n<td>Interfaces<\/td>\n<td>1 x USB 2.0 &#8211; USB 4 broches type B<\/td>\n<\/tr>\n<tr>\n<td>Protocoles et fonctions de s\u00e9curit\u00e9<\/td>\n<td>WEP, WPA-PSK, WPA2-PSK<\/td>\n<\/tr>\n<tr>\n<td>Logiciel(s) inclus<\/td>\n<td>Pilotes de p\u00e9riph\u00e9rique et utilitaires, Canon Easy-WebPrint EX, Canon My Image Garden<\/td>\n<\/tr>\n<tr>\n<td>Syst\u00e8me d&#8217;exploitation pris en charge<\/td>\n<td>MS Windows 7, MS Windows Vista SP1, MS Windows XP SP3, MS Windows Vista SP2, Windows 8, Windows RT, Android, iOS, Windows 8.1, Apple MacOS X 10.7.5 ou plus r\u00e9cent<\/td>\n<\/tr>\n<\/tbody>\n<\/table>","protected":false},"featured_media":6235,"comment_status":"open","ping_status":"closed","template":"","meta":{"_acf_changed":false},"product_brand":[],"product_cat":[298],"product_tag":[],"class_list":{"0":"post-6201","1":"product","2":"type-product","3":"status-publish","4":"has-post-thumbnail","6":"product_cat-printers","8":"first","9":"instock","10":"shipping-taxable","11":"purchasable","12":"product-type-simple"},"acf":[],"yoast_head":"<!-- This site is optimized with the Yoast SEO plugin v27.2 - https:\/\/yoast.com\/product\/yoast-seo-wordpress\/ -->\n<title>CANON Multifonction 4 en 1 - Noire - Novak Market<\/title>\n<meta name=\"robots\" content=\"index, follow, max-snippet:-1, max-image-preview:large, max-video-preview:-1\" \/>\n<link rel=\"canonical\" href=\"https:\/\/novakmarket.com\/de\/produkt\/canon-multifonction-4-en-1-noire\/\" \/>\n<meta property=\"og:locale\" content=\"de_DE\" \/>\n<meta property=\"og:type\" content=\"article\" \/>\n<meta property=\"og:title\" content=\"CANON Multifonction 4 en 1 - Noire - Novak Market\" \/>\n<meta property=\"og:description\" content=\"Nom du produit CANON Multifonction Jet d&#039;encre 4 en 1 Pixma MX495  Cat\u00e9gorie IMPRIMANTE  Informations sur le produit  Marque CANON  G\u00e9n\u00e9ral  Type de p\u00e9riph\u00e9rique Imprimante multifonctions  Technologie d&#039;impression Jet d&#039;encre - couleur  Type de t\u00e9l\u00e9copieur Papier uni  Cycle d&#039;utilisation mensuel (maxi) 1000 pages  Fonctions de l&#039;article de bureau PIXMA Cloud Link  AirPrint activ\u00e9 Oui  Couleur du boitier Blanc  Disponibilit\u00e9 de la connexion Oui  Interface USB 2.0, Wi-Fi(n)  Copie  Copies maximales 99  Vitesse de reproduction maximale 3.6 ppm (couleur)  Agrandissement maximal de documents 400%  R\u00e9duction maximale de documents 25%  T\u00e9l\u00e9copieur  Compatibilit\u00e9 Super G3  Vitesse de transmission maximum 33.6 Kbits\/s  Capacit\u00e9 totale de la m\u00e9moire Jusqu&#039;\u00e0 50 pages  R\u00e9solutions du t\u00e9l\u00e9copieur 300 x 300 ppp, 200 x 200 ppp  Utilisation des documents et des supports  Taille d&#039;origine maximum A4 (210 x 297 mm), Legal (216 x 356 mm)  Type d&#039;origine Feuilles  Type de support pris en charge Papier uni, papier photo, papier photo brillant, papier photo mat  Capacit\u00e9 de support standard 100 feuilles  Capacit\u00e9 du chargeur de documents 20 feuilles  Taille des supports pris en charge ANSI A (Letter) (216 x 279 mm), Legal (216 x 356 mm), A4 (210 x 297 mm), A5 (148 x 210 mm), B5 (176 x 250 mm), 100 x 150 mm, 130 x 180 mm  D\u00e9tails sur la vitesse Impression: jusqu&#039;\u00e0 8.8 ipm - noir &amp; blanc Impression: jusqu&#039;\u00e0 4.4 ipm - couleur Copie: jusqu&#039;\u00e0 3.6 ipm - couleur Impression: 70 s (10 x 15 cm (4&quot;x6&quot;)) - photo  Tailles de photos sans bordure ANSI A (Letter) (216 x 279 mm), A4 (210 x 297 mm), 100 x 150 mm, 130 x 180 mm, 200 x 250 mm  D\u00e9tails concernant la manipulation de documents et de supports ADF - 20 feuilles - Legal (216 x 356 mm)\/A4 (210 x 297 mm) Bac d&#039;entr\u00e9e - 100 feuilles - Legal (216 x 356 mm)\/A4 (210 x 297 mm)  Poids maximum du support 300 g\/m\u00b2  Poids minimum du support 64 g\/m\u00b2  Taille max. du support A4\/Legal  Alimentation  Tension requise CA 120\/230 V (50\/60Hz)  Consommation au repos 1.6 Watt  Consommation en fonctionnement 7 Watt  Impression  R\u00e9solution d&#039;impression maximale 4 800 x 1 200 ppp (couleur)  Technologie d&#039;imprimante \u00e0 jet d&#039;encre FINE de Canon (&quot;Full-lithography inkjet Nozzle Engineering&quot;)  Couleur 4 encres  Taille minimum des goutelettes d&#039;encre 2 pl  Configuration de la cartouche d&#039;encre 1 cartouche noire pigment\u00e9e, 1 cartouche couleur (cyan, magenta, jaune)  Palette d&#039;encres prise en charge (couleurs) Cyan, magenta, jaune, pigment noir  Vitesse d&#039;impression max. Jusqu&#039;\u00e0 8.8 ipm (mono)\/jusqu&#039;\u00e0 4.4 ipm (couleur)  Balayage  R\u00e9solution optique 600 x 1 200 ppp  Profondeur des couleurs (interne) 48 bits  Profondeur de gris 8 bits  Profondeur d&#039;\u00e9chantillonnage 24 bits  Divers  Temps de sortie 1\u00e8re copie couleur 28 s  Consommables inclus 1 x Cartouche (noir pigment\u00e9) 1 x Cartouche (couleur)  Caract\u00e9ristiques d\u2019environnement  Niveau sonore 44.5 dBA (en fonctionnement)  Taux d&#039;humidit\u00e9 en fonctionnement 10 - 90 % (sans condensation)  Temp\u00e9rature maximale de fonctionnement 30 \u00b0C  Temp\u00e9rature minimale de fonctionnement 15 \u00b0C  Dimensions et poids  Largeur 43.5 cm  Hauteur 29.5 cm  Poids 5.9 kg  Profondeur 18.9 cm  Connexions  Interfaces 1 x USB 2.0 - USB 4 broches type B  Protocoles et fonctions de s\u00e9curit\u00e9 WEP, WPA-PSK, WPA2-PSK  Logiciel(s) inclus Pilotes de p\u00e9riph\u00e9rique et utilitaires, Canon Easy-WebPrint EX, Canon My Image Garden  Syst\u00e8me d&#039;exploitation pris en charge MS Windows 7, MS Windows Vista SP1, MS Windows XP SP3, MS Windows Vista SP2, Windows 8, Windows RT, Android, iOS, Windows 8.1, Apple MacOS X 10.7.5 ou plus r\u00e9cent\" \/>\n<meta property=\"og:url\" content=\"https:\/\/novakmarket.com\/de\/produkt\/canon-multifonction-4-en-1-noire\/\" \/>\n<meta property=\"og:site_name\" content=\"Novak Market\" \/>\n<meta property=\"article:modified_time\" content=\"2021-11-29T19:18:55+00:00\" \/>\n<meta property=\"og:image\" content=\"https:\/\/novakmarket.com\/wp-content\/uploads\/2021\/11\/I5.jpg\" \/>\n\t<meta property=\"og:image:width\" content=\"700\" \/>\n\t<meta property=\"og:image:height\" content=\"700\" \/>\n\t<meta property=\"og:image:type\" content=\"image\/jpeg\" \/>\n<meta name=\"twitter:card\" content=\"summary_large_image\" \/>\n<script type=\"application\/ld+json\" class=\"yoast-schema-graph\">{\"@context\":\"https:\/\/schema.org\",\"@graph\":[{\"@type\":\"WebPage\",\"@id\":\"https:\/\/novakmarket.com\/produit\/canon-multifonction-4-en-1-noire\/\",\"url\":\"https:\/\/novakmarket.com\/produit\/canon-multifonction-4-en-1-noire\/\",\"name\":\"CANON Multifonction 4 en 1 - Noire - Novak Market\",\"isPartOf\":{\"@id\":\"https:\/\/novakmarket.com\/#website\"},\"primaryImageOfPage\":{\"@id\":\"https:\/\/novakmarket.com\/produit\/canon-multifonction-4-en-1-noire\/#primaryimage\"},\"image\":{\"@id\":\"https:\/\/novakmarket.com\/produit\/canon-multifonction-4-en-1-noire\/#primaryimage\"},\"thumbnailUrl\":\"https:\/\/novakmarket.com\/wp-content\/uploads\/2021\/11\/I5.jpg\",\"datePublished\":\"2021-11-29T19:18:40+00:00\",\"dateModified\":\"2021-11-29T19:18:55+00:00\",\"breadcrumb\":{\"@id\":\"https:\/\/novakmarket.com\/produit\/canon-multifonction-4-en-1-noire\/#breadcrumb\"},\"inLanguage\":\"de\",\"potentialAction\":[{\"@type\":\"ReadAction\",\"target\":[\"https:\/\/novakmarket.com\/produit\/canon-multifonction-4-en-1-noire\/\"]}]},{\"@type\":\"ImageObject\",\"inLanguage\":\"de\",\"@id\":\"https:\/\/novakmarket.com\/produit\/canon-multifonction-4-en-1-noire\/#primaryimage\",\"url\":\"https:\/\/novakmarket.com\/wp-content\/uploads\/2021\/11\/I5.jpg\",\"contentUrl\":\"https:\/\/novakmarket.com\/wp-content\/uploads\/2021\/11\/I5.jpg\",\"width\":700,\"height\":700},{\"@type\":\"BreadcrumbList\",\"@id\":\"https:\/\/novakmarket.com\/produit\/canon-multifonction-4-en-1-noire\/#breadcrumb\",\"itemListElement\":[{\"@type\":\"ListItem\",\"position\":1,\"name\":\"Accueil\",\"item\":\"https:\/\/novakmarket.com\/\"},{\"@type\":\"ListItem\",\"position\":2,\"name\":\"Boutique\",\"item\":\"https:\/\/novakmarket.com\/shop\/\"},{\"@type\":\"ListItem\",\"position\":3,\"name\":\"CANON Multifonction 4 en 1 &#8211; Noire\"}]},{\"@type\":\"WebSite\",\"@id\":\"https:\/\/novakmarket.com\/#website\",\"url\":\"https:\/\/novakmarket.com\/\",\"name\":\"Novak Market\",\"description\":\"Vente de produits \u00e9lectroniques.\",\"publisher\":{\"@id\":\"https:\/\/novakmarket.com\/#organization\"},\"potentialAction\":[{\"@type\":\"SearchAction\",\"target\":{\"@type\":\"EntryPoint\",\"urlTemplate\":\"https:\/\/novakmarket.com\/?s={search_term_string}\"},\"query-input\":{\"@type\":\"PropertyValueSpecification\",\"valueRequired\":true,\"valueName\":\"search_term_string\"}}],\"inLanguage\":\"de\"},{\"@type\":\"Organization\",\"@id\":\"https:\/\/novakmarket.com\/#organization\",\"name\":\"Novak Market\",\"url\":\"https:\/\/novakmarket.com\/\",\"logo\":{\"@type\":\"ImageObject\",\"inLanguage\":\"de\",\"@id\":\"https:\/\/novakmarket.com\/#\/schema\/logo\/image\/\",\"url\":\"https:\/\/novakmarket.com\/wp-content\/uploads\/2026\/02\/cropped-footer-pc-removebg-preview.png\",\"contentUrl\":\"https:\/\/novakmarket.com\/wp-content\/uploads\/2026\/02\/cropped-footer-pc-removebg-preview.png\",\"width\":202,\"height\":73,\"caption\":\"Novak Market\"},\"image\":{\"@id\":\"https:\/\/novakmarket.com\/#\/schema\/logo\/image\/\"}}]}<\/script>\n<!-- \/ Yoast SEO plugin. -->","yoast_head_json":{"title":"CANON Multifonction 4 en 1 - Noire - Novak Market","robots":{"index":"index","follow":"follow","max-snippet":"max-snippet:-1","max-image-preview":"max-image-preview:large","max-video-preview":"max-video-preview:-1"},"canonical":"https:\/\/novakmarket.com\/de\/produkt\/canon-multifonction-4-en-1-noire\/","og_locale":"de_DE","og_type":"article","og_title":"CANON Multifonction 4 en 1 - Noire - Novak Market","og_description":"Nom du produit CANON Multifonction Jet d'encre 4 en 1 Pixma MX495  Cat\u00e9gorie IMPRIMANTE  Informations sur le produit  Marque CANON  G\u00e9n\u00e9ral  Type de p\u00e9riph\u00e9rique Imprimante multifonctions  Technologie d'impression Jet d'encre - couleur  Type de t\u00e9l\u00e9copieur Papier uni  Cycle d'utilisation mensuel (maxi) 1000 pages  Fonctions de l'article de bureau PIXMA Cloud Link  AirPrint activ\u00e9 Oui  Couleur du boitier Blanc  Disponibilit\u00e9 de la connexion Oui  Interface USB 2.0, Wi-Fi(n)  Copie  Copies maximales 99  Vitesse de reproduction maximale 3.6 ppm (couleur)  Agrandissement maximal de documents 400%  R\u00e9duction maximale de documents 25%  T\u00e9l\u00e9copieur  Compatibilit\u00e9 Super G3  Vitesse de transmission maximum 33.6 Kbits\/s  Capacit\u00e9 totale de la m\u00e9moire Jusqu'\u00e0 50 pages  R\u00e9solutions du t\u00e9l\u00e9copieur 300 x 300 ppp, 200 x 200 ppp  Utilisation des documents et des supports  Taille d'origine maximum A4 (210 x 297 mm), Legal (216 x 356 mm)  Type d'origine Feuilles  Type de support pris en charge Papier uni, papier photo, papier photo brillant, papier photo mat  Capacit\u00e9 de support standard 100 feuilles  Capacit\u00e9 du chargeur de documents 20 feuilles  Taille des supports pris en charge ANSI A (Letter) (216 x 279 mm), Legal (216 x 356 mm), A4 (210 x 297 mm), A5 (148 x 210 mm), B5 (176 x 250 mm), 100 x 150 mm, 130 x 180 mm  D\u00e9tails sur la vitesse Impression: jusqu'\u00e0 8.8 ipm - noir &amp; blanc Impression: jusqu'\u00e0 4.4 ipm - couleur Copie: jusqu'\u00e0 3.6 ipm - couleur Impression: 70 s (10 x 15 cm (4\"x6\")) - photo  Tailles de photos sans bordure ANSI A (Letter) (216 x 279 mm), A4 (210 x 297 mm), 100 x 150 mm, 130 x 180 mm, 200 x 250 mm  D\u00e9tails concernant la manipulation de documents et de supports ADF - 20 feuilles - Legal (216 x 356 mm)\/A4 (210 x 297 mm) Bac d'entr\u00e9e - 100 feuilles - Legal (216 x 356 mm)\/A4 (210 x 297 mm)  Poids maximum du support 300 g\/m\u00b2  Poids minimum du support 64 g\/m\u00b2  Taille max. du support A4\/Legal  Alimentation  Tension requise CA 120\/230 V (50\/60Hz)  Consommation au repos 1.6 Watt  Consommation en fonctionnement 7 Watt  Impression  R\u00e9solution d'impression maximale 4 800 x 1 200 ppp (couleur)  Technologie d'imprimante \u00e0 jet d'encre FINE de Canon (\"Full-lithography inkjet Nozzle Engineering\")  Couleur 4 encres  Taille minimum des goutelettes d'encre 2 pl  Configuration de la cartouche d'encre 1 cartouche noire pigment\u00e9e, 1 cartouche couleur (cyan, magenta, jaune)  Palette d'encres prise en charge (couleurs) Cyan, magenta, jaune, pigment noir  Vitesse d'impression max. Jusqu'\u00e0 8.8 ipm (mono)\/jusqu'\u00e0 4.4 ipm (couleur)  Balayage  R\u00e9solution optique 600 x 1 200 ppp  Profondeur des couleurs (interne) 48 bits  Profondeur de gris 8 bits  Profondeur d'\u00e9chantillonnage 24 bits  Divers  Temps de sortie 1\u00e8re copie couleur 28 s  Consommables inclus 1 x Cartouche (noir pigment\u00e9) 1 x Cartouche (couleur)  Caract\u00e9ristiques d\u2019environnement  Niveau sonore 44.5 dBA (en fonctionnement)  Taux d'humidit\u00e9 en fonctionnement 10 - 90 % (sans condensation)  Temp\u00e9rature maximale de fonctionnement 30 \u00b0C  Temp\u00e9rature minimale de fonctionnement 15 \u00b0C  Dimensions et poids  Largeur 43.5 cm  Hauteur 29.5 cm  Poids 5.9 kg  Profondeur 18.9 cm  Connexions  Interfaces 1 x USB 2.0 - USB 4 broches type B  Protocoles et fonctions de s\u00e9curit\u00e9 WEP, WPA-PSK, WPA2-PSK  Logiciel(s) inclus Pilotes de p\u00e9riph\u00e9rique et utilitaires, Canon Easy-WebPrint EX, Canon My Image Garden  Syst\u00e8me d'exploitation pris en charge MS Windows 7, MS Windows Vista SP1, MS Windows XP SP3, MS Windows Vista SP2, Windows 8, Windows RT, Android, iOS, Windows 8.1, Apple MacOS X 10.7.5 ou plus r\u00e9cent","og_url":"https:\/\/novakmarket.com\/de\/produkt\/canon-multifonction-4-en-1-noire\/","og_site_name":"Novak Market","article_modified_time":"2021-11-29T19:18:55+00:00","og_image":[{"width":700,"height":700,"url":"https:\/\/novakmarket.com\/wp-content\/uploads\/2021\/11\/I5.jpg","type":"image\/jpeg"}],"twitter_card":"summary_large_image","schema":{"@context":"https:\/\/schema.org","@graph":[{"@type":"WebPage","@id":"https:\/\/novakmarket.com\/produit\/canon-multifonction-4-en-1-noire\/","url":"https:\/\/novakmarket.com\/produit\/canon-multifonction-4-en-1-noire\/","name":"CANON Multifonction 4 en 1 - Noire - Novak Market","isPartOf":{"@id":"https:\/\/novakmarket.com\/#website"},"primaryImageOfPage":{"@id":"https:\/\/novakmarket.com\/produit\/canon-multifonction-4-en-1-noire\/#primaryimage"},"image":{"@id":"https:\/\/novakmarket.com\/produit\/canon-multifonction-4-en-1-noire\/#primaryimage"},"thumbnailUrl":"https:\/\/novakmarket.com\/wp-content\/uploads\/2021\/11\/I5.jpg","datePublished":"2021-11-29T19:18:40+00:00","dateModified":"2021-11-29T19:18:55+00:00","breadcrumb":{"@id":"https:\/\/novakmarket.com\/produit\/canon-multifonction-4-en-1-noire\/#breadcrumb"},"inLanguage":"de","potentialAction":[{"@type":"ReadAction","target":["https:\/\/novakmarket.com\/produit\/canon-multifonction-4-en-1-noire\/"]}]},{"@type":"ImageObject","inLanguage":"de","@id":"https:\/\/novakmarket.com\/produit\/canon-multifonction-4-en-1-noire\/#primaryimage","url":"https:\/\/novakmarket.com\/wp-content\/uploads\/2021\/11\/I5.jpg","contentUrl":"https:\/\/novakmarket.com\/wp-content\/uploads\/2021\/11\/I5.jpg","width":700,"height":700},{"@type":"BreadcrumbList","@id":"https:\/\/novakmarket.com\/produit\/canon-multifonction-4-en-1-noire\/#breadcrumb","itemListElement":[{"@type":"ListItem","position":1,"name":"Accueil","item":"https:\/\/novakmarket.com\/"},{"@type":"ListItem","position":2,"name":"Boutique","item":"https:\/\/novakmarket.com\/shop\/"},{"@type":"ListItem","position":3,"name":"CANON Multifonction 4 en 1 &#8211; Noire"}]},{"@type":"WebSite","@id":"https:\/\/novakmarket.com\/#website","url":"https:\/\/novakmarket.com\/","name":"Novak Market","description":"Vente de produits \u00e9lectroniques.","publisher":{"@id":"https:\/\/novakmarket.com\/#organization"},"potentialAction":[{"@type":"SearchAction","target":{"@type":"EntryPoint","urlTemplate":"https:\/\/novakmarket.com\/?s={search_term_string}"},"query-input":{"@type":"PropertyValueSpecification","valueRequired":true,"valueName":"search_term_string"}}],"inLanguage":"de"},{"@type":"Organization","@id":"https:\/\/novakmarket.com\/#organization","name":"Novak Market","url":"https:\/\/novakmarket.com\/","logo":{"@type":"ImageObject","inLanguage":"de","@id":"https:\/\/novakmarket.com\/#\/schema\/logo\/image\/","url":"https:\/\/novakmarket.com\/wp-content\/uploads\/2026\/02\/cropped-footer-pc-removebg-preview.png","contentUrl":"https:\/\/novakmarket.com\/wp-content\/uploads\/2026\/02\/cropped-footer-pc-removebg-preview.png","width":202,"height":73,"caption":"Novak Market"},"image":{"@id":"https:\/\/novakmarket.com\/#\/schema\/logo\/image\/"}}]}},"_links":{"self":[{"href":"https:\/\/novakmarket.com\/de\/wp-json\/wp\/v2\/product\/6201","targetHints":{"allow":["GET"]}}],"collection":[{"href":"https:\/\/novakmarket.com\/de\/wp-json\/wp\/v2\/product"}],"about":[{"href":"https:\/\/novakmarket.com\/de\/wp-json\/wp\/v2\/types\/product"}],"replies":[{"embeddable":true,"href":"https:\/\/novakmarket.com\/de\/wp-json\/wp\/v2\/comments?post=6201"}],"wp:featuredmedia":[{"embeddable":true,"href":"https:\/\/novakmarket.com\/de\/wp-json\/wp\/v2\/media\/6235"}],"wp:attachment":[{"href":"https:\/\/novakmarket.com\/de\/wp-json\/wp\/v2\/media?parent=6201"}],"wp:term":[{"taxonomy":"product_brand","embeddable":true,"href":"https:\/\/novakmarket.com\/de\/wp-json\/wp\/v2\/product_brand?post=6201"},{"taxonomy":"product_cat","embeddable":true,"href":"https:\/\/novakmarket.com\/de\/wp-json\/wp\/v2\/product_cat?post=6201"},{"taxonomy":"product_tag","embeddable":true,"href":"https:\/\/novakmarket.com\/de\/wp-json\/wp\/v2\/product_tag?post=6201"}],"curies":[{"name":"wp","href":"https:\/\/api.w.org\/{rel}","templated":true}]}}