{"id":6208,"date":"2021-11-29T20:18:40","date_gmt":"2021-11-29T19:18:40","guid":{"rendered":"https:\/\/bestymarketshop.com\/?post_type=product&#038;p=6208"},"modified":"2021-12-01T14:33:37","modified_gmt":"2021-12-01T13:33:37","slug":"carnival-montre-bracelet-homme","status":"publish","type":"product","link":"https:\/\/novakmarket.com\/de\/produkt\/carnival-montre-bracelet-homme\/","title":{"rendered":"CARNIVAL Montre bracelet Homme"},"content":{"rendered":"<p><img loading=\"lazy\" decoding=\"async\" class=\"alignnone size-medium wp-image-9043\" src=\"https:\/\/e-marketshopping.com\/wp-content\/uploads\/2020\/07\/O3-300x300.jpg\" alt=\"\" width=\"300\" height=\"300\" \/><\/p>\n<p>&nbsp;<\/p>","protected":false},"excerpt":{"rendered":"<p>Montre Hommes Automatique Montre M\u00e9canique or vintage homme Montre Top Marque De Luxe * Cadeaux offerts: Bo\u00eete de montre+ Carte fid\u00e9lit\u00e9+ Porte de cl\u00e9s+ Carte de s\u00e9curit\u00e9+ Instruction de montre * Longueur de la bande:21 cm\u2018 * Cadran diam\u00e8tre:42 mm\u2019 * Cas \u00e9paisseur:12 mm\u2018 * Largeur de bande:24 cm\u2019 * Type de l&#8217;article:M\u00e9canique montres\u2018<\/p>","protected":false},"featured_media":6244,"comment_status":"open","ping_status":"closed","template":"","meta":{"_acf_changed":false},"product_brand":[],"product_cat":[307],"product_tag":[],"class_list":{"0":"post-6208","1":"product","2":"type-product","3":"status-publish","4":"has-post-thumbnail","6":"product_cat-montre","8":"first","9":"instock","10":"shipping-taxable","11":"purchasable","12":"product-type-simple"},"acf":[],"yoast_head":"<!-- This site is optimized with the Yoast SEO plugin v27.2 - https:\/\/yoast.com\/product\/yoast-seo-wordpress\/ -->\n<title>CARNIVAL Montre bracelet Homme - Novak Market<\/title>\n<meta name=\"robots\" content=\"index, follow, max-snippet:-1, max-image-preview:large, max-video-preview:-1\" \/>\n<link rel=\"canonical\" href=\"https:\/\/novakmarket.com\/de\/produkt\/carnival-montre-bracelet-homme\/\" \/>\n<meta property=\"og:locale\" content=\"de_DE\" \/>\n<meta property=\"og:type\" content=\"article\" \/>\n<meta property=\"og:title\" content=\"CARNIVAL Montre bracelet Homme - Novak Market\" \/>\n<meta property=\"og:description\" content=\"Montre Hommes Automatique Montre M\u00e9canique or vintage homme Montre Top Marque De Luxe * Cadeaux offerts: Bo\u00eete de montre+ Carte fid\u00e9lit\u00e9+ Porte de cl\u00e9s+ Carte de s\u00e9curit\u00e9+ Instruction de montre * Longueur de la bande:21 cm\u2018 * Cadran diam\u00e8tre:42 mm\u2019 * Cas \u00e9paisseur:12 mm\u2018 * Largeur de bande:24 cm\u2019 * Type de l&#039;article:M\u00e9canique montres\u2018\" \/>\n<meta property=\"og:url\" content=\"https:\/\/novakmarket.com\/de\/produkt\/carnival-montre-bracelet-homme\/\" \/>\n<meta property=\"og:site_name\" content=\"Novak Market\" \/>\n<meta property=\"article:modified_time\" content=\"2021-12-01T13:33:37+00:00\" \/>\n<meta property=\"og:image\" content=\"https:\/\/novakmarket.com\/wp-content\/uploads\/2021\/11\/O3.jpg\" \/>\n\t<meta property=\"og:image:width\" content=\"700\" \/>\n\t<meta property=\"og:image:height\" content=\"700\" \/>\n\t<meta property=\"og:image:type\" content=\"image\/jpeg\" \/>\n<meta name=\"twitter:card\" content=\"summary_large_image\" \/>\n<script type=\"application\/ld+json\" class=\"yoast-schema-graph\">{\"@context\":\"https:\/\/schema.org\",\"@graph\":[{\"@type\":\"WebPage\",\"@id\":\"https:\/\/novakmarket.com\/produit\/carnival-montre-bracelet-homme\/\",\"url\":\"https:\/\/novakmarket.com\/produit\/carnival-montre-bracelet-homme\/\",\"name\":\"CARNIVAL Montre bracelet Homme - Novak Market\",\"isPartOf\":{\"@id\":\"https:\/\/novakmarket.com\/#website\"},\"primaryImageOfPage\":{\"@id\":\"https:\/\/novakmarket.com\/produit\/carnival-montre-bracelet-homme\/#primaryimage\"},\"image\":{\"@id\":\"https:\/\/novakmarket.com\/produit\/carnival-montre-bracelet-homme\/#primaryimage\"},\"thumbnailUrl\":\"https:\/\/novakmarket.com\/wp-content\/uploads\/2021\/11\/O3.jpg\",\"datePublished\":\"2021-11-29T19:18:40+00:00\",\"dateModified\":\"2021-12-01T13:33:37+00:00\",\"breadcrumb\":{\"@id\":\"https:\/\/novakmarket.com\/produit\/carnival-montre-bracelet-homme\/#breadcrumb\"},\"inLanguage\":\"de\",\"potentialAction\":[{\"@type\":\"ReadAction\",\"target\":[\"https:\/\/novakmarket.com\/produit\/carnival-montre-bracelet-homme\/\"]}]},{\"@type\":\"ImageObject\",\"inLanguage\":\"de\",\"@id\":\"https:\/\/novakmarket.com\/produit\/carnival-montre-bracelet-homme\/#primaryimage\",\"url\":\"https:\/\/novakmarket.com\/wp-content\/uploads\/2021\/11\/O3.jpg\",\"contentUrl\":\"https:\/\/novakmarket.com\/wp-content\/uploads\/2021\/11\/O3.jpg\",\"width\":700,\"height\":700},{\"@type\":\"BreadcrumbList\",\"@id\":\"https:\/\/novakmarket.com\/produit\/carnival-montre-bracelet-homme\/#breadcrumb\",\"itemListElement\":[{\"@type\":\"ListItem\",\"position\":1,\"name\":\"Accueil\",\"item\":\"https:\/\/novakmarket.com\/\"},{\"@type\":\"ListItem\",\"position\":2,\"name\":\"Boutique\",\"item\":\"https:\/\/novakmarket.com\/shop\/\"},{\"@type\":\"ListItem\",\"position\":3,\"name\":\"CARNIVAL Montre bracelet Homme\"}]},{\"@type\":\"WebSite\",\"@id\":\"https:\/\/novakmarket.com\/#website\",\"url\":\"https:\/\/novakmarket.com\/\",\"name\":\"Novak Market\",\"description\":\"Vente de produits \u00e9lectroniques.\",\"publisher\":{\"@id\":\"https:\/\/novakmarket.com\/#organization\"},\"potentialAction\":[{\"@type\":\"SearchAction\",\"target\":{\"@type\":\"EntryPoint\",\"urlTemplate\":\"https:\/\/novakmarket.com\/?s={search_term_string}\"},\"query-input\":{\"@type\":\"PropertyValueSpecification\",\"valueRequired\":true,\"valueName\":\"search_term_string\"}}],\"inLanguage\":\"de\"},{\"@type\":\"Organization\",\"@id\":\"https:\/\/novakmarket.com\/#organization\",\"name\":\"Novak Market\",\"url\":\"https:\/\/novakmarket.com\/\",\"logo\":{\"@type\":\"ImageObject\",\"inLanguage\":\"de\",\"@id\":\"https:\/\/novakmarket.com\/#\/schema\/logo\/image\/\",\"url\":\"https:\/\/novakmarket.com\/wp-content\/uploads\/2026\/02\/cropped-footer-pc-removebg-preview.png\",\"contentUrl\":\"https:\/\/novakmarket.com\/wp-content\/uploads\/2026\/02\/cropped-footer-pc-removebg-preview.png\",\"width\":202,\"height\":73,\"caption\":\"Novak Market\"},\"image\":{\"@id\":\"https:\/\/novakmarket.com\/#\/schema\/logo\/image\/\"}}]}<\/script>\n<!-- \/ Yoast SEO plugin. -->","yoast_head_json":{"title":"CARNIVAL Montre bracelet Homme - Novak Market","robots":{"index":"index","follow":"follow","max-snippet":"max-snippet:-1","max-image-preview":"max-image-preview:large","max-video-preview":"max-video-preview:-1"},"canonical":"https:\/\/novakmarket.com\/de\/produkt\/carnival-montre-bracelet-homme\/","og_locale":"de_DE","og_type":"article","og_title":"CARNIVAL Montre bracelet Homme - Novak Market","og_description":"Montre Hommes Automatique Montre M\u00e9canique or vintage homme Montre Top Marque De Luxe * Cadeaux offerts: Bo\u00eete de montre+ Carte fid\u00e9lit\u00e9+ Porte de cl\u00e9s+ Carte de s\u00e9curit\u00e9+ Instruction de montre * Longueur de la bande:21 cm\u2018 * Cadran diam\u00e8tre:42 mm\u2019 * Cas \u00e9paisseur:12 mm\u2018 * Largeur de bande:24 cm\u2019 * Type de l'article:M\u00e9canique montres\u2018","og_url":"https:\/\/novakmarket.com\/de\/produkt\/carnival-montre-bracelet-homme\/","og_site_name":"Novak Market","article_modified_time":"2021-12-01T13:33:37+00:00","og_image":[{"width":700,"height":700,"url":"https:\/\/novakmarket.com\/wp-content\/uploads\/2021\/11\/O3.jpg","type":"image\/jpeg"}],"twitter_card":"summary_large_image","schema":{"@context":"https:\/\/schema.org","@graph":[{"@type":"WebPage","@id":"https:\/\/novakmarket.com\/produit\/carnival-montre-bracelet-homme\/","url":"https:\/\/novakmarket.com\/produit\/carnival-montre-bracelet-homme\/","name":"CARNIVAL Montre bracelet Homme - Novak Market","isPartOf":{"@id":"https:\/\/novakmarket.com\/#website"},"primaryImageOfPage":{"@id":"https:\/\/novakmarket.com\/produit\/carnival-montre-bracelet-homme\/#primaryimage"},"image":{"@id":"https:\/\/novakmarket.com\/produit\/carnival-montre-bracelet-homme\/#primaryimage"},"thumbnailUrl":"https:\/\/novakmarket.com\/wp-content\/uploads\/2021\/11\/O3.jpg","datePublished":"2021-11-29T19:18:40+00:00","dateModified":"2021-12-01T13:33:37+00:00","breadcrumb":{"@id":"https:\/\/novakmarket.com\/produit\/carnival-montre-bracelet-homme\/#breadcrumb"},"inLanguage":"de","potentialAction":[{"@type":"ReadAction","target":["https:\/\/novakmarket.com\/produit\/carnival-montre-bracelet-homme\/"]}]},{"@type":"ImageObject","inLanguage":"de","@id":"https:\/\/novakmarket.com\/produit\/carnival-montre-bracelet-homme\/#primaryimage","url":"https:\/\/novakmarket.com\/wp-content\/uploads\/2021\/11\/O3.jpg","contentUrl":"https:\/\/novakmarket.com\/wp-content\/uploads\/2021\/11\/O3.jpg","width":700,"height":700},{"@type":"BreadcrumbList","@id":"https:\/\/novakmarket.com\/produit\/carnival-montre-bracelet-homme\/#breadcrumb","itemListElement":[{"@type":"ListItem","position":1,"name":"Accueil","item":"https:\/\/novakmarket.com\/"},{"@type":"ListItem","position":2,"name":"Boutique","item":"https:\/\/novakmarket.com\/shop\/"},{"@type":"ListItem","position":3,"name":"CARNIVAL Montre bracelet Homme"}]},{"@type":"WebSite","@id":"https:\/\/novakmarket.com\/#website","url":"https:\/\/novakmarket.com\/","name":"Novak Market","description":"Vente de produits \u00e9lectroniques.","publisher":{"@id":"https:\/\/novakmarket.com\/#organization"},"potentialAction":[{"@type":"SearchAction","target":{"@type":"EntryPoint","urlTemplate":"https:\/\/novakmarket.com\/?s={search_term_string}"},"query-input":{"@type":"PropertyValueSpecification","valueRequired":true,"valueName":"search_term_string"}}],"inLanguage":"de"},{"@type":"Organization","@id":"https:\/\/novakmarket.com\/#organization","name":"Novak Market","url":"https:\/\/novakmarket.com\/","logo":{"@type":"ImageObject","inLanguage":"de","@id":"https:\/\/novakmarket.com\/#\/schema\/logo\/image\/","url":"https:\/\/novakmarket.com\/wp-content\/uploads\/2026\/02\/cropped-footer-pc-removebg-preview.png","contentUrl":"https:\/\/novakmarket.com\/wp-content\/uploads\/2026\/02\/cropped-footer-pc-removebg-preview.png","width":202,"height":73,"caption":"Novak Market"},"image":{"@id":"https:\/\/novakmarket.com\/#\/schema\/logo\/image\/"}}]}},"_links":{"self":[{"href":"https:\/\/novakmarket.com\/de\/wp-json\/wp\/v2\/product\/6208","targetHints":{"allow":["GET"]}}],"collection":[{"href":"https:\/\/novakmarket.com\/de\/wp-json\/wp\/v2\/product"}],"about":[{"href":"https:\/\/novakmarket.com\/de\/wp-json\/wp\/v2\/types\/product"}],"replies":[{"embeddable":true,"href":"https:\/\/novakmarket.com\/de\/wp-json\/wp\/v2\/comments?post=6208"}],"wp:featuredmedia":[{"embeddable":true,"href":"https:\/\/novakmarket.com\/de\/wp-json\/wp\/v2\/media\/6244"}],"wp:attachment":[{"href":"https:\/\/novakmarket.com\/de\/wp-json\/wp\/v2\/media?parent=6208"}],"wp:term":[{"taxonomy":"product_brand","embeddable":true,"href":"https:\/\/novakmarket.com\/de\/wp-json\/wp\/v2\/product_brand?post=6208"},{"taxonomy":"product_cat","embeddable":true,"href":"https:\/\/novakmarket.com\/de\/wp-json\/wp\/v2\/product_cat?post=6208"},{"taxonomy":"product_tag","embeddable":true,"href":"https:\/\/novakmarket.com\/de\/wp-json\/wp\/v2\/product_tag?post=6208"}],"curies":[{"name":"wp","href":"https:\/\/api.w.org\/{rel}","templated":true}]}}