{"id":6417,"date":"2021-11-29T20:20:37","date_gmt":"2021-11-29T19:20:37","guid":{"rendered":"https:\/\/bestymarketshop.com\/?post_type=product&#038;p=6417"},"modified":"2021-11-29T20:20:45","modified_gmt":"2021-11-29T19:20:45","slug":"buffet-design-blanc-et-gris-meuble","status":"publish","type":"product","link":"https:\/\/novakmarket.com\/de\/produkt\/buffet-design-blanc-et-gris-meuble\/","title":{"rendered":"Buffet design blanc et gris &#8211; meuble"},"content":{"rendered":"<p><img loading=\"lazy\" decoding=\"async\" class=\"alignnone size-medium wp-image-5775\" src=\"https:\/\/electroshoptonic.com\/wp-content\/uploads\/2020\/05\/AAZ5-300x300.jpg\" alt=\"\" width=\"300\" height=\"300\" \/><br \/>\n&nbsp;<br \/>\nAppr\u00e9ciez l\u2019esth\u00e9tisme et l\u2019\u00e9l\u00e9gance de ce buffet. Ce meuble de salon au style \u00e9pur\u00e9e est id\u00e9al pour embellir votre s\u00e9jour. Ce meubles peut convenir dans diff\u00e9rentes pi\u00e8ces : chambre, salon ou m\u00eame en couloir._x000B_Coloris : gris_x000B_dimension:_x000B_largeur : 1m65 \/ hauteur : 83 \/ profondeur : 36 Note: Le Buffet est vendu sans le LED.<\/p>","protected":false},"excerpt":{"rendered":"<p>&nbsp; Appr\u00e9ciez l\u2019esth\u00e9tisme et l\u2019\u00e9l\u00e9gance de ce buffet. Ce meuble de salon au style \u00e9pur\u00e9e est id\u00e9al pour embellir votre s\u00e9jour. Ce meubles peut convenir dans diff\u00e9rentes pi\u00e8ces : chambre,<\/p>","protected":false},"featured_media":6451,"comment_status":"open","ping_status":"closed","template":"","meta":{"_acf_changed":false},"product_brand":[],"product_cat":[285],"product_tag":[],"class_list":{"0":"post-6417","1":"product","2":"type-product","3":"status-publish","4":"has-post-thumbnail","6":"product_cat-meubles","8":"first","9":"instock","10":"shipping-taxable","11":"purchasable","12":"product-type-simple"},"acf":[],"yoast_head":"<!-- This site is optimized with the Yoast SEO plugin v27.2 - https:\/\/yoast.com\/product\/yoast-seo-wordpress\/ -->\n<title>Buffet design blanc et gris - meuble - Novak Market<\/title>\n<meta name=\"robots\" content=\"index, follow, max-snippet:-1, max-image-preview:large, max-video-preview:-1\" \/>\n<link rel=\"canonical\" href=\"https:\/\/novakmarket.com\/de\/produkt\/buffet-design-blanc-et-gris-meuble\/\" \/>\n<meta property=\"og:locale\" content=\"de_DE\" \/>\n<meta property=\"og:type\" content=\"article\" \/>\n<meta property=\"og:title\" content=\"Buffet design blanc et gris - meuble - Novak Market\" \/>\n<meta property=\"og:description\" content=\"&nbsp; Appr\u00e9ciez l\u2019esth\u00e9tisme et l\u2019\u00e9l\u00e9gance de ce buffet. Ce meuble de salon au style \u00e9pur\u00e9e est id\u00e9al pour embellir votre s\u00e9jour. Ce meubles peut convenir dans diff\u00e9rentes pi\u00e8ces : chambre,\" \/>\n<meta property=\"og:url\" content=\"https:\/\/novakmarket.com\/de\/produkt\/buffet-design-blanc-et-gris-meuble\/\" \/>\n<meta property=\"og:site_name\" content=\"Novak Market\" \/>\n<meta property=\"article:modified_time\" content=\"2021-11-29T19:20:45+00:00\" \/>\n<meta property=\"og:image\" content=\"https:\/\/novakmarket.com\/wp-content\/uploads\/2021\/11\/AAZ5.jpg\" \/>\n\t<meta property=\"og:image:width\" content=\"550\" \/>\n\t<meta property=\"og:image:height\" content=\"550\" \/>\n\t<meta property=\"og:image:type\" content=\"image\/jpeg\" \/>\n<meta name=\"twitter:card\" content=\"summary_large_image\" \/>\n<script type=\"application\/ld+json\" class=\"yoast-schema-graph\">{\"@context\":\"https:\/\/schema.org\",\"@graph\":[{\"@type\":\"WebPage\",\"@id\":\"https:\/\/novakmarket.com\/produit\/buffet-design-blanc-et-gris-meuble\/\",\"url\":\"https:\/\/novakmarket.com\/produit\/buffet-design-blanc-et-gris-meuble\/\",\"name\":\"Buffet design blanc et gris - meuble - Novak Market\",\"isPartOf\":{\"@id\":\"https:\/\/novakmarket.com\/#website\"},\"primaryImageOfPage\":{\"@id\":\"https:\/\/novakmarket.com\/produit\/buffet-design-blanc-et-gris-meuble\/#primaryimage\"},\"image\":{\"@id\":\"https:\/\/novakmarket.com\/produit\/buffet-design-blanc-et-gris-meuble\/#primaryimage\"},\"thumbnailUrl\":\"https:\/\/novakmarket.com\/wp-content\/uploads\/2021\/11\/AAZ5.jpg\",\"datePublished\":\"2021-11-29T19:20:37+00:00\",\"dateModified\":\"2021-11-29T19:20:45+00:00\",\"breadcrumb\":{\"@id\":\"https:\/\/novakmarket.com\/produit\/buffet-design-blanc-et-gris-meuble\/#breadcrumb\"},\"inLanguage\":\"de\",\"potentialAction\":[{\"@type\":\"ReadAction\",\"target\":[\"https:\/\/novakmarket.com\/produit\/buffet-design-blanc-et-gris-meuble\/\"]}]},{\"@type\":\"ImageObject\",\"inLanguage\":\"de\",\"@id\":\"https:\/\/novakmarket.com\/produit\/buffet-design-blanc-et-gris-meuble\/#primaryimage\",\"url\":\"https:\/\/novakmarket.com\/wp-content\/uploads\/2021\/11\/AAZ5.jpg\",\"contentUrl\":\"https:\/\/novakmarket.com\/wp-content\/uploads\/2021\/11\/AAZ5.jpg\",\"width\":550,\"height\":550},{\"@type\":\"BreadcrumbList\",\"@id\":\"https:\/\/novakmarket.com\/produit\/buffet-design-blanc-et-gris-meuble\/#breadcrumb\",\"itemListElement\":[{\"@type\":\"ListItem\",\"position\":1,\"name\":\"Accueil\",\"item\":\"https:\/\/novakmarket.com\/\"},{\"@type\":\"ListItem\",\"position\":2,\"name\":\"Boutique\",\"item\":\"https:\/\/novakmarket.com\/shop\/\"},{\"@type\":\"ListItem\",\"position\":3,\"name\":\"Buffet design blanc et gris &#8211; meuble\"}]},{\"@type\":\"WebSite\",\"@id\":\"https:\/\/novakmarket.com\/#website\",\"url\":\"https:\/\/novakmarket.com\/\",\"name\":\"Novak Market\",\"description\":\"Vente de produits \u00e9lectroniques.\",\"publisher\":{\"@id\":\"https:\/\/novakmarket.com\/#organization\"},\"potentialAction\":[{\"@type\":\"SearchAction\",\"target\":{\"@type\":\"EntryPoint\",\"urlTemplate\":\"https:\/\/novakmarket.com\/?s={search_term_string}\"},\"query-input\":{\"@type\":\"PropertyValueSpecification\",\"valueRequired\":true,\"valueName\":\"search_term_string\"}}],\"inLanguage\":\"de\"},{\"@type\":\"Organization\",\"@id\":\"https:\/\/novakmarket.com\/#organization\",\"name\":\"Novak Market\",\"url\":\"https:\/\/novakmarket.com\/\",\"logo\":{\"@type\":\"ImageObject\",\"inLanguage\":\"de\",\"@id\":\"https:\/\/novakmarket.com\/#\/schema\/logo\/image\/\",\"url\":\"https:\/\/novakmarket.com\/wp-content\/uploads\/2026\/02\/cropped-footer-pc-removebg-preview.png\",\"contentUrl\":\"https:\/\/novakmarket.com\/wp-content\/uploads\/2026\/02\/cropped-footer-pc-removebg-preview.png\",\"width\":202,\"height\":73,\"caption\":\"Novak Market\"},\"image\":{\"@id\":\"https:\/\/novakmarket.com\/#\/schema\/logo\/image\/\"}}]}<\/script>\n<!-- \/ Yoast SEO plugin. -->","yoast_head_json":{"title":"Buffet design blanc et gris - meuble - Novak Market","robots":{"index":"index","follow":"follow","max-snippet":"max-snippet:-1","max-image-preview":"max-image-preview:large","max-video-preview":"max-video-preview:-1"},"canonical":"https:\/\/novakmarket.com\/de\/produkt\/buffet-design-blanc-et-gris-meuble\/","og_locale":"de_DE","og_type":"article","og_title":"Buffet design blanc et gris - meuble - Novak Market","og_description":"&nbsp; Appr\u00e9ciez l\u2019esth\u00e9tisme et l\u2019\u00e9l\u00e9gance de ce buffet. Ce meuble de salon au style \u00e9pur\u00e9e est id\u00e9al pour embellir votre s\u00e9jour. Ce meubles peut convenir dans diff\u00e9rentes pi\u00e8ces : chambre,","og_url":"https:\/\/novakmarket.com\/de\/produkt\/buffet-design-blanc-et-gris-meuble\/","og_site_name":"Novak Market","article_modified_time":"2021-11-29T19:20:45+00:00","og_image":[{"width":550,"height":550,"url":"https:\/\/novakmarket.com\/wp-content\/uploads\/2021\/11\/AAZ5.jpg","type":"image\/jpeg"}],"twitter_card":"summary_large_image","schema":{"@context":"https:\/\/schema.org","@graph":[{"@type":"WebPage","@id":"https:\/\/novakmarket.com\/produit\/buffet-design-blanc-et-gris-meuble\/","url":"https:\/\/novakmarket.com\/produit\/buffet-design-blanc-et-gris-meuble\/","name":"Buffet design blanc et gris - meuble - Novak Market","isPartOf":{"@id":"https:\/\/novakmarket.com\/#website"},"primaryImageOfPage":{"@id":"https:\/\/novakmarket.com\/produit\/buffet-design-blanc-et-gris-meuble\/#primaryimage"},"image":{"@id":"https:\/\/novakmarket.com\/produit\/buffet-design-blanc-et-gris-meuble\/#primaryimage"},"thumbnailUrl":"https:\/\/novakmarket.com\/wp-content\/uploads\/2021\/11\/AAZ5.jpg","datePublished":"2021-11-29T19:20:37+00:00","dateModified":"2021-11-29T19:20:45+00:00","breadcrumb":{"@id":"https:\/\/novakmarket.com\/produit\/buffet-design-blanc-et-gris-meuble\/#breadcrumb"},"inLanguage":"de","potentialAction":[{"@type":"ReadAction","target":["https:\/\/novakmarket.com\/produit\/buffet-design-blanc-et-gris-meuble\/"]}]},{"@type":"ImageObject","inLanguage":"de","@id":"https:\/\/novakmarket.com\/produit\/buffet-design-blanc-et-gris-meuble\/#primaryimage","url":"https:\/\/novakmarket.com\/wp-content\/uploads\/2021\/11\/AAZ5.jpg","contentUrl":"https:\/\/novakmarket.com\/wp-content\/uploads\/2021\/11\/AAZ5.jpg","width":550,"height":550},{"@type":"BreadcrumbList","@id":"https:\/\/novakmarket.com\/produit\/buffet-design-blanc-et-gris-meuble\/#breadcrumb","itemListElement":[{"@type":"ListItem","position":1,"name":"Accueil","item":"https:\/\/novakmarket.com\/"},{"@type":"ListItem","position":2,"name":"Boutique","item":"https:\/\/novakmarket.com\/shop\/"},{"@type":"ListItem","position":3,"name":"Buffet design blanc et gris &#8211; meuble"}]},{"@type":"WebSite","@id":"https:\/\/novakmarket.com\/#website","url":"https:\/\/novakmarket.com\/","name":"Novak Market","description":"Vente de produits \u00e9lectroniques.","publisher":{"@id":"https:\/\/novakmarket.com\/#organization"},"potentialAction":[{"@type":"SearchAction","target":{"@type":"EntryPoint","urlTemplate":"https:\/\/novakmarket.com\/?s={search_term_string}"},"query-input":{"@type":"PropertyValueSpecification","valueRequired":true,"valueName":"search_term_string"}}],"inLanguage":"de"},{"@type":"Organization","@id":"https:\/\/novakmarket.com\/#organization","name":"Novak Market","url":"https:\/\/novakmarket.com\/","logo":{"@type":"ImageObject","inLanguage":"de","@id":"https:\/\/novakmarket.com\/#\/schema\/logo\/image\/","url":"https:\/\/novakmarket.com\/wp-content\/uploads\/2026\/02\/cropped-footer-pc-removebg-preview.png","contentUrl":"https:\/\/novakmarket.com\/wp-content\/uploads\/2026\/02\/cropped-footer-pc-removebg-preview.png","width":202,"height":73,"caption":"Novak Market"},"image":{"@id":"https:\/\/novakmarket.com\/#\/schema\/logo\/image\/"}}]}},"_links":{"self":[{"href":"https:\/\/novakmarket.com\/de\/wp-json\/wp\/v2\/product\/6417","targetHints":{"allow":["GET"]}}],"collection":[{"href":"https:\/\/novakmarket.com\/de\/wp-json\/wp\/v2\/product"}],"about":[{"href":"https:\/\/novakmarket.com\/de\/wp-json\/wp\/v2\/types\/product"}],"replies":[{"embeddable":true,"href":"https:\/\/novakmarket.com\/de\/wp-json\/wp\/v2\/comments?post=6417"}],"wp:featuredmedia":[{"embeddable":true,"href":"https:\/\/novakmarket.com\/de\/wp-json\/wp\/v2\/media\/6451"}],"wp:attachment":[{"href":"https:\/\/novakmarket.com\/de\/wp-json\/wp\/v2\/media?parent=6417"}],"wp:term":[{"taxonomy":"product_brand","embeddable":true,"href":"https:\/\/novakmarket.com\/de\/wp-json\/wp\/v2\/product_brand?post=6417"},{"taxonomy":"product_cat","embeddable":true,"href":"https:\/\/novakmarket.com\/de\/wp-json\/wp\/v2\/product_cat?post=6417"},{"taxonomy":"product_tag","embeddable":true,"href":"https:\/\/novakmarket.com\/de\/wp-json\/wp\/v2\/product_tag?post=6417"}],"curies":[{"name":"wp","href":"https:\/\/api.w.org\/{rel}","templated":true}]}}