{"id":6441,"date":"2021-11-29T20:20:39","date_gmt":"2021-11-29T19:20:39","guid":{"rendered":"https:\/\/bestymarketshop.com\/?post_type=product&#038;p=6441"},"modified":"2021-11-29T20:21:23","modified_gmt":"2021-11-29T19:21:23","slug":"robot-patissier-cuiseur-cooking-chef","status":"publish","type":"product","link":"https:\/\/novakmarket.com\/de\/produkt\/robot-patissier-cuiseur-cooking-chef\/","title":{"rendered":"Robot p\u00e2tissier cuiseur Cooking Chef"},"content":{"rendered":"<p><img loading=\"lazy\" decoding=\"async\" class=\"alignnone size-medium wp-image-8415\" src=\"https:\/\/e-marketshopping.com\/wp-content\/uploads\/2020\/07\/X1515-300x300.jpg\" alt=\"\" width=\"300\" height=\"300\" \/><\/p>\n<p>1500W &#8211; Capacit\u00e9 : 6,7L &#8211; Mouvement plan\u00e9taire &#8211; Variateur de vitesse &#8211; Temp\u00e9rature variable : de 20 \u00e0 140\u00b0C &#8211; Minuteur : 3h &#8211; Panier vapeur &#8211; Ecran digital &#8211; Fonction Pulse\/M\u00e9lange d\u00e9licat &#8211; Ouverture assist\u00e9e du bras &#8211; Inclus : Blender (1,8L) &#8211; 5 outils pour le bol + Spatule + Livre recettes &#8211; Garantie : 2 ans<\/p>","protected":false},"excerpt":{"rendered":"<table class=\"fpDescTb fpDescTbPub\">\n<tbody>\n<tr>\n<td>Nom du produit<\/td>\n<td>KENWOOD KM096 Robot p\u00e2tissier cuiseur Cooking Chef<\/td>\n<\/tr>\n<tr>\n<td>Cat\u00e9gorie<\/td>\n<td>ROBOT DE CUISINE<\/td>\n<\/tr>\n<tr>\n<th colspan=\"2\">Informations sur le produit<\/th>\n<\/tr>\n<tr>\n<td>Notes<\/td>\n<td>Compatible avec les accessoires &#8220;AT&#8221; (sans adaptateur) et compatible avec les accessoires &#8220;KAX&#8221; avec<br \/>\nadaptateur KAT001ME<\/td>\n<\/tr>\n<tr>\n<td>Robots de cuisine|Capacit\u00e9 du bol<\/td>\n<td>6,7 Litres<\/td>\n<\/tr>\n<tr>\n<th colspan=\"2\">G\u00e9n\u00e9ral<\/th>\n<\/tr>\n<tr>\n<td>Type de Produit<\/td>\n<td>Machine de cuisine<\/td>\n<\/tr>\n<tr>\n<td>Temp\u00e9rature variable<\/td>\n<td>Oui<\/td>\n<\/tr>\n<tr>\n<td>Plage de temp\u00e9ratures<\/td>\n<td>De 20\u00b0C \u00e0 140\u00b0C<\/td>\n<\/tr>\n<tr>\n<td>Fonction et param\u00e8tres<\/td>\n<td>Fonction impulsion, fonction traitement des aliments<\/td>\n<\/tr>\n<tr>\n<td>Compatible lave-vaisselle<\/td>\n<td>Parties amovibles<\/td>\n<\/tr>\n<tr>\n<td>Contenance<\/td>\n<td>6.7 litres<\/td>\n<\/tr>\n<tr>\n<td>Fonctions<\/td>\n<td>Thermostat r\u00e9glable, mixeur plan\u00e9taire, bol en inox, r\u00e9sistant \u00e0 la chaleur, chauffe par induction, sortie vitesse lente, sortie vitesse rapide<\/td>\n<\/tr>\n<tr>\n<th colspan=\"2\">R\u00e9glages, commandes et voyants<\/th>\n<\/tr>\n<tr>\n<td>R\u00e9glages de la vitesse<\/td>\n<td>3 variable<\/td>\n<\/tr>\n<tr>\n<td>Type de commande<\/td>\n<td>Electronique<\/td>\n<\/tr>\n<tr>\n<th colspan=\"2\">Consommation<\/th>\n<\/tr>\n<tr>\n<td>Puissance \u00e9lectrique<\/td>\n<td>1500 Watt<\/td>\n<\/tr>\n<tr>\n<th colspan=\"2\">Divers<\/th>\n<\/tr>\n<tr>\n<td>Caract\u00e9ristiques externes<\/td>\n<td>Poign\u00e9e calorifug\u00e9e<\/td>\n<\/tr>\n<tr>\n<td>Fonctions de s\u00e9curit\u00e9<\/td>\n<td>Interrupteur de verrouillage de s\u00e9curit\u00e9, pr\u00e9vention des \u00e9claboussures<\/td>\n<\/tr>\n<tr>\n<th colspan=\"2\">Dimensions et poids<\/th>\n<\/tr>\n<tr>\n<td>Largeur<\/td>\n<td>41 cm<\/td>\n<\/tr>\n<tr>\n<td>Hauteur<\/td>\n<td>38 cm<\/td>\n<\/tr>\n<tr>\n<td>Profondeur<\/td>\n<td>33.5 cm<\/td>\n<\/tr>\n<tr>\n<td>Poids<\/td>\n<td>13.6 kg<\/td>\n<\/tr>\n<\/tbody>\n<\/table>","protected":false},"featured_media":6523,"comment_status":"open","ping_status":"closed","template":"","meta":{"_acf_changed":false},"product_brand":[],"product_cat":[282,297],"product_tag":[],"class_list":{"0":"post-6441","1":"product","2":"type-product","3":"status-publish","4":"has-post-thumbnail","6":"product_cat-appareils-electromenagers","7":"product_cat-cuisson","9":"first","10":"instock","11":"shipping-taxable","12":"purchasable","13":"product-type-simple"},"acf":[],"yoast_head":"<!-- This site is optimized with the Yoast SEO plugin v27.2 - https:\/\/yoast.com\/product\/yoast-seo-wordpress\/ -->\n<title>Robot p\u00e2tissier cuiseur Cooking Chef - Novak Market<\/title>\n<meta name=\"robots\" content=\"index, follow, max-snippet:-1, max-image-preview:large, max-video-preview:-1\" \/>\n<link rel=\"canonical\" href=\"https:\/\/novakmarket.com\/de\/produkt\/robot-patissier-cuiseur-cooking-chef\/\" \/>\n<meta property=\"og:locale\" content=\"de_DE\" \/>\n<meta property=\"og:type\" content=\"article\" \/>\n<meta property=\"og:title\" content=\"Robot p\u00e2tissier cuiseur Cooking Chef - Novak Market\" \/>\n<meta property=\"og:description\" content=\"Nom du produit KENWOOD KM096 Robot p\u00e2tissier cuiseur Cooking Chef  Cat\u00e9gorie ROBOT DE CUISINE  Informations sur le produit  Notes Compatible avec les accessoires &quot;AT&quot; (sans adaptateur) et compatible avec les accessoires &quot;KAX&quot; avec adaptateur KAT001ME  Robots de cuisine|Capacit\u00e9 du bol 6,7 Litres  G\u00e9n\u00e9ral  Type de Produit Machine de cuisine  Temp\u00e9rature variable Oui  Plage de temp\u00e9ratures De 20\u00b0C \u00e0 140\u00b0C  Fonction et param\u00e8tres Fonction impulsion, fonction traitement des aliments  Compatible lave-vaisselle Parties amovibles  Contenance 6.7 litres  Fonctions Thermostat r\u00e9glable, mixeur plan\u00e9taire, bol en inox, r\u00e9sistant \u00e0 la chaleur, chauffe par induction, sortie vitesse lente, sortie vitesse rapide  R\u00e9glages, commandes et voyants  R\u00e9glages de la vitesse 3 variable  Type de commande Electronique  Consommation  Puissance \u00e9lectrique 1500 Watt  Divers  Caract\u00e9ristiques externes Poign\u00e9e calorifug\u00e9e  Fonctions de s\u00e9curit\u00e9 Interrupteur de verrouillage de s\u00e9curit\u00e9, pr\u00e9vention des \u00e9claboussures  Dimensions et poids  Largeur 41 cm  Hauteur 38 cm  Profondeur 33.5 cm  Poids 13.6 kg\" \/>\n<meta property=\"og:url\" content=\"https:\/\/novakmarket.com\/de\/produkt\/robot-patissier-cuiseur-cooking-chef\/\" \/>\n<meta property=\"og:site_name\" content=\"Novak Market\" \/>\n<meta property=\"article:modified_time\" content=\"2021-11-29T19:21:23+00:00\" \/>\n<meta property=\"og:image\" content=\"https:\/\/novakmarket.com\/wp-content\/uploads\/2021\/11\/X15.jpg\" \/>\n\t<meta property=\"og:image:width\" content=\"550\" \/>\n\t<meta property=\"og:image:height\" content=\"550\" \/>\n\t<meta property=\"og:image:type\" content=\"image\/jpeg\" \/>\n<meta name=\"twitter:card\" content=\"summary_large_image\" \/>\n<script type=\"application\/ld+json\" class=\"yoast-schema-graph\">{\"@context\":\"https:\/\/schema.org\",\"@graph\":[{\"@type\":\"WebPage\",\"@id\":\"https:\/\/novakmarket.com\/produit\/robot-patissier-cuiseur-cooking-chef\/\",\"url\":\"https:\/\/novakmarket.com\/produit\/robot-patissier-cuiseur-cooking-chef\/\",\"name\":\"Robot p\u00e2tissier cuiseur Cooking Chef - Novak Market\",\"isPartOf\":{\"@id\":\"https:\/\/novakmarket.com\/#website\"},\"primaryImageOfPage\":{\"@id\":\"https:\/\/novakmarket.com\/produit\/robot-patissier-cuiseur-cooking-chef\/#primaryimage\"},\"image\":{\"@id\":\"https:\/\/novakmarket.com\/produit\/robot-patissier-cuiseur-cooking-chef\/#primaryimage\"},\"thumbnailUrl\":\"https:\/\/novakmarket.com\/wp-content\/uploads\/2021\/11\/X15.jpg\",\"datePublished\":\"2021-11-29T19:20:39+00:00\",\"dateModified\":\"2021-11-29T19:21:23+00:00\",\"breadcrumb\":{\"@id\":\"https:\/\/novakmarket.com\/produit\/robot-patissier-cuiseur-cooking-chef\/#breadcrumb\"},\"inLanguage\":\"de\",\"potentialAction\":[{\"@type\":\"ReadAction\",\"target\":[\"https:\/\/novakmarket.com\/produit\/robot-patissier-cuiseur-cooking-chef\/\"]}]},{\"@type\":\"ImageObject\",\"inLanguage\":\"de\",\"@id\":\"https:\/\/novakmarket.com\/produit\/robot-patissier-cuiseur-cooking-chef\/#primaryimage\",\"url\":\"https:\/\/novakmarket.com\/wp-content\/uploads\/2021\/11\/X15.jpg\",\"contentUrl\":\"https:\/\/novakmarket.com\/wp-content\/uploads\/2021\/11\/X15.jpg\",\"width\":550,\"height\":550},{\"@type\":\"BreadcrumbList\",\"@id\":\"https:\/\/novakmarket.com\/produit\/robot-patissier-cuiseur-cooking-chef\/#breadcrumb\",\"itemListElement\":[{\"@type\":\"ListItem\",\"position\":1,\"name\":\"Accueil\",\"item\":\"https:\/\/novakmarket.com\/\"},{\"@type\":\"ListItem\",\"position\":2,\"name\":\"Boutique\",\"item\":\"https:\/\/novakmarket.com\/shop\/\"},{\"@type\":\"ListItem\",\"position\":3,\"name\":\"Robot p\u00e2tissier cuiseur Cooking Chef\"}]},{\"@type\":\"WebSite\",\"@id\":\"https:\/\/novakmarket.com\/#website\",\"url\":\"https:\/\/novakmarket.com\/\",\"name\":\"Novak Market\",\"description\":\"Vente de produits \u00e9lectroniques.\",\"publisher\":{\"@id\":\"https:\/\/novakmarket.com\/#organization\"},\"potentialAction\":[{\"@type\":\"SearchAction\",\"target\":{\"@type\":\"EntryPoint\",\"urlTemplate\":\"https:\/\/novakmarket.com\/?s={search_term_string}\"},\"query-input\":{\"@type\":\"PropertyValueSpecification\",\"valueRequired\":true,\"valueName\":\"search_term_string\"}}],\"inLanguage\":\"de\"},{\"@type\":\"Organization\",\"@id\":\"https:\/\/novakmarket.com\/#organization\",\"name\":\"Novak Market\",\"url\":\"https:\/\/novakmarket.com\/\",\"logo\":{\"@type\":\"ImageObject\",\"inLanguage\":\"de\",\"@id\":\"https:\/\/novakmarket.com\/#\/schema\/logo\/image\/\",\"url\":\"https:\/\/novakmarket.com\/wp-content\/uploads\/2026\/02\/cropped-footer-pc-removebg-preview.png\",\"contentUrl\":\"https:\/\/novakmarket.com\/wp-content\/uploads\/2026\/02\/cropped-footer-pc-removebg-preview.png\",\"width\":202,\"height\":73,\"caption\":\"Novak Market\"},\"image\":{\"@id\":\"https:\/\/novakmarket.com\/#\/schema\/logo\/image\/\"}}]}<\/script>\n<!-- \/ Yoast SEO plugin. -->","yoast_head_json":{"title":"Robot p\u00e2tissier cuiseur Cooking Chef - Novak Market","robots":{"index":"index","follow":"follow","max-snippet":"max-snippet:-1","max-image-preview":"max-image-preview:large","max-video-preview":"max-video-preview:-1"},"canonical":"https:\/\/novakmarket.com\/de\/produkt\/robot-patissier-cuiseur-cooking-chef\/","og_locale":"de_DE","og_type":"article","og_title":"Robot p\u00e2tissier cuiseur Cooking Chef - Novak Market","og_description":"Nom du produit KENWOOD KM096 Robot p\u00e2tissier cuiseur Cooking Chef  Cat\u00e9gorie ROBOT DE CUISINE  Informations sur le produit  Notes Compatible avec les accessoires \"AT\" (sans adaptateur) et compatible avec les accessoires \"KAX\" avec adaptateur KAT001ME  Robots de cuisine|Capacit\u00e9 du bol 6,7 Litres  G\u00e9n\u00e9ral  Type de Produit Machine de cuisine  Temp\u00e9rature variable Oui  Plage de temp\u00e9ratures De 20\u00b0C \u00e0 140\u00b0C  Fonction et param\u00e8tres Fonction impulsion, fonction traitement des aliments  Compatible lave-vaisselle Parties amovibles  Contenance 6.7 litres  Fonctions Thermostat r\u00e9glable, mixeur plan\u00e9taire, bol en inox, r\u00e9sistant \u00e0 la chaleur, chauffe par induction, sortie vitesse lente, sortie vitesse rapide  R\u00e9glages, commandes et voyants  R\u00e9glages de la vitesse 3 variable  Type de commande Electronique  Consommation  Puissance \u00e9lectrique 1500 Watt  Divers  Caract\u00e9ristiques externes Poign\u00e9e calorifug\u00e9e  Fonctions de s\u00e9curit\u00e9 Interrupteur de verrouillage de s\u00e9curit\u00e9, pr\u00e9vention des \u00e9claboussures  Dimensions et poids  Largeur 41 cm  Hauteur 38 cm  Profondeur 33.5 cm  Poids 13.6 kg","og_url":"https:\/\/novakmarket.com\/de\/produkt\/robot-patissier-cuiseur-cooking-chef\/","og_site_name":"Novak Market","article_modified_time":"2021-11-29T19:21:23+00:00","og_image":[{"width":550,"height":550,"url":"https:\/\/novakmarket.com\/wp-content\/uploads\/2021\/11\/X15.jpg","type":"image\/jpeg"}],"twitter_card":"summary_large_image","schema":{"@context":"https:\/\/schema.org","@graph":[{"@type":"WebPage","@id":"https:\/\/novakmarket.com\/produit\/robot-patissier-cuiseur-cooking-chef\/","url":"https:\/\/novakmarket.com\/produit\/robot-patissier-cuiseur-cooking-chef\/","name":"Robot p\u00e2tissier cuiseur Cooking Chef - Novak Market","isPartOf":{"@id":"https:\/\/novakmarket.com\/#website"},"primaryImageOfPage":{"@id":"https:\/\/novakmarket.com\/produit\/robot-patissier-cuiseur-cooking-chef\/#primaryimage"},"image":{"@id":"https:\/\/novakmarket.com\/produit\/robot-patissier-cuiseur-cooking-chef\/#primaryimage"},"thumbnailUrl":"https:\/\/novakmarket.com\/wp-content\/uploads\/2021\/11\/X15.jpg","datePublished":"2021-11-29T19:20:39+00:00","dateModified":"2021-11-29T19:21:23+00:00","breadcrumb":{"@id":"https:\/\/novakmarket.com\/produit\/robot-patissier-cuiseur-cooking-chef\/#breadcrumb"},"inLanguage":"de","potentialAction":[{"@type":"ReadAction","target":["https:\/\/novakmarket.com\/produit\/robot-patissier-cuiseur-cooking-chef\/"]}]},{"@type":"ImageObject","inLanguage":"de","@id":"https:\/\/novakmarket.com\/produit\/robot-patissier-cuiseur-cooking-chef\/#primaryimage","url":"https:\/\/novakmarket.com\/wp-content\/uploads\/2021\/11\/X15.jpg","contentUrl":"https:\/\/novakmarket.com\/wp-content\/uploads\/2021\/11\/X15.jpg","width":550,"height":550},{"@type":"BreadcrumbList","@id":"https:\/\/novakmarket.com\/produit\/robot-patissier-cuiseur-cooking-chef\/#breadcrumb","itemListElement":[{"@type":"ListItem","position":1,"name":"Accueil","item":"https:\/\/novakmarket.com\/"},{"@type":"ListItem","position":2,"name":"Boutique","item":"https:\/\/novakmarket.com\/shop\/"},{"@type":"ListItem","position":3,"name":"Robot p\u00e2tissier cuiseur Cooking Chef"}]},{"@type":"WebSite","@id":"https:\/\/novakmarket.com\/#website","url":"https:\/\/novakmarket.com\/","name":"Novak Market","description":"Vente de produits \u00e9lectroniques.","publisher":{"@id":"https:\/\/novakmarket.com\/#organization"},"potentialAction":[{"@type":"SearchAction","target":{"@type":"EntryPoint","urlTemplate":"https:\/\/novakmarket.com\/?s={search_term_string}"},"query-input":{"@type":"PropertyValueSpecification","valueRequired":true,"valueName":"search_term_string"}}],"inLanguage":"de"},{"@type":"Organization","@id":"https:\/\/novakmarket.com\/#organization","name":"Novak Market","url":"https:\/\/novakmarket.com\/","logo":{"@type":"ImageObject","inLanguage":"de","@id":"https:\/\/novakmarket.com\/#\/schema\/logo\/image\/","url":"https:\/\/novakmarket.com\/wp-content\/uploads\/2026\/02\/cropped-footer-pc-removebg-preview.png","contentUrl":"https:\/\/novakmarket.com\/wp-content\/uploads\/2026\/02\/cropped-footer-pc-removebg-preview.png","width":202,"height":73,"caption":"Novak Market"},"image":{"@id":"https:\/\/novakmarket.com\/#\/schema\/logo\/image\/"}}]}},"_links":{"self":[{"href":"https:\/\/novakmarket.com\/de\/wp-json\/wp\/v2\/product\/6441","targetHints":{"allow":["GET"]}}],"collection":[{"href":"https:\/\/novakmarket.com\/de\/wp-json\/wp\/v2\/product"}],"about":[{"href":"https:\/\/novakmarket.com\/de\/wp-json\/wp\/v2\/types\/product"}],"replies":[{"embeddable":true,"href":"https:\/\/novakmarket.com\/de\/wp-json\/wp\/v2\/comments?post=6441"}],"wp:featuredmedia":[{"embeddable":true,"href":"https:\/\/novakmarket.com\/de\/wp-json\/wp\/v2\/media\/6523"}],"wp:attachment":[{"href":"https:\/\/novakmarket.com\/de\/wp-json\/wp\/v2\/media?parent=6441"}],"wp:term":[{"taxonomy":"product_brand","embeddable":true,"href":"https:\/\/novakmarket.com\/de\/wp-json\/wp\/v2\/product_brand?post=6441"},{"taxonomy":"product_cat","embeddable":true,"href":"https:\/\/novakmarket.com\/de\/wp-json\/wp\/v2\/product_cat?post=6441"},{"taxonomy":"product_tag","embeddable":true,"href":"https:\/\/novakmarket.com\/de\/wp-json\/wp\/v2\/product_tag?post=6441"}],"curies":[{"name":"wp","href":"https:\/\/api.w.org\/{rel}","templated":true}]}}