{"id":6489,"date":"2021-11-29T20:21:08","date_gmt":"2021-11-29T19:21:08","guid":{"rendered":"https:\/\/bestymarketshop.com\/?post_type=product&#038;p=6489"},"modified":"2021-12-02T13:35:01","modified_gmt":"2021-12-02T12:35:01","slug":"beko-refrigerateur-congelateur","status":"publish","type":"product","link":"https:\/\/novakmarket.com\/de\/produkt\/beko-refrigerateur-congelateur\/","title":{"rendered":"BEKO &#8211; R\u00e9frig\u00e9rateur cong\u00e9lateur"},"content":{"rendered":"<p><img loading=\"lazy\" decoding=\"async\" class=\"alignnone size-medium wp-image-8450\" src=\"https:\/\/e-marketshopping.com\/wp-content\/uploads\/2020\/07\/W8-300x300.jpg\" alt=\"\" width=\"300\" height=\"300\" \/><\/p>\n<ul>\n<li>Garantie (\u00b2) : 2 ans &#8211; pi\u00e8ces, main d\u2019\u0153uvre et d\u00e9placement<\/li>\n<li>Type(s) de froid : Froid ventil\u00e9<\/li>\n<li>Volume utile total : 450 litres<\/li>\n<li>Distributeur d&#8217;eau<\/li>\n<li>Nombre de tiroir(s) : 3<\/li>\n<\/ul>","protected":false},"excerpt":{"rendered":"<table class=\"fpDescTb fpDescTbPub\">\n<tbody>\n<tr>\n<td>Nom du produit<\/td>\n<td>BEKO REC52S &#8211; R\u00e9frig\u00e9rateur cong\u00e9lateur bas &#8211; 450L<\/td>\n<\/tr>\n<tr>\n<td>Cat\u00e9gorie<\/td>\n<td>R\u00c9FRIG\u00c9RATEUR CLASSIQUE<\/td>\n<\/tr>\n<tr>\n<th colspan=\"2\">Informations sur le produit<\/th>\n<\/tr>\n<tr>\n<td>Couleur(s)<\/td>\n<td>Gris argent\u00e9<\/td>\n<\/tr>\n<tr>\n<th colspan=\"2\">G\u00e9n\u00e9ral<\/th>\n<\/tr>\n<tr>\n<td>Type de Produit<\/td>\n<td>R\u00e9frig\u00e9rateur\/cong\u00e9lateur &#8211; cong\u00e9lateur bas<\/td>\n<\/tr>\n<tr>\n<td>Cat\u00e9gorie de r\u00e9frig\u00e9rateur<\/td>\n<td>R\u00e9frig\u00e9rateur-cong\u00e9lateur<\/td>\n<\/tr>\n<tr>\n<td>Classe \u00e9nerg\u00e9tique<\/td>\n<td>Classe A+<\/td>\n<\/tr>\n<tr>\n<td>Consommation d&#8217;\u00e9nergie annuelle<\/td>\n<td>403 kWh<\/td>\n<\/tr>\n<tr>\n<td>Volume utile total<\/td>\n<td>450 litres<\/td>\n<\/tr>\n<tr>\n<td>Volume utile de r\u00e9frig\u00e9rateur<\/td>\n<td>326 litres<\/td>\n<\/tr>\n<tr>\n<td>Volume utile de cong\u00e9lateur<\/td>\n<td>124 litres<\/td>\n<\/tr>\n<tr>\n<td>Classe climatique<\/td>\n<td>SN-T<\/td>\n<\/tr>\n<tr>\n<td>Nombre d&#8217;\u00e9toiles du compartiment cong\u00e9lation<\/td>\n<td>****<\/td>\n<\/tr>\n<tr>\n<td>Niveau sonore maximum<\/td>\n<td>44 dB<\/td>\n<\/tr>\n<tr>\n<td>Format<\/td>\n<td>Pose libre<\/td>\n<\/tr>\n<tr>\n<td>Couleur<\/td>\n<td>Argent, poign\u00e9es argent<\/td>\n<\/tr>\n<tr>\n<td>Nombre de portes<\/td>\n<td>2<\/td>\n<\/tr>\n<tr>\n<td>Portes r\u00e9versibles<\/td>\n<td>Oui<\/td>\n<\/tr>\n<tr>\n<td>Autonomie en cas de coupure<\/td>\n<td>15 hrs<\/td>\n<\/tr>\n<tr>\n<td>Eclairage int\u00e9rieur<\/td>\n<td>Eclairage de colonne par DEL<\/td>\n<\/tr>\n<\/tbody>\n<\/table>","protected":false},"featured_media":6557,"comment_status":"open","ping_status":"closed","template":"","meta":{"_acf_changed":false},"product_brand":[],"product_cat":[282,308],"product_tag":[],"class_list":{"0":"post-6489","1":"product","2":"type-product","3":"status-publish","4":"has-post-thumbnail","6":"product_cat-appareils-electromenagers","7":"product_cat-froid","9":"first","10":"instock","11":"shipping-taxable","12":"purchasable","13":"product-type-simple"},"acf":[],"yoast_head":"<!-- This site is optimized with the Yoast SEO plugin v27.2 - https:\/\/yoast.com\/product\/yoast-seo-wordpress\/ -->\n<title>BEKO - R\u00e9frig\u00e9rateur cong\u00e9lateur - Novak Market<\/title>\n<meta name=\"robots\" content=\"index, follow, max-snippet:-1, max-image-preview:large, max-video-preview:-1\" \/>\n<link rel=\"canonical\" href=\"https:\/\/novakmarket.com\/de\/produkt\/beko-refrigerateur-congelateur\/\" \/>\n<meta property=\"og:locale\" content=\"de_DE\" \/>\n<meta property=\"og:type\" content=\"article\" \/>\n<meta property=\"og:title\" content=\"BEKO - R\u00e9frig\u00e9rateur cong\u00e9lateur - Novak Market\" \/>\n<meta property=\"og:description\" content=\"Nom du produit BEKO REC52S - R\u00e9frig\u00e9rateur cong\u00e9lateur bas - 450L  Cat\u00e9gorie R\u00c9FRIG\u00c9RATEUR CLASSIQUE  Informations sur le produit  Couleur(s) Gris argent\u00e9  G\u00e9n\u00e9ral  Type de Produit R\u00e9frig\u00e9rateur\/cong\u00e9lateur - cong\u00e9lateur bas  Cat\u00e9gorie de r\u00e9frig\u00e9rateur R\u00e9frig\u00e9rateur-cong\u00e9lateur  Classe \u00e9nerg\u00e9tique Classe A+  Consommation d&#039;\u00e9nergie annuelle 403 kWh  Volume utile total 450 litres  Volume utile de r\u00e9frig\u00e9rateur 326 litres  Volume utile de cong\u00e9lateur 124 litres  Classe climatique SN-T  Nombre d&#039;\u00e9toiles du compartiment cong\u00e9lation ****  Niveau sonore maximum 44 dB  Format Pose libre  Couleur Argent, poign\u00e9es argent  Nombre de portes 2  Portes r\u00e9versibles Oui  Autonomie en cas de coupure 15 hrs  Eclairage int\u00e9rieur Eclairage de colonne par DEL\" \/>\n<meta property=\"og:url\" content=\"https:\/\/novakmarket.com\/de\/produkt\/beko-refrigerateur-congelateur\/\" \/>\n<meta property=\"og:site_name\" content=\"Novak Market\" \/>\n<meta property=\"article:modified_time\" content=\"2021-12-02T12:35:01+00:00\" \/>\n<meta property=\"og:image\" content=\"https:\/\/novakmarket.com\/wp-content\/uploads\/2021\/11\/W8-1.jpg\" \/>\n\t<meta property=\"og:image:width\" content=\"700\" \/>\n\t<meta property=\"og:image:height\" content=\"700\" \/>\n\t<meta property=\"og:image:type\" content=\"image\/jpeg\" \/>\n<meta name=\"twitter:card\" content=\"summary_large_image\" \/>\n<script type=\"application\/ld+json\" class=\"yoast-schema-graph\">{\"@context\":\"https:\/\/schema.org\",\"@graph\":[{\"@type\":\"WebPage\",\"@id\":\"https:\/\/novakmarket.com\/produit\/beko-refrigerateur-congelateur\/\",\"url\":\"https:\/\/novakmarket.com\/produit\/beko-refrigerateur-congelateur\/\",\"name\":\"BEKO - R\u00e9frig\u00e9rateur cong\u00e9lateur - Novak Market\",\"isPartOf\":{\"@id\":\"https:\/\/novakmarket.com\/#website\"},\"primaryImageOfPage\":{\"@id\":\"https:\/\/novakmarket.com\/produit\/beko-refrigerateur-congelateur\/#primaryimage\"},\"image\":{\"@id\":\"https:\/\/novakmarket.com\/produit\/beko-refrigerateur-congelateur\/#primaryimage\"},\"thumbnailUrl\":\"https:\/\/novakmarket.com\/wp-content\/uploads\/2021\/11\/W8-1.jpg\",\"datePublished\":\"2021-11-29T19:21:08+00:00\",\"dateModified\":\"2021-12-02T12:35:01+00:00\",\"breadcrumb\":{\"@id\":\"https:\/\/novakmarket.com\/produit\/beko-refrigerateur-congelateur\/#breadcrumb\"},\"inLanguage\":\"de\",\"potentialAction\":[{\"@type\":\"ReadAction\",\"target\":[\"https:\/\/novakmarket.com\/produit\/beko-refrigerateur-congelateur\/\"]}]},{\"@type\":\"ImageObject\",\"inLanguage\":\"de\",\"@id\":\"https:\/\/novakmarket.com\/produit\/beko-refrigerateur-congelateur\/#primaryimage\",\"url\":\"https:\/\/novakmarket.com\/wp-content\/uploads\/2021\/11\/W8-1.jpg\",\"contentUrl\":\"https:\/\/novakmarket.com\/wp-content\/uploads\/2021\/11\/W8-1.jpg\",\"width\":700,\"height\":700},{\"@type\":\"BreadcrumbList\",\"@id\":\"https:\/\/novakmarket.com\/produit\/beko-refrigerateur-congelateur\/#breadcrumb\",\"itemListElement\":[{\"@type\":\"ListItem\",\"position\":1,\"name\":\"Accueil\",\"item\":\"https:\/\/novakmarket.com\/\"},{\"@type\":\"ListItem\",\"position\":2,\"name\":\"Boutique\",\"item\":\"https:\/\/novakmarket.com\/shop\/\"},{\"@type\":\"ListItem\",\"position\":3,\"name\":\"BEKO &#8211; R\u00e9frig\u00e9rateur cong\u00e9lateur\"}]},{\"@type\":\"WebSite\",\"@id\":\"https:\/\/novakmarket.com\/#website\",\"url\":\"https:\/\/novakmarket.com\/\",\"name\":\"Novak Market\",\"description\":\"Vente de produits \u00e9lectroniques.\",\"publisher\":{\"@id\":\"https:\/\/novakmarket.com\/#organization\"},\"potentialAction\":[{\"@type\":\"SearchAction\",\"target\":{\"@type\":\"EntryPoint\",\"urlTemplate\":\"https:\/\/novakmarket.com\/?s={search_term_string}\"},\"query-input\":{\"@type\":\"PropertyValueSpecification\",\"valueRequired\":true,\"valueName\":\"search_term_string\"}}],\"inLanguage\":\"de\"},{\"@type\":\"Organization\",\"@id\":\"https:\/\/novakmarket.com\/#organization\",\"name\":\"Novak Market\",\"url\":\"https:\/\/novakmarket.com\/\",\"logo\":{\"@type\":\"ImageObject\",\"inLanguage\":\"de\",\"@id\":\"https:\/\/novakmarket.com\/#\/schema\/logo\/image\/\",\"url\":\"https:\/\/novakmarket.com\/wp-content\/uploads\/2026\/02\/cropped-footer-pc-removebg-preview.png\",\"contentUrl\":\"https:\/\/novakmarket.com\/wp-content\/uploads\/2026\/02\/cropped-footer-pc-removebg-preview.png\",\"width\":202,\"height\":73,\"caption\":\"Novak Market\"},\"image\":{\"@id\":\"https:\/\/novakmarket.com\/#\/schema\/logo\/image\/\"}}]}<\/script>\n<!-- \/ Yoast SEO plugin. -->","yoast_head_json":{"title":"BEKO - R\u00e9frig\u00e9rateur cong\u00e9lateur - Novak Market","robots":{"index":"index","follow":"follow","max-snippet":"max-snippet:-1","max-image-preview":"max-image-preview:large","max-video-preview":"max-video-preview:-1"},"canonical":"https:\/\/novakmarket.com\/de\/produkt\/beko-refrigerateur-congelateur\/","og_locale":"de_DE","og_type":"article","og_title":"BEKO - R\u00e9frig\u00e9rateur cong\u00e9lateur - Novak Market","og_description":"Nom du produit BEKO REC52S - R\u00e9frig\u00e9rateur cong\u00e9lateur bas - 450L  Cat\u00e9gorie R\u00c9FRIG\u00c9RATEUR CLASSIQUE  Informations sur le produit  Couleur(s) Gris argent\u00e9  G\u00e9n\u00e9ral  Type de Produit R\u00e9frig\u00e9rateur\/cong\u00e9lateur - cong\u00e9lateur bas  Cat\u00e9gorie de r\u00e9frig\u00e9rateur R\u00e9frig\u00e9rateur-cong\u00e9lateur  Classe \u00e9nerg\u00e9tique Classe A+  Consommation d'\u00e9nergie annuelle 403 kWh  Volume utile total 450 litres  Volume utile de r\u00e9frig\u00e9rateur 326 litres  Volume utile de cong\u00e9lateur 124 litres  Classe climatique SN-T  Nombre d'\u00e9toiles du compartiment cong\u00e9lation ****  Niveau sonore maximum 44 dB  Format Pose libre  Couleur Argent, poign\u00e9es argent  Nombre de portes 2  Portes r\u00e9versibles Oui  Autonomie en cas de coupure 15 hrs  Eclairage int\u00e9rieur Eclairage de colonne par DEL","og_url":"https:\/\/novakmarket.com\/de\/produkt\/beko-refrigerateur-congelateur\/","og_site_name":"Novak Market","article_modified_time":"2021-12-02T12:35:01+00:00","og_image":[{"width":700,"height":700,"url":"https:\/\/novakmarket.com\/wp-content\/uploads\/2021\/11\/W8-1.jpg","type":"image\/jpeg"}],"twitter_card":"summary_large_image","schema":{"@context":"https:\/\/schema.org","@graph":[{"@type":"WebPage","@id":"https:\/\/novakmarket.com\/produit\/beko-refrigerateur-congelateur\/","url":"https:\/\/novakmarket.com\/produit\/beko-refrigerateur-congelateur\/","name":"BEKO - R\u00e9frig\u00e9rateur cong\u00e9lateur - Novak Market","isPartOf":{"@id":"https:\/\/novakmarket.com\/#website"},"primaryImageOfPage":{"@id":"https:\/\/novakmarket.com\/produit\/beko-refrigerateur-congelateur\/#primaryimage"},"image":{"@id":"https:\/\/novakmarket.com\/produit\/beko-refrigerateur-congelateur\/#primaryimage"},"thumbnailUrl":"https:\/\/novakmarket.com\/wp-content\/uploads\/2021\/11\/W8-1.jpg","datePublished":"2021-11-29T19:21:08+00:00","dateModified":"2021-12-02T12:35:01+00:00","breadcrumb":{"@id":"https:\/\/novakmarket.com\/produit\/beko-refrigerateur-congelateur\/#breadcrumb"},"inLanguage":"de","potentialAction":[{"@type":"ReadAction","target":["https:\/\/novakmarket.com\/produit\/beko-refrigerateur-congelateur\/"]}]},{"@type":"ImageObject","inLanguage":"de","@id":"https:\/\/novakmarket.com\/produit\/beko-refrigerateur-congelateur\/#primaryimage","url":"https:\/\/novakmarket.com\/wp-content\/uploads\/2021\/11\/W8-1.jpg","contentUrl":"https:\/\/novakmarket.com\/wp-content\/uploads\/2021\/11\/W8-1.jpg","width":700,"height":700},{"@type":"BreadcrumbList","@id":"https:\/\/novakmarket.com\/produit\/beko-refrigerateur-congelateur\/#breadcrumb","itemListElement":[{"@type":"ListItem","position":1,"name":"Accueil","item":"https:\/\/novakmarket.com\/"},{"@type":"ListItem","position":2,"name":"Boutique","item":"https:\/\/novakmarket.com\/shop\/"},{"@type":"ListItem","position":3,"name":"BEKO &#8211; R\u00e9frig\u00e9rateur cong\u00e9lateur"}]},{"@type":"WebSite","@id":"https:\/\/novakmarket.com\/#website","url":"https:\/\/novakmarket.com\/","name":"Novak Market","description":"Vente de produits \u00e9lectroniques.","publisher":{"@id":"https:\/\/novakmarket.com\/#organization"},"potentialAction":[{"@type":"SearchAction","target":{"@type":"EntryPoint","urlTemplate":"https:\/\/novakmarket.com\/?s={search_term_string}"},"query-input":{"@type":"PropertyValueSpecification","valueRequired":true,"valueName":"search_term_string"}}],"inLanguage":"de"},{"@type":"Organization","@id":"https:\/\/novakmarket.com\/#organization","name":"Novak Market","url":"https:\/\/novakmarket.com\/","logo":{"@type":"ImageObject","inLanguage":"de","@id":"https:\/\/novakmarket.com\/#\/schema\/logo\/image\/","url":"https:\/\/novakmarket.com\/wp-content\/uploads\/2026\/02\/cropped-footer-pc-removebg-preview.png","contentUrl":"https:\/\/novakmarket.com\/wp-content\/uploads\/2026\/02\/cropped-footer-pc-removebg-preview.png","width":202,"height":73,"caption":"Novak Market"},"image":{"@id":"https:\/\/novakmarket.com\/#\/schema\/logo\/image\/"}}]}},"_links":{"self":[{"href":"https:\/\/novakmarket.com\/de\/wp-json\/wp\/v2\/product\/6489","targetHints":{"allow":["GET"]}}],"collection":[{"href":"https:\/\/novakmarket.com\/de\/wp-json\/wp\/v2\/product"}],"about":[{"href":"https:\/\/novakmarket.com\/de\/wp-json\/wp\/v2\/types\/product"}],"replies":[{"embeddable":true,"href":"https:\/\/novakmarket.com\/de\/wp-json\/wp\/v2\/comments?post=6489"}],"wp:featuredmedia":[{"embeddable":true,"href":"https:\/\/novakmarket.com\/de\/wp-json\/wp\/v2\/media\/6557"}],"wp:attachment":[{"href":"https:\/\/novakmarket.com\/de\/wp-json\/wp\/v2\/media?parent=6489"}],"wp:term":[{"taxonomy":"product_brand","embeddable":true,"href":"https:\/\/novakmarket.com\/de\/wp-json\/wp\/v2\/product_brand?post=6489"},{"taxonomy":"product_cat","embeddable":true,"href":"https:\/\/novakmarket.com\/de\/wp-json\/wp\/v2\/product_cat?post=6489"},{"taxonomy":"product_tag","embeddable":true,"href":"https:\/\/novakmarket.com\/de\/wp-json\/wp\/v2\/product_tag?post=6489"}],"curies":[{"name":"wp","href":"https:\/\/api.w.org\/{rel}","templated":true}]}}