{"id":6492,"date":"2021-11-29T20:21:08","date_gmt":"2021-11-29T19:21:08","guid":{"rendered":"https:\/\/bestymarketshop.com\/?post_type=product&#038;p=6492"},"modified":"2021-11-29T20:21:41","modified_gmt":"2021-11-29T19:21:41","slug":"refrigerateur-multi-portes","status":"publish","type":"product","link":"https:\/\/novakmarket.com\/de\/produkt\/refrigerateur-multi-portes\/","title":{"rendered":"R\u00e9frig\u00e9rateur multi-portes"},"content":{"rendered":"<p><img loading=\"lazy\" decoding=\"async\" class=\"alignnone size-medium wp-image-8462\" src=\"https:\/\/e-marketshopping.com\/wp-content\/uploads\/2020\/07\/W11-300x300.jpg\" alt=\"\" width=\"300\" height=\"300\" \/><\/p>\n<ul>\n<li>Type(s) de froid : No Frost<\/li>\n<li>Volume utile total : 396 L<\/li>\n<li>Nombre de tiroir(s) : 2<\/li>\n<li>Niveau sonore maximal : 42 dB<\/li>\n<li>Couleur : Inox<\/li>\n<\/ul>","protected":false},"excerpt":{"rendered":"<table class=\"fpDescTb fpDescTbPub\">\n<tbody>\n<tr>\n<td>Nom du produit<\/td>\n<td>CONTINENTAL EDISON RAF396IX R\u00e9frig\u00e9rateur multi-po<\/td>\n<\/tr>\n<tr>\n<td>Cat\u00e9gorie<\/td>\n<td>R\u00c9FRIG\u00c9RATEUR CLASSIQUE<\/td>\n<\/tr>\n<tr>\n<th colspan=\"2\">Informations sur le produit<\/th>\n<\/tr>\n<tr>\n<td>Couleur(s)<\/td>\n<td>Inox<\/td>\n<\/tr>\n<tr>\n<th colspan=\"2\">G\u00e9n\u00e9ral<\/th>\n<\/tr>\n<tr>\n<td>Classe \u00e9nerg\u00e9tique<\/td>\n<td>Classe A+<\/td>\n<\/tr>\n<tr>\n<td>Consommation d&#8217;\u00e9nergie annuelle<\/td>\n<td>346kWh<\/td>\n<\/tr>\n<tr>\n<td>Volume utile totale<\/td>\n<td>396 L<\/td>\n<\/tr>\n<tr>\n<td>Volume utile total<\/td>\n<td>396 L<\/td>\n<\/tr>\n<tr>\n<td>Volume utile de r\u00e9frig\u00e9rateur<\/td>\n<td>294L<\/td>\n<\/tr>\n<tr>\n<td>Volume utile de cong\u00e9lateur<\/td>\n<td>102L<\/td>\n<\/tr>\n<tr>\n<td>Classe climatique<\/td>\n<td>N\/ST<\/td>\n<\/tr>\n<tr>\n<td>Emissions acoustiques<\/td>\n<td>42 dB<\/td>\n<\/tr>\n<tr>\n<td>Niveau sonore maximum<\/td>\n<td>42 dB<\/td>\n<\/tr>\n<tr>\n<td>Couleur<\/td>\n<td>Inox<\/td>\n<\/tr>\n<tr>\n<td>Nombre de portes<\/td>\n<td>4<\/td>\n<\/tr>\n<tr>\n<td>Autonomie en cas de coupure<\/td>\n<td>15h<\/td>\n<\/tr>\n<tr>\n<td>Nombre de compresseurs<\/td>\n<td>1<\/td>\n<\/tr>\n<tr>\n<td>Type(s) de froid<\/td>\n<td>No Frost<\/td>\n<\/tr>\n<tr>\n<th colspan=\"2\">Caract\u00e9ristiques du r\u00e9frig\u00e9rateur<\/th>\n<\/tr>\n<tr>\n<td>Nombre de compartiments de porte du r\u00e9frig\u00e9rateur<\/td>\n<td>2<\/td>\n<\/tr>\n<tr>\n<th colspan=\"2\">Consommation<\/th>\n<\/tr>\n<tr>\n<td>Longueur du cordon<\/td>\n<td>120 cm<\/td>\n<\/tr>\n<tr>\n<td>Consommation d&#8217;\u00e9nergie<\/td>\n<td>0,947<\/td>\n<\/tr>\n<tr>\n<td>Courant nominal<\/td>\n<td>16 A<\/td>\n<\/tr>\n<tr>\n<td>Type de prise<\/td>\n<td>2P+T (France)<\/td>\n<\/tr>\n<\/tbody>\n<\/table>","protected":false},"featured_media":6560,"comment_status":"open","ping_status":"closed","template":"","meta":{"_acf_changed":false},"product_brand":[],"product_cat":[282,308],"product_tag":[],"class_list":{"0":"post-6492","1":"product","2":"type-product","3":"status-publish","4":"has-post-thumbnail","6":"product_cat-appareils-electromenagers","7":"product_cat-froid","9":"first","10":"instock","11":"shipping-taxable","12":"purchasable","13":"product-type-simple"},"acf":[],"yoast_head":"<!-- This site is optimized with the Yoast SEO plugin v27.2 - https:\/\/yoast.com\/product\/yoast-seo-wordpress\/ -->\n<title>R\u00e9frig\u00e9rateur multi-portes - Novak Market<\/title>\n<meta name=\"robots\" content=\"index, follow, max-snippet:-1, max-image-preview:large, max-video-preview:-1\" \/>\n<link rel=\"canonical\" href=\"https:\/\/novakmarket.com\/de\/produkt\/refrigerateur-multi-portes\/\" \/>\n<meta property=\"og:locale\" content=\"de_DE\" \/>\n<meta property=\"og:type\" content=\"article\" \/>\n<meta property=\"og:title\" content=\"R\u00e9frig\u00e9rateur multi-portes - Novak Market\" \/>\n<meta property=\"og:description\" content=\"Nom du produit CONTINENTAL EDISON RAF396IX R\u00e9frig\u00e9rateur multi-po  Cat\u00e9gorie R\u00c9FRIG\u00c9RATEUR CLASSIQUE  Informations sur le produit  Couleur(s) Inox  G\u00e9n\u00e9ral  Classe \u00e9nerg\u00e9tique Classe A+  Consommation d&#039;\u00e9nergie annuelle 346kWh  Volume utile totale 396 L  Volume utile total 396 L  Volume utile de r\u00e9frig\u00e9rateur 294L  Volume utile de cong\u00e9lateur 102L  Classe climatique N\/ST  Emissions acoustiques 42 dB  Niveau sonore maximum 42 dB  Couleur Inox  Nombre de portes 4  Autonomie en cas de coupure 15h  Nombre de compresseurs 1  Type(s) de froid No Frost  Caract\u00e9ristiques du r\u00e9frig\u00e9rateur  Nombre de compartiments de porte du r\u00e9frig\u00e9rateur 2  Consommation  Longueur du cordon 120 cm  Consommation d&#039;\u00e9nergie 0,947  Courant nominal 16 A  Type de prise 2P+T (France)\" \/>\n<meta property=\"og:url\" content=\"https:\/\/novakmarket.com\/de\/produkt\/refrigerateur-multi-portes\/\" \/>\n<meta property=\"og:site_name\" content=\"Novak Market\" \/>\n<meta property=\"article:modified_time\" content=\"2021-11-29T19:21:41+00:00\" \/>\n<meta property=\"og:image\" content=\"https:\/\/novakmarket.com\/wp-content\/uploads\/2021\/11\/W11-2.jpg\" \/>\n\t<meta property=\"og:image:width\" content=\"700\" \/>\n\t<meta property=\"og:image:height\" content=\"700\" \/>\n\t<meta property=\"og:image:type\" content=\"image\/jpeg\" \/>\n<meta name=\"twitter:card\" content=\"summary_large_image\" \/>\n<script type=\"application\/ld+json\" class=\"yoast-schema-graph\">{\"@context\":\"https:\/\/schema.org\",\"@graph\":[{\"@type\":\"WebPage\",\"@id\":\"https:\/\/novakmarket.com\/produit\/refrigerateur-multi-portes\/\",\"url\":\"https:\/\/novakmarket.com\/produit\/refrigerateur-multi-portes\/\",\"name\":\"R\u00e9frig\u00e9rateur multi-portes - Novak Market\",\"isPartOf\":{\"@id\":\"https:\/\/novakmarket.com\/#website\"},\"primaryImageOfPage\":{\"@id\":\"https:\/\/novakmarket.com\/produit\/refrigerateur-multi-portes\/#primaryimage\"},\"image\":{\"@id\":\"https:\/\/novakmarket.com\/produit\/refrigerateur-multi-portes\/#primaryimage\"},\"thumbnailUrl\":\"https:\/\/novakmarket.com\/wp-content\/uploads\/2021\/11\/W11-2.jpg\",\"datePublished\":\"2021-11-29T19:21:08+00:00\",\"dateModified\":\"2021-11-29T19:21:41+00:00\",\"breadcrumb\":{\"@id\":\"https:\/\/novakmarket.com\/produit\/refrigerateur-multi-portes\/#breadcrumb\"},\"inLanguage\":\"de\",\"potentialAction\":[{\"@type\":\"ReadAction\",\"target\":[\"https:\/\/novakmarket.com\/produit\/refrigerateur-multi-portes\/\"]}]},{\"@type\":\"ImageObject\",\"inLanguage\":\"de\",\"@id\":\"https:\/\/novakmarket.com\/produit\/refrigerateur-multi-portes\/#primaryimage\",\"url\":\"https:\/\/novakmarket.com\/wp-content\/uploads\/2021\/11\/W11-2.jpg\",\"contentUrl\":\"https:\/\/novakmarket.com\/wp-content\/uploads\/2021\/11\/W11-2.jpg\",\"width\":700,\"height\":700},{\"@type\":\"BreadcrumbList\",\"@id\":\"https:\/\/novakmarket.com\/produit\/refrigerateur-multi-portes\/#breadcrumb\",\"itemListElement\":[{\"@type\":\"ListItem\",\"position\":1,\"name\":\"Accueil\",\"item\":\"https:\/\/novakmarket.com\/\"},{\"@type\":\"ListItem\",\"position\":2,\"name\":\"Boutique\",\"item\":\"https:\/\/novakmarket.com\/shop\/\"},{\"@type\":\"ListItem\",\"position\":3,\"name\":\"R\u00e9frig\u00e9rateur multi-portes\"}]},{\"@type\":\"WebSite\",\"@id\":\"https:\/\/novakmarket.com\/#website\",\"url\":\"https:\/\/novakmarket.com\/\",\"name\":\"Novak Market\",\"description\":\"Vente de produits \u00e9lectroniques.\",\"publisher\":{\"@id\":\"https:\/\/novakmarket.com\/#organization\"},\"potentialAction\":[{\"@type\":\"SearchAction\",\"target\":{\"@type\":\"EntryPoint\",\"urlTemplate\":\"https:\/\/novakmarket.com\/?s={search_term_string}\"},\"query-input\":{\"@type\":\"PropertyValueSpecification\",\"valueRequired\":true,\"valueName\":\"search_term_string\"}}],\"inLanguage\":\"de\"},{\"@type\":\"Organization\",\"@id\":\"https:\/\/novakmarket.com\/#organization\",\"name\":\"Novak Market\",\"url\":\"https:\/\/novakmarket.com\/\",\"logo\":{\"@type\":\"ImageObject\",\"inLanguage\":\"de\",\"@id\":\"https:\/\/novakmarket.com\/#\/schema\/logo\/image\/\",\"url\":\"https:\/\/novakmarket.com\/wp-content\/uploads\/2026\/02\/cropped-footer-pc-removebg-preview.png\",\"contentUrl\":\"https:\/\/novakmarket.com\/wp-content\/uploads\/2026\/02\/cropped-footer-pc-removebg-preview.png\",\"width\":202,\"height\":73,\"caption\":\"Novak Market\"},\"image\":{\"@id\":\"https:\/\/novakmarket.com\/#\/schema\/logo\/image\/\"}}]}<\/script>\n<!-- \/ Yoast SEO plugin. -->","yoast_head_json":{"title":"R\u00e9frig\u00e9rateur multi-portes - Novak Market","robots":{"index":"index","follow":"follow","max-snippet":"max-snippet:-1","max-image-preview":"max-image-preview:large","max-video-preview":"max-video-preview:-1"},"canonical":"https:\/\/novakmarket.com\/de\/produkt\/refrigerateur-multi-portes\/","og_locale":"de_DE","og_type":"article","og_title":"R\u00e9frig\u00e9rateur multi-portes - Novak Market","og_description":"Nom du produit CONTINENTAL EDISON RAF396IX R\u00e9frig\u00e9rateur multi-po  Cat\u00e9gorie R\u00c9FRIG\u00c9RATEUR CLASSIQUE  Informations sur le produit  Couleur(s) Inox  G\u00e9n\u00e9ral  Classe \u00e9nerg\u00e9tique Classe A+  Consommation d'\u00e9nergie annuelle 346kWh  Volume utile totale 396 L  Volume utile total 396 L  Volume utile de r\u00e9frig\u00e9rateur 294L  Volume utile de cong\u00e9lateur 102L  Classe climatique N\/ST  Emissions acoustiques 42 dB  Niveau sonore maximum 42 dB  Couleur Inox  Nombre de portes 4  Autonomie en cas de coupure 15h  Nombre de compresseurs 1  Type(s) de froid No Frost  Caract\u00e9ristiques du r\u00e9frig\u00e9rateur  Nombre de compartiments de porte du r\u00e9frig\u00e9rateur 2  Consommation  Longueur du cordon 120 cm  Consommation d'\u00e9nergie 0,947  Courant nominal 16 A  Type de prise 2P+T (France)","og_url":"https:\/\/novakmarket.com\/de\/produkt\/refrigerateur-multi-portes\/","og_site_name":"Novak Market","article_modified_time":"2021-11-29T19:21:41+00:00","og_image":[{"width":700,"height":700,"url":"https:\/\/novakmarket.com\/wp-content\/uploads\/2021\/11\/W11-2.jpg","type":"image\/jpeg"}],"twitter_card":"summary_large_image","schema":{"@context":"https:\/\/schema.org","@graph":[{"@type":"WebPage","@id":"https:\/\/novakmarket.com\/produit\/refrigerateur-multi-portes\/","url":"https:\/\/novakmarket.com\/produit\/refrigerateur-multi-portes\/","name":"R\u00e9frig\u00e9rateur multi-portes - Novak Market","isPartOf":{"@id":"https:\/\/novakmarket.com\/#website"},"primaryImageOfPage":{"@id":"https:\/\/novakmarket.com\/produit\/refrigerateur-multi-portes\/#primaryimage"},"image":{"@id":"https:\/\/novakmarket.com\/produit\/refrigerateur-multi-portes\/#primaryimage"},"thumbnailUrl":"https:\/\/novakmarket.com\/wp-content\/uploads\/2021\/11\/W11-2.jpg","datePublished":"2021-11-29T19:21:08+00:00","dateModified":"2021-11-29T19:21:41+00:00","breadcrumb":{"@id":"https:\/\/novakmarket.com\/produit\/refrigerateur-multi-portes\/#breadcrumb"},"inLanguage":"de","potentialAction":[{"@type":"ReadAction","target":["https:\/\/novakmarket.com\/produit\/refrigerateur-multi-portes\/"]}]},{"@type":"ImageObject","inLanguage":"de","@id":"https:\/\/novakmarket.com\/produit\/refrigerateur-multi-portes\/#primaryimage","url":"https:\/\/novakmarket.com\/wp-content\/uploads\/2021\/11\/W11-2.jpg","contentUrl":"https:\/\/novakmarket.com\/wp-content\/uploads\/2021\/11\/W11-2.jpg","width":700,"height":700},{"@type":"BreadcrumbList","@id":"https:\/\/novakmarket.com\/produit\/refrigerateur-multi-portes\/#breadcrumb","itemListElement":[{"@type":"ListItem","position":1,"name":"Accueil","item":"https:\/\/novakmarket.com\/"},{"@type":"ListItem","position":2,"name":"Boutique","item":"https:\/\/novakmarket.com\/shop\/"},{"@type":"ListItem","position":3,"name":"R\u00e9frig\u00e9rateur multi-portes"}]},{"@type":"WebSite","@id":"https:\/\/novakmarket.com\/#website","url":"https:\/\/novakmarket.com\/","name":"Novak Market","description":"Vente de produits \u00e9lectroniques.","publisher":{"@id":"https:\/\/novakmarket.com\/#organization"},"potentialAction":[{"@type":"SearchAction","target":{"@type":"EntryPoint","urlTemplate":"https:\/\/novakmarket.com\/?s={search_term_string}"},"query-input":{"@type":"PropertyValueSpecification","valueRequired":true,"valueName":"search_term_string"}}],"inLanguage":"de"},{"@type":"Organization","@id":"https:\/\/novakmarket.com\/#organization","name":"Novak Market","url":"https:\/\/novakmarket.com\/","logo":{"@type":"ImageObject","inLanguage":"de","@id":"https:\/\/novakmarket.com\/#\/schema\/logo\/image\/","url":"https:\/\/novakmarket.com\/wp-content\/uploads\/2026\/02\/cropped-footer-pc-removebg-preview.png","contentUrl":"https:\/\/novakmarket.com\/wp-content\/uploads\/2026\/02\/cropped-footer-pc-removebg-preview.png","width":202,"height":73,"caption":"Novak Market"},"image":{"@id":"https:\/\/novakmarket.com\/#\/schema\/logo\/image\/"}}]}},"_links":{"self":[{"href":"https:\/\/novakmarket.com\/de\/wp-json\/wp\/v2\/product\/6492","targetHints":{"allow":["GET"]}}],"collection":[{"href":"https:\/\/novakmarket.com\/de\/wp-json\/wp\/v2\/product"}],"about":[{"href":"https:\/\/novakmarket.com\/de\/wp-json\/wp\/v2\/types\/product"}],"replies":[{"embeddable":true,"href":"https:\/\/novakmarket.com\/de\/wp-json\/wp\/v2\/comments?post=6492"}],"wp:featuredmedia":[{"embeddable":true,"href":"https:\/\/novakmarket.com\/de\/wp-json\/wp\/v2\/media\/6560"}],"wp:attachment":[{"href":"https:\/\/novakmarket.com\/de\/wp-json\/wp\/v2\/media?parent=6492"}],"wp:term":[{"taxonomy":"product_brand","embeddable":true,"href":"https:\/\/novakmarket.com\/de\/wp-json\/wp\/v2\/product_brand?post=6492"},{"taxonomy":"product_cat","embeddable":true,"href":"https:\/\/novakmarket.com\/de\/wp-json\/wp\/v2\/product_cat?post=6492"},{"taxonomy":"product_tag","embeddable":true,"href":"https:\/\/novakmarket.com\/de\/wp-json\/wp\/v2\/product_tag?post=6492"}],"curies":[{"name":"wp","href":"https:\/\/api.w.org\/{rel}","templated":true}]}}