{"id":6494,"date":"2021-11-29T20:21:09","date_gmt":"2021-11-29T19:21:09","guid":{"rendered":"https:\/\/bestymarketshop.com\/?post_type=product&#038;p=6494"},"modified":"2021-12-02T13:33:06","modified_gmt":"2021-12-02T12:33:06","slug":"hotpoint-refrigerateur-multi-portes","status":"publish","type":"product","link":"https:\/\/novakmarket.com\/de\/produkt\/hotpoint-refrigerateur-multi-portes\/","title":{"rendered":"HOTPOINT &#8211; R\u00e9frig\u00e9rateur multi-portes"},"content":{"rendered":"<p><img loading=\"lazy\" decoding=\"async\" class=\"alignnone size-medium wp-image-8472\" src=\"https:\/\/e-marketshopping.com\/wp-content\/uploads\/2020\/07\/W15-300x300.jpg\" alt=\"\" width=\"300\" height=\"300\" \/><\/p>\n<ul>\n<li>Type(s) de froid : Froid statique<\/li>\n<li>Volume utile total : 208 litres<\/li>\n<li>Nombre d&#8217;\u00e9toiles du compartiment cong\u00e9lation :<\/li>\n<li>Niveau sonore maximal : 42 dB<\/li>\n<li>Couleur : Noir<\/li>\n<\/ul>","protected":false},"excerpt":{"rendered":"<table class=\"fpDescTb fpDescTbPub\">\n<tbody>\n<tr>\n<td>Nom du produit<\/td>\n<td>SCHNEIDER SDD208VB R\u00e9frig\u00e9rateur deux portes Vinta<\/td>\n<\/tr>\n<tr>\n<td>Cat\u00e9gorie<\/td>\n<td>R\u00c9FRIG\u00c9RATEUR CLASSIQUE<\/td>\n<\/tr>\n<tr>\n<th colspan=\"2\">Informations sur le produit<\/th>\n<\/tr>\n<tr>\n<td>Vintage<\/td>\n<td>Oui<\/td>\n<\/tr>\n<tr>\n<th colspan=\"2\">G\u00e9n\u00e9ral<\/th>\n<\/tr>\n<tr>\n<td>Type de Produit<\/td>\n<td>R\u00e9frig\u00e9rateur\/cong\u00e9lateur &#8211; cong\u00e9lateur haut<\/td>\n<\/tr>\n<tr>\n<td>Cat\u00e9gorie de r\u00e9frig\u00e9rateur<\/td>\n<td>R\u00e9frig\u00e9rateur-cong\u00e9lateur<\/td>\n<\/tr>\n<tr>\n<td>Classe \u00e9nerg\u00e9tique<\/td>\n<td>Classe A+<\/td>\n<\/tr>\n<tr>\n<td>Consommation d&#8217;\u00e9nergie annuelle<\/td>\n<td>215 kWh<\/td>\n<\/tr>\n<tr>\n<td>Volume utile total<\/td>\n<td>208 litres<\/td>\n<\/tr>\n<tr>\n<td>Volume utile de r\u00e9frig\u00e9rateur<\/td>\n<td>168 litres<\/td>\n<\/tr>\n<tr>\n<td>Volume utile de cong\u00e9lateur<\/td>\n<td>40 litres<\/td>\n<\/tr>\n<tr>\n<td>Classe climatique<\/td>\n<td>N-ST<\/td>\n<\/tr>\n<tr>\n<td>Nombre d&#8217;\u00e9toiles du compartiment cong\u00e9lation<\/td>\n<td>****<\/td>\n<\/tr>\n<tr>\n<td>Niveau sonore maximum<\/td>\n<td>42 dB<\/td>\n<\/tr>\n<tr>\n<td>Format<\/td>\n<td>Pose libre<\/td>\n<\/tr>\n<tr>\n<td>Couleur<\/td>\n<td>Noir<\/td>\n<\/tr>\n<tr>\n<td>Nombre de portes<\/td>\n<td>2<\/td>\n<\/tr>\n<tr>\n<td>Autonomie en cas de coupure<\/td>\n<td>10 hrs<\/td>\n<\/tr>\n<tr>\n<td>Eclairage int\u00e9rieur<\/td>\n<td>Eclairage int\u00e9rieur \u00e0 LED<\/td>\n<\/tr>\n<tr>\n<td>Type(s) de froid<\/td>\n<td>Froid statique<\/td>\n<\/tr>\n<tr>\n<td>D\u00e9givrage automatique<\/td>\n<td>Oui &#8211; r\u00e9frig\u00e9rateur<\/td>\n<\/tr>\n<tr>\n<td>Gaz r\u00e9frig\u00e9rant<\/td>\n<td>R 600 A<\/td>\n<\/tr>\n<tr>\n<th colspan=\"2\">Caract\u00e9ristiques du r\u00e9frig\u00e9rateur<\/th>\n<\/tr>\n<tr>\n<td>Eclairage int\u00e9rieur du r\u00e9frig\u00e9rateur<\/td>\n<td>Oui<\/td>\n<\/tr>\n<tr>\n<td>Nombre d&#8217;\u00e9tag\u00e8res du r\u00e9frig\u00e9rateur<\/td>\n<td>3<\/td>\n<\/tr>\n<tr>\n<td>Nombre de tiroirs du r\u00e9frig\u00e9rateur<\/td>\n<td>1<\/td>\n<\/tr>\n<tr>\n<td>Nombre de compartiments de porte du r\u00e9frig\u00e9rateur<\/td>\n<td>5<\/td>\n<\/tr>\n<tr>\n<td>Caract\u00e9ristiques des \u00e9tag\u00e8res\/compartiments du r\u00e9frig\u00e9rateur<\/td>\n<td>3 x \u00e9tag\u00e8re &#8211; verre<br \/>\n1 x bac \u00e0 l\u00e9gumes<\/td>\n<\/tr>\n<tr>\n<td>Entreposage int\u00e9rieur<\/td>\n<td>Oui<\/td>\n<\/tr>\n<tr>\n<th colspan=\"2\">Divers<\/th>\n<\/tr>\n<tr>\n<td>Roulettes \/ pieds<\/td>\n<td>Pieds r\u00e9glables<\/td>\n<\/tr>\n<tr>\n<td>Normes de conformit\u00e9<\/td>\n<td>Directive 1060\/2010\/EU<\/td>\n<\/tr>\n<\/tbody>\n<\/table>","protected":false},"featured_media":6562,"comment_status":"open","ping_status":"closed","template":"","meta":{"_acf_changed":false},"product_brand":[],"product_cat":[282,308],"product_tag":[],"class_list":{"0":"post-6494","1":"product","2":"type-product","3":"status-publish","4":"has-post-thumbnail","6":"product_cat-appareils-electromenagers","7":"product_cat-froid","9":"first","10":"instock","11":"shipping-taxable","12":"purchasable","13":"product-type-simple"},"acf":[],"yoast_head":"<!-- This site is optimized with the Yoast SEO plugin v27.2 - https:\/\/yoast.com\/product\/yoast-seo-wordpress\/ -->\n<title>HOTPOINT - R\u00e9frig\u00e9rateur multi-portes - Novak Market<\/title>\n<meta name=\"robots\" content=\"index, follow, max-snippet:-1, max-image-preview:large, max-video-preview:-1\" \/>\n<link rel=\"canonical\" href=\"https:\/\/novakmarket.com\/de\/produkt\/hotpoint-refrigerateur-multi-portes\/\" \/>\n<meta property=\"og:locale\" content=\"de_DE\" \/>\n<meta property=\"og:type\" content=\"article\" \/>\n<meta property=\"og:title\" content=\"HOTPOINT - R\u00e9frig\u00e9rateur multi-portes - Novak Market\" \/>\n<meta property=\"og:description\" content=\"Nom du produit SCHNEIDER SDD208VB R\u00e9frig\u00e9rateur deux portes Vinta  Cat\u00e9gorie R\u00c9FRIG\u00c9RATEUR CLASSIQUE  Informations sur le produit  Vintage Oui  G\u00e9n\u00e9ral  Type de Produit R\u00e9frig\u00e9rateur\/cong\u00e9lateur - cong\u00e9lateur haut  Cat\u00e9gorie de r\u00e9frig\u00e9rateur R\u00e9frig\u00e9rateur-cong\u00e9lateur  Classe \u00e9nerg\u00e9tique Classe A+  Consommation d&#039;\u00e9nergie annuelle 215 kWh  Volume utile total 208 litres  Volume utile de r\u00e9frig\u00e9rateur 168 litres  Volume utile de cong\u00e9lateur 40 litres  Classe climatique N-ST  Nombre d&#039;\u00e9toiles du compartiment cong\u00e9lation ****  Niveau sonore maximum 42 dB  Format Pose libre  Couleur Noir  Nombre de portes 2  Autonomie en cas de coupure 10 hrs  Eclairage int\u00e9rieur Eclairage int\u00e9rieur \u00e0 LED  Type(s) de froid Froid statique  D\u00e9givrage automatique Oui - r\u00e9frig\u00e9rateur  Gaz r\u00e9frig\u00e9rant R 600 A  Caract\u00e9ristiques du r\u00e9frig\u00e9rateur  Eclairage int\u00e9rieur du r\u00e9frig\u00e9rateur Oui  Nombre d&#039;\u00e9tag\u00e8res du r\u00e9frig\u00e9rateur 3  Nombre de tiroirs du r\u00e9frig\u00e9rateur 1  Nombre de compartiments de porte du r\u00e9frig\u00e9rateur 5  Caract\u00e9ristiques des \u00e9tag\u00e8res\/compartiments du r\u00e9frig\u00e9rateur 3 x \u00e9tag\u00e8re - verre 1 x bac \u00e0 l\u00e9gumes  Entreposage int\u00e9rieur Oui  Divers  Roulettes \/ pieds Pieds r\u00e9glables  Normes de conformit\u00e9 Directive 1060\/2010\/EU\" \/>\n<meta property=\"og:url\" content=\"https:\/\/novakmarket.com\/de\/produkt\/hotpoint-refrigerateur-multi-portes\/\" \/>\n<meta property=\"og:site_name\" content=\"Novak Market\" \/>\n<meta property=\"article:modified_time\" content=\"2021-12-02T12:33:06+00:00\" \/>\n<meta property=\"og:image\" content=\"https:\/\/novakmarket.com\/wp-content\/uploads\/2021\/11\/W15-1.jpg\" \/>\n\t<meta property=\"og:image:width\" content=\"700\" \/>\n\t<meta property=\"og:image:height\" content=\"700\" \/>\n\t<meta property=\"og:image:type\" content=\"image\/jpeg\" \/>\n<meta name=\"twitter:card\" content=\"summary_large_image\" \/>\n<script type=\"application\/ld+json\" class=\"yoast-schema-graph\">{\"@context\":\"https:\/\/schema.org\",\"@graph\":[{\"@type\":\"WebPage\",\"@id\":\"https:\/\/novakmarket.com\/produit\/hotpoint-refrigerateur-multi-portes\/\",\"url\":\"https:\/\/novakmarket.com\/produit\/hotpoint-refrigerateur-multi-portes\/\",\"name\":\"HOTPOINT - R\u00e9frig\u00e9rateur multi-portes - Novak Market\",\"isPartOf\":{\"@id\":\"https:\/\/novakmarket.com\/#website\"},\"primaryImageOfPage\":{\"@id\":\"https:\/\/novakmarket.com\/produit\/hotpoint-refrigerateur-multi-portes\/#primaryimage\"},\"image\":{\"@id\":\"https:\/\/novakmarket.com\/produit\/hotpoint-refrigerateur-multi-portes\/#primaryimage\"},\"thumbnailUrl\":\"https:\/\/novakmarket.com\/wp-content\/uploads\/2021\/11\/W15-1.jpg\",\"datePublished\":\"2021-11-29T19:21:09+00:00\",\"dateModified\":\"2021-12-02T12:33:06+00:00\",\"breadcrumb\":{\"@id\":\"https:\/\/novakmarket.com\/produit\/hotpoint-refrigerateur-multi-portes\/#breadcrumb\"},\"inLanguage\":\"de\",\"potentialAction\":[{\"@type\":\"ReadAction\",\"target\":[\"https:\/\/novakmarket.com\/produit\/hotpoint-refrigerateur-multi-portes\/\"]}]},{\"@type\":\"ImageObject\",\"inLanguage\":\"de\",\"@id\":\"https:\/\/novakmarket.com\/produit\/hotpoint-refrigerateur-multi-portes\/#primaryimage\",\"url\":\"https:\/\/novakmarket.com\/wp-content\/uploads\/2021\/11\/W15-1.jpg\",\"contentUrl\":\"https:\/\/novakmarket.com\/wp-content\/uploads\/2021\/11\/W15-1.jpg\",\"width\":700,\"height\":700},{\"@type\":\"BreadcrumbList\",\"@id\":\"https:\/\/novakmarket.com\/produit\/hotpoint-refrigerateur-multi-portes\/#breadcrumb\",\"itemListElement\":[{\"@type\":\"ListItem\",\"position\":1,\"name\":\"Accueil\",\"item\":\"https:\/\/novakmarket.com\/\"},{\"@type\":\"ListItem\",\"position\":2,\"name\":\"Boutique\",\"item\":\"https:\/\/novakmarket.com\/shop\/\"},{\"@type\":\"ListItem\",\"position\":3,\"name\":\"HOTPOINT &#8211; R\u00e9frig\u00e9rateur multi-portes\"}]},{\"@type\":\"WebSite\",\"@id\":\"https:\/\/novakmarket.com\/#website\",\"url\":\"https:\/\/novakmarket.com\/\",\"name\":\"Novak Market\",\"description\":\"Vente de produits \u00e9lectroniques.\",\"publisher\":{\"@id\":\"https:\/\/novakmarket.com\/#organization\"},\"potentialAction\":[{\"@type\":\"SearchAction\",\"target\":{\"@type\":\"EntryPoint\",\"urlTemplate\":\"https:\/\/novakmarket.com\/?s={search_term_string}\"},\"query-input\":{\"@type\":\"PropertyValueSpecification\",\"valueRequired\":true,\"valueName\":\"search_term_string\"}}],\"inLanguage\":\"de\"},{\"@type\":\"Organization\",\"@id\":\"https:\/\/novakmarket.com\/#organization\",\"name\":\"Novak Market\",\"url\":\"https:\/\/novakmarket.com\/\",\"logo\":{\"@type\":\"ImageObject\",\"inLanguage\":\"de\",\"@id\":\"https:\/\/novakmarket.com\/#\/schema\/logo\/image\/\",\"url\":\"https:\/\/novakmarket.com\/wp-content\/uploads\/2026\/02\/cropped-footer-pc-removebg-preview.png\",\"contentUrl\":\"https:\/\/novakmarket.com\/wp-content\/uploads\/2026\/02\/cropped-footer-pc-removebg-preview.png\",\"width\":202,\"height\":73,\"caption\":\"Novak Market\"},\"image\":{\"@id\":\"https:\/\/novakmarket.com\/#\/schema\/logo\/image\/\"}}]}<\/script>\n<!-- \/ Yoast SEO plugin. -->","yoast_head_json":{"title":"HOTPOINT - R\u00e9frig\u00e9rateur multi-portes - Novak Market","robots":{"index":"index","follow":"follow","max-snippet":"max-snippet:-1","max-image-preview":"max-image-preview:large","max-video-preview":"max-video-preview:-1"},"canonical":"https:\/\/novakmarket.com\/de\/produkt\/hotpoint-refrigerateur-multi-portes\/","og_locale":"de_DE","og_type":"article","og_title":"HOTPOINT - R\u00e9frig\u00e9rateur multi-portes - Novak Market","og_description":"Nom du produit SCHNEIDER SDD208VB R\u00e9frig\u00e9rateur deux portes Vinta  Cat\u00e9gorie R\u00c9FRIG\u00c9RATEUR CLASSIQUE  Informations sur le produit  Vintage Oui  G\u00e9n\u00e9ral  Type de Produit R\u00e9frig\u00e9rateur\/cong\u00e9lateur - cong\u00e9lateur haut  Cat\u00e9gorie de r\u00e9frig\u00e9rateur R\u00e9frig\u00e9rateur-cong\u00e9lateur  Classe \u00e9nerg\u00e9tique Classe A+  Consommation d'\u00e9nergie annuelle 215 kWh  Volume utile total 208 litres  Volume utile de r\u00e9frig\u00e9rateur 168 litres  Volume utile de cong\u00e9lateur 40 litres  Classe climatique N-ST  Nombre d'\u00e9toiles du compartiment cong\u00e9lation ****  Niveau sonore maximum 42 dB  Format Pose libre  Couleur Noir  Nombre de portes 2  Autonomie en cas de coupure 10 hrs  Eclairage int\u00e9rieur Eclairage int\u00e9rieur \u00e0 LED  Type(s) de froid Froid statique  D\u00e9givrage automatique Oui - r\u00e9frig\u00e9rateur  Gaz r\u00e9frig\u00e9rant R 600 A  Caract\u00e9ristiques du r\u00e9frig\u00e9rateur  Eclairage int\u00e9rieur du r\u00e9frig\u00e9rateur Oui  Nombre d'\u00e9tag\u00e8res du r\u00e9frig\u00e9rateur 3  Nombre de tiroirs du r\u00e9frig\u00e9rateur 1  Nombre de compartiments de porte du r\u00e9frig\u00e9rateur 5  Caract\u00e9ristiques des \u00e9tag\u00e8res\/compartiments du r\u00e9frig\u00e9rateur 3 x \u00e9tag\u00e8re - verre 1 x bac \u00e0 l\u00e9gumes  Entreposage int\u00e9rieur Oui  Divers  Roulettes \/ pieds Pieds r\u00e9glables  Normes de conformit\u00e9 Directive 1060\/2010\/EU","og_url":"https:\/\/novakmarket.com\/de\/produkt\/hotpoint-refrigerateur-multi-portes\/","og_site_name":"Novak Market","article_modified_time":"2021-12-02T12:33:06+00:00","og_image":[{"width":700,"height":700,"url":"https:\/\/novakmarket.com\/wp-content\/uploads\/2021\/11\/W15-1.jpg","type":"image\/jpeg"}],"twitter_card":"summary_large_image","schema":{"@context":"https:\/\/schema.org","@graph":[{"@type":"WebPage","@id":"https:\/\/novakmarket.com\/produit\/hotpoint-refrigerateur-multi-portes\/","url":"https:\/\/novakmarket.com\/produit\/hotpoint-refrigerateur-multi-portes\/","name":"HOTPOINT - R\u00e9frig\u00e9rateur multi-portes - Novak Market","isPartOf":{"@id":"https:\/\/novakmarket.com\/#website"},"primaryImageOfPage":{"@id":"https:\/\/novakmarket.com\/produit\/hotpoint-refrigerateur-multi-portes\/#primaryimage"},"image":{"@id":"https:\/\/novakmarket.com\/produit\/hotpoint-refrigerateur-multi-portes\/#primaryimage"},"thumbnailUrl":"https:\/\/novakmarket.com\/wp-content\/uploads\/2021\/11\/W15-1.jpg","datePublished":"2021-11-29T19:21:09+00:00","dateModified":"2021-12-02T12:33:06+00:00","breadcrumb":{"@id":"https:\/\/novakmarket.com\/produit\/hotpoint-refrigerateur-multi-portes\/#breadcrumb"},"inLanguage":"de","potentialAction":[{"@type":"ReadAction","target":["https:\/\/novakmarket.com\/produit\/hotpoint-refrigerateur-multi-portes\/"]}]},{"@type":"ImageObject","inLanguage":"de","@id":"https:\/\/novakmarket.com\/produit\/hotpoint-refrigerateur-multi-portes\/#primaryimage","url":"https:\/\/novakmarket.com\/wp-content\/uploads\/2021\/11\/W15-1.jpg","contentUrl":"https:\/\/novakmarket.com\/wp-content\/uploads\/2021\/11\/W15-1.jpg","width":700,"height":700},{"@type":"BreadcrumbList","@id":"https:\/\/novakmarket.com\/produit\/hotpoint-refrigerateur-multi-portes\/#breadcrumb","itemListElement":[{"@type":"ListItem","position":1,"name":"Accueil","item":"https:\/\/novakmarket.com\/"},{"@type":"ListItem","position":2,"name":"Boutique","item":"https:\/\/novakmarket.com\/shop\/"},{"@type":"ListItem","position":3,"name":"HOTPOINT &#8211; R\u00e9frig\u00e9rateur multi-portes"}]},{"@type":"WebSite","@id":"https:\/\/novakmarket.com\/#website","url":"https:\/\/novakmarket.com\/","name":"Novak Market","description":"Vente de produits \u00e9lectroniques.","publisher":{"@id":"https:\/\/novakmarket.com\/#organization"},"potentialAction":[{"@type":"SearchAction","target":{"@type":"EntryPoint","urlTemplate":"https:\/\/novakmarket.com\/?s={search_term_string}"},"query-input":{"@type":"PropertyValueSpecification","valueRequired":true,"valueName":"search_term_string"}}],"inLanguage":"de"},{"@type":"Organization","@id":"https:\/\/novakmarket.com\/#organization","name":"Novak Market","url":"https:\/\/novakmarket.com\/","logo":{"@type":"ImageObject","inLanguage":"de","@id":"https:\/\/novakmarket.com\/#\/schema\/logo\/image\/","url":"https:\/\/novakmarket.com\/wp-content\/uploads\/2026\/02\/cropped-footer-pc-removebg-preview.png","contentUrl":"https:\/\/novakmarket.com\/wp-content\/uploads\/2026\/02\/cropped-footer-pc-removebg-preview.png","width":202,"height":73,"caption":"Novak Market"},"image":{"@id":"https:\/\/novakmarket.com\/#\/schema\/logo\/image\/"}}]}},"_links":{"self":[{"href":"https:\/\/novakmarket.com\/de\/wp-json\/wp\/v2\/product\/6494","targetHints":{"allow":["GET"]}}],"collection":[{"href":"https:\/\/novakmarket.com\/de\/wp-json\/wp\/v2\/product"}],"about":[{"href":"https:\/\/novakmarket.com\/de\/wp-json\/wp\/v2\/types\/product"}],"replies":[{"embeddable":true,"href":"https:\/\/novakmarket.com\/de\/wp-json\/wp\/v2\/comments?post=6494"}],"wp:featuredmedia":[{"embeddable":true,"href":"https:\/\/novakmarket.com\/de\/wp-json\/wp\/v2\/media\/6562"}],"wp:attachment":[{"href":"https:\/\/novakmarket.com\/de\/wp-json\/wp\/v2\/media?parent=6494"}],"wp:term":[{"taxonomy":"product_brand","embeddable":true,"href":"https:\/\/novakmarket.com\/de\/wp-json\/wp\/v2\/product_brand?post=6494"},{"taxonomy":"product_cat","embeddable":true,"href":"https:\/\/novakmarket.com\/de\/wp-json\/wp\/v2\/product_cat?post=6494"},{"taxonomy":"product_tag","embeddable":true,"href":"https:\/\/novakmarket.com\/de\/wp-json\/wp\/v2\/product_tag?post=6494"}],"curies":[{"name":"wp","href":"https:\/\/api.w.org\/{rel}","templated":true}]}}