{"id":6589,"date":"2021-11-29T20:22:05","date_gmt":"2021-11-29T19:22:05","guid":{"rendered":"https:\/\/bestymarketshop.com\/?post_type=product&#038;p=6589"},"modified":"2023-10-25T00:50:44","modified_gmt":"2023-10-24T22:50:44","slug":"apple-iphone-11-pro-max-or-512-go","status":"publish","type":"product","link":"https:\/\/novakmarket.com\/de\/produkt\/apple-iphone-11-pro-max-or-512-go\/","title":{"rendered":"APPLE iPhone 11 Pro Max Or 512 Go"},"content":{"rendered":"<p><img loading=\"lazy\" decoding=\"async\" class=\"alignnone size-medium wp-image-8581\" src=\"https:\/\/e-marketshopping.com\/wp-content\/uploads\/2020\/07\/R10-300x300.jpg\" alt=\"\" width=\"300\" height=\"300\" \/><\/p>\n<ul>\n<li>Taille de la diagonale : 6.5&#8243;<\/li>\n<li>R\u00e9solution du capteur : 12 m\u00e9gapixels<\/li>\n<li>Capacit\u00e9 de la m\u00e9moire interne : 512 Go<\/li>\n<li>6 coeurs<\/li>\n<li>G\u00e9n\u00e9ration \u00e0 haut d\u00e9bit mobile : 4G<\/li>\n<\/ul>","protected":false},"excerpt":{"rendered":"<table class=\"fpDescTb fpDescTbPub\">\n<tbody>\n<tr>\n<td>Marque<\/td>\n<td>APPLE<\/td>\n<\/tr>\n<tr>\n<td>Nom du produit<\/td>\n<td>APPLE iPhone Xr Blanc 256 Go<\/td>\n<\/tr>\n<tr>\n<td>Cat\u00e9gorie<\/td>\n<td>SMARTPHONE<\/td>\n<\/tr>\n<tr>\n<th colspan=\"2\">Informations sur le produit<\/th>\n<\/tr>\n<tr>\n<td>Sous-\u00e9tat<\/td>\n<td>Neuf<\/td>\n<\/tr>\n<tr>\n<td>Couleur(s)<\/td>\n<td>Blanc<\/td>\n<\/tr>\n<tr>\n<td>Information DAS<\/td>\n<td>Le DAS (d\u00e9bit d\u2019absorption sp\u00e9cifique) des t\u00e9l\u00e9phones mobiles quantifie le niveau d\u2019exposition<br \/>\nmaximal de l\u2019utilisateur aux ondes \u00e9lectromagn\u00e9tiques, pour une utilisation \u00e0 l\u2019oreille.<br \/>\nLa r\u00e9glementation fran\u00e7aise impose que le DAS ne d\u00e9passe pas 2W\/kg<\/td>\n<\/tr>\n<tr>\n<td>Capacit\u00e9 (m\u00e9moire)<\/td>\n<td>256 Go<\/td>\n<\/tr>\n<tr>\n<th colspan=\"2\">G\u00e9n\u00e9ral<\/th>\n<\/tr>\n<tr>\n<td>Type de Produit<\/td>\n<td>Smartphone<\/td>\n<\/tr>\n<tr>\n<td>Composants int\u00e9gr\u00e9s<\/td>\n<td>Cam\u00e9ra arri\u00e8re, cam\u00e9ra avant, enregistreur vocal, haut-parleurs st\u00e9r\u00e9o, navigation, lecteur num\u00e9rique<\/td>\n<\/tr>\n<tr>\n<td>Couleur du boitier<\/td>\n<td>Blanc<\/td>\n<\/tr>\n<tr>\n<td>Profondeur<\/td>\n<td>8.3 mm<\/td>\n<\/tr>\n<tr>\n<td>Largeur<\/td>\n<td>75.7 mm<\/td>\n<\/tr>\n<tr>\n<td>Hauteur<\/td>\n<td>150.9 mm<\/td>\n<\/tr>\n<tr>\n<td>Poids<\/td>\n<td>194 g<\/td>\n<\/tr>\n<tr>\n<td>Valeur DAS<\/td>\n<td>0,99 W\/kg (corps) \/ 0,99 W\/kg (t\u00eate)<\/td>\n<\/tr>\n<tr>\n<td>Protection<\/td>\n<td>Anti-poussi\u00e8re, anti-\u00e9claboussement, \u00e9tanche<\/td>\n<\/tr>\n<tr>\n<td>Format<\/td>\n<td>Tactile<\/td>\n<\/tr>\n<tr>\n<td>Num\u00e9ro de mod\u00e8le du fabricant<\/td>\n<td>A2105<\/td>\n<\/tr>\n<tr>\n<th colspan=\"2\">T\u00e9l\u00e9phone mobile<\/th>\n<\/tr>\n<tr>\n<td>Syst\u00e8me d&#8217;exploitation<\/td>\n<td>iOS 12<\/td>\n<\/tr>\n<tr>\n<td>Technologie<\/td>\n<td>WCDMA (UMTS) \/ GSM<\/td>\n<\/tr>\n<tr>\n<td>G\u00e9n\u00e9ration \u00e0 haut d\u00e9bit mobile<\/td>\n<td>4G<\/td>\n<\/tr>\n<tr>\n<td>Fournisseur de services<\/td>\n<td>Non sp\u00e9cifi\u00e9<\/td>\n<\/tr>\n<tr>\n<td>Type de carte SIM<\/td>\n<td>Nano SIM, Carte SIM \u00e9lectronique (e-SIM)<\/td>\n<\/tr>\n<tr>\n<td>Technologie de paiement<\/td>\n<td>Apple Pay<\/td>\n<\/tr>\n<tr>\n<td>Navigation<\/td>\n<td>A-GPS, GLONASS, Galileo, QZSS<\/td>\n<\/tr>\n<tr>\n<td>Assistant intelligent<\/td>\n<td>Siri<\/td>\n<\/tr>\n<tr>\n<td>Appareil d&#8217;entr\u00e9e<\/td>\n<td>Multi-touches, capacitif<\/td>\n<\/tr>\n<tr>\n<td>Qt\u00e9 de carte SIM<\/td>\n<td>Double SIM<\/td>\n<\/tr>\n<tr>\n<th colspan=\"2\">Processeur<\/th>\n<\/tr>\n<tr>\n<td>Type<\/td>\n<td>Apple A12 Bionic<\/td>\n<\/tr>\n<tr>\n<td>Qt\u00e9 de coeur de processeur<\/td>\n<td>6 coeurs<\/td>\n<\/tr>\n<tr>\n<td>Architecture 64 bits<\/td>\n<td>Oui<\/td>\n<\/tr>\n<tr>\n<th colspan=\"2\">Affichage<\/th>\n<\/tr>\n<tr>\n<td>Technologie<\/td>\n<td>Liquid Retina HD display<\/td>\n<\/tr>\n<tr>\n<td>Caract\u00e9ristiques<\/td>\n<td>Dolby Vision, HDR10, affichage True Tone, Affichage couleur large (P3)<\/td>\n<\/tr>\n<tr>\n<td>Langues d&#8217;affichage<\/td>\n<td>Danois, Hindi, h\u00e9breu, hongrois, tch\u00e8que, Croate, Indon\u00e9sien, Thailandais, Slovaque, chinois (traditionnel), chinois (simplifi\u00e9), Vietnamien, Ukrainien, portugais (Br\u00e9sil), anglais, allemand, fran\u00e7ais, italien, norv\u00e9gien, portugais, polonais, finnois, su\u00e9dois, russe, espagnol, hollandais, grec, turc, arabe, roumain, catalan, japonais, cor\u00e9en, Malais, UK English, Anglais de E.-U.<\/td>\n<\/tr>\n<tr>\n<td>Type<\/td>\n<td>Ecran LCD<\/td>\n<\/tr>\n<tr>\n<td>Densit\u00e9 des pixels<\/td>\n<td>326 ppi<\/td>\n<\/tr>\n<tr>\n<td>Rapport de contraste<\/td>\n<td>1400:1<\/td>\n<\/tr>\n<tr>\n<td>Protection<\/td>\n<td>Rev\u00eatement ol\u00e9ophobe antitrace<\/td>\n<\/tr>\n<tr>\n<td>Luminosit\u00e9 maximum<\/td>\n<td>625 cd\/m\u00b2<\/td>\n<\/tr>\n<tr>\n<td>Taille de la diagonale<\/td>\n<td>6.1&#8243;<\/td>\n<\/tr>\n<tr>\n<td>R\u00e9solution d&#8217;\u00e9cran<\/td>\n<td>1792 x 828 pixels<\/td>\n<\/tr>\n<tr>\n<td>HDR<\/td>\n<td>Oui<\/td>\n<\/tr>\n<tr>\n<th colspan=\"2\">Messagerie et Internet<\/th>\n<\/tr>\n<tr>\n<td>Services de messagerie<\/td>\n<td>SMS, MMS<\/td>\n<\/tr>\n<tr>\n<td>Blogs et r\u00e9seaux sociaux pris en charge<\/td>\n<td>Oui<\/td>\n<\/tr>\n<tr>\n<th colspan=\"2\">Communications<\/th>\n<\/tr>\n<tr>\n<td>Interface sans fil<\/td>\n<td>NFC, IEEE 802.11ac, Bluetooth 5.0<\/td>\n<\/tr>\n<tr>\n<td>Bande 2G<\/td>\n<td>GSM 850\/900\/1800\/1900<\/td>\n<\/tr>\n<tr>\n<td>Bande 4G LTE<\/td>\n<td>Bande 1, Bande 2, Bande 3, Bande 4, Bande 5, Bande 7, Bande 8, Bande 12, Bande 13, Bande 14, Bande 17, Bande 18, Bande 19, Bande 20, Bande 25, Bande 26, Bande 28, Bande 29, Bande 30, Bande 32, Bande 34, Bande 38, Bande 39, Bande 40, Bande 41, Bande 66<\/td>\n<\/tr>\n<tr>\n<td>Fr\u00e9quence LTE 4G<\/td>\n<td>FDD 2100, FDD 1900 PCS, FDD 1800+, FDD 1700 &#8211; 2110 AWS, FDD 850, FDD 2600, FDD 900, FDD 700a, FDD 700c, FDD 700 PS, FDD 700b, FDD 800 inf\u00e9rieur, FDD 800 sup\u00e9rieur, FDD 800 DD, FDD 1900+, FDD 850+, FDD 700 APT, FDD 700d, FDD 2300 WCS, FDD 1500 L, TDD 2000, TDD 2600, TDD 1900, TDD 2300, TDD 2500, FDD 1700 &#8211; 2110 AWS-3<\/td>\n<\/tr>\n<tr>\n<td>Transmission de donn\u00e9es<\/td>\n<td>GPRS, EDGE, HSDPA, HSUPA, HSPA+, LTE, DC-HSDPA, LTE Advanced, VoLTE, FDD-LTE, TDD-LTE, VoWiFi<\/td>\n<\/tr>\n<tr>\n<th colspan=\"2\">Caract\u00e9ristiques du t\u00e9l\u00e9phone<\/th>\n<\/tr>\n<tr>\n<td>Fonctions du t\u00e9l\u00e9phone<\/td>\n<td>T\u00e9l\u00e9phone \u00e0 haut parleur, commande vocale, compteur d&#8217;appels, t\u00e9l\u00e9conf\u00e9rence, mode avion, num\u00e9rotation vocale, vibreur<\/td>\n<\/tr>\n<tr>\n<td>Capteurs<\/td>\n<td>Acc\u00e9l\u00e9rom\u00e8tre, d\u00e9tecteur de lumi\u00e8re ambiante, Capteur de proximit\u00e9, capteur gyroscopique 3 axes, boussole num\u00e9rique, barom\u00e8tre<\/td>\n<\/tr>\n<tr>\n<td>P\u00e9riph\u00e9riques de s\u00e9curit\u00e9<\/td>\n<td>Face ID<\/td>\n<\/tr>\n<tr>\n<td>Fonctions suppl\u00e9mentaires<\/td>\n<td>Compatible t\u00e9l\u00e9imprimeur, FaceTime, iCloud Photo Sharing, technologie MIMO, appel via Wi-fi, microlocation iBeacon, clavier QuickType, support Apple TV (2\u00e8me g\u00e9n\u00e9ration sup\u00e9rieur), Moteur neutre, AirPlay Mirroring<\/td>\n<\/tr>\n<tr>\n<th colspan=\"2\">Lecteur multim\u00e9dia<\/th>\n<\/tr>\n<tr>\n<td>Normes vid\u00e9o num\u00e9riques prises en charge<\/td>\n<td>M-JPEG, H.264, HEVC, MPEG-4 Part 2, HEIF<\/td>\n<\/tr>\n<tr>\n<td>Am\u00e9liorations sonores<\/td>\n<td>Son Dolby Digital Plus, son Dolby Digital<\/td>\n<\/tr>\n<tr>\n<td>Normes audionum\u00e9riques prises en charge<\/td>\n<td>Audible, MP3, FLAC, Apple Lossless, AC-3, AAC-LC, LPCM, HE-AAC, Audible AAX, Audible AAX+, protection AAC, EAC3, HE-AAC v2<\/td>\n<\/tr>\n<tr>\n<th colspan=\"2\">M\u00e9moire<\/th>\n<\/tr>\n<\/tbody>\n<\/table>","protected":false},"featured_media":6618,"comment_status":"open","ping_status":"closed","template":"","meta":{"_acf_changed":false},"product_brand":[],"product_cat":[288,280],"product_tag":[],"class_list":{"0":"post-6589","1":"product","2":"type-product","3":"status-publish","4":"has-post-thumbnail","6":"product_cat-apple_iphones","7":"product_cat-smart-phones-tablets","9":"first","10":"instock","11":"shipping-taxable","12":"purchasable","13":"product-type-simple"},"acf":[],"yoast_head":"<!-- This site is optimized with the Yoast SEO plugin v27.2 - https:\/\/yoast.com\/product\/yoast-seo-wordpress\/ -->\n<title>APPLE iPhone 11 Pro Max Or 512 Go - Novak Market<\/title>\n<meta name=\"robots\" content=\"index, follow, max-snippet:-1, max-image-preview:large, max-video-preview:-1\" \/>\n<link rel=\"canonical\" href=\"https:\/\/novakmarket.com\/de\/produkt\/apple-iphone-11-pro-max-or-512-go\/\" \/>\n<meta property=\"og:locale\" content=\"de_DE\" \/>\n<meta property=\"og:type\" content=\"article\" \/>\n<meta property=\"og:title\" content=\"APPLE iPhone 11 Pro Max Or 512 Go - Novak Market\" \/>\n<meta property=\"og:description\" content=\"Marque APPLE  Nom du produit APPLE iPhone Xr Blanc 256 Go  Cat\u00e9gorie SMARTPHONE  Informations sur le produit  Sous-\u00e9tat Neuf  Couleur(s) Blanc  Information DAS Le DAS (d\u00e9bit d\u2019absorption sp\u00e9cifique) des t\u00e9l\u00e9phones mobiles quantifie le niveau d\u2019exposition maximal de l\u2019utilisateur aux ondes \u00e9lectromagn\u00e9tiques, pour une utilisation \u00e0 l\u2019oreille. La r\u00e9glementation fran\u00e7aise impose que le DAS ne d\u00e9passe pas 2W\/kg  Capacit\u00e9 (m\u00e9moire) 256 Go  G\u00e9n\u00e9ral  Type de Produit Smartphone  Composants int\u00e9gr\u00e9s Cam\u00e9ra arri\u00e8re, cam\u00e9ra avant, enregistreur vocal, haut-parleurs st\u00e9r\u00e9o, navigation, lecteur num\u00e9rique  Couleur du boitier Blanc  Profondeur 8.3 mm  Largeur 75.7 mm  Hauteur 150.9 mm  Poids 194 g  Valeur DAS 0,99 W\/kg (corps) \/ 0,99 W\/kg (t\u00eate)  Protection Anti-poussi\u00e8re, anti-\u00e9claboussement, \u00e9tanche  Format Tactile  Num\u00e9ro de mod\u00e8le du fabricant A2105  T\u00e9l\u00e9phone mobile  Syst\u00e8me d&#039;exploitation iOS 12  Technologie WCDMA (UMTS) \/ GSM  G\u00e9n\u00e9ration \u00e0 haut d\u00e9bit mobile 4G  Fournisseur de services Non sp\u00e9cifi\u00e9  Type de carte SIM Nano SIM, Carte SIM \u00e9lectronique (e-SIM)  Technologie de paiement Apple Pay  Navigation A-GPS, GLONASS, Galileo, QZSS  Assistant intelligent Siri  Appareil d&#039;entr\u00e9e Multi-touches, capacitif  Qt\u00e9 de carte SIM Double SIM  Processeur  Type Apple A12 Bionic  Qt\u00e9 de coeur de processeur 6 coeurs  Architecture 64 bits Oui  Affichage  Technologie Liquid Retina HD display  Caract\u00e9ristiques Dolby Vision, HDR10, affichage True Tone, Affichage couleur large (P3)  Langues d&#039;affichage Danois, Hindi, h\u00e9breu, hongrois, tch\u00e8que, Croate, Indon\u00e9sien, Thailandais, Slovaque, chinois (traditionnel), chinois (simplifi\u00e9), Vietnamien, Ukrainien, portugais (Br\u00e9sil), anglais, allemand, fran\u00e7ais, italien, norv\u00e9gien, portugais, polonais, finnois, su\u00e9dois, russe, espagnol, hollandais, grec, turc, arabe, roumain, catalan, japonais, cor\u00e9en, Malais, UK English, Anglais de E.-U.  Type Ecran LCD  Densit\u00e9 des pixels 326 ppi  Rapport de contraste 1400:1  Protection Rev\u00eatement ol\u00e9ophobe antitrace  Luminosit\u00e9 maximum 625 cd\/m\u00b2  Taille de la diagonale 6.1&quot;  R\u00e9solution d&#039;\u00e9cran 1792 x 828 pixels  HDR Oui  Messagerie et Internet  Services de messagerie SMS, MMS  Blogs et r\u00e9seaux sociaux pris en charge Oui  Communications  Interface sans fil NFC, IEEE 802.11ac, Bluetooth 5.0  Bande 2G GSM 850\/900\/1800\/1900  Bande 4G LTE Bande 1, Bande 2, Bande 3, Bande 4, Bande 5, Bande 7, Bande 8, Bande 12, Bande 13, Bande 14, Bande 17, Bande 18, Bande 19, Bande 20, Bande 25, Bande 26, Bande 28, Bande 29, Bande 30, Bande 32, Bande 34, Bande 38, Bande 39, Bande 40, Bande 41, Bande 66  Fr\u00e9quence LTE 4G FDD 2100, FDD 1900 PCS, FDD 1800+, FDD 1700 - 2110 AWS, FDD 850, FDD 2600, FDD 900, FDD 700a, FDD 700c, FDD 700 PS, FDD 700b, FDD 800 inf\u00e9rieur, FDD 800 sup\u00e9rieur, FDD 800 DD, FDD 1900+, FDD 850+, FDD 700 APT, FDD 700d, FDD 2300 WCS, FDD 1500 L, TDD 2000, TDD 2600, TDD 1900, TDD 2300, TDD 2500, FDD 1700 - 2110 AWS-3  Transmission de donn\u00e9es GPRS, EDGE, HSDPA, HSUPA, HSPA+, LTE, DC-HSDPA, LTE Advanced, VoLTE, FDD-LTE, TDD-LTE, VoWiFi  Caract\u00e9ristiques du t\u00e9l\u00e9phone  Fonctions du t\u00e9l\u00e9phone T\u00e9l\u00e9phone \u00e0 haut parleur, commande vocale, compteur d&#039;appels, t\u00e9l\u00e9conf\u00e9rence, mode avion, num\u00e9rotation vocale, vibreur  Capteurs Acc\u00e9l\u00e9rom\u00e8tre, d\u00e9tecteur de lumi\u00e8re ambiante, Capteur de proximit\u00e9, capteur gyroscopique 3 axes, boussole num\u00e9rique, barom\u00e8tre  P\u00e9riph\u00e9riques de s\u00e9curit\u00e9 Face ID  Fonctions suppl\u00e9mentaires Compatible t\u00e9l\u00e9imprimeur, FaceTime, iCloud Photo Sharing, technologie MIMO, appel via Wi-fi, microlocation iBeacon, clavier QuickType, support Apple TV (2\u00e8me g\u00e9n\u00e9ration sup\u00e9rieur), Moteur neutre, AirPlay Mirroring  Lecteur multim\u00e9dia  Normes vid\u00e9o num\u00e9riques prises en charge M-JPEG, H.264, HEVC, MPEG-4 Part 2, HEIF  Am\u00e9liorations sonores Son Dolby Digital Plus, son Dolby Digital  Normes audionum\u00e9riques prises en charge Audible, MP3, FLAC, Apple Lossless, AC-3, AAC-LC, LPCM, HE-AAC, Audible AAX, Audible AAX+, protection AAC, EAC3, HE-AAC v2  M\u00e9moire\" \/>\n<meta property=\"og:url\" content=\"https:\/\/novakmarket.com\/de\/produkt\/apple-iphone-11-pro-max-or-512-go\/\" \/>\n<meta property=\"og:site_name\" content=\"Novak Market\" \/>\n<meta property=\"article:modified_time\" content=\"2023-10-24T22:50:44+00:00\" \/>\n<meta property=\"og:image\" content=\"https:\/\/novakmarket.com\/wp-content\/uploads\/2021\/11\/R10.jpg\" \/>\n\t<meta property=\"og:image:width\" content=\"700\" \/>\n\t<meta property=\"og:image:height\" content=\"700\" \/>\n\t<meta property=\"og:image:type\" content=\"image\/jpeg\" \/>\n<meta name=\"twitter:card\" content=\"summary_large_image\" \/>\n<script type=\"application\/ld+json\" class=\"yoast-schema-graph\">{\"@context\":\"https:\/\/schema.org\",\"@graph\":[{\"@type\":\"WebPage\",\"@id\":\"https:\/\/novakmarket.com\/produit\/apple-iphone-11-pro-max-or-512-go\/\",\"url\":\"https:\/\/novakmarket.com\/produit\/apple-iphone-11-pro-max-or-512-go\/\",\"name\":\"APPLE iPhone 11 Pro Max Or 512 Go - Novak Market\",\"isPartOf\":{\"@id\":\"https:\/\/novakmarket.com\/#website\"},\"primaryImageOfPage\":{\"@id\":\"https:\/\/novakmarket.com\/produit\/apple-iphone-11-pro-max-or-512-go\/#primaryimage\"},\"image\":{\"@id\":\"https:\/\/novakmarket.com\/produit\/apple-iphone-11-pro-max-or-512-go\/#primaryimage\"},\"thumbnailUrl\":\"https:\/\/novakmarket.com\/wp-content\/uploads\/2021\/11\/R10.jpg\",\"datePublished\":\"2021-11-29T19:22:05+00:00\",\"dateModified\":\"2023-10-24T22:50:44+00:00\",\"breadcrumb\":{\"@id\":\"https:\/\/novakmarket.com\/produit\/apple-iphone-11-pro-max-or-512-go\/#breadcrumb\"},\"inLanguage\":\"de\",\"potentialAction\":[{\"@type\":\"ReadAction\",\"target\":[\"https:\/\/novakmarket.com\/produit\/apple-iphone-11-pro-max-or-512-go\/\"]}]},{\"@type\":\"ImageObject\",\"inLanguage\":\"de\",\"@id\":\"https:\/\/novakmarket.com\/produit\/apple-iphone-11-pro-max-or-512-go\/#primaryimage\",\"url\":\"https:\/\/novakmarket.com\/wp-content\/uploads\/2021\/11\/R10.jpg\",\"contentUrl\":\"https:\/\/novakmarket.com\/wp-content\/uploads\/2021\/11\/R10.jpg\",\"width\":700,\"height\":700},{\"@type\":\"BreadcrumbList\",\"@id\":\"https:\/\/novakmarket.com\/produit\/apple-iphone-11-pro-max-or-512-go\/#breadcrumb\",\"itemListElement\":[{\"@type\":\"ListItem\",\"position\":1,\"name\":\"Accueil\",\"item\":\"https:\/\/novakmarket.com\/\"},{\"@type\":\"ListItem\",\"position\":2,\"name\":\"Boutique\",\"item\":\"https:\/\/novakmarket.com\/shop\/\"},{\"@type\":\"ListItem\",\"position\":3,\"name\":\"APPLE iPhone 11 Pro Max Or 512 Go\"}]},{\"@type\":\"WebSite\",\"@id\":\"https:\/\/novakmarket.com\/#website\",\"url\":\"https:\/\/novakmarket.com\/\",\"name\":\"Novak Market\",\"description\":\"Vente de produits \u00e9lectroniques.\",\"publisher\":{\"@id\":\"https:\/\/novakmarket.com\/#organization\"},\"potentialAction\":[{\"@type\":\"SearchAction\",\"target\":{\"@type\":\"EntryPoint\",\"urlTemplate\":\"https:\/\/novakmarket.com\/?s={search_term_string}\"},\"query-input\":{\"@type\":\"PropertyValueSpecification\",\"valueRequired\":true,\"valueName\":\"search_term_string\"}}],\"inLanguage\":\"de\"},{\"@type\":\"Organization\",\"@id\":\"https:\/\/novakmarket.com\/#organization\",\"name\":\"Novak Market\",\"url\":\"https:\/\/novakmarket.com\/\",\"logo\":{\"@type\":\"ImageObject\",\"inLanguage\":\"de\",\"@id\":\"https:\/\/novakmarket.com\/#\/schema\/logo\/image\/\",\"url\":\"https:\/\/novakmarket.com\/wp-content\/uploads\/2026\/02\/cropped-footer-pc-removebg-preview.png\",\"contentUrl\":\"https:\/\/novakmarket.com\/wp-content\/uploads\/2026\/02\/cropped-footer-pc-removebg-preview.png\",\"width\":202,\"height\":73,\"caption\":\"Novak Market\"},\"image\":{\"@id\":\"https:\/\/novakmarket.com\/#\/schema\/logo\/image\/\"}}]}<\/script>\n<!-- \/ Yoast SEO plugin. -->","yoast_head_json":{"title":"APPLE iPhone 11 Pro Max Or 512 Go - Novak Market","robots":{"index":"index","follow":"follow","max-snippet":"max-snippet:-1","max-image-preview":"max-image-preview:large","max-video-preview":"max-video-preview:-1"},"canonical":"https:\/\/novakmarket.com\/de\/produkt\/apple-iphone-11-pro-max-or-512-go\/","og_locale":"de_DE","og_type":"article","og_title":"APPLE iPhone 11 Pro Max Or 512 Go - Novak Market","og_description":"Marque APPLE  Nom du produit APPLE iPhone Xr Blanc 256 Go  Cat\u00e9gorie SMARTPHONE  Informations sur le produit  Sous-\u00e9tat Neuf  Couleur(s) Blanc  Information DAS Le DAS (d\u00e9bit d\u2019absorption sp\u00e9cifique) des t\u00e9l\u00e9phones mobiles quantifie le niveau d\u2019exposition maximal de l\u2019utilisateur aux ondes \u00e9lectromagn\u00e9tiques, pour une utilisation \u00e0 l\u2019oreille. La r\u00e9glementation fran\u00e7aise impose que le DAS ne d\u00e9passe pas 2W\/kg  Capacit\u00e9 (m\u00e9moire) 256 Go  G\u00e9n\u00e9ral  Type de Produit Smartphone  Composants int\u00e9gr\u00e9s Cam\u00e9ra arri\u00e8re, cam\u00e9ra avant, enregistreur vocal, haut-parleurs st\u00e9r\u00e9o, navigation, lecteur num\u00e9rique  Couleur du boitier Blanc  Profondeur 8.3 mm  Largeur 75.7 mm  Hauteur 150.9 mm  Poids 194 g  Valeur DAS 0,99 W\/kg (corps) \/ 0,99 W\/kg (t\u00eate)  Protection Anti-poussi\u00e8re, anti-\u00e9claboussement, \u00e9tanche  Format Tactile  Num\u00e9ro de mod\u00e8le du fabricant A2105  T\u00e9l\u00e9phone mobile  Syst\u00e8me d'exploitation iOS 12  Technologie WCDMA (UMTS) \/ GSM  G\u00e9n\u00e9ration \u00e0 haut d\u00e9bit mobile 4G  Fournisseur de services Non sp\u00e9cifi\u00e9  Type de carte SIM Nano SIM, Carte SIM \u00e9lectronique (e-SIM)  Technologie de paiement Apple Pay  Navigation A-GPS, GLONASS, Galileo, QZSS  Assistant intelligent Siri  Appareil d'entr\u00e9e Multi-touches, capacitif  Qt\u00e9 de carte SIM Double SIM  Processeur  Type Apple A12 Bionic  Qt\u00e9 de coeur de processeur 6 coeurs  Architecture 64 bits Oui  Affichage  Technologie Liquid Retina HD display  Caract\u00e9ristiques Dolby Vision, HDR10, affichage True Tone, Affichage couleur large (P3)  Langues d'affichage Danois, Hindi, h\u00e9breu, hongrois, tch\u00e8que, Croate, Indon\u00e9sien, Thailandais, Slovaque, chinois (traditionnel), chinois (simplifi\u00e9), Vietnamien, Ukrainien, portugais (Br\u00e9sil), anglais, allemand, fran\u00e7ais, italien, norv\u00e9gien, portugais, polonais, finnois, su\u00e9dois, russe, espagnol, hollandais, grec, turc, arabe, roumain, catalan, japonais, cor\u00e9en, Malais, UK English, Anglais de E.-U.  Type Ecran LCD  Densit\u00e9 des pixels 326 ppi  Rapport de contraste 1400:1  Protection Rev\u00eatement ol\u00e9ophobe antitrace  Luminosit\u00e9 maximum 625 cd\/m\u00b2  Taille de la diagonale 6.1\"  R\u00e9solution d'\u00e9cran 1792 x 828 pixels  HDR Oui  Messagerie et Internet  Services de messagerie SMS, MMS  Blogs et r\u00e9seaux sociaux pris en charge Oui  Communications  Interface sans fil NFC, IEEE 802.11ac, Bluetooth 5.0  Bande 2G GSM 850\/900\/1800\/1900  Bande 4G LTE Bande 1, Bande 2, Bande 3, Bande 4, Bande 5, Bande 7, Bande 8, Bande 12, Bande 13, Bande 14, Bande 17, Bande 18, Bande 19, Bande 20, Bande 25, Bande 26, Bande 28, Bande 29, Bande 30, Bande 32, Bande 34, Bande 38, Bande 39, Bande 40, Bande 41, Bande 66  Fr\u00e9quence LTE 4G FDD 2100, FDD 1900 PCS, FDD 1800+, FDD 1700 - 2110 AWS, FDD 850, FDD 2600, FDD 900, FDD 700a, FDD 700c, FDD 700 PS, FDD 700b, FDD 800 inf\u00e9rieur, FDD 800 sup\u00e9rieur, FDD 800 DD, FDD 1900+, FDD 850+, FDD 700 APT, FDD 700d, FDD 2300 WCS, FDD 1500 L, TDD 2000, TDD 2600, TDD 1900, TDD 2300, TDD 2500, FDD 1700 - 2110 AWS-3  Transmission de donn\u00e9es GPRS, EDGE, HSDPA, HSUPA, HSPA+, LTE, DC-HSDPA, LTE Advanced, VoLTE, FDD-LTE, TDD-LTE, VoWiFi  Caract\u00e9ristiques du t\u00e9l\u00e9phone  Fonctions du t\u00e9l\u00e9phone T\u00e9l\u00e9phone \u00e0 haut parleur, commande vocale, compteur d'appels, t\u00e9l\u00e9conf\u00e9rence, mode avion, num\u00e9rotation vocale, vibreur  Capteurs Acc\u00e9l\u00e9rom\u00e8tre, d\u00e9tecteur de lumi\u00e8re ambiante, Capteur de proximit\u00e9, capteur gyroscopique 3 axes, boussole num\u00e9rique, barom\u00e8tre  P\u00e9riph\u00e9riques de s\u00e9curit\u00e9 Face ID  Fonctions suppl\u00e9mentaires Compatible t\u00e9l\u00e9imprimeur, FaceTime, iCloud Photo Sharing, technologie MIMO, appel via Wi-fi, microlocation iBeacon, clavier QuickType, support Apple TV (2\u00e8me g\u00e9n\u00e9ration sup\u00e9rieur), Moteur neutre, AirPlay Mirroring  Lecteur multim\u00e9dia  Normes vid\u00e9o num\u00e9riques prises en charge M-JPEG, H.264, HEVC, MPEG-4 Part 2, HEIF  Am\u00e9liorations sonores Son Dolby Digital Plus, son Dolby Digital  Normes audionum\u00e9riques prises en charge Audible, MP3, FLAC, Apple Lossless, AC-3, AAC-LC, LPCM, HE-AAC, Audible AAX, Audible AAX+, protection AAC, EAC3, HE-AAC v2  M\u00e9moire","og_url":"https:\/\/novakmarket.com\/de\/produkt\/apple-iphone-11-pro-max-or-512-go\/","og_site_name":"Novak Market","article_modified_time":"2023-10-24T22:50:44+00:00","og_image":[{"width":700,"height":700,"url":"https:\/\/novakmarket.com\/wp-content\/uploads\/2021\/11\/R10.jpg","type":"image\/jpeg"}],"twitter_card":"summary_large_image","schema":{"@context":"https:\/\/schema.org","@graph":[{"@type":"WebPage","@id":"https:\/\/novakmarket.com\/produit\/apple-iphone-11-pro-max-or-512-go\/","url":"https:\/\/novakmarket.com\/produit\/apple-iphone-11-pro-max-or-512-go\/","name":"APPLE iPhone 11 Pro Max Or 512 Go - Novak Market","isPartOf":{"@id":"https:\/\/novakmarket.com\/#website"},"primaryImageOfPage":{"@id":"https:\/\/novakmarket.com\/produit\/apple-iphone-11-pro-max-or-512-go\/#primaryimage"},"image":{"@id":"https:\/\/novakmarket.com\/produit\/apple-iphone-11-pro-max-or-512-go\/#primaryimage"},"thumbnailUrl":"https:\/\/novakmarket.com\/wp-content\/uploads\/2021\/11\/R10.jpg","datePublished":"2021-11-29T19:22:05+00:00","dateModified":"2023-10-24T22:50:44+00:00","breadcrumb":{"@id":"https:\/\/novakmarket.com\/produit\/apple-iphone-11-pro-max-or-512-go\/#breadcrumb"},"inLanguage":"de","potentialAction":[{"@type":"ReadAction","target":["https:\/\/novakmarket.com\/produit\/apple-iphone-11-pro-max-or-512-go\/"]}]},{"@type":"ImageObject","inLanguage":"de","@id":"https:\/\/novakmarket.com\/produit\/apple-iphone-11-pro-max-or-512-go\/#primaryimage","url":"https:\/\/novakmarket.com\/wp-content\/uploads\/2021\/11\/R10.jpg","contentUrl":"https:\/\/novakmarket.com\/wp-content\/uploads\/2021\/11\/R10.jpg","width":700,"height":700},{"@type":"BreadcrumbList","@id":"https:\/\/novakmarket.com\/produit\/apple-iphone-11-pro-max-or-512-go\/#breadcrumb","itemListElement":[{"@type":"ListItem","position":1,"name":"Accueil","item":"https:\/\/novakmarket.com\/"},{"@type":"ListItem","position":2,"name":"Boutique","item":"https:\/\/novakmarket.com\/shop\/"},{"@type":"ListItem","position":3,"name":"APPLE iPhone 11 Pro Max Or 512 Go"}]},{"@type":"WebSite","@id":"https:\/\/novakmarket.com\/#website","url":"https:\/\/novakmarket.com\/","name":"Novak Market","description":"Vente de produits \u00e9lectroniques.","publisher":{"@id":"https:\/\/novakmarket.com\/#organization"},"potentialAction":[{"@type":"SearchAction","target":{"@type":"EntryPoint","urlTemplate":"https:\/\/novakmarket.com\/?s={search_term_string}"},"query-input":{"@type":"PropertyValueSpecification","valueRequired":true,"valueName":"search_term_string"}}],"inLanguage":"de"},{"@type":"Organization","@id":"https:\/\/novakmarket.com\/#organization","name":"Novak Market","url":"https:\/\/novakmarket.com\/","logo":{"@type":"ImageObject","inLanguage":"de","@id":"https:\/\/novakmarket.com\/#\/schema\/logo\/image\/","url":"https:\/\/novakmarket.com\/wp-content\/uploads\/2026\/02\/cropped-footer-pc-removebg-preview.png","contentUrl":"https:\/\/novakmarket.com\/wp-content\/uploads\/2026\/02\/cropped-footer-pc-removebg-preview.png","width":202,"height":73,"caption":"Novak Market"},"image":{"@id":"https:\/\/novakmarket.com\/#\/schema\/logo\/image\/"}}]}},"_links":{"self":[{"href":"https:\/\/novakmarket.com\/de\/wp-json\/wp\/v2\/product\/6589","targetHints":{"allow":["GET"]}}],"collection":[{"href":"https:\/\/novakmarket.com\/de\/wp-json\/wp\/v2\/product"}],"about":[{"href":"https:\/\/novakmarket.com\/de\/wp-json\/wp\/v2\/types\/product"}],"replies":[{"embeddable":true,"href":"https:\/\/novakmarket.com\/de\/wp-json\/wp\/v2\/comments?post=6589"}],"wp:featuredmedia":[{"embeddable":true,"href":"https:\/\/novakmarket.com\/de\/wp-json\/wp\/v2\/media\/6618"}],"wp:attachment":[{"href":"https:\/\/novakmarket.com\/de\/wp-json\/wp\/v2\/media?parent=6589"}],"wp:term":[{"taxonomy":"product_brand","embeddable":true,"href":"https:\/\/novakmarket.com\/de\/wp-json\/wp\/v2\/product_brand?post=6589"},{"taxonomy":"product_cat","embeddable":true,"href":"https:\/\/novakmarket.com\/de\/wp-json\/wp\/v2\/product_cat?post=6589"},{"taxonomy":"product_tag","embeddable":true,"href":"https:\/\/novakmarket.com\/de\/wp-json\/wp\/v2\/product_tag?post=6589"}],"curies":[{"name":"wp","href":"https:\/\/api.w.org\/{rel}","templated":true}]}}