{"id":6718,"date":"2021-11-29T20:22:56","date_gmt":"2021-11-29T19:22:56","guid":{"rendered":"https:\/\/bestymarketshop.com\/?post_type=product&#038;p=6718"},"modified":"2021-11-29T20:23:12","modified_gmt":"2021-11-29T19:23:12","slug":"lg-classe-65-tv-led-smart-tv","status":"publish","type":"product","link":"https:\/\/novakmarket.com\/de\/produkt\/lg-classe-65-tv-led-smart-tv\/","title":{"rendered":"LG Classe 65&#8243; TV LED Smart TV"},"content":{"rendered":"<p><img loading=\"lazy\" decoding=\"async\" class=\"alignnone size-medium wp-image-8828\" src=\"https:\/\/e-marketshopping.com\/wp-content\/uploads\/2020\/07\/L7-300x300.jpg\" alt=\"\" width=\"300\" height=\"300\" \/><\/p>\n<ul>\n<li>R\u00e9tro\u00e9clairage par LED &#8211; assombrissement local<\/li>\n<li>Format d&#8217;affichage : 4K UHD (2160p)<\/li>\n<li>R\u00e9solution : 3840 x 2160<\/li>\n<li>Technologie HDR : Dolby Vision, Hybrid Log-Gamma (HLG), 4K Cinema HDR, HDR 10 Pro, Technicolor Advanced HDR<\/li>\n<li>Tuner TV num\u00e9rique : DVB-C, DVB-S2, DVB-T2<\/li>\n<\/ul>\n<div class=\"jsFpBulletPointMore\">\n<ul>\n<li>Am\u00e9liorations d&#8217;image : 4K Upscaling, R\u00e9duction de bruit, True Color Accuracy, Billion Rich Colours, Am\u00e9lioration des couleurs, Active Depth Enhancer, Enhanced Dynamic Tone Mapping<\/li>\n<li>Interface vid\u00e9o : HDMI<\/li>\n<\/ul>\n<\/div>","protected":false},"excerpt":{"rendered":"<table class=\"fpDescTb fpDescTbPub\">\n<tbody>\n<tr>\n<td>Nom du produit<\/td>\n<td>LG 65SK8100PLA Classe 65&#8243; TV LED Smart TV webOS, T<\/td>\n<\/tr>\n<tr>\n<td>Cat\u00e9gorie<\/td>\n<td>T\u00e9l\u00e9viseur LED<\/td>\n<\/tr>\n<tr>\n<th colspan=\"2\">G\u00e9n\u00e9ral<\/th>\n<\/tr>\n<tr>\n<td>Type de Produit<\/td>\n<td>TV LCD avec r\u00e9tro\u00e9clairage par LED &#8211; Smart TV<\/td>\n<\/tr>\n<tr>\n<td>Interface vid\u00e9o<\/td>\n<td>HDMI<\/td>\n<\/tr>\n<tr>\n<td>Consommation \u00e9lectrique en mode marche<\/td>\n<td>121 Watt<\/td>\n<\/tr>\n<tr>\n<td>Dimensions<\/td>\n<td>Sans support<\/td>\n<\/tr>\n<tr>\n<td>Largeur<\/td>\n<td>145.6 cm<\/td>\n<\/tr>\n<tr>\n<td>Hauteur<\/td>\n<td>84.4 cm<\/td>\n<\/tr>\n<tr>\n<td>Profondeur<\/td>\n<td>6.4 cm<\/td>\n<\/tr>\n<tr>\n<td>Poids<\/td>\n<td>24.5 kg<\/td>\n<\/tr>\n<tr>\n<td>Consommation d&#8217;\u00e9nergie annuelle<\/td>\n<td>168 kWh<\/td>\n<\/tr>\n<tr>\n<td>Plate-forme<\/td>\n<td>webOS, LG ThinQ AI<\/td>\n<\/tr>\n<tr>\n<td>Classe de diagonale<\/td>\n<td>165.1 cm (65&#8243;)<\/td>\n<\/tr>\n<tr>\n<td>Capteurs<\/td>\n<td>Capteur vert Illuminance<\/td>\n<\/tr>\n<tr>\n<td>Am\u00e9liorations d&#8217;image<\/td>\n<td>4K Upscaling, R\u00e9duction de bruit, True Color Accuracy, Billion Rich Colours, Am\u00e9lioration des couleurs, Active Depth Enhancer, Enhanced Dynamic Tone Mapping<\/td>\n<\/tr>\n<tr>\n<td>Compatible HDR<\/td>\n<td>Oui<\/td>\n<\/tr>\n<tr>\n<td>Technologie HDR<\/td>\n<td>Dolby Vision, Hybrid Log-Gamma (HLG), 4K Cinema HDR, HDR 10 Pro, Technicolor Advanced HDR<\/td>\n<\/tr>\n<tr>\n<td>Classe \u00e9nerg\u00e9tique<\/td>\n<td>Classe A+<\/td>\n<\/tr>\n<tr>\n<td>Pr\u00e9sence de syntonisateur TV<\/td>\n<td>Oui<\/td>\n<\/tr>\n<tr>\n<td>Nombre de ports HDMI<\/td>\n<td>4 ports<\/td>\n<\/tr>\n<tr>\n<td>Type de produit<\/td>\n<td>TV LCD avec r\u00e9tro\u00e9clairage par LED &#8211; Smart TV<\/td>\n<\/tr>\n<tr>\n<th colspan=\"2\">Affichage<\/th>\n<\/tr>\n<tr>\n<td>Technologie de r\u00e9tro\u00e9clairage LCD<\/td>\n<td>R\u00e9tro\u00e9clairage par LED &#8211; assombrissement local<\/td>\n<\/tr>\n<tr>\n<td>R\u00e9solution<\/td>\n<td>3840 x 2160<\/td>\n<\/tr>\n<tr>\n<td>Format d&#8217;affichage<\/td>\n<td>4K UHD (2160p)<\/td>\n<\/tr>\n<tr>\n<td>Technologie d&#8217;affichage LCD<\/td>\n<td>IPS<\/td>\n<\/tr>\n<tr>\n<td>Fonctions suppl\u00e9mentaires<\/td>\n<td>?7 Intelligent Processor<\/td>\n<\/tr>\n<tr>\n<td>Format de l&#8217;image<\/td>\n<td>16:9<\/td>\n<\/tr>\n<tr>\n<td>Taux d&#8217;image et technologie d&#8217;am\u00e9lioration<\/td>\n<td>TruMotion 200 (fr\u00e9quence de rafraichissement 100 Hz)<\/td>\n<\/tr>\n<tr>\n<th colspan=\"2\">Connexions<\/th>\n<\/tr>\n<tr>\n<td>Type de connecteur<\/td>\n<td>2 x HDMI &#8211; arri\u00e8re<br \/>\n2 x HDMI &#8211; c\u00f4t\u00e9<br \/>\n2 x USB &#8211; arri\u00e8re<br \/>\nUSB &#8211; c\u00f4t\u00e9<br \/>\nR\u00e9seau &#8211; arri\u00e8re<br \/>\nSortie audio num\u00e9rique (optique) &#8211; arri\u00e8re<br \/>\nCasque &#8211; arri\u00e8re<\/td>\n<\/tr>\n<tr>\n<th colspan=\"2\">Tuner de t\u00e9l\u00e9vision<\/th>\n<\/tr>\n<tr>\n<td>Acc\u00e8s conditionnel<\/td>\n<td>Logement CI (Common Interface)<\/td>\n<\/tr>\n<tr>\n<th colspan=\"2\">Tuner TV num\u00e9rique<\/th>\n<\/tr>\n<tr>\n<td>Tuner TV num\u00e9rique<\/td>\n<td>DVB-C, DVB-S2, DVB-T2<\/td>\n<\/tr>\n<tr>\n<td>Tuner TVHD<\/td>\n<td>Oui<\/td>\n<\/tr>\n<tr>\n<th colspan=\"2\">Lecteur multim\u00e9dia<\/th>\n<\/tr>\n<tr>\n<td>Port USB<\/td>\n<td>Oui<\/td>\n<\/tr>\n<tr>\n<td>Nombre de ports USB<\/td>\n<td>3<\/td>\n<\/tr>\n<tr>\n<th colspan=\"2\">Syst\u00e8me audio<\/th>\n<\/tr>\n<tr>\n<td>Syst\u00e8me de haut-parleurs<\/td>\n<td>2 haut-parleurs<\/td>\n<\/tr>\n<tr>\n<td>Alimentation en sortie \/ Total<\/td>\n<td>20 Watt<\/td>\n<\/tr>\n<tr>\n<td>Mode Surround<\/td>\n<td>Oui<\/td>\n<\/tr>\n<tr>\n<td>Bruitages<\/td>\n<td>Dolby Atmos<\/td>\n<\/tr>\n<tr>\n<td>Format audio num\u00e9rique<\/td>\n<td>Sortie num\u00e9rique DTS-HD<\/td>\n<\/tr>\n<tr>\n<td>Fonctions suppl\u00e9mentaires<\/td>\n<td>ARC (Audio Return Channel), apt-X Encoder, technologie Clear Voice III, LG Sound Sync, One Touch Sound Tuning, Adaptive Sound Control<\/td>\n<\/tr>\n<tr>\n<th colspan=\"2\">Multim\u00e9dia r\u00e9seau et Internet<\/th>\n<\/tr>\n<tr>\n<td>Fonctionnalit\u00e9s<\/td>\n<td>Navigation WEB, lecture vid\u00e9o Internet<\/td>\n<\/tr>\n<tr>\n<td>Connectivit\u00e9<\/td>\n<td>Wi-Fi, LAN, Bluetooth<\/td>\n<\/tr>\n<tr>\n<td>Protocole LAN<\/td>\n<td>Ethernet<\/td>\n<\/tr>\n<tr>\n<td>Protocole WiFi<\/td>\n<td>802.11ac<\/td>\n<\/tr>\n<tr>\n<td>Contr\u00f4le \u00e9lectronique de prise en charge de consommateur (CEC)<\/td>\n<td>Simplink<\/td>\n<\/tr>\n<tr>\n<th colspan=\"2\">T\u00e9l\u00e9commande<\/th>\n<\/tr>\n<tr>\n<td>Type<\/td>\n<td>T\u00e9l\u00e9commande standard<\/td>\n<\/tr>\n<tr>\n<td>Mod\u00e8le de t\u00e9l\u00e9commande<\/td>\n<td>LG MR18<\/td>\n<\/tr>\n<tr>\n<td>Caract\u00e9ristiques<\/td>\n<td>T\u00e9l\u00e9commande magique<\/td>\n<\/tr>\n<tr>\n<th colspan=\"2\">Alimentation<\/th>\n<\/tr>\n<tr>\n<td>P\u00e9riph\u00e9rique d&#8217;alimentation<\/td>\n<td>Alimentation \u00e9lectrique<\/td>\n<\/tr>\n<tr>\n<td>Tension nominale<\/td>\n<td>CA 100 &#8211; 240 V (50\/60 Hz)<\/td>\n<\/tr>\n<tr>\n<td>Consommation \u00e9lectrique en veille<\/td>\n<td>0.5 Watt<\/td>\n<\/tr>\n<tr>\n<th colspan=\"2\">Supports et syst\u00e8mes de montage<\/th>\n<\/tr>\n<tr>\n<td>Pied<\/td>\n<td>Inclus<\/td>\n<\/tr>\n<tr>\n<td>Type de support<\/td>\n<td>De table<\/td>\n<\/tr>\n<tr>\n<td>Interface de montage pour \u00e9cran plat<\/td>\n<td>300 x 300 mm<\/td>\n<\/tr>\n<tr>\n<th colspan=\"2\">Dimensions et poids (emball\u00e9)<\/th>\n<\/tr>\n<tr>\n<td>Hauteur (Exp\u00e9dition)<\/td>\n<td>103.5 cm<\/td>\n<\/tr>\n<tr>\n<td>Largeur (emball\u00e9e)<\/td>\n<td>160 cm<\/td>\n<\/tr>\n<tr>\n<td>Profondeur (emball\u00e9e)<\/td>\n<td>19 cm<\/td>\n<\/tr>\n<tr>\n<td>Poids (Exp\u00e9dition)<\/td>\n<td>33.6 kg<\/td>\n<\/tr>\n<tr>\n<th colspan=\"2\">Divers<\/th>\n<\/tr>\n<tr>\n<td>Accessoires inclus<\/td>\n<td>Piles<\/td>\n<\/tr>\n<\/tbody>\n<\/table>","protected":false},"featured_media":6748,"comment_status":"open","ping_status":"closed","template":"","meta":{"_acf_changed":false},"product_brand":[],"product_cat":[299,292],"product_tag":[],"class_list":{"0":"post-6718","1":"product","2":"type-product","3":"status-publish","4":"has-post-thumbnail","6":"product_cat-lg-tv","7":"product_cat-tvs","9":"first","10":"instock","11":"shipping-taxable","12":"purchasable","13":"product-type-simple"},"acf":[],"yoast_head":"<!-- This site is optimized with the Yoast SEO plugin v27.2 - https:\/\/yoast.com\/product\/yoast-seo-wordpress\/ -->\n<title>LG Classe 65&quot; TV LED Smart TV - Novak Market<\/title>\n<meta name=\"robots\" content=\"index, follow, max-snippet:-1, max-image-preview:large, max-video-preview:-1\" \/>\n<link rel=\"canonical\" href=\"https:\/\/novakmarket.com\/de\/produkt\/lg-classe-65-tv-led-smart-tv\/\" \/>\n<meta property=\"og:locale\" content=\"de_DE\" \/>\n<meta property=\"og:type\" content=\"article\" \/>\n<meta property=\"og:title\" content=\"LG Classe 65&quot; TV LED Smart TV - Novak Market\" \/>\n<meta property=\"og:description\" content=\"Nom du produit LG 65SK8100PLA Classe 65&quot; TV LED Smart TV webOS, T  Cat\u00e9gorie T\u00e9l\u00e9viseur LED  G\u00e9n\u00e9ral  Type de Produit TV LCD avec r\u00e9tro\u00e9clairage par LED - Smart TV  Interface vid\u00e9o HDMI  Consommation \u00e9lectrique en mode marche 121 Watt  Dimensions Sans support  Largeur 145.6 cm  Hauteur 84.4 cm  Profondeur 6.4 cm  Poids 24.5 kg  Consommation d&#039;\u00e9nergie annuelle 168 kWh  Plate-forme webOS, LG ThinQ AI  Classe de diagonale 165.1 cm (65&quot;)  Capteurs Capteur vert Illuminance  Am\u00e9liorations d&#039;image 4K Upscaling, R\u00e9duction de bruit, True Color Accuracy, Billion Rich Colours, Am\u00e9lioration des couleurs, Active Depth Enhancer, Enhanced Dynamic Tone Mapping  Compatible HDR Oui  Technologie HDR Dolby Vision, Hybrid Log-Gamma (HLG), 4K Cinema HDR, HDR 10 Pro, Technicolor Advanced HDR  Classe \u00e9nerg\u00e9tique Classe A+  Pr\u00e9sence de syntonisateur TV Oui  Nombre de ports HDMI 4 ports  Type de produit TV LCD avec r\u00e9tro\u00e9clairage par LED - Smart TV  Affichage  Technologie de r\u00e9tro\u00e9clairage LCD R\u00e9tro\u00e9clairage par LED - assombrissement local  R\u00e9solution 3840 x 2160  Format d&#039;affichage 4K UHD (2160p)  Technologie d&#039;affichage LCD IPS  Fonctions suppl\u00e9mentaires ?7 Intelligent Processor  Format de l&#039;image 16:9  Taux d&#039;image et technologie d&#039;am\u00e9lioration TruMotion 200 (fr\u00e9quence de rafraichissement 100 Hz)  Connexions  Type de connecteur 2 x HDMI - arri\u00e8re 2 x HDMI - c\u00f4t\u00e9 2 x USB - arri\u00e8re USB - c\u00f4t\u00e9 R\u00e9seau - arri\u00e8re Sortie audio num\u00e9rique (optique) - arri\u00e8re Casque - arri\u00e8re  Tuner de t\u00e9l\u00e9vision  Acc\u00e8s conditionnel Logement CI (Common Interface)  Tuner TV num\u00e9rique  Tuner TV num\u00e9rique DVB-C, DVB-S2, DVB-T2  Tuner TVHD Oui  Lecteur multim\u00e9dia  Port USB Oui  Nombre de ports USB 3  Syst\u00e8me audio  Syst\u00e8me de haut-parleurs 2 haut-parleurs  Alimentation en sortie \/ Total 20 Watt  Mode Surround Oui  Bruitages Dolby Atmos  Format audio num\u00e9rique Sortie num\u00e9rique DTS-HD  Fonctions suppl\u00e9mentaires ARC (Audio Return Channel), apt-X Encoder, technologie Clear Voice III, LG Sound Sync, One Touch Sound Tuning, Adaptive Sound Control  Multim\u00e9dia r\u00e9seau et Internet  Fonctionnalit\u00e9s Navigation WEB, lecture vid\u00e9o Internet  Connectivit\u00e9 Wi-Fi, LAN, Bluetooth  Protocole LAN Ethernet  Protocole WiFi 802.11ac  Contr\u00f4le \u00e9lectronique de prise en charge de consommateur (CEC) Simplink  T\u00e9l\u00e9commande  Type T\u00e9l\u00e9commande standard  Mod\u00e8le de t\u00e9l\u00e9commande LG MR18  Caract\u00e9ristiques T\u00e9l\u00e9commande magique  Alimentation  P\u00e9riph\u00e9rique d&#039;alimentation Alimentation \u00e9lectrique  Tension nominale CA 100 - 240 V (50\/60 Hz)  Consommation \u00e9lectrique en veille 0.5 Watt  Supports et syst\u00e8mes de montage  Pied Inclus  Type de support De table  Interface de montage pour \u00e9cran plat 300 x 300 mm  Dimensions et poids (emball\u00e9)  Hauteur (Exp\u00e9dition) 103.5 cm  Largeur (emball\u00e9e) 160 cm  Profondeur (emball\u00e9e) 19 cm  Poids (Exp\u00e9dition) 33.6 kg  Divers  Accessoires inclus Piles\" \/>\n<meta property=\"og:url\" content=\"https:\/\/novakmarket.com\/de\/produkt\/lg-classe-65-tv-led-smart-tv\/\" \/>\n<meta property=\"og:site_name\" content=\"Novak Market\" \/>\n<meta property=\"article:modified_time\" content=\"2021-11-29T19:23:12+00:00\" \/>\n<meta property=\"og:image\" content=\"https:\/\/novakmarket.com\/wp-content\/uploads\/2021\/11\/L7.jpg\" \/>\n\t<meta property=\"og:image:width\" content=\"700\" \/>\n\t<meta property=\"og:image:height\" content=\"700\" \/>\n\t<meta property=\"og:image:type\" content=\"image\/jpeg\" \/>\n<meta name=\"twitter:card\" content=\"summary_large_image\" \/>\n<script type=\"application\/ld+json\" class=\"yoast-schema-graph\">{\"@context\":\"https:\/\/schema.org\",\"@graph\":[{\"@type\":\"WebPage\",\"@id\":\"https:\/\/novakmarket.com\/produit\/lg-classe-65-tv-led-smart-tv\/\",\"url\":\"https:\/\/novakmarket.com\/produit\/lg-classe-65-tv-led-smart-tv\/\",\"name\":\"LG Classe 65\\\" TV LED Smart TV - Novak Market\",\"isPartOf\":{\"@id\":\"https:\/\/novakmarket.com\/#website\"},\"primaryImageOfPage\":{\"@id\":\"https:\/\/novakmarket.com\/produit\/lg-classe-65-tv-led-smart-tv\/#primaryimage\"},\"image\":{\"@id\":\"https:\/\/novakmarket.com\/produit\/lg-classe-65-tv-led-smart-tv\/#primaryimage\"},\"thumbnailUrl\":\"https:\/\/novakmarket.com\/wp-content\/uploads\/2021\/11\/L7.jpg\",\"datePublished\":\"2021-11-29T19:22:56+00:00\",\"dateModified\":\"2021-11-29T19:23:12+00:00\",\"breadcrumb\":{\"@id\":\"https:\/\/novakmarket.com\/produit\/lg-classe-65-tv-led-smart-tv\/#breadcrumb\"},\"inLanguage\":\"de\",\"potentialAction\":[{\"@type\":\"ReadAction\",\"target\":[\"https:\/\/novakmarket.com\/produit\/lg-classe-65-tv-led-smart-tv\/\"]}]},{\"@type\":\"ImageObject\",\"inLanguage\":\"de\",\"@id\":\"https:\/\/novakmarket.com\/produit\/lg-classe-65-tv-led-smart-tv\/#primaryimage\",\"url\":\"https:\/\/novakmarket.com\/wp-content\/uploads\/2021\/11\/L7.jpg\",\"contentUrl\":\"https:\/\/novakmarket.com\/wp-content\/uploads\/2021\/11\/L7.jpg\",\"width\":700,\"height\":700},{\"@type\":\"BreadcrumbList\",\"@id\":\"https:\/\/novakmarket.com\/produit\/lg-classe-65-tv-led-smart-tv\/#breadcrumb\",\"itemListElement\":[{\"@type\":\"ListItem\",\"position\":1,\"name\":\"Accueil\",\"item\":\"https:\/\/novakmarket.com\/\"},{\"@type\":\"ListItem\",\"position\":2,\"name\":\"Boutique\",\"item\":\"https:\/\/novakmarket.com\/shop\/\"},{\"@type\":\"ListItem\",\"position\":3,\"name\":\"LG Classe 65&#8243; TV LED Smart TV\"}]},{\"@type\":\"WebSite\",\"@id\":\"https:\/\/novakmarket.com\/#website\",\"url\":\"https:\/\/novakmarket.com\/\",\"name\":\"Novak Market\",\"description\":\"Vente de produits \u00e9lectroniques.\",\"publisher\":{\"@id\":\"https:\/\/novakmarket.com\/#organization\"},\"potentialAction\":[{\"@type\":\"SearchAction\",\"target\":{\"@type\":\"EntryPoint\",\"urlTemplate\":\"https:\/\/novakmarket.com\/?s={search_term_string}\"},\"query-input\":{\"@type\":\"PropertyValueSpecification\",\"valueRequired\":true,\"valueName\":\"search_term_string\"}}],\"inLanguage\":\"de\"},{\"@type\":\"Organization\",\"@id\":\"https:\/\/novakmarket.com\/#organization\",\"name\":\"Novak Market\",\"url\":\"https:\/\/novakmarket.com\/\",\"logo\":{\"@type\":\"ImageObject\",\"inLanguage\":\"de\",\"@id\":\"https:\/\/novakmarket.com\/#\/schema\/logo\/image\/\",\"url\":\"https:\/\/novakmarket.com\/wp-content\/uploads\/2026\/02\/cropped-footer-pc-removebg-preview.png\",\"contentUrl\":\"https:\/\/novakmarket.com\/wp-content\/uploads\/2026\/02\/cropped-footer-pc-removebg-preview.png\",\"width\":202,\"height\":73,\"caption\":\"Novak Market\"},\"image\":{\"@id\":\"https:\/\/novakmarket.com\/#\/schema\/logo\/image\/\"}}]}<\/script>\n<!-- \/ Yoast SEO plugin. -->","yoast_head_json":{"title":"LG Classe 65\" TV LED Smart TV - Novak Market","robots":{"index":"index","follow":"follow","max-snippet":"max-snippet:-1","max-image-preview":"max-image-preview:large","max-video-preview":"max-video-preview:-1"},"canonical":"https:\/\/novakmarket.com\/de\/produkt\/lg-classe-65-tv-led-smart-tv\/","og_locale":"de_DE","og_type":"article","og_title":"LG Classe 65\" TV LED Smart TV - Novak Market","og_description":"Nom du produit LG 65SK8100PLA Classe 65\" TV LED Smart TV webOS, T  Cat\u00e9gorie T\u00e9l\u00e9viseur LED  G\u00e9n\u00e9ral  Type de Produit TV LCD avec r\u00e9tro\u00e9clairage par LED - Smart TV  Interface vid\u00e9o HDMI  Consommation \u00e9lectrique en mode marche 121 Watt  Dimensions Sans support  Largeur 145.6 cm  Hauteur 84.4 cm  Profondeur 6.4 cm  Poids 24.5 kg  Consommation d'\u00e9nergie annuelle 168 kWh  Plate-forme webOS, LG ThinQ AI  Classe de diagonale 165.1 cm (65\")  Capteurs Capteur vert Illuminance  Am\u00e9liorations d'image 4K Upscaling, R\u00e9duction de bruit, True Color Accuracy, Billion Rich Colours, Am\u00e9lioration des couleurs, Active Depth Enhancer, Enhanced Dynamic Tone Mapping  Compatible HDR Oui  Technologie HDR Dolby Vision, Hybrid Log-Gamma (HLG), 4K Cinema HDR, HDR 10 Pro, Technicolor Advanced HDR  Classe \u00e9nerg\u00e9tique Classe A+  Pr\u00e9sence de syntonisateur TV Oui  Nombre de ports HDMI 4 ports  Type de produit TV LCD avec r\u00e9tro\u00e9clairage par LED - Smart TV  Affichage  Technologie de r\u00e9tro\u00e9clairage LCD R\u00e9tro\u00e9clairage par LED - assombrissement local  R\u00e9solution 3840 x 2160  Format d'affichage 4K UHD (2160p)  Technologie d'affichage LCD IPS  Fonctions suppl\u00e9mentaires ?7 Intelligent Processor  Format de l'image 16:9  Taux d'image et technologie d'am\u00e9lioration TruMotion 200 (fr\u00e9quence de rafraichissement 100 Hz)  Connexions  Type de connecteur 2 x HDMI - arri\u00e8re 2 x HDMI - c\u00f4t\u00e9 2 x USB - arri\u00e8re USB - c\u00f4t\u00e9 R\u00e9seau - arri\u00e8re Sortie audio num\u00e9rique (optique) - arri\u00e8re Casque - arri\u00e8re  Tuner de t\u00e9l\u00e9vision  Acc\u00e8s conditionnel Logement CI (Common Interface)  Tuner TV num\u00e9rique  Tuner TV num\u00e9rique DVB-C, DVB-S2, DVB-T2  Tuner TVHD Oui  Lecteur multim\u00e9dia  Port USB Oui  Nombre de ports USB 3  Syst\u00e8me audio  Syst\u00e8me de haut-parleurs 2 haut-parleurs  Alimentation en sortie \/ Total 20 Watt  Mode Surround Oui  Bruitages Dolby Atmos  Format audio num\u00e9rique Sortie num\u00e9rique DTS-HD  Fonctions suppl\u00e9mentaires ARC (Audio Return Channel), apt-X Encoder, technologie Clear Voice III, LG Sound Sync, One Touch Sound Tuning, Adaptive Sound Control  Multim\u00e9dia r\u00e9seau et Internet  Fonctionnalit\u00e9s Navigation WEB, lecture vid\u00e9o Internet  Connectivit\u00e9 Wi-Fi, LAN, Bluetooth  Protocole LAN Ethernet  Protocole WiFi 802.11ac  Contr\u00f4le \u00e9lectronique de prise en charge de consommateur (CEC) Simplink  T\u00e9l\u00e9commande  Type T\u00e9l\u00e9commande standard  Mod\u00e8le de t\u00e9l\u00e9commande LG MR18  Caract\u00e9ristiques T\u00e9l\u00e9commande magique  Alimentation  P\u00e9riph\u00e9rique d'alimentation Alimentation \u00e9lectrique  Tension nominale CA 100 - 240 V (50\/60 Hz)  Consommation \u00e9lectrique en veille 0.5 Watt  Supports et syst\u00e8mes de montage  Pied Inclus  Type de support De table  Interface de montage pour \u00e9cran plat 300 x 300 mm  Dimensions et poids (emball\u00e9)  Hauteur (Exp\u00e9dition) 103.5 cm  Largeur (emball\u00e9e) 160 cm  Profondeur (emball\u00e9e) 19 cm  Poids (Exp\u00e9dition) 33.6 kg  Divers  Accessoires inclus Piles","og_url":"https:\/\/novakmarket.com\/de\/produkt\/lg-classe-65-tv-led-smart-tv\/","og_site_name":"Novak Market","article_modified_time":"2021-11-29T19:23:12+00:00","og_image":[{"width":700,"height":700,"url":"https:\/\/novakmarket.com\/wp-content\/uploads\/2021\/11\/L7.jpg","type":"image\/jpeg"}],"twitter_card":"summary_large_image","schema":{"@context":"https:\/\/schema.org","@graph":[{"@type":"WebPage","@id":"https:\/\/novakmarket.com\/produit\/lg-classe-65-tv-led-smart-tv\/","url":"https:\/\/novakmarket.com\/produit\/lg-classe-65-tv-led-smart-tv\/","name":"LG Classe 65\" TV LED Smart TV - Novak Market","isPartOf":{"@id":"https:\/\/novakmarket.com\/#website"},"primaryImageOfPage":{"@id":"https:\/\/novakmarket.com\/produit\/lg-classe-65-tv-led-smart-tv\/#primaryimage"},"image":{"@id":"https:\/\/novakmarket.com\/produit\/lg-classe-65-tv-led-smart-tv\/#primaryimage"},"thumbnailUrl":"https:\/\/novakmarket.com\/wp-content\/uploads\/2021\/11\/L7.jpg","datePublished":"2021-11-29T19:22:56+00:00","dateModified":"2021-11-29T19:23:12+00:00","breadcrumb":{"@id":"https:\/\/novakmarket.com\/produit\/lg-classe-65-tv-led-smart-tv\/#breadcrumb"},"inLanguage":"de","potentialAction":[{"@type":"ReadAction","target":["https:\/\/novakmarket.com\/produit\/lg-classe-65-tv-led-smart-tv\/"]}]},{"@type":"ImageObject","inLanguage":"de","@id":"https:\/\/novakmarket.com\/produit\/lg-classe-65-tv-led-smart-tv\/#primaryimage","url":"https:\/\/novakmarket.com\/wp-content\/uploads\/2021\/11\/L7.jpg","contentUrl":"https:\/\/novakmarket.com\/wp-content\/uploads\/2021\/11\/L7.jpg","width":700,"height":700},{"@type":"BreadcrumbList","@id":"https:\/\/novakmarket.com\/produit\/lg-classe-65-tv-led-smart-tv\/#breadcrumb","itemListElement":[{"@type":"ListItem","position":1,"name":"Accueil","item":"https:\/\/novakmarket.com\/"},{"@type":"ListItem","position":2,"name":"Boutique","item":"https:\/\/novakmarket.com\/shop\/"},{"@type":"ListItem","position":3,"name":"LG Classe 65&#8243; TV LED Smart TV"}]},{"@type":"WebSite","@id":"https:\/\/novakmarket.com\/#website","url":"https:\/\/novakmarket.com\/","name":"Novak Market","description":"Vente de produits \u00e9lectroniques.","publisher":{"@id":"https:\/\/novakmarket.com\/#organization"},"potentialAction":[{"@type":"SearchAction","target":{"@type":"EntryPoint","urlTemplate":"https:\/\/novakmarket.com\/?s={search_term_string}"},"query-input":{"@type":"PropertyValueSpecification","valueRequired":true,"valueName":"search_term_string"}}],"inLanguage":"de"},{"@type":"Organization","@id":"https:\/\/novakmarket.com\/#organization","name":"Novak Market","url":"https:\/\/novakmarket.com\/","logo":{"@type":"ImageObject","inLanguage":"de","@id":"https:\/\/novakmarket.com\/#\/schema\/logo\/image\/","url":"https:\/\/novakmarket.com\/wp-content\/uploads\/2026\/02\/cropped-footer-pc-removebg-preview.png","contentUrl":"https:\/\/novakmarket.com\/wp-content\/uploads\/2026\/02\/cropped-footer-pc-removebg-preview.png","width":202,"height":73,"caption":"Novak Market"},"image":{"@id":"https:\/\/novakmarket.com\/#\/schema\/logo\/image\/"}}]}},"_links":{"self":[{"href":"https:\/\/novakmarket.com\/de\/wp-json\/wp\/v2\/product\/6718","targetHints":{"allow":["GET"]}}],"collection":[{"href":"https:\/\/novakmarket.com\/de\/wp-json\/wp\/v2\/product"}],"about":[{"href":"https:\/\/novakmarket.com\/de\/wp-json\/wp\/v2\/types\/product"}],"replies":[{"embeddable":true,"href":"https:\/\/novakmarket.com\/de\/wp-json\/wp\/v2\/comments?post=6718"}],"wp:featuredmedia":[{"embeddable":true,"href":"https:\/\/novakmarket.com\/de\/wp-json\/wp\/v2\/media\/6748"}],"wp:attachment":[{"href":"https:\/\/novakmarket.com\/de\/wp-json\/wp\/v2\/media?parent=6718"}],"wp:term":[{"taxonomy":"product_brand","embeddable":true,"href":"https:\/\/novakmarket.com\/de\/wp-json\/wp\/v2\/product_brand?post=6718"},{"taxonomy":"product_cat","embeddable":true,"href":"https:\/\/novakmarket.com\/de\/wp-json\/wp\/v2\/product_cat?post=6718"},{"taxonomy":"product_tag","embeddable":true,"href":"https:\/\/novakmarket.com\/de\/wp-json\/wp\/v2\/product_tag?post=6718"}],"curies":[{"name":"wp","href":"https:\/\/api.w.org\/{rel}","templated":true}]}}