{"id":6929,"date":"2021-11-29T20:24:38","date_gmt":"2021-11-29T19:24:38","guid":{"rendered":"https:\/\/bestymarketshop.com\/?post_type=product&#038;p=6929"},"modified":"2021-11-29T20:24:47","modified_gmt":"2021-11-29T19:24:47","slug":"ricoh-tm-1","status":"publish","type":"product","link":"https:\/\/novakmarket.com\/de\/produkt\/ricoh-tm-1\/","title":{"rendered":"Ricoh TM-1"},"content":{"rendered":"<p><img loading=\"lazy\" decoding=\"async\" class=\"alignnone size-medium wp-image-14706\" src=\"https:\/\/megamarketshop.com\/wp-content\/uploads\/2021\/05\/4-2-300x300.jpg\" alt=\"\" width=\"300\" height=\"300\" \/><\/p>\n<p>D\u00e9couvrez le tr\u00e9pied pour cam\u00e9ra THETA Ricoh TM-1, pour apporter de la stabilit\u00e9 \u00e0 votre cam\u00e9ra et de l&#8217;originalit\u00e9 dans vos prises. Appr\u00e9ciez la longueur ajustable de 70 \u00e0 170 cm pour vous laisser exploiter diff\u00e9rentes prises de vues mais aussi le syst\u00e8me de fixation rapide pour un gain de temps \u00e0 l&#8217;installation. Profitez derni\u00e8rement de pieds r\u00e9duits pour ne pas appara\u00eetre sur les images, tout sera pens\u00e9 pour r\u00e9pondre \u00e0 vos besoins donc n&#8217;h\u00e9sitez plus et apporter de l&#8217;originalit\u00e9 dans vos prises.<\/p>","protected":false},"excerpt":{"rendered":"<p>D\u00e9couvrez le tr\u00e9pied pour cam\u00e9ra THETA Ricoh TM-1, pour apporter de la stabilit\u00e9 \u00e0 votre cam\u00e9ra et de l&#8217;originalit\u00e9 dans vos prises. Appr\u00e9ciez la longueur ajustable de 70 \u00e0 170<\/p>","protected":false},"featured_media":6958,"comment_status":"open","ping_status":"closed","template":"","meta":{"_acf_changed":false},"product_brand":[],"product_cat":[290],"product_tag":[],"class_list":{"0":"post-6929","1":"product","2":"type-product","3":"status-publish","4":"has-post-thumbnail","6":"product_cat-cameras-appareils-photos","8":"first","9":"instock","10":"shipping-taxable","11":"purchasable","12":"product-type-simple"},"acf":[],"yoast_head":"<!-- This site is optimized with the Yoast SEO plugin v27.2 - https:\/\/yoast.com\/product\/yoast-seo-wordpress\/ -->\n<title>Ricoh TM-1 - Novak Market<\/title>\n<meta name=\"robots\" content=\"index, follow, max-snippet:-1, max-image-preview:large, max-video-preview:-1\" \/>\n<link rel=\"canonical\" href=\"https:\/\/novakmarket.com\/de\/produkt\/ricoh-tm-1\/\" \/>\n<meta property=\"og:locale\" content=\"de_DE\" \/>\n<meta property=\"og:type\" content=\"article\" \/>\n<meta property=\"og:title\" content=\"Ricoh TM-1 - Novak Market\" \/>\n<meta property=\"og:description\" content=\"D\u00e9couvrez le tr\u00e9pied pour cam\u00e9ra THETA Ricoh TM-1, pour apporter de la stabilit\u00e9 \u00e0 votre cam\u00e9ra et de l&#8217;originalit\u00e9 dans vos prises. Appr\u00e9ciez la longueur ajustable de 70 \u00e0 170\" \/>\n<meta property=\"og:url\" content=\"https:\/\/novakmarket.com\/de\/produkt\/ricoh-tm-1\/\" \/>\n<meta property=\"og:site_name\" content=\"Novak Market\" \/>\n<meta property=\"article:modified_time\" content=\"2021-11-29T19:24:47+00:00\" \/>\n<meta property=\"og:image\" content=\"https:\/\/novakmarket.com\/wp-content\/uploads\/2021\/11\/4-2.jpg\" \/>\n\t<meta property=\"og:image:width\" content=\"550\" \/>\n\t<meta property=\"og:image:height\" content=\"550\" \/>\n\t<meta property=\"og:image:type\" content=\"image\/jpeg\" \/>\n<meta name=\"twitter:card\" content=\"summary_large_image\" \/>\n<script type=\"application\/ld+json\" class=\"yoast-schema-graph\">{\"@context\":\"https:\/\/schema.org\",\"@graph\":[{\"@type\":\"WebPage\",\"@id\":\"https:\/\/novakmarket.com\/produit\/ricoh-tm-1\/\",\"url\":\"https:\/\/novakmarket.com\/produit\/ricoh-tm-1\/\",\"name\":\"Ricoh TM-1 - Novak Market\",\"isPartOf\":{\"@id\":\"https:\/\/novakmarket.com\/#website\"},\"primaryImageOfPage\":{\"@id\":\"https:\/\/novakmarket.com\/produit\/ricoh-tm-1\/#primaryimage\"},\"image\":{\"@id\":\"https:\/\/novakmarket.com\/produit\/ricoh-tm-1\/#primaryimage\"},\"thumbnailUrl\":\"https:\/\/novakmarket.com\/wp-content\/uploads\/2021\/11\/4-2.jpg\",\"datePublished\":\"2021-11-29T19:24:38+00:00\",\"dateModified\":\"2021-11-29T19:24:47+00:00\",\"breadcrumb\":{\"@id\":\"https:\/\/novakmarket.com\/produit\/ricoh-tm-1\/#breadcrumb\"},\"inLanguage\":\"de\",\"potentialAction\":[{\"@type\":\"ReadAction\",\"target\":[\"https:\/\/novakmarket.com\/produit\/ricoh-tm-1\/\"]}]},{\"@type\":\"ImageObject\",\"inLanguage\":\"de\",\"@id\":\"https:\/\/novakmarket.com\/produit\/ricoh-tm-1\/#primaryimage\",\"url\":\"https:\/\/novakmarket.com\/wp-content\/uploads\/2021\/11\/4-2.jpg\",\"contentUrl\":\"https:\/\/novakmarket.com\/wp-content\/uploads\/2021\/11\/4-2.jpg\",\"width\":550,\"height\":550},{\"@type\":\"BreadcrumbList\",\"@id\":\"https:\/\/novakmarket.com\/produit\/ricoh-tm-1\/#breadcrumb\",\"itemListElement\":[{\"@type\":\"ListItem\",\"position\":1,\"name\":\"Accueil\",\"item\":\"https:\/\/novakmarket.com\/\"},{\"@type\":\"ListItem\",\"position\":2,\"name\":\"Boutique\",\"item\":\"https:\/\/novakmarket.com\/shop\/\"},{\"@type\":\"ListItem\",\"position\":3,\"name\":\"Ricoh TM-1\"}]},{\"@type\":\"WebSite\",\"@id\":\"https:\/\/novakmarket.com\/#website\",\"url\":\"https:\/\/novakmarket.com\/\",\"name\":\"Novak Market\",\"description\":\"Vente de produits \u00e9lectroniques.\",\"publisher\":{\"@id\":\"https:\/\/novakmarket.com\/#organization\"},\"potentialAction\":[{\"@type\":\"SearchAction\",\"target\":{\"@type\":\"EntryPoint\",\"urlTemplate\":\"https:\/\/novakmarket.com\/?s={search_term_string}\"},\"query-input\":{\"@type\":\"PropertyValueSpecification\",\"valueRequired\":true,\"valueName\":\"search_term_string\"}}],\"inLanguage\":\"de\"},{\"@type\":\"Organization\",\"@id\":\"https:\/\/novakmarket.com\/#organization\",\"name\":\"Novak Market\",\"url\":\"https:\/\/novakmarket.com\/\",\"logo\":{\"@type\":\"ImageObject\",\"inLanguage\":\"de\",\"@id\":\"https:\/\/novakmarket.com\/#\/schema\/logo\/image\/\",\"url\":\"https:\/\/novakmarket.com\/wp-content\/uploads\/2026\/02\/cropped-footer-pc-removebg-preview.png\",\"contentUrl\":\"https:\/\/novakmarket.com\/wp-content\/uploads\/2026\/02\/cropped-footer-pc-removebg-preview.png\",\"width\":202,\"height\":73,\"caption\":\"Novak Market\"},\"image\":{\"@id\":\"https:\/\/novakmarket.com\/#\/schema\/logo\/image\/\"}}]}<\/script>\n<!-- \/ Yoast SEO plugin. -->","yoast_head_json":{"title":"Ricoh TM-1 - Novak Market","robots":{"index":"index","follow":"follow","max-snippet":"max-snippet:-1","max-image-preview":"max-image-preview:large","max-video-preview":"max-video-preview:-1"},"canonical":"https:\/\/novakmarket.com\/de\/produkt\/ricoh-tm-1\/","og_locale":"de_DE","og_type":"article","og_title":"Ricoh TM-1 - Novak Market","og_description":"D\u00e9couvrez le tr\u00e9pied pour cam\u00e9ra THETA Ricoh TM-1, pour apporter de la stabilit\u00e9 \u00e0 votre cam\u00e9ra et de l&#8217;originalit\u00e9 dans vos prises. Appr\u00e9ciez la longueur ajustable de 70 \u00e0 170","og_url":"https:\/\/novakmarket.com\/de\/produkt\/ricoh-tm-1\/","og_site_name":"Novak Market","article_modified_time":"2021-11-29T19:24:47+00:00","og_image":[{"width":550,"height":550,"url":"https:\/\/novakmarket.com\/wp-content\/uploads\/2021\/11\/4-2.jpg","type":"image\/jpeg"}],"twitter_card":"summary_large_image","schema":{"@context":"https:\/\/schema.org","@graph":[{"@type":"WebPage","@id":"https:\/\/novakmarket.com\/produit\/ricoh-tm-1\/","url":"https:\/\/novakmarket.com\/produit\/ricoh-tm-1\/","name":"Ricoh TM-1 - Novak Market","isPartOf":{"@id":"https:\/\/novakmarket.com\/#website"},"primaryImageOfPage":{"@id":"https:\/\/novakmarket.com\/produit\/ricoh-tm-1\/#primaryimage"},"image":{"@id":"https:\/\/novakmarket.com\/produit\/ricoh-tm-1\/#primaryimage"},"thumbnailUrl":"https:\/\/novakmarket.com\/wp-content\/uploads\/2021\/11\/4-2.jpg","datePublished":"2021-11-29T19:24:38+00:00","dateModified":"2021-11-29T19:24:47+00:00","breadcrumb":{"@id":"https:\/\/novakmarket.com\/produit\/ricoh-tm-1\/#breadcrumb"},"inLanguage":"de","potentialAction":[{"@type":"ReadAction","target":["https:\/\/novakmarket.com\/produit\/ricoh-tm-1\/"]}]},{"@type":"ImageObject","inLanguage":"de","@id":"https:\/\/novakmarket.com\/produit\/ricoh-tm-1\/#primaryimage","url":"https:\/\/novakmarket.com\/wp-content\/uploads\/2021\/11\/4-2.jpg","contentUrl":"https:\/\/novakmarket.com\/wp-content\/uploads\/2021\/11\/4-2.jpg","width":550,"height":550},{"@type":"BreadcrumbList","@id":"https:\/\/novakmarket.com\/produit\/ricoh-tm-1\/#breadcrumb","itemListElement":[{"@type":"ListItem","position":1,"name":"Accueil","item":"https:\/\/novakmarket.com\/"},{"@type":"ListItem","position":2,"name":"Boutique","item":"https:\/\/novakmarket.com\/shop\/"},{"@type":"ListItem","position":3,"name":"Ricoh TM-1"}]},{"@type":"WebSite","@id":"https:\/\/novakmarket.com\/#website","url":"https:\/\/novakmarket.com\/","name":"Novak Market","description":"Vente de produits \u00e9lectroniques.","publisher":{"@id":"https:\/\/novakmarket.com\/#organization"},"potentialAction":[{"@type":"SearchAction","target":{"@type":"EntryPoint","urlTemplate":"https:\/\/novakmarket.com\/?s={search_term_string}"},"query-input":{"@type":"PropertyValueSpecification","valueRequired":true,"valueName":"search_term_string"}}],"inLanguage":"de"},{"@type":"Organization","@id":"https:\/\/novakmarket.com\/#organization","name":"Novak Market","url":"https:\/\/novakmarket.com\/","logo":{"@type":"ImageObject","inLanguage":"de","@id":"https:\/\/novakmarket.com\/#\/schema\/logo\/image\/","url":"https:\/\/novakmarket.com\/wp-content\/uploads\/2026\/02\/cropped-footer-pc-removebg-preview.png","contentUrl":"https:\/\/novakmarket.com\/wp-content\/uploads\/2026\/02\/cropped-footer-pc-removebg-preview.png","width":202,"height":73,"caption":"Novak Market"},"image":{"@id":"https:\/\/novakmarket.com\/#\/schema\/logo\/image\/"}}]}},"_links":{"self":[{"href":"https:\/\/novakmarket.com\/de\/wp-json\/wp\/v2\/product\/6929","targetHints":{"allow":["GET"]}}],"collection":[{"href":"https:\/\/novakmarket.com\/de\/wp-json\/wp\/v2\/product"}],"about":[{"href":"https:\/\/novakmarket.com\/de\/wp-json\/wp\/v2\/types\/product"}],"replies":[{"embeddable":true,"href":"https:\/\/novakmarket.com\/de\/wp-json\/wp\/v2\/comments?post=6929"}],"wp:featuredmedia":[{"embeddable":true,"href":"https:\/\/novakmarket.com\/de\/wp-json\/wp\/v2\/media\/6958"}],"wp:attachment":[{"href":"https:\/\/novakmarket.com\/de\/wp-json\/wp\/v2\/media?parent=6929"}],"wp:term":[{"taxonomy":"product_brand","embeddable":true,"href":"https:\/\/novakmarket.com\/de\/wp-json\/wp\/v2\/product_brand?post=6929"},{"taxonomy":"product_cat","embeddable":true,"href":"https:\/\/novakmarket.com\/de\/wp-json\/wp\/v2\/product_cat?post=6929"},{"taxonomy":"product_tag","embeddable":true,"href":"https:\/\/novakmarket.com\/de\/wp-json\/wp\/v2\/product_tag?post=6929"}],"curies":[{"name":"wp","href":"https:\/\/api.w.org\/{rel}","templated":true}]}}