{"id":7519,"date":"2021-11-29T20:28:31","date_gmt":"2021-11-29T19:28:31","guid":{"rendered":"https:\/\/bestymarketshop.com\/?post_type=product&#038;p=7519"},"modified":"2021-12-01T11:58:38","modified_gmt":"2021-12-01T10:58:38","slug":"tapis-de-course-symbioz-konect","status":"publish","type":"product","link":"https:\/\/novakmarket.com\/de\/produkt\/tapis-de-course-symbioz-konect\/","title":{"rendered":"Tapis de Course Symbioz Konect"},"content":{"rendered":"<figure class=\"df-card__image\"><img decoding=\"async\" src=\"https:\/\/media.fitnessboutique.fr\/product_images\/HEU02807\/HEU02807_principale_m.jpg\" alt=\"Tapis de Course Symbioz Konect HEUBOZEN\" \/><\/figure>\n<div class=\"df-card__content\">\n<div class=\"df-card__title\">Tapis de Course Symbioz Konect HEUBOZEN<\/div>\n<div class=\"df-card__description\">Ecran tactile HD couleur connect\u00e9 de 39.6 cm , avec de nombreuses applications : Netflix, Youtube, Spotify, Instagram, Twitter, Facebook, Chrome, fonctions d&#8217;utilisation en Fran\u00e7ais, tr\u00e8s grande surface de course de 52 x 152 cm, moteur semi-professionnel AC de 4.5 CV en pic , jusqu&#8217;\u00e0 22 km\/h , inclinaison jusqu&#8217;\u00e0 15 %, prise de pulsations cardiaques par capteurs tactiles, pliable , port USB pour recharger vos tablettes ou t\u00e9l\u00e9phones, port audio.<\/div>\n<div class=\"df-card__pricing\"><\/div>\n<\/div>","protected":false},"excerpt":{"rendered":"<p>Tapis de Course Symbioz Konect HEUBOZEN Ecran tactile HD couleur connect\u00e9 de 39.6 cm , avec de nombreuses applications : Netflix, Youtube, Spotify, Instagram, Twitter, Facebook, Chrome, fonctions d&#8217;utilisation en<\/p>","protected":false},"featured_media":7548,"comment_status":"open","ping_status":"closed","template":"","meta":{"_acf_changed":false},"product_brand":[],"product_cat":[314],"product_tag":[],"class_list":{"0":"post-7519","1":"product","2":"type-product","3":"status-publish","4":"has-post-thumbnail","6":"product_cat-tapis-de-course","8":"first","9":"instock","10":"shipping-taxable","11":"purchasable","12":"product-type-simple"},"acf":[],"yoast_head":"<!-- This site is optimized with the Yoast SEO plugin v27.2 - https:\/\/yoast.com\/product\/yoast-seo-wordpress\/ -->\n<title>Tapis de Course Symbioz Konect - Novak Market<\/title>\n<meta name=\"robots\" content=\"index, follow, max-snippet:-1, max-image-preview:large, max-video-preview:-1\" \/>\n<link rel=\"canonical\" href=\"https:\/\/novakmarket.com\/de\/produkt\/tapis-de-course-symbioz-konect\/\" \/>\n<meta property=\"og:locale\" content=\"de_DE\" \/>\n<meta property=\"og:type\" content=\"article\" \/>\n<meta property=\"og:title\" content=\"Tapis de Course Symbioz Konect - Novak Market\" \/>\n<meta property=\"og:description\" content=\"Tapis de Course Symbioz Konect HEUBOZEN Ecran tactile HD couleur connect\u00e9 de 39.6 cm , avec de nombreuses applications : Netflix, Youtube, Spotify, Instagram, Twitter, Facebook, Chrome, fonctions d&#8217;utilisation en\" \/>\n<meta property=\"og:url\" content=\"https:\/\/novakmarket.com\/de\/produkt\/tapis-de-course-symbioz-konect\/\" \/>\n<meta property=\"og:site_name\" content=\"Novak Market\" \/>\n<meta property=\"article:modified_time\" content=\"2021-12-01T10:58:38+00:00\" \/>\n<meta property=\"og:image\" content=\"https:\/\/novakmarket.com\/wp-content\/uploads\/2021\/11\/6-24.jpg\" \/>\n\t<meta property=\"og:image:width\" content=\"500\" \/>\n\t<meta property=\"og:image:height\" content=\"500\" \/>\n\t<meta property=\"og:image:type\" content=\"image\/jpeg\" \/>\n<meta name=\"twitter:card\" content=\"summary_large_image\" \/>\n<script type=\"application\/ld+json\" class=\"yoast-schema-graph\">{\"@context\":\"https:\/\/schema.org\",\"@graph\":[{\"@type\":\"WebPage\",\"@id\":\"https:\/\/novakmarket.com\/produit\/tapis-de-course-symbioz-konect\/\",\"url\":\"https:\/\/novakmarket.com\/produit\/tapis-de-course-symbioz-konect\/\",\"name\":\"Tapis de Course Symbioz Konect - Novak Market\",\"isPartOf\":{\"@id\":\"https:\/\/novakmarket.com\/#website\"},\"primaryImageOfPage\":{\"@id\":\"https:\/\/novakmarket.com\/produit\/tapis-de-course-symbioz-konect\/#primaryimage\"},\"image\":{\"@id\":\"https:\/\/novakmarket.com\/produit\/tapis-de-course-symbioz-konect\/#primaryimage\"},\"thumbnailUrl\":\"https:\/\/novakmarket.com\/wp-content\/uploads\/2021\/11\/6-24.jpg\",\"datePublished\":\"2021-11-29T19:28:31+00:00\",\"dateModified\":\"2021-12-01T10:58:38+00:00\",\"breadcrumb\":{\"@id\":\"https:\/\/novakmarket.com\/produit\/tapis-de-course-symbioz-konect\/#breadcrumb\"},\"inLanguage\":\"de\",\"potentialAction\":[{\"@type\":\"ReadAction\",\"target\":[\"https:\/\/novakmarket.com\/produit\/tapis-de-course-symbioz-konect\/\"]}]},{\"@type\":\"ImageObject\",\"inLanguage\":\"de\",\"@id\":\"https:\/\/novakmarket.com\/produit\/tapis-de-course-symbioz-konect\/#primaryimage\",\"url\":\"https:\/\/novakmarket.com\/wp-content\/uploads\/2021\/11\/6-24.jpg\",\"contentUrl\":\"https:\/\/novakmarket.com\/wp-content\/uploads\/2021\/11\/6-24.jpg\",\"width\":500,\"height\":500},{\"@type\":\"BreadcrumbList\",\"@id\":\"https:\/\/novakmarket.com\/produit\/tapis-de-course-symbioz-konect\/#breadcrumb\",\"itemListElement\":[{\"@type\":\"ListItem\",\"position\":1,\"name\":\"Accueil\",\"item\":\"https:\/\/novakmarket.com\/\"},{\"@type\":\"ListItem\",\"position\":2,\"name\":\"Boutique\",\"item\":\"https:\/\/novakmarket.com\/shop\/\"},{\"@type\":\"ListItem\",\"position\":3,\"name\":\"Tapis de Course Symbioz Konect\"}]},{\"@type\":\"WebSite\",\"@id\":\"https:\/\/novakmarket.com\/#website\",\"url\":\"https:\/\/novakmarket.com\/\",\"name\":\"Novak Market\",\"description\":\"Vente de produits \u00e9lectroniques.\",\"publisher\":{\"@id\":\"https:\/\/novakmarket.com\/#organization\"},\"potentialAction\":[{\"@type\":\"SearchAction\",\"target\":{\"@type\":\"EntryPoint\",\"urlTemplate\":\"https:\/\/novakmarket.com\/?s={search_term_string}\"},\"query-input\":{\"@type\":\"PropertyValueSpecification\",\"valueRequired\":true,\"valueName\":\"search_term_string\"}}],\"inLanguage\":\"de\"},{\"@type\":\"Organization\",\"@id\":\"https:\/\/novakmarket.com\/#organization\",\"name\":\"Novak Market\",\"url\":\"https:\/\/novakmarket.com\/\",\"logo\":{\"@type\":\"ImageObject\",\"inLanguage\":\"de\",\"@id\":\"https:\/\/novakmarket.com\/#\/schema\/logo\/image\/\",\"url\":\"https:\/\/novakmarket.com\/wp-content\/uploads\/2026\/02\/cropped-footer-pc-removebg-preview.png\",\"contentUrl\":\"https:\/\/novakmarket.com\/wp-content\/uploads\/2026\/02\/cropped-footer-pc-removebg-preview.png\",\"width\":202,\"height\":73,\"caption\":\"Novak Market\"},\"image\":{\"@id\":\"https:\/\/novakmarket.com\/#\/schema\/logo\/image\/\"}}]}<\/script>\n<!-- \/ Yoast SEO plugin. -->","yoast_head_json":{"title":"Tapis de Course Symbioz Konect - Novak Market","robots":{"index":"index","follow":"follow","max-snippet":"max-snippet:-1","max-image-preview":"max-image-preview:large","max-video-preview":"max-video-preview:-1"},"canonical":"https:\/\/novakmarket.com\/de\/produkt\/tapis-de-course-symbioz-konect\/","og_locale":"de_DE","og_type":"article","og_title":"Tapis de Course Symbioz Konect - Novak Market","og_description":"Tapis de Course Symbioz Konect HEUBOZEN Ecran tactile HD couleur connect\u00e9 de 39.6 cm , avec de nombreuses applications : Netflix, Youtube, Spotify, Instagram, Twitter, Facebook, Chrome, fonctions d&#8217;utilisation en","og_url":"https:\/\/novakmarket.com\/de\/produkt\/tapis-de-course-symbioz-konect\/","og_site_name":"Novak Market","article_modified_time":"2021-12-01T10:58:38+00:00","og_image":[{"width":500,"height":500,"url":"https:\/\/novakmarket.com\/wp-content\/uploads\/2021\/11\/6-24.jpg","type":"image\/jpeg"}],"twitter_card":"summary_large_image","schema":{"@context":"https:\/\/schema.org","@graph":[{"@type":"WebPage","@id":"https:\/\/novakmarket.com\/produit\/tapis-de-course-symbioz-konect\/","url":"https:\/\/novakmarket.com\/produit\/tapis-de-course-symbioz-konect\/","name":"Tapis de Course Symbioz Konect - Novak Market","isPartOf":{"@id":"https:\/\/novakmarket.com\/#website"},"primaryImageOfPage":{"@id":"https:\/\/novakmarket.com\/produit\/tapis-de-course-symbioz-konect\/#primaryimage"},"image":{"@id":"https:\/\/novakmarket.com\/produit\/tapis-de-course-symbioz-konect\/#primaryimage"},"thumbnailUrl":"https:\/\/novakmarket.com\/wp-content\/uploads\/2021\/11\/6-24.jpg","datePublished":"2021-11-29T19:28:31+00:00","dateModified":"2021-12-01T10:58:38+00:00","breadcrumb":{"@id":"https:\/\/novakmarket.com\/produit\/tapis-de-course-symbioz-konect\/#breadcrumb"},"inLanguage":"de","potentialAction":[{"@type":"ReadAction","target":["https:\/\/novakmarket.com\/produit\/tapis-de-course-symbioz-konect\/"]}]},{"@type":"ImageObject","inLanguage":"de","@id":"https:\/\/novakmarket.com\/produit\/tapis-de-course-symbioz-konect\/#primaryimage","url":"https:\/\/novakmarket.com\/wp-content\/uploads\/2021\/11\/6-24.jpg","contentUrl":"https:\/\/novakmarket.com\/wp-content\/uploads\/2021\/11\/6-24.jpg","width":500,"height":500},{"@type":"BreadcrumbList","@id":"https:\/\/novakmarket.com\/produit\/tapis-de-course-symbioz-konect\/#breadcrumb","itemListElement":[{"@type":"ListItem","position":1,"name":"Accueil","item":"https:\/\/novakmarket.com\/"},{"@type":"ListItem","position":2,"name":"Boutique","item":"https:\/\/novakmarket.com\/shop\/"},{"@type":"ListItem","position":3,"name":"Tapis de Course Symbioz Konect"}]},{"@type":"WebSite","@id":"https:\/\/novakmarket.com\/#website","url":"https:\/\/novakmarket.com\/","name":"Novak Market","description":"Vente de produits \u00e9lectroniques.","publisher":{"@id":"https:\/\/novakmarket.com\/#organization"},"potentialAction":[{"@type":"SearchAction","target":{"@type":"EntryPoint","urlTemplate":"https:\/\/novakmarket.com\/?s={search_term_string}"},"query-input":{"@type":"PropertyValueSpecification","valueRequired":true,"valueName":"search_term_string"}}],"inLanguage":"de"},{"@type":"Organization","@id":"https:\/\/novakmarket.com\/#organization","name":"Novak Market","url":"https:\/\/novakmarket.com\/","logo":{"@type":"ImageObject","inLanguage":"de","@id":"https:\/\/novakmarket.com\/#\/schema\/logo\/image\/","url":"https:\/\/novakmarket.com\/wp-content\/uploads\/2026\/02\/cropped-footer-pc-removebg-preview.png","contentUrl":"https:\/\/novakmarket.com\/wp-content\/uploads\/2026\/02\/cropped-footer-pc-removebg-preview.png","width":202,"height":73,"caption":"Novak Market"},"image":{"@id":"https:\/\/novakmarket.com\/#\/schema\/logo\/image\/"}}]}},"_links":{"self":[{"href":"https:\/\/novakmarket.com\/de\/wp-json\/wp\/v2\/product\/7519","targetHints":{"allow":["GET"]}}],"collection":[{"href":"https:\/\/novakmarket.com\/de\/wp-json\/wp\/v2\/product"}],"about":[{"href":"https:\/\/novakmarket.com\/de\/wp-json\/wp\/v2\/types\/product"}],"replies":[{"embeddable":true,"href":"https:\/\/novakmarket.com\/de\/wp-json\/wp\/v2\/comments?post=7519"}],"wp:featuredmedia":[{"embeddable":true,"href":"https:\/\/novakmarket.com\/de\/wp-json\/wp\/v2\/media\/7548"}],"wp:attachment":[{"href":"https:\/\/novakmarket.com\/de\/wp-json\/wp\/v2\/media?parent=7519"}],"wp:term":[{"taxonomy":"product_brand","embeddable":true,"href":"https:\/\/novakmarket.com\/de\/wp-json\/wp\/v2\/product_brand?post=7519"},{"taxonomy":"product_cat","embeddable":true,"href":"https:\/\/novakmarket.com\/de\/wp-json\/wp\/v2\/product_cat?post=7519"},{"taxonomy":"product_tag","embeddable":true,"href":"https:\/\/novakmarket.com\/de\/wp-json\/wp\/v2\/product_tag?post=7519"}],"curies":[{"name":"wp","href":"https:\/\/api.w.org\/{rel}","templated":true}]}}