{"id":7574,"date":"2021-11-29T20:28:47","date_gmt":"2021-11-29T19:28:47","guid":{"rendered":"https:\/\/bestymarketshop.com\/?post_type=product&#038;p=7574"},"modified":"2021-12-01T13:11:33","modified_gmt":"2021-12-01T12:11:33","slug":"trek-madone-sl-6-28","status":"publish","type":"product","link":"https:\/\/novakmarket.com\/de\/produkt\/trek-madone-sl-6-28\/","title":{"rendered":"Trek\u00a0Madone SL 6 28"},"content":{"rendered":"<div class=\"prod_curtain active\">\n<div id=\"tile_variation_preview\"><\/div>\n<\/div>\n<div class=\"cat_prod_overlays\"><\/div>\n<div class=\"prod_img_wrapper\"><img decoding=\"async\" title=\"Trek Madone SL 6 28&quot; v\u00e9lo de course v\u00e9lo Gr. roueioactive rouge\/trek noir Mod. 2021\" src=\"https:\/\/cdn.hibike.com\/image\/product\/RRD\/RRD_Tk0MSL6D_50-ro-sw-is.jpg\" alt=\"Trek Madone SL 6 28&quot; v\u00e9lo de course v\u00e9lo Gr. roueioactive rouge\/trek noir Mod. 2021\" width=\"222.3\" height=\"123.5\" align=\"middle\" \/><\/div>\n<div><\/div>\n<div><\/div>\n<div class=\"cat_prod_groupID\">V\u00e9los route <span class=\"new_cat_prod_name_tile\"><span class=\"prod_tile_brand_visible\">Trek<\/span>\u00a0Madone SL 6 28&#8243; v\u00e9lo de course v\u00e9lo Gr. roueioactive rouge\/trek noir Mod. 2021<\/span><\/div>\n<div class=\"margin_top_std hint_light mobile_hide\" data-resourceid=\"MB_532068\">1 v\u00e9lo complet de v\u00e9lo de route Trek Madone SL 6 Disc 28 &#8220;(voir la description de l&#8217;article pour plus de d\u00e9tails);<\/div>\n<div id=\"new_price_outer\" class=\"clearfix\">\n<div class=\"new_cat_prod_price\"><\/div>\n<\/div>","protected":false},"excerpt":{"rendered":"<p>V\u00e9los route Trek\u00a0Madone SL 6 28&#8243; v\u00e9lo de course v\u00e9lo Gr. roueioactive rouge\/trek noir Mod. 2021 1 v\u00e9lo complet de v\u00e9lo de route Trek Madone SL 6 Disc 28 &#8220;(voir<\/p>","protected":false},"featured_media":7604,"comment_status":"open","ping_status":"closed","template":"","meta":{"_acf_changed":false},"product_brand":[],"product_cat":[315],"product_tag":[],"class_list":{"0":"post-7574","1":"product","2":"type-product","3":"status-publish","4":"has-post-thumbnail","6":"product_cat-velo-de-course","8":"first","9":"instock","10":"shipping-taxable","11":"purchasable","12":"product-type-simple"},"acf":[],"yoast_head":"<!-- This site is optimized with the Yoast SEO plugin v27.2 - https:\/\/yoast.com\/product\/yoast-seo-wordpress\/ -->\n<title>Trek\u00a0Madone SL 6 28 - Novak Market<\/title>\n<meta name=\"robots\" content=\"index, follow, max-snippet:-1, max-image-preview:large, max-video-preview:-1\" \/>\n<link rel=\"canonical\" href=\"https:\/\/novakmarket.com\/de\/produkt\/trek-madone-sl-6-28\/\" \/>\n<meta property=\"og:locale\" content=\"de_DE\" \/>\n<meta property=\"og:type\" content=\"article\" \/>\n<meta property=\"og:title\" content=\"Trek\u00a0Madone SL 6 28 - Novak Market\" \/>\n<meta property=\"og:description\" content=\"V\u00e9los route Trek\u00a0Madone SL 6 28&#8243; v\u00e9lo de course v\u00e9lo Gr. roueioactive rouge\/trek noir Mod. 2021 1 v\u00e9lo complet de v\u00e9lo de route Trek Madone SL 6 Disc 28 &#8220;(voir\" \/>\n<meta property=\"og:url\" content=\"https:\/\/novakmarket.com\/de\/produkt\/trek-madone-sl-6-28\/\" \/>\n<meta property=\"og:site_name\" content=\"Novak Market\" \/>\n<meta property=\"article:modified_time\" content=\"2021-12-01T12:11:33+00:00\" \/>\n<meta property=\"og:image\" content=\"https:\/\/novakmarket.com\/wp-content\/uploads\/2021\/11\/1-25.jpg\" \/>\n\t<meta property=\"og:image:width\" content=\"1024\" \/>\n\t<meta property=\"og:image:height\" content=\"570\" \/>\n\t<meta property=\"og:image:type\" content=\"image\/jpeg\" \/>\n<meta name=\"twitter:card\" content=\"summary_large_image\" \/>\n<script type=\"application\/ld+json\" class=\"yoast-schema-graph\">{\"@context\":\"https:\/\/schema.org\",\"@graph\":[{\"@type\":\"WebPage\",\"@id\":\"https:\/\/novakmarket.com\/produit\/trek-madone-sl-6-28\/\",\"url\":\"https:\/\/novakmarket.com\/produit\/trek-madone-sl-6-28\/\",\"name\":\"Trek\u00a0Madone SL 6 28 - Novak Market\",\"isPartOf\":{\"@id\":\"https:\/\/novakmarket.com\/#website\"},\"primaryImageOfPage\":{\"@id\":\"https:\/\/novakmarket.com\/produit\/trek-madone-sl-6-28\/#primaryimage\"},\"image\":{\"@id\":\"https:\/\/novakmarket.com\/produit\/trek-madone-sl-6-28\/#primaryimage\"},\"thumbnailUrl\":\"https:\/\/novakmarket.com\/wp-content\/uploads\/2021\/11\/1-25.jpg\",\"datePublished\":\"2021-11-29T19:28:47+00:00\",\"dateModified\":\"2021-12-01T12:11:33+00:00\",\"breadcrumb\":{\"@id\":\"https:\/\/novakmarket.com\/produit\/trek-madone-sl-6-28\/#breadcrumb\"},\"inLanguage\":\"de\",\"potentialAction\":[{\"@type\":\"ReadAction\",\"target\":[\"https:\/\/novakmarket.com\/produit\/trek-madone-sl-6-28\/\"]}]},{\"@type\":\"ImageObject\",\"inLanguage\":\"de\",\"@id\":\"https:\/\/novakmarket.com\/produit\/trek-madone-sl-6-28\/#primaryimage\",\"url\":\"https:\/\/novakmarket.com\/wp-content\/uploads\/2021\/11\/1-25.jpg\",\"contentUrl\":\"https:\/\/novakmarket.com\/wp-content\/uploads\/2021\/11\/1-25.jpg\",\"width\":1024,\"height\":570},{\"@type\":\"BreadcrumbList\",\"@id\":\"https:\/\/novakmarket.com\/produit\/trek-madone-sl-6-28\/#breadcrumb\",\"itemListElement\":[{\"@type\":\"ListItem\",\"position\":1,\"name\":\"Accueil\",\"item\":\"https:\/\/novakmarket.com\/\"},{\"@type\":\"ListItem\",\"position\":2,\"name\":\"Boutique\",\"item\":\"https:\/\/novakmarket.com\/shop\/\"},{\"@type\":\"ListItem\",\"position\":3,\"name\":\"Trek\u00a0Madone SL 6 28\"}]},{\"@type\":\"WebSite\",\"@id\":\"https:\/\/novakmarket.com\/#website\",\"url\":\"https:\/\/novakmarket.com\/\",\"name\":\"Novak Market\",\"description\":\"Vente de produits \u00e9lectroniques.\",\"publisher\":{\"@id\":\"https:\/\/novakmarket.com\/#organization\"},\"potentialAction\":[{\"@type\":\"SearchAction\",\"target\":{\"@type\":\"EntryPoint\",\"urlTemplate\":\"https:\/\/novakmarket.com\/?s={search_term_string}\"},\"query-input\":{\"@type\":\"PropertyValueSpecification\",\"valueRequired\":true,\"valueName\":\"search_term_string\"}}],\"inLanguage\":\"de\"},{\"@type\":\"Organization\",\"@id\":\"https:\/\/novakmarket.com\/#organization\",\"name\":\"Novak Market\",\"url\":\"https:\/\/novakmarket.com\/\",\"logo\":{\"@type\":\"ImageObject\",\"inLanguage\":\"de\",\"@id\":\"https:\/\/novakmarket.com\/#\/schema\/logo\/image\/\",\"url\":\"https:\/\/novakmarket.com\/wp-content\/uploads\/2026\/02\/cropped-footer-pc-removebg-preview.png\",\"contentUrl\":\"https:\/\/novakmarket.com\/wp-content\/uploads\/2026\/02\/cropped-footer-pc-removebg-preview.png\",\"width\":202,\"height\":73,\"caption\":\"Novak Market\"},\"image\":{\"@id\":\"https:\/\/novakmarket.com\/#\/schema\/logo\/image\/\"}}]}<\/script>\n<!-- \/ Yoast SEO plugin. -->","yoast_head_json":{"title":"Trek\u00a0Madone SL 6 28 - Novak Market","robots":{"index":"index","follow":"follow","max-snippet":"max-snippet:-1","max-image-preview":"max-image-preview:large","max-video-preview":"max-video-preview:-1"},"canonical":"https:\/\/novakmarket.com\/de\/produkt\/trek-madone-sl-6-28\/","og_locale":"de_DE","og_type":"article","og_title":"Trek\u00a0Madone SL 6 28 - Novak Market","og_description":"V\u00e9los route Trek\u00a0Madone SL 6 28&#8243; v\u00e9lo de course v\u00e9lo Gr. roueioactive rouge\/trek noir Mod. 2021 1 v\u00e9lo complet de v\u00e9lo de route Trek Madone SL 6 Disc 28 &#8220;(voir","og_url":"https:\/\/novakmarket.com\/de\/produkt\/trek-madone-sl-6-28\/","og_site_name":"Novak Market","article_modified_time":"2021-12-01T12:11:33+00:00","og_image":[{"width":1024,"height":570,"url":"https:\/\/novakmarket.com\/wp-content\/uploads\/2021\/11\/1-25.jpg","type":"image\/jpeg"}],"twitter_card":"summary_large_image","schema":{"@context":"https:\/\/schema.org","@graph":[{"@type":"WebPage","@id":"https:\/\/novakmarket.com\/produit\/trek-madone-sl-6-28\/","url":"https:\/\/novakmarket.com\/produit\/trek-madone-sl-6-28\/","name":"Trek\u00a0Madone SL 6 28 - Novak Market","isPartOf":{"@id":"https:\/\/novakmarket.com\/#website"},"primaryImageOfPage":{"@id":"https:\/\/novakmarket.com\/produit\/trek-madone-sl-6-28\/#primaryimage"},"image":{"@id":"https:\/\/novakmarket.com\/produit\/trek-madone-sl-6-28\/#primaryimage"},"thumbnailUrl":"https:\/\/novakmarket.com\/wp-content\/uploads\/2021\/11\/1-25.jpg","datePublished":"2021-11-29T19:28:47+00:00","dateModified":"2021-12-01T12:11:33+00:00","breadcrumb":{"@id":"https:\/\/novakmarket.com\/produit\/trek-madone-sl-6-28\/#breadcrumb"},"inLanguage":"de","potentialAction":[{"@type":"ReadAction","target":["https:\/\/novakmarket.com\/produit\/trek-madone-sl-6-28\/"]}]},{"@type":"ImageObject","inLanguage":"de","@id":"https:\/\/novakmarket.com\/produit\/trek-madone-sl-6-28\/#primaryimage","url":"https:\/\/novakmarket.com\/wp-content\/uploads\/2021\/11\/1-25.jpg","contentUrl":"https:\/\/novakmarket.com\/wp-content\/uploads\/2021\/11\/1-25.jpg","width":1024,"height":570},{"@type":"BreadcrumbList","@id":"https:\/\/novakmarket.com\/produit\/trek-madone-sl-6-28\/#breadcrumb","itemListElement":[{"@type":"ListItem","position":1,"name":"Accueil","item":"https:\/\/novakmarket.com\/"},{"@type":"ListItem","position":2,"name":"Boutique","item":"https:\/\/novakmarket.com\/shop\/"},{"@type":"ListItem","position":3,"name":"Trek\u00a0Madone SL 6 28"}]},{"@type":"WebSite","@id":"https:\/\/novakmarket.com\/#website","url":"https:\/\/novakmarket.com\/","name":"Novak Market","description":"Vente de produits \u00e9lectroniques.","publisher":{"@id":"https:\/\/novakmarket.com\/#organization"},"potentialAction":[{"@type":"SearchAction","target":{"@type":"EntryPoint","urlTemplate":"https:\/\/novakmarket.com\/?s={search_term_string}"},"query-input":{"@type":"PropertyValueSpecification","valueRequired":true,"valueName":"search_term_string"}}],"inLanguage":"de"},{"@type":"Organization","@id":"https:\/\/novakmarket.com\/#organization","name":"Novak Market","url":"https:\/\/novakmarket.com\/","logo":{"@type":"ImageObject","inLanguage":"de","@id":"https:\/\/novakmarket.com\/#\/schema\/logo\/image\/","url":"https:\/\/novakmarket.com\/wp-content\/uploads\/2026\/02\/cropped-footer-pc-removebg-preview.png","contentUrl":"https:\/\/novakmarket.com\/wp-content\/uploads\/2026\/02\/cropped-footer-pc-removebg-preview.png","width":202,"height":73,"caption":"Novak Market"},"image":{"@id":"https:\/\/novakmarket.com\/#\/schema\/logo\/image\/"}}]}},"_links":{"self":[{"href":"https:\/\/novakmarket.com\/de\/wp-json\/wp\/v2\/product\/7574","targetHints":{"allow":["GET"]}}],"collection":[{"href":"https:\/\/novakmarket.com\/de\/wp-json\/wp\/v2\/product"}],"about":[{"href":"https:\/\/novakmarket.com\/de\/wp-json\/wp\/v2\/types\/product"}],"replies":[{"embeddable":true,"href":"https:\/\/novakmarket.com\/de\/wp-json\/wp\/v2\/comments?post=7574"}],"wp:featuredmedia":[{"embeddable":true,"href":"https:\/\/novakmarket.com\/de\/wp-json\/wp\/v2\/media\/7604"}],"wp:attachment":[{"href":"https:\/\/novakmarket.com\/de\/wp-json\/wp\/v2\/media?parent=7574"}],"wp:term":[{"taxonomy":"product_brand","embeddable":true,"href":"https:\/\/novakmarket.com\/de\/wp-json\/wp\/v2\/product_brand?post=7574"},{"taxonomy":"product_cat","embeddable":true,"href":"https:\/\/novakmarket.com\/de\/wp-json\/wp\/v2\/product_cat?post=7574"},{"taxonomy":"product_tag","embeddable":true,"href":"https:\/\/novakmarket.com\/de\/wp-json\/wp\/v2\/product_tag?post=7574"}],"curies":[{"name":"wp","href":"https:\/\/api.w.org\/{rel}","templated":true}]}}