{"id":7690,"date":"2021-11-29T20:29:25","date_gmt":"2021-11-29T19:29:25","guid":{"rendered":"https:\/\/bestymarketshop.com\/?post_type=product&#038;p=7690"},"modified":"2026-03-24T21:10:08","modified_gmt":"2026-03-24T20:10:08","slug":"turbo-levo-sl-29-vtt","status":"publish","type":"product","link":"https:\/\/novakmarket.com\/de\/produkt\/turbo-levo-sl-29-vtt\/","title":{"rendered":"Turbo Levo SL 29&#8243; VTT"},"content":{"rendered":"<p><img loading=\"lazy\" decoding=\"async\" class=\"alignnone size-medium wp-image-15589\" src=\"https:\/\/megamarketshop.com\/wp-content\/uploads\/2021\/05\/21-3-300x167.jpg\" alt=\"\" width=\"300\" height=\"167\" \/><\/p>\n<h2 data-colname=\"de_headline1\">VOUS &#8230; SEULEMENT PLUS RAPIDE &#8230; ET ENDURANCE.<\/h2>\n<div data-colname=\"de_teaser\">\n<p>Le Levo SL est une nouvelle g\u00e9n\u00e9ration l\u00e9g\u00e8re de v\u00e9los de montagne \u00e9lectriques qui utilise la plate-forme rapide et polyvalente de notre Stumpjumper &#8230; et offre juste assez de puissance pour vivre une toute nouvelle conduite. Le Levo SL Expert Carbon est livr\u00e9 avec un cadre en carbone, une suspension FOX compl\u00e8te et une transmission SRAM GX \u00e0 12 vitesses.<\/p>\n<\/div>","protected":false},"excerpt":{"rendered":"<p>VOUS &#8230; SEULEMENT PLUS RAPIDE &#8230; ET ENDURANCE. Le Levo SL est une nouvelle g\u00e9n\u00e9ration l\u00e9g\u00e8re de v\u00e9los de montagne \u00e9lectriques qui utilise la plate-forme rapide et polyvalente de notre<\/p>","protected":false},"featured_media":7713,"comment_status":"open","ping_status":"closed","template":"","meta":{"_acf_changed":false},"product_brand":[],"product_cat":[317],"product_tag":[],"class_list":{"0":"post-7690","1":"product","2":"type-product","3":"status-publish","4":"has-post-thumbnail","6":"product_cat-vtt-electrique","8":"first","9":"instock","10":"sale","11":"shipping-taxable","12":"purchasable","13":"product-type-simple"},"acf":[],"yoast_head":"<!-- This site is optimized with the Yoast SEO plugin v27.2 - https:\/\/yoast.com\/product\/yoast-seo-wordpress\/ -->\n<title>Turbo Levo SL 29&quot; VTT - Novak Market<\/title>\n<meta name=\"robots\" content=\"index, follow, max-snippet:-1, max-image-preview:large, max-video-preview:-1\" \/>\n<link rel=\"canonical\" href=\"https:\/\/novakmarket.com\/de\/produkt\/turbo-levo-sl-29-vtt\/\" \/>\n<meta property=\"og:locale\" content=\"de_DE\" \/>\n<meta property=\"og:type\" content=\"article\" \/>\n<meta property=\"og:title\" content=\"Turbo Levo SL 29&quot; VTT - Novak Market\" \/>\n<meta property=\"og:description\" content=\"VOUS &#8230; SEULEMENT PLUS RAPIDE &#8230; ET ENDURANCE. Le Levo SL est une nouvelle g\u00e9n\u00e9ration l\u00e9g\u00e8re de v\u00e9los de montagne \u00e9lectriques qui utilise la plate-forme rapide et polyvalente de notre\" \/>\n<meta property=\"og:url\" content=\"https:\/\/novakmarket.com\/de\/produkt\/turbo-levo-sl-29-vtt\/\" \/>\n<meta property=\"og:site_name\" content=\"Novak Market\" \/>\n<meta property=\"article:modified_time\" content=\"2026-03-24T20:10:08+00:00\" \/>\n<meta property=\"og:image\" content=\"https:\/\/novakmarket.com\/wp-content\/uploads\/2021\/11\/21-3.jpg\" \/>\n\t<meta property=\"og:image:width\" content=\"1024\" \/>\n\t<meta property=\"og:image:height\" content=\"570\" \/>\n\t<meta property=\"og:image:type\" content=\"image\/jpeg\" \/>\n<meta name=\"twitter:card\" content=\"summary_large_image\" \/>\n<script type=\"application\/ld+json\" class=\"yoast-schema-graph\">{\"@context\":\"https:\/\/schema.org\",\"@graph\":[{\"@type\":\"WebPage\",\"@id\":\"https:\/\/novakmarket.com\/produit\/turbo-levo-sl-29-vtt\/\",\"url\":\"https:\/\/novakmarket.com\/produit\/turbo-levo-sl-29-vtt\/\",\"name\":\"Turbo Levo SL 29\\\" VTT - Novak Market\",\"isPartOf\":{\"@id\":\"https:\/\/novakmarket.com\/#website\"},\"primaryImageOfPage\":{\"@id\":\"https:\/\/novakmarket.com\/produit\/turbo-levo-sl-29-vtt\/#primaryimage\"},\"image\":{\"@id\":\"https:\/\/novakmarket.com\/produit\/turbo-levo-sl-29-vtt\/#primaryimage\"},\"thumbnailUrl\":\"https:\/\/novakmarket.com\/wp-content\/uploads\/2021\/11\/21-3.jpg\",\"datePublished\":\"2021-11-29T19:29:25+00:00\",\"dateModified\":\"2026-03-24T20:10:08+00:00\",\"breadcrumb\":{\"@id\":\"https:\/\/novakmarket.com\/produit\/turbo-levo-sl-29-vtt\/#breadcrumb\"},\"inLanguage\":\"de\",\"potentialAction\":[{\"@type\":\"ReadAction\",\"target\":[\"https:\/\/novakmarket.com\/produit\/turbo-levo-sl-29-vtt\/\"]}]},{\"@type\":\"ImageObject\",\"inLanguage\":\"de\",\"@id\":\"https:\/\/novakmarket.com\/produit\/turbo-levo-sl-29-vtt\/#primaryimage\",\"url\":\"https:\/\/novakmarket.com\/wp-content\/uploads\/2021\/11\/21-3.jpg\",\"contentUrl\":\"https:\/\/novakmarket.com\/wp-content\/uploads\/2021\/11\/21-3.jpg\",\"width\":1024,\"height\":570},{\"@type\":\"BreadcrumbList\",\"@id\":\"https:\/\/novakmarket.com\/produit\/turbo-levo-sl-29-vtt\/#breadcrumb\",\"itemListElement\":[{\"@type\":\"ListItem\",\"position\":1,\"name\":\"Accueil\",\"item\":\"https:\/\/novakmarket.com\/\"},{\"@type\":\"ListItem\",\"position\":2,\"name\":\"Boutique\",\"item\":\"https:\/\/novakmarket.com\/shop\/\"},{\"@type\":\"ListItem\",\"position\":3,\"name\":\"Turbo Levo SL 29&#8243; VTT\"}]},{\"@type\":\"WebSite\",\"@id\":\"https:\/\/novakmarket.com\/#website\",\"url\":\"https:\/\/novakmarket.com\/\",\"name\":\"Novak Market\",\"description\":\"Vente de produits \u00e9lectroniques.\",\"publisher\":{\"@id\":\"https:\/\/novakmarket.com\/#organization\"},\"potentialAction\":[{\"@type\":\"SearchAction\",\"target\":{\"@type\":\"EntryPoint\",\"urlTemplate\":\"https:\/\/novakmarket.com\/?s={search_term_string}\"},\"query-input\":{\"@type\":\"PropertyValueSpecification\",\"valueRequired\":true,\"valueName\":\"search_term_string\"}}],\"inLanguage\":\"de\"},{\"@type\":\"Organization\",\"@id\":\"https:\/\/novakmarket.com\/#organization\",\"name\":\"Novak Market\",\"url\":\"https:\/\/novakmarket.com\/\",\"logo\":{\"@type\":\"ImageObject\",\"inLanguage\":\"de\",\"@id\":\"https:\/\/novakmarket.com\/#\/schema\/logo\/image\/\",\"url\":\"https:\/\/novakmarket.com\/wp-content\/uploads\/2026\/02\/cropped-footer-pc-removebg-preview.png\",\"contentUrl\":\"https:\/\/novakmarket.com\/wp-content\/uploads\/2026\/02\/cropped-footer-pc-removebg-preview.png\",\"width\":202,\"height\":73,\"caption\":\"Novak Market\"},\"image\":{\"@id\":\"https:\/\/novakmarket.com\/#\/schema\/logo\/image\/\"}}]}<\/script>\n<!-- \/ Yoast SEO plugin. -->","yoast_head_json":{"title":"Turbo Levo SL 29\" VTT - Novak Market","robots":{"index":"index","follow":"follow","max-snippet":"max-snippet:-1","max-image-preview":"max-image-preview:large","max-video-preview":"max-video-preview:-1"},"canonical":"https:\/\/novakmarket.com\/de\/produkt\/turbo-levo-sl-29-vtt\/","og_locale":"de_DE","og_type":"article","og_title":"Turbo Levo SL 29\" VTT - Novak Market","og_description":"VOUS &#8230; SEULEMENT PLUS RAPIDE &#8230; ET ENDURANCE. Le Levo SL est une nouvelle g\u00e9n\u00e9ration l\u00e9g\u00e8re de v\u00e9los de montagne \u00e9lectriques qui utilise la plate-forme rapide et polyvalente de notre","og_url":"https:\/\/novakmarket.com\/de\/produkt\/turbo-levo-sl-29-vtt\/","og_site_name":"Novak Market","article_modified_time":"2026-03-24T20:10:08+00:00","og_image":[{"width":1024,"height":570,"url":"https:\/\/novakmarket.com\/wp-content\/uploads\/2021\/11\/21-3.jpg","type":"image\/jpeg"}],"twitter_card":"summary_large_image","schema":{"@context":"https:\/\/schema.org","@graph":[{"@type":"WebPage","@id":"https:\/\/novakmarket.com\/produit\/turbo-levo-sl-29-vtt\/","url":"https:\/\/novakmarket.com\/produit\/turbo-levo-sl-29-vtt\/","name":"Turbo Levo SL 29\" VTT - Novak Market","isPartOf":{"@id":"https:\/\/novakmarket.com\/#website"},"primaryImageOfPage":{"@id":"https:\/\/novakmarket.com\/produit\/turbo-levo-sl-29-vtt\/#primaryimage"},"image":{"@id":"https:\/\/novakmarket.com\/produit\/turbo-levo-sl-29-vtt\/#primaryimage"},"thumbnailUrl":"https:\/\/novakmarket.com\/wp-content\/uploads\/2021\/11\/21-3.jpg","datePublished":"2021-11-29T19:29:25+00:00","dateModified":"2026-03-24T20:10:08+00:00","breadcrumb":{"@id":"https:\/\/novakmarket.com\/produit\/turbo-levo-sl-29-vtt\/#breadcrumb"},"inLanguage":"de","potentialAction":[{"@type":"ReadAction","target":["https:\/\/novakmarket.com\/produit\/turbo-levo-sl-29-vtt\/"]}]},{"@type":"ImageObject","inLanguage":"de","@id":"https:\/\/novakmarket.com\/produit\/turbo-levo-sl-29-vtt\/#primaryimage","url":"https:\/\/novakmarket.com\/wp-content\/uploads\/2021\/11\/21-3.jpg","contentUrl":"https:\/\/novakmarket.com\/wp-content\/uploads\/2021\/11\/21-3.jpg","width":1024,"height":570},{"@type":"BreadcrumbList","@id":"https:\/\/novakmarket.com\/produit\/turbo-levo-sl-29-vtt\/#breadcrumb","itemListElement":[{"@type":"ListItem","position":1,"name":"Accueil","item":"https:\/\/novakmarket.com\/"},{"@type":"ListItem","position":2,"name":"Boutique","item":"https:\/\/novakmarket.com\/shop\/"},{"@type":"ListItem","position":3,"name":"Turbo Levo SL 29&#8243; VTT"}]},{"@type":"WebSite","@id":"https:\/\/novakmarket.com\/#website","url":"https:\/\/novakmarket.com\/","name":"Novak Market","description":"Vente de produits \u00e9lectroniques.","publisher":{"@id":"https:\/\/novakmarket.com\/#organization"},"potentialAction":[{"@type":"SearchAction","target":{"@type":"EntryPoint","urlTemplate":"https:\/\/novakmarket.com\/?s={search_term_string}"},"query-input":{"@type":"PropertyValueSpecification","valueRequired":true,"valueName":"search_term_string"}}],"inLanguage":"de"},{"@type":"Organization","@id":"https:\/\/novakmarket.com\/#organization","name":"Novak Market","url":"https:\/\/novakmarket.com\/","logo":{"@type":"ImageObject","inLanguage":"de","@id":"https:\/\/novakmarket.com\/#\/schema\/logo\/image\/","url":"https:\/\/novakmarket.com\/wp-content\/uploads\/2026\/02\/cropped-footer-pc-removebg-preview.png","contentUrl":"https:\/\/novakmarket.com\/wp-content\/uploads\/2026\/02\/cropped-footer-pc-removebg-preview.png","width":202,"height":73,"caption":"Novak Market"},"image":{"@id":"https:\/\/novakmarket.com\/#\/schema\/logo\/image\/"}}]}},"_links":{"self":[{"href":"https:\/\/novakmarket.com\/de\/wp-json\/wp\/v2\/product\/7690","targetHints":{"allow":["GET"]}}],"collection":[{"href":"https:\/\/novakmarket.com\/de\/wp-json\/wp\/v2\/product"}],"about":[{"href":"https:\/\/novakmarket.com\/de\/wp-json\/wp\/v2\/types\/product"}],"replies":[{"embeddable":true,"href":"https:\/\/novakmarket.com\/de\/wp-json\/wp\/v2\/comments?post=7690"}],"wp:featuredmedia":[{"embeddable":true,"href":"https:\/\/novakmarket.com\/de\/wp-json\/wp\/v2\/media\/7713"}],"wp:attachment":[{"href":"https:\/\/novakmarket.com\/de\/wp-json\/wp\/v2\/media?parent=7690"}],"wp:term":[{"taxonomy":"product_brand","embeddable":true,"href":"https:\/\/novakmarket.com\/de\/wp-json\/wp\/v2\/product_brand?post=7690"},{"taxonomy":"product_cat","embeddable":true,"href":"https:\/\/novakmarket.com\/de\/wp-json\/wp\/v2\/product_cat?post=7690"},{"taxonomy":"product_tag","embeddable":true,"href":"https:\/\/novakmarket.com\/de\/wp-json\/wp\/v2\/product_tag?post=7690"}],"curies":[{"name":"wp","href":"https:\/\/api.w.org\/{rel}","templated":true}]}}