{"id":7973,"date":"2021-11-29T20:31:08","date_gmt":"2021-11-29T19:31:08","guid":{"rendered":"https:\/\/bestymarketshop.com\/?post_type=product&#038;p=7973"},"modified":"2021-11-29T20:31:20","modified_gmt":"2021-11-29T19:31:20","slug":"hyundai-motopompe","status":"publish","type":"product","link":"https:\/\/novakmarket.com\/de\/produkt\/hyundai-motopompe\/","title":{"rendered":"HYUNDAI Motopompe"},"content":{"rendered":"<p><img loading=\"lazy\" decoding=\"async\" class=\"alignnone size-medium wp-image-15876\" src=\"https:\/\/megamarketshop.com\/wp-content\/uploads\/2021\/05\/6-38-300x300.jpg\" alt=\"\" width=\"300\" height=\"300\" \/><\/p>\n<p>&nbsp;<\/p>\n<p>Motopompe thermique 196 cc &#8211; Corps en aluminium &#8211; D\u00e9bit : 30 m3 \/ h &#8211; Hauteur d&#8217;aspiration max : 6 \u00e0 7 m &#8211; Hauteur de refoulement max : 26 m &#8211; Capacit\u00e9 de l&#8217;huile moteur : 0,6 L &#8211; Capacit\u00e9 du r\u00e9servoir : 3,6 L &#8211; Autonomie d&#8217;utilisation : 2,5 h &#8211; Connecteur : plastique.<\/p>","protected":false},"excerpt":{"rendered":"<p>&nbsp; Motopompe thermique 196 cc &#8211; Corps en aluminium &#8211; D\u00e9bit : 30 m3 \/ h &#8211; Hauteur d&#8217;aspiration max : 6 \u00e0 7 m &#8211; Hauteur de refoulement max<\/p>","protected":false},"featured_media":8003,"comment_status":"open","ping_status":"closed","template":"","meta":{"_acf_changed":false},"product_brand":[],"product_cat":[320],"product_tag":[],"class_list":{"0":"post-7973","1":"product","2":"type-product","3":"status-publish","4":"has-post-thumbnail","6":"product_cat-motopompe","8":"first","9":"instock","10":"shipping-taxable","11":"purchasable","12":"product-type-simple"},"acf":[],"yoast_head":"<!-- This site is optimized with the Yoast SEO plugin v27.2 - https:\/\/yoast.com\/product\/yoast-seo-wordpress\/ -->\n<title>HYUNDAI Motopompe - Novak Market<\/title>\n<meta name=\"robots\" content=\"index, follow, max-snippet:-1, max-image-preview:large, max-video-preview:-1\" \/>\n<link rel=\"canonical\" href=\"https:\/\/novakmarket.com\/de\/produkt\/hyundai-motopompe\/\" \/>\n<meta property=\"og:locale\" content=\"de_DE\" \/>\n<meta property=\"og:type\" content=\"article\" \/>\n<meta property=\"og:title\" content=\"HYUNDAI Motopompe - Novak Market\" \/>\n<meta property=\"og:description\" content=\"&nbsp; Motopompe thermique 196 cc &#8211; Corps en aluminium &#8211; D\u00e9bit : 30 m3 \/ h &#8211; Hauteur d&#8217;aspiration max : 6 \u00e0 7 m &#8211; Hauteur de refoulement max\" \/>\n<meta property=\"og:url\" content=\"https:\/\/novakmarket.com\/de\/produkt\/hyundai-motopompe\/\" \/>\n<meta property=\"og:site_name\" content=\"Novak Market\" \/>\n<meta property=\"article:modified_time\" content=\"2021-11-29T19:31:20+00:00\" \/>\n<meta property=\"og:image\" content=\"https:\/\/novakmarket.com\/wp-content\/uploads\/2021\/11\/6-38.jpg\" \/>\n\t<meta property=\"og:image:width\" content=\"700\" \/>\n\t<meta property=\"og:image:height\" content=\"700\" \/>\n\t<meta property=\"og:image:type\" content=\"image\/jpeg\" \/>\n<meta name=\"twitter:card\" content=\"summary_large_image\" \/>\n<script type=\"application\/ld+json\" class=\"yoast-schema-graph\">{\"@context\":\"https:\/\/schema.org\",\"@graph\":[{\"@type\":\"WebPage\",\"@id\":\"https:\/\/novakmarket.com\/produit\/hyundai-motopompe\/\",\"url\":\"https:\/\/novakmarket.com\/produit\/hyundai-motopompe\/\",\"name\":\"HYUNDAI Motopompe - Novak Market\",\"isPartOf\":{\"@id\":\"https:\/\/novakmarket.com\/#website\"},\"primaryImageOfPage\":{\"@id\":\"https:\/\/novakmarket.com\/produit\/hyundai-motopompe\/#primaryimage\"},\"image\":{\"@id\":\"https:\/\/novakmarket.com\/produit\/hyundai-motopompe\/#primaryimage\"},\"thumbnailUrl\":\"https:\/\/novakmarket.com\/wp-content\/uploads\/2021\/11\/6-38.jpg\",\"datePublished\":\"2021-11-29T19:31:08+00:00\",\"dateModified\":\"2021-11-29T19:31:20+00:00\",\"breadcrumb\":{\"@id\":\"https:\/\/novakmarket.com\/produit\/hyundai-motopompe\/#breadcrumb\"},\"inLanguage\":\"de\",\"potentialAction\":[{\"@type\":\"ReadAction\",\"target\":[\"https:\/\/novakmarket.com\/produit\/hyundai-motopompe\/\"]}]},{\"@type\":\"ImageObject\",\"inLanguage\":\"de\",\"@id\":\"https:\/\/novakmarket.com\/produit\/hyundai-motopompe\/#primaryimage\",\"url\":\"https:\/\/novakmarket.com\/wp-content\/uploads\/2021\/11\/6-38.jpg\",\"contentUrl\":\"https:\/\/novakmarket.com\/wp-content\/uploads\/2021\/11\/6-38.jpg\",\"width\":700,\"height\":700},{\"@type\":\"BreadcrumbList\",\"@id\":\"https:\/\/novakmarket.com\/produit\/hyundai-motopompe\/#breadcrumb\",\"itemListElement\":[{\"@type\":\"ListItem\",\"position\":1,\"name\":\"Accueil\",\"item\":\"https:\/\/novakmarket.com\/\"},{\"@type\":\"ListItem\",\"position\":2,\"name\":\"Boutique\",\"item\":\"https:\/\/novakmarket.com\/shop\/\"},{\"@type\":\"ListItem\",\"position\":3,\"name\":\"HYUNDAI Motopompe\"}]},{\"@type\":\"WebSite\",\"@id\":\"https:\/\/novakmarket.com\/#website\",\"url\":\"https:\/\/novakmarket.com\/\",\"name\":\"Novak Market\",\"description\":\"Vente de produits \u00e9lectroniques.\",\"publisher\":{\"@id\":\"https:\/\/novakmarket.com\/#organization\"},\"potentialAction\":[{\"@type\":\"SearchAction\",\"target\":{\"@type\":\"EntryPoint\",\"urlTemplate\":\"https:\/\/novakmarket.com\/?s={search_term_string}\"},\"query-input\":{\"@type\":\"PropertyValueSpecification\",\"valueRequired\":true,\"valueName\":\"search_term_string\"}}],\"inLanguage\":\"de\"},{\"@type\":\"Organization\",\"@id\":\"https:\/\/novakmarket.com\/#organization\",\"name\":\"Novak Market\",\"url\":\"https:\/\/novakmarket.com\/\",\"logo\":{\"@type\":\"ImageObject\",\"inLanguage\":\"de\",\"@id\":\"https:\/\/novakmarket.com\/#\/schema\/logo\/image\/\",\"url\":\"https:\/\/novakmarket.com\/wp-content\/uploads\/2026\/02\/cropped-footer-pc-removebg-preview.png\",\"contentUrl\":\"https:\/\/novakmarket.com\/wp-content\/uploads\/2026\/02\/cropped-footer-pc-removebg-preview.png\",\"width\":202,\"height\":73,\"caption\":\"Novak Market\"},\"image\":{\"@id\":\"https:\/\/novakmarket.com\/#\/schema\/logo\/image\/\"}}]}<\/script>\n<!-- \/ Yoast SEO plugin. -->","yoast_head_json":{"title":"HYUNDAI Motopompe - Novak Market","robots":{"index":"index","follow":"follow","max-snippet":"max-snippet:-1","max-image-preview":"max-image-preview:large","max-video-preview":"max-video-preview:-1"},"canonical":"https:\/\/novakmarket.com\/de\/produkt\/hyundai-motopompe\/","og_locale":"de_DE","og_type":"article","og_title":"HYUNDAI Motopompe - Novak Market","og_description":"&nbsp; Motopompe thermique 196 cc &#8211; Corps en aluminium &#8211; D\u00e9bit : 30 m3 \/ h &#8211; Hauteur d&#8217;aspiration max : 6 \u00e0 7 m &#8211; Hauteur de refoulement max","og_url":"https:\/\/novakmarket.com\/de\/produkt\/hyundai-motopompe\/","og_site_name":"Novak Market","article_modified_time":"2021-11-29T19:31:20+00:00","og_image":[{"width":700,"height":700,"url":"https:\/\/novakmarket.com\/wp-content\/uploads\/2021\/11\/6-38.jpg","type":"image\/jpeg"}],"twitter_card":"summary_large_image","schema":{"@context":"https:\/\/schema.org","@graph":[{"@type":"WebPage","@id":"https:\/\/novakmarket.com\/produit\/hyundai-motopompe\/","url":"https:\/\/novakmarket.com\/produit\/hyundai-motopompe\/","name":"HYUNDAI Motopompe - Novak Market","isPartOf":{"@id":"https:\/\/novakmarket.com\/#website"},"primaryImageOfPage":{"@id":"https:\/\/novakmarket.com\/produit\/hyundai-motopompe\/#primaryimage"},"image":{"@id":"https:\/\/novakmarket.com\/produit\/hyundai-motopompe\/#primaryimage"},"thumbnailUrl":"https:\/\/novakmarket.com\/wp-content\/uploads\/2021\/11\/6-38.jpg","datePublished":"2021-11-29T19:31:08+00:00","dateModified":"2021-11-29T19:31:20+00:00","breadcrumb":{"@id":"https:\/\/novakmarket.com\/produit\/hyundai-motopompe\/#breadcrumb"},"inLanguage":"de","potentialAction":[{"@type":"ReadAction","target":["https:\/\/novakmarket.com\/produit\/hyundai-motopompe\/"]}]},{"@type":"ImageObject","inLanguage":"de","@id":"https:\/\/novakmarket.com\/produit\/hyundai-motopompe\/#primaryimage","url":"https:\/\/novakmarket.com\/wp-content\/uploads\/2021\/11\/6-38.jpg","contentUrl":"https:\/\/novakmarket.com\/wp-content\/uploads\/2021\/11\/6-38.jpg","width":700,"height":700},{"@type":"BreadcrumbList","@id":"https:\/\/novakmarket.com\/produit\/hyundai-motopompe\/#breadcrumb","itemListElement":[{"@type":"ListItem","position":1,"name":"Accueil","item":"https:\/\/novakmarket.com\/"},{"@type":"ListItem","position":2,"name":"Boutique","item":"https:\/\/novakmarket.com\/shop\/"},{"@type":"ListItem","position":3,"name":"HYUNDAI Motopompe"}]},{"@type":"WebSite","@id":"https:\/\/novakmarket.com\/#website","url":"https:\/\/novakmarket.com\/","name":"Novak Market","description":"Vente de produits \u00e9lectroniques.","publisher":{"@id":"https:\/\/novakmarket.com\/#organization"},"potentialAction":[{"@type":"SearchAction","target":{"@type":"EntryPoint","urlTemplate":"https:\/\/novakmarket.com\/?s={search_term_string}"},"query-input":{"@type":"PropertyValueSpecification","valueRequired":true,"valueName":"search_term_string"}}],"inLanguage":"de"},{"@type":"Organization","@id":"https:\/\/novakmarket.com\/#organization","name":"Novak Market","url":"https:\/\/novakmarket.com\/","logo":{"@type":"ImageObject","inLanguage":"de","@id":"https:\/\/novakmarket.com\/#\/schema\/logo\/image\/","url":"https:\/\/novakmarket.com\/wp-content\/uploads\/2026\/02\/cropped-footer-pc-removebg-preview.png","contentUrl":"https:\/\/novakmarket.com\/wp-content\/uploads\/2026\/02\/cropped-footer-pc-removebg-preview.png","width":202,"height":73,"caption":"Novak Market"},"image":{"@id":"https:\/\/novakmarket.com\/#\/schema\/logo\/image\/"}}]}},"_links":{"self":[{"href":"https:\/\/novakmarket.com\/de\/wp-json\/wp\/v2\/product\/7973","targetHints":{"allow":["GET"]}}],"collection":[{"href":"https:\/\/novakmarket.com\/de\/wp-json\/wp\/v2\/product"}],"about":[{"href":"https:\/\/novakmarket.com\/de\/wp-json\/wp\/v2\/types\/product"}],"replies":[{"embeddable":true,"href":"https:\/\/novakmarket.com\/de\/wp-json\/wp\/v2\/comments?post=7973"}],"wp:featuredmedia":[{"embeddable":true,"href":"https:\/\/novakmarket.com\/de\/wp-json\/wp\/v2\/media\/8003"}],"wp:attachment":[{"href":"https:\/\/novakmarket.com\/de\/wp-json\/wp\/v2\/media?parent=7973"}],"wp:term":[{"taxonomy":"product_brand","embeddable":true,"href":"https:\/\/novakmarket.com\/de\/wp-json\/wp\/v2\/product_brand?post=7973"},{"taxonomy":"product_cat","embeddable":true,"href":"https:\/\/novakmarket.com\/de\/wp-json\/wp\/v2\/product_cat?post=7973"},{"taxonomy":"product_tag","embeddable":true,"href":"https:\/\/novakmarket.com\/de\/wp-json\/wp\/v2\/product_tag?post=7973"}],"curies":[{"name":"wp","href":"https:\/\/api.w.org\/{rel}","templated":true}]}}