{"id":5561,"date":"2021-11-29T19:29:40","date_gmt":"2021-11-29T18:29:40","guid":{"rendered":"https:\/\/bestymarketshop.com\/?post_type=product&#038;p=5561"},"modified":"2021-11-29T20:13:52","modified_gmt":"2021-11-29T19:13:52","slug":"table-a-manger-rectangulaire","status":"publish","type":"product","link":"https:\/\/novakmarket.com\/en\/product\/table-a-manger-rectangulaire\/","title":{"rendered":"Table \u00e0 Manger Rectangulaire"},"content":{"rendered":"<p><img loading=\"lazy\" decoding=\"async\" class=\"alignnone size-medium wp-image-7032\" src=\"https:\/\/electrospotshop.com\/wp-content\/uploads\/2020\/06\/ZZ2-300x300.jpg\" alt=\"\" width=\"300\" height=\"300\" \/><\/p>","protected":false},"excerpt":{"rendered":"<p>Table salle \u00e0 manger 4 &#8211; 6 places \u2605 Plateau en MDF blanc \/ pieds en bois massif, stable et robuste \u2605 Design Scandinave et modernes \u2605 Peut \u00eatre utilis\u00e9 dans la cuisine, pour le caf\u00e9, la salle de r\u00e9union, la salle d&#8217;attente, le bar, l&#8217;h\u00f4tel, bureau .<\/p>","protected":false},"featured_media":5648,"comment_status":"open","ping_status":"closed","template":"","meta":{"_acf_changed":false},"product_brand":[],"product_cat":[285],"product_tag":[],"class_list":{"0":"post-5561","1":"product","2":"type-product","3":"status-publish","4":"has-post-thumbnail","6":"product_cat-meubles","8":"first","9":"instock","10":"shipping-taxable","11":"purchasable","12":"product-type-simple"},"acf":[],"yoast_head":"<!-- This site is optimized with the Yoast SEO plugin v27.2 - https:\/\/yoast.com\/product\/yoast-seo-wordpress\/ -->\n<title>Table \u00e0 Manger Rectangulaire - Novak Market<\/title>\n<meta name=\"robots\" content=\"index, follow, max-snippet:-1, max-image-preview:large, max-video-preview:-1\" \/>\n<link rel=\"canonical\" href=\"https:\/\/novakmarket.com\/en\/product\/table-a-manger-rectangulaire\/\" \/>\n<meta property=\"og:locale\" content=\"en_US\" \/>\n<meta property=\"og:type\" content=\"article\" \/>\n<meta property=\"og:title\" content=\"Table \u00e0 Manger Rectangulaire - Novak Market\" \/>\n<meta property=\"og:description\" content=\"Table salle \u00e0 manger 4 - 6 places \u2605 Plateau en MDF blanc \/ pieds en bois massif, stable et robuste \u2605 Design Scandinave et modernes \u2605 Peut \u00eatre utilis\u00e9 dans la cuisine, pour le caf\u00e9, la salle de r\u00e9union, la salle d&#039;attente, le bar, l&#039;h\u00f4tel, bureau .\" \/>\n<meta property=\"og:url\" content=\"https:\/\/novakmarket.com\/en\/product\/table-a-manger-rectangulaire\/\" \/>\n<meta property=\"og:site_name\" content=\"Novak Market\" \/>\n<meta property=\"article:modified_time\" content=\"2021-11-29T19:13:52+00:00\" \/>\n<meta property=\"og:image\" content=\"https:\/\/novakmarket.com\/wp-content\/uploads\/2021\/11\/ZZ2.jpg\" \/>\n\t<meta property=\"og:image:width\" content=\"550\" \/>\n\t<meta property=\"og:image:height\" content=\"550\" \/>\n\t<meta property=\"og:image:type\" content=\"image\/jpeg\" \/>\n<meta name=\"twitter:card\" content=\"summary_large_image\" \/>\n<script type=\"application\/ld+json\" class=\"yoast-schema-graph\">{\"@context\":\"https:\/\/schema.org\",\"@graph\":[{\"@type\":\"WebPage\",\"@id\":\"https:\/\/novakmarket.com\/produit\/table-a-manger-rectangulaire\/\",\"url\":\"https:\/\/novakmarket.com\/produit\/table-a-manger-rectangulaire\/\",\"name\":\"Table \u00e0 Manger Rectangulaire - Novak Market\",\"isPartOf\":{\"@id\":\"https:\/\/novakmarket.com\/#website\"},\"primaryImageOfPage\":{\"@id\":\"https:\/\/novakmarket.com\/produit\/table-a-manger-rectangulaire\/#primaryimage\"},\"image\":{\"@id\":\"https:\/\/novakmarket.com\/produit\/table-a-manger-rectangulaire\/#primaryimage\"},\"thumbnailUrl\":\"https:\/\/novakmarket.com\/wp-content\/uploads\/2021\/11\/ZZ2.jpg\",\"datePublished\":\"2021-11-29T18:29:40+00:00\",\"dateModified\":\"2021-11-29T19:13:52+00:00\",\"breadcrumb\":{\"@id\":\"https:\/\/novakmarket.com\/produit\/table-a-manger-rectangulaire\/#breadcrumb\"},\"inLanguage\":\"en-US\",\"potentialAction\":[{\"@type\":\"ReadAction\",\"target\":[\"https:\/\/novakmarket.com\/produit\/table-a-manger-rectangulaire\/\"]}]},{\"@type\":\"ImageObject\",\"inLanguage\":\"en-US\",\"@id\":\"https:\/\/novakmarket.com\/produit\/table-a-manger-rectangulaire\/#primaryimage\",\"url\":\"https:\/\/novakmarket.com\/wp-content\/uploads\/2021\/11\/ZZ2.jpg\",\"contentUrl\":\"https:\/\/novakmarket.com\/wp-content\/uploads\/2021\/11\/ZZ2.jpg\",\"width\":550,\"height\":550},{\"@type\":\"BreadcrumbList\",\"@id\":\"https:\/\/novakmarket.com\/produit\/table-a-manger-rectangulaire\/#breadcrumb\",\"itemListElement\":[{\"@type\":\"ListItem\",\"position\":1,\"name\":\"Accueil\",\"item\":\"https:\/\/novakmarket.com\/\"},{\"@type\":\"ListItem\",\"position\":2,\"name\":\"Boutique\",\"item\":\"https:\/\/novakmarket.com\/shop\/\"},{\"@type\":\"ListItem\",\"position\":3,\"name\":\"Table \u00e0 Manger Rectangulaire\"}]},{\"@type\":\"WebSite\",\"@id\":\"https:\/\/novakmarket.com\/#website\",\"url\":\"https:\/\/novakmarket.com\/\",\"name\":\"Novak Market\",\"description\":\"Vente de produits \u00e9lectroniques.\",\"publisher\":{\"@id\":\"https:\/\/novakmarket.com\/#organization\"},\"potentialAction\":[{\"@type\":\"SearchAction\",\"target\":{\"@type\":\"EntryPoint\",\"urlTemplate\":\"https:\/\/novakmarket.com\/?s={search_term_string}\"},\"query-input\":{\"@type\":\"PropertyValueSpecification\",\"valueRequired\":true,\"valueName\":\"search_term_string\"}}],\"inLanguage\":\"en-US\"},{\"@type\":\"Organization\",\"@id\":\"https:\/\/novakmarket.com\/#organization\",\"name\":\"Novak Market\",\"url\":\"https:\/\/novakmarket.com\/\",\"logo\":{\"@type\":\"ImageObject\",\"inLanguage\":\"en-US\",\"@id\":\"https:\/\/novakmarket.com\/#\/schema\/logo\/image\/\",\"url\":\"https:\/\/novakmarket.com\/wp-content\/uploads\/2026\/02\/cropped-footer-pc-removebg-preview.png\",\"contentUrl\":\"https:\/\/novakmarket.com\/wp-content\/uploads\/2026\/02\/cropped-footer-pc-removebg-preview.png\",\"width\":202,\"height\":73,\"caption\":\"Novak Market\"},\"image\":{\"@id\":\"https:\/\/novakmarket.com\/#\/schema\/logo\/image\/\"}}]}<\/script>\n<!-- \/ Yoast SEO plugin. -->","yoast_head_json":{"title":"Table \u00e0 Manger Rectangulaire - Novak Market","robots":{"index":"index","follow":"follow","max-snippet":"max-snippet:-1","max-image-preview":"max-image-preview:large","max-video-preview":"max-video-preview:-1"},"canonical":"https:\/\/novakmarket.com\/en\/product\/table-a-manger-rectangulaire\/","og_locale":"en_US","og_type":"article","og_title":"Table \u00e0 Manger Rectangulaire - Novak Market","og_description":"Table salle \u00e0 manger 4 - 6 places \u2605 Plateau en MDF blanc \/ pieds en bois massif, stable et robuste \u2605 Design Scandinave et modernes \u2605 Peut \u00eatre utilis\u00e9 dans la cuisine, pour le caf\u00e9, la salle de r\u00e9union, la salle d'attente, le bar, l'h\u00f4tel, bureau .","og_url":"https:\/\/novakmarket.com\/en\/product\/table-a-manger-rectangulaire\/","og_site_name":"Novak Market","article_modified_time":"2021-11-29T19:13:52+00:00","og_image":[{"width":550,"height":550,"url":"https:\/\/novakmarket.com\/wp-content\/uploads\/2021\/11\/ZZ2.jpg","type":"image\/jpeg"}],"twitter_card":"summary_large_image","schema":{"@context":"https:\/\/schema.org","@graph":[{"@type":"WebPage","@id":"https:\/\/novakmarket.com\/produit\/table-a-manger-rectangulaire\/","url":"https:\/\/novakmarket.com\/produit\/table-a-manger-rectangulaire\/","name":"Table \u00e0 Manger Rectangulaire - Novak Market","isPartOf":{"@id":"https:\/\/novakmarket.com\/#website"},"primaryImageOfPage":{"@id":"https:\/\/novakmarket.com\/produit\/table-a-manger-rectangulaire\/#primaryimage"},"image":{"@id":"https:\/\/novakmarket.com\/produit\/table-a-manger-rectangulaire\/#primaryimage"},"thumbnailUrl":"https:\/\/novakmarket.com\/wp-content\/uploads\/2021\/11\/ZZ2.jpg","datePublished":"2021-11-29T18:29:40+00:00","dateModified":"2021-11-29T19:13:52+00:00","breadcrumb":{"@id":"https:\/\/novakmarket.com\/produit\/table-a-manger-rectangulaire\/#breadcrumb"},"inLanguage":"en-US","potentialAction":[{"@type":"ReadAction","target":["https:\/\/novakmarket.com\/produit\/table-a-manger-rectangulaire\/"]}]},{"@type":"ImageObject","inLanguage":"en-US","@id":"https:\/\/novakmarket.com\/produit\/table-a-manger-rectangulaire\/#primaryimage","url":"https:\/\/novakmarket.com\/wp-content\/uploads\/2021\/11\/ZZ2.jpg","contentUrl":"https:\/\/novakmarket.com\/wp-content\/uploads\/2021\/11\/ZZ2.jpg","width":550,"height":550},{"@type":"BreadcrumbList","@id":"https:\/\/novakmarket.com\/produit\/table-a-manger-rectangulaire\/#breadcrumb","itemListElement":[{"@type":"ListItem","position":1,"name":"Accueil","item":"https:\/\/novakmarket.com\/"},{"@type":"ListItem","position":2,"name":"Boutique","item":"https:\/\/novakmarket.com\/shop\/"},{"@type":"ListItem","position":3,"name":"Table \u00e0 Manger Rectangulaire"}]},{"@type":"WebSite","@id":"https:\/\/novakmarket.com\/#website","url":"https:\/\/novakmarket.com\/","name":"Novak Market","description":"Vente de produits \u00e9lectroniques.","publisher":{"@id":"https:\/\/novakmarket.com\/#organization"},"potentialAction":[{"@type":"SearchAction","target":{"@type":"EntryPoint","urlTemplate":"https:\/\/novakmarket.com\/?s={search_term_string}"},"query-input":{"@type":"PropertyValueSpecification","valueRequired":true,"valueName":"search_term_string"}}],"inLanguage":"en-US"},{"@type":"Organization","@id":"https:\/\/novakmarket.com\/#organization","name":"Novak Market","url":"https:\/\/novakmarket.com\/","logo":{"@type":"ImageObject","inLanguage":"en-US","@id":"https:\/\/novakmarket.com\/#\/schema\/logo\/image\/","url":"https:\/\/novakmarket.com\/wp-content\/uploads\/2026\/02\/cropped-footer-pc-removebg-preview.png","contentUrl":"https:\/\/novakmarket.com\/wp-content\/uploads\/2026\/02\/cropped-footer-pc-removebg-preview.png","width":202,"height":73,"caption":"Novak Market"},"image":{"@id":"https:\/\/novakmarket.com\/#\/schema\/logo\/image\/"}}]}},"_links":{"self":[{"href":"https:\/\/novakmarket.com\/en\/wp-json\/wp\/v2\/product\/5561","targetHints":{"allow":["GET"]}}],"collection":[{"href":"https:\/\/novakmarket.com\/en\/wp-json\/wp\/v2\/product"}],"about":[{"href":"https:\/\/novakmarket.com\/en\/wp-json\/wp\/v2\/types\/product"}],"replies":[{"embeddable":true,"href":"https:\/\/novakmarket.com\/en\/wp-json\/wp\/v2\/comments?post=5561"}],"wp:featuredmedia":[{"embeddable":true,"href":"https:\/\/novakmarket.com\/en\/wp-json\/wp\/v2\/media\/5648"}],"wp:attachment":[{"href":"https:\/\/novakmarket.com\/en\/wp-json\/wp\/v2\/media?parent=5561"}],"wp:term":[{"taxonomy":"product_brand","embeddable":true,"href":"https:\/\/novakmarket.com\/en\/wp-json\/wp\/v2\/product_brand?post=5561"},{"taxonomy":"product_cat","embeddable":true,"href":"https:\/\/novakmarket.com\/en\/wp-json\/wp\/v2\/product_cat?post=5561"},{"taxonomy":"product_tag","embeddable":true,"href":"https:\/\/novakmarket.com\/en\/wp-json\/wp\/v2\/product_tag?post=5561"}],"curies":[{"name":"wp","href":"https:\/\/api.w.org\/{rel}","templated":true}]}}