{"id":5842,"date":"2021-11-29T20:15:19","date_gmt":"2021-11-29T19:15:19","guid":{"rendered":"https:\/\/bestymarketshop.com\/?post_type=product&#038;p=5842"},"modified":"2021-11-29T20:15:30","modified_gmt":"2021-11-29T19:15:30","slug":"samsung-galaxy-s10-double-sim","status":"publish","type":"product","link":"https:\/\/novakmarket.com\/en\/product\/samsung-galaxy-s10-double-sim\/","title":{"rendered":"Samsung Galaxy S10 Double sim"},"content":{"rendered":"<p><img loading=\"lazy\" decoding=\"async\" class=\"alignnone size-full wp-image-14632\" src=\"https:\/\/megamarketshop.com\/wp-content\/uploads\/2016\/03\/s3a-150x150-1.jpg\" alt=\"\" width=\"150\" height=\"150\" \/><\/p>\n<p>\u00c9cran Infinity Compact Full HD + Super Amoled de 5,8 &#8220;- 128 Go de stockage &#8211; 6 Go de m\u00e9moire RAM &#8211; Port microSD jusqu&#8217;\u00e0 512 Go &#8211; Double capteur photo ultra grand angle 16 + 10 MP &#8211; Lecteur d&#8217;empreintes digitales &#8211; Utilisation partag\u00e9e Alimentation sans fil &#8211; Batterie 3100 mAh &#8211; Connectivit\u00e9: USB Type-C &#8211; Jack 3,5 mm &#8211; Certifi\u00e9 IP68<\/p>","protected":false},"excerpt":{"rendered":"<ul>\n<li>\u00c9cran Infinity Compact Full HD + Super Amoled de 5,8 &#8220;- 128 Go de stockage &#8211; 6 Go de m\u00e9moire RAM &#8211; Port microSD jusqu&#8217;\u00e0 512 Go &#8211; Double capteur photo ultra grand angle 16 + 10 MP &#8211; Lecteur d&#8217;empreintes digitales &#8211; Utilisation partag\u00e9e Alimentation sans fil &#8211; Batterie 3100 mAh &#8211; Connectivit\u00e9: USB Type-C &#8211; Jack 3,5 mm &#8211; Certifi\u00e9 IP68<\/li>\n<\/ul>","protected":false},"featured_media":5874,"comment_status":"open","ping_status":"closed","template":"","meta":{"_acf_changed":false},"product_brand":[],"product_cat":[279,280,281],"product_tag":[],"class_list":{"0":"post-5842","1":"product","2":"type-product","3":"status-publish","4":"has-post-thumbnail","6":"product_cat-samsung","7":"product_cat-smart-phones-tablets","8":"product_cat-smartphones","10":"first","11":"instock","12":"shipping-taxable","13":"purchasable","14":"product-type-simple"},"acf":[],"yoast_head":"<!-- This site is optimized with the Yoast SEO plugin v27.2 - https:\/\/yoast.com\/product\/yoast-seo-wordpress\/ -->\n<title>Samsung Galaxy S10 Double sim - Novak Market<\/title>\n<meta name=\"robots\" content=\"index, follow, max-snippet:-1, max-image-preview:large, max-video-preview:-1\" \/>\n<link rel=\"canonical\" href=\"https:\/\/novakmarket.com\/en\/product\/samsung-galaxy-s10-double-sim\/\" \/>\n<meta property=\"og:locale\" content=\"en_US\" \/>\n<meta property=\"og:type\" content=\"article\" \/>\n<meta property=\"og:title\" content=\"Samsung Galaxy S10 Double sim - Novak Market\" \/>\n<meta property=\"og:description\" content=\"\u00c9cran Infinity Compact Full HD + Super Amoled de 5,8 &quot;- 128 Go de stockage - 6 Go de m\u00e9moire RAM - Port microSD jusqu&#039;\u00e0 512 Go - Double capteur photo ultra grand angle 16 + 10 MP - Lecteur d&#039;empreintes digitales - Utilisation partag\u00e9e Alimentation sans fil - Batterie 3100 mAh - Connectivit\u00e9: USB Type-C - Jack 3,5 mm - Certifi\u00e9 IP68\" \/>\n<meta property=\"og:url\" content=\"https:\/\/novakmarket.com\/en\/product\/samsung-galaxy-s10-double-sim\/\" \/>\n<meta property=\"og:site_name\" content=\"Novak Market\" \/>\n<meta property=\"article:modified_time\" content=\"2021-11-29T19:15:30+00:00\" \/>\n<meta property=\"og:image\" content=\"https:\/\/novakmarket.com\/wp-content\/uploads\/2021\/11\/s3a-150x150-1.jpg\" \/>\n\t<meta property=\"og:image:width\" content=\"150\" \/>\n\t<meta property=\"og:image:height\" content=\"150\" \/>\n\t<meta property=\"og:image:type\" content=\"image\/jpeg\" \/>\n<meta name=\"twitter:card\" content=\"summary_large_image\" \/>\n<script type=\"application\/ld+json\" class=\"yoast-schema-graph\">{\"@context\":\"https:\/\/schema.org\",\"@graph\":[{\"@type\":\"WebPage\",\"@id\":\"https:\/\/novakmarket.com\/produit\/samsung-galaxy-s10-double-sim\/\",\"url\":\"https:\/\/novakmarket.com\/produit\/samsung-galaxy-s10-double-sim\/\",\"name\":\"Samsung Galaxy S10 Double sim - Novak Market\",\"isPartOf\":{\"@id\":\"https:\/\/novakmarket.com\/#website\"},\"primaryImageOfPage\":{\"@id\":\"https:\/\/novakmarket.com\/produit\/samsung-galaxy-s10-double-sim\/#primaryimage\"},\"image\":{\"@id\":\"https:\/\/novakmarket.com\/produit\/samsung-galaxy-s10-double-sim\/#primaryimage\"},\"thumbnailUrl\":\"https:\/\/novakmarket.com\/wp-content\/uploads\/2021\/11\/s3a-150x150-1.jpg\",\"datePublished\":\"2021-11-29T19:15:19+00:00\",\"dateModified\":\"2021-11-29T19:15:30+00:00\",\"breadcrumb\":{\"@id\":\"https:\/\/novakmarket.com\/produit\/samsung-galaxy-s10-double-sim\/#breadcrumb\"},\"inLanguage\":\"en-US\",\"potentialAction\":[{\"@type\":\"ReadAction\",\"target\":[\"https:\/\/novakmarket.com\/produit\/samsung-galaxy-s10-double-sim\/\"]}]},{\"@type\":\"ImageObject\",\"inLanguage\":\"en-US\",\"@id\":\"https:\/\/novakmarket.com\/produit\/samsung-galaxy-s10-double-sim\/#primaryimage\",\"url\":\"https:\/\/novakmarket.com\/wp-content\/uploads\/2021\/11\/s3a-150x150-1.jpg\",\"contentUrl\":\"https:\/\/novakmarket.com\/wp-content\/uploads\/2021\/11\/s3a-150x150-1.jpg\",\"width\":150,\"height\":150},{\"@type\":\"BreadcrumbList\",\"@id\":\"https:\/\/novakmarket.com\/produit\/samsung-galaxy-s10-double-sim\/#breadcrumb\",\"itemListElement\":[{\"@type\":\"ListItem\",\"position\":1,\"name\":\"Accueil\",\"item\":\"https:\/\/novakmarket.com\/\"},{\"@type\":\"ListItem\",\"position\":2,\"name\":\"Boutique\",\"item\":\"https:\/\/novakmarket.com\/shop\/\"},{\"@type\":\"ListItem\",\"position\":3,\"name\":\"Samsung Galaxy S10 Double sim\"}]},{\"@type\":\"WebSite\",\"@id\":\"https:\/\/novakmarket.com\/#website\",\"url\":\"https:\/\/novakmarket.com\/\",\"name\":\"Novak Market\",\"description\":\"Vente de produits \u00e9lectroniques.\",\"publisher\":{\"@id\":\"https:\/\/novakmarket.com\/#organization\"},\"potentialAction\":[{\"@type\":\"SearchAction\",\"target\":{\"@type\":\"EntryPoint\",\"urlTemplate\":\"https:\/\/novakmarket.com\/?s={search_term_string}\"},\"query-input\":{\"@type\":\"PropertyValueSpecification\",\"valueRequired\":true,\"valueName\":\"search_term_string\"}}],\"inLanguage\":\"en-US\"},{\"@type\":\"Organization\",\"@id\":\"https:\/\/novakmarket.com\/#organization\",\"name\":\"Novak Market\",\"url\":\"https:\/\/novakmarket.com\/\",\"logo\":{\"@type\":\"ImageObject\",\"inLanguage\":\"en-US\",\"@id\":\"https:\/\/novakmarket.com\/#\/schema\/logo\/image\/\",\"url\":\"https:\/\/novakmarket.com\/wp-content\/uploads\/2026\/02\/cropped-footer-pc-removebg-preview.png\",\"contentUrl\":\"https:\/\/novakmarket.com\/wp-content\/uploads\/2026\/02\/cropped-footer-pc-removebg-preview.png\",\"width\":202,\"height\":73,\"caption\":\"Novak Market\"},\"image\":{\"@id\":\"https:\/\/novakmarket.com\/#\/schema\/logo\/image\/\"}}]}<\/script>\n<!-- \/ Yoast SEO plugin. -->","yoast_head_json":{"title":"Samsung Galaxy S10 Double sim - Novak Market","robots":{"index":"index","follow":"follow","max-snippet":"max-snippet:-1","max-image-preview":"max-image-preview:large","max-video-preview":"max-video-preview:-1"},"canonical":"https:\/\/novakmarket.com\/en\/product\/samsung-galaxy-s10-double-sim\/","og_locale":"en_US","og_type":"article","og_title":"Samsung Galaxy S10 Double sim - Novak Market","og_description":"\u00c9cran Infinity Compact Full HD + Super Amoled de 5,8 \"- 128 Go de stockage - 6 Go de m\u00e9moire RAM - Port microSD jusqu'\u00e0 512 Go - Double capteur photo ultra grand angle 16 + 10 MP - Lecteur d'empreintes digitales - Utilisation partag\u00e9e Alimentation sans fil - Batterie 3100 mAh - Connectivit\u00e9: USB Type-C - Jack 3,5 mm - Certifi\u00e9 IP68","og_url":"https:\/\/novakmarket.com\/en\/product\/samsung-galaxy-s10-double-sim\/","og_site_name":"Novak Market","article_modified_time":"2021-11-29T19:15:30+00:00","og_image":[{"width":150,"height":150,"url":"https:\/\/novakmarket.com\/wp-content\/uploads\/2021\/11\/s3a-150x150-1.jpg","type":"image\/jpeg"}],"twitter_card":"summary_large_image","schema":{"@context":"https:\/\/schema.org","@graph":[{"@type":"WebPage","@id":"https:\/\/novakmarket.com\/produit\/samsung-galaxy-s10-double-sim\/","url":"https:\/\/novakmarket.com\/produit\/samsung-galaxy-s10-double-sim\/","name":"Samsung Galaxy S10 Double sim - Novak Market","isPartOf":{"@id":"https:\/\/novakmarket.com\/#website"},"primaryImageOfPage":{"@id":"https:\/\/novakmarket.com\/produit\/samsung-galaxy-s10-double-sim\/#primaryimage"},"image":{"@id":"https:\/\/novakmarket.com\/produit\/samsung-galaxy-s10-double-sim\/#primaryimage"},"thumbnailUrl":"https:\/\/novakmarket.com\/wp-content\/uploads\/2021\/11\/s3a-150x150-1.jpg","datePublished":"2021-11-29T19:15:19+00:00","dateModified":"2021-11-29T19:15:30+00:00","breadcrumb":{"@id":"https:\/\/novakmarket.com\/produit\/samsung-galaxy-s10-double-sim\/#breadcrumb"},"inLanguage":"en-US","potentialAction":[{"@type":"ReadAction","target":["https:\/\/novakmarket.com\/produit\/samsung-galaxy-s10-double-sim\/"]}]},{"@type":"ImageObject","inLanguage":"en-US","@id":"https:\/\/novakmarket.com\/produit\/samsung-galaxy-s10-double-sim\/#primaryimage","url":"https:\/\/novakmarket.com\/wp-content\/uploads\/2021\/11\/s3a-150x150-1.jpg","contentUrl":"https:\/\/novakmarket.com\/wp-content\/uploads\/2021\/11\/s3a-150x150-1.jpg","width":150,"height":150},{"@type":"BreadcrumbList","@id":"https:\/\/novakmarket.com\/produit\/samsung-galaxy-s10-double-sim\/#breadcrumb","itemListElement":[{"@type":"ListItem","position":1,"name":"Accueil","item":"https:\/\/novakmarket.com\/"},{"@type":"ListItem","position":2,"name":"Boutique","item":"https:\/\/novakmarket.com\/shop\/"},{"@type":"ListItem","position":3,"name":"Samsung Galaxy S10 Double sim"}]},{"@type":"WebSite","@id":"https:\/\/novakmarket.com\/#website","url":"https:\/\/novakmarket.com\/","name":"Novak Market","description":"Vente de produits \u00e9lectroniques.","publisher":{"@id":"https:\/\/novakmarket.com\/#organization"},"potentialAction":[{"@type":"SearchAction","target":{"@type":"EntryPoint","urlTemplate":"https:\/\/novakmarket.com\/?s={search_term_string}"},"query-input":{"@type":"PropertyValueSpecification","valueRequired":true,"valueName":"search_term_string"}}],"inLanguage":"en-US"},{"@type":"Organization","@id":"https:\/\/novakmarket.com\/#organization","name":"Novak Market","url":"https:\/\/novakmarket.com\/","logo":{"@type":"ImageObject","inLanguage":"en-US","@id":"https:\/\/novakmarket.com\/#\/schema\/logo\/image\/","url":"https:\/\/novakmarket.com\/wp-content\/uploads\/2026\/02\/cropped-footer-pc-removebg-preview.png","contentUrl":"https:\/\/novakmarket.com\/wp-content\/uploads\/2026\/02\/cropped-footer-pc-removebg-preview.png","width":202,"height":73,"caption":"Novak Market"},"image":{"@id":"https:\/\/novakmarket.com\/#\/schema\/logo\/image\/"}}]}},"_links":{"self":[{"href":"https:\/\/novakmarket.com\/en\/wp-json\/wp\/v2\/product\/5842","targetHints":{"allow":["GET"]}}],"collection":[{"href":"https:\/\/novakmarket.com\/en\/wp-json\/wp\/v2\/product"}],"about":[{"href":"https:\/\/novakmarket.com\/en\/wp-json\/wp\/v2\/types\/product"}],"replies":[{"embeddable":true,"href":"https:\/\/novakmarket.com\/en\/wp-json\/wp\/v2\/comments?post=5842"}],"wp:featuredmedia":[{"embeddable":true,"href":"https:\/\/novakmarket.com\/en\/wp-json\/wp\/v2\/media\/5874"}],"wp:attachment":[{"href":"https:\/\/novakmarket.com\/en\/wp-json\/wp\/v2\/media?parent=5842"}],"wp:term":[{"taxonomy":"product_brand","embeddable":true,"href":"https:\/\/novakmarket.com\/en\/wp-json\/wp\/v2\/product_brand?post=5842"},{"taxonomy":"product_cat","embeddable":true,"href":"https:\/\/novakmarket.com\/en\/wp-json\/wp\/v2\/product_cat?post=5842"},{"taxonomy":"product_tag","embeddable":true,"href":"https:\/\/novakmarket.com\/en\/wp-json\/wp\/v2\/product_tag?post=5842"}],"curies":[{"name":"wp","href":"https:\/\/api.w.org\/{rel}","templated":true}]}}