{"id":5914,"date":"2021-11-29T20:15:50","date_gmt":"2021-11-29T19:15:50","guid":{"rendered":"https:\/\/bestymarketshop.com\/?post_type=product&#038;p=5914"},"modified":"2021-12-02T15:06:56","modified_gmt":"2021-12-02T14:06:56","slug":"moulinex-cookeo-avec-150-recettes-2","status":"publish","type":"product","link":"https:\/\/novakmarket.com\/en\/product\/moulinex-cookeo-avec-150-recettes-2\/","title":{"rendered":"MOULINEX cookeo avec 150 recettes"},"content":{"rendered":"<p><img loading=\"lazy\" decoding=\"async\" class=\"alignnone size-medium wp-image-8385\" src=\"https:\/\/e-marketshopping.com\/wp-content\/uploads\/2020\/07\/X555-300x300.jpg\" alt=\"\" width=\"300\" height=\"300\" \/><\/p>\n<p>Accessoires complets<\/p>\n<p>Po\u00eale antiadh\u00e9sive est facile \u00e0 nettoyer<\/p>\n<p>L&#8217;isolation thermique garantit une utilisation s\u00fbre<\/p>\n<p>Temp\u00e9rature r\u00e9glable, cuisson plus professionnelle<\/p>\n<p>Une vari\u00e9t\u00e9 de m\u00e9thodes de cuisson rendent les recettes riches<\/p>\n<p>R\u00e9duire le fum\u00e9e et rendre l&#8217;environnement de la cuisine confortable<\/p>\n<p>Couvercle transparent pour une observation facile des conditions de nourriture<\/p>","protected":false},"excerpt":{"rendered":"<div id=\"descContent\" class=\"fpBlk testSep\" data-cs-override-id=\"Descriptif\">\n<table class=\"fpDescTb fpDescTbPub\">\n<tbody>\n<tr>\n<td>Nom du produit<\/td>\n<td>1500W,5L,Cuiseur Electrique Multifonction,Temp\u00e9rat<\/td>\n<\/tr>\n<tr>\n<td>Cat\u00e9gorie<\/td>\n<td>MULTICUISEUR<\/td>\n<\/tr>\n<tr>\n<th colspan=\"2\">Informations produit<\/th>\n<\/tr>\n<tr>\n<td>Marque<\/td>\n<td>AUCUNE<\/td>\n<\/tr>\n<tr>\n<td>Couleur principale<\/td>\n<td>Noir<\/td>\n<\/tr>\n<tr>\n<td>Consommation|Puissance \u00e9lectrique<\/td>\n<td>1500 Watt<\/td>\n<\/tr>\n<tr>\n<td>Poids en g<\/td>\n<td>0 g<\/td>\n<\/tr>\n<\/tbody>\n<\/table>\n<div id=\"VehicleSparePartProductAndVehicleAttributeCollection\"><\/div>\n<\/div>","protected":false},"featured_media":6015,"comment_status":"open","ping_status":"closed","template":"","meta":{"_acf_changed":false},"product_brand":[],"product_cat":[282,297],"product_tag":[],"class_list":{"0":"post-5914","1":"product","2":"type-product","3":"status-publish","4":"has-post-thumbnail","6":"product_cat-appareils-electromenagers","7":"product_cat-cuisson","9":"first","10":"instock","11":"shipping-taxable","12":"purchasable","13":"product-type-simple"},"acf":[],"yoast_head":"<!-- This site is optimized with the Yoast SEO plugin v27.2 - https:\/\/yoast.com\/product\/yoast-seo-wordpress\/ -->\n<title>MOULINEX cookeo avec 150 recettes - Novak Market<\/title>\n<meta name=\"robots\" content=\"index, follow, max-snippet:-1, max-image-preview:large, max-video-preview:-1\" \/>\n<link rel=\"canonical\" href=\"https:\/\/novakmarket.com\/en\/product\/moulinex-cookeo-avec-150-recettes-2\/\" \/>\n<meta property=\"og:locale\" content=\"en_US\" \/>\n<meta property=\"og:type\" content=\"article\" \/>\n<meta property=\"og:title\" content=\"MOULINEX cookeo avec 150 recettes - Novak Market\" \/>\n<meta property=\"og:description\" content=\"Nom du produit 1500W,5L,Cuiseur Electrique Multifonction,Temp\u00e9rat  Cat\u00e9gorie MULTICUISEUR  Informations produit  Marque AUCUNE  Couleur principale Noir  Consommation|Puissance \u00e9lectrique 1500 Watt  Poids en g 0 g\" \/>\n<meta property=\"og:url\" content=\"https:\/\/novakmarket.com\/en\/product\/moulinex-cookeo-avec-150-recettes-2\/\" \/>\n<meta property=\"og:site_name\" content=\"Novak Market\" \/>\n<meta property=\"article:modified_time\" content=\"2021-12-02T14:06:56+00:00\" \/>\n<meta property=\"og:image\" content=\"https:\/\/novakmarket.com\/wp-content\/uploads\/2021\/11\/X555.jpg\" \/>\n\t<meta property=\"og:image:width\" content=\"550\" \/>\n\t<meta property=\"og:image:height\" content=\"550\" \/>\n\t<meta property=\"og:image:type\" content=\"image\/jpeg\" \/>\n<meta name=\"twitter:card\" content=\"summary_large_image\" \/>\n<script type=\"application\/ld+json\" class=\"yoast-schema-graph\">{\"@context\":\"https:\/\/schema.org\",\"@graph\":[{\"@type\":\"WebPage\",\"@id\":\"https:\/\/novakmarket.com\/produit\/moulinex-cookeo-avec-150-recettes-2\/\",\"url\":\"https:\/\/novakmarket.com\/produit\/moulinex-cookeo-avec-150-recettes-2\/\",\"name\":\"MOULINEX cookeo avec 150 recettes - Novak Market\",\"isPartOf\":{\"@id\":\"https:\/\/novakmarket.com\/#website\"},\"primaryImageOfPage\":{\"@id\":\"https:\/\/novakmarket.com\/produit\/moulinex-cookeo-avec-150-recettes-2\/#primaryimage\"},\"image\":{\"@id\":\"https:\/\/novakmarket.com\/produit\/moulinex-cookeo-avec-150-recettes-2\/#primaryimage\"},\"thumbnailUrl\":\"https:\/\/novakmarket.com\/wp-content\/uploads\/2021\/11\/X555.jpg\",\"datePublished\":\"2021-11-29T19:15:50+00:00\",\"dateModified\":\"2021-12-02T14:06:56+00:00\",\"breadcrumb\":{\"@id\":\"https:\/\/novakmarket.com\/produit\/moulinex-cookeo-avec-150-recettes-2\/#breadcrumb\"},\"inLanguage\":\"en-US\",\"potentialAction\":[{\"@type\":\"ReadAction\",\"target\":[\"https:\/\/novakmarket.com\/produit\/moulinex-cookeo-avec-150-recettes-2\/\"]}]},{\"@type\":\"ImageObject\",\"inLanguage\":\"en-US\",\"@id\":\"https:\/\/novakmarket.com\/produit\/moulinex-cookeo-avec-150-recettes-2\/#primaryimage\",\"url\":\"https:\/\/novakmarket.com\/wp-content\/uploads\/2021\/11\/X555.jpg\",\"contentUrl\":\"https:\/\/novakmarket.com\/wp-content\/uploads\/2021\/11\/X555.jpg\",\"width\":550,\"height\":550},{\"@type\":\"BreadcrumbList\",\"@id\":\"https:\/\/novakmarket.com\/produit\/moulinex-cookeo-avec-150-recettes-2\/#breadcrumb\",\"itemListElement\":[{\"@type\":\"ListItem\",\"position\":1,\"name\":\"Accueil\",\"item\":\"https:\/\/novakmarket.com\/\"},{\"@type\":\"ListItem\",\"position\":2,\"name\":\"Boutique\",\"item\":\"https:\/\/novakmarket.com\/shop\/\"},{\"@type\":\"ListItem\",\"position\":3,\"name\":\"MOULINEX cookeo avec 150 recettes\"}]},{\"@type\":\"WebSite\",\"@id\":\"https:\/\/novakmarket.com\/#website\",\"url\":\"https:\/\/novakmarket.com\/\",\"name\":\"Novak Market\",\"description\":\"Vente de produits \u00e9lectroniques.\",\"publisher\":{\"@id\":\"https:\/\/novakmarket.com\/#organization\"},\"potentialAction\":[{\"@type\":\"SearchAction\",\"target\":{\"@type\":\"EntryPoint\",\"urlTemplate\":\"https:\/\/novakmarket.com\/?s={search_term_string}\"},\"query-input\":{\"@type\":\"PropertyValueSpecification\",\"valueRequired\":true,\"valueName\":\"search_term_string\"}}],\"inLanguage\":\"en-US\"},{\"@type\":\"Organization\",\"@id\":\"https:\/\/novakmarket.com\/#organization\",\"name\":\"Novak Market\",\"url\":\"https:\/\/novakmarket.com\/\",\"logo\":{\"@type\":\"ImageObject\",\"inLanguage\":\"en-US\",\"@id\":\"https:\/\/novakmarket.com\/#\/schema\/logo\/image\/\",\"url\":\"https:\/\/novakmarket.com\/wp-content\/uploads\/2026\/02\/cropped-footer-pc-removebg-preview.png\",\"contentUrl\":\"https:\/\/novakmarket.com\/wp-content\/uploads\/2026\/02\/cropped-footer-pc-removebg-preview.png\",\"width\":202,\"height\":73,\"caption\":\"Novak Market\"},\"image\":{\"@id\":\"https:\/\/novakmarket.com\/#\/schema\/logo\/image\/\"}}]}<\/script>\n<!-- \/ Yoast SEO plugin. -->","yoast_head_json":{"title":"MOULINEX cookeo avec 150 recettes - Novak Market","robots":{"index":"index","follow":"follow","max-snippet":"max-snippet:-1","max-image-preview":"max-image-preview:large","max-video-preview":"max-video-preview:-1"},"canonical":"https:\/\/novakmarket.com\/en\/product\/moulinex-cookeo-avec-150-recettes-2\/","og_locale":"en_US","og_type":"article","og_title":"MOULINEX cookeo avec 150 recettes - Novak Market","og_description":"Nom du produit 1500W,5L,Cuiseur Electrique Multifonction,Temp\u00e9rat  Cat\u00e9gorie MULTICUISEUR  Informations produit  Marque AUCUNE  Couleur principale Noir  Consommation|Puissance \u00e9lectrique 1500 Watt  Poids en g 0 g","og_url":"https:\/\/novakmarket.com\/en\/product\/moulinex-cookeo-avec-150-recettes-2\/","og_site_name":"Novak Market","article_modified_time":"2021-12-02T14:06:56+00:00","og_image":[{"width":550,"height":550,"url":"https:\/\/novakmarket.com\/wp-content\/uploads\/2021\/11\/X555.jpg","type":"image\/jpeg"}],"twitter_card":"summary_large_image","schema":{"@context":"https:\/\/schema.org","@graph":[{"@type":"WebPage","@id":"https:\/\/novakmarket.com\/produit\/moulinex-cookeo-avec-150-recettes-2\/","url":"https:\/\/novakmarket.com\/produit\/moulinex-cookeo-avec-150-recettes-2\/","name":"MOULINEX cookeo avec 150 recettes - Novak Market","isPartOf":{"@id":"https:\/\/novakmarket.com\/#website"},"primaryImageOfPage":{"@id":"https:\/\/novakmarket.com\/produit\/moulinex-cookeo-avec-150-recettes-2\/#primaryimage"},"image":{"@id":"https:\/\/novakmarket.com\/produit\/moulinex-cookeo-avec-150-recettes-2\/#primaryimage"},"thumbnailUrl":"https:\/\/novakmarket.com\/wp-content\/uploads\/2021\/11\/X555.jpg","datePublished":"2021-11-29T19:15:50+00:00","dateModified":"2021-12-02T14:06:56+00:00","breadcrumb":{"@id":"https:\/\/novakmarket.com\/produit\/moulinex-cookeo-avec-150-recettes-2\/#breadcrumb"},"inLanguage":"en-US","potentialAction":[{"@type":"ReadAction","target":["https:\/\/novakmarket.com\/produit\/moulinex-cookeo-avec-150-recettes-2\/"]}]},{"@type":"ImageObject","inLanguage":"en-US","@id":"https:\/\/novakmarket.com\/produit\/moulinex-cookeo-avec-150-recettes-2\/#primaryimage","url":"https:\/\/novakmarket.com\/wp-content\/uploads\/2021\/11\/X555.jpg","contentUrl":"https:\/\/novakmarket.com\/wp-content\/uploads\/2021\/11\/X555.jpg","width":550,"height":550},{"@type":"BreadcrumbList","@id":"https:\/\/novakmarket.com\/produit\/moulinex-cookeo-avec-150-recettes-2\/#breadcrumb","itemListElement":[{"@type":"ListItem","position":1,"name":"Accueil","item":"https:\/\/novakmarket.com\/"},{"@type":"ListItem","position":2,"name":"Boutique","item":"https:\/\/novakmarket.com\/shop\/"},{"@type":"ListItem","position":3,"name":"MOULINEX cookeo avec 150 recettes"}]},{"@type":"WebSite","@id":"https:\/\/novakmarket.com\/#website","url":"https:\/\/novakmarket.com\/","name":"Novak Market","description":"Vente de produits \u00e9lectroniques.","publisher":{"@id":"https:\/\/novakmarket.com\/#organization"},"potentialAction":[{"@type":"SearchAction","target":{"@type":"EntryPoint","urlTemplate":"https:\/\/novakmarket.com\/?s={search_term_string}"},"query-input":{"@type":"PropertyValueSpecification","valueRequired":true,"valueName":"search_term_string"}}],"inLanguage":"en-US"},{"@type":"Organization","@id":"https:\/\/novakmarket.com\/#organization","name":"Novak Market","url":"https:\/\/novakmarket.com\/","logo":{"@type":"ImageObject","inLanguage":"en-US","@id":"https:\/\/novakmarket.com\/#\/schema\/logo\/image\/","url":"https:\/\/novakmarket.com\/wp-content\/uploads\/2026\/02\/cropped-footer-pc-removebg-preview.png","contentUrl":"https:\/\/novakmarket.com\/wp-content\/uploads\/2026\/02\/cropped-footer-pc-removebg-preview.png","width":202,"height":73,"caption":"Novak Market"},"image":{"@id":"https:\/\/novakmarket.com\/#\/schema\/logo\/image\/"}}]}},"_links":{"self":[{"href":"https:\/\/novakmarket.com\/en\/wp-json\/wp\/v2\/product\/5914","targetHints":{"allow":["GET"]}}],"collection":[{"href":"https:\/\/novakmarket.com\/en\/wp-json\/wp\/v2\/product"}],"about":[{"href":"https:\/\/novakmarket.com\/en\/wp-json\/wp\/v2\/types\/product"}],"replies":[{"embeddable":true,"href":"https:\/\/novakmarket.com\/en\/wp-json\/wp\/v2\/comments?post=5914"}],"wp:featuredmedia":[{"embeddable":true,"href":"https:\/\/novakmarket.com\/en\/wp-json\/wp\/v2\/media\/6015"}],"wp:attachment":[{"href":"https:\/\/novakmarket.com\/en\/wp-json\/wp\/v2\/media?parent=5914"}],"wp:term":[{"taxonomy":"product_brand","embeddable":true,"href":"https:\/\/novakmarket.com\/en\/wp-json\/wp\/v2\/product_brand?post=5914"},{"taxonomy":"product_cat","embeddable":true,"href":"https:\/\/novakmarket.com\/en\/wp-json\/wp\/v2\/product_cat?post=5914"},{"taxonomy":"product_tag","embeddable":true,"href":"https:\/\/novakmarket.com\/en\/wp-json\/wp\/v2\/product_tag?post=5914"}],"curies":[{"name":"wp","href":"https:\/\/api.w.org\/{rel}","templated":true}]}}