{"id":6315,"date":"2021-11-29T20:19:38","date_gmt":"2021-11-29T19:19:38","guid":{"rendered":"https:\/\/bestymarketshop.com\/?post_type=product&#038;p=6315"},"modified":"2021-11-29T20:19:48","modified_gmt":"2021-11-29T19:19:48","slug":"lenovo-156","status":"publish","type":"product","link":"https:\/\/novakmarket.com\/en\/product\/lenovo-156\/","title":{"rendered":"Lenovo &#8211; 15,6&#8243;"},"content":{"rendered":"<p><img loading=\"lazy\" decoding=\"async\" class=\"alignnone size-medium wp-image-9135\" src=\"https:\/\/e-marketshopping.com\/wp-content\/uploads\/2020\/07\/E1-1-300x300.jpg\" alt=\"\" width=\"300\" height=\"300\" \/><\/p>","protected":false},"excerpt":{"rendered":"<table class=\"fpDescTb fpDescTbPub\">\n<tbody>\n<tr>\n<td>Nom du produit<\/td>\n<td>Ordinateur Portable Lenovo V130 &#8211; 15,6&#8243; &#8211; Intel Ce<\/td>\n<\/tr>\n<tr>\n<td>Cat\u00e9gorie<\/td>\n<td>ORDINATEUR PORTABLE<\/td>\n<\/tr>\n<tr>\n<th colspan=\"2\">Informations sur le produit<\/th>\n<\/tr>\n<tr>\n<td>Sous-\u00e9tat<\/td>\n<td>Neuf<\/td>\n<\/tr>\n<tr>\n<td>PC avec ou sans Office ?<\/td>\n<td>PC sans office 365 Personnel<\/td>\n<\/tr>\n<tr>\n<td>Usage<\/td>\n<td>Basique &amp; Bureautique<\/td>\n<\/tr>\n<tr>\n<th colspan=\"2\">G\u00e9n\u00e9ral<\/th>\n<\/tr>\n<tr>\n<td>Poids<\/td>\n<td>1,8kgs<\/td>\n<\/tr>\n<tr>\n<th colspan=\"2\">Processeur \/ Chipset&#8217;<\/th>\n<\/tr>\n<tr>\n<td>CPU<\/td>\n<td>Intel Celeron N4000<\/td>\n<\/tr>\n<tr>\n<td>Nombre de coeurs<\/td>\n<td>2<\/td>\n<\/tr>\n<tr>\n<th colspan=\"2\">Affichage<\/th>\n<\/tr>\n<tr>\n<td>Type<\/td>\n<td>1366 x 768 HD<\/td>\n<\/tr>\n<tr>\n<td>R\u00e9solution<\/td>\n<td>1366 x 768<\/td>\n<\/tr>\n<tr>\n<td>Nom du clavier<\/td>\n<td>AZERTY<\/td>\n<\/tr>\n<tr>\n<th colspan=\"2\">Stockage<\/th>\n<\/tr>\n<tr>\n<td>Disque dur<\/td>\n<td>1To HDD<\/td>\n<\/tr>\n<tr>\n<th colspan=\"2\">M\u00e9moire<\/th>\n<\/tr>\n<tr>\n<td>RAM<\/td>\n<td>4Go<\/td>\n<\/tr>\n<tr>\n<td>RAM max prise en charge<\/td>\n<td>12Go<\/td>\n<\/tr>\n<tr>\n<td>Stockage<\/td>\n<td>1To<\/td>\n<\/tr>\n<tr>\n<th colspan=\"2\">Audio &amp; vid\u00e9o<\/th>\n<\/tr>\n<tr>\n<td>Processeur graphique<\/td>\n<td>Intel HD Graphics<\/td>\n<\/tr>\n<tr>\n<th colspan=\"2\">Dimensions et poids<\/th>\n<\/tr>\n<tr>\n<td>Largeur<\/td>\n<td>37.5 cm<\/td>\n<\/tr>\n<tr>\n<td>Profondeur<\/td>\n<td>25.3 cm<\/td>\n<\/tr>\n<tr>\n<td>Hauteur<\/td>\n<td>2.23 cm<\/td>\n<\/tr>\n<tr>\n<td>Poids<\/td>\n<td>1,8Kgs<\/td>\n<\/tr>\n<tr>\n<td>Dimensions (LxPxH)<\/td>\n<td>37.5 cm x 25.3 cm x 2.23 cm<\/td>\n<\/tr>\n<tr>\n<th colspan=\"2\"><\/th>\n<\/tr>\n<tr>\n<td>Garantie (\u00b2)<\/td>\n<td>2 ans &#8211; pi\u00e8ces, main d\u2019\u0153uvre et d\u00e9placement<\/td>\n<\/tr>\n<tr>\n<td>Observations<\/td>\n<td>&#8211; Voir conditions et modalit\u00e9s particuli\u00e8res dans les CGV pour les produits d\u2019occasion.<br \/>\n&#8211; Ces garanties ne sont pas applicables aux produits vendus pour la marketplace.<br \/>\nAinsi qu\u2019aux produits vendus \u00e0 des professionnels et\/ou pour une usage professionnel.<br \/>\nMerci de vous r\u00e9f\u00e9rer aux CGV du vendeur.<\/td>\n<\/tr>\n<\/tbody>\n<\/table>","protected":false},"featured_media":6346,"comment_status":"open","ping_status":"closed","template":"","meta":{"_acf_changed":false},"product_brand":[],"product_cat":[304],"product_tag":[],"class_list":{"0":"post-6315","1":"product","2":"type-product","3":"status-publish","4":"has-post-thumbnail","6":"product_cat-lenovo","8":"first","9":"instock","10":"shipping-taxable","11":"purchasable","12":"product-type-simple"},"acf":[],"yoast_head":"<!-- This site is optimized with the Yoast SEO plugin v27.2 - https:\/\/yoast.com\/product\/yoast-seo-wordpress\/ -->\n<title>Lenovo - 15,6&quot; - Novak Market<\/title>\n<meta name=\"robots\" content=\"index, follow, max-snippet:-1, max-image-preview:large, max-video-preview:-1\" \/>\n<link rel=\"canonical\" href=\"https:\/\/novakmarket.com\/en\/product\/lenovo-156\/\" \/>\n<meta property=\"og:locale\" content=\"en_US\" \/>\n<meta property=\"og:type\" content=\"article\" \/>\n<meta property=\"og:title\" content=\"Lenovo - 15,6&quot; - Novak Market\" \/>\n<meta property=\"og:description\" content=\"Nom du produit Ordinateur Portable Lenovo V130 - 15,6&quot; - Intel Ce  Cat\u00e9gorie ORDINATEUR PORTABLE  Informations sur le produit  Sous-\u00e9tat Neuf  PC avec ou sans Office ? PC sans office 365 Personnel  Usage Basique &amp; Bureautique  G\u00e9n\u00e9ral  Poids 1,8kgs  Processeur \/ Chipset&#039;  CPU Intel Celeron N4000  Nombre de coeurs 2  Affichage  Type 1366 x 768 HD  R\u00e9solution 1366 x 768  Nom du clavier AZERTY  Stockage  Disque dur 1To HDD  M\u00e9moire  RAM 4Go  RAM max prise en charge 12Go  Stockage 1To  Audio &amp; vid\u00e9o  Processeur graphique Intel HD Graphics  Dimensions et poids  Largeur 37.5 cm  Profondeur 25.3 cm  Hauteur 2.23 cm  Poids 1,8Kgs  Dimensions (LxPxH) 37.5 cm x 25.3 cm x 2.23 cm   Garantie (\u00b2) 2 ans - pi\u00e8ces, main d\u2019\u0153uvre et d\u00e9placement  Observations - Voir conditions et modalit\u00e9s particuli\u00e8res dans les CGV pour les produits d\u2019occasion. - Ces garanties ne sont pas applicables aux produits vendus pour la marketplace. Ainsi qu\u2019aux produits vendus \u00e0 des professionnels et\/ou pour une usage professionnel. Merci de vous r\u00e9f\u00e9rer aux CGV du vendeur.\" \/>\n<meta property=\"og:url\" content=\"https:\/\/novakmarket.com\/en\/product\/lenovo-156\/\" \/>\n<meta property=\"og:site_name\" content=\"Novak Market\" \/>\n<meta property=\"article:modified_time\" content=\"2021-11-29T19:19:48+00:00\" \/>\n<meta property=\"og:image\" content=\"https:\/\/novakmarket.com\/wp-content\/uploads\/2021\/11\/E1-1-1.jpg\" \/>\n\t<meta property=\"og:image:width\" content=\"550\" \/>\n\t<meta property=\"og:image:height\" content=\"550\" \/>\n\t<meta property=\"og:image:type\" content=\"image\/jpeg\" \/>\n<meta name=\"twitter:card\" content=\"summary_large_image\" \/>\n<script type=\"application\/ld+json\" class=\"yoast-schema-graph\">{\"@context\":\"https:\/\/schema.org\",\"@graph\":[{\"@type\":\"WebPage\",\"@id\":\"https:\/\/novakmarket.com\/produit\/lenovo-156\/\",\"url\":\"https:\/\/novakmarket.com\/produit\/lenovo-156\/\",\"name\":\"Lenovo - 15,6\\\" - Novak Market\",\"isPartOf\":{\"@id\":\"https:\/\/novakmarket.com\/#website\"},\"primaryImageOfPage\":{\"@id\":\"https:\/\/novakmarket.com\/produit\/lenovo-156\/#primaryimage\"},\"image\":{\"@id\":\"https:\/\/novakmarket.com\/produit\/lenovo-156\/#primaryimage\"},\"thumbnailUrl\":\"https:\/\/novakmarket.com\/wp-content\/uploads\/2021\/11\/E1-1-1.jpg\",\"datePublished\":\"2021-11-29T19:19:38+00:00\",\"dateModified\":\"2021-11-29T19:19:48+00:00\",\"breadcrumb\":{\"@id\":\"https:\/\/novakmarket.com\/produit\/lenovo-156\/#breadcrumb\"},\"inLanguage\":\"en-US\",\"potentialAction\":[{\"@type\":\"ReadAction\",\"target\":[\"https:\/\/novakmarket.com\/produit\/lenovo-156\/\"]}]},{\"@type\":\"ImageObject\",\"inLanguage\":\"en-US\",\"@id\":\"https:\/\/novakmarket.com\/produit\/lenovo-156\/#primaryimage\",\"url\":\"https:\/\/novakmarket.com\/wp-content\/uploads\/2021\/11\/E1-1-1.jpg\",\"contentUrl\":\"https:\/\/novakmarket.com\/wp-content\/uploads\/2021\/11\/E1-1-1.jpg\",\"width\":550,\"height\":550},{\"@type\":\"BreadcrumbList\",\"@id\":\"https:\/\/novakmarket.com\/produit\/lenovo-156\/#breadcrumb\",\"itemListElement\":[{\"@type\":\"ListItem\",\"position\":1,\"name\":\"Accueil\",\"item\":\"https:\/\/novakmarket.com\/\"},{\"@type\":\"ListItem\",\"position\":2,\"name\":\"Boutique\",\"item\":\"https:\/\/novakmarket.com\/shop\/\"},{\"@type\":\"ListItem\",\"position\":3,\"name\":\"Lenovo &#8211; 15,6&#8243;\"}]},{\"@type\":\"WebSite\",\"@id\":\"https:\/\/novakmarket.com\/#website\",\"url\":\"https:\/\/novakmarket.com\/\",\"name\":\"Novak Market\",\"description\":\"Vente de produits \u00e9lectroniques.\",\"publisher\":{\"@id\":\"https:\/\/novakmarket.com\/#organization\"},\"potentialAction\":[{\"@type\":\"SearchAction\",\"target\":{\"@type\":\"EntryPoint\",\"urlTemplate\":\"https:\/\/novakmarket.com\/?s={search_term_string}\"},\"query-input\":{\"@type\":\"PropertyValueSpecification\",\"valueRequired\":true,\"valueName\":\"search_term_string\"}}],\"inLanguage\":\"en-US\"},{\"@type\":\"Organization\",\"@id\":\"https:\/\/novakmarket.com\/#organization\",\"name\":\"Novak Market\",\"url\":\"https:\/\/novakmarket.com\/\",\"logo\":{\"@type\":\"ImageObject\",\"inLanguage\":\"en-US\",\"@id\":\"https:\/\/novakmarket.com\/#\/schema\/logo\/image\/\",\"url\":\"https:\/\/novakmarket.com\/wp-content\/uploads\/2026\/02\/cropped-footer-pc-removebg-preview.png\",\"contentUrl\":\"https:\/\/novakmarket.com\/wp-content\/uploads\/2026\/02\/cropped-footer-pc-removebg-preview.png\",\"width\":202,\"height\":73,\"caption\":\"Novak Market\"},\"image\":{\"@id\":\"https:\/\/novakmarket.com\/#\/schema\/logo\/image\/\"}}]}<\/script>\n<!-- \/ Yoast SEO plugin. -->","yoast_head_json":{"title":"Lenovo - 15,6\" - Novak Market","robots":{"index":"index","follow":"follow","max-snippet":"max-snippet:-1","max-image-preview":"max-image-preview:large","max-video-preview":"max-video-preview:-1"},"canonical":"https:\/\/novakmarket.com\/en\/product\/lenovo-156\/","og_locale":"en_US","og_type":"article","og_title":"Lenovo - 15,6\" - Novak Market","og_description":"Nom du produit Ordinateur Portable Lenovo V130 - 15,6\" - Intel Ce  Cat\u00e9gorie ORDINATEUR PORTABLE  Informations sur le produit  Sous-\u00e9tat Neuf  PC avec ou sans Office ? PC sans office 365 Personnel  Usage Basique &amp; Bureautique  G\u00e9n\u00e9ral  Poids 1,8kgs  Processeur \/ Chipset'  CPU Intel Celeron N4000  Nombre de coeurs 2  Affichage  Type 1366 x 768 HD  R\u00e9solution 1366 x 768  Nom du clavier AZERTY  Stockage  Disque dur 1To HDD  M\u00e9moire  RAM 4Go  RAM max prise en charge 12Go  Stockage 1To  Audio &amp; vid\u00e9o  Processeur graphique Intel HD Graphics  Dimensions et poids  Largeur 37.5 cm  Profondeur 25.3 cm  Hauteur 2.23 cm  Poids 1,8Kgs  Dimensions (LxPxH) 37.5 cm x 25.3 cm x 2.23 cm   Garantie (\u00b2) 2 ans - pi\u00e8ces, main d\u2019\u0153uvre et d\u00e9placement  Observations - Voir conditions et modalit\u00e9s particuli\u00e8res dans les CGV pour les produits d\u2019occasion. - Ces garanties ne sont pas applicables aux produits vendus pour la marketplace. Ainsi qu\u2019aux produits vendus \u00e0 des professionnels et\/ou pour une usage professionnel. Merci de vous r\u00e9f\u00e9rer aux CGV du vendeur.","og_url":"https:\/\/novakmarket.com\/en\/product\/lenovo-156\/","og_site_name":"Novak Market","article_modified_time":"2021-11-29T19:19:48+00:00","og_image":[{"width":550,"height":550,"url":"https:\/\/novakmarket.com\/wp-content\/uploads\/2021\/11\/E1-1-1.jpg","type":"image\/jpeg"}],"twitter_card":"summary_large_image","schema":{"@context":"https:\/\/schema.org","@graph":[{"@type":"WebPage","@id":"https:\/\/novakmarket.com\/produit\/lenovo-156\/","url":"https:\/\/novakmarket.com\/produit\/lenovo-156\/","name":"Lenovo - 15,6\" - Novak Market","isPartOf":{"@id":"https:\/\/novakmarket.com\/#website"},"primaryImageOfPage":{"@id":"https:\/\/novakmarket.com\/produit\/lenovo-156\/#primaryimage"},"image":{"@id":"https:\/\/novakmarket.com\/produit\/lenovo-156\/#primaryimage"},"thumbnailUrl":"https:\/\/novakmarket.com\/wp-content\/uploads\/2021\/11\/E1-1-1.jpg","datePublished":"2021-11-29T19:19:38+00:00","dateModified":"2021-11-29T19:19:48+00:00","breadcrumb":{"@id":"https:\/\/novakmarket.com\/produit\/lenovo-156\/#breadcrumb"},"inLanguage":"en-US","potentialAction":[{"@type":"ReadAction","target":["https:\/\/novakmarket.com\/produit\/lenovo-156\/"]}]},{"@type":"ImageObject","inLanguage":"en-US","@id":"https:\/\/novakmarket.com\/produit\/lenovo-156\/#primaryimage","url":"https:\/\/novakmarket.com\/wp-content\/uploads\/2021\/11\/E1-1-1.jpg","contentUrl":"https:\/\/novakmarket.com\/wp-content\/uploads\/2021\/11\/E1-1-1.jpg","width":550,"height":550},{"@type":"BreadcrumbList","@id":"https:\/\/novakmarket.com\/produit\/lenovo-156\/#breadcrumb","itemListElement":[{"@type":"ListItem","position":1,"name":"Accueil","item":"https:\/\/novakmarket.com\/"},{"@type":"ListItem","position":2,"name":"Boutique","item":"https:\/\/novakmarket.com\/shop\/"},{"@type":"ListItem","position":3,"name":"Lenovo &#8211; 15,6&#8243;"}]},{"@type":"WebSite","@id":"https:\/\/novakmarket.com\/#website","url":"https:\/\/novakmarket.com\/","name":"Novak Market","description":"Vente de produits \u00e9lectroniques.","publisher":{"@id":"https:\/\/novakmarket.com\/#organization"},"potentialAction":[{"@type":"SearchAction","target":{"@type":"EntryPoint","urlTemplate":"https:\/\/novakmarket.com\/?s={search_term_string}"},"query-input":{"@type":"PropertyValueSpecification","valueRequired":true,"valueName":"search_term_string"}}],"inLanguage":"en-US"},{"@type":"Organization","@id":"https:\/\/novakmarket.com\/#organization","name":"Novak Market","url":"https:\/\/novakmarket.com\/","logo":{"@type":"ImageObject","inLanguage":"en-US","@id":"https:\/\/novakmarket.com\/#\/schema\/logo\/image\/","url":"https:\/\/novakmarket.com\/wp-content\/uploads\/2026\/02\/cropped-footer-pc-removebg-preview.png","contentUrl":"https:\/\/novakmarket.com\/wp-content\/uploads\/2026\/02\/cropped-footer-pc-removebg-preview.png","width":202,"height":73,"caption":"Novak Market"},"image":{"@id":"https:\/\/novakmarket.com\/#\/schema\/logo\/image\/"}}]}},"_links":{"self":[{"href":"https:\/\/novakmarket.com\/en\/wp-json\/wp\/v2\/product\/6315","targetHints":{"allow":["GET"]}}],"collection":[{"href":"https:\/\/novakmarket.com\/en\/wp-json\/wp\/v2\/product"}],"about":[{"href":"https:\/\/novakmarket.com\/en\/wp-json\/wp\/v2\/types\/product"}],"replies":[{"embeddable":true,"href":"https:\/\/novakmarket.com\/en\/wp-json\/wp\/v2\/comments?post=6315"}],"wp:featuredmedia":[{"embeddable":true,"href":"https:\/\/novakmarket.com\/en\/wp-json\/wp\/v2\/media\/6346"}],"wp:attachment":[{"href":"https:\/\/novakmarket.com\/en\/wp-json\/wp\/v2\/media?parent=6315"}],"wp:term":[{"taxonomy":"product_brand","embeddable":true,"href":"https:\/\/novakmarket.com\/en\/wp-json\/wp\/v2\/product_brand?post=6315"},{"taxonomy":"product_cat","embeddable":true,"href":"https:\/\/novakmarket.com\/en\/wp-json\/wp\/v2\/product_cat?post=6315"},{"taxonomy":"product_tag","embeddable":true,"href":"https:\/\/novakmarket.com\/en\/wp-json\/wp\/v2\/product_tag?post=6315"}],"curies":[{"name":"wp","href":"https:\/\/api.w.org\/{rel}","templated":true}]}}