{"id":6324,"date":"2021-11-29T20:19:39","date_gmt":"2021-11-29T19:19:39","guid":{"rendered":"https:\/\/bestymarketshop.com\/?post_type=product&#038;p=6324"},"modified":"2021-12-02T15:31:31","modified_gmt":"2021-12-02T14:31:31","slug":"lenovo-ordinateur-portable","status":"publish","type":"product","link":"https:\/\/novakmarket.com\/en\/product\/lenovo-ordinateur-portable\/","title":{"rendered":"LENOVO Ordinateur portable"},"content":{"rendered":"<p><img loading=\"lazy\" decoding=\"async\" class=\"alignnone size-medium wp-image-9155\" src=\"https:\/\/esther-market.com\/wp-content\/uploads\/2020\/07\/E11-3-300x300.jpg\" alt=\"\" width=\"300\" height=\"300\" \/><\/p>","protected":false},"excerpt":{"rendered":"<table class=\"fpDescTb fpDescTbPub\">\n<tbody>\n<tr>\n<td>Nom du produit<\/td>\n<td>LENOVO Ordinateur portable &#8211; V145-15AST 81MT0028FR<\/td>\n<\/tr>\n<tr>\n<td>Cat\u00e9gorie<\/td>\n<td>ORDINATEUR PORTABLE<\/td>\n<\/tr>\n<tr>\n<th colspan=\"2\">Informations sur le produit<\/th>\n<\/tr>\n<tr>\n<td>Usage<\/td>\n<td>Basique &amp; Bureautique<\/td>\n<\/tr>\n<tr>\n<th colspan=\"2\">G\u00e9n\u00e9ral<\/th>\n<\/tr>\n<tr>\n<td>Syst\u00e8me d&#8217;exploitation<\/td>\n<td>Windows 10 Edition Familiale 64 bits &#8211; fran\u00e7ais<\/td>\n<\/tr>\n<tr>\n<td>Type de Produit<\/td>\n<td>Ordinateur portable<\/td>\n<\/tr>\n<tr>\n<th colspan=\"2\">Affichage<\/th>\n<\/tr>\n<tr>\n<td>Type<\/td>\n<td>15.6&#8243;<\/td>\n<\/tr>\n<tr>\n<td>Technologie de r\u00e9tro\u00e9clairage LCD<\/td>\n<td>R\u00e9tro\u00e9clairage par LED<\/td>\n<\/tr>\n<tr>\n<td>R\u00e9solution<\/td>\n<td>1366 x 768 (HD)<\/td>\n<\/tr>\n<tr>\n<td>Fonctions<\/td>\n<td>Anti-\u00e9blouissement<\/td>\n<\/tr>\n<tr>\n<td>Grand \u00e9cran<\/td>\n<td>Oui<\/td>\n<\/tr>\n<tr>\n<td>Format de l&#8217;image<\/td>\n<td>16:9<\/td>\n<\/tr>\n<tr>\n<td>Luminosit\u00e9 de l&#8217;image<\/td>\n<td>200 cd\/m\u00b2<\/td>\n<\/tr>\n<tr>\n<th colspan=\"2\">Stockage<\/th>\n<\/tr>\n<tr>\n<td>Lecteur optique<\/td>\n<td>Graveur de DVD &#8211; plateau<\/td>\n<\/tr>\n<tr>\n<td>Stockage principal<\/td>\n<td>1 To HDD SATA 6Gb\/s &#8211; Seagate<\/td>\n<\/tr>\n<tr>\n<th colspan=\"2\">M\u00e9moire<\/th>\n<\/tr>\n<tr>\n<td>RAM<\/td>\n<td>4 Go (1 x 4 Go)<\/td>\n<\/tr>\n<tr>\n<td>Technologie<\/td>\n<td>DDR4 SDRAM<\/td>\n<\/tr>\n<tr>\n<td>Vitesse<\/td>\n<td>2133 MHz<\/td>\n<\/tr>\n<tr>\n<td>Format<\/td>\n<td>SO DIMM 260 broches<\/td>\n<\/tr>\n<tr>\n<td>Vitesse nominale<\/td>\n<td>2666 MHz<\/td>\n<\/tr>\n<tr>\n<td>Nombre d&#8217;emplacements<\/td>\n<td>1<\/td>\n<\/tr>\n<tr>\n<td>Emplacements m\u00e9moire libre<\/td>\n<td>0<\/td>\n<\/tr>\n<tr>\n<th colspan=\"2\">Audio &amp; vid\u00e9o<\/th>\n<\/tr>\n<tr>\n<td>Processeur graphique<\/td>\n<td>AMD Radeon R3<\/td>\n<\/tr>\n<tr>\n<td>Cam\u00e9ra<\/td>\n<td>Oui<\/td>\n<\/tr>\n<tr>\n<td>R\u00e9solution<\/td>\n<td>0,3 M\u00e9gapixel<\/td>\n<\/tr>\n<tr>\n<td>Son<\/td>\n<td>Haut-parleurs st\u00e9r\u00e9o, microphone<\/td>\n<\/tr>\n<tr>\n<td>Normes de conformit\u00e9<\/td>\n<td>Audio haute d\u00e9finition, Dolby Audio<\/td>\n<\/tr>\n<tr>\n<th colspan=\"2\">Communications<\/th>\n<\/tr>\n<tr>\n<td>Sans fil<\/td>\n<td>802.11a\/b\/g\/n\/ac, Bluetooth 4.1<\/td>\n<\/tr>\n<tr>\n<td>Interface r\u00e9seau<\/td>\n<td>Gigabit Ethernet<\/td>\n<\/tr>\n<tr>\n<td>Contr\u00f4leur sans fil<\/td>\n<td>Realtek RTL8821CE &#8211; M.2 Card<\/td>\n<\/tr>\n<tr>\n<th colspan=\"2\">Connexions &amp; extension<\/th>\n<\/tr>\n<tr>\n<td>Lecteur de carte m\u00e9moire<\/td>\n<td>4 en 1 (carte SD, MultiMediaCard, carte SDHC, carte SDXC)<\/td>\n<\/tr>\n<tr>\n<td>Interfaces<\/td>\n<td>2 x USB 3.0<br \/>\nHDMI<br \/>\nLAN<br \/>\nPrise combo casque\/microphone<\/td>\n<\/tr>\n<tr>\n<th colspan=\"2\">Entr\u00e9e<\/th>\n<\/tr>\n<tr>\n<td>Type<\/td>\n<td>Clavier, Pav\u00e9 tactile<\/td>\n<\/tr>\n<tr>\n<td>Caract\u00e9ristiques<\/td>\n<td>Pav\u00e9 tactile multi-touches<\/td>\n<\/tr>\n<tr>\n<td>Disposition du clavier<\/td>\n<td>Fran\u00e7ais<\/td>\n<\/tr>\n<tr>\n<td>Clavier num\u00e9rique<\/td>\n<td>Oui<\/td>\n<\/tr>\n<tr>\n<th colspan=\"2\">Batterie<\/th>\n<\/tr>\n<tr>\n<td>Technologie<\/td>\n<td>2 cellules Lithium Ion<\/td>\n<\/tr>\n<tr>\n<td>Capacit\u00e9<\/td>\n<td>30 Wh<\/td>\n<\/tr>\n<tr>\n<td>Dur\u00e9e de fonctionnement<\/td>\n<td>Jusqu&#8217;\u00e0 5 heures<\/td>\n<\/tr>\n<tr>\n<th colspan=\"2\">Divers<\/th>\n<\/tr>\n<tr>\n<td>Couleur<\/td>\n<td>Noir<\/td>\n<\/tr>\n<tr>\n<td>Caract\u00e9ristiques<\/td>\n<td>Mot de passe administrateur, acc\u00e8s s\u00e9curis\u00e9 au disque dur, mot de passe \u00e0 la mise sous tension<\/td>\n<\/tr>\n<tr>\n<td>Localisation<\/td>\n<td>Langue : fran\u00e7ais \/ r\u00e9gion : France<\/td>\n<\/tr>\n<tr>\n<td>S\u00e9curit\u00e9<\/td>\n<td>Firmware Trusted Platform Module (TPM 2.0) Security Chip<\/td>\n<\/tr>\n<tr>\n<td>Protection antivol\/anti-intrusion<\/td>\n<td>Fente de verrouillage de s\u00e9curit\u00e9 (c\u00e2ble de verrouillage vendu s\u00e9par\u00e9ment)<\/td>\n<\/tr>\n<tr>\n<td>Normes de conformit\u00e9<\/td>\n<td>RoHS<\/td>\n<\/tr>\n<tr>\n<td>Mati\u00e8re du boitier<\/td>\n<td>ABS polycarbonate<\/td>\n<\/tr>\n<tr>\n<td>Type de logement de s\u00e9curit\u00e9<\/td>\n<td>Mini serrure de s\u00e9curit\u00e9 Kensington<\/td>\n<\/tr>\n<tr>\n<th colspan=\"2\">Dimensions et poids<\/th>\n<\/tr>\n<tr>\n<td>Poids<\/td>\n<td>2.1 kg<\/td>\n<\/tr>\n<tr>\n<td>Dimensions (LxPxH)<\/td>\n<td>37.56 cm x 25.34 cm x 2.27 cm<\/td>\n<\/tr>\n<tr>\n<th colspan=\"2\">Normes environnementales<\/th>\n<\/tr>\n<tr>\n<td>Certifi\u00e9 ENERGY STAR<\/td>\n<td>Oui<\/td>\n<\/tr>\n<tr>\n<th colspan=\"2\">Garantie du fabricant<\/th>\n<\/tr>\n<tr>\n<td>Service et maintenance<\/td>\n<td>Garantie limit\u00e9e &#8211; 1 an &#8211; enl\u00e8vement et retour<\/td>\n<\/tr>\n<tr>\n<th colspan=\"2\">Adaptateur CA<\/th>\n<\/tr>\n<tr>\n<td>Entr\u00e9e<\/td>\n<td>CA 120\/230 V (50\/60 Hz)<\/td>\n<\/tr>\n<tr>\n<td>Sortie<\/td>\n<td>45 Watt, 20 V, 2.25 A<\/td>\n<\/tr>\n<tr>\n<th colspan=\"2\">Attributs de recherche<\/th>\n<\/tr>\n<tr>\n<td>Stockage optique|Type de lecteur<\/td>\n<td>Graveur de DVD<\/td>\n<\/tr>\n<tr>\n<th colspan=\"2\">Processeur \/ Chipset<\/th>\n<\/tr>\n<tr>\n<td>Cache<\/td>\n<td>L2<\/td>\n<\/tr>\n<tr>\n<td>CPU<\/td>\n<td>AMD A4 9125 \/ 2.3 GHz<\/td>\n<\/tr>\n<tr>\n<td>Fonctions<\/td>\n<td>Contr\u00f4leur de m\u00e9moire int\u00e9gr\u00e9<\/td>\n<\/tr>\n<tr>\n<td>Nombre de coeurs<\/td>\n<td>Double coeur<\/td>\n<\/tr>\n<tr>\n<td>Technologie 64 bits<\/td>\n<td>Oui<\/td>\n<\/tr>\n<tr>\n<td>Vitesse maximale en mode Turbo<\/td>\n<td>2.6 GHz<\/td>\n<\/tr>\n<\/tbody>\n<\/table>","protected":false},"featured_media":6356,"comment_status":"open","ping_status":"closed","template":"","meta":{"_acf_changed":false},"product_brand":[],"product_cat":[304],"product_tag":[],"class_list":{"0":"post-6324","1":"product","2":"type-product","3":"status-publish","4":"has-post-thumbnail","6":"product_cat-lenovo","8":"first","9":"instock","10":"shipping-taxable","11":"purchasable","12":"product-type-simple"},"acf":[],"yoast_head":"<!-- This site is optimized with the Yoast SEO plugin v27.2 - https:\/\/yoast.com\/product\/yoast-seo-wordpress\/ -->\n<title>LENOVO Ordinateur portable - Novak Market<\/title>\n<meta name=\"robots\" content=\"index, follow, max-snippet:-1, max-image-preview:large, max-video-preview:-1\" \/>\n<link rel=\"canonical\" href=\"https:\/\/novakmarket.com\/en\/product\/lenovo-ordinateur-portable\/\" \/>\n<meta property=\"og:locale\" content=\"en_US\" \/>\n<meta property=\"og:type\" content=\"article\" \/>\n<meta property=\"og:title\" content=\"LENOVO Ordinateur portable - Novak Market\" \/>\n<meta property=\"og:description\" content=\"Nom du produit LENOVO Ordinateur portable - V145-15AST 81MT0028FR  Cat\u00e9gorie ORDINATEUR PORTABLE  Informations sur le produit  Usage Basique &amp; Bureautique  G\u00e9n\u00e9ral  Syst\u00e8me d&#039;exploitation Windows 10 Edition Familiale 64 bits - fran\u00e7ais  Type de Produit Ordinateur portable  Affichage  Type 15.6&quot;  Technologie de r\u00e9tro\u00e9clairage LCD R\u00e9tro\u00e9clairage par LED  R\u00e9solution 1366 x 768 (HD)  Fonctions Anti-\u00e9blouissement  Grand \u00e9cran Oui  Format de l&#039;image 16:9  Luminosit\u00e9 de l&#039;image 200 cd\/m\u00b2  Stockage  Lecteur optique Graveur de DVD - plateau  Stockage principal 1 To HDD SATA 6Gb\/s - Seagate  M\u00e9moire  RAM 4 Go (1 x 4 Go)  Technologie DDR4 SDRAM  Vitesse 2133 MHz  Format SO DIMM 260 broches  Vitesse nominale 2666 MHz  Nombre d&#039;emplacements 1  Emplacements m\u00e9moire libre 0  Audio &amp; vid\u00e9o  Processeur graphique AMD Radeon R3  Cam\u00e9ra Oui  R\u00e9solution 0,3 M\u00e9gapixel  Son Haut-parleurs st\u00e9r\u00e9o, microphone  Normes de conformit\u00e9 Audio haute d\u00e9finition, Dolby Audio  Communications  Sans fil 802.11a\/b\/g\/n\/ac, Bluetooth 4.1  Interface r\u00e9seau Gigabit Ethernet  Contr\u00f4leur sans fil Realtek RTL8821CE - M.2 Card  Connexions &amp; extension  Lecteur de carte m\u00e9moire 4 en 1 (carte SD, MultiMediaCard, carte SDHC, carte SDXC)  Interfaces 2 x USB 3.0 HDMI LAN Prise combo casque\/microphone  Entr\u00e9e  Type Clavier, Pav\u00e9 tactile  Caract\u00e9ristiques Pav\u00e9 tactile multi-touches  Disposition du clavier Fran\u00e7ais  Clavier num\u00e9rique Oui  Batterie  Technologie 2 cellules Lithium Ion  Capacit\u00e9 30 Wh  Dur\u00e9e de fonctionnement Jusqu&#039;\u00e0 5 heures  Divers  Couleur Noir  Caract\u00e9ristiques Mot de passe administrateur, acc\u00e8s s\u00e9curis\u00e9 au disque dur, mot de passe \u00e0 la mise sous tension  Localisation Langue : fran\u00e7ais \/ r\u00e9gion : France  S\u00e9curit\u00e9 Firmware Trusted Platform Module (TPM 2.0) Security Chip  Protection antivol\/anti-intrusion Fente de verrouillage de s\u00e9curit\u00e9 (c\u00e2ble de verrouillage vendu s\u00e9par\u00e9ment)  Normes de conformit\u00e9 RoHS  Mati\u00e8re du boitier ABS polycarbonate  Type de logement de s\u00e9curit\u00e9 Mini serrure de s\u00e9curit\u00e9 Kensington  Dimensions et poids  Poids 2.1 kg  Dimensions (LxPxH) 37.56 cm x 25.34 cm x 2.27 cm  Normes environnementales  Certifi\u00e9 ENERGY STAR Oui  Garantie du fabricant  Service et maintenance Garantie limit\u00e9e - 1 an - enl\u00e8vement et retour  Adaptateur CA  Entr\u00e9e CA 120\/230 V (50\/60 Hz)  Sortie 45 Watt, 20 V, 2.25 A  Attributs de recherche  Stockage optique|Type de lecteur Graveur de DVD  Processeur \/ Chipset  Cache L2  CPU AMD A4 9125 \/ 2.3 GHz  Fonctions Contr\u00f4leur de m\u00e9moire int\u00e9gr\u00e9  Nombre de coeurs Double coeur  Technologie 64 bits Oui  Vitesse maximale en mode Turbo 2.6 GHz\" \/>\n<meta property=\"og:url\" content=\"https:\/\/novakmarket.com\/en\/product\/lenovo-ordinateur-portable\/\" \/>\n<meta property=\"og:site_name\" content=\"Novak Market\" \/>\n<meta property=\"article:modified_time\" content=\"2021-12-02T14:31:31+00:00\" \/>\n<meta property=\"og:image\" content=\"https:\/\/novakmarket.com\/wp-content\/uploads\/2021\/11\/E11-3.jpg\" \/>\n\t<meta property=\"og:image:width\" content=\"700\" \/>\n\t<meta property=\"og:image:height\" content=\"700\" \/>\n\t<meta property=\"og:image:type\" content=\"image\/jpeg\" \/>\n<meta name=\"twitter:card\" content=\"summary_large_image\" \/>\n<script type=\"application\/ld+json\" class=\"yoast-schema-graph\">{\"@context\":\"https:\/\/schema.org\",\"@graph\":[{\"@type\":\"WebPage\",\"@id\":\"https:\/\/novakmarket.com\/produit\/lenovo-ordinateur-portable\/\",\"url\":\"https:\/\/novakmarket.com\/produit\/lenovo-ordinateur-portable\/\",\"name\":\"LENOVO Ordinateur portable - Novak Market\",\"isPartOf\":{\"@id\":\"https:\/\/novakmarket.com\/#website\"},\"primaryImageOfPage\":{\"@id\":\"https:\/\/novakmarket.com\/produit\/lenovo-ordinateur-portable\/#primaryimage\"},\"image\":{\"@id\":\"https:\/\/novakmarket.com\/produit\/lenovo-ordinateur-portable\/#primaryimage\"},\"thumbnailUrl\":\"https:\/\/novakmarket.com\/wp-content\/uploads\/2021\/11\/E11-3.jpg\",\"datePublished\":\"2021-11-29T19:19:39+00:00\",\"dateModified\":\"2021-12-02T14:31:31+00:00\",\"breadcrumb\":{\"@id\":\"https:\/\/novakmarket.com\/produit\/lenovo-ordinateur-portable\/#breadcrumb\"},\"inLanguage\":\"en-US\",\"potentialAction\":[{\"@type\":\"ReadAction\",\"target\":[\"https:\/\/novakmarket.com\/produit\/lenovo-ordinateur-portable\/\"]}]},{\"@type\":\"ImageObject\",\"inLanguage\":\"en-US\",\"@id\":\"https:\/\/novakmarket.com\/produit\/lenovo-ordinateur-portable\/#primaryimage\",\"url\":\"https:\/\/novakmarket.com\/wp-content\/uploads\/2021\/11\/E11-3.jpg\",\"contentUrl\":\"https:\/\/novakmarket.com\/wp-content\/uploads\/2021\/11\/E11-3.jpg\",\"width\":700,\"height\":700},{\"@type\":\"BreadcrumbList\",\"@id\":\"https:\/\/novakmarket.com\/produit\/lenovo-ordinateur-portable\/#breadcrumb\",\"itemListElement\":[{\"@type\":\"ListItem\",\"position\":1,\"name\":\"Accueil\",\"item\":\"https:\/\/novakmarket.com\/\"},{\"@type\":\"ListItem\",\"position\":2,\"name\":\"Boutique\",\"item\":\"https:\/\/novakmarket.com\/shop\/\"},{\"@type\":\"ListItem\",\"position\":3,\"name\":\"LENOVO Ordinateur portable\"}]},{\"@type\":\"WebSite\",\"@id\":\"https:\/\/novakmarket.com\/#website\",\"url\":\"https:\/\/novakmarket.com\/\",\"name\":\"Novak Market\",\"description\":\"Vente de produits \u00e9lectroniques.\",\"publisher\":{\"@id\":\"https:\/\/novakmarket.com\/#organization\"},\"potentialAction\":[{\"@type\":\"SearchAction\",\"target\":{\"@type\":\"EntryPoint\",\"urlTemplate\":\"https:\/\/novakmarket.com\/?s={search_term_string}\"},\"query-input\":{\"@type\":\"PropertyValueSpecification\",\"valueRequired\":true,\"valueName\":\"search_term_string\"}}],\"inLanguage\":\"en-US\"},{\"@type\":\"Organization\",\"@id\":\"https:\/\/novakmarket.com\/#organization\",\"name\":\"Novak Market\",\"url\":\"https:\/\/novakmarket.com\/\",\"logo\":{\"@type\":\"ImageObject\",\"inLanguage\":\"en-US\",\"@id\":\"https:\/\/novakmarket.com\/#\/schema\/logo\/image\/\",\"url\":\"https:\/\/novakmarket.com\/wp-content\/uploads\/2026\/02\/cropped-footer-pc-removebg-preview.png\",\"contentUrl\":\"https:\/\/novakmarket.com\/wp-content\/uploads\/2026\/02\/cropped-footer-pc-removebg-preview.png\",\"width\":202,\"height\":73,\"caption\":\"Novak Market\"},\"image\":{\"@id\":\"https:\/\/novakmarket.com\/#\/schema\/logo\/image\/\"}}]}<\/script>\n<!-- \/ Yoast SEO plugin. -->","yoast_head_json":{"title":"LENOVO Ordinateur portable - Novak Market","robots":{"index":"index","follow":"follow","max-snippet":"max-snippet:-1","max-image-preview":"max-image-preview:large","max-video-preview":"max-video-preview:-1"},"canonical":"https:\/\/novakmarket.com\/en\/product\/lenovo-ordinateur-portable\/","og_locale":"en_US","og_type":"article","og_title":"LENOVO Ordinateur portable - Novak Market","og_description":"Nom du produit LENOVO Ordinateur portable - V145-15AST 81MT0028FR  Cat\u00e9gorie ORDINATEUR PORTABLE  Informations sur le produit  Usage Basique &amp; Bureautique  G\u00e9n\u00e9ral  Syst\u00e8me d'exploitation Windows 10 Edition Familiale 64 bits - fran\u00e7ais  Type de Produit Ordinateur portable  Affichage  Type 15.6\"  Technologie de r\u00e9tro\u00e9clairage LCD R\u00e9tro\u00e9clairage par LED  R\u00e9solution 1366 x 768 (HD)  Fonctions Anti-\u00e9blouissement  Grand \u00e9cran Oui  Format de l'image 16:9  Luminosit\u00e9 de l'image 200 cd\/m\u00b2  Stockage  Lecteur optique Graveur de DVD - plateau  Stockage principal 1 To HDD SATA 6Gb\/s - Seagate  M\u00e9moire  RAM 4 Go (1 x 4 Go)  Technologie DDR4 SDRAM  Vitesse 2133 MHz  Format SO DIMM 260 broches  Vitesse nominale 2666 MHz  Nombre d'emplacements 1  Emplacements m\u00e9moire libre 0  Audio &amp; vid\u00e9o  Processeur graphique AMD Radeon R3  Cam\u00e9ra Oui  R\u00e9solution 0,3 M\u00e9gapixel  Son Haut-parleurs st\u00e9r\u00e9o, microphone  Normes de conformit\u00e9 Audio haute d\u00e9finition, Dolby Audio  Communications  Sans fil 802.11a\/b\/g\/n\/ac, Bluetooth 4.1  Interface r\u00e9seau Gigabit Ethernet  Contr\u00f4leur sans fil Realtek RTL8821CE - M.2 Card  Connexions &amp; extension  Lecteur de carte m\u00e9moire 4 en 1 (carte SD, MultiMediaCard, carte SDHC, carte SDXC)  Interfaces 2 x USB 3.0 HDMI LAN Prise combo casque\/microphone  Entr\u00e9e  Type Clavier, Pav\u00e9 tactile  Caract\u00e9ristiques Pav\u00e9 tactile multi-touches  Disposition du clavier Fran\u00e7ais  Clavier num\u00e9rique Oui  Batterie  Technologie 2 cellules Lithium Ion  Capacit\u00e9 30 Wh  Dur\u00e9e de fonctionnement Jusqu'\u00e0 5 heures  Divers  Couleur Noir  Caract\u00e9ristiques Mot de passe administrateur, acc\u00e8s s\u00e9curis\u00e9 au disque dur, mot de passe \u00e0 la mise sous tension  Localisation Langue : fran\u00e7ais \/ r\u00e9gion : France  S\u00e9curit\u00e9 Firmware Trusted Platform Module (TPM 2.0) Security Chip  Protection antivol\/anti-intrusion Fente de verrouillage de s\u00e9curit\u00e9 (c\u00e2ble de verrouillage vendu s\u00e9par\u00e9ment)  Normes de conformit\u00e9 RoHS  Mati\u00e8re du boitier ABS polycarbonate  Type de logement de s\u00e9curit\u00e9 Mini serrure de s\u00e9curit\u00e9 Kensington  Dimensions et poids  Poids 2.1 kg  Dimensions (LxPxH) 37.56 cm x 25.34 cm x 2.27 cm  Normes environnementales  Certifi\u00e9 ENERGY STAR Oui  Garantie du fabricant  Service et maintenance Garantie limit\u00e9e - 1 an - enl\u00e8vement et retour  Adaptateur CA  Entr\u00e9e CA 120\/230 V (50\/60 Hz)  Sortie 45 Watt, 20 V, 2.25 A  Attributs de recherche  Stockage optique|Type de lecteur Graveur de DVD  Processeur \/ Chipset  Cache L2  CPU AMD A4 9125 \/ 2.3 GHz  Fonctions Contr\u00f4leur de m\u00e9moire int\u00e9gr\u00e9  Nombre de coeurs Double coeur  Technologie 64 bits Oui  Vitesse maximale en mode Turbo 2.6 GHz","og_url":"https:\/\/novakmarket.com\/en\/product\/lenovo-ordinateur-portable\/","og_site_name":"Novak Market","article_modified_time":"2021-12-02T14:31:31+00:00","og_image":[{"width":700,"height":700,"url":"https:\/\/novakmarket.com\/wp-content\/uploads\/2021\/11\/E11-3.jpg","type":"image\/jpeg"}],"twitter_card":"summary_large_image","schema":{"@context":"https:\/\/schema.org","@graph":[{"@type":"WebPage","@id":"https:\/\/novakmarket.com\/produit\/lenovo-ordinateur-portable\/","url":"https:\/\/novakmarket.com\/produit\/lenovo-ordinateur-portable\/","name":"LENOVO Ordinateur portable - Novak Market","isPartOf":{"@id":"https:\/\/novakmarket.com\/#website"},"primaryImageOfPage":{"@id":"https:\/\/novakmarket.com\/produit\/lenovo-ordinateur-portable\/#primaryimage"},"image":{"@id":"https:\/\/novakmarket.com\/produit\/lenovo-ordinateur-portable\/#primaryimage"},"thumbnailUrl":"https:\/\/novakmarket.com\/wp-content\/uploads\/2021\/11\/E11-3.jpg","datePublished":"2021-11-29T19:19:39+00:00","dateModified":"2021-12-02T14:31:31+00:00","breadcrumb":{"@id":"https:\/\/novakmarket.com\/produit\/lenovo-ordinateur-portable\/#breadcrumb"},"inLanguage":"en-US","potentialAction":[{"@type":"ReadAction","target":["https:\/\/novakmarket.com\/produit\/lenovo-ordinateur-portable\/"]}]},{"@type":"ImageObject","inLanguage":"en-US","@id":"https:\/\/novakmarket.com\/produit\/lenovo-ordinateur-portable\/#primaryimage","url":"https:\/\/novakmarket.com\/wp-content\/uploads\/2021\/11\/E11-3.jpg","contentUrl":"https:\/\/novakmarket.com\/wp-content\/uploads\/2021\/11\/E11-3.jpg","width":700,"height":700},{"@type":"BreadcrumbList","@id":"https:\/\/novakmarket.com\/produit\/lenovo-ordinateur-portable\/#breadcrumb","itemListElement":[{"@type":"ListItem","position":1,"name":"Accueil","item":"https:\/\/novakmarket.com\/"},{"@type":"ListItem","position":2,"name":"Boutique","item":"https:\/\/novakmarket.com\/shop\/"},{"@type":"ListItem","position":3,"name":"LENOVO Ordinateur portable"}]},{"@type":"WebSite","@id":"https:\/\/novakmarket.com\/#website","url":"https:\/\/novakmarket.com\/","name":"Novak Market","description":"Vente de produits \u00e9lectroniques.","publisher":{"@id":"https:\/\/novakmarket.com\/#organization"},"potentialAction":[{"@type":"SearchAction","target":{"@type":"EntryPoint","urlTemplate":"https:\/\/novakmarket.com\/?s={search_term_string}"},"query-input":{"@type":"PropertyValueSpecification","valueRequired":true,"valueName":"search_term_string"}}],"inLanguage":"en-US"},{"@type":"Organization","@id":"https:\/\/novakmarket.com\/#organization","name":"Novak Market","url":"https:\/\/novakmarket.com\/","logo":{"@type":"ImageObject","inLanguage":"en-US","@id":"https:\/\/novakmarket.com\/#\/schema\/logo\/image\/","url":"https:\/\/novakmarket.com\/wp-content\/uploads\/2026\/02\/cropped-footer-pc-removebg-preview.png","contentUrl":"https:\/\/novakmarket.com\/wp-content\/uploads\/2026\/02\/cropped-footer-pc-removebg-preview.png","width":202,"height":73,"caption":"Novak Market"},"image":{"@id":"https:\/\/novakmarket.com\/#\/schema\/logo\/image\/"}}]}},"_links":{"self":[{"href":"https:\/\/novakmarket.com\/en\/wp-json\/wp\/v2\/product\/6324","targetHints":{"allow":["GET"]}}],"collection":[{"href":"https:\/\/novakmarket.com\/en\/wp-json\/wp\/v2\/product"}],"about":[{"href":"https:\/\/novakmarket.com\/en\/wp-json\/wp\/v2\/types\/product"}],"replies":[{"embeddable":true,"href":"https:\/\/novakmarket.com\/en\/wp-json\/wp\/v2\/comments?post=6324"}],"wp:featuredmedia":[{"embeddable":true,"href":"https:\/\/novakmarket.com\/en\/wp-json\/wp\/v2\/media\/6356"}],"wp:attachment":[{"href":"https:\/\/novakmarket.com\/en\/wp-json\/wp\/v2\/media?parent=6324"}],"wp:term":[{"taxonomy":"product_brand","embeddable":true,"href":"https:\/\/novakmarket.com\/en\/wp-json\/wp\/v2\/product_brand?post=6324"},{"taxonomy":"product_cat","embeddable":true,"href":"https:\/\/novakmarket.com\/en\/wp-json\/wp\/v2\/product_cat?post=6324"},{"taxonomy":"product_tag","embeddable":true,"href":"https:\/\/novakmarket.com\/en\/wp-json\/wp\/v2\/product_tag?post=6324"}],"curies":[{"name":"wp","href":"https:\/\/api.w.org\/{rel}","templated":true}]}}