{"id":6418,"date":"2021-11-29T20:20:37","date_gmt":"2021-11-29T19:20:37","guid":{"rendered":"https:\/\/bestymarketshop.com\/?post_type=product&#038;p=6418"},"modified":"2021-11-29T20:20:46","modified_gmt":"2021-11-29T19:20:46","slug":"costway-canape-lit-fauteuil","status":"publish","type":"product","link":"https:\/\/novakmarket.com\/en\/product\/costway-canape-lit-fauteuil\/","title":{"rendered":"COSTWAY Canap\u00e9-lit Fauteuil"},"content":{"rendered":"<p>&nbsp;<br \/>\n<img loading=\"lazy\" decoding=\"async\" class=\"alignnone size-medium wp-image-5777\" src=\"https:\/\/electroshoptonic.com\/wp-content\/uploads\/2020\/05\/AAZ6-300x300.jpg\" alt=\"\" width=\"300\" height=\"300\" \/><br \/>\n&nbsp;<br \/>\nCaract\u00e9ristiques :\uff5c Fauteuil chauffeuse 56 x 54 x 83cm ( L x l x H ) de canap\u00e9 est id\u00e9al pour salon,bureu,chambre\uff5c Confortable avec 2 accoudoirs et coussin\uff5c Facile \u00e0 nettoyer gr\u00e2ce \u00e0 la fermeture \u00e9clair\uff5c Durabilit\u00e9 avec les mati\u00e8res de haute qualit\u00e9\uff5c<br \/>\n&nbsp;<br \/>\n&nbsp;<\/p>","protected":false},"excerpt":{"rendered":"<p>&nbsp; &nbsp; Caract\u00e9ristiques :\uff5c Fauteuil chauffeuse 56 x 54 x 83cm ( L x l x H ) de canap\u00e9 est id\u00e9al pour salon,bureu,chambre\uff5c Confortable avec 2 accoudoirs et coussin\uff5c<\/p>","protected":false},"featured_media":6453,"comment_status":"open","ping_status":"closed","template":"","meta":{"_acf_changed":false},"product_brand":[],"product_cat":[285],"product_tag":[],"class_list":{"0":"post-6418","1":"product","2":"type-product","3":"status-publish","4":"has-post-thumbnail","6":"product_cat-meubles","8":"first","9":"instock","10":"shipping-taxable","11":"purchasable","12":"product-type-simple"},"acf":[],"yoast_head":"<!-- This site is optimized with the Yoast SEO plugin v27.2 - https:\/\/yoast.com\/product\/yoast-seo-wordpress\/ -->\n<title>COSTWAY Canap\u00e9-lit Fauteuil - Novak Market<\/title>\n<meta name=\"robots\" content=\"index, follow, max-snippet:-1, max-image-preview:large, max-video-preview:-1\" \/>\n<link rel=\"canonical\" href=\"https:\/\/novakmarket.com\/en\/product\/costway-canape-lit-fauteuil\/\" \/>\n<meta property=\"og:locale\" content=\"en_US\" \/>\n<meta property=\"og:type\" content=\"article\" \/>\n<meta property=\"og:title\" content=\"COSTWAY Canap\u00e9-lit Fauteuil - Novak Market\" \/>\n<meta property=\"og:description\" content=\"&nbsp; &nbsp; Caract\u00e9ristiques :\uff5c Fauteuil chauffeuse 56 x 54 x 83cm ( L x l x H ) de canap\u00e9 est id\u00e9al pour salon,bureu,chambre\uff5c Confortable avec 2 accoudoirs et coussin\uff5c\" \/>\n<meta property=\"og:url\" content=\"https:\/\/novakmarket.com\/en\/product\/costway-canape-lit-fauteuil\/\" \/>\n<meta property=\"og:site_name\" content=\"Novak Market\" \/>\n<meta property=\"article:modified_time\" content=\"2021-11-29T19:20:46+00:00\" \/>\n<meta property=\"og:image\" content=\"https:\/\/novakmarket.com\/wp-content\/uploads\/2021\/11\/AAZ6-2.jpg\" \/>\n\t<meta property=\"og:image:width\" content=\"550\" \/>\n\t<meta property=\"og:image:height\" content=\"550\" \/>\n\t<meta property=\"og:image:type\" content=\"image\/jpeg\" \/>\n<meta name=\"twitter:card\" content=\"summary_large_image\" \/>\n<script type=\"application\/ld+json\" class=\"yoast-schema-graph\">{\"@context\":\"https:\/\/schema.org\",\"@graph\":[{\"@type\":\"WebPage\",\"@id\":\"https:\/\/novakmarket.com\/produit\/costway-canape-lit-fauteuil\/\",\"url\":\"https:\/\/novakmarket.com\/produit\/costway-canape-lit-fauteuil\/\",\"name\":\"COSTWAY Canap\u00e9-lit Fauteuil - Novak Market\",\"isPartOf\":{\"@id\":\"https:\/\/novakmarket.com\/#website\"},\"primaryImageOfPage\":{\"@id\":\"https:\/\/novakmarket.com\/produit\/costway-canape-lit-fauteuil\/#primaryimage\"},\"image\":{\"@id\":\"https:\/\/novakmarket.com\/produit\/costway-canape-lit-fauteuil\/#primaryimage\"},\"thumbnailUrl\":\"https:\/\/novakmarket.com\/wp-content\/uploads\/2021\/11\/AAZ6-2.jpg\",\"datePublished\":\"2021-11-29T19:20:37+00:00\",\"dateModified\":\"2021-11-29T19:20:46+00:00\",\"breadcrumb\":{\"@id\":\"https:\/\/novakmarket.com\/produit\/costway-canape-lit-fauteuil\/#breadcrumb\"},\"inLanguage\":\"en-US\",\"potentialAction\":[{\"@type\":\"ReadAction\",\"target\":[\"https:\/\/novakmarket.com\/produit\/costway-canape-lit-fauteuil\/\"]}]},{\"@type\":\"ImageObject\",\"inLanguage\":\"en-US\",\"@id\":\"https:\/\/novakmarket.com\/produit\/costway-canape-lit-fauteuil\/#primaryimage\",\"url\":\"https:\/\/novakmarket.com\/wp-content\/uploads\/2021\/11\/AAZ6-2.jpg\",\"contentUrl\":\"https:\/\/novakmarket.com\/wp-content\/uploads\/2021\/11\/AAZ6-2.jpg\",\"width\":550,\"height\":550},{\"@type\":\"BreadcrumbList\",\"@id\":\"https:\/\/novakmarket.com\/produit\/costway-canape-lit-fauteuil\/#breadcrumb\",\"itemListElement\":[{\"@type\":\"ListItem\",\"position\":1,\"name\":\"Accueil\",\"item\":\"https:\/\/novakmarket.com\/\"},{\"@type\":\"ListItem\",\"position\":2,\"name\":\"Boutique\",\"item\":\"https:\/\/novakmarket.com\/shop\/\"},{\"@type\":\"ListItem\",\"position\":3,\"name\":\"COSTWAY Canap\u00e9-lit Fauteuil\"}]},{\"@type\":\"WebSite\",\"@id\":\"https:\/\/novakmarket.com\/#website\",\"url\":\"https:\/\/novakmarket.com\/\",\"name\":\"Novak Market\",\"description\":\"Vente de produits \u00e9lectroniques.\",\"publisher\":{\"@id\":\"https:\/\/novakmarket.com\/#organization\"},\"potentialAction\":[{\"@type\":\"SearchAction\",\"target\":{\"@type\":\"EntryPoint\",\"urlTemplate\":\"https:\/\/novakmarket.com\/?s={search_term_string}\"},\"query-input\":{\"@type\":\"PropertyValueSpecification\",\"valueRequired\":true,\"valueName\":\"search_term_string\"}}],\"inLanguage\":\"en-US\"},{\"@type\":\"Organization\",\"@id\":\"https:\/\/novakmarket.com\/#organization\",\"name\":\"Novak Market\",\"url\":\"https:\/\/novakmarket.com\/\",\"logo\":{\"@type\":\"ImageObject\",\"inLanguage\":\"en-US\",\"@id\":\"https:\/\/novakmarket.com\/#\/schema\/logo\/image\/\",\"url\":\"https:\/\/novakmarket.com\/wp-content\/uploads\/2026\/02\/cropped-footer-pc-removebg-preview.png\",\"contentUrl\":\"https:\/\/novakmarket.com\/wp-content\/uploads\/2026\/02\/cropped-footer-pc-removebg-preview.png\",\"width\":202,\"height\":73,\"caption\":\"Novak Market\"},\"image\":{\"@id\":\"https:\/\/novakmarket.com\/#\/schema\/logo\/image\/\"}}]}<\/script>\n<!-- \/ Yoast SEO plugin. -->","yoast_head_json":{"title":"COSTWAY Canap\u00e9-lit Fauteuil - Novak Market","robots":{"index":"index","follow":"follow","max-snippet":"max-snippet:-1","max-image-preview":"max-image-preview:large","max-video-preview":"max-video-preview:-1"},"canonical":"https:\/\/novakmarket.com\/en\/product\/costway-canape-lit-fauteuil\/","og_locale":"en_US","og_type":"article","og_title":"COSTWAY Canap\u00e9-lit Fauteuil - Novak Market","og_description":"&nbsp; &nbsp; Caract\u00e9ristiques :\uff5c Fauteuil chauffeuse 56 x 54 x 83cm ( L x l x H ) de canap\u00e9 est id\u00e9al pour salon,bureu,chambre\uff5c Confortable avec 2 accoudoirs et coussin\uff5c","og_url":"https:\/\/novakmarket.com\/en\/product\/costway-canape-lit-fauteuil\/","og_site_name":"Novak Market","article_modified_time":"2021-11-29T19:20:46+00:00","og_image":[{"width":550,"height":550,"url":"https:\/\/novakmarket.com\/wp-content\/uploads\/2021\/11\/AAZ6-2.jpg","type":"image\/jpeg"}],"twitter_card":"summary_large_image","schema":{"@context":"https:\/\/schema.org","@graph":[{"@type":"WebPage","@id":"https:\/\/novakmarket.com\/produit\/costway-canape-lit-fauteuil\/","url":"https:\/\/novakmarket.com\/produit\/costway-canape-lit-fauteuil\/","name":"COSTWAY Canap\u00e9-lit Fauteuil - Novak Market","isPartOf":{"@id":"https:\/\/novakmarket.com\/#website"},"primaryImageOfPage":{"@id":"https:\/\/novakmarket.com\/produit\/costway-canape-lit-fauteuil\/#primaryimage"},"image":{"@id":"https:\/\/novakmarket.com\/produit\/costway-canape-lit-fauteuil\/#primaryimage"},"thumbnailUrl":"https:\/\/novakmarket.com\/wp-content\/uploads\/2021\/11\/AAZ6-2.jpg","datePublished":"2021-11-29T19:20:37+00:00","dateModified":"2021-11-29T19:20:46+00:00","breadcrumb":{"@id":"https:\/\/novakmarket.com\/produit\/costway-canape-lit-fauteuil\/#breadcrumb"},"inLanguage":"en-US","potentialAction":[{"@type":"ReadAction","target":["https:\/\/novakmarket.com\/produit\/costway-canape-lit-fauteuil\/"]}]},{"@type":"ImageObject","inLanguage":"en-US","@id":"https:\/\/novakmarket.com\/produit\/costway-canape-lit-fauteuil\/#primaryimage","url":"https:\/\/novakmarket.com\/wp-content\/uploads\/2021\/11\/AAZ6-2.jpg","contentUrl":"https:\/\/novakmarket.com\/wp-content\/uploads\/2021\/11\/AAZ6-2.jpg","width":550,"height":550},{"@type":"BreadcrumbList","@id":"https:\/\/novakmarket.com\/produit\/costway-canape-lit-fauteuil\/#breadcrumb","itemListElement":[{"@type":"ListItem","position":1,"name":"Accueil","item":"https:\/\/novakmarket.com\/"},{"@type":"ListItem","position":2,"name":"Boutique","item":"https:\/\/novakmarket.com\/shop\/"},{"@type":"ListItem","position":3,"name":"COSTWAY Canap\u00e9-lit Fauteuil"}]},{"@type":"WebSite","@id":"https:\/\/novakmarket.com\/#website","url":"https:\/\/novakmarket.com\/","name":"Novak Market","description":"Vente de produits \u00e9lectroniques.","publisher":{"@id":"https:\/\/novakmarket.com\/#organization"},"potentialAction":[{"@type":"SearchAction","target":{"@type":"EntryPoint","urlTemplate":"https:\/\/novakmarket.com\/?s={search_term_string}"},"query-input":{"@type":"PropertyValueSpecification","valueRequired":true,"valueName":"search_term_string"}}],"inLanguage":"en-US"},{"@type":"Organization","@id":"https:\/\/novakmarket.com\/#organization","name":"Novak Market","url":"https:\/\/novakmarket.com\/","logo":{"@type":"ImageObject","inLanguage":"en-US","@id":"https:\/\/novakmarket.com\/#\/schema\/logo\/image\/","url":"https:\/\/novakmarket.com\/wp-content\/uploads\/2026\/02\/cropped-footer-pc-removebg-preview.png","contentUrl":"https:\/\/novakmarket.com\/wp-content\/uploads\/2026\/02\/cropped-footer-pc-removebg-preview.png","width":202,"height":73,"caption":"Novak Market"},"image":{"@id":"https:\/\/novakmarket.com\/#\/schema\/logo\/image\/"}}]}},"_links":{"self":[{"href":"https:\/\/novakmarket.com\/en\/wp-json\/wp\/v2\/product\/6418","targetHints":{"allow":["GET"]}}],"collection":[{"href":"https:\/\/novakmarket.com\/en\/wp-json\/wp\/v2\/product"}],"about":[{"href":"https:\/\/novakmarket.com\/en\/wp-json\/wp\/v2\/types\/product"}],"replies":[{"embeddable":true,"href":"https:\/\/novakmarket.com\/en\/wp-json\/wp\/v2\/comments?post=6418"}],"wp:featuredmedia":[{"embeddable":true,"href":"https:\/\/novakmarket.com\/en\/wp-json\/wp\/v2\/media\/6453"}],"wp:attachment":[{"href":"https:\/\/novakmarket.com\/en\/wp-json\/wp\/v2\/media?parent=6418"}],"wp:term":[{"taxonomy":"product_brand","embeddable":true,"href":"https:\/\/novakmarket.com\/en\/wp-json\/wp\/v2\/product_brand?post=6418"},{"taxonomy":"product_cat","embeddable":true,"href":"https:\/\/novakmarket.com\/en\/wp-json\/wp\/v2\/product_cat?post=6418"},{"taxonomy":"product_tag","embeddable":true,"href":"https:\/\/novakmarket.com\/en\/wp-json\/wp\/v2\/product_tag?post=6418"}],"curies":[{"name":"wp","href":"https:\/\/api.w.org\/{rel}","templated":true}]}}