{"id":6483,"date":"2021-11-29T20:21:08","date_gmt":"2021-11-29T19:21:08","guid":{"rendered":"https:\/\/bestymarketshop.com\/?post_type=product&#038;p=6483"},"modified":"2021-12-02T13:33:37","modified_gmt":"2021-12-02T12:33:37","slug":"rosieres-refrigerateur","status":"publish","type":"product","link":"https:\/\/novakmarket.com\/en\/product\/rosieres-refrigerateur\/","title":{"rendered":"ROSIERES &#8211; R\u00e9frig\u00e9rateur"},"content":{"rendered":"<p><img loading=\"lazy\" decoding=\"async\" class=\"alignnone size-medium wp-image-8431\" src=\"https:\/\/e-marketshopping.com\/wp-content\/uploads\/2020\/07\/W2-300x300.jpg\" alt=\"\" width=\"300\" height=\"300\" \/><\/p>\n<ul>\n<li>Garantie (\u00b2) : 2 ans &#8211; pi\u00e8ces, main d\u2019\u0153uvre et d\u00e9placement<\/li>\n<li>Type(s) de froid : Froid statique<\/li>\n<li>Volume utile total : 316 litres<\/li>\n<li>Niveau sonore maximal : 39 dB<\/li>\n<li>Portes r\u00e9versibles : Oui<\/li>\n<\/ul>","protected":false},"excerpt":{"rendered":"<table class=\"fpDescTb fpDescTbPub\">\n<tbody>\n<tr>\n<td>Nom du produit<\/td>\n<td>ROSIERES RBLP3683-3 &#8211; R\u00e9frig\u00e9rateur 1 porte &#8211; Enca<\/td>\n<\/tr>\n<tr>\n<td>Cat\u00e9gorie<\/td>\n<td>R\u00c9FRIG\u00c9RATEUR CLASSIQUE<\/td>\n<\/tr>\n<tr>\n<th colspan=\"2\">G\u00e9n\u00e9ral<\/th>\n<\/tr>\n<tr>\n<td>Type de Produit<\/td>\n<td>R\u00e9frig\u00e9rateur<\/td>\n<\/tr>\n<tr>\n<td>Cat\u00e9gorie de r\u00e9frig\u00e9rateur<\/td>\n<td>R\u00e9frig\u00e9rateur-cong\u00e9lateur et r\u00e9frig\u00e9rateur avec compartiment 0 \u00e9toile<\/td>\n<\/tr>\n<tr>\n<td>Classe \u00e9nerg\u00e9tique<\/td>\n<td>Classe A+<\/td>\n<\/tr>\n<tr>\n<td>Consommation d&#8217;\u00e9nergie annuelle<\/td>\n<td>151 kWh<\/td>\n<\/tr>\n<tr>\n<td>Volume utile total<\/td>\n<td>316 litres<\/td>\n<\/tr>\n<tr>\n<td>Volume utile de r\u00e9frig\u00e9rateur<\/td>\n<td>316 litres<\/td>\n<\/tr>\n<tr>\n<td>Classe climatique<\/td>\n<td>ST<\/td>\n<\/tr>\n<tr>\n<td>Niveau sonore maximum<\/td>\n<td>39 dB<\/td>\n<\/tr>\n<tr>\n<td>Format<\/td>\n<td>Int\u00e9grable<\/td>\n<\/tr>\n<tr>\n<td>Nombre de portes<\/td>\n<td>1<\/td>\n<\/tr>\n<tr>\n<td>Portes r\u00e9versibles<\/td>\n<td>Oui<\/td>\n<\/tr>\n<tr>\n<td>Eclairage int\u00e9rieur<\/td>\n<td>Eclairage int\u00e9rieur \u00e0 LED<\/td>\n<\/tr>\n<tr>\n<td>Caract\u00e9ristiques des portes<\/td>\n<td>Conception charni\u00e8re coulissante<\/td>\n<\/tr>\n<tr>\n<td>Type(s) de froid<\/td>\n<td>Froid statique<\/td>\n<\/tr>\n<tr>\n<td>D\u00e9givrage automatique<\/td>\n<td>Oui<\/td>\n<\/tr>\n<tr>\n<td>Gaz r\u00e9frig\u00e9rant<\/td>\n<td>R 600<\/td>\n<\/tr>\n<\/tbody>\n<\/table>","protected":false},"featured_media":6529,"comment_status":"open","ping_status":"closed","template":"","meta":{"_acf_changed":false},"product_brand":[],"product_cat":[282,308],"product_tag":[],"class_list":{"0":"post-6483","1":"product","2":"type-product","3":"status-publish","4":"has-post-thumbnail","6":"product_cat-appareils-electromenagers","7":"product_cat-froid","9":"first","10":"instock","11":"shipping-taxable","12":"purchasable","13":"product-type-simple"},"acf":[],"yoast_head":"<!-- This site is optimized with the Yoast SEO plugin v27.2 - https:\/\/yoast.com\/product\/yoast-seo-wordpress\/ -->\n<title>ROSIERES - R\u00e9frig\u00e9rateur - Novak Market<\/title>\n<meta name=\"robots\" content=\"index, follow, max-snippet:-1, max-image-preview:large, max-video-preview:-1\" \/>\n<link rel=\"canonical\" href=\"https:\/\/novakmarket.com\/en\/product\/rosieres-refrigerateur\/\" \/>\n<meta property=\"og:locale\" content=\"en_US\" \/>\n<meta property=\"og:type\" content=\"article\" \/>\n<meta property=\"og:title\" content=\"ROSIERES - R\u00e9frig\u00e9rateur - Novak Market\" \/>\n<meta property=\"og:description\" content=\"Nom du produit ROSIERES RBLP3683-3 - R\u00e9frig\u00e9rateur 1 porte - Enca  Cat\u00e9gorie R\u00c9FRIG\u00c9RATEUR CLASSIQUE  G\u00e9n\u00e9ral  Type de Produit R\u00e9frig\u00e9rateur  Cat\u00e9gorie de r\u00e9frig\u00e9rateur R\u00e9frig\u00e9rateur-cong\u00e9lateur et r\u00e9frig\u00e9rateur avec compartiment 0 \u00e9toile  Classe \u00e9nerg\u00e9tique Classe A+  Consommation d&#039;\u00e9nergie annuelle 151 kWh  Volume utile total 316 litres  Volume utile de r\u00e9frig\u00e9rateur 316 litres  Classe climatique ST  Niveau sonore maximum 39 dB  Format Int\u00e9grable  Nombre de portes 1  Portes r\u00e9versibles Oui  Eclairage int\u00e9rieur Eclairage int\u00e9rieur \u00e0 LED  Caract\u00e9ristiques des portes Conception charni\u00e8re coulissante  Type(s) de froid Froid statique  D\u00e9givrage automatique Oui  Gaz r\u00e9frig\u00e9rant R 600\" \/>\n<meta property=\"og:url\" content=\"https:\/\/novakmarket.com\/en\/product\/rosieres-refrigerateur\/\" \/>\n<meta property=\"og:site_name\" content=\"Novak Market\" \/>\n<meta property=\"article:modified_time\" content=\"2021-12-02T12:33:37+00:00\" \/>\n<meta property=\"og:image\" content=\"https:\/\/novakmarket.com\/wp-content\/uploads\/2021\/11\/W2-3.jpg\" \/>\n\t<meta property=\"og:image:width\" content=\"700\" \/>\n\t<meta property=\"og:image:height\" content=\"700\" \/>\n\t<meta property=\"og:image:type\" content=\"image\/jpeg\" \/>\n<meta name=\"twitter:card\" content=\"summary_large_image\" \/>\n<script type=\"application\/ld+json\" class=\"yoast-schema-graph\">{\"@context\":\"https:\/\/schema.org\",\"@graph\":[{\"@type\":\"WebPage\",\"@id\":\"https:\/\/novakmarket.com\/produit\/rosieres-refrigerateur\/\",\"url\":\"https:\/\/novakmarket.com\/produit\/rosieres-refrigerateur\/\",\"name\":\"ROSIERES - R\u00e9frig\u00e9rateur - Novak Market\",\"isPartOf\":{\"@id\":\"https:\/\/novakmarket.com\/#website\"},\"primaryImageOfPage\":{\"@id\":\"https:\/\/novakmarket.com\/produit\/rosieres-refrigerateur\/#primaryimage\"},\"image\":{\"@id\":\"https:\/\/novakmarket.com\/produit\/rosieres-refrigerateur\/#primaryimage\"},\"thumbnailUrl\":\"https:\/\/novakmarket.com\/wp-content\/uploads\/2021\/11\/W2-3.jpg\",\"datePublished\":\"2021-11-29T19:21:08+00:00\",\"dateModified\":\"2021-12-02T12:33:37+00:00\",\"breadcrumb\":{\"@id\":\"https:\/\/novakmarket.com\/produit\/rosieres-refrigerateur\/#breadcrumb\"},\"inLanguage\":\"en-US\",\"potentialAction\":[{\"@type\":\"ReadAction\",\"target\":[\"https:\/\/novakmarket.com\/produit\/rosieres-refrigerateur\/\"]}]},{\"@type\":\"ImageObject\",\"inLanguage\":\"en-US\",\"@id\":\"https:\/\/novakmarket.com\/produit\/rosieres-refrigerateur\/#primaryimage\",\"url\":\"https:\/\/novakmarket.com\/wp-content\/uploads\/2021\/11\/W2-3.jpg\",\"contentUrl\":\"https:\/\/novakmarket.com\/wp-content\/uploads\/2021\/11\/W2-3.jpg\",\"width\":700,\"height\":700},{\"@type\":\"BreadcrumbList\",\"@id\":\"https:\/\/novakmarket.com\/produit\/rosieres-refrigerateur\/#breadcrumb\",\"itemListElement\":[{\"@type\":\"ListItem\",\"position\":1,\"name\":\"Accueil\",\"item\":\"https:\/\/novakmarket.com\/\"},{\"@type\":\"ListItem\",\"position\":2,\"name\":\"Boutique\",\"item\":\"https:\/\/novakmarket.com\/shop\/\"},{\"@type\":\"ListItem\",\"position\":3,\"name\":\"ROSIERES &#8211; R\u00e9frig\u00e9rateur\"}]},{\"@type\":\"WebSite\",\"@id\":\"https:\/\/novakmarket.com\/#website\",\"url\":\"https:\/\/novakmarket.com\/\",\"name\":\"Novak Market\",\"description\":\"Vente de produits \u00e9lectroniques.\",\"publisher\":{\"@id\":\"https:\/\/novakmarket.com\/#organization\"},\"potentialAction\":[{\"@type\":\"SearchAction\",\"target\":{\"@type\":\"EntryPoint\",\"urlTemplate\":\"https:\/\/novakmarket.com\/?s={search_term_string}\"},\"query-input\":{\"@type\":\"PropertyValueSpecification\",\"valueRequired\":true,\"valueName\":\"search_term_string\"}}],\"inLanguage\":\"en-US\"},{\"@type\":\"Organization\",\"@id\":\"https:\/\/novakmarket.com\/#organization\",\"name\":\"Novak Market\",\"url\":\"https:\/\/novakmarket.com\/\",\"logo\":{\"@type\":\"ImageObject\",\"inLanguage\":\"en-US\",\"@id\":\"https:\/\/novakmarket.com\/#\/schema\/logo\/image\/\",\"url\":\"https:\/\/novakmarket.com\/wp-content\/uploads\/2026\/02\/cropped-footer-pc-removebg-preview.png\",\"contentUrl\":\"https:\/\/novakmarket.com\/wp-content\/uploads\/2026\/02\/cropped-footer-pc-removebg-preview.png\",\"width\":202,\"height\":73,\"caption\":\"Novak Market\"},\"image\":{\"@id\":\"https:\/\/novakmarket.com\/#\/schema\/logo\/image\/\"}}]}<\/script>\n<!-- \/ Yoast SEO plugin. -->","yoast_head_json":{"title":"ROSIERES - R\u00e9frig\u00e9rateur - Novak Market","robots":{"index":"index","follow":"follow","max-snippet":"max-snippet:-1","max-image-preview":"max-image-preview:large","max-video-preview":"max-video-preview:-1"},"canonical":"https:\/\/novakmarket.com\/en\/product\/rosieres-refrigerateur\/","og_locale":"en_US","og_type":"article","og_title":"ROSIERES - R\u00e9frig\u00e9rateur - Novak Market","og_description":"Nom du produit ROSIERES RBLP3683-3 - R\u00e9frig\u00e9rateur 1 porte - Enca  Cat\u00e9gorie R\u00c9FRIG\u00c9RATEUR CLASSIQUE  G\u00e9n\u00e9ral  Type de Produit R\u00e9frig\u00e9rateur  Cat\u00e9gorie de r\u00e9frig\u00e9rateur R\u00e9frig\u00e9rateur-cong\u00e9lateur et r\u00e9frig\u00e9rateur avec compartiment 0 \u00e9toile  Classe \u00e9nerg\u00e9tique Classe A+  Consommation d'\u00e9nergie annuelle 151 kWh  Volume utile total 316 litres  Volume utile de r\u00e9frig\u00e9rateur 316 litres  Classe climatique ST  Niveau sonore maximum 39 dB  Format Int\u00e9grable  Nombre de portes 1  Portes r\u00e9versibles Oui  Eclairage int\u00e9rieur Eclairage int\u00e9rieur \u00e0 LED  Caract\u00e9ristiques des portes Conception charni\u00e8re coulissante  Type(s) de froid Froid statique  D\u00e9givrage automatique Oui  Gaz r\u00e9frig\u00e9rant R 600","og_url":"https:\/\/novakmarket.com\/en\/product\/rosieres-refrigerateur\/","og_site_name":"Novak Market","article_modified_time":"2021-12-02T12:33:37+00:00","og_image":[{"width":700,"height":700,"url":"https:\/\/novakmarket.com\/wp-content\/uploads\/2021\/11\/W2-3.jpg","type":"image\/jpeg"}],"twitter_card":"summary_large_image","schema":{"@context":"https:\/\/schema.org","@graph":[{"@type":"WebPage","@id":"https:\/\/novakmarket.com\/produit\/rosieres-refrigerateur\/","url":"https:\/\/novakmarket.com\/produit\/rosieres-refrigerateur\/","name":"ROSIERES - R\u00e9frig\u00e9rateur - Novak Market","isPartOf":{"@id":"https:\/\/novakmarket.com\/#website"},"primaryImageOfPage":{"@id":"https:\/\/novakmarket.com\/produit\/rosieres-refrigerateur\/#primaryimage"},"image":{"@id":"https:\/\/novakmarket.com\/produit\/rosieres-refrigerateur\/#primaryimage"},"thumbnailUrl":"https:\/\/novakmarket.com\/wp-content\/uploads\/2021\/11\/W2-3.jpg","datePublished":"2021-11-29T19:21:08+00:00","dateModified":"2021-12-02T12:33:37+00:00","breadcrumb":{"@id":"https:\/\/novakmarket.com\/produit\/rosieres-refrigerateur\/#breadcrumb"},"inLanguage":"en-US","potentialAction":[{"@type":"ReadAction","target":["https:\/\/novakmarket.com\/produit\/rosieres-refrigerateur\/"]}]},{"@type":"ImageObject","inLanguage":"en-US","@id":"https:\/\/novakmarket.com\/produit\/rosieres-refrigerateur\/#primaryimage","url":"https:\/\/novakmarket.com\/wp-content\/uploads\/2021\/11\/W2-3.jpg","contentUrl":"https:\/\/novakmarket.com\/wp-content\/uploads\/2021\/11\/W2-3.jpg","width":700,"height":700},{"@type":"BreadcrumbList","@id":"https:\/\/novakmarket.com\/produit\/rosieres-refrigerateur\/#breadcrumb","itemListElement":[{"@type":"ListItem","position":1,"name":"Accueil","item":"https:\/\/novakmarket.com\/"},{"@type":"ListItem","position":2,"name":"Boutique","item":"https:\/\/novakmarket.com\/shop\/"},{"@type":"ListItem","position":3,"name":"ROSIERES &#8211; R\u00e9frig\u00e9rateur"}]},{"@type":"WebSite","@id":"https:\/\/novakmarket.com\/#website","url":"https:\/\/novakmarket.com\/","name":"Novak Market","description":"Vente de produits \u00e9lectroniques.","publisher":{"@id":"https:\/\/novakmarket.com\/#organization"},"potentialAction":[{"@type":"SearchAction","target":{"@type":"EntryPoint","urlTemplate":"https:\/\/novakmarket.com\/?s={search_term_string}"},"query-input":{"@type":"PropertyValueSpecification","valueRequired":true,"valueName":"search_term_string"}}],"inLanguage":"en-US"},{"@type":"Organization","@id":"https:\/\/novakmarket.com\/#organization","name":"Novak Market","url":"https:\/\/novakmarket.com\/","logo":{"@type":"ImageObject","inLanguage":"en-US","@id":"https:\/\/novakmarket.com\/#\/schema\/logo\/image\/","url":"https:\/\/novakmarket.com\/wp-content\/uploads\/2026\/02\/cropped-footer-pc-removebg-preview.png","contentUrl":"https:\/\/novakmarket.com\/wp-content\/uploads\/2026\/02\/cropped-footer-pc-removebg-preview.png","width":202,"height":73,"caption":"Novak Market"},"image":{"@id":"https:\/\/novakmarket.com\/#\/schema\/logo\/image\/"}}]}},"_links":{"self":[{"href":"https:\/\/novakmarket.com\/en\/wp-json\/wp\/v2\/product\/6483","targetHints":{"allow":["GET"]}}],"collection":[{"href":"https:\/\/novakmarket.com\/en\/wp-json\/wp\/v2\/product"}],"about":[{"href":"https:\/\/novakmarket.com\/en\/wp-json\/wp\/v2\/types\/product"}],"replies":[{"embeddable":true,"href":"https:\/\/novakmarket.com\/en\/wp-json\/wp\/v2\/comments?post=6483"}],"wp:featuredmedia":[{"embeddable":true,"href":"https:\/\/novakmarket.com\/en\/wp-json\/wp\/v2\/media\/6529"}],"wp:attachment":[{"href":"https:\/\/novakmarket.com\/en\/wp-json\/wp\/v2\/media?parent=6483"}],"wp:term":[{"taxonomy":"product_brand","embeddable":true,"href":"https:\/\/novakmarket.com\/en\/wp-json\/wp\/v2\/product_brand?post=6483"},{"taxonomy":"product_cat","embeddable":true,"href":"https:\/\/novakmarket.com\/en\/wp-json\/wp\/v2\/product_cat?post=6483"},{"taxonomy":"product_tag","embeddable":true,"href":"https:\/\/novakmarket.com\/en\/wp-json\/wp\/v2\/product_tag?post=6483"}],"curies":[{"name":"wp","href":"https:\/\/api.w.org\/{rel}","templated":true}]}}