{"id":6703,"date":"2021-11-29T20:22:55","date_gmt":"2021-11-29T19:22:55","guid":{"rendered":"https:\/\/bestymarketshop.com\/?post_type=product&#038;p=6703"},"modified":"2026-02-25T21:24:36","modified_gmt":"2026-02-25T20:24:36","slug":"samsung-1245-cm-49","status":"publish","type":"product","link":"https:\/\/novakmarket.com\/en\/product\/samsung-1245-cm-49\/","title":{"rendered":"Samsung  124,5 cm (49&#8243;),"},"content":{"rendered":"<p><img loading=\"lazy\" decoding=\"async\" class=\"alignnone size-medium wp-image-8787\" src=\"https:\/\/e-marketshopping.com\/wp-content\/uploads\/2020\/07\/S6-300x300.jpg\" alt=\"\" width=\"300\" height=\"300\" \/><\/p>\n<ul>\n<li>R\u00e9tro\u00e9clairage par LED Assombrissement Micro Pro<\/li>\n<li>Format d&#8217;affichage : 1080p (Full HD)<\/li>\n<li>R\u00e9solution : 1920 x 1080<\/li>\n<li>Tuner TV num\u00e9rique : DVB-C, DVB-S2, DVB-T2<\/li>\n<li>Am\u00e9liorations d&#8217;image : Wide Color Enhancer Plus, Digital Clean View, HyperReal Engine, Mega Contrast, Ultra Clean View, accentuation du contraste, PurColor<\/li>\n<\/ul>\n<div class=\"jsFpBulletPointMore\">\n<ul>\n<li>Interface vid\u00e9o : Composant, composite, HDMIV<\/li>\n<\/ul>\n<\/div>","protected":false},"excerpt":{"rendered":"<table class=\"fpDescTb fpDescTbPub\">\n<tbody>\n<tr>\n<td>Nom du produit<\/td>\n<td>Samsung M5670, 124,5 cm (49&#8243;), 1920 x 1080 pixels,<\/td>\n<\/tr>\n<tr>\n<td>Cat\u00e9gorie<\/td>\n<td>T\u00e9l\u00e9viseur LED<\/td>\n<\/tr>\n<tr>\n<th colspan=\"2\">G\u00e9n\u00e9ral<\/th>\n<\/tr>\n<tr>\n<td>Type de Produit<\/td>\n<td>TV LCD avec r\u00e9tro\u00e9clairage par LED &#8211; Smart TV<\/td>\n<\/tr>\n<tr>\n<td>Interface vid\u00e9o<\/td>\n<td>Composant, composite, HDMI<\/td>\n<\/tr>\n<tr>\n<td>Tuner de t\u00e9l\u00e9vision<\/td>\n<td>1 x analogique, 1 x num\u00e9rique<\/td>\n<\/tr>\n<tr>\n<td>Consommation \u00e9lectrique en mode marche<\/td>\n<td>59 Watt<\/td>\n<\/tr>\n<tr>\n<td>Dimensions<\/td>\n<td>Sans support<\/td>\n<\/tr>\n<tr>\n<td>Largeur<\/td>\n<td>110.58 cm<\/td>\n<\/tr>\n<tr>\n<td>Hauteur<\/td>\n<td>64.5 cm<\/td>\n<\/tr>\n<tr>\n<td>Profondeur<\/td>\n<td>5.51 cm<\/td>\n<\/tr>\n<tr>\n<td>Poids<\/td>\n<td>13 kg<\/td>\n<\/tr>\n<tr>\n<td>Consommation d&#8217;\u00e9nergie annuelle<\/td>\n<td>86 kWh<\/td>\n<\/tr>\n<tr>\n<td>Classe de diagonale<\/td>\n<td>123 cm (49&#8243;)<\/td>\n<\/tr>\n<tr>\n<td>PVR prolong\u00e9<\/td>\n<td>Oui<\/td>\n<\/tr>\n<tr>\n<td>Modes<\/td>\n<td>Mode jeu, Mode film, Mode naturel<\/td>\n<\/tr>\n<tr>\n<td>Capteurs<\/td>\n<td>Capteur Eco<\/td>\n<\/tr>\n<tr>\n<td>Conception<\/td>\n<td>Conception mince FHD<\/td>\n<\/tr>\n<tr>\n<td>Am\u00e9liorations d&#8217;image<\/td>\n<td>Wide Color Enhancer Plus, Digital Clean View, HyperReal Engine, Mega Contrast, Ultra Clean View, accentuation du contraste, PurColor<\/td>\n<\/tr>\n<tr>\n<td>Classe \u00e9nerg\u00e9tique<\/td>\n<td>Classe A+<\/td>\n<\/tr>\n<tr>\n<td>Pr\u00e9sence de syntonisateur TV<\/td>\n<td>Oui<\/td>\n<\/tr>\n<tr>\n<td>Nombre de ports HDMI<\/td>\n<td>3 ports<\/td>\n<\/tr>\n<tr>\n<th colspan=\"2\">Affichage<\/th>\n<\/tr>\n<tr>\n<td>Technologie de r\u00e9tro\u00e9clairage LCD<\/td>\n<td>R\u00e9tro\u00e9clairage par LED Assombrissement Micro Pro<\/td>\n<\/tr>\n<tr>\n<td>R\u00e9solution<\/td>\n<td>1920 x 1080<\/td>\n<\/tr>\n<tr>\n<td>Format d&#8217;affichage<\/td>\n<td>1080p (Full HD)<\/td>\n<\/tr>\n<tr>\n<td>Langue du menu d&#8217;affichage<\/td>\n<td>Multilingual<\/td>\n<\/tr>\n<tr>\n<td>Fonctions suppl\u00e9mentaires<\/td>\n<td>Lecture et enregistrement simultan\u00e9s, commutateur rapide HDMI, Auto Motion Plus, processeur Quad-Core, Instant On, Multiroom Compatible<\/td>\n<\/tr>\n<tr>\n<td>Format de l&#8217;image<\/td>\n<td>16:9<\/td>\n<\/tr>\n<tr>\n<td>Taux d&#8217;image et technologie d&#8217;am\u00e9lioration<\/td>\n<td>800 Picture Quality Index<\/td>\n<\/tr>\n<tr>\n<th colspan=\"2\">Connexions<\/th>\n<\/tr>\n<tr>\n<td>Type de connecteur<\/td>\n<td>3 x HDMI<br \/>\n2 x USB<br \/>\nEntr\u00e9e vid\u00e9o composite\/vid\u00e9o en composantes<br \/>\nR\u00e9seau<br \/>\nSortie audio num\u00e9rique (optique)<\/td>\n<\/tr>\n<tr>\n<th colspan=\"2\">Tuner de t\u00e9l\u00e9vision<\/th>\n<\/tr>\n<tr>\n<td>Acc\u00e8s conditionnel<\/td>\n<td>Logement Common Interface Plus (CI+)<\/td>\n<\/tr>\n<tr>\n<th colspan=\"2\">Tuner TV num\u00e9rique<\/th>\n<\/tr>\n<tr>\n<td>Tuner TV num\u00e9rique<\/td>\n<td>DVB-C, DVB-S2, DVB-T2<\/td>\n<\/tr>\n<tr>\n<td>Tuner TVHD<\/td>\n<td>Oui<\/td>\n<\/tr>\n<tr>\n<th colspan=\"2\">Fonctionnalit\u00e9s vid\u00e9o<\/th>\n<\/tr>\n<tr>\n<td>T\u00e9l\u00e9texte<\/td>\n<td>Oui<\/td>\n<\/tr>\n<tr>\n<td>Guide \u00e9lectronique des programmes<\/td>\n<td>EPG num\u00e9rique<\/td>\n<\/tr>\n<tr>\n<th colspan=\"2\">Lecteur multim\u00e9dia<\/th>\n<\/tr>\n<tr>\n<td>Port USB<\/td>\n<td>Oui<\/td>\n<\/tr>\n<tr>\n<td>Formats audio pris en charge<\/td>\n<td>MP3, WMA, WAV, AAC, Ogg Vorbis, AIFF, FLAC (Free Lossless Audio Codec), APE, M4A, AIF, ALAC, OGG, MIDI<\/td>\n<\/tr>\n<tr>\n<td>Formats vid\u00e9o pris en charge<\/td>\n<td>MPEG-4, DivX5, DivX4, DivX, WMV, ASF, AVI, DivX3.11, MKV, MOV, VOB, FLV, TS, M2TS, H.264, PS, RMVB, DivX6, H.263, VRO, TP, TRP, WebM, HEVC, MPG, MPEG, SVI, MTS, H.265, MVC, SVAF, VP8, VP6, 3GP<\/td>\n<\/tr>\n<tr>\n<td>Nombre de ports USB<\/td>\n<td>2<\/td>\n<\/tr>\n<tr>\n<th colspan=\"2\">Syst\u00e8me audio<\/th>\n<\/tr>\n<tr>\n<td>Syst\u00e8me de haut-parleurs<\/td>\n<td>2 haut-parleurs<\/td>\n<\/tr>\n<tr>\n<td>Alimentation en sortie \/ Total<\/td>\n<td>20 Watt<\/td>\n<\/tr>\n<tr>\n<td>Format audio num\u00e9rique<\/td>\n<td>Sortie num\u00e9rique DTS, sortie Dolby Digital Plus<\/td>\n<\/tr>\n<tr>\n<td>Haut-parleurs<\/td>\n<td>2 x haut-parleur &#8211; int\u00e9gr\u00e9 &#8211; 10 Watt<\/td>\n<\/tr>\n<tr>\n<td>Fonctions suppl\u00e9mentaires<\/td>\n<td>Down-firing Speaker, contr\u00f4le vocal, ARC (Audio Return Channel), Bass Reflex Speaker System<\/td>\n<\/tr>\n<tr>\n<th colspan=\"2\">Multim\u00e9dia r\u00e9seau et Internet<\/th>\n<\/tr>\n<tr>\n<td>Fonctionnalit\u00e9s<\/td>\n<td>Lecture audio num\u00e9rique, lecteur de photo num\u00e9rique, lecture vid\u00e9o num\u00e9rique, navigation WEB, lecture vid\u00e9o Internet<\/td>\n<\/tr>\n<tr>\n<td>Connectivit\u00e9<\/td>\n<td>Wi-Fi, LAN, Bluetooth<\/td>\n<\/tr>\n<tr>\n<td>Services de diffusion en streaming sur Internet<\/td>\n<td>Smart Hub, HbbTV<\/td>\n<\/tr>\n<tr>\n<td>DLNA<\/td>\n<td>Oui<\/td>\n<\/tr>\n<tr>\n<td>Connecter &amp; partager<\/td>\n<td>Wi-Fi Direct, Sym\u00e9trie de l&#8217;\u00e9cran, Appareil d&#8217;interface humaine USB (HID), Samsung Smart View, ConnectShare, Bluetooth Human Interface Device (HID)<\/td>\n<\/tr>\n<tr>\n<td>Contr\u00f4le \u00e9lectronique de prise en charge de consommateur (CEC)<\/td>\n<td>Anynet Plus<\/td>\n<\/tr>\n<tr>\n<th colspan=\"2\">T\u00e9l\u00e9commande<\/th>\n<\/tr>\n<tr>\n<td>Type<\/td>\n<td>T\u00e9l\u00e9commande universelle<\/td>\n<\/tr>\n<tr>\n<th colspan=\"2\">Alimentation<\/th>\n<\/tr>\n<tr>\n<td>P\u00e9riph\u00e9rique d&#8217;alimentation<\/td>\n<td>Alimentation \u00e9lectrique<\/td>\n<\/tr>\n<tr>\n<td>Tension nominale<\/td>\n<td>CA 230V (50\/60 Hz)<\/td>\n<\/tr>\n<tr>\n<td>Marche \/ arr\u00eat auto<\/td>\n<td>Oui<\/td>\n<\/tr>\n<tr>\n<td>Caract\u00e9ristiques<\/td>\n<td>WOL (r\u00e9veil par le LAN)<\/td>\n<\/tr>\n<tr>\n<td>Consommation \u00e9lectrique en veille<\/td>\n<td>0.5 Watt<\/td>\n<\/tr>\n<\/tbody>\n<\/table>","protected":false},"featured_media":6733,"comment_status":"open","ping_status":"closed","template":"","meta":{"_acf_changed":false},"product_brand":[],"product_cat":[291,292],"product_tag":[],"class_list":{"0":"post-6703","1":"product","2":"type-product","3":"status-publish","4":"has-post-thumbnail","6":"product_cat-samsung-tv","7":"product_cat-tvs","9":"first","10":"instock","11":"shipping-taxable","12":"purchasable","13":"product-type-simple"},"acf":[],"yoast_head":"<!-- This site is optimized with the Yoast SEO plugin v27.2 - https:\/\/yoast.com\/product\/yoast-seo-wordpress\/ -->\n<title>Samsung 124,5 cm (49&quot;), - Novak Market<\/title>\n<meta name=\"robots\" content=\"index, follow, max-snippet:-1, max-image-preview:large, max-video-preview:-1\" \/>\n<link rel=\"canonical\" href=\"https:\/\/novakmarket.com\/en\/product\/samsung-1245-cm-49\/\" \/>\n<meta property=\"og:locale\" content=\"en_US\" \/>\n<meta property=\"og:type\" content=\"article\" \/>\n<meta property=\"og:title\" content=\"Samsung 124,5 cm (49&quot;), - Novak Market\" \/>\n<meta property=\"og:description\" content=\"Nom du produit Samsung M5670, 124,5 cm (49&quot;), 1920 x 1080 pixels,  Cat\u00e9gorie T\u00e9l\u00e9viseur LED  G\u00e9n\u00e9ral  Type de Produit TV LCD avec r\u00e9tro\u00e9clairage par LED - Smart TV  Interface vid\u00e9o Composant, composite, HDMI  Tuner de t\u00e9l\u00e9vision 1 x analogique, 1 x num\u00e9rique  Consommation \u00e9lectrique en mode marche 59 Watt  Dimensions Sans support  Largeur 110.58 cm  Hauteur 64.5 cm  Profondeur 5.51 cm  Poids 13 kg  Consommation d&#039;\u00e9nergie annuelle 86 kWh  Classe de diagonale 123 cm (49&quot;)  PVR prolong\u00e9 Oui  Modes Mode jeu, Mode film, Mode naturel  Capteurs Capteur Eco  Conception Conception mince FHD  Am\u00e9liorations d&#039;image Wide Color Enhancer Plus, Digital Clean View, HyperReal Engine, Mega Contrast, Ultra Clean View, accentuation du contraste, PurColor  Classe \u00e9nerg\u00e9tique Classe A+  Pr\u00e9sence de syntonisateur TV Oui  Nombre de ports HDMI 3 ports  Affichage  Technologie de r\u00e9tro\u00e9clairage LCD R\u00e9tro\u00e9clairage par LED Assombrissement Micro Pro  R\u00e9solution 1920 x 1080  Format d&#039;affichage 1080p (Full HD)  Langue du menu d&#039;affichage Multilingual  Fonctions suppl\u00e9mentaires Lecture et enregistrement simultan\u00e9s, commutateur rapide HDMI, Auto Motion Plus, processeur Quad-Core, Instant On, Multiroom Compatible  Format de l&#039;image 16:9  Taux d&#039;image et technologie d&#039;am\u00e9lioration 800 Picture Quality Index  Connexions  Type de connecteur 3 x HDMI 2 x USB Entr\u00e9e vid\u00e9o composite\/vid\u00e9o en composantes R\u00e9seau Sortie audio num\u00e9rique (optique)  Tuner de t\u00e9l\u00e9vision  Acc\u00e8s conditionnel Logement Common Interface Plus (CI+)  Tuner TV num\u00e9rique  Tuner TV num\u00e9rique DVB-C, DVB-S2, DVB-T2  Tuner TVHD Oui  Fonctionnalit\u00e9s vid\u00e9o  T\u00e9l\u00e9texte Oui  Guide \u00e9lectronique des programmes EPG num\u00e9rique  Lecteur multim\u00e9dia  Port USB Oui  Formats audio pris en charge MP3, WMA, WAV, AAC, Ogg Vorbis, AIFF, FLAC (Free Lossless Audio Codec), APE, M4A, AIF, ALAC, OGG, MIDI  Formats vid\u00e9o pris en charge MPEG-4, DivX5, DivX4, DivX, WMV, ASF, AVI, DivX3.11, MKV, MOV, VOB, FLV, TS, M2TS, H.264, PS, RMVB, DivX6, H.263, VRO, TP, TRP, WebM, HEVC, MPG, MPEG, SVI, MTS, H.265, MVC, SVAF, VP8, VP6, 3GP  Nombre de ports USB 2  Syst\u00e8me audio  Syst\u00e8me de haut-parleurs 2 haut-parleurs  Alimentation en sortie \/ Total 20 Watt  Format audio num\u00e9rique Sortie num\u00e9rique DTS, sortie Dolby Digital Plus  Haut-parleurs 2 x haut-parleur - int\u00e9gr\u00e9 - 10 Watt  Fonctions suppl\u00e9mentaires Down-firing Speaker, contr\u00f4le vocal, ARC (Audio Return Channel), Bass Reflex Speaker System  Multim\u00e9dia r\u00e9seau et Internet  Fonctionnalit\u00e9s Lecture audio num\u00e9rique, lecteur de photo num\u00e9rique, lecture vid\u00e9o num\u00e9rique, navigation WEB, lecture vid\u00e9o Internet  Connectivit\u00e9 Wi-Fi, LAN, Bluetooth  Services de diffusion en streaming sur Internet Smart Hub, HbbTV  DLNA Oui  Connecter &amp; partager Wi-Fi Direct, Sym\u00e9trie de l&#039;\u00e9cran, Appareil d&#039;interface humaine USB (HID), Samsung Smart View, ConnectShare, Bluetooth Human Interface Device (HID)  Contr\u00f4le \u00e9lectronique de prise en charge de consommateur (CEC) Anynet Plus  T\u00e9l\u00e9commande  Type T\u00e9l\u00e9commande universelle  Alimentation  P\u00e9riph\u00e9rique d&#039;alimentation Alimentation \u00e9lectrique  Tension nominale CA 230V (50\/60 Hz)  Marche \/ arr\u00eat auto Oui  Caract\u00e9ristiques WOL (r\u00e9veil par le LAN)  Consommation \u00e9lectrique en veille 0.5 Watt\" \/>\n<meta property=\"og:url\" content=\"https:\/\/novakmarket.com\/en\/product\/samsung-1245-cm-49\/\" \/>\n<meta property=\"og:site_name\" content=\"Novak Market\" \/>\n<meta property=\"article:modified_time\" content=\"2026-02-25T20:24:36+00:00\" \/>\n<meta property=\"og:image\" content=\"https:\/\/novakmarket.com\/wp-content\/uploads\/2021\/11\/S6.jpg\" \/>\n\t<meta property=\"og:image:width\" content=\"700\" \/>\n\t<meta property=\"og:image:height\" content=\"700\" \/>\n\t<meta property=\"og:image:type\" content=\"image\/jpeg\" \/>\n<meta name=\"twitter:card\" content=\"summary_large_image\" \/>\n<script type=\"application\/ld+json\" class=\"yoast-schema-graph\">{\"@context\":\"https:\/\/schema.org\",\"@graph\":[{\"@type\":\"WebPage\",\"@id\":\"https:\/\/novakmarket.com\/produit\/samsung-1245-cm-49\/\",\"url\":\"https:\/\/novakmarket.com\/produit\/samsung-1245-cm-49\/\",\"name\":\"Samsung 124,5 cm (49\\\"), - Novak Market\",\"isPartOf\":{\"@id\":\"https:\/\/novakmarket.com\/#website\"},\"primaryImageOfPage\":{\"@id\":\"https:\/\/novakmarket.com\/produit\/samsung-1245-cm-49\/#primaryimage\"},\"image\":{\"@id\":\"https:\/\/novakmarket.com\/produit\/samsung-1245-cm-49\/#primaryimage\"},\"thumbnailUrl\":\"https:\/\/novakmarket.com\/wp-content\/uploads\/2021\/11\/S6.jpg\",\"datePublished\":\"2021-11-29T19:22:55+00:00\",\"dateModified\":\"2026-02-25T20:24:36+00:00\",\"breadcrumb\":{\"@id\":\"https:\/\/novakmarket.com\/produit\/samsung-1245-cm-49\/#breadcrumb\"},\"inLanguage\":\"en-US\",\"potentialAction\":[{\"@type\":\"ReadAction\",\"target\":[\"https:\/\/novakmarket.com\/produit\/samsung-1245-cm-49\/\"]}]},{\"@type\":\"ImageObject\",\"inLanguage\":\"en-US\",\"@id\":\"https:\/\/novakmarket.com\/produit\/samsung-1245-cm-49\/#primaryimage\",\"url\":\"https:\/\/novakmarket.com\/wp-content\/uploads\/2021\/11\/S6.jpg\",\"contentUrl\":\"https:\/\/novakmarket.com\/wp-content\/uploads\/2021\/11\/S6.jpg\",\"width\":700,\"height\":700},{\"@type\":\"BreadcrumbList\",\"@id\":\"https:\/\/novakmarket.com\/produit\/samsung-1245-cm-49\/#breadcrumb\",\"itemListElement\":[{\"@type\":\"ListItem\",\"position\":1,\"name\":\"Accueil\",\"item\":\"https:\/\/novakmarket.com\/\"},{\"@type\":\"ListItem\",\"position\":2,\"name\":\"Boutique\",\"item\":\"https:\/\/novakmarket.com\/shop\/\"},{\"@type\":\"ListItem\",\"position\":3,\"name\":\"Samsung 124,5 cm (49&#8243;),\"}]},{\"@type\":\"WebSite\",\"@id\":\"https:\/\/novakmarket.com\/#website\",\"url\":\"https:\/\/novakmarket.com\/\",\"name\":\"Novak Market\",\"description\":\"Vente de produits \u00e9lectroniques.\",\"publisher\":{\"@id\":\"https:\/\/novakmarket.com\/#organization\"},\"potentialAction\":[{\"@type\":\"SearchAction\",\"target\":{\"@type\":\"EntryPoint\",\"urlTemplate\":\"https:\/\/novakmarket.com\/?s={search_term_string}\"},\"query-input\":{\"@type\":\"PropertyValueSpecification\",\"valueRequired\":true,\"valueName\":\"search_term_string\"}}],\"inLanguage\":\"en-US\"},{\"@type\":\"Organization\",\"@id\":\"https:\/\/novakmarket.com\/#organization\",\"name\":\"Novak Market\",\"url\":\"https:\/\/novakmarket.com\/\",\"logo\":{\"@type\":\"ImageObject\",\"inLanguage\":\"en-US\",\"@id\":\"https:\/\/novakmarket.com\/#\/schema\/logo\/image\/\",\"url\":\"https:\/\/novakmarket.com\/wp-content\/uploads\/2026\/02\/cropped-footer-pc-removebg-preview.png\",\"contentUrl\":\"https:\/\/novakmarket.com\/wp-content\/uploads\/2026\/02\/cropped-footer-pc-removebg-preview.png\",\"width\":202,\"height\":73,\"caption\":\"Novak Market\"},\"image\":{\"@id\":\"https:\/\/novakmarket.com\/#\/schema\/logo\/image\/\"}}]}<\/script>\n<!-- \/ Yoast SEO plugin. -->","yoast_head_json":{"title":"Samsung 124,5 cm (49\"), - Novak Market","robots":{"index":"index","follow":"follow","max-snippet":"max-snippet:-1","max-image-preview":"max-image-preview:large","max-video-preview":"max-video-preview:-1"},"canonical":"https:\/\/novakmarket.com\/en\/product\/samsung-1245-cm-49\/","og_locale":"en_US","og_type":"article","og_title":"Samsung 124,5 cm (49\"), - Novak Market","og_description":"Nom du produit Samsung M5670, 124,5 cm (49\"), 1920 x 1080 pixels,  Cat\u00e9gorie T\u00e9l\u00e9viseur LED  G\u00e9n\u00e9ral  Type de Produit TV LCD avec r\u00e9tro\u00e9clairage par LED - Smart TV  Interface vid\u00e9o Composant, composite, HDMI  Tuner de t\u00e9l\u00e9vision 1 x analogique, 1 x num\u00e9rique  Consommation \u00e9lectrique en mode marche 59 Watt  Dimensions Sans support  Largeur 110.58 cm  Hauteur 64.5 cm  Profondeur 5.51 cm  Poids 13 kg  Consommation d'\u00e9nergie annuelle 86 kWh  Classe de diagonale 123 cm (49\")  PVR prolong\u00e9 Oui  Modes Mode jeu, Mode film, Mode naturel  Capteurs Capteur Eco  Conception Conception mince FHD  Am\u00e9liorations d'image Wide Color Enhancer Plus, Digital Clean View, HyperReal Engine, Mega Contrast, Ultra Clean View, accentuation du contraste, PurColor  Classe \u00e9nerg\u00e9tique Classe A+  Pr\u00e9sence de syntonisateur TV Oui  Nombre de ports HDMI 3 ports  Affichage  Technologie de r\u00e9tro\u00e9clairage LCD R\u00e9tro\u00e9clairage par LED Assombrissement Micro Pro  R\u00e9solution 1920 x 1080  Format d'affichage 1080p (Full HD)  Langue du menu d'affichage Multilingual  Fonctions suppl\u00e9mentaires Lecture et enregistrement simultan\u00e9s, commutateur rapide HDMI, Auto Motion Plus, processeur Quad-Core, Instant On, Multiroom Compatible  Format de l'image 16:9  Taux d'image et technologie d'am\u00e9lioration 800 Picture Quality Index  Connexions  Type de connecteur 3 x HDMI 2 x USB Entr\u00e9e vid\u00e9o composite\/vid\u00e9o en composantes R\u00e9seau Sortie audio num\u00e9rique (optique)  Tuner de t\u00e9l\u00e9vision  Acc\u00e8s conditionnel Logement Common Interface Plus (CI+)  Tuner TV num\u00e9rique  Tuner TV num\u00e9rique DVB-C, DVB-S2, DVB-T2  Tuner TVHD Oui  Fonctionnalit\u00e9s vid\u00e9o  T\u00e9l\u00e9texte Oui  Guide \u00e9lectronique des programmes EPG num\u00e9rique  Lecteur multim\u00e9dia  Port USB Oui  Formats audio pris en charge MP3, WMA, WAV, AAC, Ogg Vorbis, AIFF, FLAC (Free Lossless Audio Codec), APE, M4A, AIF, ALAC, OGG, MIDI  Formats vid\u00e9o pris en charge MPEG-4, DivX5, DivX4, DivX, WMV, ASF, AVI, DivX3.11, MKV, MOV, VOB, FLV, TS, M2TS, H.264, PS, RMVB, DivX6, H.263, VRO, TP, TRP, WebM, HEVC, MPG, MPEG, SVI, MTS, H.265, MVC, SVAF, VP8, VP6, 3GP  Nombre de ports USB 2  Syst\u00e8me audio  Syst\u00e8me de haut-parleurs 2 haut-parleurs  Alimentation en sortie \/ Total 20 Watt  Format audio num\u00e9rique Sortie num\u00e9rique DTS, sortie Dolby Digital Plus  Haut-parleurs 2 x haut-parleur - int\u00e9gr\u00e9 - 10 Watt  Fonctions suppl\u00e9mentaires Down-firing Speaker, contr\u00f4le vocal, ARC (Audio Return Channel), Bass Reflex Speaker System  Multim\u00e9dia r\u00e9seau et Internet  Fonctionnalit\u00e9s Lecture audio num\u00e9rique, lecteur de photo num\u00e9rique, lecture vid\u00e9o num\u00e9rique, navigation WEB, lecture vid\u00e9o Internet  Connectivit\u00e9 Wi-Fi, LAN, Bluetooth  Services de diffusion en streaming sur Internet Smart Hub, HbbTV  DLNA Oui  Connecter &amp; partager Wi-Fi Direct, Sym\u00e9trie de l'\u00e9cran, Appareil d'interface humaine USB (HID), Samsung Smart View, ConnectShare, Bluetooth Human Interface Device (HID)  Contr\u00f4le \u00e9lectronique de prise en charge de consommateur (CEC) Anynet Plus  T\u00e9l\u00e9commande  Type T\u00e9l\u00e9commande universelle  Alimentation  P\u00e9riph\u00e9rique d'alimentation Alimentation \u00e9lectrique  Tension nominale CA 230V (50\/60 Hz)  Marche \/ arr\u00eat auto Oui  Caract\u00e9ristiques WOL (r\u00e9veil par le LAN)  Consommation \u00e9lectrique en veille 0.5 Watt","og_url":"https:\/\/novakmarket.com\/en\/product\/samsung-1245-cm-49\/","og_site_name":"Novak Market","article_modified_time":"2026-02-25T20:24:36+00:00","og_image":[{"width":700,"height":700,"url":"https:\/\/novakmarket.com\/wp-content\/uploads\/2021\/11\/S6.jpg","type":"image\/jpeg"}],"twitter_card":"summary_large_image","schema":{"@context":"https:\/\/schema.org","@graph":[{"@type":"WebPage","@id":"https:\/\/novakmarket.com\/produit\/samsung-1245-cm-49\/","url":"https:\/\/novakmarket.com\/produit\/samsung-1245-cm-49\/","name":"Samsung 124,5 cm (49\"), - Novak Market","isPartOf":{"@id":"https:\/\/novakmarket.com\/#website"},"primaryImageOfPage":{"@id":"https:\/\/novakmarket.com\/produit\/samsung-1245-cm-49\/#primaryimage"},"image":{"@id":"https:\/\/novakmarket.com\/produit\/samsung-1245-cm-49\/#primaryimage"},"thumbnailUrl":"https:\/\/novakmarket.com\/wp-content\/uploads\/2021\/11\/S6.jpg","datePublished":"2021-11-29T19:22:55+00:00","dateModified":"2026-02-25T20:24:36+00:00","breadcrumb":{"@id":"https:\/\/novakmarket.com\/produit\/samsung-1245-cm-49\/#breadcrumb"},"inLanguage":"en-US","potentialAction":[{"@type":"ReadAction","target":["https:\/\/novakmarket.com\/produit\/samsung-1245-cm-49\/"]}]},{"@type":"ImageObject","inLanguage":"en-US","@id":"https:\/\/novakmarket.com\/produit\/samsung-1245-cm-49\/#primaryimage","url":"https:\/\/novakmarket.com\/wp-content\/uploads\/2021\/11\/S6.jpg","contentUrl":"https:\/\/novakmarket.com\/wp-content\/uploads\/2021\/11\/S6.jpg","width":700,"height":700},{"@type":"BreadcrumbList","@id":"https:\/\/novakmarket.com\/produit\/samsung-1245-cm-49\/#breadcrumb","itemListElement":[{"@type":"ListItem","position":1,"name":"Accueil","item":"https:\/\/novakmarket.com\/"},{"@type":"ListItem","position":2,"name":"Boutique","item":"https:\/\/novakmarket.com\/shop\/"},{"@type":"ListItem","position":3,"name":"Samsung 124,5 cm (49&#8243;),"}]},{"@type":"WebSite","@id":"https:\/\/novakmarket.com\/#website","url":"https:\/\/novakmarket.com\/","name":"Novak Market","description":"Vente de produits \u00e9lectroniques.","publisher":{"@id":"https:\/\/novakmarket.com\/#organization"},"potentialAction":[{"@type":"SearchAction","target":{"@type":"EntryPoint","urlTemplate":"https:\/\/novakmarket.com\/?s={search_term_string}"},"query-input":{"@type":"PropertyValueSpecification","valueRequired":true,"valueName":"search_term_string"}}],"inLanguage":"en-US"},{"@type":"Organization","@id":"https:\/\/novakmarket.com\/#organization","name":"Novak Market","url":"https:\/\/novakmarket.com\/","logo":{"@type":"ImageObject","inLanguage":"en-US","@id":"https:\/\/novakmarket.com\/#\/schema\/logo\/image\/","url":"https:\/\/novakmarket.com\/wp-content\/uploads\/2026\/02\/cropped-footer-pc-removebg-preview.png","contentUrl":"https:\/\/novakmarket.com\/wp-content\/uploads\/2026\/02\/cropped-footer-pc-removebg-preview.png","width":202,"height":73,"caption":"Novak Market"},"image":{"@id":"https:\/\/novakmarket.com\/#\/schema\/logo\/image\/"}}]}},"_links":{"self":[{"href":"https:\/\/novakmarket.com\/en\/wp-json\/wp\/v2\/product\/6703","targetHints":{"allow":["GET"]}}],"collection":[{"href":"https:\/\/novakmarket.com\/en\/wp-json\/wp\/v2\/product"}],"about":[{"href":"https:\/\/novakmarket.com\/en\/wp-json\/wp\/v2\/types\/product"}],"replies":[{"embeddable":true,"href":"https:\/\/novakmarket.com\/en\/wp-json\/wp\/v2\/comments?post=6703"}],"wp:featuredmedia":[{"embeddable":true,"href":"https:\/\/novakmarket.com\/en\/wp-json\/wp\/v2\/media\/6733"}],"wp:attachment":[{"href":"https:\/\/novakmarket.com\/en\/wp-json\/wp\/v2\/media?parent=6703"}],"wp:term":[{"taxonomy":"product_brand","embeddable":true,"href":"https:\/\/novakmarket.com\/en\/wp-json\/wp\/v2\/product_brand?post=6703"},{"taxonomy":"product_cat","embeddable":true,"href":"https:\/\/novakmarket.com\/en\/wp-json\/wp\/v2\/product_cat?post=6703"},{"taxonomy":"product_tag","embeddable":true,"href":"https:\/\/novakmarket.com\/en\/wp-json\/wp\/v2\/product_tag?post=6703"}],"curies":[{"name":"wp","href":"https:\/\/api.w.org\/{rel}","templated":true}]}}