{"id":6766,"date":"2021-11-29T20:23:19","date_gmt":"2021-11-29T19:23:19","guid":{"rendered":"https:\/\/bestymarketshop.com\/?post_type=product&#038;p=6766"},"modified":"2021-11-29T20:23:29","modified_gmt":"2021-11-29T19:23:29","slug":"buffet-avec-3-tiroirs-et-3","status":"publish","type":"product","link":"https:\/\/novakmarket.com\/en\/product\/buffet-avec-3-tiroirs-et-3\/","title":{"rendered":"BUFFET avec 3 tiroirs et 3"},"content":{"rendered":"<p><img loading=\"lazy\" decoding=\"async\" class=\"alignnone size-medium wp-image-8900\" src=\"https:\/\/e-marketshopping.com\/wp-content\/uploads\/2020\/07\/M33-300x300.jpg\" alt=\"\" width=\"300\" height=\"300\" \/><\/p>\n<p>&nbsp;<\/p>","protected":false},"excerpt":{"rendered":"<ul>\n<li>Composition du lot : Buffet<\/li>\n<li>Dimensions (L x p x h) : Dimensions (L x H x P) : 160 x 84 x 45 cm<\/li>\n<li>Couleur(s) : Brun<\/li>\n<li>Finition : Aspect bois<\/li>\n<li>Finition &amp; D\u00e9cor : lasur\u00e9 brun, la madrure du bois reste visible<\/li>\n<li>Mati\u00e8re de la structure : Pin massif<\/li>\n<li>Nombre et type de rangements : 3 tiroirs et 3 portes avec une tablette int\u00e9rieure<\/li>\n<li>3 tiroirs et 3 portes coulissantes avec une tablette r\u00e9glable en hauteur<\/li>\n<\/ul>","protected":false},"featured_media":6796,"comment_status":"open","ping_status":"closed","template":"","meta":{"_acf_changed":false},"product_brand":[],"product_cat":[285],"product_tag":[],"class_list":{"0":"post-6766","1":"product","2":"type-product","3":"status-publish","4":"has-post-thumbnail","6":"product_cat-meubles","8":"first","9":"instock","10":"shipping-taxable","11":"purchasable","12":"product-type-simple"},"acf":[],"yoast_head":"<!-- This site is optimized with the Yoast SEO plugin v27.2 - https:\/\/yoast.com\/product\/yoast-seo-wordpress\/ -->\n<title>BUFFET avec 3 tiroirs et 3 - Novak Market<\/title>\n<meta name=\"robots\" content=\"index, follow, max-snippet:-1, max-image-preview:large, max-video-preview:-1\" \/>\n<link rel=\"canonical\" href=\"https:\/\/novakmarket.com\/en\/product\/buffet-avec-3-tiroirs-et-3\/\" \/>\n<meta property=\"og:locale\" content=\"en_US\" \/>\n<meta property=\"og:type\" content=\"article\" \/>\n<meta property=\"og:title\" content=\"BUFFET avec 3 tiroirs et 3 - Novak Market\" \/>\n<meta property=\"og:description\" content=\"Composition du lot : Buffet  Dimensions (L x p x h) : Dimensions (L x H x P) : 160 x 84 x 45 cm  Couleur(s) : Brun  Finition : Aspect bois  Finition &amp; D\u00e9cor : lasur\u00e9 brun, la madrure du bois reste visible  Mati\u00e8re de la structure : Pin massif  Nombre et type de rangements : 3 tiroirs et 3 portes avec une tablette int\u00e9rieure  3 tiroirs et 3 portes coulissantes avec une tablette r\u00e9glable en hauteur\" \/>\n<meta property=\"og:url\" content=\"https:\/\/novakmarket.com\/en\/product\/buffet-avec-3-tiroirs-et-3\/\" \/>\n<meta property=\"og:site_name\" content=\"Novak Market\" \/>\n<meta property=\"article:modified_time\" content=\"2021-11-29T19:23:29+00:00\" \/>\n<meta property=\"og:image\" content=\"https:\/\/novakmarket.com\/wp-content\/uploads\/2021\/11\/M3-1.jpg\" \/>\n\t<meta property=\"og:image:width\" content=\"550\" \/>\n\t<meta property=\"og:image:height\" content=\"550\" \/>\n\t<meta property=\"og:image:type\" content=\"image\/jpeg\" \/>\n<meta name=\"twitter:card\" content=\"summary_large_image\" \/>\n<script type=\"application\/ld+json\" class=\"yoast-schema-graph\">{\"@context\":\"https:\/\/schema.org\",\"@graph\":[{\"@type\":\"WebPage\",\"@id\":\"https:\/\/novakmarket.com\/produit\/buffet-avec-3-tiroirs-et-3\/\",\"url\":\"https:\/\/novakmarket.com\/produit\/buffet-avec-3-tiroirs-et-3\/\",\"name\":\"BUFFET avec 3 tiroirs et 3 - Novak Market\",\"isPartOf\":{\"@id\":\"https:\/\/novakmarket.com\/#website\"},\"primaryImageOfPage\":{\"@id\":\"https:\/\/novakmarket.com\/produit\/buffet-avec-3-tiroirs-et-3\/#primaryimage\"},\"image\":{\"@id\":\"https:\/\/novakmarket.com\/produit\/buffet-avec-3-tiroirs-et-3\/#primaryimage\"},\"thumbnailUrl\":\"https:\/\/novakmarket.com\/wp-content\/uploads\/2021\/11\/M3-1.jpg\",\"datePublished\":\"2021-11-29T19:23:19+00:00\",\"dateModified\":\"2021-11-29T19:23:29+00:00\",\"breadcrumb\":{\"@id\":\"https:\/\/novakmarket.com\/produit\/buffet-avec-3-tiroirs-et-3\/#breadcrumb\"},\"inLanguage\":\"en-US\",\"potentialAction\":[{\"@type\":\"ReadAction\",\"target\":[\"https:\/\/novakmarket.com\/produit\/buffet-avec-3-tiroirs-et-3\/\"]}]},{\"@type\":\"ImageObject\",\"inLanguage\":\"en-US\",\"@id\":\"https:\/\/novakmarket.com\/produit\/buffet-avec-3-tiroirs-et-3\/#primaryimage\",\"url\":\"https:\/\/novakmarket.com\/wp-content\/uploads\/2021\/11\/M3-1.jpg\",\"contentUrl\":\"https:\/\/novakmarket.com\/wp-content\/uploads\/2021\/11\/M3-1.jpg\",\"width\":550,\"height\":550},{\"@type\":\"BreadcrumbList\",\"@id\":\"https:\/\/novakmarket.com\/produit\/buffet-avec-3-tiroirs-et-3\/#breadcrumb\",\"itemListElement\":[{\"@type\":\"ListItem\",\"position\":1,\"name\":\"Accueil\",\"item\":\"https:\/\/novakmarket.com\/\"},{\"@type\":\"ListItem\",\"position\":2,\"name\":\"Boutique\",\"item\":\"https:\/\/novakmarket.com\/shop\/\"},{\"@type\":\"ListItem\",\"position\":3,\"name\":\"BUFFET avec 3 tiroirs et 3\"}]},{\"@type\":\"WebSite\",\"@id\":\"https:\/\/novakmarket.com\/#website\",\"url\":\"https:\/\/novakmarket.com\/\",\"name\":\"Novak Market\",\"description\":\"Vente de produits \u00e9lectroniques.\",\"publisher\":{\"@id\":\"https:\/\/novakmarket.com\/#organization\"},\"potentialAction\":[{\"@type\":\"SearchAction\",\"target\":{\"@type\":\"EntryPoint\",\"urlTemplate\":\"https:\/\/novakmarket.com\/?s={search_term_string}\"},\"query-input\":{\"@type\":\"PropertyValueSpecification\",\"valueRequired\":true,\"valueName\":\"search_term_string\"}}],\"inLanguage\":\"en-US\"},{\"@type\":\"Organization\",\"@id\":\"https:\/\/novakmarket.com\/#organization\",\"name\":\"Novak Market\",\"url\":\"https:\/\/novakmarket.com\/\",\"logo\":{\"@type\":\"ImageObject\",\"inLanguage\":\"en-US\",\"@id\":\"https:\/\/novakmarket.com\/#\/schema\/logo\/image\/\",\"url\":\"https:\/\/novakmarket.com\/wp-content\/uploads\/2026\/02\/cropped-footer-pc-removebg-preview.png\",\"contentUrl\":\"https:\/\/novakmarket.com\/wp-content\/uploads\/2026\/02\/cropped-footer-pc-removebg-preview.png\",\"width\":202,\"height\":73,\"caption\":\"Novak Market\"},\"image\":{\"@id\":\"https:\/\/novakmarket.com\/#\/schema\/logo\/image\/\"}}]}<\/script>\n<!-- \/ Yoast SEO plugin. -->","yoast_head_json":{"title":"BUFFET avec 3 tiroirs et 3 - Novak Market","robots":{"index":"index","follow":"follow","max-snippet":"max-snippet:-1","max-image-preview":"max-image-preview:large","max-video-preview":"max-video-preview:-1"},"canonical":"https:\/\/novakmarket.com\/en\/product\/buffet-avec-3-tiroirs-et-3\/","og_locale":"en_US","og_type":"article","og_title":"BUFFET avec 3 tiroirs et 3 - Novak Market","og_description":"Composition du lot : Buffet  Dimensions (L x p x h) : Dimensions (L x H x P) : 160 x 84 x 45 cm  Couleur(s) : Brun  Finition : Aspect bois  Finition &amp; D\u00e9cor : lasur\u00e9 brun, la madrure du bois reste visible  Mati\u00e8re de la structure : Pin massif  Nombre et type de rangements : 3 tiroirs et 3 portes avec une tablette int\u00e9rieure  3 tiroirs et 3 portes coulissantes avec une tablette r\u00e9glable en hauteur","og_url":"https:\/\/novakmarket.com\/en\/product\/buffet-avec-3-tiroirs-et-3\/","og_site_name":"Novak Market","article_modified_time":"2021-11-29T19:23:29+00:00","og_image":[{"width":550,"height":550,"url":"https:\/\/novakmarket.com\/wp-content\/uploads\/2021\/11\/M3-1.jpg","type":"image\/jpeg"}],"twitter_card":"summary_large_image","schema":{"@context":"https:\/\/schema.org","@graph":[{"@type":"WebPage","@id":"https:\/\/novakmarket.com\/produit\/buffet-avec-3-tiroirs-et-3\/","url":"https:\/\/novakmarket.com\/produit\/buffet-avec-3-tiroirs-et-3\/","name":"BUFFET avec 3 tiroirs et 3 - Novak Market","isPartOf":{"@id":"https:\/\/novakmarket.com\/#website"},"primaryImageOfPage":{"@id":"https:\/\/novakmarket.com\/produit\/buffet-avec-3-tiroirs-et-3\/#primaryimage"},"image":{"@id":"https:\/\/novakmarket.com\/produit\/buffet-avec-3-tiroirs-et-3\/#primaryimage"},"thumbnailUrl":"https:\/\/novakmarket.com\/wp-content\/uploads\/2021\/11\/M3-1.jpg","datePublished":"2021-11-29T19:23:19+00:00","dateModified":"2021-11-29T19:23:29+00:00","breadcrumb":{"@id":"https:\/\/novakmarket.com\/produit\/buffet-avec-3-tiroirs-et-3\/#breadcrumb"},"inLanguage":"en-US","potentialAction":[{"@type":"ReadAction","target":["https:\/\/novakmarket.com\/produit\/buffet-avec-3-tiroirs-et-3\/"]}]},{"@type":"ImageObject","inLanguage":"en-US","@id":"https:\/\/novakmarket.com\/produit\/buffet-avec-3-tiroirs-et-3\/#primaryimage","url":"https:\/\/novakmarket.com\/wp-content\/uploads\/2021\/11\/M3-1.jpg","contentUrl":"https:\/\/novakmarket.com\/wp-content\/uploads\/2021\/11\/M3-1.jpg","width":550,"height":550},{"@type":"BreadcrumbList","@id":"https:\/\/novakmarket.com\/produit\/buffet-avec-3-tiroirs-et-3\/#breadcrumb","itemListElement":[{"@type":"ListItem","position":1,"name":"Accueil","item":"https:\/\/novakmarket.com\/"},{"@type":"ListItem","position":2,"name":"Boutique","item":"https:\/\/novakmarket.com\/shop\/"},{"@type":"ListItem","position":3,"name":"BUFFET avec 3 tiroirs et 3"}]},{"@type":"WebSite","@id":"https:\/\/novakmarket.com\/#website","url":"https:\/\/novakmarket.com\/","name":"Novak Market","description":"Vente de produits \u00e9lectroniques.","publisher":{"@id":"https:\/\/novakmarket.com\/#organization"},"potentialAction":[{"@type":"SearchAction","target":{"@type":"EntryPoint","urlTemplate":"https:\/\/novakmarket.com\/?s={search_term_string}"},"query-input":{"@type":"PropertyValueSpecification","valueRequired":true,"valueName":"search_term_string"}}],"inLanguage":"en-US"},{"@type":"Organization","@id":"https:\/\/novakmarket.com\/#organization","name":"Novak Market","url":"https:\/\/novakmarket.com\/","logo":{"@type":"ImageObject","inLanguage":"en-US","@id":"https:\/\/novakmarket.com\/#\/schema\/logo\/image\/","url":"https:\/\/novakmarket.com\/wp-content\/uploads\/2026\/02\/cropped-footer-pc-removebg-preview.png","contentUrl":"https:\/\/novakmarket.com\/wp-content\/uploads\/2026\/02\/cropped-footer-pc-removebg-preview.png","width":202,"height":73,"caption":"Novak Market"},"image":{"@id":"https:\/\/novakmarket.com\/#\/schema\/logo\/image\/"}}]}},"_links":{"self":[{"href":"https:\/\/novakmarket.com\/en\/wp-json\/wp\/v2\/product\/6766","targetHints":{"allow":["GET"]}}],"collection":[{"href":"https:\/\/novakmarket.com\/en\/wp-json\/wp\/v2\/product"}],"about":[{"href":"https:\/\/novakmarket.com\/en\/wp-json\/wp\/v2\/types\/product"}],"replies":[{"embeddable":true,"href":"https:\/\/novakmarket.com\/en\/wp-json\/wp\/v2\/comments?post=6766"}],"wp:featuredmedia":[{"embeddable":true,"href":"https:\/\/novakmarket.com\/en\/wp-json\/wp\/v2\/media\/6796"}],"wp:attachment":[{"href":"https:\/\/novakmarket.com\/en\/wp-json\/wp\/v2\/media?parent=6766"}],"wp:term":[{"taxonomy":"product_brand","embeddable":true,"href":"https:\/\/novakmarket.com\/en\/wp-json\/wp\/v2\/product_brand?post=6766"},{"taxonomy":"product_cat","embeddable":true,"href":"https:\/\/novakmarket.com\/en\/wp-json\/wp\/v2\/product_cat?post=6766"},{"taxonomy":"product_tag","embeddable":true,"href":"https:\/\/novakmarket.com\/en\/wp-json\/wp\/v2\/product_tag?post=6766"}],"curies":[{"name":"wp","href":"https:\/\/api.w.org\/{rel}","templated":true}]}}