{"id":6829,"date":"2021-11-29T20:23:46","date_gmt":"2021-11-29T19:23:46","guid":{"rendered":"https:\/\/bestymarketshop.com\/?post_type=product&#038;p=6829"},"modified":"2021-12-02T15:28:29","modified_gmt":"2021-12-02T14:28:29","slug":"ps5-console-sony-playstation-5","status":"publish","type":"product","link":"https:\/\/novakmarket.com\/en\/product\/ps5-console-sony-playstation-5\/","title":{"rendered":"PS5 Console Sony PlayStation 5"},"content":{"rendered":"<p><img loading=\"lazy\" decoding=\"async\" class=\"alignnone size-medium wp-image-14378\" src=\"https:\/\/fastshoppinglite.com\/wp-content\/uploads\/2020\/12\/PE3-300x80.jpg\" alt=\"\" width=\"300\" height=\"80\" \/><\/p>","protected":false},"excerpt":{"rendered":"<ul class=\"a-unordered-list a-vertical a-spacing-mini\">\n<li><span class=\"a-list-item\">Niveau de r\u00e9alisme in\u00e9gal\u00e9 gr\u00e2ce \u00e0 la technologie de rendu de la lumi\u00e8re Ray Tracing, Prise en charge de la technologie HDR pour des couleurs vives et dynamiques, Possibilit\u00e9 de jouer en 4K et 8K sur les jeux et \u00e9crans compatibles Technologie Tempest 3D AudioTech pour une immersion sonore hors du commun, Retour haptique et g\u00e2chettes adaptatives via la manette DualSense pour ressentir les effets et l&#8217;impact de vos actions en jeu (sur une s\u00e9lection de jeux PS5)<\/span><\/li>\n<li><span class=\"a-list-item\">Contenu : 1x Sony PlayStation 5, 1x Manette DualSense, 1 x socle, Connectique : 1 port HDMI 2.1, 3 ports USB, 1 port USB-C, 1 port Ethernet, Dimensions de la console (lxHxL) : 390 mm x 104 mm x 260 mm (sans socle), Poids : 4,5 kg, Couleur : Blanche<\/span><\/li>\n<li><span class=\"a-list-item\">PlayStation 5 avec lecteur Blu-ray. Une console r\u00e9volutionnaire enti\u00e8rement centr\u00e9e sur le joueur pour des exp\u00e9riences encore plus immersives et connect\u00e9es avec vos jeux PS5 et PS4 r\u00e9trocompatibles<\/span><\/li>\n<li><span class=\"a-list-item\">Temps de chargement quasi instantan\u00e9s pour les jeux PS5 (install\u00e9s) gr\u00e2ce \u00e0 un disque SSD ultra-haute vitesse, Interface utilisateur con\u00e7ue pour fournir un acc\u00e8s imm\u00e9diat \u00e0 presque toutes les options du syst\u00e8me sans quitter votre partie<\/span><\/li>\n<\/ul>","protected":false},"featured_media":6891,"comment_status":"open","ping_status":"closed","template":"","meta":{"_acf_changed":false},"product_brand":[],"product_cat":[289,293,294],"product_tag":[],"class_list":{"0":"post-6829","1":"product","2":"type-product","3":"status-publish","4":"has-post-thumbnail","6":"product_cat-gaming","7":"product_cat-jeux-consoles","8":"product_cat-jeux-videos","10":"first","11":"instock","12":"shipping-taxable","13":"purchasable","14":"product-type-simple"},"acf":[],"yoast_head":"<!-- This site is optimized with the Yoast SEO plugin v27.2 - https:\/\/yoast.com\/product\/yoast-seo-wordpress\/ -->\n<title>PS5 Console Sony PlayStation 5 - Novak Market<\/title>\n<meta name=\"robots\" content=\"index, follow, max-snippet:-1, max-image-preview:large, max-video-preview:-1\" \/>\n<link rel=\"canonical\" href=\"https:\/\/novakmarket.com\/en\/product\/ps5-console-sony-playstation-5\/\" \/>\n<meta property=\"og:locale\" content=\"en_US\" \/>\n<meta property=\"og:type\" content=\"article\" \/>\n<meta property=\"og:title\" content=\"PS5 Console Sony PlayStation 5 - Novak Market\" \/>\n<meta property=\"og:description\" content=\"Niveau de r\u00e9alisme in\u00e9gal\u00e9 gr\u00e2ce \u00e0 la technologie de rendu de la lumi\u00e8re Ray Tracing, Prise en charge de la technologie HDR pour des couleurs vives et dynamiques, Possibilit\u00e9 de jouer en 4K et 8K sur les jeux et \u00e9crans compatibles Technologie Tempest 3D AudioTech pour une immersion sonore hors du commun, Retour haptique et g\u00e2chettes adaptatives via la manette DualSense pour ressentir les effets et l&#039;impact de vos actions en jeu (sur une s\u00e9lection de jeux PS5)  Contenu : 1x Sony PlayStation 5, 1x Manette DualSense, 1 x socle, Connectique : 1 port HDMI 2.1, 3 ports USB, 1 port USB-C, 1 port Ethernet, Dimensions de la console (lxHxL) : 390 mm x 104 mm x 260 mm (sans socle), Poids : 4,5 kg, Couleur : Blanche  PlayStation 5 avec lecteur Blu-ray. Une console r\u00e9volutionnaire enti\u00e8rement centr\u00e9e sur le joueur pour des exp\u00e9riences encore plus immersives et connect\u00e9es avec vos jeux PS5 et PS4 r\u00e9trocompatibles  Temps de chargement quasi instantan\u00e9s pour les jeux PS5 (install\u00e9s) gr\u00e2ce \u00e0 un disque SSD ultra-haute vitesse, Interface utilisateur con\u00e7ue pour fournir un acc\u00e8s imm\u00e9diat \u00e0 presque toutes les options du syst\u00e8me sans quitter votre partie\" \/>\n<meta property=\"og:url\" content=\"https:\/\/novakmarket.com\/en\/product\/ps5-console-sony-playstation-5\/\" \/>\n<meta property=\"og:site_name\" content=\"Novak Market\" \/>\n<meta property=\"article:modified_time\" content=\"2021-12-02T14:28:29+00:00\" \/>\n<meta property=\"og:image\" content=\"https:\/\/novakmarket.com\/wp-content\/uploads\/2021\/11\/PE3-2.jpg\" \/>\n\t<meta property=\"og:image:width\" content=\"1492\" \/>\n\t<meta property=\"og:image:height\" content=\"398\" \/>\n\t<meta property=\"og:image:type\" content=\"image\/jpeg\" \/>\n<meta name=\"twitter:card\" content=\"summary_large_image\" \/>\n<script type=\"application\/ld+json\" class=\"yoast-schema-graph\">{\"@context\":\"https:\/\/schema.org\",\"@graph\":[{\"@type\":\"WebPage\",\"@id\":\"https:\/\/novakmarket.com\/produit\/ps5-console-sony-playstation-5\/\",\"url\":\"https:\/\/novakmarket.com\/produit\/ps5-console-sony-playstation-5\/\",\"name\":\"PS5 Console Sony PlayStation 5 - Novak Market\",\"isPartOf\":{\"@id\":\"https:\/\/novakmarket.com\/#website\"},\"primaryImageOfPage\":{\"@id\":\"https:\/\/novakmarket.com\/produit\/ps5-console-sony-playstation-5\/#primaryimage\"},\"image\":{\"@id\":\"https:\/\/novakmarket.com\/produit\/ps5-console-sony-playstation-5\/#primaryimage\"},\"thumbnailUrl\":\"https:\/\/novakmarket.com\/wp-content\/uploads\/2021\/11\/PE3-2.jpg\",\"datePublished\":\"2021-11-29T19:23:46+00:00\",\"dateModified\":\"2021-12-02T14:28:29+00:00\",\"breadcrumb\":{\"@id\":\"https:\/\/novakmarket.com\/produit\/ps5-console-sony-playstation-5\/#breadcrumb\"},\"inLanguage\":\"en-US\",\"potentialAction\":[{\"@type\":\"ReadAction\",\"target\":[\"https:\/\/novakmarket.com\/produit\/ps5-console-sony-playstation-5\/\"]}]},{\"@type\":\"ImageObject\",\"inLanguage\":\"en-US\",\"@id\":\"https:\/\/novakmarket.com\/produit\/ps5-console-sony-playstation-5\/#primaryimage\",\"url\":\"https:\/\/novakmarket.com\/wp-content\/uploads\/2021\/11\/PE3-2.jpg\",\"contentUrl\":\"https:\/\/novakmarket.com\/wp-content\/uploads\/2021\/11\/PE3-2.jpg\",\"width\":1492,\"height\":398},{\"@type\":\"BreadcrumbList\",\"@id\":\"https:\/\/novakmarket.com\/produit\/ps5-console-sony-playstation-5\/#breadcrumb\",\"itemListElement\":[{\"@type\":\"ListItem\",\"position\":1,\"name\":\"Accueil\",\"item\":\"https:\/\/novakmarket.com\/\"},{\"@type\":\"ListItem\",\"position\":2,\"name\":\"Boutique\",\"item\":\"https:\/\/novakmarket.com\/shop\/\"},{\"@type\":\"ListItem\",\"position\":3,\"name\":\"PS5 Console Sony PlayStation 5\"}]},{\"@type\":\"WebSite\",\"@id\":\"https:\/\/novakmarket.com\/#website\",\"url\":\"https:\/\/novakmarket.com\/\",\"name\":\"Novak Market\",\"description\":\"Vente de produits \u00e9lectroniques.\",\"publisher\":{\"@id\":\"https:\/\/novakmarket.com\/#organization\"},\"potentialAction\":[{\"@type\":\"SearchAction\",\"target\":{\"@type\":\"EntryPoint\",\"urlTemplate\":\"https:\/\/novakmarket.com\/?s={search_term_string}\"},\"query-input\":{\"@type\":\"PropertyValueSpecification\",\"valueRequired\":true,\"valueName\":\"search_term_string\"}}],\"inLanguage\":\"en-US\"},{\"@type\":\"Organization\",\"@id\":\"https:\/\/novakmarket.com\/#organization\",\"name\":\"Novak Market\",\"url\":\"https:\/\/novakmarket.com\/\",\"logo\":{\"@type\":\"ImageObject\",\"inLanguage\":\"en-US\",\"@id\":\"https:\/\/novakmarket.com\/#\/schema\/logo\/image\/\",\"url\":\"https:\/\/novakmarket.com\/wp-content\/uploads\/2026\/02\/cropped-footer-pc-removebg-preview.png\",\"contentUrl\":\"https:\/\/novakmarket.com\/wp-content\/uploads\/2026\/02\/cropped-footer-pc-removebg-preview.png\",\"width\":202,\"height\":73,\"caption\":\"Novak Market\"},\"image\":{\"@id\":\"https:\/\/novakmarket.com\/#\/schema\/logo\/image\/\"}}]}<\/script>\n<!-- \/ Yoast SEO plugin. -->","yoast_head_json":{"title":"PS5 Console Sony PlayStation 5 - Novak Market","robots":{"index":"index","follow":"follow","max-snippet":"max-snippet:-1","max-image-preview":"max-image-preview:large","max-video-preview":"max-video-preview:-1"},"canonical":"https:\/\/novakmarket.com\/en\/product\/ps5-console-sony-playstation-5\/","og_locale":"en_US","og_type":"article","og_title":"PS5 Console Sony PlayStation 5 - Novak Market","og_description":"Niveau de r\u00e9alisme in\u00e9gal\u00e9 gr\u00e2ce \u00e0 la technologie de rendu de la lumi\u00e8re Ray Tracing, Prise en charge de la technologie HDR pour des couleurs vives et dynamiques, Possibilit\u00e9 de jouer en 4K et 8K sur les jeux et \u00e9crans compatibles Technologie Tempest 3D AudioTech pour une immersion sonore hors du commun, Retour haptique et g\u00e2chettes adaptatives via la manette DualSense pour ressentir les effets et l'impact de vos actions en jeu (sur une s\u00e9lection de jeux PS5)  Contenu : 1x Sony PlayStation 5, 1x Manette DualSense, 1 x socle, Connectique : 1 port HDMI 2.1, 3 ports USB, 1 port USB-C, 1 port Ethernet, Dimensions de la console (lxHxL) : 390 mm x 104 mm x 260 mm (sans socle), Poids : 4,5 kg, Couleur : Blanche  PlayStation 5 avec lecteur Blu-ray. Une console r\u00e9volutionnaire enti\u00e8rement centr\u00e9e sur le joueur pour des exp\u00e9riences encore plus immersives et connect\u00e9es avec vos jeux PS5 et PS4 r\u00e9trocompatibles  Temps de chargement quasi instantan\u00e9s pour les jeux PS5 (install\u00e9s) gr\u00e2ce \u00e0 un disque SSD ultra-haute vitesse, Interface utilisateur con\u00e7ue pour fournir un acc\u00e8s imm\u00e9diat \u00e0 presque toutes les options du syst\u00e8me sans quitter votre partie","og_url":"https:\/\/novakmarket.com\/en\/product\/ps5-console-sony-playstation-5\/","og_site_name":"Novak Market","article_modified_time":"2021-12-02T14:28:29+00:00","og_image":[{"width":1492,"height":398,"url":"https:\/\/novakmarket.com\/wp-content\/uploads\/2021\/11\/PE3-2.jpg","type":"image\/jpeg"}],"twitter_card":"summary_large_image","schema":{"@context":"https:\/\/schema.org","@graph":[{"@type":"WebPage","@id":"https:\/\/novakmarket.com\/produit\/ps5-console-sony-playstation-5\/","url":"https:\/\/novakmarket.com\/produit\/ps5-console-sony-playstation-5\/","name":"PS5 Console Sony PlayStation 5 - Novak Market","isPartOf":{"@id":"https:\/\/novakmarket.com\/#website"},"primaryImageOfPage":{"@id":"https:\/\/novakmarket.com\/produit\/ps5-console-sony-playstation-5\/#primaryimage"},"image":{"@id":"https:\/\/novakmarket.com\/produit\/ps5-console-sony-playstation-5\/#primaryimage"},"thumbnailUrl":"https:\/\/novakmarket.com\/wp-content\/uploads\/2021\/11\/PE3-2.jpg","datePublished":"2021-11-29T19:23:46+00:00","dateModified":"2021-12-02T14:28:29+00:00","breadcrumb":{"@id":"https:\/\/novakmarket.com\/produit\/ps5-console-sony-playstation-5\/#breadcrumb"},"inLanguage":"en-US","potentialAction":[{"@type":"ReadAction","target":["https:\/\/novakmarket.com\/produit\/ps5-console-sony-playstation-5\/"]}]},{"@type":"ImageObject","inLanguage":"en-US","@id":"https:\/\/novakmarket.com\/produit\/ps5-console-sony-playstation-5\/#primaryimage","url":"https:\/\/novakmarket.com\/wp-content\/uploads\/2021\/11\/PE3-2.jpg","contentUrl":"https:\/\/novakmarket.com\/wp-content\/uploads\/2021\/11\/PE3-2.jpg","width":1492,"height":398},{"@type":"BreadcrumbList","@id":"https:\/\/novakmarket.com\/produit\/ps5-console-sony-playstation-5\/#breadcrumb","itemListElement":[{"@type":"ListItem","position":1,"name":"Accueil","item":"https:\/\/novakmarket.com\/"},{"@type":"ListItem","position":2,"name":"Boutique","item":"https:\/\/novakmarket.com\/shop\/"},{"@type":"ListItem","position":3,"name":"PS5 Console Sony PlayStation 5"}]},{"@type":"WebSite","@id":"https:\/\/novakmarket.com\/#website","url":"https:\/\/novakmarket.com\/","name":"Novak Market","description":"Vente de produits \u00e9lectroniques.","publisher":{"@id":"https:\/\/novakmarket.com\/#organization"},"potentialAction":[{"@type":"SearchAction","target":{"@type":"EntryPoint","urlTemplate":"https:\/\/novakmarket.com\/?s={search_term_string}"},"query-input":{"@type":"PropertyValueSpecification","valueRequired":true,"valueName":"search_term_string"}}],"inLanguage":"en-US"},{"@type":"Organization","@id":"https:\/\/novakmarket.com\/#organization","name":"Novak Market","url":"https:\/\/novakmarket.com\/","logo":{"@type":"ImageObject","inLanguage":"en-US","@id":"https:\/\/novakmarket.com\/#\/schema\/logo\/image\/","url":"https:\/\/novakmarket.com\/wp-content\/uploads\/2026\/02\/cropped-footer-pc-removebg-preview.png","contentUrl":"https:\/\/novakmarket.com\/wp-content\/uploads\/2026\/02\/cropped-footer-pc-removebg-preview.png","width":202,"height":73,"caption":"Novak Market"},"image":{"@id":"https:\/\/novakmarket.com\/#\/schema\/logo\/image\/"}}]}},"_links":{"self":[{"href":"https:\/\/novakmarket.com\/en\/wp-json\/wp\/v2\/product\/6829","targetHints":{"allow":["GET"]}}],"collection":[{"href":"https:\/\/novakmarket.com\/en\/wp-json\/wp\/v2\/product"}],"about":[{"href":"https:\/\/novakmarket.com\/en\/wp-json\/wp\/v2\/types\/product"}],"replies":[{"embeddable":true,"href":"https:\/\/novakmarket.com\/en\/wp-json\/wp\/v2\/comments?post=6829"}],"wp:featuredmedia":[{"embeddable":true,"href":"https:\/\/novakmarket.com\/en\/wp-json\/wp\/v2\/media\/6891"}],"wp:attachment":[{"href":"https:\/\/novakmarket.com\/en\/wp-json\/wp\/v2\/media?parent=6829"}],"wp:term":[{"taxonomy":"product_brand","embeddable":true,"href":"https:\/\/novakmarket.com\/en\/wp-json\/wp\/v2\/product_brand?post=6829"},{"taxonomy":"product_cat","embeddable":true,"href":"https:\/\/novakmarket.com\/en\/wp-json\/wp\/v2\/product_cat?post=6829"},{"taxonomy":"product_tag","embeddable":true,"href":"https:\/\/novakmarket.com\/en\/wp-json\/wp\/v2\/product_tag?post=6829"}],"curies":[{"name":"wp","href":"https:\/\/api.w.org\/{rel}","templated":true}]}}