{"id":7469,"date":"2021-11-29T20:28:16","date_gmt":"2021-11-29T19:28:16","guid":{"rendered":"https:\/\/bestymarketshop.com\/?post_type=product&#038;p=7469"},"modified":"2021-12-02T12:58:04","modified_gmt":"2021-12-02T11:58:04","slug":"velo-ergometre-ergoelite","status":"publish","type":"product","link":"https:\/\/novakmarket.com\/en\/product\/velo-ergometre-ergoelite\/","title":{"rendered":"V\u00e9lo Ergom\u00e8tre ErgoElite"},"content":{"rendered":"<figure class=\"df-card__image\"><img decoding=\"async\" src=\"https:\/\/media.fitnessboutique.fr\/product_images\/MOO06059\/MOO06059_principale_m.jpg\" alt=\"V\u00e9lo Ergom\u00e8tre ErgoElite Reconditionn\u00e9 MOOVYOO\" \/><\/figure>\n<div class=\"df-card__content\">\n<div class=\"df-card__title\">V\u00e9lo Ergom\u00e8tre ErgoElite MOOVYOO<\/div>\n<div class=\"df-card__description\">V\u00e9lo ergom\u00e8tre avec r\u00e9sistance EMS sur 32 niveaux , inertie de 16 kg, console LCD r\u00e9tro-\u00e9clair\u00e9e avec 9 programmes d&#8217;entrainement , prise de pulsations cardiaques par capteurs ou via ceinture thoracique en option , cadre ouvert , si\u00e8ge r\u00e9glable en hauteur et profondeur, guidon multi-positions.<\/div>\n<div class=\"df-card__pricing\"><\/div>\n<\/div>","protected":false},"excerpt":{"rendered":"<p>V\u00e9lo Ergom\u00e8tre ErgoElite MOOVYOO V\u00e9lo ergom\u00e8tre avec r\u00e9sistance EMS sur 32 niveaux , inertie de 16 kg, console LCD r\u00e9tro-\u00e9clair\u00e9e avec 9 programmes d&#8217;entrainement , prise de pulsations cardiaques par<\/p>","protected":false},"featured_media":7498,"comment_status":"open","ping_status":"closed","template":"","meta":{"_acf_changed":false},"product_brand":[],"product_cat":[313],"product_tag":[],"class_list":{"0":"post-7469","1":"product","2":"type-product","3":"status-publish","4":"has-post-thumbnail","6":"product_cat-velo-dappartement","8":"first","9":"instock","10":"sale","11":"shipping-taxable","12":"purchasable","13":"product-type-simple"},"acf":[],"yoast_head":"<!-- This site is optimized with the Yoast SEO plugin v27.2 - https:\/\/yoast.com\/product\/yoast-seo-wordpress\/ -->\n<title>V\u00e9lo Ergom\u00e8tre ErgoElite - Novak Market<\/title>\n<meta name=\"robots\" content=\"index, follow, max-snippet:-1, max-image-preview:large, max-video-preview:-1\" \/>\n<link rel=\"canonical\" href=\"https:\/\/novakmarket.com\/en\/product\/velo-ergometre-ergoelite\/\" \/>\n<meta property=\"og:locale\" content=\"en_US\" \/>\n<meta property=\"og:type\" content=\"article\" \/>\n<meta property=\"og:title\" content=\"V\u00e9lo Ergom\u00e8tre ErgoElite - Novak Market\" \/>\n<meta property=\"og:description\" content=\"V\u00e9lo Ergom\u00e8tre ErgoElite MOOVYOO V\u00e9lo ergom\u00e8tre avec r\u00e9sistance EMS sur 32 niveaux , inertie de 16 kg, console LCD r\u00e9tro-\u00e9clair\u00e9e avec 9 programmes d&#8217;entrainement , prise de pulsations cardiaques par\" \/>\n<meta property=\"og:url\" content=\"https:\/\/novakmarket.com\/en\/product\/velo-ergometre-ergoelite\/\" \/>\n<meta property=\"og:site_name\" content=\"Novak Market\" \/>\n<meta property=\"article:modified_time\" content=\"2021-12-02T11:58:04+00:00\" \/>\n<meta property=\"og:image\" content=\"https:\/\/novakmarket.com\/wp-content\/uploads\/2021\/11\/15-5.jpg\" \/>\n\t<meta property=\"og:image:width\" content=\"500\" \/>\n\t<meta property=\"og:image:height\" content=\"500\" \/>\n\t<meta property=\"og:image:type\" content=\"image\/jpeg\" \/>\n<meta name=\"twitter:card\" content=\"summary_large_image\" \/>\n<script type=\"application\/ld+json\" class=\"yoast-schema-graph\">{\"@context\":\"https:\/\/schema.org\",\"@graph\":[{\"@type\":\"WebPage\",\"@id\":\"https:\/\/novakmarket.com\/produit\/velo-ergometre-ergoelite\/\",\"url\":\"https:\/\/novakmarket.com\/produit\/velo-ergometre-ergoelite\/\",\"name\":\"V\u00e9lo Ergom\u00e8tre ErgoElite - Novak Market\",\"isPartOf\":{\"@id\":\"https:\/\/novakmarket.com\/#website\"},\"primaryImageOfPage\":{\"@id\":\"https:\/\/novakmarket.com\/produit\/velo-ergometre-ergoelite\/#primaryimage\"},\"image\":{\"@id\":\"https:\/\/novakmarket.com\/produit\/velo-ergometre-ergoelite\/#primaryimage\"},\"thumbnailUrl\":\"https:\/\/novakmarket.com\/wp-content\/uploads\/2021\/11\/15-5.jpg\",\"datePublished\":\"2021-11-29T19:28:16+00:00\",\"dateModified\":\"2021-12-02T11:58:04+00:00\",\"breadcrumb\":{\"@id\":\"https:\/\/novakmarket.com\/produit\/velo-ergometre-ergoelite\/#breadcrumb\"},\"inLanguage\":\"en-US\",\"potentialAction\":[{\"@type\":\"ReadAction\",\"target\":[\"https:\/\/novakmarket.com\/produit\/velo-ergometre-ergoelite\/\"]}]},{\"@type\":\"ImageObject\",\"inLanguage\":\"en-US\",\"@id\":\"https:\/\/novakmarket.com\/produit\/velo-ergometre-ergoelite\/#primaryimage\",\"url\":\"https:\/\/novakmarket.com\/wp-content\/uploads\/2021\/11\/15-5.jpg\",\"contentUrl\":\"https:\/\/novakmarket.com\/wp-content\/uploads\/2021\/11\/15-5.jpg\",\"width\":500,\"height\":500},{\"@type\":\"BreadcrumbList\",\"@id\":\"https:\/\/novakmarket.com\/produit\/velo-ergometre-ergoelite\/#breadcrumb\",\"itemListElement\":[{\"@type\":\"ListItem\",\"position\":1,\"name\":\"Accueil\",\"item\":\"https:\/\/novakmarket.com\/\"},{\"@type\":\"ListItem\",\"position\":2,\"name\":\"Boutique\",\"item\":\"https:\/\/novakmarket.com\/shop\/\"},{\"@type\":\"ListItem\",\"position\":3,\"name\":\"V\u00e9lo Ergom\u00e8tre ErgoElite\"}]},{\"@type\":\"WebSite\",\"@id\":\"https:\/\/novakmarket.com\/#website\",\"url\":\"https:\/\/novakmarket.com\/\",\"name\":\"Novak Market\",\"description\":\"Vente de produits \u00e9lectroniques.\",\"publisher\":{\"@id\":\"https:\/\/novakmarket.com\/#organization\"},\"potentialAction\":[{\"@type\":\"SearchAction\",\"target\":{\"@type\":\"EntryPoint\",\"urlTemplate\":\"https:\/\/novakmarket.com\/?s={search_term_string}\"},\"query-input\":{\"@type\":\"PropertyValueSpecification\",\"valueRequired\":true,\"valueName\":\"search_term_string\"}}],\"inLanguage\":\"en-US\"},{\"@type\":\"Organization\",\"@id\":\"https:\/\/novakmarket.com\/#organization\",\"name\":\"Novak Market\",\"url\":\"https:\/\/novakmarket.com\/\",\"logo\":{\"@type\":\"ImageObject\",\"inLanguage\":\"en-US\",\"@id\":\"https:\/\/novakmarket.com\/#\/schema\/logo\/image\/\",\"url\":\"https:\/\/novakmarket.com\/wp-content\/uploads\/2026\/02\/cropped-footer-pc-removebg-preview.png\",\"contentUrl\":\"https:\/\/novakmarket.com\/wp-content\/uploads\/2026\/02\/cropped-footer-pc-removebg-preview.png\",\"width\":202,\"height\":73,\"caption\":\"Novak Market\"},\"image\":{\"@id\":\"https:\/\/novakmarket.com\/#\/schema\/logo\/image\/\"}}]}<\/script>\n<!-- \/ Yoast SEO plugin. -->","yoast_head_json":{"title":"V\u00e9lo Ergom\u00e8tre ErgoElite - Novak Market","robots":{"index":"index","follow":"follow","max-snippet":"max-snippet:-1","max-image-preview":"max-image-preview:large","max-video-preview":"max-video-preview:-1"},"canonical":"https:\/\/novakmarket.com\/en\/product\/velo-ergometre-ergoelite\/","og_locale":"en_US","og_type":"article","og_title":"V\u00e9lo Ergom\u00e8tre ErgoElite - Novak Market","og_description":"V\u00e9lo Ergom\u00e8tre ErgoElite MOOVYOO V\u00e9lo ergom\u00e8tre avec r\u00e9sistance EMS sur 32 niveaux , inertie de 16 kg, console LCD r\u00e9tro-\u00e9clair\u00e9e avec 9 programmes d&#8217;entrainement , prise de pulsations cardiaques par","og_url":"https:\/\/novakmarket.com\/en\/product\/velo-ergometre-ergoelite\/","og_site_name":"Novak Market","article_modified_time":"2021-12-02T11:58:04+00:00","og_image":[{"width":500,"height":500,"url":"https:\/\/novakmarket.com\/wp-content\/uploads\/2021\/11\/15-5.jpg","type":"image\/jpeg"}],"twitter_card":"summary_large_image","schema":{"@context":"https:\/\/schema.org","@graph":[{"@type":"WebPage","@id":"https:\/\/novakmarket.com\/produit\/velo-ergometre-ergoelite\/","url":"https:\/\/novakmarket.com\/produit\/velo-ergometre-ergoelite\/","name":"V\u00e9lo Ergom\u00e8tre ErgoElite - Novak Market","isPartOf":{"@id":"https:\/\/novakmarket.com\/#website"},"primaryImageOfPage":{"@id":"https:\/\/novakmarket.com\/produit\/velo-ergometre-ergoelite\/#primaryimage"},"image":{"@id":"https:\/\/novakmarket.com\/produit\/velo-ergometre-ergoelite\/#primaryimage"},"thumbnailUrl":"https:\/\/novakmarket.com\/wp-content\/uploads\/2021\/11\/15-5.jpg","datePublished":"2021-11-29T19:28:16+00:00","dateModified":"2021-12-02T11:58:04+00:00","breadcrumb":{"@id":"https:\/\/novakmarket.com\/produit\/velo-ergometre-ergoelite\/#breadcrumb"},"inLanguage":"en-US","potentialAction":[{"@type":"ReadAction","target":["https:\/\/novakmarket.com\/produit\/velo-ergometre-ergoelite\/"]}]},{"@type":"ImageObject","inLanguage":"en-US","@id":"https:\/\/novakmarket.com\/produit\/velo-ergometre-ergoelite\/#primaryimage","url":"https:\/\/novakmarket.com\/wp-content\/uploads\/2021\/11\/15-5.jpg","contentUrl":"https:\/\/novakmarket.com\/wp-content\/uploads\/2021\/11\/15-5.jpg","width":500,"height":500},{"@type":"BreadcrumbList","@id":"https:\/\/novakmarket.com\/produit\/velo-ergometre-ergoelite\/#breadcrumb","itemListElement":[{"@type":"ListItem","position":1,"name":"Accueil","item":"https:\/\/novakmarket.com\/"},{"@type":"ListItem","position":2,"name":"Boutique","item":"https:\/\/novakmarket.com\/shop\/"},{"@type":"ListItem","position":3,"name":"V\u00e9lo Ergom\u00e8tre ErgoElite"}]},{"@type":"WebSite","@id":"https:\/\/novakmarket.com\/#website","url":"https:\/\/novakmarket.com\/","name":"Novak Market","description":"Vente de produits \u00e9lectroniques.","publisher":{"@id":"https:\/\/novakmarket.com\/#organization"},"potentialAction":[{"@type":"SearchAction","target":{"@type":"EntryPoint","urlTemplate":"https:\/\/novakmarket.com\/?s={search_term_string}"},"query-input":{"@type":"PropertyValueSpecification","valueRequired":true,"valueName":"search_term_string"}}],"inLanguage":"en-US"},{"@type":"Organization","@id":"https:\/\/novakmarket.com\/#organization","name":"Novak Market","url":"https:\/\/novakmarket.com\/","logo":{"@type":"ImageObject","inLanguage":"en-US","@id":"https:\/\/novakmarket.com\/#\/schema\/logo\/image\/","url":"https:\/\/novakmarket.com\/wp-content\/uploads\/2026\/02\/cropped-footer-pc-removebg-preview.png","contentUrl":"https:\/\/novakmarket.com\/wp-content\/uploads\/2026\/02\/cropped-footer-pc-removebg-preview.png","width":202,"height":73,"caption":"Novak Market"},"image":{"@id":"https:\/\/novakmarket.com\/#\/schema\/logo\/image\/"}}]}},"_links":{"self":[{"href":"https:\/\/novakmarket.com\/en\/wp-json\/wp\/v2\/product\/7469","targetHints":{"allow":["GET"]}}],"collection":[{"href":"https:\/\/novakmarket.com\/en\/wp-json\/wp\/v2\/product"}],"about":[{"href":"https:\/\/novakmarket.com\/en\/wp-json\/wp\/v2\/types\/product"}],"replies":[{"embeddable":true,"href":"https:\/\/novakmarket.com\/en\/wp-json\/wp\/v2\/comments?post=7469"}],"wp:featuredmedia":[{"embeddable":true,"href":"https:\/\/novakmarket.com\/en\/wp-json\/wp\/v2\/media\/7498"}],"wp:attachment":[{"href":"https:\/\/novakmarket.com\/en\/wp-json\/wp\/v2\/media?parent=7469"}],"wp:term":[{"taxonomy":"product_brand","embeddable":true,"href":"https:\/\/novakmarket.com\/en\/wp-json\/wp\/v2\/product_brand?post=7469"},{"taxonomy":"product_cat","embeddable":true,"href":"https:\/\/novakmarket.com\/en\/wp-json\/wp\/v2\/product_cat?post=7469"},{"taxonomy":"product_tag","embeddable":true,"href":"https:\/\/novakmarket.com\/en\/wp-json\/wp\/v2\/product_tag?post=7469"}],"curies":[{"name":"wp","href":"https:\/\/api.w.org\/{rel}","templated":true}]}}