{"id":7592,"date":"2021-11-29T20:28:48","date_gmt":"2021-11-29T19:28:48","guid":{"rendered":"https:\/\/bestymarketshop.com\/?post_type=product&#038;p=7592"},"modified":"2021-11-29T20:29:02","modified_gmt":"2021-11-29T19:29:02","slug":"slr-disque-28-v8","status":"publish","type":"product","link":"https:\/\/novakmarket.com\/en\/product\/slr-disque-28-v8\/","title":{"rendered":"SLR disque 28&#8221; V8"},"content":{"rendered":"<p><img loading=\"lazy\" decoding=\"async\" class=\"alignnone size-medium wp-image-15439\" src=\"https:\/\/megamarketshop.com\/wp-content\/uploads\/2021\/05\/3-30-300x167.jpg\" alt=\"\" width=\"300\" height=\"167\" \/><\/p>\n<h2 data-colname=\"de_headline1\">La perfection absolue<\/h2>\n<div data-colname=\"de_teaser\">\n<p>Avec sept victoires \u00e0 Paris-Roubaix,\u00a0<span class=\"notranslate\">Specialized<\/span>\u00a0Roubaix a prouv\u00e9 que la souplesse du v\u00e9lo est plus que rapide. Jusqu&#8217;\u00e0 pr\u00e9sent, cependant, cette flexibilit\u00e9 \u00e9tait certes associ\u00e9e \u00e0 quelques compromis.<\/p>\n<\/div>","protected":false},"excerpt":{"rendered":"<p>La perfection absolue Avec sept victoires \u00e0 Paris-Roubaix,\u00a0Specialized\u00a0Roubaix a prouv\u00e9 que la souplesse du v\u00e9lo est plus que rapide. Jusqu&#8217;\u00e0 pr\u00e9sent, cependant, cette flexibilit\u00e9 \u00e9tait certes associ\u00e9e \u00e0 quelques compromis.<\/p>","protected":false},"featured_media":7606,"comment_status":"open","ping_status":"closed","template":"","meta":{"_acf_changed":false},"product_brand":[],"product_cat":[315],"product_tag":[],"class_list":{"0":"post-7592","1":"product","2":"type-product","3":"status-publish","4":"has-post-thumbnail","6":"product_cat-velo-de-course","8":"first","9":"instock","10":"shipping-taxable","11":"purchasable","12":"product-type-simple"},"acf":[],"yoast_head":"<!-- This site is optimized with the Yoast SEO plugin v27.2 - https:\/\/yoast.com\/product\/yoast-seo-wordpress\/ -->\n<title>SLR disque 28&#039;&#039; V8 - Novak Market<\/title>\n<meta name=\"robots\" content=\"index, follow, max-snippet:-1, max-image-preview:large, max-video-preview:-1\" \/>\n<link rel=\"canonical\" href=\"https:\/\/novakmarket.com\/en\/product\/slr-disque-28-v8\/\" \/>\n<meta property=\"og:locale\" content=\"en_US\" \/>\n<meta property=\"og:type\" content=\"article\" \/>\n<meta property=\"og:title\" content=\"SLR disque 28&#039;&#039; V8 - Novak Market\" \/>\n<meta property=\"og:description\" content=\"La perfection absolue Avec sept victoires \u00e0 Paris-Roubaix,\u00a0Specialized\u00a0Roubaix a prouv\u00e9 que la souplesse du v\u00e9lo est plus que rapide. Jusqu&#8217;\u00e0 pr\u00e9sent, cependant, cette flexibilit\u00e9 \u00e9tait certes associ\u00e9e \u00e0 quelques compromis.\" \/>\n<meta property=\"og:url\" content=\"https:\/\/novakmarket.com\/en\/product\/slr-disque-28-v8\/\" \/>\n<meta property=\"og:site_name\" content=\"Novak Market\" \/>\n<meta property=\"article:modified_time\" content=\"2021-11-29T19:29:02+00:00\" \/>\n<meta property=\"og:image\" content=\"https:\/\/novakmarket.com\/wp-content\/uploads\/2021\/11\/3-30.jpg\" \/>\n\t<meta property=\"og:image:width\" content=\"1024\" \/>\n\t<meta property=\"og:image:height\" content=\"570\" \/>\n\t<meta property=\"og:image:type\" content=\"image\/jpeg\" \/>\n<meta name=\"twitter:card\" content=\"summary_large_image\" \/>\n<script type=\"application\/ld+json\" class=\"yoast-schema-graph\">{\"@context\":\"https:\/\/schema.org\",\"@graph\":[{\"@type\":\"WebPage\",\"@id\":\"https:\/\/novakmarket.com\/produit\/slr-disque-28-v8\/\",\"url\":\"https:\/\/novakmarket.com\/produit\/slr-disque-28-v8\/\",\"name\":\"SLR disque 28'' V8 - Novak Market\",\"isPartOf\":{\"@id\":\"https:\/\/novakmarket.com\/#website\"},\"primaryImageOfPage\":{\"@id\":\"https:\/\/novakmarket.com\/produit\/slr-disque-28-v8\/#primaryimage\"},\"image\":{\"@id\":\"https:\/\/novakmarket.com\/produit\/slr-disque-28-v8\/#primaryimage\"},\"thumbnailUrl\":\"https:\/\/novakmarket.com\/wp-content\/uploads\/2021\/11\/3-30.jpg\",\"datePublished\":\"2021-11-29T19:28:48+00:00\",\"dateModified\":\"2021-11-29T19:29:02+00:00\",\"breadcrumb\":{\"@id\":\"https:\/\/novakmarket.com\/produit\/slr-disque-28-v8\/#breadcrumb\"},\"inLanguage\":\"en-US\",\"potentialAction\":[{\"@type\":\"ReadAction\",\"target\":[\"https:\/\/novakmarket.com\/produit\/slr-disque-28-v8\/\"]}]},{\"@type\":\"ImageObject\",\"inLanguage\":\"en-US\",\"@id\":\"https:\/\/novakmarket.com\/produit\/slr-disque-28-v8\/#primaryimage\",\"url\":\"https:\/\/novakmarket.com\/wp-content\/uploads\/2021\/11\/3-30.jpg\",\"contentUrl\":\"https:\/\/novakmarket.com\/wp-content\/uploads\/2021\/11\/3-30.jpg\",\"width\":1024,\"height\":570},{\"@type\":\"BreadcrumbList\",\"@id\":\"https:\/\/novakmarket.com\/produit\/slr-disque-28-v8\/#breadcrumb\",\"itemListElement\":[{\"@type\":\"ListItem\",\"position\":1,\"name\":\"Accueil\",\"item\":\"https:\/\/novakmarket.com\/\"},{\"@type\":\"ListItem\",\"position\":2,\"name\":\"Boutique\",\"item\":\"https:\/\/novakmarket.com\/shop\/\"},{\"@type\":\"ListItem\",\"position\":3,\"name\":\"SLR disque 28&#8221; V8\"}]},{\"@type\":\"WebSite\",\"@id\":\"https:\/\/novakmarket.com\/#website\",\"url\":\"https:\/\/novakmarket.com\/\",\"name\":\"Novak Market\",\"description\":\"Vente de produits \u00e9lectroniques.\",\"publisher\":{\"@id\":\"https:\/\/novakmarket.com\/#organization\"},\"potentialAction\":[{\"@type\":\"SearchAction\",\"target\":{\"@type\":\"EntryPoint\",\"urlTemplate\":\"https:\/\/novakmarket.com\/?s={search_term_string}\"},\"query-input\":{\"@type\":\"PropertyValueSpecification\",\"valueRequired\":true,\"valueName\":\"search_term_string\"}}],\"inLanguage\":\"en-US\"},{\"@type\":\"Organization\",\"@id\":\"https:\/\/novakmarket.com\/#organization\",\"name\":\"Novak Market\",\"url\":\"https:\/\/novakmarket.com\/\",\"logo\":{\"@type\":\"ImageObject\",\"inLanguage\":\"en-US\",\"@id\":\"https:\/\/novakmarket.com\/#\/schema\/logo\/image\/\",\"url\":\"https:\/\/novakmarket.com\/wp-content\/uploads\/2026\/02\/cropped-footer-pc-removebg-preview.png\",\"contentUrl\":\"https:\/\/novakmarket.com\/wp-content\/uploads\/2026\/02\/cropped-footer-pc-removebg-preview.png\",\"width\":202,\"height\":73,\"caption\":\"Novak Market\"},\"image\":{\"@id\":\"https:\/\/novakmarket.com\/#\/schema\/logo\/image\/\"}}]}<\/script>\n<!-- \/ Yoast SEO plugin. -->","yoast_head_json":{"title":"SLR disque 28'' V8 - Novak Market","robots":{"index":"index","follow":"follow","max-snippet":"max-snippet:-1","max-image-preview":"max-image-preview:large","max-video-preview":"max-video-preview:-1"},"canonical":"https:\/\/novakmarket.com\/en\/product\/slr-disque-28-v8\/","og_locale":"en_US","og_type":"article","og_title":"SLR disque 28'' V8 - Novak Market","og_description":"La perfection absolue Avec sept victoires \u00e0 Paris-Roubaix,\u00a0Specialized\u00a0Roubaix a prouv\u00e9 que la souplesse du v\u00e9lo est plus que rapide. Jusqu&#8217;\u00e0 pr\u00e9sent, cependant, cette flexibilit\u00e9 \u00e9tait certes associ\u00e9e \u00e0 quelques compromis.","og_url":"https:\/\/novakmarket.com\/en\/product\/slr-disque-28-v8\/","og_site_name":"Novak Market","article_modified_time":"2021-11-29T19:29:02+00:00","og_image":[{"width":1024,"height":570,"url":"https:\/\/novakmarket.com\/wp-content\/uploads\/2021\/11\/3-30.jpg","type":"image\/jpeg"}],"twitter_card":"summary_large_image","schema":{"@context":"https:\/\/schema.org","@graph":[{"@type":"WebPage","@id":"https:\/\/novakmarket.com\/produit\/slr-disque-28-v8\/","url":"https:\/\/novakmarket.com\/produit\/slr-disque-28-v8\/","name":"SLR disque 28'' V8 - Novak Market","isPartOf":{"@id":"https:\/\/novakmarket.com\/#website"},"primaryImageOfPage":{"@id":"https:\/\/novakmarket.com\/produit\/slr-disque-28-v8\/#primaryimage"},"image":{"@id":"https:\/\/novakmarket.com\/produit\/slr-disque-28-v8\/#primaryimage"},"thumbnailUrl":"https:\/\/novakmarket.com\/wp-content\/uploads\/2021\/11\/3-30.jpg","datePublished":"2021-11-29T19:28:48+00:00","dateModified":"2021-11-29T19:29:02+00:00","breadcrumb":{"@id":"https:\/\/novakmarket.com\/produit\/slr-disque-28-v8\/#breadcrumb"},"inLanguage":"en-US","potentialAction":[{"@type":"ReadAction","target":["https:\/\/novakmarket.com\/produit\/slr-disque-28-v8\/"]}]},{"@type":"ImageObject","inLanguage":"en-US","@id":"https:\/\/novakmarket.com\/produit\/slr-disque-28-v8\/#primaryimage","url":"https:\/\/novakmarket.com\/wp-content\/uploads\/2021\/11\/3-30.jpg","contentUrl":"https:\/\/novakmarket.com\/wp-content\/uploads\/2021\/11\/3-30.jpg","width":1024,"height":570},{"@type":"BreadcrumbList","@id":"https:\/\/novakmarket.com\/produit\/slr-disque-28-v8\/#breadcrumb","itemListElement":[{"@type":"ListItem","position":1,"name":"Accueil","item":"https:\/\/novakmarket.com\/"},{"@type":"ListItem","position":2,"name":"Boutique","item":"https:\/\/novakmarket.com\/shop\/"},{"@type":"ListItem","position":3,"name":"SLR disque 28&#8221; V8"}]},{"@type":"WebSite","@id":"https:\/\/novakmarket.com\/#website","url":"https:\/\/novakmarket.com\/","name":"Novak Market","description":"Vente de produits \u00e9lectroniques.","publisher":{"@id":"https:\/\/novakmarket.com\/#organization"},"potentialAction":[{"@type":"SearchAction","target":{"@type":"EntryPoint","urlTemplate":"https:\/\/novakmarket.com\/?s={search_term_string}"},"query-input":{"@type":"PropertyValueSpecification","valueRequired":true,"valueName":"search_term_string"}}],"inLanguage":"en-US"},{"@type":"Organization","@id":"https:\/\/novakmarket.com\/#organization","name":"Novak Market","url":"https:\/\/novakmarket.com\/","logo":{"@type":"ImageObject","inLanguage":"en-US","@id":"https:\/\/novakmarket.com\/#\/schema\/logo\/image\/","url":"https:\/\/novakmarket.com\/wp-content\/uploads\/2026\/02\/cropped-footer-pc-removebg-preview.png","contentUrl":"https:\/\/novakmarket.com\/wp-content\/uploads\/2026\/02\/cropped-footer-pc-removebg-preview.png","width":202,"height":73,"caption":"Novak Market"},"image":{"@id":"https:\/\/novakmarket.com\/#\/schema\/logo\/image\/"}}]}},"_links":{"self":[{"href":"https:\/\/novakmarket.com\/en\/wp-json\/wp\/v2\/product\/7592","targetHints":{"allow":["GET"]}}],"collection":[{"href":"https:\/\/novakmarket.com\/en\/wp-json\/wp\/v2\/product"}],"about":[{"href":"https:\/\/novakmarket.com\/en\/wp-json\/wp\/v2\/types\/product"}],"replies":[{"embeddable":true,"href":"https:\/\/novakmarket.com\/en\/wp-json\/wp\/v2\/comments?post=7592"}],"wp:featuredmedia":[{"embeddable":true,"href":"https:\/\/novakmarket.com\/en\/wp-json\/wp\/v2\/media\/7606"}],"wp:attachment":[{"href":"https:\/\/novakmarket.com\/en\/wp-json\/wp\/v2\/media?parent=7592"}],"wp:term":[{"taxonomy":"product_brand","embeddable":true,"href":"https:\/\/novakmarket.com\/en\/wp-json\/wp\/v2\/product_brand?post=7592"},{"taxonomy":"product_cat","embeddable":true,"href":"https:\/\/novakmarket.com\/en\/wp-json\/wp\/v2\/product_cat?post=7592"},{"taxonomy":"product_tag","embeddable":true,"href":"https:\/\/novakmarket.com\/en\/wp-json\/wp\/v2\/product_tag?post=7592"}],"curies":[{"name":"wp","href":"https:\/\/api.w.org\/{rel}","templated":true}]}}