{"id":7672,"date":"2021-11-29T20:29:23","date_gmt":"2021-11-29T19:29:23","guid":{"rendered":"https:\/\/bestymarketshop.com\/?post_type=product&#038;p=7672"},"modified":"2026-03-26T19:07:00","modified_gmt":"2026-03-26T18:07:00","slug":"levo-sl-comp","status":"publish","type":"product","link":"https:\/\/novakmarket.com\/en\/product\/levo-sl-comp\/","title":{"rendered":"Levo SL Comp"},"content":{"rendered":"<p><img loading=\"lazy\" decoding=\"async\" class=\"alignnone size-medium wp-image-15539\" src=\"https:\/\/megamarketshop.com\/wp-content\/uploads\/2021\/05\/7-27-300x167.jpg\" alt=\"\" width=\"300\" height=\"167\" \/><\/p>\n<p>Le Levo SL est une nouvelle g\u00e9n\u00e9ration l\u00e9g\u00e8re de v\u00e9los de montagne \u00e9lectriques qui utilise la plate-forme rapide et polyvalente du Stumpjumper &#8230; et offre juste assez de puissance pour vivre une toute nouvelle conduite. Le Levo SL Comp Carbon est livr\u00e9 avec un cadre en carbone, un ch\u00e2ssis FOX complet et un variateur SRAM NX 12 vitesses.<\/p>","protected":false},"excerpt":{"rendered":"<p>Le Levo SL est une nouvelle g\u00e9n\u00e9ration l\u00e9g\u00e8re de v\u00e9los de montagne \u00e9lectriques qui utilise la plate-forme rapide et polyvalente du Stumpjumper &#8230; et offre juste assez de puissance pour<\/p>","protected":false},"featured_media":7696,"comment_status":"open","ping_status":"closed","template":"","meta":{"_acf_changed":false},"product_brand":[],"product_cat":[317],"product_tag":[],"class_list":{"0":"post-7672","1":"product","2":"type-product","3":"status-publish","4":"has-post-thumbnail","6":"product_cat-vtt-electrique","8":"first","9":"instock","10":"sale","11":"shipping-taxable","12":"purchasable","13":"product-type-simple"},"acf":[],"yoast_head":"<!-- This site is optimized with the Yoast SEO plugin v27.2 - https:\/\/yoast.com\/product\/yoast-seo-wordpress\/ -->\n<title>Levo SL Comp - Novak Market<\/title>\n<meta name=\"robots\" content=\"index, follow, max-snippet:-1, max-image-preview:large, max-video-preview:-1\" \/>\n<link rel=\"canonical\" href=\"https:\/\/novakmarket.com\/en\/product\/levo-sl-comp\/\" \/>\n<meta property=\"og:locale\" content=\"en_US\" \/>\n<meta property=\"og:type\" content=\"article\" \/>\n<meta property=\"og:title\" content=\"Levo SL Comp - Novak Market\" \/>\n<meta property=\"og:description\" content=\"Le Levo SL est une nouvelle g\u00e9n\u00e9ration l\u00e9g\u00e8re de v\u00e9los de montagne \u00e9lectriques qui utilise la plate-forme rapide et polyvalente du Stumpjumper &#8230; et offre juste assez de puissance pour\" \/>\n<meta property=\"og:url\" content=\"https:\/\/novakmarket.com\/en\/product\/levo-sl-comp\/\" \/>\n<meta property=\"og:site_name\" content=\"Novak Market\" \/>\n<meta property=\"article:modified_time\" content=\"2026-03-26T18:07:00+00:00\" \/>\n<meta property=\"og:image\" content=\"https:\/\/novakmarket.com\/wp-content\/uploads\/2021\/11\/7-27.jpg\" \/>\n\t<meta property=\"og:image:width\" content=\"1024\" \/>\n\t<meta property=\"og:image:height\" content=\"570\" \/>\n\t<meta property=\"og:image:type\" content=\"image\/jpeg\" \/>\n<meta name=\"twitter:card\" content=\"summary_large_image\" \/>\n<script type=\"application\/ld+json\" class=\"yoast-schema-graph\">{\"@context\":\"https:\/\/schema.org\",\"@graph\":[{\"@type\":\"WebPage\",\"@id\":\"https:\/\/novakmarket.com\/produit\/levo-sl-comp\/\",\"url\":\"https:\/\/novakmarket.com\/produit\/levo-sl-comp\/\",\"name\":\"Levo SL Comp - Novak Market\",\"isPartOf\":{\"@id\":\"https:\/\/novakmarket.com\/#website\"},\"primaryImageOfPage\":{\"@id\":\"https:\/\/novakmarket.com\/produit\/levo-sl-comp\/#primaryimage\"},\"image\":{\"@id\":\"https:\/\/novakmarket.com\/produit\/levo-sl-comp\/#primaryimage\"},\"thumbnailUrl\":\"https:\/\/novakmarket.com\/wp-content\/uploads\/2021\/11\/7-27.jpg\",\"datePublished\":\"2021-11-29T19:29:23+00:00\",\"dateModified\":\"2026-03-26T18:07:00+00:00\",\"breadcrumb\":{\"@id\":\"https:\/\/novakmarket.com\/produit\/levo-sl-comp\/#breadcrumb\"},\"inLanguage\":\"en-US\",\"potentialAction\":[{\"@type\":\"ReadAction\",\"target\":[\"https:\/\/novakmarket.com\/produit\/levo-sl-comp\/\"]}]},{\"@type\":\"ImageObject\",\"inLanguage\":\"en-US\",\"@id\":\"https:\/\/novakmarket.com\/produit\/levo-sl-comp\/#primaryimage\",\"url\":\"https:\/\/novakmarket.com\/wp-content\/uploads\/2021\/11\/7-27.jpg\",\"contentUrl\":\"https:\/\/novakmarket.com\/wp-content\/uploads\/2021\/11\/7-27.jpg\",\"width\":1024,\"height\":570},{\"@type\":\"BreadcrumbList\",\"@id\":\"https:\/\/novakmarket.com\/produit\/levo-sl-comp\/#breadcrumb\",\"itemListElement\":[{\"@type\":\"ListItem\",\"position\":1,\"name\":\"Accueil\",\"item\":\"https:\/\/novakmarket.com\/\"},{\"@type\":\"ListItem\",\"position\":2,\"name\":\"Boutique\",\"item\":\"https:\/\/novakmarket.com\/shop\/\"},{\"@type\":\"ListItem\",\"position\":3,\"name\":\"Levo SL Comp\"}]},{\"@type\":\"WebSite\",\"@id\":\"https:\/\/novakmarket.com\/#website\",\"url\":\"https:\/\/novakmarket.com\/\",\"name\":\"Novak Market\",\"description\":\"Vente de produits \u00e9lectroniques.\",\"publisher\":{\"@id\":\"https:\/\/novakmarket.com\/#organization\"},\"potentialAction\":[{\"@type\":\"SearchAction\",\"target\":{\"@type\":\"EntryPoint\",\"urlTemplate\":\"https:\/\/novakmarket.com\/?s={search_term_string}\"},\"query-input\":{\"@type\":\"PropertyValueSpecification\",\"valueRequired\":true,\"valueName\":\"search_term_string\"}}],\"inLanguage\":\"en-US\"},{\"@type\":\"Organization\",\"@id\":\"https:\/\/novakmarket.com\/#organization\",\"name\":\"Novak Market\",\"url\":\"https:\/\/novakmarket.com\/\",\"logo\":{\"@type\":\"ImageObject\",\"inLanguage\":\"en-US\",\"@id\":\"https:\/\/novakmarket.com\/#\/schema\/logo\/image\/\",\"url\":\"https:\/\/novakmarket.com\/wp-content\/uploads\/2026\/02\/cropped-footer-pc-removebg-preview.png\",\"contentUrl\":\"https:\/\/novakmarket.com\/wp-content\/uploads\/2026\/02\/cropped-footer-pc-removebg-preview.png\",\"width\":202,\"height\":73,\"caption\":\"Novak Market\"},\"image\":{\"@id\":\"https:\/\/novakmarket.com\/#\/schema\/logo\/image\/\"}}]}<\/script>\n<!-- \/ Yoast SEO plugin. -->","yoast_head_json":{"title":"Levo SL Comp - Novak Market","robots":{"index":"index","follow":"follow","max-snippet":"max-snippet:-1","max-image-preview":"max-image-preview:large","max-video-preview":"max-video-preview:-1"},"canonical":"https:\/\/novakmarket.com\/en\/product\/levo-sl-comp\/","og_locale":"en_US","og_type":"article","og_title":"Levo SL Comp - Novak Market","og_description":"Le Levo SL est une nouvelle g\u00e9n\u00e9ration l\u00e9g\u00e8re de v\u00e9los de montagne \u00e9lectriques qui utilise la plate-forme rapide et polyvalente du Stumpjumper &#8230; et offre juste assez de puissance pour","og_url":"https:\/\/novakmarket.com\/en\/product\/levo-sl-comp\/","og_site_name":"Novak Market","article_modified_time":"2026-03-26T18:07:00+00:00","og_image":[{"width":1024,"height":570,"url":"https:\/\/novakmarket.com\/wp-content\/uploads\/2021\/11\/7-27.jpg","type":"image\/jpeg"}],"twitter_card":"summary_large_image","schema":{"@context":"https:\/\/schema.org","@graph":[{"@type":"WebPage","@id":"https:\/\/novakmarket.com\/produit\/levo-sl-comp\/","url":"https:\/\/novakmarket.com\/produit\/levo-sl-comp\/","name":"Levo SL Comp - Novak Market","isPartOf":{"@id":"https:\/\/novakmarket.com\/#website"},"primaryImageOfPage":{"@id":"https:\/\/novakmarket.com\/produit\/levo-sl-comp\/#primaryimage"},"image":{"@id":"https:\/\/novakmarket.com\/produit\/levo-sl-comp\/#primaryimage"},"thumbnailUrl":"https:\/\/novakmarket.com\/wp-content\/uploads\/2021\/11\/7-27.jpg","datePublished":"2021-11-29T19:29:23+00:00","dateModified":"2026-03-26T18:07:00+00:00","breadcrumb":{"@id":"https:\/\/novakmarket.com\/produit\/levo-sl-comp\/#breadcrumb"},"inLanguage":"en-US","potentialAction":[{"@type":"ReadAction","target":["https:\/\/novakmarket.com\/produit\/levo-sl-comp\/"]}]},{"@type":"ImageObject","inLanguage":"en-US","@id":"https:\/\/novakmarket.com\/produit\/levo-sl-comp\/#primaryimage","url":"https:\/\/novakmarket.com\/wp-content\/uploads\/2021\/11\/7-27.jpg","contentUrl":"https:\/\/novakmarket.com\/wp-content\/uploads\/2021\/11\/7-27.jpg","width":1024,"height":570},{"@type":"BreadcrumbList","@id":"https:\/\/novakmarket.com\/produit\/levo-sl-comp\/#breadcrumb","itemListElement":[{"@type":"ListItem","position":1,"name":"Accueil","item":"https:\/\/novakmarket.com\/"},{"@type":"ListItem","position":2,"name":"Boutique","item":"https:\/\/novakmarket.com\/shop\/"},{"@type":"ListItem","position":3,"name":"Levo SL Comp"}]},{"@type":"WebSite","@id":"https:\/\/novakmarket.com\/#website","url":"https:\/\/novakmarket.com\/","name":"Novak Market","description":"Vente de produits \u00e9lectroniques.","publisher":{"@id":"https:\/\/novakmarket.com\/#organization"},"potentialAction":[{"@type":"SearchAction","target":{"@type":"EntryPoint","urlTemplate":"https:\/\/novakmarket.com\/?s={search_term_string}"},"query-input":{"@type":"PropertyValueSpecification","valueRequired":true,"valueName":"search_term_string"}}],"inLanguage":"en-US"},{"@type":"Organization","@id":"https:\/\/novakmarket.com\/#organization","name":"Novak Market","url":"https:\/\/novakmarket.com\/","logo":{"@type":"ImageObject","inLanguage":"en-US","@id":"https:\/\/novakmarket.com\/#\/schema\/logo\/image\/","url":"https:\/\/novakmarket.com\/wp-content\/uploads\/2026\/02\/cropped-footer-pc-removebg-preview.png","contentUrl":"https:\/\/novakmarket.com\/wp-content\/uploads\/2026\/02\/cropped-footer-pc-removebg-preview.png","width":202,"height":73,"caption":"Novak Market"},"image":{"@id":"https:\/\/novakmarket.com\/#\/schema\/logo\/image\/"}}]}},"_links":{"self":[{"href":"https:\/\/novakmarket.com\/en\/wp-json\/wp\/v2\/product\/7672","targetHints":{"allow":["GET"]}}],"collection":[{"href":"https:\/\/novakmarket.com\/en\/wp-json\/wp\/v2\/product"}],"about":[{"href":"https:\/\/novakmarket.com\/en\/wp-json\/wp\/v2\/types\/product"}],"replies":[{"embeddable":true,"href":"https:\/\/novakmarket.com\/en\/wp-json\/wp\/v2\/comments?post=7672"}],"wp:featuredmedia":[{"embeddable":true,"href":"https:\/\/novakmarket.com\/en\/wp-json\/wp\/v2\/media\/7696"}],"wp:attachment":[{"href":"https:\/\/novakmarket.com\/en\/wp-json\/wp\/v2\/media?parent=7672"}],"wp:term":[{"taxonomy":"product_brand","embeddable":true,"href":"https:\/\/novakmarket.com\/en\/wp-json\/wp\/v2\/product_brand?post=7672"},{"taxonomy":"product_cat","embeddable":true,"href":"https:\/\/novakmarket.com\/en\/wp-json\/wp\/v2\/product_cat?post=7672"},{"taxonomy":"product_tag","embeddable":true,"href":"https:\/\/novakmarket.com\/en\/wp-json\/wp\/v2\/product_tag?post=7672"}],"curies":[{"name":"wp","href":"https:\/\/api.w.org\/{rel}","templated":true}]}}