{"id":7674,"date":"2021-11-29T20:29:23","date_gmt":"2021-11-29T19:29:23","guid":{"rendered":"https:\/\/bestymarketshop.com\/?post_type=product&#038;p=7674"},"modified":"2026-03-26T19:07:56","modified_gmt":"2026-03-26T18:07:56","slug":"turbo-levo-29-vtt","status":"publish","type":"product","link":"https:\/\/novakmarket.com\/en\/product\/turbo-levo-29-vtt\/","title":{"rendered":"Turbo Levo 29&#8221; VTT"},"content":{"rendered":"<p><img loading=\"lazy\" decoding=\"async\" class=\"alignnone size-medium wp-image-15540\" src=\"https:\/\/megamarketshop.com\/wp-content\/uploads\/2021\/05\/5-25-300x167.jpg\" alt=\"\" width=\"300\" height=\"167\" \/><\/p>\n<h3 data-colname=\"de_headline2\">De belles descentes. Des mont\u00e9es raides? Oui s&#8217;il vous pla\u00eet!<\/h3>\n<div data-colname=\"de_desclong\">\n<p>Le Turbo Levo est un v\u00e9lo de trail \u00e0 part enti\u00e8re.\u00a0<span class=\"notranslate\">Specialized<\/span>\u00a0a augment\u00e9 la port\u00e9e, gard\u00e9 les bases courtes et agr\u00e9ables et maintenu le centre de gravit\u00e9 bas. Ensuite, ils ont rendu l&#8217;angle de braquage plus plat pour des descentes plus s\u00fbres et l&#8217;angle du si\u00e8ge plus raide pour am\u00e9liorer l&#8217;efficacit\u00e9 dans les mont\u00e9es raides.<\/p>\n<\/div>\n<p>&nbsp;<\/p>","protected":false},"excerpt":{"rendered":"<p>De belles descentes. Des mont\u00e9es raides? Oui s&#8217;il vous pla\u00eet! Le Turbo Levo est un v\u00e9lo de trail \u00e0 part enti\u00e8re.\u00a0Specialized\u00a0a augment\u00e9 la port\u00e9e, gard\u00e9 les bases courtes et agr\u00e9ables<\/p>","protected":false},"featured_media":7697,"comment_status":"open","ping_status":"closed","template":"","meta":{"_acf_changed":false},"product_brand":[],"product_cat":[317],"product_tag":[],"class_list":{"0":"post-7674","1":"product","2":"type-product","3":"status-publish","4":"has-post-thumbnail","6":"product_cat-vtt-electrique","8":"first","9":"instock","10":"sale","11":"shipping-taxable","12":"purchasable","13":"product-type-simple"},"acf":[],"yoast_head":"<!-- This site is optimized with the Yoast SEO plugin v27.2 - https:\/\/yoast.com\/product\/yoast-seo-wordpress\/ -->\n<title>Turbo Levo 29&#039;&#039; VTT - Novak Market<\/title>\n<meta name=\"robots\" content=\"index, follow, max-snippet:-1, max-image-preview:large, max-video-preview:-1\" \/>\n<link rel=\"canonical\" href=\"https:\/\/novakmarket.com\/en\/product\/turbo-levo-29-vtt\/\" \/>\n<meta property=\"og:locale\" content=\"en_US\" \/>\n<meta property=\"og:type\" content=\"article\" \/>\n<meta property=\"og:title\" content=\"Turbo Levo 29&#039;&#039; VTT - Novak Market\" \/>\n<meta property=\"og:description\" content=\"De belles descentes. Des mont\u00e9es raides? Oui s&#8217;il vous pla\u00eet! Le Turbo Levo est un v\u00e9lo de trail \u00e0 part enti\u00e8re.\u00a0Specialized\u00a0a augment\u00e9 la port\u00e9e, gard\u00e9 les bases courtes et agr\u00e9ables\" \/>\n<meta property=\"og:url\" content=\"https:\/\/novakmarket.com\/en\/product\/turbo-levo-29-vtt\/\" \/>\n<meta property=\"og:site_name\" content=\"Novak Market\" \/>\n<meta property=\"article:modified_time\" content=\"2026-03-26T18:07:56+00:00\" \/>\n<meta property=\"og:image\" content=\"https:\/\/novakmarket.com\/wp-content\/uploads\/2021\/11\/5-25.jpg\" \/>\n\t<meta property=\"og:image:width\" content=\"1024\" \/>\n\t<meta property=\"og:image:height\" content=\"570\" \/>\n\t<meta property=\"og:image:type\" content=\"image\/jpeg\" \/>\n<meta name=\"twitter:card\" content=\"summary_large_image\" \/>\n<script type=\"application\/ld+json\" class=\"yoast-schema-graph\">{\"@context\":\"https:\/\/schema.org\",\"@graph\":[{\"@type\":\"WebPage\",\"@id\":\"https:\/\/novakmarket.com\/produit\/turbo-levo-29-vtt\/\",\"url\":\"https:\/\/novakmarket.com\/produit\/turbo-levo-29-vtt\/\",\"name\":\"Turbo Levo 29'' VTT - Novak Market\",\"isPartOf\":{\"@id\":\"https:\/\/novakmarket.com\/#website\"},\"primaryImageOfPage\":{\"@id\":\"https:\/\/novakmarket.com\/produit\/turbo-levo-29-vtt\/#primaryimage\"},\"image\":{\"@id\":\"https:\/\/novakmarket.com\/produit\/turbo-levo-29-vtt\/#primaryimage\"},\"thumbnailUrl\":\"https:\/\/novakmarket.com\/wp-content\/uploads\/2021\/11\/5-25.jpg\",\"datePublished\":\"2021-11-29T19:29:23+00:00\",\"dateModified\":\"2026-03-26T18:07:56+00:00\",\"breadcrumb\":{\"@id\":\"https:\/\/novakmarket.com\/produit\/turbo-levo-29-vtt\/#breadcrumb\"},\"inLanguage\":\"en-US\",\"potentialAction\":[{\"@type\":\"ReadAction\",\"target\":[\"https:\/\/novakmarket.com\/produit\/turbo-levo-29-vtt\/\"]}]},{\"@type\":\"ImageObject\",\"inLanguage\":\"en-US\",\"@id\":\"https:\/\/novakmarket.com\/produit\/turbo-levo-29-vtt\/#primaryimage\",\"url\":\"https:\/\/novakmarket.com\/wp-content\/uploads\/2021\/11\/5-25.jpg\",\"contentUrl\":\"https:\/\/novakmarket.com\/wp-content\/uploads\/2021\/11\/5-25.jpg\",\"width\":1024,\"height\":570},{\"@type\":\"BreadcrumbList\",\"@id\":\"https:\/\/novakmarket.com\/produit\/turbo-levo-29-vtt\/#breadcrumb\",\"itemListElement\":[{\"@type\":\"ListItem\",\"position\":1,\"name\":\"Accueil\",\"item\":\"https:\/\/novakmarket.com\/\"},{\"@type\":\"ListItem\",\"position\":2,\"name\":\"Boutique\",\"item\":\"https:\/\/novakmarket.com\/shop\/\"},{\"@type\":\"ListItem\",\"position\":3,\"name\":\"Turbo Levo 29&#8221; VTT\"}]},{\"@type\":\"WebSite\",\"@id\":\"https:\/\/novakmarket.com\/#website\",\"url\":\"https:\/\/novakmarket.com\/\",\"name\":\"Novak Market\",\"description\":\"Vente de produits \u00e9lectroniques.\",\"publisher\":{\"@id\":\"https:\/\/novakmarket.com\/#organization\"},\"potentialAction\":[{\"@type\":\"SearchAction\",\"target\":{\"@type\":\"EntryPoint\",\"urlTemplate\":\"https:\/\/novakmarket.com\/?s={search_term_string}\"},\"query-input\":{\"@type\":\"PropertyValueSpecification\",\"valueRequired\":true,\"valueName\":\"search_term_string\"}}],\"inLanguage\":\"en-US\"},{\"@type\":\"Organization\",\"@id\":\"https:\/\/novakmarket.com\/#organization\",\"name\":\"Novak Market\",\"url\":\"https:\/\/novakmarket.com\/\",\"logo\":{\"@type\":\"ImageObject\",\"inLanguage\":\"en-US\",\"@id\":\"https:\/\/novakmarket.com\/#\/schema\/logo\/image\/\",\"url\":\"https:\/\/novakmarket.com\/wp-content\/uploads\/2026\/02\/cropped-footer-pc-removebg-preview.png\",\"contentUrl\":\"https:\/\/novakmarket.com\/wp-content\/uploads\/2026\/02\/cropped-footer-pc-removebg-preview.png\",\"width\":202,\"height\":73,\"caption\":\"Novak Market\"},\"image\":{\"@id\":\"https:\/\/novakmarket.com\/#\/schema\/logo\/image\/\"}}]}<\/script>\n<!-- \/ Yoast SEO plugin. -->","yoast_head_json":{"title":"Turbo Levo 29'' VTT - Novak Market","robots":{"index":"index","follow":"follow","max-snippet":"max-snippet:-1","max-image-preview":"max-image-preview:large","max-video-preview":"max-video-preview:-1"},"canonical":"https:\/\/novakmarket.com\/en\/product\/turbo-levo-29-vtt\/","og_locale":"en_US","og_type":"article","og_title":"Turbo Levo 29'' VTT - Novak Market","og_description":"De belles descentes. Des mont\u00e9es raides? Oui s&#8217;il vous pla\u00eet! Le Turbo Levo est un v\u00e9lo de trail \u00e0 part enti\u00e8re.\u00a0Specialized\u00a0a augment\u00e9 la port\u00e9e, gard\u00e9 les bases courtes et agr\u00e9ables","og_url":"https:\/\/novakmarket.com\/en\/product\/turbo-levo-29-vtt\/","og_site_name":"Novak Market","article_modified_time":"2026-03-26T18:07:56+00:00","og_image":[{"width":1024,"height":570,"url":"https:\/\/novakmarket.com\/wp-content\/uploads\/2021\/11\/5-25.jpg","type":"image\/jpeg"}],"twitter_card":"summary_large_image","schema":{"@context":"https:\/\/schema.org","@graph":[{"@type":"WebPage","@id":"https:\/\/novakmarket.com\/produit\/turbo-levo-29-vtt\/","url":"https:\/\/novakmarket.com\/produit\/turbo-levo-29-vtt\/","name":"Turbo Levo 29'' VTT - Novak Market","isPartOf":{"@id":"https:\/\/novakmarket.com\/#website"},"primaryImageOfPage":{"@id":"https:\/\/novakmarket.com\/produit\/turbo-levo-29-vtt\/#primaryimage"},"image":{"@id":"https:\/\/novakmarket.com\/produit\/turbo-levo-29-vtt\/#primaryimage"},"thumbnailUrl":"https:\/\/novakmarket.com\/wp-content\/uploads\/2021\/11\/5-25.jpg","datePublished":"2021-11-29T19:29:23+00:00","dateModified":"2026-03-26T18:07:56+00:00","breadcrumb":{"@id":"https:\/\/novakmarket.com\/produit\/turbo-levo-29-vtt\/#breadcrumb"},"inLanguage":"en-US","potentialAction":[{"@type":"ReadAction","target":["https:\/\/novakmarket.com\/produit\/turbo-levo-29-vtt\/"]}]},{"@type":"ImageObject","inLanguage":"en-US","@id":"https:\/\/novakmarket.com\/produit\/turbo-levo-29-vtt\/#primaryimage","url":"https:\/\/novakmarket.com\/wp-content\/uploads\/2021\/11\/5-25.jpg","contentUrl":"https:\/\/novakmarket.com\/wp-content\/uploads\/2021\/11\/5-25.jpg","width":1024,"height":570},{"@type":"BreadcrumbList","@id":"https:\/\/novakmarket.com\/produit\/turbo-levo-29-vtt\/#breadcrumb","itemListElement":[{"@type":"ListItem","position":1,"name":"Accueil","item":"https:\/\/novakmarket.com\/"},{"@type":"ListItem","position":2,"name":"Boutique","item":"https:\/\/novakmarket.com\/shop\/"},{"@type":"ListItem","position":3,"name":"Turbo Levo 29&#8221; VTT"}]},{"@type":"WebSite","@id":"https:\/\/novakmarket.com\/#website","url":"https:\/\/novakmarket.com\/","name":"Novak Market","description":"Vente de produits \u00e9lectroniques.","publisher":{"@id":"https:\/\/novakmarket.com\/#organization"},"potentialAction":[{"@type":"SearchAction","target":{"@type":"EntryPoint","urlTemplate":"https:\/\/novakmarket.com\/?s={search_term_string}"},"query-input":{"@type":"PropertyValueSpecification","valueRequired":true,"valueName":"search_term_string"}}],"inLanguage":"en-US"},{"@type":"Organization","@id":"https:\/\/novakmarket.com\/#organization","name":"Novak Market","url":"https:\/\/novakmarket.com\/","logo":{"@type":"ImageObject","inLanguage":"en-US","@id":"https:\/\/novakmarket.com\/#\/schema\/logo\/image\/","url":"https:\/\/novakmarket.com\/wp-content\/uploads\/2026\/02\/cropped-footer-pc-removebg-preview.png","contentUrl":"https:\/\/novakmarket.com\/wp-content\/uploads\/2026\/02\/cropped-footer-pc-removebg-preview.png","width":202,"height":73,"caption":"Novak Market"},"image":{"@id":"https:\/\/novakmarket.com\/#\/schema\/logo\/image\/"}}]}},"_links":{"self":[{"href":"https:\/\/novakmarket.com\/en\/wp-json\/wp\/v2\/product\/7674","targetHints":{"allow":["GET"]}}],"collection":[{"href":"https:\/\/novakmarket.com\/en\/wp-json\/wp\/v2\/product"}],"about":[{"href":"https:\/\/novakmarket.com\/en\/wp-json\/wp\/v2\/types\/product"}],"replies":[{"embeddable":true,"href":"https:\/\/novakmarket.com\/en\/wp-json\/wp\/v2\/comments?post=7674"}],"wp:featuredmedia":[{"embeddable":true,"href":"https:\/\/novakmarket.com\/en\/wp-json\/wp\/v2\/media\/7697"}],"wp:attachment":[{"href":"https:\/\/novakmarket.com\/en\/wp-json\/wp\/v2\/media?parent=7674"}],"wp:term":[{"taxonomy":"product_brand","embeddable":true,"href":"https:\/\/novakmarket.com\/en\/wp-json\/wp\/v2\/product_brand?post=7674"},{"taxonomy":"product_cat","embeddable":true,"href":"https:\/\/novakmarket.com\/en\/wp-json\/wp\/v2\/product_cat?post=7674"},{"taxonomy":"product_tag","embeddable":true,"href":"https:\/\/novakmarket.com\/en\/wp-json\/wp\/v2\/product_tag?post=7674"}],"curies":[{"name":"wp","href":"https:\/\/api.w.org\/{rel}","templated":true}]}}