{"id":7852,"date":"2021-11-29T20:30:28","date_gmt":"2021-11-29T19:30:28","guid":{"rendered":"https:\/\/bestymarketshop.com\/?post_type=product&#038;p=7852"},"modified":"2021-11-29T20:30:41","modified_gmt":"2021-11-29T19:30:41","slug":"auna-areal-652","status":"publish","type":"product","link":"https:\/\/novakmarket.com\/en\/product\/auna-areal-652\/","title":{"rendered":"AUNA AREAL 652"},"content":{"rendered":"<p>&nbsp;<\/p>\n<p><img loading=\"lazy\" decoding=\"async\" class=\"alignnone size-medium wp-image-15747\" src=\"https:\/\/megamarketshop.com\/wp-content\/uploads\/2021\/05\/5-30-300x300.jpg\" alt=\"\" width=\"300\" height=\"300\" \/><\/p>\n<p>\u2022 Connectique subwoofer : 1 x port USB, 1 x lecteur de cartes m\u00e9moire SD, 2 x entr\u00e9es<br \/>\nmicrophone jack 6,3 mm, 1 x entr\u00e9e st\u00e9r\u00e9o-RCA-AUX, 1 x entr\u00e9e d\u2019enceinte<br \/>\n5.1-RCA-Surround, 1 x sortie d\u2019enceinte 5.1-RCA-Surround<br \/>\n\u2022 Connectique enceintes satellites : 1 x set de bornes d\u2019enceinte<br \/>\n\u2022 Modes de fonctionnement : 2.1\/5.1<br \/>\n\u2022 Puissance RMS : 5 x 15 watts (satellites), 70 watts (subwoofer)<br \/>\n\u2022 Enceintes : 1 x caisson de graves 16,5 cm (6,5&#8243;), 5 x tweeters 7,62 cm (3&#8243;)<br \/>\n\u2022 Courbe de r\u00e9sonance : 40 Hz &#8211; 20 kHz<br \/>\n\u2022 Subwoofer side-firing bass-reflex actif<br \/>\n\u2022 Enceintes satellites avec socle<br \/>\n\u2022 Enceinte centrale avec pied<br \/>\n\u2022 Fonction lecture en boucle<br \/>\n\u2022 Sleep-Timer<br \/>\n\u2022 Grilles d\u2019enceintes<br \/>\n\u2022 Pieds<br \/>\n\u2022 Alimentation t\u00e9l\u00e9commande : 2 x piles 1,5 V AA (non incluses)<br \/>\n\u2022 Alimentation secteur : AC 230 V, 50 Hz<\/p>","protected":false},"excerpt":{"rendered":"<p>&nbsp; \u2022 Connectique subwoofer : 1 x port USB, 1 x lecteur de cartes m\u00e9moire SD, 2 x entr\u00e9es microphone jack 6,3 mm, 1 x entr\u00e9e st\u00e9r\u00e9o-RCA-AUX, 1 x entr\u00e9e<\/p>","protected":false},"featured_media":7882,"comment_status":"open","ping_status":"closed","template":"","meta":{"_acf_changed":false},"product_brand":[],"product_cat":[292],"product_tag":[],"class_list":{"0":"post-7852","1":"product","2":"type-product","3":"status-publish","4":"has-post-thumbnail","6":"product_cat-tvs","8":"first","9":"instock","10":"shipping-taxable","11":"purchasable","12":"product-type-simple"},"acf":[],"yoast_head":"<!-- This site is optimized with the Yoast SEO plugin v27.2 - https:\/\/yoast.com\/product\/yoast-seo-wordpress\/ -->\n<title>AUNA AREAL 652 - Novak Market<\/title>\n<meta name=\"robots\" content=\"index, follow, max-snippet:-1, max-image-preview:large, max-video-preview:-1\" \/>\n<link rel=\"canonical\" href=\"https:\/\/novakmarket.com\/en\/product\/auna-areal-652\/\" \/>\n<meta property=\"og:locale\" content=\"en_US\" \/>\n<meta property=\"og:type\" content=\"article\" \/>\n<meta property=\"og:title\" content=\"AUNA AREAL 652 - Novak Market\" \/>\n<meta property=\"og:description\" content=\"&nbsp; \u2022 Connectique subwoofer : 1 x port USB, 1 x lecteur de cartes m\u00e9moire SD, 2 x entr\u00e9es microphone jack 6,3 mm, 1 x entr\u00e9e st\u00e9r\u00e9o-RCA-AUX, 1 x entr\u00e9e\" \/>\n<meta property=\"og:url\" content=\"https:\/\/novakmarket.com\/en\/product\/auna-areal-652\/\" \/>\n<meta property=\"og:site_name\" content=\"Novak Market\" \/>\n<meta property=\"article:modified_time\" content=\"2021-11-29T19:30:41+00:00\" \/>\n<meta property=\"og:image\" content=\"https:\/\/novakmarket.com\/wp-content\/uploads\/2021\/11\/5-30.jpg\" \/>\n\t<meta property=\"og:image:width\" content=\"700\" \/>\n\t<meta property=\"og:image:height\" content=\"700\" \/>\n\t<meta property=\"og:image:type\" content=\"image\/jpeg\" \/>\n<meta name=\"twitter:card\" content=\"summary_large_image\" \/>\n<meta name=\"twitter:label1\" content=\"Est. reading time\" \/>\n\t<meta name=\"twitter:data1\" content=\"1 minute\" \/>\n<script type=\"application\/ld+json\" class=\"yoast-schema-graph\">{\"@context\":\"https:\/\/schema.org\",\"@graph\":[{\"@type\":\"WebPage\",\"@id\":\"https:\/\/novakmarket.com\/produit\/auna-areal-652\/\",\"url\":\"https:\/\/novakmarket.com\/produit\/auna-areal-652\/\",\"name\":\"AUNA AREAL 652 - Novak Market\",\"isPartOf\":{\"@id\":\"https:\/\/novakmarket.com\/#website\"},\"primaryImageOfPage\":{\"@id\":\"https:\/\/novakmarket.com\/produit\/auna-areal-652\/#primaryimage\"},\"image\":{\"@id\":\"https:\/\/novakmarket.com\/produit\/auna-areal-652\/#primaryimage\"},\"thumbnailUrl\":\"https:\/\/novakmarket.com\/wp-content\/uploads\/2021\/11\/5-30.jpg\",\"datePublished\":\"2021-11-29T19:30:28+00:00\",\"dateModified\":\"2021-11-29T19:30:41+00:00\",\"breadcrumb\":{\"@id\":\"https:\/\/novakmarket.com\/produit\/auna-areal-652\/#breadcrumb\"},\"inLanguage\":\"en-US\",\"potentialAction\":[{\"@type\":\"ReadAction\",\"target\":[\"https:\/\/novakmarket.com\/produit\/auna-areal-652\/\"]}]},{\"@type\":\"ImageObject\",\"inLanguage\":\"en-US\",\"@id\":\"https:\/\/novakmarket.com\/produit\/auna-areal-652\/#primaryimage\",\"url\":\"https:\/\/novakmarket.com\/wp-content\/uploads\/2021\/11\/5-30.jpg\",\"contentUrl\":\"https:\/\/novakmarket.com\/wp-content\/uploads\/2021\/11\/5-30.jpg\",\"width\":700,\"height\":700},{\"@type\":\"BreadcrumbList\",\"@id\":\"https:\/\/novakmarket.com\/produit\/auna-areal-652\/#breadcrumb\",\"itemListElement\":[{\"@type\":\"ListItem\",\"position\":1,\"name\":\"Accueil\",\"item\":\"https:\/\/novakmarket.com\/\"},{\"@type\":\"ListItem\",\"position\":2,\"name\":\"Boutique\",\"item\":\"https:\/\/novakmarket.com\/shop\/\"},{\"@type\":\"ListItem\",\"position\":3,\"name\":\"AUNA AREAL 652\"}]},{\"@type\":\"WebSite\",\"@id\":\"https:\/\/novakmarket.com\/#website\",\"url\":\"https:\/\/novakmarket.com\/\",\"name\":\"Novak Market\",\"description\":\"Vente de produits \u00e9lectroniques.\",\"publisher\":{\"@id\":\"https:\/\/novakmarket.com\/#organization\"},\"potentialAction\":[{\"@type\":\"SearchAction\",\"target\":{\"@type\":\"EntryPoint\",\"urlTemplate\":\"https:\/\/novakmarket.com\/?s={search_term_string}\"},\"query-input\":{\"@type\":\"PropertyValueSpecification\",\"valueRequired\":true,\"valueName\":\"search_term_string\"}}],\"inLanguage\":\"en-US\"},{\"@type\":\"Organization\",\"@id\":\"https:\/\/novakmarket.com\/#organization\",\"name\":\"Novak Market\",\"url\":\"https:\/\/novakmarket.com\/\",\"logo\":{\"@type\":\"ImageObject\",\"inLanguage\":\"en-US\",\"@id\":\"https:\/\/novakmarket.com\/#\/schema\/logo\/image\/\",\"url\":\"https:\/\/novakmarket.com\/wp-content\/uploads\/2026\/02\/cropped-footer-pc-removebg-preview.png\",\"contentUrl\":\"https:\/\/novakmarket.com\/wp-content\/uploads\/2026\/02\/cropped-footer-pc-removebg-preview.png\",\"width\":202,\"height\":73,\"caption\":\"Novak Market\"},\"image\":{\"@id\":\"https:\/\/novakmarket.com\/#\/schema\/logo\/image\/\"}}]}<\/script>\n<!-- \/ Yoast SEO plugin. -->","yoast_head_json":{"title":"AUNA AREAL 652 - Novak Market","robots":{"index":"index","follow":"follow","max-snippet":"max-snippet:-1","max-image-preview":"max-image-preview:large","max-video-preview":"max-video-preview:-1"},"canonical":"https:\/\/novakmarket.com\/en\/product\/auna-areal-652\/","og_locale":"en_US","og_type":"article","og_title":"AUNA AREAL 652 - Novak Market","og_description":"&nbsp; \u2022 Connectique subwoofer : 1 x port USB, 1 x lecteur de cartes m\u00e9moire SD, 2 x entr\u00e9es microphone jack 6,3 mm, 1 x entr\u00e9e st\u00e9r\u00e9o-RCA-AUX, 1 x entr\u00e9e","og_url":"https:\/\/novakmarket.com\/en\/product\/auna-areal-652\/","og_site_name":"Novak Market","article_modified_time":"2021-11-29T19:30:41+00:00","og_image":[{"width":700,"height":700,"url":"https:\/\/novakmarket.com\/wp-content\/uploads\/2021\/11\/5-30.jpg","type":"image\/jpeg"}],"twitter_card":"summary_large_image","twitter_misc":{"Est. reading time":"1 minute"},"schema":{"@context":"https:\/\/schema.org","@graph":[{"@type":"WebPage","@id":"https:\/\/novakmarket.com\/produit\/auna-areal-652\/","url":"https:\/\/novakmarket.com\/produit\/auna-areal-652\/","name":"AUNA AREAL 652 - Novak Market","isPartOf":{"@id":"https:\/\/novakmarket.com\/#website"},"primaryImageOfPage":{"@id":"https:\/\/novakmarket.com\/produit\/auna-areal-652\/#primaryimage"},"image":{"@id":"https:\/\/novakmarket.com\/produit\/auna-areal-652\/#primaryimage"},"thumbnailUrl":"https:\/\/novakmarket.com\/wp-content\/uploads\/2021\/11\/5-30.jpg","datePublished":"2021-11-29T19:30:28+00:00","dateModified":"2021-11-29T19:30:41+00:00","breadcrumb":{"@id":"https:\/\/novakmarket.com\/produit\/auna-areal-652\/#breadcrumb"},"inLanguage":"en-US","potentialAction":[{"@type":"ReadAction","target":["https:\/\/novakmarket.com\/produit\/auna-areal-652\/"]}]},{"@type":"ImageObject","inLanguage":"en-US","@id":"https:\/\/novakmarket.com\/produit\/auna-areal-652\/#primaryimage","url":"https:\/\/novakmarket.com\/wp-content\/uploads\/2021\/11\/5-30.jpg","contentUrl":"https:\/\/novakmarket.com\/wp-content\/uploads\/2021\/11\/5-30.jpg","width":700,"height":700},{"@type":"BreadcrumbList","@id":"https:\/\/novakmarket.com\/produit\/auna-areal-652\/#breadcrumb","itemListElement":[{"@type":"ListItem","position":1,"name":"Accueil","item":"https:\/\/novakmarket.com\/"},{"@type":"ListItem","position":2,"name":"Boutique","item":"https:\/\/novakmarket.com\/shop\/"},{"@type":"ListItem","position":3,"name":"AUNA AREAL 652"}]},{"@type":"WebSite","@id":"https:\/\/novakmarket.com\/#website","url":"https:\/\/novakmarket.com\/","name":"Novak Market","description":"Vente de produits \u00e9lectroniques.","publisher":{"@id":"https:\/\/novakmarket.com\/#organization"},"potentialAction":[{"@type":"SearchAction","target":{"@type":"EntryPoint","urlTemplate":"https:\/\/novakmarket.com\/?s={search_term_string}"},"query-input":{"@type":"PropertyValueSpecification","valueRequired":true,"valueName":"search_term_string"}}],"inLanguage":"en-US"},{"@type":"Organization","@id":"https:\/\/novakmarket.com\/#organization","name":"Novak Market","url":"https:\/\/novakmarket.com\/","logo":{"@type":"ImageObject","inLanguage":"en-US","@id":"https:\/\/novakmarket.com\/#\/schema\/logo\/image\/","url":"https:\/\/novakmarket.com\/wp-content\/uploads\/2026\/02\/cropped-footer-pc-removebg-preview.png","contentUrl":"https:\/\/novakmarket.com\/wp-content\/uploads\/2026\/02\/cropped-footer-pc-removebg-preview.png","width":202,"height":73,"caption":"Novak Market"},"image":{"@id":"https:\/\/novakmarket.com\/#\/schema\/logo\/image\/"}}]}},"_links":{"self":[{"href":"https:\/\/novakmarket.com\/en\/wp-json\/wp\/v2\/product\/7852","targetHints":{"allow":["GET"]}}],"collection":[{"href":"https:\/\/novakmarket.com\/en\/wp-json\/wp\/v2\/product"}],"about":[{"href":"https:\/\/novakmarket.com\/en\/wp-json\/wp\/v2\/types\/product"}],"replies":[{"embeddable":true,"href":"https:\/\/novakmarket.com\/en\/wp-json\/wp\/v2\/comments?post=7852"}],"wp:featuredmedia":[{"embeddable":true,"href":"https:\/\/novakmarket.com\/en\/wp-json\/wp\/v2\/media\/7882"}],"wp:attachment":[{"href":"https:\/\/novakmarket.com\/en\/wp-json\/wp\/v2\/media?parent=7852"}],"wp:term":[{"taxonomy":"product_brand","embeddable":true,"href":"https:\/\/novakmarket.com\/en\/wp-json\/wp\/v2\/product_brand?post=7852"},{"taxonomy":"product_cat","embeddable":true,"href":"https:\/\/novakmarket.com\/en\/wp-json\/wp\/v2\/product_cat?post=7852"},{"taxonomy":"product_tag","embeddable":true,"href":"https:\/\/novakmarket.com\/en\/wp-json\/wp\/v2\/product_tag?post=7852"}],"curies":[{"name":"wp","href":"https:\/\/api.w.org\/{rel}","templated":true}]}}