{"id":7978,"date":"2021-11-29T20:31:08","date_gmt":"2021-11-29T19:31:08","guid":{"rendered":"https:\/\/bestymarketshop.com\/?post_type=product&#038;p=7978"},"modified":"2021-11-29T20:31:23","modified_gmt":"2021-11-29T19:31:23","slug":"pompe-a-eau-thermique-cv","status":"publish","type":"product","link":"https:\/\/novakmarket.com\/en\/product\/pompe-a-eau-thermique-cv\/","title":{"rendered":"Pompe \u00e0 eau thermique Cv"},"content":{"rendered":"<p><img loading=\"lazy\" decoding=\"async\" class=\"alignnone size-medium wp-image-15886\" src=\"https:\/\/megamarketshop.com\/wp-content\/uploads\/2021\/05\/11-19-300x300.jpg\" alt=\"\" width=\"300\" height=\"300\" \/><\/p>\n<p>&nbsp;<\/p>\n<p>&nbsp;<\/p>\n<table class=\"fpDescTb fpDescTbPub\">\n<tbody>\n<tr>\n<td>Nom du produit<\/td>\n<td>Pompe \u00e0 eau SCHEPPACH 900W &#8211; 19L &#8211; HWW900<\/td>\n<\/tr>\n<tr>\n<td>Cat\u00e9gorie<\/td>\n<td>POMPE ARROSAGE<\/td>\n<\/tr>\n<tr>\n<td>R\u00e9f\u00e9rence<\/td>\n<td>5908607901<\/td>\n<\/tr>\n<tr>\n<th colspan=\"2\">G\u00e9n\u00e9ral<\/th>\n<\/tr>\n<tr>\n<td>Type de Produit<\/td>\n<td>POMPE \u00c0 EAU DOMESTIQUE 900 W<\/td>\n<\/tr>\n<tr>\n<td>Description du produit<\/td>\n<td>Cette pompe, polyvalente, peut \u00eatre utilis\u00e9e dans la maison, le jardin, pour s\u2019alimenter en eau dep<br \/>\nuis une citerne \u00e0 r\u00e9cup\u00e9ration d\u2019eau, un puit ou tout autre r\u00e9servoir d\u2019eau.<\/td>\n<\/tr>\n<tr>\n<td>Mod\u00e8les<\/td>\n<td>HWW900<\/td>\n<\/tr>\n<tr>\n<td>Couleur principale<\/td>\n<td>Rouge<\/td>\n<\/tr>\n<tr>\n<td>Fonctions du produit<\/td>\n<td>Pomper l&#8217;eau<\/td>\n<\/tr>\n<tr>\n<td>Plus produit<\/td>\n<td>\u2022 D\u00e9bit d\u2019eau jusqu\u2019\u00e0 4300 litres\/heure<br \/>\n\u2022 Hauteur d\u2019aspiration de 8 m\u00e8tres et hauteur d\u2019\u00e9l\u00e9vation maximum de 42 m\u00e8tres<br \/>\n\u2022 Moteur de 900 W, compact<br \/>\n\u2022 Manom\u00e8tre et pressostat int\u00e9gr\u00e9s<br \/>\n\u2022 Pression de d\u00e9marrage de 1,5 bar pression d\u2019arr\u00eat 3 bar<br \/>\n\u2022 R\u00e9servoir de 19 litres<\/td>\n<\/tr>\n<tr>\n<th colspan=\"2\">Caract\u00e9ristiques<\/th>\n<\/tr>\n<tr>\n<td>Usage de la pompe<\/td>\n<td>Pompe \u00e0 placer \u00e0 l&#8217;ext\u00e9rieur du bassin<\/td>\n<\/tr>\n<tr>\n<td>Hauteur d&#8217;aspiration<\/td>\n<td>8 m<\/td>\n<\/tr>\n<tr>\n<td>Hauteur de refoulement maximum<\/td>\n<td>42 m<\/td>\n<\/tr>\n<tr>\n<th colspan=\"2\">Dimensions et poids<\/th>\n<\/tr>\n<tr>\n<td>Dimensions<\/td>\n<td>445 x 270 x 500 mm<\/td>\n<\/tr>\n<tr>\n<td>Poids<\/td>\n<td>11,70 kg<\/td>\n<\/tr>\n<\/tbody>\n<\/table>","protected":false},"excerpt":{"rendered":"<p>&nbsp; &nbsp; Nom du produit Pompe \u00e0 eau SCHEPPACH 900W &#8211; 19L &#8211; HWW900 Cat\u00e9gorie POMPE ARROSAGE R\u00e9f\u00e9rence 5908607901 G\u00e9n\u00e9ral Type de Produit POMPE \u00c0 EAU DOMESTIQUE 900 W Description<\/p>","protected":false},"featured_media":8008,"comment_status":"open","ping_status":"closed","template":"","meta":{"_acf_changed":false},"product_brand":[],"product_cat":[320],"product_tag":[],"class_list":{"0":"post-7978","1":"product","2":"type-product","3":"status-publish","4":"has-post-thumbnail","6":"product_cat-motopompe","8":"first","9":"instock","10":"shipping-taxable","11":"purchasable","12":"product-type-simple"},"acf":[],"yoast_head":"<!-- This site is optimized with the Yoast SEO plugin v27.2 - https:\/\/yoast.com\/product\/yoast-seo-wordpress\/ -->\n<title>Pompe \u00e0 eau thermique Cv - Novak Market<\/title>\n<meta name=\"robots\" content=\"index, follow, max-snippet:-1, max-image-preview:large, max-video-preview:-1\" \/>\n<link rel=\"canonical\" href=\"https:\/\/novakmarket.com\/en\/product\/pompe-a-eau-thermique-cv\/\" \/>\n<meta property=\"og:locale\" content=\"en_US\" \/>\n<meta property=\"og:type\" content=\"article\" \/>\n<meta property=\"og:title\" content=\"Pompe \u00e0 eau thermique Cv - Novak Market\" \/>\n<meta property=\"og:description\" content=\"&nbsp; &nbsp; Nom du produit Pompe \u00e0 eau SCHEPPACH 900W &#8211; 19L &#8211; HWW900 Cat\u00e9gorie POMPE ARROSAGE R\u00e9f\u00e9rence 5908607901 G\u00e9n\u00e9ral Type de Produit POMPE \u00c0 EAU DOMESTIQUE 900 W Description\" \/>\n<meta property=\"og:url\" content=\"https:\/\/novakmarket.com\/en\/product\/pompe-a-eau-thermique-cv\/\" \/>\n<meta property=\"og:site_name\" content=\"Novak Market\" \/>\n<meta property=\"article:modified_time\" content=\"2021-11-29T19:31:23+00:00\" \/>\n<meta property=\"og:image\" content=\"https:\/\/novakmarket.com\/wp-content\/uploads\/2021\/11\/11-19.jpg\" \/>\n\t<meta property=\"og:image:width\" content=\"550\" \/>\n\t<meta property=\"og:image:height\" content=\"550\" \/>\n\t<meta property=\"og:image:type\" content=\"image\/jpeg\" \/>\n<meta name=\"twitter:card\" content=\"summary_large_image\" \/>\n<meta name=\"twitter:label1\" content=\"Est. reading time\" \/>\n\t<meta name=\"twitter:data1\" content=\"1 minute\" \/>\n<script type=\"application\/ld+json\" class=\"yoast-schema-graph\">{\"@context\":\"https:\/\/schema.org\",\"@graph\":[{\"@type\":\"WebPage\",\"@id\":\"https:\/\/novakmarket.com\/produit\/pompe-a-eau-thermique-cv\/\",\"url\":\"https:\/\/novakmarket.com\/produit\/pompe-a-eau-thermique-cv\/\",\"name\":\"Pompe \u00e0 eau thermique Cv - Novak Market\",\"isPartOf\":{\"@id\":\"https:\/\/novakmarket.com\/#website\"},\"primaryImageOfPage\":{\"@id\":\"https:\/\/novakmarket.com\/produit\/pompe-a-eau-thermique-cv\/#primaryimage\"},\"image\":{\"@id\":\"https:\/\/novakmarket.com\/produit\/pompe-a-eau-thermique-cv\/#primaryimage\"},\"thumbnailUrl\":\"https:\/\/novakmarket.com\/wp-content\/uploads\/2021\/11\/11-19.jpg\",\"datePublished\":\"2021-11-29T19:31:08+00:00\",\"dateModified\":\"2021-11-29T19:31:23+00:00\",\"breadcrumb\":{\"@id\":\"https:\/\/novakmarket.com\/produit\/pompe-a-eau-thermique-cv\/#breadcrumb\"},\"inLanguage\":\"en-US\",\"potentialAction\":[{\"@type\":\"ReadAction\",\"target\":[\"https:\/\/novakmarket.com\/produit\/pompe-a-eau-thermique-cv\/\"]}]},{\"@type\":\"ImageObject\",\"inLanguage\":\"en-US\",\"@id\":\"https:\/\/novakmarket.com\/produit\/pompe-a-eau-thermique-cv\/#primaryimage\",\"url\":\"https:\/\/novakmarket.com\/wp-content\/uploads\/2021\/11\/11-19.jpg\",\"contentUrl\":\"https:\/\/novakmarket.com\/wp-content\/uploads\/2021\/11\/11-19.jpg\",\"width\":550,\"height\":550},{\"@type\":\"BreadcrumbList\",\"@id\":\"https:\/\/novakmarket.com\/produit\/pompe-a-eau-thermique-cv\/#breadcrumb\",\"itemListElement\":[{\"@type\":\"ListItem\",\"position\":1,\"name\":\"Accueil\",\"item\":\"https:\/\/novakmarket.com\/\"},{\"@type\":\"ListItem\",\"position\":2,\"name\":\"Boutique\",\"item\":\"https:\/\/novakmarket.com\/shop\/\"},{\"@type\":\"ListItem\",\"position\":3,\"name\":\"Pompe \u00e0 eau thermique Cv\"}]},{\"@type\":\"WebSite\",\"@id\":\"https:\/\/novakmarket.com\/#website\",\"url\":\"https:\/\/novakmarket.com\/\",\"name\":\"Novak Market\",\"description\":\"Vente de produits \u00e9lectroniques.\",\"publisher\":{\"@id\":\"https:\/\/novakmarket.com\/#organization\"},\"potentialAction\":[{\"@type\":\"SearchAction\",\"target\":{\"@type\":\"EntryPoint\",\"urlTemplate\":\"https:\/\/novakmarket.com\/?s={search_term_string}\"},\"query-input\":{\"@type\":\"PropertyValueSpecification\",\"valueRequired\":true,\"valueName\":\"search_term_string\"}}],\"inLanguage\":\"en-US\"},{\"@type\":\"Organization\",\"@id\":\"https:\/\/novakmarket.com\/#organization\",\"name\":\"Novak Market\",\"url\":\"https:\/\/novakmarket.com\/\",\"logo\":{\"@type\":\"ImageObject\",\"inLanguage\":\"en-US\",\"@id\":\"https:\/\/novakmarket.com\/#\/schema\/logo\/image\/\",\"url\":\"https:\/\/novakmarket.com\/wp-content\/uploads\/2026\/02\/cropped-footer-pc-removebg-preview.png\",\"contentUrl\":\"https:\/\/novakmarket.com\/wp-content\/uploads\/2026\/02\/cropped-footer-pc-removebg-preview.png\",\"width\":202,\"height\":73,\"caption\":\"Novak Market\"},\"image\":{\"@id\":\"https:\/\/novakmarket.com\/#\/schema\/logo\/image\/\"}}]}<\/script>\n<!-- \/ Yoast SEO plugin. -->","yoast_head_json":{"title":"Pompe \u00e0 eau thermique Cv - Novak Market","robots":{"index":"index","follow":"follow","max-snippet":"max-snippet:-1","max-image-preview":"max-image-preview:large","max-video-preview":"max-video-preview:-1"},"canonical":"https:\/\/novakmarket.com\/en\/product\/pompe-a-eau-thermique-cv\/","og_locale":"en_US","og_type":"article","og_title":"Pompe \u00e0 eau thermique Cv - Novak Market","og_description":"&nbsp; &nbsp; Nom du produit Pompe \u00e0 eau SCHEPPACH 900W &#8211; 19L &#8211; HWW900 Cat\u00e9gorie POMPE ARROSAGE R\u00e9f\u00e9rence 5908607901 G\u00e9n\u00e9ral Type de Produit POMPE \u00c0 EAU DOMESTIQUE 900 W Description","og_url":"https:\/\/novakmarket.com\/en\/product\/pompe-a-eau-thermique-cv\/","og_site_name":"Novak Market","article_modified_time":"2021-11-29T19:31:23+00:00","og_image":[{"width":550,"height":550,"url":"https:\/\/novakmarket.com\/wp-content\/uploads\/2021\/11\/11-19.jpg","type":"image\/jpeg"}],"twitter_card":"summary_large_image","twitter_misc":{"Est. reading time":"1 minute"},"schema":{"@context":"https:\/\/schema.org","@graph":[{"@type":"WebPage","@id":"https:\/\/novakmarket.com\/produit\/pompe-a-eau-thermique-cv\/","url":"https:\/\/novakmarket.com\/produit\/pompe-a-eau-thermique-cv\/","name":"Pompe \u00e0 eau thermique Cv - Novak Market","isPartOf":{"@id":"https:\/\/novakmarket.com\/#website"},"primaryImageOfPage":{"@id":"https:\/\/novakmarket.com\/produit\/pompe-a-eau-thermique-cv\/#primaryimage"},"image":{"@id":"https:\/\/novakmarket.com\/produit\/pompe-a-eau-thermique-cv\/#primaryimage"},"thumbnailUrl":"https:\/\/novakmarket.com\/wp-content\/uploads\/2021\/11\/11-19.jpg","datePublished":"2021-11-29T19:31:08+00:00","dateModified":"2021-11-29T19:31:23+00:00","breadcrumb":{"@id":"https:\/\/novakmarket.com\/produit\/pompe-a-eau-thermique-cv\/#breadcrumb"},"inLanguage":"en-US","potentialAction":[{"@type":"ReadAction","target":["https:\/\/novakmarket.com\/produit\/pompe-a-eau-thermique-cv\/"]}]},{"@type":"ImageObject","inLanguage":"en-US","@id":"https:\/\/novakmarket.com\/produit\/pompe-a-eau-thermique-cv\/#primaryimage","url":"https:\/\/novakmarket.com\/wp-content\/uploads\/2021\/11\/11-19.jpg","contentUrl":"https:\/\/novakmarket.com\/wp-content\/uploads\/2021\/11\/11-19.jpg","width":550,"height":550},{"@type":"BreadcrumbList","@id":"https:\/\/novakmarket.com\/produit\/pompe-a-eau-thermique-cv\/#breadcrumb","itemListElement":[{"@type":"ListItem","position":1,"name":"Accueil","item":"https:\/\/novakmarket.com\/"},{"@type":"ListItem","position":2,"name":"Boutique","item":"https:\/\/novakmarket.com\/shop\/"},{"@type":"ListItem","position":3,"name":"Pompe \u00e0 eau thermique Cv"}]},{"@type":"WebSite","@id":"https:\/\/novakmarket.com\/#website","url":"https:\/\/novakmarket.com\/","name":"Novak Market","description":"Vente de produits \u00e9lectroniques.","publisher":{"@id":"https:\/\/novakmarket.com\/#organization"},"potentialAction":[{"@type":"SearchAction","target":{"@type":"EntryPoint","urlTemplate":"https:\/\/novakmarket.com\/?s={search_term_string}"},"query-input":{"@type":"PropertyValueSpecification","valueRequired":true,"valueName":"search_term_string"}}],"inLanguage":"en-US"},{"@type":"Organization","@id":"https:\/\/novakmarket.com\/#organization","name":"Novak Market","url":"https:\/\/novakmarket.com\/","logo":{"@type":"ImageObject","inLanguage":"en-US","@id":"https:\/\/novakmarket.com\/#\/schema\/logo\/image\/","url":"https:\/\/novakmarket.com\/wp-content\/uploads\/2026\/02\/cropped-footer-pc-removebg-preview.png","contentUrl":"https:\/\/novakmarket.com\/wp-content\/uploads\/2026\/02\/cropped-footer-pc-removebg-preview.png","width":202,"height":73,"caption":"Novak Market"},"image":{"@id":"https:\/\/novakmarket.com\/#\/schema\/logo\/image\/"}}]}},"_links":{"self":[{"href":"https:\/\/novakmarket.com\/en\/wp-json\/wp\/v2\/product\/7978","targetHints":{"allow":["GET"]}}],"collection":[{"href":"https:\/\/novakmarket.com\/en\/wp-json\/wp\/v2\/product"}],"about":[{"href":"https:\/\/novakmarket.com\/en\/wp-json\/wp\/v2\/types\/product"}],"replies":[{"embeddable":true,"href":"https:\/\/novakmarket.com\/en\/wp-json\/wp\/v2\/comments?post=7978"}],"wp:featuredmedia":[{"embeddable":true,"href":"https:\/\/novakmarket.com\/en\/wp-json\/wp\/v2\/media\/8008"}],"wp:attachment":[{"href":"https:\/\/novakmarket.com\/en\/wp-json\/wp\/v2\/media?parent=7978"}],"wp:term":[{"taxonomy":"product_brand","embeddable":true,"href":"https:\/\/novakmarket.com\/en\/wp-json\/wp\/v2\/product_brand?post=7978"},{"taxonomy":"product_cat","embeddable":true,"href":"https:\/\/novakmarket.com\/en\/wp-json\/wp\/v2\/product_cat?post=7978"},{"taxonomy":"product_tag","embeddable":true,"href":"https:\/\/novakmarket.com\/en\/wp-json\/wp\/v2\/product_tag?post=7978"}],"curies":[{"name":"wp","href":"https:\/\/api.w.org\/{rel}","templated":true}]}}