{"id":5550,"date":"2021-11-29T19:29:39","date_gmt":"2021-11-29T18:29:39","guid":{"rendered":"https:\/\/bestymarketshop.com\/?post_type=product&#038;p=5550"},"modified":"2021-12-02T13:47:09","modified_gmt":"2021-12-02T12:47:09","slug":"samsung-lave-linge-9kg","status":"publish","type":"product","link":"https:\/\/novakmarket.com\/es\/producto\/samsung-lave-linge-9kg\/","title":{"rendered":"SAMSUNG Lave linge 9kg"},"content":{"rendered":"<p><img loading=\"lazy\" decoding=\"async\" class=\"alignnone size-medium wp-image-6991\" src=\"https:\/\/electrospotshop.com\/wp-content\/uploads\/2020\/06\/AZ3-300x300.jpg\" alt=\"\" width=\"300\" height=\"300\" \/><\/p>","protected":false},"excerpt":{"rendered":"<table class=\"fpDescTb fpDescTbPub\">\n<tbody>\n<tr>\n<td>Nom du produit<\/td>\n<td>SAMSUNG Lave linge 9kg WW90K4430YW &#8211; A+++ &#8211; 1400tr<\/td>\n<\/tr>\n<tr>\n<td>Cat\u00e9gorie<\/td>\n<td>LAVE-LINGE<\/td>\n<\/tr>\n<tr>\n<th colspan=\"2\">Informations sur le produit<\/th>\n<\/tr>\n<tr>\n<td>Economie d\u2019\u00e9nergie<\/td>\n<td>Produit recommand\u00e9 par Cdiscount et Green Yellow<\/td>\n<\/tr>\n<tr>\n<th colspan=\"2\">G\u00e9n\u00e9ral<\/th>\n<\/tr>\n<tr>\n<td>Type de Produit<\/td>\n<td>Machine \u00e0 laver &#8211; chargement frontal<\/td>\n<\/tr>\n<tr>\n<td>Couleur<\/td>\n<td>Blanc<\/td>\n<\/tr>\n<tr>\n<td>Consommation d&#8217;\u00e9nergie annuelle<\/td>\n<td>196 kWh<\/td>\n<\/tr>\n<tr>\n<td>Consommation d&#8217;eau annuelle<\/td>\n<td>9400 litres<\/td>\n<\/tr>\n<tr>\n<td>Classe d&#8217;efficacit\u00e9 d&#8217;essorage<\/td>\n<td>Classe A<\/td>\n<\/tr>\n<tr>\n<td>Vitesse d\u2019essorage<\/td>\n<td>Variable &#8211; 1400 tours\/min (maximum)<\/td>\n<\/tr>\n<tr>\n<td>Optimisation du lavage<\/td>\n<td>Syst\u00e8me Fuzzy Logic<\/td>\n<\/tr>\n<tr>\n<td>Caract\u00e9ristiques du tambour<\/td>\n<td>Tambour Crystal Care<\/td>\n<\/tr>\n<tr>\n<td>Taux d&#8217;humidit\u00e9 r\u00e9siduelle atteint<\/td>\n<td>44%<\/td>\n<\/tr>\n<tr>\n<td>Niveau sonore maximum<\/td>\n<td>74 dB<\/td>\n<\/tr>\n<tr>\n<td>Niveau sonore (lavage)<\/td>\n<td>53 dB<\/td>\n<\/tr>\n<tr>\n<td>Dur\u00e9e du mode Allum\u00e9<\/td>\n<td>2 min<\/td>\n<\/tr>\n<tr>\n<td>Programme de lavage standard<\/td>\n<td>E Cotton<\/td>\n<\/tr>\n<tr>\n<td>D\u00e9tails sur la dur\u00e9e du programme<\/td>\n<td>294 min &#8211; lavage &#8211; pleine charge &#8211; 60 \u00b0C<br \/>\n284 min &#8211; lavage &#8211; charge partielle &#8211; 60 \u00b0C<br \/>\n284 min &#8211; lavage &#8211; charge partielle &#8211; 40 \u00b0C<\/td>\n<\/tr>\n<tr>\n<td>Moteur d&#8217;onduleur<\/td>\n<td>Oui<\/td>\n<\/tr>\n<tr>\n<td>Facteur de forme<\/td>\n<td>Ind\u00e9pendant<\/td>\n<\/tr>\n<tr>\n<td>Niveau sonore (essorage)<\/td>\n<td>74 dB<\/td>\n<\/tr>\n<tr>\n<td>Couleur Ext\u00e9rieure<\/td>\n<td>Blanc<\/td>\n<\/tr>\n<tr>\n<td>Capacit\u00e9 de charge<\/td>\n<td>9 kg<\/td>\n<\/tr>\n<tr>\n<th colspan=\"2\">Machine \u00e0 laver<\/th>\n<\/tr>\n<tr>\n<td>Options et programmes sp\u00e9ciaux<\/td>\n<td>Lavage quotidien, pr\u00e9lavage, laine, coton, produits synth\u00e9tiques, lavage intensif, trempage, textiles sport, couleur, v\u00eatements b\u00e9b\u00e9, jean, rin\u00e7age \/essorage, rin\u00e7age+, Express 15&#8242;, E Cotton, nettoyage du tambour<\/td>\n<\/tr>\n<tr>\n<th colspan=\"2\">R\u00e9glages, commandes et voyants<\/th>\n<\/tr>\n<tr>\n<td>T\u00e9moins<\/td>\n<td>T\u00e9moin de temps restant<\/td>\n<\/tr>\n<tr>\n<td>Fonctions du minuteur<\/td>\n<td>D\u00e9part diff\u00e9r\u00e9, signal activ\u00e9\/d\u00e9sactiv\u00e9<\/td>\n<\/tr>\n<tr>\n<td>D\u00e9part diff\u00e9r\u00e9<\/td>\n<td>19 heures<\/td>\n<\/tr>\n<tr>\n<td>Type de commande<\/td>\n<td>Electronique<\/td>\n<\/tr>\n<tr>\n<td>Emplacement des commandes<\/td>\n<td>Panneau avant<\/td>\n<\/tr>\n<tr>\n<th colspan=\"2\">Consommation<\/th>\n<\/tr>\n<tr>\n<td>Consommation d&#8217;\u00e9nergie en mode sous tension<\/td>\n<td>5 Watt<\/td>\n<\/tr>\n<tr>\n<td>Consommation \u00e9lectrique en mode Eteint<\/td>\n<td>0.48 Watt<\/td>\n<\/tr>\n<tr>\n<th colspan=\"2\">Consommation d&#8217;eau et d&#8217;\u00e9nergie<\/th>\n<\/tr>\n<tr>\n<td>Consommation d&#8217;\u00e9nergie par cycle<\/td>\n<td>0.98 kWh<\/td>\n<\/tr>\n<tr>\n<td>D\u00e9tails de la consommation \u00e9nerg\u00e9tique<\/td>\n<td>0.98 kWh &#8211; lavage &#8211; pleine charge &#8211; 60 \u00b0C<br \/>\n0.79 kWh &#8211; lavage &#8211; charge partielle &#8211; 60 \u00b0C<br \/>\n0.79 kWh &#8211; lavage &#8211; charge partielle &#8211; 40 \u00b0C<\/td>\n<\/tr>\n<tr>\n<th colspan=\"2\">Divers<\/th>\n<\/tr>\n<tr>\n<td>Fonctions de s\u00e9curit\u00e9<\/td>\n<td>S\u00e9curit\u00e9 enfants, Smart Check, contr\u00f4le anti-mousse<\/td>\n<\/tr>\n<tr>\n<td>Fonctions personnalisables<\/td>\n<td>Fen\u00eatre AddWash<\/td>\n<\/tr>\n<tr>\n<td>Normes de conformit\u00e9<\/td>\n<td>Directive 1061\/2010\/EU<\/td>\n<\/tr>\n<tr>\n<th colspan=\"2\">Dimensions et poids<\/th>\n<\/tr>\n<tr>\n<td>Largeur<\/td>\n<td>60 cm<\/td>\n<\/tr>\n<tr>\n<td>Profondeur<\/td>\n<td>63.5 cm<\/td>\n<\/tr>\n<tr>\n<td>Hauteur<\/td>\n<td>85 cm<\/td>\n<\/tr>\n<tr>\n<td>Poids<\/td>\n<td>61 kg<\/td>\n<\/tr>\n<\/tbody>\n<\/table>","protected":false},"featured_media":5619,"comment_status":"open","ping_status":"closed","template":"","meta":{"_acf_changed":false},"product_brand":[],"product_cat":[282],"product_tag":[],"class_list":{"0":"post-5550","1":"product","2":"type-product","3":"status-publish","4":"has-post-thumbnail","6":"product_cat-appareils-electromenagers","8":"first","9":"instock","10":"shipping-taxable","11":"purchasable","12":"product-type-simple"},"acf":[],"yoast_head":"<!-- This site is optimized with the Yoast SEO plugin v27.2 - https:\/\/yoast.com\/product\/yoast-seo-wordpress\/ -->\n<title>SAMSUNG Lave linge 9kg - Novak Market<\/title>\n<meta name=\"robots\" content=\"index, follow, max-snippet:-1, max-image-preview:large, max-video-preview:-1\" \/>\n<link rel=\"canonical\" href=\"https:\/\/novakmarket.com\/es\/producto\/samsung-lave-linge-9kg\/\" \/>\n<meta property=\"og:locale\" content=\"es_ES\" \/>\n<meta property=\"og:type\" content=\"article\" \/>\n<meta property=\"og:title\" content=\"SAMSUNG Lave linge 9kg - Novak Market\" \/>\n<meta property=\"og:description\" content=\"Nom du produit SAMSUNG Lave linge 9kg WW90K4430YW - A+++ - 1400tr  Cat\u00e9gorie LAVE-LINGE  Informations sur le produit  Economie d\u2019\u00e9nergie Produit recommand\u00e9 par Cdiscount et Green Yellow  G\u00e9n\u00e9ral  Type de Produit Machine \u00e0 laver - chargement frontal  Couleur Blanc  Consommation d&#039;\u00e9nergie annuelle 196 kWh  Consommation d&#039;eau annuelle 9400 litres  Classe d&#039;efficacit\u00e9 d&#039;essorage Classe A  Vitesse d\u2019essorage Variable - 1400 tours\/min (maximum)  Optimisation du lavage Syst\u00e8me Fuzzy Logic  Caract\u00e9ristiques du tambour Tambour Crystal Care  Taux d&#039;humidit\u00e9 r\u00e9siduelle atteint 44%  Niveau sonore maximum 74 dB  Niveau sonore (lavage) 53 dB  Dur\u00e9e du mode Allum\u00e9 2 min  Programme de lavage standard E Cotton  D\u00e9tails sur la dur\u00e9e du programme 294 min - lavage - pleine charge - 60 \u00b0C 284 min - lavage - charge partielle - 60 \u00b0C 284 min - lavage - charge partielle - 40 \u00b0C  Moteur d&#039;onduleur Oui  Facteur de forme Ind\u00e9pendant  Niveau sonore (essorage) 74 dB  Couleur Ext\u00e9rieure Blanc  Capacit\u00e9 de charge 9 kg  Machine \u00e0 laver  Options et programmes sp\u00e9ciaux Lavage quotidien, pr\u00e9lavage, laine, coton, produits synth\u00e9tiques, lavage intensif, trempage, textiles sport, couleur, v\u00eatements b\u00e9b\u00e9, jean, rin\u00e7age \/essorage, rin\u00e7age+, Express 15&#039;, E Cotton, nettoyage du tambour  R\u00e9glages, commandes et voyants  T\u00e9moins T\u00e9moin de temps restant  Fonctions du minuteur D\u00e9part diff\u00e9r\u00e9, signal activ\u00e9\/d\u00e9sactiv\u00e9  D\u00e9part diff\u00e9r\u00e9 19 heures  Type de commande Electronique  Emplacement des commandes Panneau avant  Consommation  Consommation d&#039;\u00e9nergie en mode sous tension 5 Watt  Consommation \u00e9lectrique en mode Eteint 0.48 Watt  Consommation d&#039;eau et d&#039;\u00e9nergie  Consommation d&#039;\u00e9nergie par cycle 0.98 kWh  D\u00e9tails de la consommation \u00e9nerg\u00e9tique 0.98 kWh - lavage - pleine charge - 60 \u00b0C 0.79 kWh - lavage - charge partielle - 60 \u00b0C 0.79 kWh - lavage - charge partielle - 40 \u00b0C  Divers  Fonctions de s\u00e9curit\u00e9 S\u00e9curit\u00e9 enfants, Smart Check, contr\u00f4le anti-mousse  Fonctions personnalisables Fen\u00eatre AddWash  Normes de conformit\u00e9 Directive 1061\/2010\/EU  Dimensions et poids  Largeur 60 cm  Profondeur 63.5 cm  Hauteur 85 cm  Poids 61 kg\" \/>\n<meta property=\"og:url\" content=\"https:\/\/novakmarket.com\/es\/producto\/samsung-lave-linge-9kg\/\" \/>\n<meta property=\"og:site_name\" content=\"Novak Market\" \/>\n<meta property=\"article:modified_time\" content=\"2021-12-02T12:47:09+00:00\" \/>\n<meta property=\"og:image\" content=\"https:\/\/novakmarket.com\/wp-content\/uploads\/2021\/11\/AZ3.jpg\" \/>\n\t<meta property=\"og:image:width\" content=\"700\" \/>\n\t<meta property=\"og:image:height\" content=\"700\" \/>\n\t<meta property=\"og:image:type\" content=\"image\/jpeg\" \/>\n<meta name=\"twitter:card\" content=\"summary_large_image\" \/>\n<script type=\"application\/ld+json\" class=\"yoast-schema-graph\">{\"@context\":\"https:\/\/schema.org\",\"@graph\":[{\"@type\":\"WebPage\",\"@id\":\"https:\/\/novakmarket.com\/produit\/samsung-lave-linge-9kg\/\",\"url\":\"https:\/\/novakmarket.com\/produit\/samsung-lave-linge-9kg\/\",\"name\":\"SAMSUNG Lave linge 9kg - Novak Market\",\"isPartOf\":{\"@id\":\"https:\/\/novakmarket.com\/#website\"},\"primaryImageOfPage\":{\"@id\":\"https:\/\/novakmarket.com\/produit\/samsung-lave-linge-9kg\/#primaryimage\"},\"image\":{\"@id\":\"https:\/\/novakmarket.com\/produit\/samsung-lave-linge-9kg\/#primaryimage\"},\"thumbnailUrl\":\"https:\/\/novakmarket.com\/wp-content\/uploads\/2021\/11\/AZ3.jpg\",\"datePublished\":\"2021-11-29T18:29:39+00:00\",\"dateModified\":\"2021-12-02T12:47:09+00:00\",\"breadcrumb\":{\"@id\":\"https:\/\/novakmarket.com\/produit\/samsung-lave-linge-9kg\/#breadcrumb\"},\"inLanguage\":\"es\",\"potentialAction\":[{\"@type\":\"ReadAction\",\"target\":[\"https:\/\/novakmarket.com\/produit\/samsung-lave-linge-9kg\/\"]}]},{\"@type\":\"ImageObject\",\"inLanguage\":\"es\",\"@id\":\"https:\/\/novakmarket.com\/produit\/samsung-lave-linge-9kg\/#primaryimage\",\"url\":\"https:\/\/novakmarket.com\/wp-content\/uploads\/2021\/11\/AZ3.jpg\",\"contentUrl\":\"https:\/\/novakmarket.com\/wp-content\/uploads\/2021\/11\/AZ3.jpg\",\"width\":700,\"height\":700},{\"@type\":\"BreadcrumbList\",\"@id\":\"https:\/\/novakmarket.com\/produit\/samsung-lave-linge-9kg\/#breadcrumb\",\"itemListElement\":[{\"@type\":\"ListItem\",\"position\":1,\"name\":\"Accueil\",\"item\":\"https:\/\/novakmarket.com\/\"},{\"@type\":\"ListItem\",\"position\":2,\"name\":\"Boutique\",\"item\":\"https:\/\/novakmarket.com\/shop\/\"},{\"@type\":\"ListItem\",\"position\":3,\"name\":\"SAMSUNG Lave linge 9kg\"}]},{\"@type\":\"WebSite\",\"@id\":\"https:\/\/novakmarket.com\/#website\",\"url\":\"https:\/\/novakmarket.com\/\",\"name\":\"Novak Market\",\"description\":\"Vente de produits \u00e9lectroniques.\",\"publisher\":{\"@id\":\"https:\/\/novakmarket.com\/#organization\"},\"potentialAction\":[{\"@type\":\"SearchAction\",\"target\":{\"@type\":\"EntryPoint\",\"urlTemplate\":\"https:\/\/novakmarket.com\/?s={search_term_string}\"},\"query-input\":{\"@type\":\"PropertyValueSpecification\",\"valueRequired\":true,\"valueName\":\"search_term_string\"}}],\"inLanguage\":\"es\"},{\"@type\":\"Organization\",\"@id\":\"https:\/\/novakmarket.com\/#organization\",\"name\":\"Novak Market\",\"url\":\"https:\/\/novakmarket.com\/\",\"logo\":{\"@type\":\"ImageObject\",\"inLanguage\":\"es\",\"@id\":\"https:\/\/novakmarket.com\/#\/schema\/logo\/image\/\",\"url\":\"https:\/\/novakmarket.com\/wp-content\/uploads\/2026\/02\/cropped-footer-pc-removebg-preview.png\",\"contentUrl\":\"https:\/\/novakmarket.com\/wp-content\/uploads\/2026\/02\/cropped-footer-pc-removebg-preview.png\",\"width\":202,\"height\":73,\"caption\":\"Novak Market\"},\"image\":{\"@id\":\"https:\/\/novakmarket.com\/#\/schema\/logo\/image\/\"}}]}<\/script>\n<!-- \/ Yoast SEO plugin. -->","yoast_head_json":{"title":"SAMSUNG Lave linge 9kg - Novak Market","robots":{"index":"index","follow":"follow","max-snippet":"max-snippet:-1","max-image-preview":"max-image-preview:large","max-video-preview":"max-video-preview:-1"},"canonical":"https:\/\/novakmarket.com\/es\/producto\/samsung-lave-linge-9kg\/","og_locale":"es_ES","og_type":"article","og_title":"SAMSUNG Lave linge 9kg - Novak Market","og_description":"Nom du produit SAMSUNG Lave linge 9kg WW90K4430YW - A+++ - 1400tr  Cat\u00e9gorie LAVE-LINGE  Informations sur le produit  Economie d\u2019\u00e9nergie Produit recommand\u00e9 par Cdiscount et Green Yellow  G\u00e9n\u00e9ral  Type de Produit Machine \u00e0 laver - chargement frontal  Couleur Blanc  Consommation d'\u00e9nergie annuelle 196 kWh  Consommation d'eau annuelle 9400 litres  Classe d'efficacit\u00e9 d'essorage Classe A  Vitesse d\u2019essorage Variable - 1400 tours\/min (maximum)  Optimisation du lavage Syst\u00e8me Fuzzy Logic  Caract\u00e9ristiques du tambour Tambour Crystal Care  Taux d'humidit\u00e9 r\u00e9siduelle atteint 44%  Niveau sonore maximum 74 dB  Niveau sonore (lavage) 53 dB  Dur\u00e9e du mode Allum\u00e9 2 min  Programme de lavage standard E Cotton  D\u00e9tails sur la dur\u00e9e du programme 294 min - lavage - pleine charge - 60 \u00b0C 284 min - lavage - charge partielle - 60 \u00b0C 284 min - lavage - charge partielle - 40 \u00b0C  Moteur d'onduleur Oui  Facteur de forme Ind\u00e9pendant  Niveau sonore (essorage) 74 dB  Couleur Ext\u00e9rieure Blanc  Capacit\u00e9 de charge 9 kg  Machine \u00e0 laver  Options et programmes sp\u00e9ciaux Lavage quotidien, pr\u00e9lavage, laine, coton, produits synth\u00e9tiques, lavage intensif, trempage, textiles sport, couleur, v\u00eatements b\u00e9b\u00e9, jean, rin\u00e7age \/essorage, rin\u00e7age+, Express 15', E Cotton, nettoyage du tambour  R\u00e9glages, commandes et voyants  T\u00e9moins T\u00e9moin de temps restant  Fonctions du minuteur D\u00e9part diff\u00e9r\u00e9, signal activ\u00e9\/d\u00e9sactiv\u00e9  D\u00e9part diff\u00e9r\u00e9 19 heures  Type de commande Electronique  Emplacement des commandes Panneau avant  Consommation  Consommation d'\u00e9nergie en mode sous tension 5 Watt  Consommation \u00e9lectrique en mode Eteint 0.48 Watt  Consommation d'eau et d'\u00e9nergie  Consommation d'\u00e9nergie par cycle 0.98 kWh  D\u00e9tails de la consommation \u00e9nerg\u00e9tique 0.98 kWh - lavage - pleine charge - 60 \u00b0C 0.79 kWh - lavage - charge partielle - 60 \u00b0C 0.79 kWh - lavage - charge partielle - 40 \u00b0C  Divers  Fonctions de s\u00e9curit\u00e9 S\u00e9curit\u00e9 enfants, Smart Check, contr\u00f4le anti-mousse  Fonctions personnalisables Fen\u00eatre AddWash  Normes de conformit\u00e9 Directive 1061\/2010\/EU  Dimensions et poids  Largeur 60 cm  Profondeur 63.5 cm  Hauteur 85 cm  Poids 61 kg","og_url":"https:\/\/novakmarket.com\/es\/producto\/samsung-lave-linge-9kg\/","og_site_name":"Novak Market","article_modified_time":"2021-12-02T12:47:09+00:00","og_image":[{"width":700,"height":700,"url":"https:\/\/novakmarket.com\/wp-content\/uploads\/2021\/11\/AZ3.jpg","type":"image\/jpeg"}],"twitter_card":"summary_large_image","schema":{"@context":"https:\/\/schema.org","@graph":[{"@type":"WebPage","@id":"https:\/\/novakmarket.com\/produit\/samsung-lave-linge-9kg\/","url":"https:\/\/novakmarket.com\/produit\/samsung-lave-linge-9kg\/","name":"SAMSUNG Lave linge 9kg - Novak Market","isPartOf":{"@id":"https:\/\/novakmarket.com\/#website"},"primaryImageOfPage":{"@id":"https:\/\/novakmarket.com\/produit\/samsung-lave-linge-9kg\/#primaryimage"},"image":{"@id":"https:\/\/novakmarket.com\/produit\/samsung-lave-linge-9kg\/#primaryimage"},"thumbnailUrl":"https:\/\/novakmarket.com\/wp-content\/uploads\/2021\/11\/AZ3.jpg","datePublished":"2021-11-29T18:29:39+00:00","dateModified":"2021-12-02T12:47:09+00:00","breadcrumb":{"@id":"https:\/\/novakmarket.com\/produit\/samsung-lave-linge-9kg\/#breadcrumb"},"inLanguage":"es","potentialAction":[{"@type":"ReadAction","target":["https:\/\/novakmarket.com\/produit\/samsung-lave-linge-9kg\/"]}]},{"@type":"ImageObject","inLanguage":"es","@id":"https:\/\/novakmarket.com\/produit\/samsung-lave-linge-9kg\/#primaryimage","url":"https:\/\/novakmarket.com\/wp-content\/uploads\/2021\/11\/AZ3.jpg","contentUrl":"https:\/\/novakmarket.com\/wp-content\/uploads\/2021\/11\/AZ3.jpg","width":700,"height":700},{"@type":"BreadcrumbList","@id":"https:\/\/novakmarket.com\/produit\/samsung-lave-linge-9kg\/#breadcrumb","itemListElement":[{"@type":"ListItem","position":1,"name":"Accueil","item":"https:\/\/novakmarket.com\/"},{"@type":"ListItem","position":2,"name":"Boutique","item":"https:\/\/novakmarket.com\/shop\/"},{"@type":"ListItem","position":3,"name":"SAMSUNG Lave linge 9kg"}]},{"@type":"WebSite","@id":"https:\/\/novakmarket.com\/#website","url":"https:\/\/novakmarket.com\/","name":"Novak Market","description":"Vente de produits \u00e9lectroniques.","publisher":{"@id":"https:\/\/novakmarket.com\/#organization"},"potentialAction":[{"@type":"SearchAction","target":{"@type":"EntryPoint","urlTemplate":"https:\/\/novakmarket.com\/?s={search_term_string}"},"query-input":{"@type":"PropertyValueSpecification","valueRequired":true,"valueName":"search_term_string"}}],"inLanguage":"es"},{"@type":"Organization","@id":"https:\/\/novakmarket.com\/#organization","name":"Novak Market","url":"https:\/\/novakmarket.com\/","logo":{"@type":"ImageObject","inLanguage":"es","@id":"https:\/\/novakmarket.com\/#\/schema\/logo\/image\/","url":"https:\/\/novakmarket.com\/wp-content\/uploads\/2026\/02\/cropped-footer-pc-removebg-preview.png","contentUrl":"https:\/\/novakmarket.com\/wp-content\/uploads\/2026\/02\/cropped-footer-pc-removebg-preview.png","width":202,"height":73,"caption":"Novak Market"},"image":{"@id":"https:\/\/novakmarket.com\/#\/schema\/logo\/image\/"}}]}},"_links":{"self":[{"href":"https:\/\/novakmarket.com\/es\/wp-json\/wp\/v2\/product\/5550","targetHints":{"allow":["GET"]}}],"collection":[{"href":"https:\/\/novakmarket.com\/es\/wp-json\/wp\/v2\/product"}],"about":[{"href":"https:\/\/novakmarket.com\/es\/wp-json\/wp\/v2\/types\/product"}],"replies":[{"embeddable":true,"href":"https:\/\/novakmarket.com\/es\/wp-json\/wp\/v2\/comments?post=5550"}],"wp:featuredmedia":[{"embeddable":true,"href":"https:\/\/novakmarket.com\/es\/wp-json\/wp\/v2\/media\/5619"}],"wp:attachment":[{"href":"https:\/\/novakmarket.com\/es\/wp-json\/wp\/v2\/media?parent=5550"}],"wp:term":[{"taxonomy":"product_brand","embeddable":true,"href":"https:\/\/novakmarket.com\/es\/wp-json\/wp\/v2\/product_brand?post=5550"},{"taxonomy":"product_cat","embeddable":true,"href":"https:\/\/novakmarket.com\/es\/wp-json\/wp\/v2\/product_cat?post=5550"},{"taxonomy":"product_tag","embeddable":true,"href":"https:\/\/novakmarket.com\/es\/wp-json\/wp\/v2\/product_tag?post=5550"}],"curies":[{"name":"wp","href":"https:\/\/api.w.org\/{rel}","templated":true}]}}