{"id":5771,"date":"2021-11-29T20:14:57","date_gmt":"2021-11-29T19:14:57","guid":{"rendered":"https:\/\/bestymarketshop.com\/?post_type=product&#038;p=5771"},"modified":"2021-11-29T20:15:07","modified_gmt":"2021-11-29T19:15:07","slug":"apple-iphone-11-noir-64-go","status":"publish","type":"product","link":"https:\/\/novakmarket.com\/es\/producto\/apple-iphone-11-noir-64-go\/","title":{"rendered":"APPLE iPhone 11 Noir 64 Go"},"content":{"rendered":"<p><img loading=\"lazy\" decoding=\"async\" class=\"alignnone size-medium wp-image-5339\" src=\"https:\/\/electroshoptonic.com\/wp-content\/uploads\/2016\/03\/r555-300x300.jpg\" alt=\"\" width=\"300\" height=\"300\" \/><\/p>\n<p>Points forts :<br \/>\nTaille diagonale: 6,1 &#8221;<br \/>\nR\u00e9solution du capteur: 12 m\u00e9gapixels<br \/>\nCapacit\u00e9 de m\u00e9moire interne: 64 Go<br \/>\n6 coeurs<br \/>\nG\u00e9n\u00e9ration haut d\u00e9bit mobile: 4G<br \/>\nProtection: rev\u00eatement ol\u00e9ophobe anti-rayures<br \/>\nSyst\u00e8me d&#8217;exploitation: iOS 13<br \/>\nFonctions t\u00e9l\u00e9phoniques: haut-parleur, commande vocale, compteur d&#8217;appels<\/p>","protected":false},"excerpt":{"rendered":"<ul>\n<li>Points forts :<br \/>\nTaille diagonale: 6,1 &#8221;<br \/>\nR\u00e9solution du capteur: 12 m\u00e9gapixels<br \/>\nCapacit\u00e9 de m\u00e9moire interne: 64 Go<br \/>\n6 coeurs<br \/>\nG\u00e9n\u00e9ration haut d\u00e9bit mobile: 4G<br \/>\nProtection: rev\u00eatement ol\u00e9ophobe anti-rayures<br \/>\nSyst\u00e8me d&#8217;exploitation: iOS 13<br \/>\nFonctions t\u00e9l\u00e9phoniques: haut-parleur, commande vocale, compteur d&#8217;appels<\/li>\n<\/ul>","protected":false},"featured_media":5824,"comment_status":"open","ping_status":"closed","template":"","meta":{"_acf_changed":false},"product_brand":[],"product_cat":[288,281],"product_tag":[],"class_list":{"0":"post-5771","1":"product","2":"type-product","3":"status-publish","4":"has-post-thumbnail","6":"product_cat-apple_iphones","7":"product_cat-smartphones","9":"first","10":"instock","11":"shipping-taxable","12":"purchasable","13":"product-type-simple"},"acf":[],"yoast_head":"<!-- This site is optimized with the Yoast SEO plugin v27.2 - https:\/\/yoast.com\/product\/yoast-seo-wordpress\/ -->\n<title>APPLE iPhone 11 Noir 64 Go - Novak Market<\/title>\n<meta name=\"robots\" content=\"index, follow, max-snippet:-1, max-image-preview:large, max-video-preview:-1\" \/>\n<link rel=\"canonical\" href=\"https:\/\/novakmarket.com\/es\/producto\/apple-iphone-11-noir-64-go\/\" \/>\n<meta property=\"og:locale\" content=\"es_ES\" \/>\n<meta property=\"og:type\" content=\"article\" \/>\n<meta property=\"og:title\" content=\"APPLE iPhone 11 Noir 64 Go - Novak Market\" \/>\n<meta property=\"og:description\" content=\"Points forts : Taille diagonale: 6,1 &quot; R\u00e9solution du capteur: 12 m\u00e9gapixels Capacit\u00e9 de m\u00e9moire interne: 64 Go 6 coeurs G\u00e9n\u00e9ration haut d\u00e9bit mobile: 4G Protection: rev\u00eatement ol\u00e9ophobe anti-rayures Syst\u00e8me d&#039;exploitation: iOS 13 Fonctions t\u00e9l\u00e9phoniques: haut-parleur, commande vocale, compteur d&#039;appels\" \/>\n<meta property=\"og:url\" content=\"https:\/\/novakmarket.com\/es\/producto\/apple-iphone-11-noir-64-go\/\" \/>\n<meta property=\"og:site_name\" content=\"Novak Market\" \/>\n<meta property=\"article:modified_time\" content=\"2021-11-29T19:15:07+00:00\" \/>\n<meta property=\"og:image\" content=\"https:\/\/novakmarket.com\/wp-content\/uploads\/2021\/11\/r5.jpg\" \/>\n\t<meta property=\"og:image:width\" content=\"700\" \/>\n\t<meta property=\"og:image:height\" content=\"700\" \/>\n\t<meta property=\"og:image:type\" content=\"image\/jpeg\" \/>\n<meta name=\"twitter:card\" content=\"summary_large_image\" \/>\n<script type=\"application\/ld+json\" class=\"yoast-schema-graph\">{\"@context\":\"https:\/\/schema.org\",\"@graph\":[{\"@type\":\"WebPage\",\"@id\":\"https:\/\/novakmarket.com\/produit\/apple-iphone-11-noir-64-go\/\",\"url\":\"https:\/\/novakmarket.com\/produit\/apple-iphone-11-noir-64-go\/\",\"name\":\"APPLE iPhone 11 Noir 64 Go - Novak Market\",\"isPartOf\":{\"@id\":\"https:\/\/novakmarket.com\/#website\"},\"primaryImageOfPage\":{\"@id\":\"https:\/\/novakmarket.com\/produit\/apple-iphone-11-noir-64-go\/#primaryimage\"},\"image\":{\"@id\":\"https:\/\/novakmarket.com\/produit\/apple-iphone-11-noir-64-go\/#primaryimage\"},\"thumbnailUrl\":\"https:\/\/novakmarket.com\/wp-content\/uploads\/2021\/11\/r5.jpg\",\"datePublished\":\"2021-11-29T19:14:57+00:00\",\"dateModified\":\"2021-11-29T19:15:07+00:00\",\"breadcrumb\":{\"@id\":\"https:\/\/novakmarket.com\/produit\/apple-iphone-11-noir-64-go\/#breadcrumb\"},\"inLanguage\":\"es\",\"potentialAction\":[{\"@type\":\"ReadAction\",\"target\":[\"https:\/\/novakmarket.com\/produit\/apple-iphone-11-noir-64-go\/\"]}]},{\"@type\":\"ImageObject\",\"inLanguage\":\"es\",\"@id\":\"https:\/\/novakmarket.com\/produit\/apple-iphone-11-noir-64-go\/#primaryimage\",\"url\":\"https:\/\/novakmarket.com\/wp-content\/uploads\/2021\/11\/r5.jpg\",\"contentUrl\":\"https:\/\/novakmarket.com\/wp-content\/uploads\/2021\/11\/r5.jpg\",\"width\":700,\"height\":700},{\"@type\":\"BreadcrumbList\",\"@id\":\"https:\/\/novakmarket.com\/produit\/apple-iphone-11-noir-64-go\/#breadcrumb\",\"itemListElement\":[{\"@type\":\"ListItem\",\"position\":1,\"name\":\"Accueil\",\"item\":\"https:\/\/novakmarket.com\/\"},{\"@type\":\"ListItem\",\"position\":2,\"name\":\"Boutique\",\"item\":\"https:\/\/novakmarket.com\/shop\/\"},{\"@type\":\"ListItem\",\"position\":3,\"name\":\"APPLE iPhone 11 Noir 64 Go\"}]},{\"@type\":\"WebSite\",\"@id\":\"https:\/\/novakmarket.com\/#website\",\"url\":\"https:\/\/novakmarket.com\/\",\"name\":\"Novak Market\",\"description\":\"Vente de produits \u00e9lectroniques.\",\"publisher\":{\"@id\":\"https:\/\/novakmarket.com\/#organization\"},\"potentialAction\":[{\"@type\":\"SearchAction\",\"target\":{\"@type\":\"EntryPoint\",\"urlTemplate\":\"https:\/\/novakmarket.com\/?s={search_term_string}\"},\"query-input\":{\"@type\":\"PropertyValueSpecification\",\"valueRequired\":true,\"valueName\":\"search_term_string\"}}],\"inLanguage\":\"es\"},{\"@type\":\"Organization\",\"@id\":\"https:\/\/novakmarket.com\/#organization\",\"name\":\"Novak Market\",\"url\":\"https:\/\/novakmarket.com\/\",\"logo\":{\"@type\":\"ImageObject\",\"inLanguage\":\"es\",\"@id\":\"https:\/\/novakmarket.com\/#\/schema\/logo\/image\/\",\"url\":\"https:\/\/novakmarket.com\/wp-content\/uploads\/2026\/02\/cropped-footer-pc-removebg-preview.png\",\"contentUrl\":\"https:\/\/novakmarket.com\/wp-content\/uploads\/2026\/02\/cropped-footer-pc-removebg-preview.png\",\"width\":202,\"height\":73,\"caption\":\"Novak Market\"},\"image\":{\"@id\":\"https:\/\/novakmarket.com\/#\/schema\/logo\/image\/\"}}]}<\/script>\n<!-- \/ Yoast SEO plugin. -->","yoast_head_json":{"title":"APPLE iPhone 11 Noir 64 Go - Novak Market","robots":{"index":"index","follow":"follow","max-snippet":"max-snippet:-1","max-image-preview":"max-image-preview:large","max-video-preview":"max-video-preview:-1"},"canonical":"https:\/\/novakmarket.com\/es\/producto\/apple-iphone-11-noir-64-go\/","og_locale":"es_ES","og_type":"article","og_title":"APPLE iPhone 11 Noir 64 Go - Novak Market","og_description":"Points forts : Taille diagonale: 6,1 \" R\u00e9solution du capteur: 12 m\u00e9gapixels Capacit\u00e9 de m\u00e9moire interne: 64 Go 6 coeurs G\u00e9n\u00e9ration haut d\u00e9bit mobile: 4G Protection: rev\u00eatement ol\u00e9ophobe anti-rayures Syst\u00e8me d'exploitation: iOS 13 Fonctions t\u00e9l\u00e9phoniques: haut-parleur, commande vocale, compteur d'appels","og_url":"https:\/\/novakmarket.com\/es\/producto\/apple-iphone-11-noir-64-go\/","og_site_name":"Novak Market","article_modified_time":"2021-11-29T19:15:07+00:00","og_image":[{"width":700,"height":700,"url":"https:\/\/novakmarket.com\/wp-content\/uploads\/2021\/11\/r5.jpg","type":"image\/jpeg"}],"twitter_card":"summary_large_image","schema":{"@context":"https:\/\/schema.org","@graph":[{"@type":"WebPage","@id":"https:\/\/novakmarket.com\/produit\/apple-iphone-11-noir-64-go\/","url":"https:\/\/novakmarket.com\/produit\/apple-iphone-11-noir-64-go\/","name":"APPLE iPhone 11 Noir 64 Go - Novak Market","isPartOf":{"@id":"https:\/\/novakmarket.com\/#website"},"primaryImageOfPage":{"@id":"https:\/\/novakmarket.com\/produit\/apple-iphone-11-noir-64-go\/#primaryimage"},"image":{"@id":"https:\/\/novakmarket.com\/produit\/apple-iphone-11-noir-64-go\/#primaryimage"},"thumbnailUrl":"https:\/\/novakmarket.com\/wp-content\/uploads\/2021\/11\/r5.jpg","datePublished":"2021-11-29T19:14:57+00:00","dateModified":"2021-11-29T19:15:07+00:00","breadcrumb":{"@id":"https:\/\/novakmarket.com\/produit\/apple-iphone-11-noir-64-go\/#breadcrumb"},"inLanguage":"es","potentialAction":[{"@type":"ReadAction","target":["https:\/\/novakmarket.com\/produit\/apple-iphone-11-noir-64-go\/"]}]},{"@type":"ImageObject","inLanguage":"es","@id":"https:\/\/novakmarket.com\/produit\/apple-iphone-11-noir-64-go\/#primaryimage","url":"https:\/\/novakmarket.com\/wp-content\/uploads\/2021\/11\/r5.jpg","contentUrl":"https:\/\/novakmarket.com\/wp-content\/uploads\/2021\/11\/r5.jpg","width":700,"height":700},{"@type":"BreadcrumbList","@id":"https:\/\/novakmarket.com\/produit\/apple-iphone-11-noir-64-go\/#breadcrumb","itemListElement":[{"@type":"ListItem","position":1,"name":"Accueil","item":"https:\/\/novakmarket.com\/"},{"@type":"ListItem","position":2,"name":"Boutique","item":"https:\/\/novakmarket.com\/shop\/"},{"@type":"ListItem","position":3,"name":"APPLE iPhone 11 Noir 64 Go"}]},{"@type":"WebSite","@id":"https:\/\/novakmarket.com\/#website","url":"https:\/\/novakmarket.com\/","name":"Novak Market","description":"Vente de produits \u00e9lectroniques.","publisher":{"@id":"https:\/\/novakmarket.com\/#organization"},"potentialAction":[{"@type":"SearchAction","target":{"@type":"EntryPoint","urlTemplate":"https:\/\/novakmarket.com\/?s={search_term_string}"},"query-input":{"@type":"PropertyValueSpecification","valueRequired":true,"valueName":"search_term_string"}}],"inLanguage":"es"},{"@type":"Organization","@id":"https:\/\/novakmarket.com\/#organization","name":"Novak Market","url":"https:\/\/novakmarket.com\/","logo":{"@type":"ImageObject","inLanguage":"es","@id":"https:\/\/novakmarket.com\/#\/schema\/logo\/image\/","url":"https:\/\/novakmarket.com\/wp-content\/uploads\/2026\/02\/cropped-footer-pc-removebg-preview.png","contentUrl":"https:\/\/novakmarket.com\/wp-content\/uploads\/2026\/02\/cropped-footer-pc-removebg-preview.png","width":202,"height":73,"caption":"Novak Market"},"image":{"@id":"https:\/\/novakmarket.com\/#\/schema\/logo\/image\/"}}]}},"_links":{"self":[{"href":"https:\/\/novakmarket.com\/es\/wp-json\/wp\/v2\/product\/5771","targetHints":{"allow":["GET"]}}],"collection":[{"href":"https:\/\/novakmarket.com\/es\/wp-json\/wp\/v2\/product"}],"about":[{"href":"https:\/\/novakmarket.com\/es\/wp-json\/wp\/v2\/types\/product"}],"replies":[{"embeddable":true,"href":"https:\/\/novakmarket.com\/es\/wp-json\/wp\/v2\/comments?post=5771"}],"wp:featuredmedia":[{"embeddable":true,"href":"https:\/\/novakmarket.com\/es\/wp-json\/wp\/v2\/media\/5824"}],"wp:attachment":[{"href":"https:\/\/novakmarket.com\/es\/wp-json\/wp\/v2\/media?parent=5771"}],"wp:term":[{"taxonomy":"product_brand","embeddable":true,"href":"https:\/\/novakmarket.com\/es\/wp-json\/wp\/v2\/product_brand?post=5771"},{"taxonomy":"product_cat","embeddable":true,"href":"https:\/\/novakmarket.com\/es\/wp-json\/wp\/v2\/product_cat?post=5771"},{"taxonomy":"product_tag","embeddable":true,"href":"https:\/\/novakmarket.com\/es\/wp-json\/wp\/v2\/product_tag?post=5771"}],"curies":[{"name":"wp","href":"https:\/\/api.w.org\/{rel}","templated":true}]}}