{"id":5844,"date":"2021-11-29T20:15:19","date_gmt":"2021-11-29T19:15:19","guid":{"rendered":"https:\/\/bestymarketshop.com\/?post_type=product&#038;p=5844"},"modified":"2021-11-29T20:15:34","modified_gmt":"2021-11-29T19:15:34","slug":"huawei-honor-20-8go-256go-4g","status":"publish","type":"product","link":"https:\/\/novakmarket.com\/es\/producto\/huawei-honor-20-8go-256go-4g\/","title":{"rendered":"Huawei Honor 20 8Go + 256Go 4G"},"content":{"rendered":"<p><img loading=\"lazy\" decoding=\"async\" class=\"alignnone size-medium wp-image-5304\" src=\"https:\/\/electroshoptonic.com\/wp-content\/uploads\/2016\/03\/a2-1-300x300.jpg\" alt=\"\" width=\"300\" height=\"300\" \/><br \/>\nLe syst\u00e8me d&#8217;exploitation avanc\u00e9: Android et r\u00e9solution d&#8217;\u00e9cran lumineux: 1080&#215;2340. RAM: 8G + ROM: 256G grande capacit\u00e9, hautes performances et longue dur\u00e9e de vie. Avec type d&#8217;\u00e9cran tactile sensible: \u00e9cran capacitif et grande capacit\u00e9 de batterie (mAh): 3750.<\/p>","protected":false},"excerpt":{"rendered":"<ul>\n<li>Information g\u00e9n\u00e9rale sur le produit.<br \/>\nMarque HUAWEI<br \/>\nNom du produit Huawei Honor 20 8GB + 256GB 4G Smartphone White Ki<br \/>\nCat\u00e9gorie SMARTPHONE<\/li>\n<\/ul>","protected":false},"featured_media":5880,"comment_status":"open","ping_status":"closed","template":"","meta":{"_acf_changed":false},"product_brand":[],"product_cat":[295,280,281],"product_tag":[],"class_list":{"0":"post-5844","1":"product","2":"type-product","3":"status-publish","4":"has-post-thumbnail","6":"product_cat-huawei","7":"product_cat-smart-phones-tablets","8":"product_cat-smartphones","10":"first","11":"instock","12":"shipping-taxable","13":"purchasable","14":"product-type-simple"},"acf":[],"yoast_head":"<!-- This site is optimized with the Yoast SEO plugin v27.2 - https:\/\/yoast.com\/product\/yoast-seo-wordpress\/ -->\n<title>Huawei Honor 20 8Go + 256Go 4G - Novak Market<\/title>\n<meta name=\"robots\" content=\"index, follow, max-snippet:-1, max-image-preview:large, max-video-preview:-1\" \/>\n<link rel=\"canonical\" href=\"https:\/\/novakmarket.com\/es\/producto\/huawei-honor-20-8go-256go-4g\/\" \/>\n<meta property=\"og:locale\" content=\"es_ES\" \/>\n<meta property=\"og:type\" content=\"article\" \/>\n<meta property=\"og:title\" content=\"Huawei Honor 20 8Go + 256Go 4G - Novak Market\" \/>\n<meta property=\"og:description\" content=\"Information g\u00e9n\u00e9rale sur le produit. Marque HUAWEI Nom du produit Huawei Honor 20 8GB + 256GB 4G Smartphone White Ki Cat\u00e9gorie SMARTPHONE\" \/>\n<meta property=\"og:url\" content=\"https:\/\/novakmarket.com\/es\/producto\/huawei-honor-20-8go-256go-4g\/\" \/>\n<meta property=\"og:site_name\" content=\"Novak Market\" \/>\n<meta property=\"article:modified_time\" content=\"2021-11-29T19:15:34+00:00\" \/>\n<meta property=\"og:image\" content=\"https:\/\/novakmarket.com\/wp-content\/uploads\/2021\/11\/a2-1-1-1.jpg\" \/>\n\t<meta property=\"og:image:width\" content=\"700\" \/>\n\t<meta property=\"og:image:height\" content=\"700\" \/>\n\t<meta property=\"og:image:type\" content=\"image\/jpeg\" \/>\n<meta name=\"twitter:card\" content=\"summary_large_image\" \/>\n<script type=\"application\/ld+json\" class=\"yoast-schema-graph\">{\"@context\":\"https:\/\/schema.org\",\"@graph\":[{\"@type\":\"WebPage\",\"@id\":\"https:\/\/novakmarket.com\/produit\/huawei-honor-20-8go-256go-4g\/\",\"url\":\"https:\/\/novakmarket.com\/produit\/huawei-honor-20-8go-256go-4g\/\",\"name\":\"Huawei Honor 20 8Go + 256Go 4G - Novak Market\",\"isPartOf\":{\"@id\":\"https:\/\/novakmarket.com\/#website\"},\"primaryImageOfPage\":{\"@id\":\"https:\/\/novakmarket.com\/produit\/huawei-honor-20-8go-256go-4g\/#primaryimage\"},\"image\":{\"@id\":\"https:\/\/novakmarket.com\/produit\/huawei-honor-20-8go-256go-4g\/#primaryimage\"},\"thumbnailUrl\":\"https:\/\/novakmarket.com\/wp-content\/uploads\/2021\/11\/a2-1-1-1.jpg\",\"datePublished\":\"2021-11-29T19:15:19+00:00\",\"dateModified\":\"2021-11-29T19:15:34+00:00\",\"breadcrumb\":{\"@id\":\"https:\/\/novakmarket.com\/produit\/huawei-honor-20-8go-256go-4g\/#breadcrumb\"},\"inLanguage\":\"es\",\"potentialAction\":[{\"@type\":\"ReadAction\",\"target\":[\"https:\/\/novakmarket.com\/produit\/huawei-honor-20-8go-256go-4g\/\"]}]},{\"@type\":\"ImageObject\",\"inLanguage\":\"es\",\"@id\":\"https:\/\/novakmarket.com\/produit\/huawei-honor-20-8go-256go-4g\/#primaryimage\",\"url\":\"https:\/\/novakmarket.com\/wp-content\/uploads\/2021\/11\/a2-1-1-1.jpg\",\"contentUrl\":\"https:\/\/novakmarket.com\/wp-content\/uploads\/2021\/11\/a2-1-1-1.jpg\",\"width\":700,\"height\":700},{\"@type\":\"BreadcrumbList\",\"@id\":\"https:\/\/novakmarket.com\/produit\/huawei-honor-20-8go-256go-4g\/#breadcrumb\",\"itemListElement\":[{\"@type\":\"ListItem\",\"position\":1,\"name\":\"Accueil\",\"item\":\"https:\/\/novakmarket.com\/\"},{\"@type\":\"ListItem\",\"position\":2,\"name\":\"Boutique\",\"item\":\"https:\/\/novakmarket.com\/shop\/\"},{\"@type\":\"ListItem\",\"position\":3,\"name\":\"Huawei Honor 20 8Go + 256Go 4G\"}]},{\"@type\":\"WebSite\",\"@id\":\"https:\/\/novakmarket.com\/#website\",\"url\":\"https:\/\/novakmarket.com\/\",\"name\":\"Novak Market\",\"description\":\"Vente de produits \u00e9lectroniques.\",\"publisher\":{\"@id\":\"https:\/\/novakmarket.com\/#organization\"},\"potentialAction\":[{\"@type\":\"SearchAction\",\"target\":{\"@type\":\"EntryPoint\",\"urlTemplate\":\"https:\/\/novakmarket.com\/?s={search_term_string}\"},\"query-input\":{\"@type\":\"PropertyValueSpecification\",\"valueRequired\":true,\"valueName\":\"search_term_string\"}}],\"inLanguage\":\"es\"},{\"@type\":\"Organization\",\"@id\":\"https:\/\/novakmarket.com\/#organization\",\"name\":\"Novak Market\",\"url\":\"https:\/\/novakmarket.com\/\",\"logo\":{\"@type\":\"ImageObject\",\"inLanguage\":\"es\",\"@id\":\"https:\/\/novakmarket.com\/#\/schema\/logo\/image\/\",\"url\":\"https:\/\/novakmarket.com\/wp-content\/uploads\/2026\/02\/cropped-footer-pc-removebg-preview.png\",\"contentUrl\":\"https:\/\/novakmarket.com\/wp-content\/uploads\/2026\/02\/cropped-footer-pc-removebg-preview.png\",\"width\":202,\"height\":73,\"caption\":\"Novak Market\"},\"image\":{\"@id\":\"https:\/\/novakmarket.com\/#\/schema\/logo\/image\/\"}}]}<\/script>\n<!-- \/ Yoast SEO plugin. -->","yoast_head_json":{"title":"Huawei Honor 20 8Go + 256Go 4G - Novak Market","robots":{"index":"index","follow":"follow","max-snippet":"max-snippet:-1","max-image-preview":"max-image-preview:large","max-video-preview":"max-video-preview:-1"},"canonical":"https:\/\/novakmarket.com\/es\/producto\/huawei-honor-20-8go-256go-4g\/","og_locale":"es_ES","og_type":"article","og_title":"Huawei Honor 20 8Go + 256Go 4G - Novak Market","og_description":"Information g\u00e9n\u00e9rale sur le produit. Marque HUAWEI Nom du produit Huawei Honor 20 8GB + 256GB 4G Smartphone White Ki Cat\u00e9gorie SMARTPHONE","og_url":"https:\/\/novakmarket.com\/es\/producto\/huawei-honor-20-8go-256go-4g\/","og_site_name":"Novak Market","article_modified_time":"2021-11-29T19:15:34+00:00","og_image":[{"width":700,"height":700,"url":"https:\/\/novakmarket.com\/wp-content\/uploads\/2021\/11\/a2-1-1-1.jpg","type":"image\/jpeg"}],"twitter_card":"summary_large_image","schema":{"@context":"https:\/\/schema.org","@graph":[{"@type":"WebPage","@id":"https:\/\/novakmarket.com\/produit\/huawei-honor-20-8go-256go-4g\/","url":"https:\/\/novakmarket.com\/produit\/huawei-honor-20-8go-256go-4g\/","name":"Huawei Honor 20 8Go + 256Go 4G - Novak Market","isPartOf":{"@id":"https:\/\/novakmarket.com\/#website"},"primaryImageOfPage":{"@id":"https:\/\/novakmarket.com\/produit\/huawei-honor-20-8go-256go-4g\/#primaryimage"},"image":{"@id":"https:\/\/novakmarket.com\/produit\/huawei-honor-20-8go-256go-4g\/#primaryimage"},"thumbnailUrl":"https:\/\/novakmarket.com\/wp-content\/uploads\/2021\/11\/a2-1-1-1.jpg","datePublished":"2021-11-29T19:15:19+00:00","dateModified":"2021-11-29T19:15:34+00:00","breadcrumb":{"@id":"https:\/\/novakmarket.com\/produit\/huawei-honor-20-8go-256go-4g\/#breadcrumb"},"inLanguage":"es","potentialAction":[{"@type":"ReadAction","target":["https:\/\/novakmarket.com\/produit\/huawei-honor-20-8go-256go-4g\/"]}]},{"@type":"ImageObject","inLanguage":"es","@id":"https:\/\/novakmarket.com\/produit\/huawei-honor-20-8go-256go-4g\/#primaryimage","url":"https:\/\/novakmarket.com\/wp-content\/uploads\/2021\/11\/a2-1-1-1.jpg","contentUrl":"https:\/\/novakmarket.com\/wp-content\/uploads\/2021\/11\/a2-1-1-1.jpg","width":700,"height":700},{"@type":"BreadcrumbList","@id":"https:\/\/novakmarket.com\/produit\/huawei-honor-20-8go-256go-4g\/#breadcrumb","itemListElement":[{"@type":"ListItem","position":1,"name":"Accueil","item":"https:\/\/novakmarket.com\/"},{"@type":"ListItem","position":2,"name":"Boutique","item":"https:\/\/novakmarket.com\/shop\/"},{"@type":"ListItem","position":3,"name":"Huawei Honor 20 8Go + 256Go 4G"}]},{"@type":"WebSite","@id":"https:\/\/novakmarket.com\/#website","url":"https:\/\/novakmarket.com\/","name":"Novak Market","description":"Vente de produits \u00e9lectroniques.","publisher":{"@id":"https:\/\/novakmarket.com\/#organization"},"potentialAction":[{"@type":"SearchAction","target":{"@type":"EntryPoint","urlTemplate":"https:\/\/novakmarket.com\/?s={search_term_string}"},"query-input":{"@type":"PropertyValueSpecification","valueRequired":true,"valueName":"search_term_string"}}],"inLanguage":"es"},{"@type":"Organization","@id":"https:\/\/novakmarket.com\/#organization","name":"Novak Market","url":"https:\/\/novakmarket.com\/","logo":{"@type":"ImageObject","inLanguage":"es","@id":"https:\/\/novakmarket.com\/#\/schema\/logo\/image\/","url":"https:\/\/novakmarket.com\/wp-content\/uploads\/2026\/02\/cropped-footer-pc-removebg-preview.png","contentUrl":"https:\/\/novakmarket.com\/wp-content\/uploads\/2026\/02\/cropped-footer-pc-removebg-preview.png","width":202,"height":73,"caption":"Novak Market"},"image":{"@id":"https:\/\/novakmarket.com\/#\/schema\/logo\/image\/"}}]}},"_links":{"self":[{"href":"https:\/\/novakmarket.com\/es\/wp-json\/wp\/v2\/product\/5844","targetHints":{"allow":["GET"]}}],"collection":[{"href":"https:\/\/novakmarket.com\/es\/wp-json\/wp\/v2\/product"}],"about":[{"href":"https:\/\/novakmarket.com\/es\/wp-json\/wp\/v2\/types\/product"}],"replies":[{"embeddable":true,"href":"https:\/\/novakmarket.com\/es\/wp-json\/wp\/v2\/comments?post=5844"}],"wp:featuredmedia":[{"embeddable":true,"href":"https:\/\/novakmarket.com\/es\/wp-json\/wp\/v2\/media\/5880"}],"wp:attachment":[{"href":"https:\/\/novakmarket.com\/es\/wp-json\/wp\/v2\/media?parent=5844"}],"wp:term":[{"taxonomy":"product_brand","embeddable":true,"href":"https:\/\/novakmarket.com\/es\/wp-json\/wp\/v2\/product_brand?post=5844"},{"taxonomy":"product_cat","embeddable":true,"href":"https:\/\/novakmarket.com\/es\/wp-json\/wp\/v2\/product_cat?post=5844"},{"taxonomy":"product_tag","embeddable":true,"href":"https:\/\/novakmarket.com\/es\/wp-json\/wp\/v2\/product_tag?post=5844"}],"curies":[{"name":"wp","href":"https:\/\/api.w.org\/{rel}","templated":true}]}}