{"id":5954,"date":"2021-11-29T20:16:19","date_gmt":"2021-11-29T19:16:19","guid":{"rendered":"https:\/\/bestymarketshop.com\/?post_type=product&#038;p=5954"},"modified":"2021-12-02T13:39:32","modified_gmt":"2021-12-02T12:39:32","slug":"robot-patissier-de-cuisine-multifonction","status":"publish","type":"product","link":"https:\/\/novakmarket.com\/es\/producto\/robot-patissier-de-cuisine-multifonction\/","title":{"rendered":"Robot p\u00e2tissier de cuisine multifonction"},"content":{"rendered":"<p><img loading=\"lazy\" decoding=\"async\" class=\"alignnone size-medium wp-image-8390\" src=\"https:\/\/e-marketshopping.com\/wp-content\/uploads\/2020\/07\/X7-300x300.jpg\" alt=\"\" width=\"300\" height=\"300\" \/><\/p>\n<p>&nbsp;<\/p>\n<p>&nbsp;<\/p>\n<ul>\n<li>M\u00e9langeur, p\u00e9trin, batteur, hachoir, fouet<\/li>\n<li>R\u00e9glages de la vitesse : 6 pr\u00e9s\u00e9lections<\/li>\n<li>Puissance \u00e9lectrique : 1200 Watt<\/li>\n<li>Capacit\u00e9 du bol : 5 litres<\/li>\n<li>Capacit\u00e9 du mixeur : 1.5 litres<\/li>\n<\/ul>","protected":false},"excerpt":{"rendered":"<table class=\"fpDescTb fpDescTbPub\">\n<tbody>\n<tr>\n<td>Nom du produit<\/td>\n<td>Klarstein Lucia Rossa Robot p\u00e2tissier de cuisine m<\/td>\n<\/tr>\n<tr>\n<td>Cat\u00e9gorie<\/td>\n<td>ROBOT DE CUISINE<\/td>\n<\/tr>\n<tr>\n<th colspan=\"2\">G\u00e9n\u00e9ral<\/th>\n<\/tr>\n<tr>\n<td>Type de Produit<\/td>\n<td>Robot p\u00e2tissier<\/td>\n<\/tr>\n<tr>\n<td>Couleur<\/td>\n<td>Rouge<\/td>\n<\/tr>\n<tr>\n<td>Capacit\u00e9 du mixeur<\/td>\n<td>1.5 litres<\/td>\n<\/tr>\n<tr>\n<td>Capacit\u00e9 du bol<\/td>\n<td>5 litres<\/td>\n<\/tr>\n<tr>\n<td>Fonctionnalit\u00e9s<\/td>\n<td>M\u00e9langeur, p\u00e9trin, batteur, hachoir, fouet<\/td>\n<\/tr>\n<tr>\n<td>Nombre de r\u00e9glages de vitesse<\/td>\n<td>6<\/td>\n<\/tr>\n<tr>\n<td>Mat\u00e9riel de bol<\/td>\n<td>Acier inoxydable<\/td>\n<\/tr>\n<tr>\n<th colspan=\"2\">R\u00e9glages, commandes et voyants<\/th>\n<\/tr>\n<tr>\n<td>R\u00e9glages de la vitesse<\/td>\n<td>6 pr\u00e9s\u00e9lections<\/td>\n<\/tr>\n<tr>\n<th colspan=\"2\">Consommation<\/th>\n<\/tr>\n<tr>\n<td>Alimentation<\/td>\n<td>230 &#8211; 240 V \/ 50 &#8211; 60 Hz<\/td>\n<\/tr>\n<tr>\n<td>Puissance \u00e9lectrique<\/td>\n<td>1200 Watt<\/td>\n<\/tr>\n<tr>\n<th colspan=\"2\">Divers<\/th>\n<\/tr>\n<tr>\n<td>Accessoires adaptables<\/td>\n<td>Accessoire \u00e0 p\u00e9trir, accessoire saucisse, agitateur, outils pour p\u00e2tes crues<\/td>\n<\/tr>\n<tr>\n<td>Normes de conformit\u00e9<\/td>\n<td>RoHS 2011\/65\/EU, EMC 2014\/30\/EU, LVD 2014\/35\/EU<\/td>\n<\/tr>\n<\/tbody>\n<\/table>","protected":false},"featured_media":6018,"comment_status":"open","ping_status":"closed","template":"","meta":{"_acf_changed":false},"product_brand":[],"product_cat":[282,297],"product_tag":[],"class_list":{"0":"post-5954","1":"product","2":"type-product","3":"status-publish","4":"has-post-thumbnail","6":"product_cat-appareils-electromenagers","7":"product_cat-cuisson","9":"first","10":"instock","11":"shipping-taxable","12":"purchasable","13":"product-type-simple"},"acf":[],"yoast_head":"<!-- This site is optimized with the Yoast SEO plugin v27.2 - https:\/\/yoast.com\/product\/yoast-seo-wordpress\/ -->\n<title>Robot p\u00e2tissier de cuisine multifonction - Novak Market<\/title>\n<meta name=\"robots\" content=\"index, follow, max-snippet:-1, max-image-preview:large, max-video-preview:-1\" \/>\n<link rel=\"canonical\" href=\"https:\/\/novakmarket.com\/es\/producto\/robot-patissier-de-cuisine-multifonction\/\" \/>\n<meta property=\"og:locale\" content=\"es_ES\" \/>\n<meta property=\"og:type\" content=\"article\" \/>\n<meta property=\"og:title\" content=\"Robot p\u00e2tissier de cuisine multifonction - Novak Market\" \/>\n<meta property=\"og:description\" content=\"Nom du produit Klarstein Lucia Rossa Robot p\u00e2tissier de cuisine m  Cat\u00e9gorie ROBOT DE CUISINE  G\u00e9n\u00e9ral  Type de Produit Robot p\u00e2tissier  Couleur Rouge  Capacit\u00e9 du mixeur 1.5 litres  Capacit\u00e9 du bol 5 litres  Fonctionnalit\u00e9s M\u00e9langeur, p\u00e9trin, batteur, hachoir, fouet  Nombre de r\u00e9glages de vitesse 6  Mat\u00e9riel de bol Acier inoxydable  R\u00e9glages, commandes et voyants  R\u00e9glages de la vitesse 6 pr\u00e9s\u00e9lections  Consommation  Alimentation 230 - 240 V \/ 50 - 60 Hz  Puissance \u00e9lectrique 1200 Watt  Divers  Accessoires adaptables Accessoire \u00e0 p\u00e9trir, accessoire saucisse, agitateur, outils pour p\u00e2tes crues  Normes de conformit\u00e9 RoHS 2011\/65\/EU, EMC 2014\/30\/EU, LVD 2014\/35\/EU\" \/>\n<meta property=\"og:url\" content=\"https:\/\/novakmarket.com\/es\/producto\/robot-patissier-de-cuisine-multifonction\/\" \/>\n<meta property=\"og:site_name\" content=\"Novak Market\" \/>\n<meta property=\"article:modified_time\" content=\"2021-12-02T12:39:32+00:00\" \/>\n<meta property=\"og:image\" content=\"https:\/\/novakmarket.com\/wp-content\/uploads\/2021\/11\/X7.jpg\" \/>\n\t<meta property=\"og:image:width\" content=\"550\" \/>\n\t<meta property=\"og:image:height\" content=\"550\" \/>\n\t<meta property=\"og:image:type\" content=\"image\/jpeg\" \/>\n<meta name=\"twitter:card\" content=\"summary_large_image\" \/>\n<script type=\"application\/ld+json\" class=\"yoast-schema-graph\">{\"@context\":\"https:\/\/schema.org\",\"@graph\":[{\"@type\":\"WebPage\",\"@id\":\"https:\/\/novakmarket.com\/produit\/robot-patissier-de-cuisine-multifonction\/\",\"url\":\"https:\/\/novakmarket.com\/produit\/robot-patissier-de-cuisine-multifonction\/\",\"name\":\"Robot p\u00e2tissier de cuisine multifonction - Novak Market\",\"isPartOf\":{\"@id\":\"https:\/\/novakmarket.com\/#website\"},\"primaryImageOfPage\":{\"@id\":\"https:\/\/novakmarket.com\/produit\/robot-patissier-de-cuisine-multifonction\/#primaryimage\"},\"image\":{\"@id\":\"https:\/\/novakmarket.com\/produit\/robot-patissier-de-cuisine-multifonction\/#primaryimage\"},\"thumbnailUrl\":\"https:\/\/novakmarket.com\/wp-content\/uploads\/2021\/11\/X7.jpg\",\"datePublished\":\"2021-11-29T19:16:19+00:00\",\"dateModified\":\"2021-12-02T12:39:32+00:00\",\"breadcrumb\":{\"@id\":\"https:\/\/novakmarket.com\/produit\/robot-patissier-de-cuisine-multifonction\/#breadcrumb\"},\"inLanguage\":\"es\",\"potentialAction\":[{\"@type\":\"ReadAction\",\"target\":[\"https:\/\/novakmarket.com\/produit\/robot-patissier-de-cuisine-multifonction\/\"]}]},{\"@type\":\"ImageObject\",\"inLanguage\":\"es\",\"@id\":\"https:\/\/novakmarket.com\/produit\/robot-patissier-de-cuisine-multifonction\/#primaryimage\",\"url\":\"https:\/\/novakmarket.com\/wp-content\/uploads\/2021\/11\/X7.jpg\",\"contentUrl\":\"https:\/\/novakmarket.com\/wp-content\/uploads\/2021\/11\/X7.jpg\",\"width\":550,\"height\":550},{\"@type\":\"BreadcrumbList\",\"@id\":\"https:\/\/novakmarket.com\/produit\/robot-patissier-de-cuisine-multifonction\/#breadcrumb\",\"itemListElement\":[{\"@type\":\"ListItem\",\"position\":1,\"name\":\"Accueil\",\"item\":\"https:\/\/novakmarket.com\/\"},{\"@type\":\"ListItem\",\"position\":2,\"name\":\"Boutique\",\"item\":\"https:\/\/novakmarket.com\/shop\/\"},{\"@type\":\"ListItem\",\"position\":3,\"name\":\"Robot p\u00e2tissier de cuisine multifonction\"}]},{\"@type\":\"WebSite\",\"@id\":\"https:\/\/novakmarket.com\/#website\",\"url\":\"https:\/\/novakmarket.com\/\",\"name\":\"Novak Market\",\"description\":\"Vente de produits \u00e9lectroniques.\",\"publisher\":{\"@id\":\"https:\/\/novakmarket.com\/#organization\"},\"potentialAction\":[{\"@type\":\"SearchAction\",\"target\":{\"@type\":\"EntryPoint\",\"urlTemplate\":\"https:\/\/novakmarket.com\/?s={search_term_string}\"},\"query-input\":{\"@type\":\"PropertyValueSpecification\",\"valueRequired\":true,\"valueName\":\"search_term_string\"}}],\"inLanguage\":\"es\"},{\"@type\":\"Organization\",\"@id\":\"https:\/\/novakmarket.com\/#organization\",\"name\":\"Novak Market\",\"url\":\"https:\/\/novakmarket.com\/\",\"logo\":{\"@type\":\"ImageObject\",\"inLanguage\":\"es\",\"@id\":\"https:\/\/novakmarket.com\/#\/schema\/logo\/image\/\",\"url\":\"https:\/\/novakmarket.com\/wp-content\/uploads\/2026\/02\/cropped-footer-pc-removebg-preview.png\",\"contentUrl\":\"https:\/\/novakmarket.com\/wp-content\/uploads\/2026\/02\/cropped-footer-pc-removebg-preview.png\",\"width\":202,\"height\":73,\"caption\":\"Novak Market\"},\"image\":{\"@id\":\"https:\/\/novakmarket.com\/#\/schema\/logo\/image\/\"}}]}<\/script>\n<!-- \/ Yoast SEO plugin. -->","yoast_head_json":{"title":"Robot p\u00e2tissier de cuisine multifonction - Novak Market","robots":{"index":"index","follow":"follow","max-snippet":"max-snippet:-1","max-image-preview":"max-image-preview:large","max-video-preview":"max-video-preview:-1"},"canonical":"https:\/\/novakmarket.com\/es\/producto\/robot-patissier-de-cuisine-multifonction\/","og_locale":"es_ES","og_type":"article","og_title":"Robot p\u00e2tissier de cuisine multifonction - Novak Market","og_description":"Nom du produit Klarstein Lucia Rossa Robot p\u00e2tissier de cuisine m  Cat\u00e9gorie ROBOT DE CUISINE  G\u00e9n\u00e9ral  Type de Produit Robot p\u00e2tissier  Couleur Rouge  Capacit\u00e9 du mixeur 1.5 litres  Capacit\u00e9 du bol 5 litres  Fonctionnalit\u00e9s M\u00e9langeur, p\u00e9trin, batteur, hachoir, fouet  Nombre de r\u00e9glages de vitesse 6  Mat\u00e9riel de bol Acier inoxydable  R\u00e9glages, commandes et voyants  R\u00e9glages de la vitesse 6 pr\u00e9s\u00e9lections  Consommation  Alimentation 230 - 240 V \/ 50 - 60 Hz  Puissance \u00e9lectrique 1200 Watt  Divers  Accessoires adaptables Accessoire \u00e0 p\u00e9trir, accessoire saucisse, agitateur, outils pour p\u00e2tes crues  Normes de conformit\u00e9 RoHS 2011\/65\/EU, EMC 2014\/30\/EU, LVD 2014\/35\/EU","og_url":"https:\/\/novakmarket.com\/es\/producto\/robot-patissier-de-cuisine-multifonction\/","og_site_name":"Novak Market","article_modified_time":"2021-12-02T12:39:32+00:00","og_image":[{"width":550,"height":550,"url":"https:\/\/novakmarket.com\/wp-content\/uploads\/2021\/11\/X7.jpg","type":"image\/jpeg"}],"twitter_card":"summary_large_image","schema":{"@context":"https:\/\/schema.org","@graph":[{"@type":"WebPage","@id":"https:\/\/novakmarket.com\/produit\/robot-patissier-de-cuisine-multifonction\/","url":"https:\/\/novakmarket.com\/produit\/robot-patissier-de-cuisine-multifonction\/","name":"Robot p\u00e2tissier de cuisine multifonction - Novak Market","isPartOf":{"@id":"https:\/\/novakmarket.com\/#website"},"primaryImageOfPage":{"@id":"https:\/\/novakmarket.com\/produit\/robot-patissier-de-cuisine-multifonction\/#primaryimage"},"image":{"@id":"https:\/\/novakmarket.com\/produit\/robot-patissier-de-cuisine-multifonction\/#primaryimage"},"thumbnailUrl":"https:\/\/novakmarket.com\/wp-content\/uploads\/2021\/11\/X7.jpg","datePublished":"2021-11-29T19:16:19+00:00","dateModified":"2021-12-02T12:39:32+00:00","breadcrumb":{"@id":"https:\/\/novakmarket.com\/produit\/robot-patissier-de-cuisine-multifonction\/#breadcrumb"},"inLanguage":"es","potentialAction":[{"@type":"ReadAction","target":["https:\/\/novakmarket.com\/produit\/robot-patissier-de-cuisine-multifonction\/"]}]},{"@type":"ImageObject","inLanguage":"es","@id":"https:\/\/novakmarket.com\/produit\/robot-patissier-de-cuisine-multifonction\/#primaryimage","url":"https:\/\/novakmarket.com\/wp-content\/uploads\/2021\/11\/X7.jpg","contentUrl":"https:\/\/novakmarket.com\/wp-content\/uploads\/2021\/11\/X7.jpg","width":550,"height":550},{"@type":"BreadcrumbList","@id":"https:\/\/novakmarket.com\/produit\/robot-patissier-de-cuisine-multifonction\/#breadcrumb","itemListElement":[{"@type":"ListItem","position":1,"name":"Accueil","item":"https:\/\/novakmarket.com\/"},{"@type":"ListItem","position":2,"name":"Boutique","item":"https:\/\/novakmarket.com\/shop\/"},{"@type":"ListItem","position":3,"name":"Robot p\u00e2tissier de cuisine multifonction"}]},{"@type":"WebSite","@id":"https:\/\/novakmarket.com\/#website","url":"https:\/\/novakmarket.com\/","name":"Novak Market","description":"Vente de produits \u00e9lectroniques.","publisher":{"@id":"https:\/\/novakmarket.com\/#organization"},"potentialAction":[{"@type":"SearchAction","target":{"@type":"EntryPoint","urlTemplate":"https:\/\/novakmarket.com\/?s={search_term_string}"},"query-input":{"@type":"PropertyValueSpecification","valueRequired":true,"valueName":"search_term_string"}}],"inLanguage":"es"},{"@type":"Organization","@id":"https:\/\/novakmarket.com\/#organization","name":"Novak Market","url":"https:\/\/novakmarket.com\/","logo":{"@type":"ImageObject","inLanguage":"es","@id":"https:\/\/novakmarket.com\/#\/schema\/logo\/image\/","url":"https:\/\/novakmarket.com\/wp-content\/uploads\/2026\/02\/cropped-footer-pc-removebg-preview.png","contentUrl":"https:\/\/novakmarket.com\/wp-content\/uploads\/2026\/02\/cropped-footer-pc-removebg-preview.png","width":202,"height":73,"caption":"Novak Market"},"image":{"@id":"https:\/\/novakmarket.com\/#\/schema\/logo\/image\/"}}]}},"_links":{"self":[{"href":"https:\/\/novakmarket.com\/es\/wp-json\/wp\/v2\/product\/5954","targetHints":{"allow":["GET"]}}],"collection":[{"href":"https:\/\/novakmarket.com\/es\/wp-json\/wp\/v2\/product"}],"about":[{"href":"https:\/\/novakmarket.com\/es\/wp-json\/wp\/v2\/types\/product"}],"replies":[{"embeddable":true,"href":"https:\/\/novakmarket.com\/es\/wp-json\/wp\/v2\/comments?post=5954"}],"wp:featuredmedia":[{"embeddable":true,"href":"https:\/\/novakmarket.com\/es\/wp-json\/wp\/v2\/media\/6018"}],"wp:attachment":[{"href":"https:\/\/novakmarket.com\/es\/wp-json\/wp\/v2\/media?parent=5954"}],"wp:term":[{"taxonomy":"product_brand","embeddable":true,"href":"https:\/\/novakmarket.com\/es\/wp-json\/wp\/v2\/product_brand?post=5954"},{"taxonomy":"product_cat","embeddable":true,"href":"https:\/\/novakmarket.com\/es\/wp-json\/wp\/v2\/product_cat?post=5954"},{"taxonomy":"product_tag","embeddable":true,"href":"https:\/\/novakmarket.com\/es\/wp-json\/wp\/v2\/product_tag?post=5954"}],"curies":[{"name":"wp","href":"https:\/\/api.w.org\/{rel}","templated":true}]}}