{"id":6061,"date":"2021-11-29T20:17:16","date_gmt":"2021-11-29T19:17:16","guid":{"rendered":"https:\/\/bestymarketshop.com\/?post_type=product&#038;p=6061"},"modified":"2021-11-29T20:17:29","modified_gmt":"2021-11-29T19:17:29","slug":"apple-macbook-pro-13-core-i5","status":"publish","type":"product","link":"https:\/\/novakmarket.com\/es\/producto\/apple-macbook-pro-13-core-i5\/","title":{"rendered":"Apple MacBook Pro 13&#8243; &#8211; Core i5"},"content":{"rendered":"<p><img loading=\"lazy\" decoding=\"async\" class=\"alignnone size-medium wp-image-5573\" src=\"https:\/\/electroshoptonic.com\/wp-content\/uploads\/2020\/03\/Y44-300x300.jpg\" alt=\"\" width=\"300\" height=\"300\" \/><br \/>\nPoints forts :<br \/>\nProcesseur: Intel Core i5 (7e g\u00e9n\u00e9ration) 2,3 GHz<br \/>\nRAM: 8 Go (la m\u00e9moire fournie est soud\u00e9e)<br \/>\nR\u00e9solution: 2560 x 1600 (WQXGA)<br \/>\nCaract\u00e9ristiques: large gamme de couleurs<br \/>\nStockage principal: SSD 256 Go &#8211; PCIe (soud\u00e9)<br \/>\nProcesseur graphique: Intel Iris Plus Graphics 640<br \/>\nAutonomie: jusqu&#8217;\u00e0 10 heures<br \/>\nGarantie (\u00b2): 1 an &#8211; pi\u00e8ces, main d&#8217;oeuvre et d\u00e9placements<br \/>\nSyst\u00e8me d&#8217;exploitation: Apple macOS Catalina 10.15<br \/>\nPoids: 1,37 kg<\/p>","protected":false},"excerpt":{"rendered":"<p>Points forts :<br \/>\nProcesseur: Intel Core i5 (7e g\u00e9n\u00e9ration) 2,3 GHz<br \/>\nRAM: 8 Go (la m\u00e9moire fournie est soud\u00e9e)<br \/>\nR\u00e9solution: 2560 x 1600 (WQXGA)<br \/>\nCaract\u00e9ristiques: large gamme de couleurs<br \/>\nStockage principal: SSD 256 Go &#8211; PCIe (soud\u00e9)<br \/>\nProcesseur graphique: Intel Iris Plus Graphics 640<br \/>\nAutonomie: jusqu&#8217;\u00e0 10 heures<br \/>\nGarantie (\u00b2): 1 an &#8211; pi\u00e8ces, main d&#8217;oeuvre et d\u00e9placements<br \/>\nSyst\u00e8me d&#8217;exploitation: Apple macOS Catalina 10.15<br \/>\nPoids: 1,37 kg<\/p>","protected":false},"featured_media":6086,"comment_status":"open","ping_status":"closed","template":"","meta":{"_acf_changed":false},"product_brand":[],"product_cat":[301],"product_tag":[],"class_list":{"0":"post-6061","1":"product","2":"type-product","3":"status-publish","4":"has-post-thumbnail","6":"product_cat-orrdinateurs-apple","8":"first","9":"instock","10":"shipping-taxable","11":"purchasable","12":"product-type-simple"},"acf":[],"yoast_head":"<!-- This site is optimized with the Yoast SEO plugin v27.2 - https:\/\/yoast.com\/product\/yoast-seo-wordpress\/ -->\n<title>Apple MacBook Pro 13&quot; - Core i5 - Novak Market<\/title>\n<meta name=\"robots\" content=\"index, follow, max-snippet:-1, max-image-preview:large, max-video-preview:-1\" \/>\n<link rel=\"canonical\" href=\"https:\/\/novakmarket.com\/es\/producto\/apple-macbook-pro-13-core-i5\/\" \/>\n<meta property=\"og:locale\" content=\"es_ES\" \/>\n<meta property=\"og:type\" content=\"article\" \/>\n<meta property=\"og:title\" content=\"Apple MacBook Pro 13&quot; - Core i5 - Novak Market\" \/>\n<meta property=\"og:description\" content=\"Points forts : Processeur: Intel Core i5 (7e g\u00e9n\u00e9ration) 2,3 GHz RAM: 8 Go (la m\u00e9moire fournie est soud\u00e9e) R\u00e9solution: 2560 x 1600 (WQXGA) Caract\u00e9ristiques: large gamme de couleurs Stockage principal: SSD 256 Go - PCIe (soud\u00e9) Processeur graphique: Intel Iris Plus Graphics 640 Autonomie: jusqu&#039;\u00e0 10 heures Garantie (\u00b2): 1 an - pi\u00e8ces, main d&#039;oeuvre et d\u00e9placements Syst\u00e8me d&#039;exploitation: Apple macOS Catalina 10.15 Poids: 1,37 kg\" \/>\n<meta property=\"og:url\" content=\"https:\/\/novakmarket.com\/es\/producto\/apple-macbook-pro-13-core-i5\/\" \/>\n<meta property=\"og:site_name\" content=\"Novak Market\" \/>\n<meta property=\"article:modified_time\" content=\"2021-11-29T19:17:29+00:00\" \/>\n<meta property=\"og:image\" content=\"https:\/\/novakmarket.com\/wp-content\/uploads\/2021\/11\/Y44.jpg\" \/>\n\t<meta property=\"og:image:width\" content=\"700\" \/>\n\t<meta property=\"og:image:height\" content=\"700\" \/>\n\t<meta property=\"og:image:type\" content=\"image\/jpeg\" \/>\n<meta name=\"twitter:card\" content=\"summary_large_image\" \/>\n<script type=\"application\/ld+json\" class=\"yoast-schema-graph\">{\"@context\":\"https:\/\/schema.org\",\"@graph\":[{\"@type\":\"WebPage\",\"@id\":\"https:\/\/novakmarket.com\/produit\/apple-macbook-pro-13-core-i5\/\",\"url\":\"https:\/\/novakmarket.com\/produit\/apple-macbook-pro-13-core-i5\/\",\"name\":\"Apple MacBook Pro 13\\\" - Core i5 - Novak Market\",\"isPartOf\":{\"@id\":\"https:\/\/novakmarket.com\/#website\"},\"primaryImageOfPage\":{\"@id\":\"https:\/\/novakmarket.com\/produit\/apple-macbook-pro-13-core-i5\/#primaryimage\"},\"image\":{\"@id\":\"https:\/\/novakmarket.com\/produit\/apple-macbook-pro-13-core-i5\/#primaryimage\"},\"thumbnailUrl\":\"https:\/\/novakmarket.com\/wp-content\/uploads\/2021\/11\/Y44.jpg\",\"datePublished\":\"2021-11-29T19:17:16+00:00\",\"dateModified\":\"2021-11-29T19:17:29+00:00\",\"breadcrumb\":{\"@id\":\"https:\/\/novakmarket.com\/produit\/apple-macbook-pro-13-core-i5\/#breadcrumb\"},\"inLanguage\":\"es\",\"potentialAction\":[{\"@type\":\"ReadAction\",\"target\":[\"https:\/\/novakmarket.com\/produit\/apple-macbook-pro-13-core-i5\/\"]}]},{\"@type\":\"ImageObject\",\"inLanguage\":\"es\",\"@id\":\"https:\/\/novakmarket.com\/produit\/apple-macbook-pro-13-core-i5\/#primaryimage\",\"url\":\"https:\/\/novakmarket.com\/wp-content\/uploads\/2021\/11\/Y44.jpg\",\"contentUrl\":\"https:\/\/novakmarket.com\/wp-content\/uploads\/2021\/11\/Y44.jpg\",\"width\":700,\"height\":700},{\"@type\":\"BreadcrumbList\",\"@id\":\"https:\/\/novakmarket.com\/produit\/apple-macbook-pro-13-core-i5\/#breadcrumb\",\"itemListElement\":[{\"@type\":\"ListItem\",\"position\":1,\"name\":\"Accueil\",\"item\":\"https:\/\/novakmarket.com\/\"},{\"@type\":\"ListItem\",\"position\":2,\"name\":\"Boutique\",\"item\":\"https:\/\/novakmarket.com\/shop\/\"},{\"@type\":\"ListItem\",\"position\":3,\"name\":\"Apple MacBook Pro 13&#8243; &#8211; Core i5\"}]},{\"@type\":\"WebSite\",\"@id\":\"https:\/\/novakmarket.com\/#website\",\"url\":\"https:\/\/novakmarket.com\/\",\"name\":\"Novak Market\",\"description\":\"Vente de produits \u00e9lectroniques.\",\"publisher\":{\"@id\":\"https:\/\/novakmarket.com\/#organization\"},\"potentialAction\":[{\"@type\":\"SearchAction\",\"target\":{\"@type\":\"EntryPoint\",\"urlTemplate\":\"https:\/\/novakmarket.com\/?s={search_term_string}\"},\"query-input\":{\"@type\":\"PropertyValueSpecification\",\"valueRequired\":true,\"valueName\":\"search_term_string\"}}],\"inLanguage\":\"es\"},{\"@type\":\"Organization\",\"@id\":\"https:\/\/novakmarket.com\/#organization\",\"name\":\"Novak Market\",\"url\":\"https:\/\/novakmarket.com\/\",\"logo\":{\"@type\":\"ImageObject\",\"inLanguage\":\"es\",\"@id\":\"https:\/\/novakmarket.com\/#\/schema\/logo\/image\/\",\"url\":\"https:\/\/novakmarket.com\/wp-content\/uploads\/2026\/02\/cropped-footer-pc-removebg-preview.png\",\"contentUrl\":\"https:\/\/novakmarket.com\/wp-content\/uploads\/2026\/02\/cropped-footer-pc-removebg-preview.png\",\"width\":202,\"height\":73,\"caption\":\"Novak Market\"},\"image\":{\"@id\":\"https:\/\/novakmarket.com\/#\/schema\/logo\/image\/\"}}]}<\/script>\n<!-- \/ Yoast SEO plugin. -->","yoast_head_json":{"title":"Apple MacBook Pro 13\" - Core i5 - Novak Market","robots":{"index":"index","follow":"follow","max-snippet":"max-snippet:-1","max-image-preview":"max-image-preview:large","max-video-preview":"max-video-preview:-1"},"canonical":"https:\/\/novakmarket.com\/es\/producto\/apple-macbook-pro-13-core-i5\/","og_locale":"es_ES","og_type":"article","og_title":"Apple MacBook Pro 13\" - Core i5 - Novak Market","og_description":"Points forts : Processeur: Intel Core i5 (7e g\u00e9n\u00e9ration) 2,3 GHz RAM: 8 Go (la m\u00e9moire fournie est soud\u00e9e) R\u00e9solution: 2560 x 1600 (WQXGA) Caract\u00e9ristiques: large gamme de couleurs Stockage principal: SSD 256 Go - PCIe (soud\u00e9) Processeur graphique: Intel Iris Plus Graphics 640 Autonomie: jusqu'\u00e0 10 heures Garantie (\u00b2): 1 an - pi\u00e8ces, main d'oeuvre et d\u00e9placements Syst\u00e8me d'exploitation: Apple macOS Catalina 10.15 Poids: 1,37 kg","og_url":"https:\/\/novakmarket.com\/es\/producto\/apple-macbook-pro-13-core-i5\/","og_site_name":"Novak Market","article_modified_time":"2021-11-29T19:17:29+00:00","og_image":[{"width":700,"height":700,"url":"https:\/\/novakmarket.com\/wp-content\/uploads\/2021\/11\/Y44.jpg","type":"image\/jpeg"}],"twitter_card":"summary_large_image","schema":{"@context":"https:\/\/schema.org","@graph":[{"@type":"WebPage","@id":"https:\/\/novakmarket.com\/produit\/apple-macbook-pro-13-core-i5\/","url":"https:\/\/novakmarket.com\/produit\/apple-macbook-pro-13-core-i5\/","name":"Apple MacBook Pro 13\" - Core i5 - Novak Market","isPartOf":{"@id":"https:\/\/novakmarket.com\/#website"},"primaryImageOfPage":{"@id":"https:\/\/novakmarket.com\/produit\/apple-macbook-pro-13-core-i5\/#primaryimage"},"image":{"@id":"https:\/\/novakmarket.com\/produit\/apple-macbook-pro-13-core-i5\/#primaryimage"},"thumbnailUrl":"https:\/\/novakmarket.com\/wp-content\/uploads\/2021\/11\/Y44.jpg","datePublished":"2021-11-29T19:17:16+00:00","dateModified":"2021-11-29T19:17:29+00:00","breadcrumb":{"@id":"https:\/\/novakmarket.com\/produit\/apple-macbook-pro-13-core-i5\/#breadcrumb"},"inLanguage":"es","potentialAction":[{"@type":"ReadAction","target":["https:\/\/novakmarket.com\/produit\/apple-macbook-pro-13-core-i5\/"]}]},{"@type":"ImageObject","inLanguage":"es","@id":"https:\/\/novakmarket.com\/produit\/apple-macbook-pro-13-core-i5\/#primaryimage","url":"https:\/\/novakmarket.com\/wp-content\/uploads\/2021\/11\/Y44.jpg","contentUrl":"https:\/\/novakmarket.com\/wp-content\/uploads\/2021\/11\/Y44.jpg","width":700,"height":700},{"@type":"BreadcrumbList","@id":"https:\/\/novakmarket.com\/produit\/apple-macbook-pro-13-core-i5\/#breadcrumb","itemListElement":[{"@type":"ListItem","position":1,"name":"Accueil","item":"https:\/\/novakmarket.com\/"},{"@type":"ListItem","position":2,"name":"Boutique","item":"https:\/\/novakmarket.com\/shop\/"},{"@type":"ListItem","position":3,"name":"Apple MacBook Pro 13&#8243; &#8211; Core i5"}]},{"@type":"WebSite","@id":"https:\/\/novakmarket.com\/#website","url":"https:\/\/novakmarket.com\/","name":"Novak Market","description":"Vente de produits \u00e9lectroniques.","publisher":{"@id":"https:\/\/novakmarket.com\/#organization"},"potentialAction":[{"@type":"SearchAction","target":{"@type":"EntryPoint","urlTemplate":"https:\/\/novakmarket.com\/?s={search_term_string}"},"query-input":{"@type":"PropertyValueSpecification","valueRequired":true,"valueName":"search_term_string"}}],"inLanguage":"es"},{"@type":"Organization","@id":"https:\/\/novakmarket.com\/#organization","name":"Novak Market","url":"https:\/\/novakmarket.com\/","logo":{"@type":"ImageObject","inLanguage":"es","@id":"https:\/\/novakmarket.com\/#\/schema\/logo\/image\/","url":"https:\/\/novakmarket.com\/wp-content\/uploads\/2026\/02\/cropped-footer-pc-removebg-preview.png","contentUrl":"https:\/\/novakmarket.com\/wp-content\/uploads\/2026\/02\/cropped-footer-pc-removebg-preview.png","width":202,"height":73,"caption":"Novak Market"},"image":{"@id":"https:\/\/novakmarket.com\/#\/schema\/logo\/image\/"}}]}},"_links":{"self":[{"href":"https:\/\/novakmarket.com\/es\/wp-json\/wp\/v2\/product\/6061","targetHints":{"allow":["GET"]}}],"collection":[{"href":"https:\/\/novakmarket.com\/es\/wp-json\/wp\/v2\/product"}],"about":[{"href":"https:\/\/novakmarket.com\/es\/wp-json\/wp\/v2\/types\/product"}],"replies":[{"embeddable":true,"href":"https:\/\/novakmarket.com\/es\/wp-json\/wp\/v2\/comments?post=6061"}],"wp:featuredmedia":[{"embeddable":true,"href":"https:\/\/novakmarket.com\/es\/wp-json\/wp\/v2\/media\/6086"}],"wp:attachment":[{"href":"https:\/\/novakmarket.com\/es\/wp-json\/wp\/v2\/media?parent=6061"}],"wp:term":[{"taxonomy":"product_brand","embeddable":true,"href":"https:\/\/novakmarket.com\/es\/wp-json\/wp\/v2\/product_brand?post=6061"},{"taxonomy":"product_cat","embeddable":true,"href":"https:\/\/novakmarket.com\/es\/wp-json\/wp\/v2\/product_cat?post=6061"},{"taxonomy":"product_tag","embeddable":true,"href":"https:\/\/novakmarket.com\/es\/wp-json\/wp\/v2\/product_tag?post=6061"}],"curies":[{"name":"wp","href":"https:\/\/api.w.org\/{rel}","templated":true}]}}