{"id":6259,"date":"2021-11-29T20:19:10","date_gmt":"2021-11-29T19:19:10","guid":{"rendered":"https:\/\/bestymarketshop.com\/?post_type=product&#038;p=6259"},"modified":"2021-11-29T20:19:23","modified_gmt":"2021-11-29T19:19:23","slug":"apple-macbook-pro-13","status":"publish","type":"product","link":"https:\/\/novakmarket.com\/es\/producto\/apple-macbook-pro-13\/","title":{"rendered":"Apple MacBook Pro 13&#8243;"},"content":{"rendered":"<p><img loading=\"lazy\" decoding=\"async\" class=\"alignnone size-medium wp-image-9085\" src=\"https:\/\/e-marketshopping.com\/wp-content\/uploads\/2020\/07\/T3-300x300.jpg\" alt=\"\" width=\"300\" height=\"300\" \/><\/p>","protected":false},"excerpt":{"rendered":"<table class=\"fpDescTb fpDescTbPub\">\n<tbody>\n<tr>\n<td>Nom du produit<\/td>\n<td>Apple MacBook Pro 13&#8243; MD102LL\/A Occasion &#8211; Comme<\/td>\n<\/tr>\n<tr>\n<td>Cat\u00e9gorie<\/td>\n<td>PC RECONDITIONN\u00c9<\/td>\n<\/tr>\n<tr>\n<th colspan=\"2\">Informations sur le produit<\/th>\n<\/tr>\n<tr>\n<td>Usage<\/td>\n<td>Polyvalent &amp; Multim\u00e9dia<\/td>\n<\/tr>\n<tr>\n<th colspan=\"2\">G\u00e9n\u00e9ral<\/th>\n<\/tr>\n<tr>\n<td>Syst\u00e8me d&#8217;exploitation<\/td>\n<td>Apple OS X 10.8 Mountain Lion<\/td>\n<\/tr>\n<tr>\n<td>Type de Produit<\/td>\n<td>Ordinateur portable<\/td>\n<\/tr>\n<tr>\n<th colspan=\"2\">Affichage<\/th>\n<\/tr>\n<tr>\n<td>Type<\/td>\n<td>13.3&#8243;<\/td>\n<\/tr>\n<tr>\n<td>Technologie de r\u00e9tro\u00e9clairage LCD<\/td>\n<td>R\u00e9tro\u00e9clairage par LED<\/td>\n<\/tr>\n<tr>\n<td>R\u00e9solution<\/td>\n<td>1280 x 800 (WXGA)<\/td>\n<\/tr>\n<tr>\n<td>Fonctions<\/td>\n<td>Brillant<\/td>\n<\/tr>\n<tr>\n<td>Grand \u00e9cran<\/td>\n<td>Oui<\/td>\n<\/tr>\n<tr>\n<td>Format de l&#8217;image<\/td>\n<td>16:10<\/td>\n<\/tr>\n<tr>\n<th colspan=\"2\">Stockage<\/th>\n<\/tr>\n<tr>\n<td>Lecteur optique<\/td>\n<td>DVD\u00b1RW (\u00b1R DL) fixe<\/td>\n<\/tr>\n<tr>\n<td>Stockage principal<\/td>\n<td>750 Go HDD SATA 3Gb\/s \/ 5400 tours\/min<\/td>\n<\/tr>\n<tr>\n<th colspan=\"2\">M\u00e9moire<\/th>\n<\/tr>\n<tr>\n<td>RAM<\/td>\n<td>8 Go (2 x 4 Go)<\/td>\n<\/tr>\n<tr>\n<td>Technologie<\/td>\n<td>DDR3 SDRAM<\/td>\n<\/tr>\n<tr>\n<td>Vitesse<\/td>\n<td>1600 MHz \/ PC3-12800<\/td>\n<\/tr>\n<tr>\n<td>RAM max prise en charge<\/td>\n<td>8 Go<\/td>\n<\/tr>\n<tr>\n<td>Format<\/td>\n<td>SO DIMM 204 broches<\/td>\n<\/tr>\n<tr>\n<td>Vitesse nominale<\/td>\n<td>1600 MHz<\/td>\n<\/tr>\n<tr>\n<td>Nombre d&#8217;emplacements<\/td>\n<td>2<\/td>\n<\/tr>\n<tr>\n<td>Emplacements m\u00e9moire libre<\/td>\n<td>0<\/td>\n<\/tr>\n<tr>\n<th colspan=\"2\">Audio &amp; vid\u00e9o<\/th>\n<\/tr>\n<tr>\n<td>Processeur graphique<\/td>\n<td>Intel HD Graphics 4000<\/td>\n<\/tr>\n<tr>\n<td>Technologie d&#8217;allocation de m\u00e9moire<\/td>\n<td>Technologie de m\u00e9moire visuelle dynamique 5.0 (DVMT)<\/td>\n<\/tr>\n<tr>\n<td>Cam\u00e9ra<\/td>\n<td>Oui<\/td>\n<\/tr>\n<tr>\n<td>Son<\/td>\n<td>Haut-parleurs st\u00e9r\u00e9o, subwoofer, microphone<\/td>\n<\/tr>\n<tr>\n<td>R\u00e9solutions vid\u00e9o<\/td>\n<td>1280 x 720<\/td>\n<\/tr>\n<tr>\n<th colspan=\"2\">Communications<\/th>\n<\/tr>\n<tr>\n<td>Sans fil<\/td>\n<td>802.11a\/b\/g\/n, Bluetooth 4.0<\/td>\n<\/tr>\n<tr>\n<td>Interface r\u00e9seau<\/td>\n<td>Gigabit Ethernet<\/td>\n<\/tr>\n<tr>\n<th colspan=\"2\">Connexions &amp; extension<\/th>\n<\/tr>\n<tr>\n<td>Lecteur de carte m\u00e9moire<\/td>\n<td>Oui (carte SD, carte SDHC, carte SDXC)<\/td>\n<\/tr>\n<tr>\n<td>Interfaces<\/td>\n<td>LAN<br \/>\nFireWire 800<br \/>\n2 x USB 3.0<br \/>\nThunderbolt<br \/>\nPrise combo casque\/microphone<\/td>\n<\/tr>\n<tr>\n<th colspan=\"2\">Logiciels<\/th>\n<\/tr>\n<tr>\n<td>Logiciel(s) inclus<\/td>\n<td>Pilotes de p\u00e9riph\u00e9rique et utilitaires, Apple QuickTime, Apple iTunes, Apple Mac OS X Mail, Apple iCal, Apple iLife, Apple Address Book, Apple Safari, Apple Spotlight, Photo Booth, Apple Quick Look, Apple Time Machine, Apple Mac App Store, Apple FaceTime, Apple Launchpad, Apple Mission Control, Apple AirDrop, Apple Resume, Apple Auto Save, Apple Versions<\/td>\n<\/tr>\n<tr>\n<th colspan=\"2\">Entr\u00e9e<\/th>\n<\/tr>\n<tr>\n<td>Type<\/td>\n<td>Clavier, trackpad<\/td>\n<\/tr>\n<tr>\n<td>Caract\u00e9ristiques<\/td>\n<td>Pav\u00e9 tactile multi-touches, d\u00e9tecteur de lumi\u00e8re ambiante<\/td>\n<\/tr>\n<tr>\n<td>Disposition du clavier<\/td>\n<td>Anglais<\/td>\n<\/tr>\n<tr>\n<td>R\u00e9tro\u00e9clairage du clavier<\/td>\n<td>Oui<\/td>\n<\/tr>\n<tr>\n<th colspan=\"2\">Batterie<\/th>\n<\/tr>\n<tr>\n<td>Technologie<\/td>\n<td>Lithium-polym\u00e8re<\/td>\n<\/tr>\n<tr>\n<td>Capacit\u00e9<\/td>\n<td>63.5 Wh<\/td>\n<\/tr>\n<tr>\n<td>Dur\u00e9e de fonctionnement<\/td>\n<td>Jusqu&#8217;\u00e0 7 heures<\/td>\n<\/tr>\n<tr>\n<th colspan=\"2\">Divers<\/th>\n<\/tr>\n<tr>\n<td>Localisation<\/td>\n<td>Langue : anglais<\/td>\n<\/tr>\n<tr>\n<td>Protection antivol\/anti-intrusion<\/td>\n<td>Fente de verrouillage de s\u00e9curit\u00e9 (c\u00e2ble de verrouillage vendu s\u00e9par\u00e9ment)<\/td>\n<\/tr>\n<tr>\n<td>Mati\u00e8re du boitier<\/td>\n<td>Aluminium<\/td>\n<\/tr>\n<tr>\n<td>Type de logement de s\u00e9curit\u00e9<\/td>\n<td>Serrure de s\u00e9curit\u00e9 Kensington<\/td>\n<\/tr>\n<tr>\n<th colspan=\"2\">Dimensions et poids<\/th>\n<\/tr>\n<tr>\n<td>Poids<\/td>\n<td>2.06 kg<\/td>\n<\/tr>\n<tr>\n<td>Dimensions (LxPxH)<\/td>\n<td>32.5 cm x 22.7 cm x 2.41 cm<\/td>\n<\/tr>\n<tr>\n<th colspan=\"2\">Normes environnementales<\/th>\n<\/tr>\n<tr>\n<td>Compatible EPEAT<\/td>\n<td>EPEAT Gold<\/td>\n<\/tr>\n<tr>\n<td>Certifi\u00e9 ENERGY STAR<\/td>\n<td>Oui<\/td>\n<\/tr>\n<tr>\n<th colspan=\"2\">Garantie du fabricant<\/th>\n<\/tr>\n<tr>\n<td>Service et maintenance<\/td>\n<td>Garantie limit\u00e9e &#8211; 1 an<br \/>\nSupport technique &#8211; support t\u00e9l\u00e9phonique &#8211; 90 jours<\/td>\n<\/tr>\n<tr>\n<th colspan=\"2\">Adaptateur CA<\/th>\n<\/tr>\n<tr>\n<td>Entr\u00e9e<\/td>\n<td>CA 120\/230 V (50\/60 Hz)<\/td>\n<\/tr>\n<tr>\n<td>Sortie<\/td>\n<td>60 Watt<\/td>\n<\/tr>\n<tr>\n<th colspan=\"2\">Caract\u00e9ristiques d\u2019environnement<\/th>\n<\/tr>\n<tr>\n<td>Taux d&#8217;humidit\u00e9 en fonctionnement<\/td>\n<td>0 &#8211; 90 % (sans condensation)<\/td>\n<\/tr>\n<tr>\n<td>Temp\u00e9rature minimale de fonctionnement<\/td>\n<td>10 \u00b0C<\/td>\n<\/tr>\n<tr>\n<td>Temp\u00e9rature maximale de fonctionnement<\/td>\n<td>35 \u00b0C<\/td>\n<\/tr>\n<tr>\n<th colspan=\"2\">Attributs de recherche<\/th>\n<\/tr>\n<tr>\n<td>Stockage optique|Type de lecteur<\/td>\n<td>Graveur DVD double couche<\/td>\n<\/tr>\n<tr>\n<th colspan=\"2\">Processeur \/ Chipset<\/th>\n<\/tr>\n<tr>\n<td>Cache<\/td>\n<td>L3 &#8211; 4 Mo<\/td>\n<\/tr>\n<tr>\n<td>CPU<\/td>\n<td>Intel Core i7 2.9 GHz<\/td>\n<\/tr>\n<tr>\n<td>Fonctions<\/td>\n<td>Technologie Hyper-Threading, contr\u00f4leur de m\u00e9moire int\u00e9gr\u00e9, technologie Intel Turbo Boost\u00a02.0<\/td>\n<\/tr>\n<tr>\n<td>Nombre de coeurs<\/td>\n<td>Double coeur<\/td>\n<\/tr>\n<tr>\n<td>Technologie 64 bits<\/td>\n<td>Oui<\/td>\n<\/tr>\n<tr>\n<td>Vitesse maximale en mode Turbo<\/td>\n<td>3.6 GHz<\/td>\n<\/tr>\n<\/tbody>\n<\/table>","protected":false},"featured_media":6291,"comment_status":"open","ping_status":"closed","template":"","meta":{"_acf_changed":false},"product_brand":[],"product_cat":[301],"product_tag":[],"class_list":{"0":"post-6259","1":"product","2":"type-product","3":"status-publish","4":"has-post-thumbnail","6":"product_cat-orrdinateurs-apple","8":"first","9":"instock","10":"shipping-taxable","11":"purchasable","12":"product-type-simple"},"acf":[],"yoast_head":"<!-- This site is optimized with the Yoast SEO plugin v27.2 - https:\/\/yoast.com\/product\/yoast-seo-wordpress\/ -->\n<title>Apple MacBook Pro 13&quot; - Novak Market<\/title>\n<meta name=\"robots\" content=\"index, follow, max-snippet:-1, max-image-preview:large, max-video-preview:-1\" \/>\n<link rel=\"canonical\" href=\"https:\/\/novakmarket.com\/es\/producto\/apple-macbook-pro-13\/\" \/>\n<meta property=\"og:locale\" content=\"es_ES\" \/>\n<meta property=\"og:type\" content=\"article\" \/>\n<meta property=\"og:title\" content=\"Apple MacBook Pro 13&quot; - Novak Market\" \/>\n<meta property=\"og:description\" content=\"Nom du produit Apple MacBook Pro 13&quot; MD102LL\/A Occasion - Comme  Cat\u00e9gorie PC RECONDITIONN\u00c9  Informations sur le produit  Usage Polyvalent &amp; Multim\u00e9dia  G\u00e9n\u00e9ral  Syst\u00e8me d&#039;exploitation Apple OS X 10.8 Mountain Lion  Type de Produit Ordinateur portable  Affichage  Type 13.3&quot;  Technologie de r\u00e9tro\u00e9clairage LCD R\u00e9tro\u00e9clairage par LED  R\u00e9solution 1280 x 800 (WXGA)  Fonctions Brillant  Grand \u00e9cran Oui  Format de l&#039;image 16:10  Stockage  Lecteur optique DVD\u00b1RW (\u00b1R DL) fixe  Stockage principal 750 Go HDD SATA 3Gb\/s \/ 5400 tours\/min  M\u00e9moire  RAM 8 Go (2 x 4 Go)  Technologie DDR3 SDRAM  Vitesse 1600 MHz \/ PC3-12800  RAM max prise en charge 8 Go  Format SO DIMM 204 broches  Vitesse nominale 1600 MHz  Nombre d&#039;emplacements 2  Emplacements m\u00e9moire libre 0  Audio &amp; vid\u00e9o  Processeur graphique Intel HD Graphics 4000  Technologie d&#039;allocation de m\u00e9moire Technologie de m\u00e9moire visuelle dynamique 5.0 (DVMT)  Cam\u00e9ra Oui  Son Haut-parleurs st\u00e9r\u00e9o, subwoofer, microphone  R\u00e9solutions vid\u00e9o 1280 x 720  Communications  Sans fil 802.11a\/b\/g\/n, Bluetooth 4.0  Interface r\u00e9seau Gigabit Ethernet  Connexions &amp; extension  Lecteur de carte m\u00e9moire Oui (carte SD, carte SDHC, carte SDXC)  Interfaces LAN FireWire 800 2 x USB 3.0 Thunderbolt Prise combo casque\/microphone  Logiciels  Logiciel(s) inclus Pilotes de p\u00e9riph\u00e9rique et utilitaires, Apple QuickTime, Apple iTunes, Apple Mac OS X Mail, Apple iCal, Apple iLife, Apple Address Book, Apple Safari, Apple Spotlight, Photo Booth, Apple Quick Look, Apple Time Machine, Apple Mac App Store, Apple FaceTime, Apple Launchpad, Apple Mission Control, Apple AirDrop, Apple Resume, Apple Auto Save, Apple Versions  Entr\u00e9e  Type Clavier, trackpad  Caract\u00e9ristiques Pav\u00e9 tactile multi-touches, d\u00e9tecteur de lumi\u00e8re ambiante  Disposition du clavier Anglais  R\u00e9tro\u00e9clairage du clavier Oui  Batterie  Technologie Lithium-polym\u00e8re  Capacit\u00e9 63.5 Wh  Dur\u00e9e de fonctionnement Jusqu&#039;\u00e0 7 heures  Divers  Localisation Langue : anglais  Protection antivol\/anti-intrusion Fente de verrouillage de s\u00e9curit\u00e9 (c\u00e2ble de verrouillage vendu s\u00e9par\u00e9ment)  Mati\u00e8re du boitier Aluminium  Type de logement de s\u00e9curit\u00e9 Serrure de s\u00e9curit\u00e9 Kensington  Dimensions et poids  Poids 2.06 kg  Dimensions (LxPxH) 32.5 cm x 22.7 cm x 2.41 cm  Normes environnementales  Compatible EPEAT EPEAT Gold  Certifi\u00e9 ENERGY STAR Oui  Garantie du fabricant  Service et maintenance Garantie limit\u00e9e - 1 an Support technique - support t\u00e9l\u00e9phonique - 90 jours  Adaptateur CA  Entr\u00e9e CA 120\/230 V (50\/60 Hz)  Sortie 60 Watt  Caract\u00e9ristiques d\u2019environnement  Taux d&#039;humidit\u00e9 en fonctionnement 0 - 90 % (sans condensation)  Temp\u00e9rature minimale de fonctionnement 10 \u00b0C  Temp\u00e9rature maximale de fonctionnement 35 \u00b0C  Attributs de recherche  Stockage optique|Type de lecteur Graveur DVD double couche  Processeur \/ Chipset  Cache L3 - 4 Mo  CPU Intel Core i7 2.9 GHz  Fonctions Technologie Hyper-Threading, contr\u00f4leur de m\u00e9moire int\u00e9gr\u00e9, technologie Intel Turbo Boost\u00a02.0  Nombre de coeurs Double coeur  Technologie 64 bits Oui  Vitesse maximale en mode Turbo 3.6 GHz\" \/>\n<meta property=\"og:url\" content=\"https:\/\/novakmarket.com\/es\/producto\/apple-macbook-pro-13\/\" \/>\n<meta property=\"og:site_name\" content=\"Novak Market\" \/>\n<meta property=\"article:modified_time\" content=\"2021-11-29T19:19:23+00:00\" \/>\n<meta property=\"og:image\" content=\"https:\/\/novakmarket.com\/wp-content\/uploads\/2021\/11\/T3.jpg\" \/>\n\t<meta property=\"og:image:width\" content=\"550\" \/>\n\t<meta property=\"og:image:height\" content=\"550\" \/>\n\t<meta property=\"og:image:type\" content=\"image\/jpeg\" \/>\n<meta name=\"twitter:card\" content=\"summary_large_image\" \/>\n<script type=\"application\/ld+json\" class=\"yoast-schema-graph\">{\"@context\":\"https:\/\/schema.org\",\"@graph\":[{\"@type\":\"WebPage\",\"@id\":\"https:\/\/novakmarket.com\/produit\/apple-macbook-pro-13\/\",\"url\":\"https:\/\/novakmarket.com\/produit\/apple-macbook-pro-13\/\",\"name\":\"Apple MacBook Pro 13\\\" - Novak Market\",\"isPartOf\":{\"@id\":\"https:\/\/novakmarket.com\/#website\"},\"primaryImageOfPage\":{\"@id\":\"https:\/\/novakmarket.com\/produit\/apple-macbook-pro-13\/#primaryimage\"},\"image\":{\"@id\":\"https:\/\/novakmarket.com\/produit\/apple-macbook-pro-13\/#primaryimage\"},\"thumbnailUrl\":\"https:\/\/novakmarket.com\/wp-content\/uploads\/2021\/11\/T3.jpg\",\"datePublished\":\"2021-11-29T19:19:10+00:00\",\"dateModified\":\"2021-11-29T19:19:23+00:00\",\"breadcrumb\":{\"@id\":\"https:\/\/novakmarket.com\/produit\/apple-macbook-pro-13\/#breadcrumb\"},\"inLanguage\":\"es\",\"potentialAction\":[{\"@type\":\"ReadAction\",\"target\":[\"https:\/\/novakmarket.com\/produit\/apple-macbook-pro-13\/\"]}]},{\"@type\":\"ImageObject\",\"inLanguage\":\"es\",\"@id\":\"https:\/\/novakmarket.com\/produit\/apple-macbook-pro-13\/#primaryimage\",\"url\":\"https:\/\/novakmarket.com\/wp-content\/uploads\/2021\/11\/T3.jpg\",\"contentUrl\":\"https:\/\/novakmarket.com\/wp-content\/uploads\/2021\/11\/T3.jpg\",\"width\":550,\"height\":550},{\"@type\":\"BreadcrumbList\",\"@id\":\"https:\/\/novakmarket.com\/produit\/apple-macbook-pro-13\/#breadcrumb\",\"itemListElement\":[{\"@type\":\"ListItem\",\"position\":1,\"name\":\"Accueil\",\"item\":\"https:\/\/novakmarket.com\/\"},{\"@type\":\"ListItem\",\"position\":2,\"name\":\"Boutique\",\"item\":\"https:\/\/novakmarket.com\/shop\/\"},{\"@type\":\"ListItem\",\"position\":3,\"name\":\"Apple MacBook Pro 13&#8243;\"}]},{\"@type\":\"WebSite\",\"@id\":\"https:\/\/novakmarket.com\/#website\",\"url\":\"https:\/\/novakmarket.com\/\",\"name\":\"Novak Market\",\"description\":\"Vente de produits \u00e9lectroniques.\",\"publisher\":{\"@id\":\"https:\/\/novakmarket.com\/#organization\"},\"potentialAction\":[{\"@type\":\"SearchAction\",\"target\":{\"@type\":\"EntryPoint\",\"urlTemplate\":\"https:\/\/novakmarket.com\/?s={search_term_string}\"},\"query-input\":{\"@type\":\"PropertyValueSpecification\",\"valueRequired\":true,\"valueName\":\"search_term_string\"}}],\"inLanguage\":\"es\"},{\"@type\":\"Organization\",\"@id\":\"https:\/\/novakmarket.com\/#organization\",\"name\":\"Novak Market\",\"url\":\"https:\/\/novakmarket.com\/\",\"logo\":{\"@type\":\"ImageObject\",\"inLanguage\":\"es\",\"@id\":\"https:\/\/novakmarket.com\/#\/schema\/logo\/image\/\",\"url\":\"https:\/\/novakmarket.com\/wp-content\/uploads\/2026\/02\/cropped-footer-pc-removebg-preview.png\",\"contentUrl\":\"https:\/\/novakmarket.com\/wp-content\/uploads\/2026\/02\/cropped-footer-pc-removebg-preview.png\",\"width\":202,\"height\":73,\"caption\":\"Novak Market\"},\"image\":{\"@id\":\"https:\/\/novakmarket.com\/#\/schema\/logo\/image\/\"}}]}<\/script>\n<!-- \/ Yoast SEO plugin. -->","yoast_head_json":{"title":"Apple MacBook Pro 13\" - Novak Market","robots":{"index":"index","follow":"follow","max-snippet":"max-snippet:-1","max-image-preview":"max-image-preview:large","max-video-preview":"max-video-preview:-1"},"canonical":"https:\/\/novakmarket.com\/es\/producto\/apple-macbook-pro-13\/","og_locale":"es_ES","og_type":"article","og_title":"Apple MacBook Pro 13\" - Novak Market","og_description":"Nom du produit Apple MacBook Pro 13\" MD102LL\/A Occasion - Comme  Cat\u00e9gorie PC RECONDITIONN\u00c9  Informations sur le produit  Usage Polyvalent &amp; Multim\u00e9dia  G\u00e9n\u00e9ral  Syst\u00e8me d'exploitation Apple OS X 10.8 Mountain Lion  Type de Produit Ordinateur portable  Affichage  Type 13.3\"  Technologie de r\u00e9tro\u00e9clairage LCD R\u00e9tro\u00e9clairage par LED  R\u00e9solution 1280 x 800 (WXGA)  Fonctions Brillant  Grand \u00e9cran Oui  Format de l'image 16:10  Stockage  Lecteur optique DVD\u00b1RW (\u00b1R DL) fixe  Stockage principal 750 Go HDD SATA 3Gb\/s \/ 5400 tours\/min  M\u00e9moire  RAM 8 Go (2 x 4 Go)  Technologie DDR3 SDRAM  Vitesse 1600 MHz \/ PC3-12800  RAM max prise en charge 8 Go  Format SO DIMM 204 broches  Vitesse nominale 1600 MHz  Nombre d'emplacements 2  Emplacements m\u00e9moire libre 0  Audio &amp; vid\u00e9o  Processeur graphique Intel HD Graphics 4000  Technologie d'allocation de m\u00e9moire Technologie de m\u00e9moire visuelle dynamique 5.0 (DVMT)  Cam\u00e9ra Oui  Son Haut-parleurs st\u00e9r\u00e9o, subwoofer, microphone  R\u00e9solutions vid\u00e9o 1280 x 720  Communications  Sans fil 802.11a\/b\/g\/n, Bluetooth 4.0  Interface r\u00e9seau Gigabit Ethernet  Connexions &amp; extension  Lecteur de carte m\u00e9moire Oui (carte SD, carte SDHC, carte SDXC)  Interfaces LAN FireWire 800 2 x USB 3.0 Thunderbolt Prise combo casque\/microphone  Logiciels  Logiciel(s) inclus Pilotes de p\u00e9riph\u00e9rique et utilitaires, Apple QuickTime, Apple iTunes, Apple Mac OS X Mail, Apple iCal, Apple iLife, Apple Address Book, Apple Safari, Apple Spotlight, Photo Booth, Apple Quick Look, Apple Time Machine, Apple Mac App Store, Apple FaceTime, Apple Launchpad, Apple Mission Control, Apple AirDrop, Apple Resume, Apple Auto Save, Apple Versions  Entr\u00e9e  Type Clavier, trackpad  Caract\u00e9ristiques Pav\u00e9 tactile multi-touches, d\u00e9tecteur de lumi\u00e8re ambiante  Disposition du clavier Anglais  R\u00e9tro\u00e9clairage du clavier Oui  Batterie  Technologie Lithium-polym\u00e8re  Capacit\u00e9 63.5 Wh  Dur\u00e9e de fonctionnement Jusqu'\u00e0 7 heures  Divers  Localisation Langue : anglais  Protection antivol\/anti-intrusion Fente de verrouillage de s\u00e9curit\u00e9 (c\u00e2ble de verrouillage vendu s\u00e9par\u00e9ment)  Mati\u00e8re du boitier Aluminium  Type de logement de s\u00e9curit\u00e9 Serrure de s\u00e9curit\u00e9 Kensington  Dimensions et poids  Poids 2.06 kg  Dimensions (LxPxH) 32.5 cm x 22.7 cm x 2.41 cm  Normes environnementales  Compatible EPEAT EPEAT Gold  Certifi\u00e9 ENERGY STAR Oui  Garantie du fabricant  Service et maintenance Garantie limit\u00e9e - 1 an Support technique - support t\u00e9l\u00e9phonique - 90 jours  Adaptateur CA  Entr\u00e9e CA 120\/230 V (50\/60 Hz)  Sortie 60 Watt  Caract\u00e9ristiques d\u2019environnement  Taux d'humidit\u00e9 en fonctionnement 0 - 90 % (sans condensation)  Temp\u00e9rature minimale de fonctionnement 10 \u00b0C  Temp\u00e9rature maximale de fonctionnement 35 \u00b0C  Attributs de recherche  Stockage optique|Type de lecteur Graveur DVD double couche  Processeur \/ Chipset  Cache L3 - 4 Mo  CPU Intel Core i7 2.9 GHz  Fonctions Technologie Hyper-Threading, contr\u00f4leur de m\u00e9moire int\u00e9gr\u00e9, technologie Intel Turbo Boost\u00a02.0  Nombre de coeurs Double coeur  Technologie 64 bits Oui  Vitesse maximale en mode Turbo 3.6 GHz","og_url":"https:\/\/novakmarket.com\/es\/producto\/apple-macbook-pro-13\/","og_site_name":"Novak Market","article_modified_time":"2021-11-29T19:19:23+00:00","og_image":[{"width":550,"height":550,"url":"https:\/\/novakmarket.com\/wp-content\/uploads\/2021\/11\/T3.jpg","type":"image\/jpeg"}],"twitter_card":"summary_large_image","schema":{"@context":"https:\/\/schema.org","@graph":[{"@type":"WebPage","@id":"https:\/\/novakmarket.com\/produit\/apple-macbook-pro-13\/","url":"https:\/\/novakmarket.com\/produit\/apple-macbook-pro-13\/","name":"Apple MacBook Pro 13\" - Novak Market","isPartOf":{"@id":"https:\/\/novakmarket.com\/#website"},"primaryImageOfPage":{"@id":"https:\/\/novakmarket.com\/produit\/apple-macbook-pro-13\/#primaryimage"},"image":{"@id":"https:\/\/novakmarket.com\/produit\/apple-macbook-pro-13\/#primaryimage"},"thumbnailUrl":"https:\/\/novakmarket.com\/wp-content\/uploads\/2021\/11\/T3.jpg","datePublished":"2021-11-29T19:19:10+00:00","dateModified":"2021-11-29T19:19:23+00:00","breadcrumb":{"@id":"https:\/\/novakmarket.com\/produit\/apple-macbook-pro-13\/#breadcrumb"},"inLanguage":"es","potentialAction":[{"@type":"ReadAction","target":["https:\/\/novakmarket.com\/produit\/apple-macbook-pro-13\/"]}]},{"@type":"ImageObject","inLanguage":"es","@id":"https:\/\/novakmarket.com\/produit\/apple-macbook-pro-13\/#primaryimage","url":"https:\/\/novakmarket.com\/wp-content\/uploads\/2021\/11\/T3.jpg","contentUrl":"https:\/\/novakmarket.com\/wp-content\/uploads\/2021\/11\/T3.jpg","width":550,"height":550},{"@type":"BreadcrumbList","@id":"https:\/\/novakmarket.com\/produit\/apple-macbook-pro-13\/#breadcrumb","itemListElement":[{"@type":"ListItem","position":1,"name":"Accueil","item":"https:\/\/novakmarket.com\/"},{"@type":"ListItem","position":2,"name":"Boutique","item":"https:\/\/novakmarket.com\/shop\/"},{"@type":"ListItem","position":3,"name":"Apple MacBook Pro 13&#8243;"}]},{"@type":"WebSite","@id":"https:\/\/novakmarket.com\/#website","url":"https:\/\/novakmarket.com\/","name":"Novak Market","description":"Vente de produits \u00e9lectroniques.","publisher":{"@id":"https:\/\/novakmarket.com\/#organization"},"potentialAction":[{"@type":"SearchAction","target":{"@type":"EntryPoint","urlTemplate":"https:\/\/novakmarket.com\/?s={search_term_string}"},"query-input":{"@type":"PropertyValueSpecification","valueRequired":true,"valueName":"search_term_string"}}],"inLanguage":"es"},{"@type":"Organization","@id":"https:\/\/novakmarket.com\/#organization","name":"Novak Market","url":"https:\/\/novakmarket.com\/","logo":{"@type":"ImageObject","inLanguage":"es","@id":"https:\/\/novakmarket.com\/#\/schema\/logo\/image\/","url":"https:\/\/novakmarket.com\/wp-content\/uploads\/2026\/02\/cropped-footer-pc-removebg-preview.png","contentUrl":"https:\/\/novakmarket.com\/wp-content\/uploads\/2026\/02\/cropped-footer-pc-removebg-preview.png","width":202,"height":73,"caption":"Novak Market"},"image":{"@id":"https:\/\/novakmarket.com\/#\/schema\/logo\/image\/"}}]}},"_links":{"self":[{"href":"https:\/\/novakmarket.com\/es\/wp-json\/wp\/v2\/product\/6259","targetHints":{"allow":["GET"]}}],"collection":[{"href":"https:\/\/novakmarket.com\/es\/wp-json\/wp\/v2\/product"}],"about":[{"href":"https:\/\/novakmarket.com\/es\/wp-json\/wp\/v2\/types\/product"}],"replies":[{"embeddable":true,"href":"https:\/\/novakmarket.com\/es\/wp-json\/wp\/v2\/comments?post=6259"}],"wp:featuredmedia":[{"embeddable":true,"href":"https:\/\/novakmarket.com\/es\/wp-json\/wp\/v2\/media\/6291"}],"wp:attachment":[{"href":"https:\/\/novakmarket.com\/es\/wp-json\/wp\/v2\/media?parent=6259"}],"wp:term":[{"taxonomy":"product_brand","embeddable":true,"href":"https:\/\/novakmarket.com\/es\/wp-json\/wp\/v2\/product_brand?post=6259"},{"taxonomy":"product_cat","embeddable":true,"href":"https:\/\/novakmarket.com\/es\/wp-json\/wp\/v2\/product_cat?post=6259"},{"taxonomy":"product_tag","embeddable":true,"href":"https:\/\/novakmarket.com\/es\/wp-json\/wp\/v2\/product_tag?post=6259"}],"curies":[{"name":"wp","href":"https:\/\/api.w.org\/{rel}","templated":true}]}}