{"id":6318,"date":"2021-11-29T20:19:38","date_gmt":"2021-11-29T19:19:38","guid":{"rendered":"https:\/\/bestymarketshop.com\/?post_type=product&#038;p=6318"},"modified":"2021-11-29T20:19:52","modified_gmt":"2021-11-29T19:19:52","slug":"pc-portable-gamer-lenovo-173fhd","status":"publish","type":"product","link":"https:\/\/novakmarket.com\/es\/producto\/pc-portable-gamer-lenovo-173fhd\/","title":{"rendered":"PC Portable Gamer &#8211; LENOVO &#8211; 17,3&#8221;FHD"},"content":{"rendered":"<p><img loading=\"lazy\" decoding=\"async\" class=\"alignnone size-medium wp-image-9142\" src=\"https:\/\/e-marketshopping.com\/wp-content\/uploads\/2020\/07\/E4-1-300x300.jpg\" alt=\"\" width=\"300\" height=\"300\" \/><\/p>","protected":false},"excerpt":{"rendered":"<table class=\"fpDescTb fpDescTbPub\">\n<tbody>\n<tr>\n<td>Nom du produit<\/td>\n<td>PC Portable Gamer &#8211; LENOVO Legion Y540-17IRH &#8211; 17,<\/td>\n<\/tr>\n<tr>\n<td>Cat\u00e9gorie<\/td>\n<td>ORDINATEUR PORTABLE<\/td>\n<\/tr>\n<tr>\n<th colspan=\"2\">G\u00e9n\u00e9ral<\/th>\n<\/tr>\n<tr>\n<td>Syst\u00e8me d&#8217;exploitation<\/td>\n<td>Windows 10 Edition Familiale 64 bits &#8211; fran\u00e7ais<\/td>\n<\/tr>\n<tr>\n<td>Type de Produit<\/td>\n<td>Ordinateur portable<\/td>\n<\/tr>\n<tr>\n<th colspan=\"2\">Affichage<\/th>\n<\/tr>\n<tr>\n<td>Type<\/td>\n<td>17.3&#8243; &#8211; IPS<\/td>\n<\/tr>\n<tr>\n<td>Technologie de r\u00e9tro\u00e9clairage LCD<\/td>\n<td>R\u00e9tro\u00e9clairage par LED<\/td>\n<\/tr>\n<tr>\n<td>R\u00e9solution<\/td>\n<td>1920 x 1080 (Full HD)<\/td>\n<\/tr>\n<tr>\n<td>Fonctions<\/td>\n<td>Anti-\u00e9blouissement, gamme de couleurs \u00e9tendue de 72 %, taux de rafraichissement de 60 Hz<\/td>\n<\/tr>\n<tr>\n<td>Grand \u00e9cran<\/td>\n<td>Oui<\/td>\n<\/tr>\n<tr>\n<td>Format de l&#8217;image<\/td>\n<td>16:9<\/td>\n<\/tr>\n<tr>\n<td>Luminosit\u00e9 de l&#8217;image<\/td>\n<td>300 cd\/m\u00b2<\/td>\n<\/tr>\n<tr>\n<th colspan=\"2\">Stockage<\/th>\n<\/tr>\n<tr>\n<td>Stockage principal<\/td>\n<td>512 Go SSD &#8211; (M.2 2242) PCIe 3.0 x2 &#8211; NVM Express (NVMe)<\/td>\n<\/tr>\n<tr>\n<th colspan=\"2\">M\u00e9moire<\/th>\n<\/tr>\n<tr>\n<td>RAM<\/td>\n<td>16 Go (2 x 8 Go)<\/td>\n<\/tr>\n<tr>\n<td>Technologie<\/td>\n<td>DDR4 SDRAM<\/td>\n<\/tr>\n<tr>\n<td>Vitesse<\/td>\n<td>2666 MHz<\/td>\n<\/tr>\n<tr>\n<td>RAM max prise en charge<\/td>\n<td>32 Go<\/td>\n<\/tr>\n<tr>\n<td>Format<\/td>\n<td>SO DIMM 260 broches<\/td>\n<\/tr>\n<tr>\n<td>Vitesse nominale<\/td>\n<td>2666 MHz<\/td>\n<\/tr>\n<tr>\n<td>Nombre d&#8217;emplacements<\/td>\n<td>2<\/td>\n<\/tr>\n<tr>\n<td>Emplacements m\u00e9moire libre<\/td>\n<td>0<\/td>\n<\/tr>\n<tr>\n<th colspan=\"2\">Audio &amp; vid\u00e9o<\/th>\n<\/tr>\n<tr>\n<td>Processeur graphique<\/td>\n<td>NVIDIA GeForce RTX 2060<\/td>\n<\/tr>\n<tr>\n<td>Codec<\/td>\n<td>Realtek ALC3287<\/td>\n<\/tr>\n<tr>\n<td>Cam\u00e9ra<\/td>\n<td>Oui &#8211; 720p<\/td>\n<\/tr>\n<tr>\n<td>R\u00e9solution<\/td>\n<td>1 M\u00e9gapixel<\/td>\n<\/tr>\n<tr>\n<td>Son<\/td>\n<td>Haut-parleurs st\u00e9r\u00e9o, double tableau de microphone<\/td>\n<\/tr>\n<tr>\n<td>Caract\u00e9ristiques audio<\/td>\n<td>Technologie audio Harman<\/td>\n<\/tr>\n<tr>\n<td>Normes de conformit\u00e9<\/td>\n<td>Audio haute d\u00e9finition, Dolby Atmos Gaming<\/td>\n<\/tr>\n<tr>\n<td>Pr\u00eat pour la r\u00e9alit\u00e9 virtuelle<\/td>\n<td>Oui<\/td>\n<\/tr>\n<tr>\n<td>M\u00e9moire vid\u00e9o<\/td>\n<td>6 Go GDDR6 SDRAM<\/td>\n<\/tr>\n<tr>\n<th colspan=\"2\">Communications<\/th>\n<\/tr>\n<tr>\n<td>Sans fil<\/td>\n<td>802.11a\/b\/g\/n\/ac, Bluetooth 4.2<\/td>\n<\/tr>\n<tr>\n<td>Interface r\u00e9seau<\/td>\n<td>Gigabit Ethernet<\/td>\n<\/tr>\n<tr>\n<td>Contr\u00f4leur sans fil<\/td>\n<td>M.2 Card<\/td>\n<\/tr>\n<tr>\n<td>Fonctions<\/td>\n<td>Double flux (2 x 2)<\/td>\n<\/tr>\n<\/tbody>\n<\/table>","protected":false},"featured_media":6350,"comment_status":"open","ping_status":"closed","template":"","meta":{"_acf_changed":false},"product_brand":[],"product_cat":[304],"product_tag":[],"class_list":{"0":"post-6318","1":"product","2":"type-product","3":"status-publish","4":"has-post-thumbnail","6":"product_cat-lenovo","8":"first","9":"instock","10":"shipping-taxable","11":"purchasable","12":"product-type-simple"},"acf":[],"yoast_head":"<!-- This site is optimized with the Yoast SEO plugin v27.2 - https:\/\/yoast.com\/product\/yoast-seo-wordpress\/ -->\n<title>PC Portable Gamer - LENOVO - 17,3&#039;&#039;FHD - Novak Market<\/title>\n<meta name=\"robots\" content=\"index, follow, max-snippet:-1, max-image-preview:large, max-video-preview:-1\" \/>\n<link rel=\"canonical\" href=\"https:\/\/novakmarket.com\/es\/producto\/pc-portable-gamer-lenovo-173fhd\/\" \/>\n<meta property=\"og:locale\" content=\"es_ES\" \/>\n<meta property=\"og:type\" content=\"article\" \/>\n<meta property=\"og:title\" content=\"PC Portable Gamer - LENOVO - 17,3&#039;&#039;FHD - Novak Market\" \/>\n<meta property=\"og:description\" content=\"Nom du produit PC Portable Gamer - LENOVO Legion Y540-17IRH - 17,  Cat\u00e9gorie ORDINATEUR PORTABLE  G\u00e9n\u00e9ral  Syst\u00e8me d&#039;exploitation Windows 10 Edition Familiale 64 bits - fran\u00e7ais  Type de Produit Ordinateur portable  Affichage  Type 17.3&quot; - IPS  Technologie de r\u00e9tro\u00e9clairage LCD R\u00e9tro\u00e9clairage par LED  R\u00e9solution 1920 x 1080 (Full HD)  Fonctions Anti-\u00e9blouissement, gamme de couleurs \u00e9tendue de 72 %, taux de rafraichissement de 60 Hz  Grand \u00e9cran Oui  Format de l&#039;image 16:9  Luminosit\u00e9 de l&#039;image 300 cd\/m\u00b2  Stockage  Stockage principal 512 Go SSD - (M.2 2242) PCIe 3.0 x2 - NVM Express (NVMe)  M\u00e9moire  RAM 16 Go (2 x 8 Go)  Technologie DDR4 SDRAM  Vitesse 2666 MHz  RAM max prise en charge 32 Go  Format SO DIMM 260 broches  Vitesse nominale 2666 MHz  Nombre d&#039;emplacements 2  Emplacements m\u00e9moire libre 0  Audio &amp; vid\u00e9o  Processeur graphique NVIDIA GeForce RTX 2060  Codec Realtek ALC3287  Cam\u00e9ra Oui - 720p  R\u00e9solution 1 M\u00e9gapixel  Son Haut-parleurs st\u00e9r\u00e9o, double tableau de microphone  Caract\u00e9ristiques audio Technologie audio Harman  Normes de conformit\u00e9 Audio haute d\u00e9finition, Dolby Atmos Gaming  Pr\u00eat pour la r\u00e9alit\u00e9 virtuelle Oui  M\u00e9moire vid\u00e9o 6 Go GDDR6 SDRAM  Communications  Sans fil 802.11a\/b\/g\/n\/ac, Bluetooth 4.2  Interface r\u00e9seau Gigabit Ethernet  Contr\u00f4leur sans fil M.2 Card  Fonctions Double flux (2 x 2)\" \/>\n<meta property=\"og:url\" content=\"https:\/\/novakmarket.com\/es\/producto\/pc-portable-gamer-lenovo-173fhd\/\" \/>\n<meta property=\"og:site_name\" content=\"Novak Market\" \/>\n<meta property=\"article:modified_time\" content=\"2021-11-29T19:19:52+00:00\" \/>\n<meta property=\"og:image\" content=\"https:\/\/novakmarket.com\/wp-content\/uploads\/2021\/11\/E4-1.jpg\" \/>\n\t<meta property=\"og:image:width\" content=\"700\" \/>\n\t<meta property=\"og:image:height\" content=\"700\" \/>\n\t<meta property=\"og:image:type\" content=\"image\/jpeg\" \/>\n<meta name=\"twitter:card\" content=\"summary_large_image\" \/>\n<script type=\"application\/ld+json\" class=\"yoast-schema-graph\">{\"@context\":\"https:\/\/schema.org\",\"@graph\":[{\"@type\":\"WebPage\",\"@id\":\"https:\/\/novakmarket.com\/produit\/pc-portable-gamer-lenovo-173fhd\/\",\"url\":\"https:\/\/novakmarket.com\/produit\/pc-portable-gamer-lenovo-173fhd\/\",\"name\":\"PC Portable Gamer - LENOVO - 17,3''FHD - Novak Market\",\"isPartOf\":{\"@id\":\"https:\/\/novakmarket.com\/#website\"},\"primaryImageOfPage\":{\"@id\":\"https:\/\/novakmarket.com\/produit\/pc-portable-gamer-lenovo-173fhd\/#primaryimage\"},\"image\":{\"@id\":\"https:\/\/novakmarket.com\/produit\/pc-portable-gamer-lenovo-173fhd\/#primaryimage\"},\"thumbnailUrl\":\"https:\/\/novakmarket.com\/wp-content\/uploads\/2021\/11\/E4-1.jpg\",\"datePublished\":\"2021-11-29T19:19:38+00:00\",\"dateModified\":\"2021-11-29T19:19:52+00:00\",\"breadcrumb\":{\"@id\":\"https:\/\/novakmarket.com\/produit\/pc-portable-gamer-lenovo-173fhd\/#breadcrumb\"},\"inLanguage\":\"es\",\"potentialAction\":[{\"@type\":\"ReadAction\",\"target\":[\"https:\/\/novakmarket.com\/produit\/pc-portable-gamer-lenovo-173fhd\/\"]}]},{\"@type\":\"ImageObject\",\"inLanguage\":\"es\",\"@id\":\"https:\/\/novakmarket.com\/produit\/pc-portable-gamer-lenovo-173fhd\/#primaryimage\",\"url\":\"https:\/\/novakmarket.com\/wp-content\/uploads\/2021\/11\/E4-1.jpg\",\"contentUrl\":\"https:\/\/novakmarket.com\/wp-content\/uploads\/2021\/11\/E4-1.jpg\",\"width\":700,\"height\":700},{\"@type\":\"BreadcrumbList\",\"@id\":\"https:\/\/novakmarket.com\/produit\/pc-portable-gamer-lenovo-173fhd\/#breadcrumb\",\"itemListElement\":[{\"@type\":\"ListItem\",\"position\":1,\"name\":\"Accueil\",\"item\":\"https:\/\/novakmarket.com\/\"},{\"@type\":\"ListItem\",\"position\":2,\"name\":\"Boutique\",\"item\":\"https:\/\/novakmarket.com\/shop\/\"},{\"@type\":\"ListItem\",\"position\":3,\"name\":\"PC Portable Gamer &#8211; LENOVO &#8211; 17,3&#8221;FHD\"}]},{\"@type\":\"WebSite\",\"@id\":\"https:\/\/novakmarket.com\/#website\",\"url\":\"https:\/\/novakmarket.com\/\",\"name\":\"Novak Market\",\"description\":\"Vente de produits \u00e9lectroniques.\",\"publisher\":{\"@id\":\"https:\/\/novakmarket.com\/#organization\"},\"potentialAction\":[{\"@type\":\"SearchAction\",\"target\":{\"@type\":\"EntryPoint\",\"urlTemplate\":\"https:\/\/novakmarket.com\/?s={search_term_string}\"},\"query-input\":{\"@type\":\"PropertyValueSpecification\",\"valueRequired\":true,\"valueName\":\"search_term_string\"}}],\"inLanguage\":\"es\"},{\"@type\":\"Organization\",\"@id\":\"https:\/\/novakmarket.com\/#organization\",\"name\":\"Novak Market\",\"url\":\"https:\/\/novakmarket.com\/\",\"logo\":{\"@type\":\"ImageObject\",\"inLanguage\":\"es\",\"@id\":\"https:\/\/novakmarket.com\/#\/schema\/logo\/image\/\",\"url\":\"https:\/\/novakmarket.com\/wp-content\/uploads\/2026\/02\/cropped-footer-pc-removebg-preview.png\",\"contentUrl\":\"https:\/\/novakmarket.com\/wp-content\/uploads\/2026\/02\/cropped-footer-pc-removebg-preview.png\",\"width\":202,\"height\":73,\"caption\":\"Novak Market\"},\"image\":{\"@id\":\"https:\/\/novakmarket.com\/#\/schema\/logo\/image\/\"}}]}<\/script>\n<!-- \/ Yoast SEO plugin. -->","yoast_head_json":{"title":"PC Portable Gamer - LENOVO - 17,3''FHD - Novak Market","robots":{"index":"index","follow":"follow","max-snippet":"max-snippet:-1","max-image-preview":"max-image-preview:large","max-video-preview":"max-video-preview:-1"},"canonical":"https:\/\/novakmarket.com\/es\/producto\/pc-portable-gamer-lenovo-173fhd\/","og_locale":"es_ES","og_type":"article","og_title":"PC Portable Gamer - LENOVO - 17,3''FHD - Novak Market","og_description":"Nom du produit PC Portable Gamer - LENOVO Legion Y540-17IRH - 17,  Cat\u00e9gorie ORDINATEUR PORTABLE  G\u00e9n\u00e9ral  Syst\u00e8me d'exploitation Windows 10 Edition Familiale 64 bits - fran\u00e7ais  Type de Produit Ordinateur portable  Affichage  Type 17.3\" - IPS  Technologie de r\u00e9tro\u00e9clairage LCD R\u00e9tro\u00e9clairage par LED  R\u00e9solution 1920 x 1080 (Full HD)  Fonctions Anti-\u00e9blouissement, gamme de couleurs \u00e9tendue de 72 %, taux de rafraichissement de 60 Hz  Grand \u00e9cran Oui  Format de l'image 16:9  Luminosit\u00e9 de l'image 300 cd\/m\u00b2  Stockage  Stockage principal 512 Go SSD - (M.2 2242) PCIe 3.0 x2 - NVM Express (NVMe)  M\u00e9moire  RAM 16 Go (2 x 8 Go)  Technologie DDR4 SDRAM  Vitesse 2666 MHz  RAM max prise en charge 32 Go  Format SO DIMM 260 broches  Vitesse nominale 2666 MHz  Nombre d'emplacements 2  Emplacements m\u00e9moire libre 0  Audio &amp; vid\u00e9o  Processeur graphique NVIDIA GeForce RTX 2060  Codec Realtek ALC3287  Cam\u00e9ra Oui - 720p  R\u00e9solution 1 M\u00e9gapixel  Son Haut-parleurs st\u00e9r\u00e9o, double tableau de microphone  Caract\u00e9ristiques audio Technologie audio Harman  Normes de conformit\u00e9 Audio haute d\u00e9finition, Dolby Atmos Gaming  Pr\u00eat pour la r\u00e9alit\u00e9 virtuelle Oui  M\u00e9moire vid\u00e9o 6 Go GDDR6 SDRAM  Communications  Sans fil 802.11a\/b\/g\/n\/ac, Bluetooth 4.2  Interface r\u00e9seau Gigabit Ethernet  Contr\u00f4leur sans fil M.2 Card  Fonctions Double flux (2 x 2)","og_url":"https:\/\/novakmarket.com\/es\/producto\/pc-portable-gamer-lenovo-173fhd\/","og_site_name":"Novak Market","article_modified_time":"2021-11-29T19:19:52+00:00","og_image":[{"width":700,"height":700,"url":"https:\/\/novakmarket.com\/wp-content\/uploads\/2021\/11\/E4-1.jpg","type":"image\/jpeg"}],"twitter_card":"summary_large_image","schema":{"@context":"https:\/\/schema.org","@graph":[{"@type":"WebPage","@id":"https:\/\/novakmarket.com\/produit\/pc-portable-gamer-lenovo-173fhd\/","url":"https:\/\/novakmarket.com\/produit\/pc-portable-gamer-lenovo-173fhd\/","name":"PC Portable Gamer - LENOVO - 17,3''FHD - Novak Market","isPartOf":{"@id":"https:\/\/novakmarket.com\/#website"},"primaryImageOfPage":{"@id":"https:\/\/novakmarket.com\/produit\/pc-portable-gamer-lenovo-173fhd\/#primaryimage"},"image":{"@id":"https:\/\/novakmarket.com\/produit\/pc-portable-gamer-lenovo-173fhd\/#primaryimage"},"thumbnailUrl":"https:\/\/novakmarket.com\/wp-content\/uploads\/2021\/11\/E4-1.jpg","datePublished":"2021-11-29T19:19:38+00:00","dateModified":"2021-11-29T19:19:52+00:00","breadcrumb":{"@id":"https:\/\/novakmarket.com\/produit\/pc-portable-gamer-lenovo-173fhd\/#breadcrumb"},"inLanguage":"es","potentialAction":[{"@type":"ReadAction","target":["https:\/\/novakmarket.com\/produit\/pc-portable-gamer-lenovo-173fhd\/"]}]},{"@type":"ImageObject","inLanguage":"es","@id":"https:\/\/novakmarket.com\/produit\/pc-portable-gamer-lenovo-173fhd\/#primaryimage","url":"https:\/\/novakmarket.com\/wp-content\/uploads\/2021\/11\/E4-1.jpg","contentUrl":"https:\/\/novakmarket.com\/wp-content\/uploads\/2021\/11\/E4-1.jpg","width":700,"height":700},{"@type":"BreadcrumbList","@id":"https:\/\/novakmarket.com\/produit\/pc-portable-gamer-lenovo-173fhd\/#breadcrumb","itemListElement":[{"@type":"ListItem","position":1,"name":"Accueil","item":"https:\/\/novakmarket.com\/"},{"@type":"ListItem","position":2,"name":"Boutique","item":"https:\/\/novakmarket.com\/shop\/"},{"@type":"ListItem","position":3,"name":"PC Portable Gamer &#8211; LENOVO &#8211; 17,3&#8221;FHD"}]},{"@type":"WebSite","@id":"https:\/\/novakmarket.com\/#website","url":"https:\/\/novakmarket.com\/","name":"Novak Market","description":"Vente de produits \u00e9lectroniques.","publisher":{"@id":"https:\/\/novakmarket.com\/#organization"},"potentialAction":[{"@type":"SearchAction","target":{"@type":"EntryPoint","urlTemplate":"https:\/\/novakmarket.com\/?s={search_term_string}"},"query-input":{"@type":"PropertyValueSpecification","valueRequired":true,"valueName":"search_term_string"}}],"inLanguage":"es"},{"@type":"Organization","@id":"https:\/\/novakmarket.com\/#organization","name":"Novak Market","url":"https:\/\/novakmarket.com\/","logo":{"@type":"ImageObject","inLanguage":"es","@id":"https:\/\/novakmarket.com\/#\/schema\/logo\/image\/","url":"https:\/\/novakmarket.com\/wp-content\/uploads\/2026\/02\/cropped-footer-pc-removebg-preview.png","contentUrl":"https:\/\/novakmarket.com\/wp-content\/uploads\/2026\/02\/cropped-footer-pc-removebg-preview.png","width":202,"height":73,"caption":"Novak Market"},"image":{"@id":"https:\/\/novakmarket.com\/#\/schema\/logo\/image\/"}}]}},"_links":{"self":[{"href":"https:\/\/novakmarket.com\/es\/wp-json\/wp\/v2\/product\/6318","targetHints":{"allow":["GET"]}}],"collection":[{"href":"https:\/\/novakmarket.com\/es\/wp-json\/wp\/v2\/product"}],"about":[{"href":"https:\/\/novakmarket.com\/es\/wp-json\/wp\/v2\/types\/product"}],"replies":[{"embeddable":true,"href":"https:\/\/novakmarket.com\/es\/wp-json\/wp\/v2\/comments?post=6318"}],"wp:featuredmedia":[{"embeddable":true,"href":"https:\/\/novakmarket.com\/es\/wp-json\/wp\/v2\/media\/6350"}],"wp:attachment":[{"href":"https:\/\/novakmarket.com\/es\/wp-json\/wp\/v2\/media?parent=6318"}],"wp:term":[{"taxonomy":"product_brand","embeddable":true,"href":"https:\/\/novakmarket.com\/es\/wp-json\/wp\/v2\/product_brand?post=6318"},{"taxonomy":"product_cat","embeddable":true,"href":"https:\/\/novakmarket.com\/es\/wp-json\/wp\/v2\/product_cat?post=6318"},{"taxonomy":"product_tag","embeddable":true,"href":"https:\/\/novakmarket.com\/es\/wp-json\/wp\/v2\/product_tag?post=6318"}],"curies":[{"name":"wp","href":"https:\/\/api.w.org\/{rel}","templated":true}]}}