{"id":6326,"date":"2021-11-29T20:19:39","date_gmt":"2021-11-29T19:19:39","guid":{"rendered":"https:\/\/bestymarketshop.com\/?post_type=product&#038;p=6326"},"modified":"2021-12-02T15:31:42","modified_gmt":"2021-12-02T14:31:42","slug":"ordinateur-portable-lenovo","status":"publish","type":"product","link":"https:\/\/novakmarket.com\/es\/producto\/ordinateur-portable-lenovo\/","title":{"rendered":"Ordinateur portable Lenovo"},"content":{"rendered":"<p><img loading=\"lazy\" decoding=\"async\" class=\"alignnone size-medium wp-image-9161\" src=\"https:\/\/esther-market.com\/wp-content\/uploads\/2020\/07\/E13-300x300.jpg\" alt=\"\" width=\"300\" height=\"300\" \/><\/p>","protected":false},"excerpt":{"rendered":"<div id=\"presContent\" class=\"fpBlk testSep extCode\">Ordinateur portable Lenovo Ideapad S340-14API-062 \u2022 Coloris: Gris \u2022 Usage: Polyvalent \/ Multim\u00e9dia \u2022 Dimensions l x h x p: 23.05 x 32.27 x 1.79 cm \u2022 Taille de l&#8217;\u00e9cran: 14,0 pouces \u2022 Syst\u00e8me d&#8217;exploitation: Windows 10S \u2022 Bluetooth: 4.2 \u2022 Poids: 1,7 kg \u2022 Type: DDR4 \u2022 Type: Pas de lecteur-graveur \u2022 Equivalence: 35,6 cm \u2022 R\u00e9solution de l&#8217;\u00e9cran: 1920 x 1080 pixels \u2022 R\u00e9f\u00e9rence et sp\u00e9cificit\u00e9s: AMD Athlon 300U \/ 2 coeurs \u2022 Capacit\u00e9 totale: 4 Go \u2022 Type de charni\u00e8re: Standard \u2022 Webcam int\u00e9gr\u00e9e: Webcam HD \u2022 Microphone int\u00e9gr\u00e9: Oui \u2022 Version: 64 Bits \u2022 Contr\u00f4leur graphique: AMD Radeon Vega 3 Mobile Graphics (1100 MHz) \u2022 Fr\u00e9quence: 2400 MHz \u2022 Capacit\u00e9 du SSD: 128,0 Go (capacit\u00e9 maximale de l appareil. La capacit\u00e9 finale disponible peut \u00eatre inf\u00e9rieure) \u2022 Wifi (+ d&#8217;infos): 802.11 a\/b\/g\/n\/ac \u2022 Norme du clavier: AZERTY \u2022 Clavier: Classique \u2022 Souris (+ d&#8217;infos): TouchPad \u2022 Office: Microsoft Office 365 (version d&#8217;essai gratuite de 30 jours) \u2022 Antivirus: McAfee LiveSafe (version d&#8217;essai gratuite de 30 jours) \u2022 Port du SSD: M.2 \u2022 Sortie HDMI: 1 \u2022 Port USB 3.1 Gen 1 (type C): 1 \u2022 Combo casque \/ micro: 1 \u2022 Autonomie (donn\u00e9e constructeur): Jusqu&#8217;\u00e0 8 heures \u2022 Port USB 3.0 (type C): 1 \u2022 Dur\u00e9e de la garantie (Pi\u00e8ces et main d&#8217;oeuvre pour un produit neuf vendu par Kalendo): 2 ans \u2022 Disponibilit\u00e9 des pi\u00e8ces d\u00e9tach\u00e9es (donn\u00e9es fournisseur): Pendant 2 ans, \u00e0 compter de la date d&#8217;achat<\/div>\n<div id=\"desc\" class=\"anchor\"><\/div>\n<div id=\"descContent\" class=\"fpBlk testSep\" data-cs-override-id=\"Descriptif\">\n<p class=\"fpMb\">Coloris: Gris \u2022 Usage: Polyvalent \/ Multim\u00e9dia \u2022 23.05 x 32.27 x 1.79 cm \u2022 Taille de l&#8217;\u00e9cran: 14,0 pouces \u2022 Syst\u00e8me d&#8217;exploitation: Windows 10S \u2022 Bluetooth: 4.2 \u2022 Poids: 1,7 kg \u2022 Type: DDR4 \u2022 Type: Pas de lecteur-graveur \u2022 Equivalence: 35,6 cm \u2022 R\u00e9solution de l&#8217;\u00e9cran: 1920 x 1080 pixels \u2022 R\u00e9f\u00e9rence et sp\u00e9cificit\u00e9s: AMD Athlon 300U \/ 2 coeurs<\/p>\n<\/div>","protected":false},"featured_media":6359,"comment_status":"open","ping_status":"closed","template":"","meta":{"_acf_changed":false},"product_brand":[],"product_cat":[304],"product_tag":[],"class_list":{"0":"post-6326","1":"product","2":"type-product","3":"status-publish","4":"has-post-thumbnail","6":"product_cat-lenovo","8":"first","9":"instock","10":"shipping-taxable","11":"purchasable","12":"product-type-simple"},"acf":[],"yoast_head":"<!-- This site is optimized with the Yoast SEO plugin v27.2 - https:\/\/yoast.com\/product\/yoast-seo-wordpress\/ -->\n<title>Ordinateur portable Lenovo - Novak Market<\/title>\n<meta name=\"robots\" content=\"index, follow, max-snippet:-1, max-image-preview:large, max-video-preview:-1\" \/>\n<link rel=\"canonical\" href=\"https:\/\/novakmarket.com\/es\/producto\/ordinateur-portable-lenovo\/\" \/>\n<meta property=\"og:locale\" content=\"es_ES\" \/>\n<meta property=\"og:type\" content=\"article\" \/>\n<meta property=\"og:title\" content=\"Ordinateur portable Lenovo - Novak Market\" \/>\n<meta property=\"og:description\" content=\"Ordinateur portable Lenovo Ideapad S340-14API-062 \u2022 Coloris: Gris \u2022 Usage: Polyvalent \/ Multim\u00e9dia \u2022 Dimensions l x h x p: 23.05 x 32.27 x 1.79 cm \u2022 Taille de l&#039;\u00e9cran: 14,0 pouces \u2022 Syst\u00e8me d&#039;exploitation: Windows 10S \u2022 Bluetooth: 4.2 \u2022 Poids: 1,7 kg \u2022 Type: DDR4 \u2022 Type: Pas de lecteur-graveur \u2022 Equivalence: 35,6 cm \u2022 R\u00e9solution de l&#039;\u00e9cran: 1920 x 1080 pixels \u2022 R\u00e9f\u00e9rence et sp\u00e9cificit\u00e9s: AMD Athlon 300U \/ 2 coeurs \u2022 Capacit\u00e9 totale: 4 Go \u2022 Type de charni\u00e8re: Standard \u2022 Webcam int\u00e9gr\u00e9e: Webcam HD \u2022 Microphone int\u00e9gr\u00e9: Oui \u2022 Version: 64 Bits \u2022 Contr\u00f4leur graphique: AMD Radeon Vega 3 Mobile Graphics (1100 MHz) \u2022 Fr\u00e9quence: 2400 MHz \u2022 Capacit\u00e9 du SSD: 128,0 Go (capacit\u00e9 maximale de l appareil. La capacit\u00e9 finale disponible peut \u00eatre inf\u00e9rieure) \u2022 Wifi (+ d&#039;infos): 802.11 a\/b\/g\/n\/ac \u2022 Norme du clavier: AZERTY \u2022 Clavier: Classique \u2022 Souris (+ d&#039;infos): TouchPad \u2022 Office: Microsoft Office 365 (version d&#039;essai gratuite de 30 jours) \u2022 Antivirus: McAfee LiveSafe (version d&#039;essai gratuite de 30 jours) \u2022 Port du SSD: M.2 \u2022 Sortie HDMI: 1 \u2022 Port USB 3.1 Gen 1 (type C): 1 \u2022 Combo casque \/ micro: 1 \u2022 Autonomie (donn\u00e9e constructeur): Jusqu&#039;\u00e0 8 heures \u2022 Port USB 3.0 (type C): 1 \u2022 Dur\u00e9e de la garantie (Pi\u00e8ces et main d&#039;oeuvre pour un produit neuf vendu par Kalendo): 2 ans \u2022 Disponibilit\u00e9 des pi\u00e8ces d\u00e9tach\u00e9es (donn\u00e9es fournisseur): Pendant 2 ans, \u00e0 compter de la date d&#039;achat  Coloris: Gris \u2022 Usage: Polyvalent \/ Multim\u00e9dia \u2022 23.05 x 32.27 x 1.79 cm \u2022 Taille de l&#039;\u00e9cran: 14,0 pouces \u2022 Syst\u00e8me d&#039;exploitation: Windows 10S \u2022 Bluetooth: 4.2 \u2022 Poids: 1,7 kg \u2022 Type: DDR4 \u2022 Type: Pas de lecteur-graveur \u2022 Equivalence: 35,6 cm \u2022 R\u00e9solution de l&#039;\u00e9cran: 1920 x 1080 pixels \u2022 R\u00e9f\u00e9rence et sp\u00e9cificit\u00e9s: AMD Athlon 300U \/ 2 coeurs\" \/>\n<meta property=\"og:url\" content=\"https:\/\/novakmarket.com\/es\/producto\/ordinateur-portable-lenovo\/\" \/>\n<meta property=\"og:site_name\" content=\"Novak Market\" \/>\n<meta property=\"article:modified_time\" content=\"2021-12-02T14:31:42+00:00\" \/>\n<meta property=\"og:image\" content=\"https:\/\/novakmarket.com\/wp-content\/uploads\/2021\/11\/E1313.jpg\" \/>\n\t<meta property=\"og:image:width\" content=\"700\" \/>\n\t<meta property=\"og:image:height\" content=\"700\" \/>\n\t<meta property=\"og:image:type\" content=\"image\/jpeg\" \/>\n<meta name=\"twitter:card\" content=\"summary_large_image\" \/>\n<script type=\"application\/ld+json\" class=\"yoast-schema-graph\">{\"@context\":\"https:\/\/schema.org\",\"@graph\":[{\"@type\":\"WebPage\",\"@id\":\"https:\/\/novakmarket.com\/produit\/ordinateur-portable-lenovo\/\",\"url\":\"https:\/\/novakmarket.com\/produit\/ordinateur-portable-lenovo\/\",\"name\":\"Ordinateur portable Lenovo - Novak Market\",\"isPartOf\":{\"@id\":\"https:\/\/novakmarket.com\/#website\"},\"primaryImageOfPage\":{\"@id\":\"https:\/\/novakmarket.com\/produit\/ordinateur-portable-lenovo\/#primaryimage\"},\"image\":{\"@id\":\"https:\/\/novakmarket.com\/produit\/ordinateur-portable-lenovo\/#primaryimage\"},\"thumbnailUrl\":\"https:\/\/novakmarket.com\/wp-content\/uploads\/2021\/11\/E1313.jpg\",\"datePublished\":\"2021-11-29T19:19:39+00:00\",\"dateModified\":\"2021-12-02T14:31:42+00:00\",\"breadcrumb\":{\"@id\":\"https:\/\/novakmarket.com\/produit\/ordinateur-portable-lenovo\/#breadcrumb\"},\"inLanguage\":\"es\",\"potentialAction\":[{\"@type\":\"ReadAction\",\"target\":[\"https:\/\/novakmarket.com\/produit\/ordinateur-portable-lenovo\/\"]}]},{\"@type\":\"ImageObject\",\"inLanguage\":\"es\",\"@id\":\"https:\/\/novakmarket.com\/produit\/ordinateur-portable-lenovo\/#primaryimage\",\"url\":\"https:\/\/novakmarket.com\/wp-content\/uploads\/2021\/11\/E1313.jpg\",\"contentUrl\":\"https:\/\/novakmarket.com\/wp-content\/uploads\/2021\/11\/E1313.jpg\",\"width\":700,\"height\":700},{\"@type\":\"BreadcrumbList\",\"@id\":\"https:\/\/novakmarket.com\/produit\/ordinateur-portable-lenovo\/#breadcrumb\",\"itemListElement\":[{\"@type\":\"ListItem\",\"position\":1,\"name\":\"Accueil\",\"item\":\"https:\/\/novakmarket.com\/\"},{\"@type\":\"ListItem\",\"position\":2,\"name\":\"Boutique\",\"item\":\"https:\/\/novakmarket.com\/shop\/\"},{\"@type\":\"ListItem\",\"position\":3,\"name\":\"Ordinateur portable Lenovo\"}]},{\"@type\":\"WebSite\",\"@id\":\"https:\/\/novakmarket.com\/#website\",\"url\":\"https:\/\/novakmarket.com\/\",\"name\":\"Novak Market\",\"description\":\"Vente de produits \u00e9lectroniques.\",\"publisher\":{\"@id\":\"https:\/\/novakmarket.com\/#organization\"},\"potentialAction\":[{\"@type\":\"SearchAction\",\"target\":{\"@type\":\"EntryPoint\",\"urlTemplate\":\"https:\/\/novakmarket.com\/?s={search_term_string}\"},\"query-input\":{\"@type\":\"PropertyValueSpecification\",\"valueRequired\":true,\"valueName\":\"search_term_string\"}}],\"inLanguage\":\"es\"},{\"@type\":\"Organization\",\"@id\":\"https:\/\/novakmarket.com\/#organization\",\"name\":\"Novak Market\",\"url\":\"https:\/\/novakmarket.com\/\",\"logo\":{\"@type\":\"ImageObject\",\"inLanguage\":\"es\",\"@id\":\"https:\/\/novakmarket.com\/#\/schema\/logo\/image\/\",\"url\":\"https:\/\/novakmarket.com\/wp-content\/uploads\/2026\/02\/cropped-footer-pc-removebg-preview.png\",\"contentUrl\":\"https:\/\/novakmarket.com\/wp-content\/uploads\/2026\/02\/cropped-footer-pc-removebg-preview.png\",\"width\":202,\"height\":73,\"caption\":\"Novak Market\"},\"image\":{\"@id\":\"https:\/\/novakmarket.com\/#\/schema\/logo\/image\/\"}}]}<\/script>\n<!-- \/ Yoast SEO plugin. -->","yoast_head_json":{"title":"Ordinateur portable Lenovo - Novak Market","robots":{"index":"index","follow":"follow","max-snippet":"max-snippet:-1","max-image-preview":"max-image-preview:large","max-video-preview":"max-video-preview:-1"},"canonical":"https:\/\/novakmarket.com\/es\/producto\/ordinateur-portable-lenovo\/","og_locale":"es_ES","og_type":"article","og_title":"Ordinateur portable Lenovo - Novak Market","og_description":"Ordinateur portable Lenovo Ideapad S340-14API-062 \u2022 Coloris: Gris \u2022 Usage: Polyvalent \/ Multim\u00e9dia \u2022 Dimensions l x h x p: 23.05 x 32.27 x 1.79 cm \u2022 Taille de l'\u00e9cran: 14,0 pouces \u2022 Syst\u00e8me d'exploitation: Windows 10S \u2022 Bluetooth: 4.2 \u2022 Poids: 1,7 kg \u2022 Type: DDR4 \u2022 Type: Pas de lecteur-graveur \u2022 Equivalence: 35,6 cm \u2022 R\u00e9solution de l'\u00e9cran: 1920 x 1080 pixels \u2022 R\u00e9f\u00e9rence et sp\u00e9cificit\u00e9s: AMD Athlon 300U \/ 2 coeurs \u2022 Capacit\u00e9 totale: 4 Go \u2022 Type de charni\u00e8re: Standard \u2022 Webcam int\u00e9gr\u00e9e: Webcam HD \u2022 Microphone int\u00e9gr\u00e9: Oui \u2022 Version: 64 Bits \u2022 Contr\u00f4leur graphique: AMD Radeon Vega 3 Mobile Graphics (1100 MHz) \u2022 Fr\u00e9quence: 2400 MHz \u2022 Capacit\u00e9 du SSD: 128,0 Go (capacit\u00e9 maximale de l appareil. La capacit\u00e9 finale disponible peut \u00eatre inf\u00e9rieure) \u2022 Wifi (+ d'infos): 802.11 a\/b\/g\/n\/ac \u2022 Norme du clavier: AZERTY \u2022 Clavier: Classique \u2022 Souris (+ d'infos): TouchPad \u2022 Office: Microsoft Office 365 (version d'essai gratuite de 30 jours) \u2022 Antivirus: McAfee LiveSafe (version d'essai gratuite de 30 jours) \u2022 Port du SSD: M.2 \u2022 Sortie HDMI: 1 \u2022 Port USB 3.1 Gen 1 (type C): 1 \u2022 Combo casque \/ micro: 1 \u2022 Autonomie (donn\u00e9e constructeur): Jusqu'\u00e0 8 heures \u2022 Port USB 3.0 (type C): 1 \u2022 Dur\u00e9e de la garantie (Pi\u00e8ces et main d'oeuvre pour un produit neuf vendu par Kalendo): 2 ans \u2022 Disponibilit\u00e9 des pi\u00e8ces d\u00e9tach\u00e9es (donn\u00e9es fournisseur): Pendant 2 ans, \u00e0 compter de la date d'achat  Coloris: Gris \u2022 Usage: Polyvalent \/ Multim\u00e9dia \u2022 23.05 x 32.27 x 1.79 cm \u2022 Taille de l'\u00e9cran: 14,0 pouces \u2022 Syst\u00e8me d'exploitation: Windows 10S \u2022 Bluetooth: 4.2 \u2022 Poids: 1,7 kg \u2022 Type: DDR4 \u2022 Type: Pas de lecteur-graveur \u2022 Equivalence: 35,6 cm \u2022 R\u00e9solution de l'\u00e9cran: 1920 x 1080 pixels \u2022 R\u00e9f\u00e9rence et sp\u00e9cificit\u00e9s: AMD Athlon 300U \/ 2 coeurs","og_url":"https:\/\/novakmarket.com\/es\/producto\/ordinateur-portable-lenovo\/","og_site_name":"Novak Market","article_modified_time":"2021-12-02T14:31:42+00:00","og_image":[{"width":700,"height":700,"url":"https:\/\/novakmarket.com\/wp-content\/uploads\/2021\/11\/E1313.jpg","type":"image\/jpeg"}],"twitter_card":"summary_large_image","schema":{"@context":"https:\/\/schema.org","@graph":[{"@type":"WebPage","@id":"https:\/\/novakmarket.com\/produit\/ordinateur-portable-lenovo\/","url":"https:\/\/novakmarket.com\/produit\/ordinateur-portable-lenovo\/","name":"Ordinateur portable Lenovo - Novak Market","isPartOf":{"@id":"https:\/\/novakmarket.com\/#website"},"primaryImageOfPage":{"@id":"https:\/\/novakmarket.com\/produit\/ordinateur-portable-lenovo\/#primaryimage"},"image":{"@id":"https:\/\/novakmarket.com\/produit\/ordinateur-portable-lenovo\/#primaryimage"},"thumbnailUrl":"https:\/\/novakmarket.com\/wp-content\/uploads\/2021\/11\/E1313.jpg","datePublished":"2021-11-29T19:19:39+00:00","dateModified":"2021-12-02T14:31:42+00:00","breadcrumb":{"@id":"https:\/\/novakmarket.com\/produit\/ordinateur-portable-lenovo\/#breadcrumb"},"inLanguage":"es","potentialAction":[{"@type":"ReadAction","target":["https:\/\/novakmarket.com\/produit\/ordinateur-portable-lenovo\/"]}]},{"@type":"ImageObject","inLanguage":"es","@id":"https:\/\/novakmarket.com\/produit\/ordinateur-portable-lenovo\/#primaryimage","url":"https:\/\/novakmarket.com\/wp-content\/uploads\/2021\/11\/E1313.jpg","contentUrl":"https:\/\/novakmarket.com\/wp-content\/uploads\/2021\/11\/E1313.jpg","width":700,"height":700},{"@type":"BreadcrumbList","@id":"https:\/\/novakmarket.com\/produit\/ordinateur-portable-lenovo\/#breadcrumb","itemListElement":[{"@type":"ListItem","position":1,"name":"Accueil","item":"https:\/\/novakmarket.com\/"},{"@type":"ListItem","position":2,"name":"Boutique","item":"https:\/\/novakmarket.com\/shop\/"},{"@type":"ListItem","position":3,"name":"Ordinateur portable Lenovo"}]},{"@type":"WebSite","@id":"https:\/\/novakmarket.com\/#website","url":"https:\/\/novakmarket.com\/","name":"Novak Market","description":"Vente de produits \u00e9lectroniques.","publisher":{"@id":"https:\/\/novakmarket.com\/#organization"},"potentialAction":[{"@type":"SearchAction","target":{"@type":"EntryPoint","urlTemplate":"https:\/\/novakmarket.com\/?s={search_term_string}"},"query-input":{"@type":"PropertyValueSpecification","valueRequired":true,"valueName":"search_term_string"}}],"inLanguage":"es"},{"@type":"Organization","@id":"https:\/\/novakmarket.com\/#organization","name":"Novak Market","url":"https:\/\/novakmarket.com\/","logo":{"@type":"ImageObject","inLanguage":"es","@id":"https:\/\/novakmarket.com\/#\/schema\/logo\/image\/","url":"https:\/\/novakmarket.com\/wp-content\/uploads\/2026\/02\/cropped-footer-pc-removebg-preview.png","contentUrl":"https:\/\/novakmarket.com\/wp-content\/uploads\/2026\/02\/cropped-footer-pc-removebg-preview.png","width":202,"height":73,"caption":"Novak Market"},"image":{"@id":"https:\/\/novakmarket.com\/#\/schema\/logo\/image\/"}}]}},"_links":{"self":[{"href":"https:\/\/novakmarket.com\/es\/wp-json\/wp\/v2\/product\/6326","targetHints":{"allow":["GET"]}}],"collection":[{"href":"https:\/\/novakmarket.com\/es\/wp-json\/wp\/v2\/product"}],"about":[{"href":"https:\/\/novakmarket.com\/es\/wp-json\/wp\/v2\/types\/product"}],"replies":[{"embeddable":true,"href":"https:\/\/novakmarket.com\/es\/wp-json\/wp\/v2\/comments?post=6326"}],"wp:featuredmedia":[{"embeddable":true,"href":"https:\/\/novakmarket.com\/es\/wp-json\/wp\/v2\/media\/6359"}],"wp:attachment":[{"href":"https:\/\/novakmarket.com\/es\/wp-json\/wp\/v2\/media?parent=6326"}],"wp:term":[{"taxonomy":"product_brand","embeddable":true,"href":"https:\/\/novakmarket.com\/es\/wp-json\/wp\/v2\/product_brand?post=6326"},{"taxonomy":"product_cat","embeddable":true,"href":"https:\/\/novakmarket.com\/es\/wp-json\/wp\/v2\/product_cat?post=6326"},{"taxonomy":"product_tag","embeddable":true,"href":"https:\/\/novakmarket.com\/es\/wp-json\/wp\/v2\/product_tag?post=6326"}],"curies":[{"name":"wp","href":"https:\/\/api.w.org\/{rel}","templated":true}]}}