{"id":6493,"date":"2021-11-29T20:21:08","date_gmt":"2021-11-29T19:21:08","guid":{"rendered":"https:\/\/bestymarketshop.com\/?post_type=product&#038;p=6493"},"modified":"2021-12-02T13:35:29","modified_gmt":"2021-12-02T12:35:29","slug":"refrigerateur-congelateur-bas","status":"publish","type":"product","link":"https:\/\/novakmarket.com\/es\/producto\/refrigerateur-congelateur-bas\/","title":{"rendered":"R\u00e9frig\u00e9rateur cong\u00e9lateur bas"},"content":{"rendered":"<p>&nbsp;<\/p>\n<p><img loading=\"lazy\" decoding=\"async\" class=\"alignnone size-medium wp-image-8468\" src=\"https:\/\/e-marketshopping.com\/wp-content\/uploads\/2020\/07\/W13-300x300.jpg\" alt=\"\" width=\"300\" height=\"300\" \/><\/p>\n<p>&nbsp;<\/p>\n<p>&nbsp;<\/p>\n<ul>\n<li>Type(s) de froid : Froid statique<\/li>\n<li>Volume utile total : 217 litres<\/li>\n<li>Nombre de tiroir(s) : 3<\/li>\n<li>Nombre d&#8217;\u00e9toiles du compartiment cong\u00e9lation : ****<\/li>\n<li>Niveau sonore maximal : 43 dB<\/li>\n<\/ul>","protected":false},"excerpt":{"rendered":"<table class=\"fpDescTb fpDescTbPub\">\n<tbody>\n<tr>\n<td>Nom du produit<\/td>\n<td>INDESIT NCAA 55 NX &#8211; R\u00e9frig\u00e9rateur cong\u00e9lateur bas<\/td>\n<\/tr>\n<tr>\n<td>Cat\u00e9gorie<\/td>\n<td>R\u00c9FRIG\u00c9RATEUR CLASSIQUE<\/td>\n<\/tr>\n<tr>\n<th colspan=\"2\">Informations sur le produit<\/th>\n<\/tr>\n<tr>\n<td>Couleur(s)<\/td>\n<td>Inox<\/td>\n<\/tr>\n<tr>\n<th colspan=\"2\">G\u00e9n\u00e9ral<\/th>\n<\/tr>\n<tr>\n<td>Type de Produit<\/td>\n<td>R\u00e9frig\u00e9rateur\/cong\u00e9lateur &#8211; cong\u00e9lateur bas<\/td>\n<\/tr>\n<tr>\n<td>Classe \u00e9nerg\u00e9tique<\/td>\n<td>Classe A+<\/td>\n<\/tr>\n<tr>\n<td>Consommation d&#8217;\u00e9nergie annuelle<\/td>\n<td>253 kWh<\/td>\n<\/tr>\n<tr>\n<td>Volume utile total<\/td>\n<td>217 litres<\/td>\n<\/tr>\n<tr>\n<td>Volume utile de r\u00e9frig\u00e9rateur<\/td>\n<td>150 litres<\/td>\n<\/tr>\n<tr>\n<td>Volume utile de cong\u00e9lateur<\/td>\n<td>67 litres<\/td>\n<\/tr>\n<tr>\n<td>Classe climatique<\/td>\n<td>SN-N-ST-T<\/td>\n<\/tr>\n<tr>\n<td>Nombre d&#8217;\u00e9toiles du compartiment cong\u00e9lation<\/td>\n<td>****<\/td>\n<\/tr>\n<tr>\n<td>Niveau sonore maximum<\/td>\n<td>43 dB<\/td>\n<\/tr>\n<tr>\n<td>Format<\/td>\n<td>Pose libre<\/td>\n<\/tr>\n<tr>\n<td>Couleur<\/td>\n<td>Acier inoxydable<\/td>\n<\/tr>\n<tr>\n<td>Nombre de portes<\/td>\n<td>2<\/td>\n<\/tr>\n<tr>\n<td>Portes r\u00e9versibles<\/td>\n<td>Oui<\/td>\n<\/tr>\n<tr>\n<td>Autonomie en cas de coupure<\/td>\n<td>15 hrs<\/td>\n<\/tr>\n<tr>\n<td>Nombre de compresseurs<\/td>\n<td>1<\/td>\n<\/tr>\n<tr>\n<td>Type(s) de froid<\/td>\n<td>Froid statique<\/td>\n<\/tr>\n<\/tbody>\n<\/table>","protected":false},"featured_media":6561,"comment_status":"open","ping_status":"closed","template":"","meta":{"_acf_changed":false},"product_brand":[],"product_cat":[282,308],"product_tag":[],"class_list":{"0":"post-6493","1":"product","2":"type-product","3":"status-publish","4":"has-post-thumbnail","6":"product_cat-appareils-electromenagers","7":"product_cat-froid","9":"first","10":"instock","11":"shipping-taxable","12":"purchasable","13":"product-type-simple"},"acf":[],"yoast_head":"<!-- This site is optimized with the Yoast SEO plugin v27.2 - https:\/\/yoast.com\/product\/yoast-seo-wordpress\/ -->\n<title>R\u00e9frig\u00e9rateur cong\u00e9lateur bas - Novak Market<\/title>\n<meta name=\"robots\" content=\"index, follow, max-snippet:-1, max-image-preview:large, max-video-preview:-1\" \/>\n<link rel=\"canonical\" href=\"https:\/\/novakmarket.com\/es\/producto\/refrigerateur-congelateur-bas\/\" \/>\n<meta property=\"og:locale\" content=\"es_ES\" \/>\n<meta property=\"og:type\" content=\"article\" \/>\n<meta property=\"og:title\" content=\"R\u00e9frig\u00e9rateur cong\u00e9lateur bas - Novak Market\" \/>\n<meta property=\"og:description\" content=\"Nom du produit INDESIT NCAA 55 NX - R\u00e9frig\u00e9rateur cong\u00e9lateur bas  Cat\u00e9gorie R\u00c9FRIG\u00c9RATEUR CLASSIQUE  Informations sur le produit  Couleur(s) Inox  G\u00e9n\u00e9ral  Type de Produit R\u00e9frig\u00e9rateur\/cong\u00e9lateur - cong\u00e9lateur bas  Classe \u00e9nerg\u00e9tique Classe A+  Consommation d&#039;\u00e9nergie annuelle 253 kWh  Volume utile total 217 litres  Volume utile de r\u00e9frig\u00e9rateur 150 litres  Volume utile de cong\u00e9lateur 67 litres  Classe climatique SN-N-ST-T  Nombre d&#039;\u00e9toiles du compartiment cong\u00e9lation ****  Niveau sonore maximum 43 dB  Format Pose libre  Couleur Acier inoxydable  Nombre de portes 2  Portes r\u00e9versibles Oui  Autonomie en cas de coupure 15 hrs  Nombre de compresseurs 1  Type(s) de froid Froid statique\" \/>\n<meta property=\"og:url\" content=\"https:\/\/novakmarket.com\/es\/producto\/refrigerateur-congelateur-bas\/\" \/>\n<meta property=\"og:site_name\" content=\"Novak Market\" \/>\n<meta property=\"article:modified_time\" content=\"2021-12-02T12:35:29+00:00\" \/>\n<meta property=\"og:image\" content=\"https:\/\/novakmarket.com\/wp-content\/uploads\/2021\/11\/W13.jpg\" \/>\n\t<meta property=\"og:image:width\" content=\"700\" \/>\n\t<meta property=\"og:image:height\" content=\"700\" \/>\n\t<meta property=\"og:image:type\" content=\"image\/jpeg\" \/>\n<meta name=\"twitter:card\" content=\"summary_large_image\" \/>\n<script type=\"application\/ld+json\" class=\"yoast-schema-graph\">{\"@context\":\"https:\/\/schema.org\",\"@graph\":[{\"@type\":\"WebPage\",\"@id\":\"https:\/\/novakmarket.com\/produit\/refrigerateur-congelateur-bas\/\",\"url\":\"https:\/\/novakmarket.com\/produit\/refrigerateur-congelateur-bas\/\",\"name\":\"R\u00e9frig\u00e9rateur cong\u00e9lateur bas - Novak Market\",\"isPartOf\":{\"@id\":\"https:\/\/novakmarket.com\/#website\"},\"primaryImageOfPage\":{\"@id\":\"https:\/\/novakmarket.com\/produit\/refrigerateur-congelateur-bas\/#primaryimage\"},\"image\":{\"@id\":\"https:\/\/novakmarket.com\/produit\/refrigerateur-congelateur-bas\/#primaryimage\"},\"thumbnailUrl\":\"https:\/\/novakmarket.com\/wp-content\/uploads\/2021\/11\/W13.jpg\",\"datePublished\":\"2021-11-29T19:21:08+00:00\",\"dateModified\":\"2021-12-02T12:35:29+00:00\",\"breadcrumb\":{\"@id\":\"https:\/\/novakmarket.com\/produit\/refrigerateur-congelateur-bas\/#breadcrumb\"},\"inLanguage\":\"es\",\"potentialAction\":[{\"@type\":\"ReadAction\",\"target\":[\"https:\/\/novakmarket.com\/produit\/refrigerateur-congelateur-bas\/\"]}]},{\"@type\":\"ImageObject\",\"inLanguage\":\"es\",\"@id\":\"https:\/\/novakmarket.com\/produit\/refrigerateur-congelateur-bas\/#primaryimage\",\"url\":\"https:\/\/novakmarket.com\/wp-content\/uploads\/2021\/11\/W13.jpg\",\"contentUrl\":\"https:\/\/novakmarket.com\/wp-content\/uploads\/2021\/11\/W13.jpg\",\"width\":700,\"height\":700},{\"@type\":\"BreadcrumbList\",\"@id\":\"https:\/\/novakmarket.com\/produit\/refrigerateur-congelateur-bas\/#breadcrumb\",\"itemListElement\":[{\"@type\":\"ListItem\",\"position\":1,\"name\":\"Accueil\",\"item\":\"https:\/\/novakmarket.com\/\"},{\"@type\":\"ListItem\",\"position\":2,\"name\":\"Boutique\",\"item\":\"https:\/\/novakmarket.com\/shop\/\"},{\"@type\":\"ListItem\",\"position\":3,\"name\":\"R\u00e9frig\u00e9rateur cong\u00e9lateur bas\"}]},{\"@type\":\"WebSite\",\"@id\":\"https:\/\/novakmarket.com\/#website\",\"url\":\"https:\/\/novakmarket.com\/\",\"name\":\"Novak Market\",\"description\":\"Vente de produits \u00e9lectroniques.\",\"publisher\":{\"@id\":\"https:\/\/novakmarket.com\/#organization\"},\"potentialAction\":[{\"@type\":\"SearchAction\",\"target\":{\"@type\":\"EntryPoint\",\"urlTemplate\":\"https:\/\/novakmarket.com\/?s={search_term_string}\"},\"query-input\":{\"@type\":\"PropertyValueSpecification\",\"valueRequired\":true,\"valueName\":\"search_term_string\"}}],\"inLanguage\":\"es\"},{\"@type\":\"Organization\",\"@id\":\"https:\/\/novakmarket.com\/#organization\",\"name\":\"Novak Market\",\"url\":\"https:\/\/novakmarket.com\/\",\"logo\":{\"@type\":\"ImageObject\",\"inLanguage\":\"es\",\"@id\":\"https:\/\/novakmarket.com\/#\/schema\/logo\/image\/\",\"url\":\"https:\/\/novakmarket.com\/wp-content\/uploads\/2026\/02\/cropped-footer-pc-removebg-preview.png\",\"contentUrl\":\"https:\/\/novakmarket.com\/wp-content\/uploads\/2026\/02\/cropped-footer-pc-removebg-preview.png\",\"width\":202,\"height\":73,\"caption\":\"Novak Market\"},\"image\":{\"@id\":\"https:\/\/novakmarket.com\/#\/schema\/logo\/image\/\"}}]}<\/script>\n<!-- \/ Yoast SEO plugin. -->","yoast_head_json":{"title":"R\u00e9frig\u00e9rateur cong\u00e9lateur bas - Novak Market","robots":{"index":"index","follow":"follow","max-snippet":"max-snippet:-1","max-image-preview":"max-image-preview:large","max-video-preview":"max-video-preview:-1"},"canonical":"https:\/\/novakmarket.com\/es\/producto\/refrigerateur-congelateur-bas\/","og_locale":"es_ES","og_type":"article","og_title":"R\u00e9frig\u00e9rateur cong\u00e9lateur bas - Novak Market","og_description":"Nom du produit INDESIT NCAA 55 NX - R\u00e9frig\u00e9rateur cong\u00e9lateur bas  Cat\u00e9gorie R\u00c9FRIG\u00c9RATEUR CLASSIQUE  Informations sur le produit  Couleur(s) Inox  G\u00e9n\u00e9ral  Type de Produit R\u00e9frig\u00e9rateur\/cong\u00e9lateur - cong\u00e9lateur bas  Classe \u00e9nerg\u00e9tique Classe A+  Consommation d'\u00e9nergie annuelle 253 kWh  Volume utile total 217 litres  Volume utile de r\u00e9frig\u00e9rateur 150 litres  Volume utile de cong\u00e9lateur 67 litres  Classe climatique SN-N-ST-T  Nombre d'\u00e9toiles du compartiment cong\u00e9lation ****  Niveau sonore maximum 43 dB  Format Pose libre  Couleur Acier inoxydable  Nombre de portes 2  Portes r\u00e9versibles Oui  Autonomie en cas de coupure 15 hrs  Nombre de compresseurs 1  Type(s) de froid Froid statique","og_url":"https:\/\/novakmarket.com\/es\/producto\/refrigerateur-congelateur-bas\/","og_site_name":"Novak Market","article_modified_time":"2021-12-02T12:35:29+00:00","og_image":[{"width":700,"height":700,"url":"https:\/\/novakmarket.com\/wp-content\/uploads\/2021\/11\/W13.jpg","type":"image\/jpeg"}],"twitter_card":"summary_large_image","schema":{"@context":"https:\/\/schema.org","@graph":[{"@type":"WebPage","@id":"https:\/\/novakmarket.com\/produit\/refrigerateur-congelateur-bas\/","url":"https:\/\/novakmarket.com\/produit\/refrigerateur-congelateur-bas\/","name":"R\u00e9frig\u00e9rateur cong\u00e9lateur bas - Novak Market","isPartOf":{"@id":"https:\/\/novakmarket.com\/#website"},"primaryImageOfPage":{"@id":"https:\/\/novakmarket.com\/produit\/refrigerateur-congelateur-bas\/#primaryimage"},"image":{"@id":"https:\/\/novakmarket.com\/produit\/refrigerateur-congelateur-bas\/#primaryimage"},"thumbnailUrl":"https:\/\/novakmarket.com\/wp-content\/uploads\/2021\/11\/W13.jpg","datePublished":"2021-11-29T19:21:08+00:00","dateModified":"2021-12-02T12:35:29+00:00","breadcrumb":{"@id":"https:\/\/novakmarket.com\/produit\/refrigerateur-congelateur-bas\/#breadcrumb"},"inLanguage":"es","potentialAction":[{"@type":"ReadAction","target":["https:\/\/novakmarket.com\/produit\/refrigerateur-congelateur-bas\/"]}]},{"@type":"ImageObject","inLanguage":"es","@id":"https:\/\/novakmarket.com\/produit\/refrigerateur-congelateur-bas\/#primaryimage","url":"https:\/\/novakmarket.com\/wp-content\/uploads\/2021\/11\/W13.jpg","contentUrl":"https:\/\/novakmarket.com\/wp-content\/uploads\/2021\/11\/W13.jpg","width":700,"height":700},{"@type":"BreadcrumbList","@id":"https:\/\/novakmarket.com\/produit\/refrigerateur-congelateur-bas\/#breadcrumb","itemListElement":[{"@type":"ListItem","position":1,"name":"Accueil","item":"https:\/\/novakmarket.com\/"},{"@type":"ListItem","position":2,"name":"Boutique","item":"https:\/\/novakmarket.com\/shop\/"},{"@type":"ListItem","position":3,"name":"R\u00e9frig\u00e9rateur cong\u00e9lateur bas"}]},{"@type":"WebSite","@id":"https:\/\/novakmarket.com\/#website","url":"https:\/\/novakmarket.com\/","name":"Novak Market","description":"Vente de produits \u00e9lectroniques.","publisher":{"@id":"https:\/\/novakmarket.com\/#organization"},"potentialAction":[{"@type":"SearchAction","target":{"@type":"EntryPoint","urlTemplate":"https:\/\/novakmarket.com\/?s={search_term_string}"},"query-input":{"@type":"PropertyValueSpecification","valueRequired":true,"valueName":"search_term_string"}}],"inLanguage":"es"},{"@type":"Organization","@id":"https:\/\/novakmarket.com\/#organization","name":"Novak Market","url":"https:\/\/novakmarket.com\/","logo":{"@type":"ImageObject","inLanguage":"es","@id":"https:\/\/novakmarket.com\/#\/schema\/logo\/image\/","url":"https:\/\/novakmarket.com\/wp-content\/uploads\/2026\/02\/cropped-footer-pc-removebg-preview.png","contentUrl":"https:\/\/novakmarket.com\/wp-content\/uploads\/2026\/02\/cropped-footer-pc-removebg-preview.png","width":202,"height":73,"caption":"Novak Market"},"image":{"@id":"https:\/\/novakmarket.com\/#\/schema\/logo\/image\/"}}]}},"_links":{"self":[{"href":"https:\/\/novakmarket.com\/es\/wp-json\/wp\/v2\/product\/6493","targetHints":{"allow":["GET"]}}],"collection":[{"href":"https:\/\/novakmarket.com\/es\/wp-json\/wp\/v2\/product"}],"about":[{"href":"https:\/\/novakmarket.com\/es\/wp-json\/wp\/v2\/types\/product"}],"replies":[{"embeddable":true,"href":"https:\/\/novakmarket.com\/es\/wp-json\/wp\/v2\/comments?post=6493"}],"wp:featuredmedia":[{"embeddable":true,"href":"https:\/\/novakmarket.com\/es\/wp-json\/wp\/v2\/media\/6561"}],"wp:attachment":[{"href":"https:\/\/novakmarket.com\/es\/wp-json\/wp\/v2\/media?parent=6493"}],"wp:term":[{"taxonomy":"product_brand","embeddable":true,"href":"https:\/\/novakmarket.com\/es\/wp-json\/wp\/v2\/product_brand?post=6493"},{"taxonomy":"product_cat","embeddable":true,"href":"https:\/\/novakmarket.com\/es\/wp-json\/wp\/v2\/product_cat?post=6493"},{"taxonomy":"product_tag","embeddable":true,"href":"https:\/\/novakmarket.com\/es\/wp-json\/wp\/v2\/product_tag?post=6493"}],"curies":[{"name":"wp","href":"https:\/\/api.w.org\/{rel}","templated":true}]}}