{"id":6646,"date":"2021-11-29T20:22:31","date_gmt":"2021-11-29T19:22:31","guid":{"rendered":"https:\/\/bestymarketshop.com\/?post_type=product&#038;p=6646"},"modified":"2021-12-02T16:23:26","modified_gmt":"2021-12-02T15:23:26","slug":"huawei-p30-pro-mystic-blue-128-go","status":"publish","type":"product","link":"https:\/\/novakmarket.com\/es\/producto\/huawei-p30-pro-mystic-blue-128-go\/","title":{"rendered":"HUAWEI P30 Pro Mystic Blue 128 Go"},"content":{"rendered":"<p><img loading=\"lazy\" decoding=\"async\" class=\"alignnone size-medium wp-image-8694\" src=\"https:\/\/e-marketshopping.com\/wp-content\/uploads\/2020\/07\/H1616-300x300.jpg\" alt=\"\" width=\"300\" height=\"300\" \/><\/p>\n<ul>\n<li>Taille de la diagonale : 6.47&#8243;<\/li>\n<li>R\u00e9solution du capteur : 40 m\u00e9gapixels<\/li>\n<li>Capacit\u00e9 : 4200 mAh<\/li>\n<li>Capacit\u00e9 de la m\u00e9moire interne : 128 Go<\/li>\n<li>8 coeurs<\/li>\n<\/ul>\n<div class=\"jsFpBulletPointMore\">\n<ul>\n<li>RAM : 8 Go<\/li>\n<li>G\u00e9n\u00e9ration \u00e0 haut d\u00e9bit mobile : 4G<\/li>\n<li>Syst\u00e8me d&#8217;exploitation : Android 9.0 Pie<\/li>\n<\/ul>\n<\/div>","protected":false},"excerpt":{"rendered":"<table class=\"fpDescTb fpDescTbPub\">\n<tbody>\n<tr>\n<td>Nom du produit<\/td>\n<td>HUAWEI P30 Pro Mystic Blue 128 Go<\/td>\n<\/tr>\n<tr>\n<td>Cat\u00e9gorie<\/td>\n<td>SMARTPHONE<\/td>\n<\/tr>\n<tr>\n<th colspan=\"2\">Informations sur le produit<\/th>\n<\/tr>\n<tr>\n<td>Sous-\u00e9tat<\/td>\n<td>Neuf<\/td>\n<\/tr>\n<tr>\n<td>Couleur(s)<\/td>\n<td>Mystic Blue<\/td>\n<\/tr>\n<tr>\n<td>Information DAS<\/td>\n<td>Le DAS (d\u00e9bit d\u2019absorption sp\u00e9cifique) des t\u00e9l\u00e9phones mobiles quantifie le niveau d\u2019exposition<br \/>\nmaximal de l\u2019utilisateur aux ondes \u00e9lectromagn\u00e9tiques, pour une utilisation \u00e0 l\u2019oreille.<br \/>\nLa r\u00e9glementation fran\u00e7aise impose que le DAS ne d\u00e9passe pas 2W\/kg<\/td>\n<\/tr>\n<tr>\n<td>Capacit\u00e9 (m\u00e9moire)<\/td>\n<td>128 Go<\/td>\n<\/tr>\n<tr>\n<th colspan=\"2\">G\u00e9n\u00e9ral<\/th>\n<\/tr>\n<tr>\n<td>Type de Produit<\/td>\n<td>Smartphone<\/td>\n<\/tr>\n<tr>\n<td>Composants int\u00e9gr\u00e9s<\/td>\n<td>Cam\u00e9ra avant, enregistreur vocal, navigation, lecteur num\u00e9rique, cam\u00e9ra arri\u00e8re quad, cam\u00e9ra 3D TOF<\/td>\n<\/tr>\n<tr>\n<td>Mat\u00e9riau du boitier<\/td>\n<td>Verre courb\u00e9 3D<\/td>\n<\/tr>\n<tr>\n<td>Couleur du boitier<\/td>\n<td>Bleu mystique<\/td>\n<\/tr>\n<tr>\n<td>Profondeur<\/td>\n<td>8.41 mm<\/td>\n<\/tr>\n<tr>\n<td>Largeur<\/td>\n<td>73.4 mm<\/td>\n<\/tr>\n<tr>\n<td>Hauteur<\/td>\n<td>158 mm<\/td>\n<\/tr>\n<tr>\n<td>Poids<\/td>\n<td>192 g<\/td>\n<\/tr>\n<tr>\n<td>Valeur DAS<\/td>\n<td>0,99 W\/kg (corps) \/ 0,64 W\/kg (t\u00eate), 3,19 W\/kg (membre)<\/td>\n<\/tr>\n<tr>\n<td>Protection<\/td>\n<td>Anti-poussi\u00e8re, anti-\u00e9claboussement, \u00e9tanche<\/td>\n<\/tr>\n<tr>\n<td>Format<\/td>\n<td>Tactile<\/td>\n<\/tr>\n<tr>\n<td>Num\u00e9ro de mod\u00e8le du fabricant<\/td>\n<td>VOG-L29<\/td>\n<\/tr>\n<tr>\n<th colspan=\"2\">T\u00e9l\u00e9phone mobile<\/th>\n<\/tr>\n<tr>\n<td>Syst\u00e8me d&#8217;exploitation<\/td>\n<td>Android 9.0 Pie<\/td>\n<\/tr>\n<tr>\n<td>Technologie<\/td>\n<td>WCDMA (UMTS) \/ GSM<\/td>\n<\/tr>\n<tr>\n<td>G\u00e9n\u00e9ration \u00e0 haut d\u00e9bit mobile<\/td>\n<td>4G<\/td>\n<\/tr>\n<tr>\n<td>Fournisseur de services<\/td>\n<td>Non sp\u00e9cifi\u00e9<\/td>\n<\/tr>\n<tr>\n<td>Interface utilisateur<\/td>\n<td>EMUI 9.1<\/td>\n<\/tr>\n<tr>\n<td>Type de carte SIM<\/td>\n<td>Nano SIM<\/td>\n<\/tr>\n<tr>\n<td>Navigation<\/td>\n<td>GPS, A-GPS, GLONASS, BeiDou, Galileo, QZSS<\/td>\n<\/tr>\n<tr>\n<td>Appareil d&#8217;entr\u00e9e<\/td>\n<td>Multi-touches<\/td>\n<\/tr>\n<tr>\n<td>Qt\u00e9 de carte SIM<\/td>\n<td>Double SIM<\/td>\n<\/tr>\n<tr>\n<th colspan=\"2\">Processeur<\/th>\n<\/tr>\n<tr>\n<td>Type<\/td>\n<td>Hisilicon Kirin 980<\/td>\n<\/tr>\n<tr>\n<td>Qt\u00e9 de coeur de processeur<\/td>\n<td>8 coeurs<\/td>\n<\/tr>\n<tr>\n<td>Architecture 64 bits<\/td>\n<td>Oui<\/td>\n<\/tr>\n<tr>\n<td>Fr\u00e9quence d&#8217;horloge<\/td>\n<td>2.6 GHz<\/td>\n<\/tr>\n<tr>\n<th colspan=\"2\">Affichage<\/th>\n<\/tr>\n<tr>\n<td>Caract\u00e9ristiques<\/td>\n<td>Verre 3D incurv\u00e9, gamme de couleurs DCI-P3 Wide, Affichage Dewdrop<\/td>\n<\/tr>\n<tr>\n<td>Type<\/td>\n<td>Ecran OEL<\/td>\n<\/tr>\n<tr>\n<td>Taille de la diagonale<\/td>\n<td>6.47&#8243;<\/td>\n<\/tr>\n<tr>\n<td>R\u00e9solution d&#8217;\u00e9cran<\/td>\n<td>2340 x 1080 pixels<\/td>\n<\/tr>\n<tr>\n<td>Profondeur d&#8217;\u00e9chantillonnage<\/td>\n<td>16,7 millions de couleurs<\/td>\n<\/tr>\n<tr>\n<td>Format d&#8217;affichage<\/td>\n<td>Full HD+<\/td>\n<\/tr>\n<tr>\n<th colspan=\"2\">Messagerie et Internet<\/th>\n<\/tr>\n<tr>\n<td>Services de messagerie<\/td>\n<td>SMS, MMS<\/td>\n<\/tr>\n<tr>\n<td>Blogs et r\u00e9seaux sociaux pris en charge<\/td>\n<td>Oui<\/td>\n<\/tr>\n<tr>\n<th colspan=\"2\">Communications<\/th>\n<\/tr>\n<tr>\n<td>Interface sans fil<\/td>\n<td>NFC, IEEE 802.11a\/b\/g\/n\/ac, Bluetooth 5.0<\/td>\n<\/tr>\n<tr>\n<td>Profils Bluetooth<\/td>\n<td>SBC<\/td>\n<\/tr>\n<tr>\n<td>Bande 2G<\/td>\n<td>GSM 850\/900\/1800\/1900<\/td>\n<\/tr>\n<tr>\n<td>Bande 4G LTE<\/td>\n<td>Bande 1, Bande 2, Bande 3, Bande 4, Bande 5, Bande 6, Bande 7, Bande 8, Bande 9, Bande 12, Bande 17, Bande 18, Bande 19, Bande 20, Bande 26, Bande 28, Bande 32, Bande 34, Bande 38, Bande 39, Bande 40<\/td>\n<\/tr>\n<tr>\n<td>Fr\u00e9quence LTE 4G<\/td>\n<td>FDD 2100, FDD 1900 PCS, FDD 1800+, FDD 1700 &#8211; 2110 AWS, FDD 850, FDD 850, FDD 2600, FDD 900, FDD 1800, FDD 700a, FDD 700b, FDD 800 inf\u00e9rieur, FDD 800 sup\u00e9rieur, FDD 800 DD, FDD 850+, FDD 700 APT, FDD 1500 L, TDD 2000, TDD 2600, TDD 1900, TDD 2300<\/td>\n<\/tr>\n<tr>\n<td>Bande 3G UMTS<\/td>\n<td>Bande 1, Bande 2, Bande 4, Bande 5, Bande 6, Bande 8, Bande 19<\/td>\n<\/tr>\n<tr>\n<td>Fr\u00e9quence UMTS 3G<\/td>\n<td>2100, 1900, 1700, 850, 800, 900, 800<\/td>\n<\/tr>\n<tr>\n<td>Transmission de donn\u00e9es<\/td>\n<td>GPRS, EDGE, HSDPA, HSUPA, HSPA+, FDD-LTE, TDD-LTE<\/td>\n<\/tr>\n<tr>\n<th colspan=\"2\">Caract\u00e9ristiques du t\u00e9l\u00e9phone<\/th>\n<\/tr>\n<tr>\n<td>Fonctions du t\u00e9l\u00e9phone<\/td>\n<td>T\u00e9l\u00e9phone \u00e0 haut parleur, commande vocale, compteur d&#8217;appels, t\u00e9l\u00e9conf\u00e9rence, mode avion, num\u00e9rotation vocale, vibreur<\/td>\n<\/tr>\n<tr>\n<td>Capteurs<\/td>\n<td>D\u00e9tecteur de lumi\u00e8re ambiante, Capteur de proximit\u00e9, boussole num\u00e9rique, capteur gyroscopique, capteur \u00e0 effet Hall, capteur de gravit\u00e9, capteur infrarouge (IR), capteur de temp\u00e9rature de couleur<\/td>\n<\/tr>\n<tr>\n<td>P\u00e9riph\u00e9riques de s\u00e9curit\u00e9<\/td>\n<td>Lecteur d&#8217;empreinte digitale (sous l&#8217;affichage)<\/td>\n<\/tr>\n<tr>\n<td>Fonctions suppl\u00e9mentaires<\/td>\n<td>Dual Neural Network Processing Unit, Huawei Share OneHop, AR Measure, Technologie d&#8217;affichage acoustique HUAWEI, HUAWEI Dual-View Video<\/td>\n<\/tr>\n<tr>\n<th colspan=\"2\">Lecteur multim\u00e9dia<\/th>\n<\/tr>\n<tr>\n<td>Normes vid\u00e9o num\u00e9riques prises en charge<\/td>\n<td>MPEG-4, 3GP<\/td>\n<\/tr>\n<tr>\n<td>Am\u00e9liorations sonores<\/td>\n<td>Son Dolby Digital Plus, technologie de son Dolby Atmos, son Dolby Digital<\/td>\n<\/tr>\n<tr>\n<td>Normes audionum\u00e9riques prises en charge<\/td>\n<td>WAV, AAC, AMR, MP3, FLAC, OGG, MIDI, apt-X, LDAC, MP4, SBC, apt-X HD, HWA<\/td>\n<\/tr>\n<tr>\n<th colspan=\"2\">M\u00e9moire<\/th>\n<\/tr>\n<tr>\n<td>RAM<\/td>\n<td>8 Go<\/td>\n<\/tr>\n<tr>\n<td>Capacit\u00e9 de la m\u00e9moire interne<\/td>\n<td>128 Go<\/td>\n<\/tr>\n<tr>\n<th colspan=\"2\">Connexions<\/th>\n<\/tr>\n<tr>\n<td>Type de connecteur<\/td>\n<td>USB Type-C &#8211; 24 pin USB-C<\/td>\n<\/tr>\n<tr>\n<th colspan=\"2\">Batterie<\/th>\n<\/tr>\n<tr>\n<td>Capacit\u00e9<\/td>\n<td>4200 mAh<\/td>\n<\/tr>\n<tr>\n<td>Chargement sans fil<\/td>\n<td>Oui<\/td>\n<\/tr>\n<tr>\n<td>Normes de facturation sans fil<\/td>\n<td>Qi<\/td>\n<\/tr>\n<tr>\n<td>Technologie de charge rapide<\/td>\n<td>Technologie HUAWEI SuperCharge, HUAWEI Wireless Quick Charge<\/td>\n<\/tr>\n<tr>\n<th colspan=\"2\">Divers<\/th>\n<\/tr>\n<tr>\n<td>Normes de conformit\u00e9<\/td>\n<td>IEC 60529 IP68, IEC 60529<\/td>\n<\/tr>\n<\/tbody>\n<\/table>","protected":false},"featured_media":6676,"comment_status":"open","ping_status":"closed","template":"","meta":{"_acf_changed":false},"product_brand":[],"product_cat":[295,280],"product_tag":[],"class_list":{"0":"post-6646","1":"product","2":"type-product","3":"status-publish","4":"has-post-thumbnail","6":"product_cat-huawei","7":"product_cat-smart-phones-tablets","9":"first","10":"instock","11":"shipping-taxable","12":"purchasable","13":"product-type-simple"},"acf":[],"yoast_head":"<!-- This site is optimized with the Yoast SEO plugin v27.2 - https:\/\/yoast.com\/product\/yoast-seo-wordpress\/ -->\n<title>HUAWEI P30 Pro Mystic Blue 128 Go - Novak Market<\/title>\n<meta name=\"robots\" content=\"index, follow, max-snippet:-1, max-image-preview:large, max-video-preview:-1\" \/>\n<link rel=\"canonical\" href=\"https:\/\/novakmarket.com\/es\/producto\/huawei-p30-pro-mystic-blue-128-go\/\" \/>\n<meta property=\"og:locale\" content=\"es_ES\" \/>\n<meta property=\"og:type\" content=\"article\" \/>\n<meta property=\"og:title\" content=\"HUAWEI P30 Pro Mystic Blue 128 Go - Novak Market\" \/>\n<meta property=\"og:description\" content=\"Nom du produit HUAWEI P30 Pro Mystic Blue 128 Go  Cat\u00e9gorie SMARTPHONE  Informations sur le produit  Sous-\u00e9tat Neuf  Couleur(s) Mystic Blue  Information DAS Le DAS (d\u00e9bit d\u2019absorption sp\u00e9cifique) des t\u00e9l\u00e9phones mobiles quantifie le niveau d\u2019exposition maximal de l\u2019utilisateur aux ondes \u00e9lectromagn\u00e9tiques, pour une utilisation \u00e0 l\u2019oreille. La r\u00e9glementation fran\u00e7aise impose que le DAS ne d\u00e9passe pas 2W\/kg  Capacit\u00e9 (m\u00e9moire) 128 Go  G\u00e9n\u00e9ral  Type de Produit Smartphone  Composants int\u00e9gr\u00e9s Cam\u00e9ra avant, enregistreur vocal, navigation, lecteur num\u00e9rique, cam\u00e9ra arri\u00e8re quad, cam\u00e9ra 3D TOF  Mat\u00e9riau du boitier Verre courb\u00e9 3D  Couleur du boitier Bleu mystique  Profondeur 8.41 mm  Largeur 73.4 mm  Hauteur 158 mm  Poids 192 g  Valeur DAS 0,99 W\/kg (corps) \/ 0,64 W\/kg (t\u00eate), 3,19 W\/kg (membre)  Protection Anti-poussi\u00e8re, anti-\u00e9claboussement, \u00e9tanche  Format Tactile  Num\u00e9ro de mod\u00e8le du fabricant VOG-L29  T\u00e9l\u00e9phone mobile  Syst\u00e8me d&#039;exploitation Android 9.0 Pie  Technologie WCDMA (UMTS) \/ GSM  G\u00e9n\u00e9ration \u00e0 haut d\u00e9bit mobile 4G  Fournisseur de services Non sp\u00e9cifi\u00e9  Interface utilisateur EMUI 9.1  Type de carte SIM Nano SIM  Navigation GPS, A-GPS, GLONASS, BeiDou, Galileo, QZSS  Appareil d&#039;entr\u00e9e Multi-touches  Qt\u00e9 de carte SIM Double SIM  Processeur  Type Hisilicon Kirin 980  Qt\u00e9 de coeur de processeur 8 coeurs  Architecture 64 bits Oui  Fr\u00e9quence d&#039;horloge 2.6 GHz  Affichage  Caract\u00e9ristiques Verre 3D incurv\u00e9, gamme de couleurs DCI-P3 Wide, Affichage Dewdrop  Type Ecran OEL  Taille de la diagonale 6.47&quot;  R\u00e9solution d&#039;\u00e9cran 2340 x 1080 pixels  Profondeur d&#039;\u00e9chantillonnage 16,7 millions de couleurs  Format d&#039;affichage Full HD+  Messagerie et Internet  Services de messagerie SMS, MMS  Blogs et r\u00e9seaux sociaux pris en charge Oui  Communications  Interface sans fil NFC, IEEE 802.11a\/b\/g\/n\/ac, Bluetooth 5.0  Profils Bluetooth SBC  Bande 2G GSM 850\/900\/1800\/1900  Bande 4G LTE Bande 1, Bande 2, Bande 3, Bande 4, Bande 5, Bande 6, Bande 7, Bande 8, Bande 9, Bande 12, Bande 17, Bande 18, Bande 19, Bande 20, Bande 26, Bande 28, Bande 32, Bande 34, Bande 38, Bande 39, Bande 40  Fr\u00e9quence LTE 4G FDD 2100, FDD 1900 PCS, FDD 1800+, FDD 1700 - 2110 AWS, FDD 850, FDD 850, FDD 2600, FDD 900, FDD 1800, FDD 700a, FDD 700b, FDD 800 inf\u00e9rieur, FDD 800 sup\u00e9rieur, FDD 800 DD, FDD 850+, FDD 700 APT, FDD 1500 L, TDD 2000, TDD 2600, TDD 1900, TDD 2300  Bande 3G UMTS Bande 1, Bande 2, Bande 4, Bande 5, Bande 6, Bande 8, Bande 19  Fr\u00e9quence UMTS 3G 2100, 1900, 1700, 850, 800, 900, 800  Transmission de donn\u00e9es GPRS, EDGE, HSDPA, HSUPA, HSPA+, FDD-LTE, TDD-LTE  Caract\u00e9ristiques du t\u00e9l\u00e9phone  Fonctions du t\u00e9l\u00e9phone T\u00e9l\u00e9phone \u00e0 haut parleur, commande vocale, compteur d&#039;appels, t\u00e9l\u00e9conf\u00e9rence, mode avion, num\u00e9rotation vocale, vibreur  Capteurs D\u00e9tecteur de lumi\u00e8re ambiante, Capteur de proximit\u00e9, boussole num\u00e9rique, capteur gyroscopique, capteur \u00e0 effet Hall, capteur de gravit\u00e9, capteur infrarouge (IR), capteur de temp\u00e9rature de couleur  P\u00e9riph\u00e9riques de s\u00e9curit\u00e9 Lecteur d&#039;empreinte digitale (sous l&#039;affichage)  Fonctions suppl\u00e9mentaires Dual Neural Network Processing Unit, Huawei Share OneHop, AR Measure, Technologie d&#039;affichage acoustique HUAWEI, HUAWEI Dual-View Video  Lecteur multim\u00e9dia  Normes vid\u00e9o num\u00e9riques prises en charge MPEG-4, 3GP  Am\u00e9liorations sonores Son Dolby Digital Plus, technologie de son Dolby Atmos, son Dolby Digital  Normes audionum\u00e9riques prises en charge WAV, AAC, AMR, MP3, FLAC, OGG, MIDI, apt-X, LDAC, MP4, SBC, apt-X HD, HWA  M\u00e9moire  RAM 8 Go  Capacit\u00e9 de la m\u00e9moire interne 128 Go  Connexions  Type de connecteur USB Type-C - 24 pin USB-C  Batterie  Capacit\u00e9 4200 mAh  Chargement sans fil Oui  Normes de facturation sans fil Qi  Technologie de charge rapide Technologie HUAWEI SuperCharge, HUAWEI Wireless Quick Charge  Divers  Normes de conformit\u00e9 IEC 60529 IP68, IEC 60529\" \/>\n<meta property=\"og:url\" content=\"https:\/\/novakmarket.com\/es\/producto\/huawei-p30-pro-mystic-blue-128-go\/\" \/>\n<meta property=\"og:site_name\" content=\"Novak Market\" \/>\n<meta property=\"article:modified_time\" content=\"2021-12-02T15:23:26+00:00\" \/>\n<meta property=\"og:image\" content=\"https:\/\/novakmarket.com\/wp-content\/uploads\/2021\/11\/H1616.jpg\" \/>\n\t<meta property=\"og:image:width\" content=\"700\" \/>\n\t<meta property=\"og:image:height\" content=\"700\" \/>\n\t<meta property=\"og:image:type\" content=\"image\/jpeg\" \/>\n<meta name=\"twitter:card\" content=\"summary_large_image\" \/>\n<script type=\"application\/ld+json\" class=\"yoast-schema-graph\">{\"@context\":\"https:\/\/schema.org\",\"@graph\":[{\"@type\":\"WebPage\",\"@id\":\"https:\/\/novakmarket.com\/produit\/huawei-p30-pro-mystic-blue-128-go\/\",\"url\":\"https:\/\/novakmarket.com\/produit\/huawei-p30-pro-mystic-blue-128-go\/\",\"name\":\"HUAWEI P30 Pro Mystic Blue 128 Go - Novak Market\",\"isPartOf\":{\"@id\":\"https:\/\/novakmarket.com\/#website\"},\"primaryImageOfPage\":{\"@id\":\"https:\/\/novakmarket.com\/produit\/huawei-p30-pro-mystic-blue-128-go\/#primaryimage\"},\"image\":{\"@id\":\"https:\/\/novakmarket.com\/produit\/huawei-p30-pro-mystic-blue-128-go\/#primaryimage\"},\"thumbnailUrl\":\"https:\/\/novakmarket.com\/wp-content\/uploads\/2021\/11\/H1616.jpg\",\"datePublished\":\"2021-11-29T19:22:31+00:00\",\"dateModified\":\"2021-12-02T15:23:26+00:00\",\"breadcrumb\":{\"@id\":\"https:\/\/novakmarket.com\/produit\/huawei-p30-pro-mystic-blue-128-go\/#breadcrumb\"},\"inLanguage\":\"es\",\"potentialAction\":[{\"@type\":\"ReadAction\",\"target\":[\"https:\/\/novakmarket.com\/produit\/huawei-p30-pro-mystic-blue-128-go\/\"]}]},{\"@type\":\"ImageObject\",\"inLanguage\":\"es\",\"@id\":\"https:\/\/novakmarket.com\/produit\/huawei-p30-pro-mystic-blue-128-go\/#primaryimage\",\"url\":\"https:\/\/novakmarket.com\/wp-content\/uploads\/2021\/11\/H1616.jpg\",\"contentUrl\":\"https:\/\/novakmarket.com\/wp-content\/uploads\/2021\/11\/H1616.jpg\",\"width\":700,\"height\":700},{\"@type\":\"BreadcrumbList\",\"@id\":\"https:\/\/novakmarket.com\/produit\/huawei-p30-pro-mystic-blue-128-go\/#breadcrumb\",\"itemListElement\":[{\"@type\":\"ListItem\",\"position\":1,\"name\":\"Accueil\",\"item\":\"https:\/\/novakmarket.com\/\"},{\"@type\":\"ListItem\",\"position\":2,\"name\":\"Boutique\",\"item\":\"https:\/\/novakmarket.com\/shop\/\"},{\"@type\":\"ListItem\",\"position\":3,\"name\":\"HUAWEI P30 Pro Mystic Blue 128 Go\"}]},{\"@type\":\"WebSite\",\"@id\":\"https:\/\/novakmarket.com\/#website\",\"url\":\"https:\/\/novakmarket.com\/\",\"name\":\"Novak Market\",\"description\":\"Vente de produits \u00e9lectroniques.\",\"publisher\":{\"@id\":\"https:\/\/novakmarket.com\/#organization\"},\"potentialAction\":[{\"@type\":\"SearchAction\",\"target\":{\"@type\":\"EntryPoint\",\"urlTemplate\":\"https:\/\/novakmarket.com\/?s={search_term_string}\"},\"query-input\":{\"@type\":\"PropertyValueSpecification\",\"valueRequired\":true,\"valueName\":\"search_term_string\"}}],\"inLanguage\":\"es\"},{\"@type\":\"Organization\",\"@id\":\"https:\/\/novakmarket.com\/#organization\",\"name\":\"Novak Market\",\"url\":\"https:\/\/novakmarket.com\/\",\"logo\":{\"@type\":\"ImageObject\",\"inLanguage\":\"es\",\"@id\":\"https:\/\/novakmarket.com\/#\/schema\/logo\/image\/\",\"url\":\"https:\/\/novakmarket.com\/wp-content\/uploads\/2026\/02\/cropped-footer-pc-removebg-preview.png\",\"contentUrl\":\"https:\/\/novakmarket.com\/wp-content\/uploads\/2026\/02\/cropped-footer-pc-removebg-preview.png\",\"width\":202,\"height\":73,\"caption\":\"Novak Market\"},\"image\":{\"@id\":\"https:\/\/novakmarket.com\/#\/schema\/logo\/image\/\"}}]}<\/script>\n<!-- \/ Yoast SEO plugin. -->","yoast_head_json":{"title":"HUAWEI P30 Pro Mystic Blue 128 Go - Novak Market","robots":{"index":"index","follow":"follow","max-snippet":"max-snippet:-1","max-image-preview":"max-image-preview:large","max-video-preview":"max-video-preview:-1"},"canonical":"https:\/\/novakmarket.com\/es\/producto\/huawei-p30-pro-mystic-blue-128-go\/","og_locale":"es_ES","og_type":"article","og_title":"HUAWEI P30 Pro Mystic Blue 128 Go - Novak Market","og_description":"Nom du produit HUAWEI P30 Pro Mystic Blue 128 Go  Cat\u00e9gorie SMARTPHONE  Informations sur le produit  Sous-\u00e9tat Neuf  Couleur(s) Mystic Blue  Information DAS Le DAS (d\u00e9bit d\u2019absorption sp\u00e9cifique) des t\u00e9l\u00e9phones mobiles quantifie le niveau d\u2019exposition maximal de l\u2019utilisateur aux ondes \u00e9lectromagn\u00e9tiques, pour une utilisation \u00e0 l\u2019oreille. La r\u00e9glementation fran\u00e7aise impose que le DAS ne d\u00e9passe pas 2W\/kg  Capacit\u00e9 (m\u00e9moire) 128 Go  G\u00e9n\u00e9ral  Type de Produit Smartphone  Composants int\u00e9gr\u00e9s Cam\u00e9ra avant, enregistreur vocal, navigation, lecteur num\u00e9rique, cam\u00e9ra arri\u00e8re quad, cam\u00e9ra 3D TOF  Mat\u00e9riau du boitier Verre courb\u00e9 3D  Couleur du boitier Bleu mystique  Profondeur 8.41 mm  Largeur 73.4 mm  Hauteur 158 mm  Poids 192 g  Valeur DAS 0,99 W\/kg (corps) \/ 0,64 W\/kg (t\u00eate), 3,19 W\/kg (membre)  Protection Anti-poussi\u00e8re, anti-\u00e9claboussement, \u00e9tanche  Format Tactile  Num\u00e9ro de mod\u00e8le du fabricant VOG-L29  T\u00e9l\u00e9phone mobile  Syst\u00e8me d'exploitation Android 9.0 Pie  Technologie WCDMA (UMTS) \/ GSM  G\u00e9n\u00e9ration \u00e0 haut d\u00e9bit mobile 4G  Fournisseur de services Non sp\u00e9cifi\u00e9  Interface utilisateur EMUI 9.1  Type de carte SIM Nano SIM  Navigation GPS, A-GPS, GLONASS, BeiDou, Galileo, QZSS  Appareil d'entr\u00e9e Multi-touches  Qt\u00e9 de carte SIM Double SIM  Processeur  Type Hisilicon Kirin 980  Qt\u00e9 de coeur de processeur 8 coeurs  Architecture 64 bits Oui  Fr\u00e9quence d'horloge 2.6 GHz  Affichage  Caract\u00e9ristiques Verre 3D incurv\u00e9, gamme de couleurs DCI-P3 Wide, Affichage Dewdrop  Type Ecran OEL  Taille de la diagonale 6.47\"  R\u00e9solution d'\u00e9cran 2340 x 1080 pixels  Profondeur d'\u00e9chantillonnage 16,7 millions de couleurs  Format d'affichage Full HD+  Messagerie et Internet  Services de messagerie SMS, MMS  Blogs et r\u00e9seaux sociaux pris en charge Oui  Communications  Interface sans fil NFC, IEEE 802.11a\/b\/g\/n\/ac, Bluetooth 5.0  Profils Bluetooth SBC  Bande 2G GSM 850\/900\/1800\/1900  Bande 4G LTE Bande 1, Bande 2, Bande 3, Bande 4, Bande 5, Bande 6, Bande 7, Bande 8, Bande 9, Bande 12, Bande 17, Bande 18, Bande 19, Bande 20, Bande 26, Bande 28, Bande 32, Bande 34, Bande 38, Bande 39, Bande 40  Fr\u00e9quence LTE 4G FDD 2100, FDD 1900 PCS, FDD 1800+, FDD 1700 - 2110 AWS, FDD 850, FDD 850, FDD 2600, FDD 900, FDD 1800, FDD 700a, FDD 700b, FDD 800 inf\u00e9rieur, FDD 800 sup\u00e9rieur, FDD 800 DD, FDD 850+, FDD 700 APT, FDD 1500 L, TDD 2000, TDD 2600, TDD 1900, TDD 2300  Bande 3G UMTS Bande 1, Bande 2, Bande 4, Bande 5, Bande 6, Bande 8, Bande 19  Fr\u00e9quence UMTS 3G 2100, 1900, 1700, 850, 800, 900, 800  Transmission de donn\u00e9es GPRS, EDGE, HSDPA, HSUPA, HSPA+, FDD-LTE, TDD-LTE  Caract\u00e9ristiques du t\u00e9l\u00e9phone  Fonctions du t\u00e9l\u00e9phone T\u00e9l\u00e9phone \u00e0 haut parleur, commande vocale, compteur d'appels, t\u00e9l\u00e9conf\u00e9rence, mode avion, num\u00e9rotation vocale, vibreur  Capteurs D\u00e9tecteur de lumi\u00e8re ambiante, Capteur de proximit\u00e9, boussole num\u00e9rique, capteur gyroscopique, capteur \u00e0 effet Hall, capteur de gravit\u00e9, capteur infrarouge (IR), capteur de temp\u00e9rature de couleur  P\u00e9riph\u00e9riques de s\u00e9curit\u00e9 Lecteur d'empreinte digitale (sous l'affichage)  Fonctions suppl\u00e9mentaires Dual Neural Network Processing Unit, Huawei Share OneHop, AR Measure, Technologie d'affichage acoustique HUAWEI, HUAWEI Dual-View Video  Lecteur multim\u00e9dia  Normes vid\u00e9o num\u00e9riques prises en charge MPEG-4, 3GP  Am\u00e9liorations sonores Son Dolby Digital Plus, technologie de son Dolby Atmos, son Dolby Digital  Normes audionum\u00e9riques prises en charge WAV, AAC, AMR, MP3, FLAC, OGG, MIDI, apt-X, LDAC, MP4, SBC, apt-X HD, HWA  M\u00e9moire  RAM 8 Go  Capacit\u00e9 de la m\u00e9moire interne 128 Go  Connexions  Type de connecteur USB Type-C - 24 pin USB-C  Batterie  Capacit\u00e9 4200 mAh  Chargement sans fil Oui  Normes de facturation sans fil Qi  Technologie de charge rapide Technologie HUAWEI SuperCharge, HUAWEI Wireless Quick Charge  Divers  Normes de conformit\u00e9 IEC 60529 IP68, IEC 60529","og_url":"https:\/\/novakmarket.com\/es\/producto\/huawei-p30-pro-mystic-blue-128-go\/","og_site_name":"Novak Market","article_modified_time":"2021-12-02T15:23:26+00:00","og_image":[{"width":700,"height":700,"url":"https:\/\/novakmarket.com\/wp-content\/uploads\/2021\/11\/H1616.jpg","type":"image\/jpeg"}],"twitter_card":"summary_large_image","schema":{"@context":"https:\/\/schema.org","@graph":[{"@type":"WebPage","@id":"https:\/\/novakmarket.com\/produit\/huawei-p30-pro-mystic-blue-128-go\/","url":"https:\/\/novakmarket.com\/produit\/huawei-p30-pro-mystic-blue-128-go\/","name":"HUAWEI P30 Pro Mystic Blue 128 Go - Novak Market","isPartOf":{"@id":"https:\/\/novakmarket.com\/#website"},"primaryImageOfPage":{"@id":"https:\/\/novakmarket.com\/produit\/huawei-p30-pro-mystic-blue-128-go\/#primaryimage"},"image":{"@id":"https:\/\/novakmarket.com\/produit\/huawei-p30-pro-mystic-blue-128-go\/#primaryimage"},"thumbnailUrl":"https:\/\/novakmarket.com\/wp-content\/uploads\/2021\/11\/H1616.jpg","datePublished":"2021-11-29T19:22:31+00:00","dateModified":"2021-12-02T15:23:26+00:00","breadcrumb":{"@id":"https:\/\/novakmarket.com\/produit\/huawei-p30-pro-mystic-blue-128-go\/#breadcrumb"},"inLanguage":"es","potentialAction":[{"@type":"ReadAction","target":["https:\/\/novakmarket.com\/produit\/huawei-p30-pro-mystic-blue-128-go\/"]}]},{"@type":"ImageObject","inLanguage":"es","@id":"https:\/\/novakmarket.com\/produit\/huawei-p30-pro-mystic-blue-128-go\/#primaryimage","url":"https:\/\/novakmarket.com\/wp-content\/uploads\/2021\/11\/H1616.jpg","contentUrl":"https:\/\/novakmarket.com\/wp-content\/uploads\/2021\/11\/H1616.jpg","width":700,"height":700},{"@type":"BreadcrumbList","@id":"https:\/\/novakmarket.com\/produit\/huawei-p30-pro-mystic-blue-128-go\/#breadcrumb","itemListElement":[{"@type":"ListItem","position":1,"name":"Accueil","item":"https:\/\/novakmarket.com\/"},{"@type":"ListItem","position":2,"name":"Boutique","item":"https:\/\/novakmarket.com\/shop\/"},{"@type":"ListItem","position":3,"name":"HUAWEI P30 Pro Mystic Blue 128 Go"}]},{"@type":"WebSite","@id":"https:\/\/novakmarket.com\/#website","url":"https:\/\/novakmarket.com\/","name":"Novak Market","description":"Vente de produits \u00e9lectroniques.","publisher":{"@id":"https:\/\/novakmarket.com\/#organization"},"potentialAction":[{"@type":"SearchAction","target":{"@type":"EntryPoint","urlTemplate":"https:\/\/novakmarket.com\/?s={search_term_string}"},"query-input":{"@type":"PropertyValueSpecification","valueRequired":true,"valueName":"search_term_string"}}],"inLanguage":"es"},{"@type":"Organization","@id":"https:\/\/novakmarket.com\/#organization","name":"Novak Market","url":"https:\/\/novakmarket.com\/","logo":{"@type":"ImageObject","inLanguage":"es","@id":"https:\/\/novakmarket.com\/#\/schema\/logo\/image\/","url":"https:\/\/novakmarket.com\/wp-content\/uploads\/2026\/02\/cropped-footer-pc-removebg-preview.png","contentUrl":"https:\/\/novakmarket.com\/wp-content\/uploads\/2026\/02\/cropped-footer-pc-removebg-preview.png","width":202,"height":73,"caption":"Novak Market"},"image":{"@id":"https:\/\/novakmarket.com\/#\/schema\/logo\/image\/"}}]}},"_links":{"self":[{"href":"https:\/\/novakmarket.com\/es\/wp-json\/wp\/v2\/product\/6646","targetHints":{"allow":["GET"]}}],"collection":[{"href":"https:\/\/novakmarket.com\/es\/wp-json\/wp\/v2\/product"}],"about":[{"href":"https:\/\/novakmarket.com\/es\/wp-json\/wp\/v2\/types\/product"}],"replies":[{"embeddable":true,"href":"https:\/\/novakmarket.com\/es\/wp-json\/wp\/v2\/comments?post=6646"}],"wp:featuredmedia":[{"embeddable":true,"href":"https:\/\/novakmarket.com\/es\/wp-json\/wp\/v2\/media\/6676"}],"wp:attachment":[{"href":"https:\/\/novakmarket.com\/es\/wp-json\/wp\/v2\/media?parent=6646"}],"wp:term":[{"taxonomy":"product_brand","embeddable":true,"href":"https:\/\/novakmarket.com\/es\/wp-json\/wp\/v2\/product_brand?post=6646"},{"taxonomy":"product_cat","embeddable":true,"href":"https:\/\/novakmarket.com\/es\/wp-json\/wp\/v2\/product_cat?post=6646"},{"taxonomy":"product_tag","embeddable":true,"href":"https:\/\/novakmarket.com\/es\/wp-json\/wp\/v2\/product_tag?post=6646"}],"curies":[{"name":"wp","href":"https:\/\/api.w.org\/{rel}","templated":true}]}}