{"id":6655,"date":"2021-11-29T20:22:32","date_gmt":"2021-11-29T19:22:32","guid":{"rendered":"https:\/\/bestymarketshop.com\/?post_type=product&#038;p=6655"},"modified":"2021-11-29T20:22:43","modified_gmt":"2021-11-29T19:22:43","slug":"project-cars-3-jeu-ps4","status":"publish","type":"product","link":"https:\/\/novakmarket.com\/es\/producto\/project-cars-3-jeu-ps4\/","title":{"rendered":"Project Cars 3 Jeu PS4"},"content":{"rendered":"<p><img loading=\"lazy\" decoding=\"async\" class=\"alignnone size-medium wp-image-8724\" src=\"https:\/\/e-marketshopping.com\/wp-content\/uploads\/2020\/07\/P7-300x300.jpg\" alt=\"\" width=\"300\" height=\"300\" \/><\/p>\n<ul>\n<li>Plateforme : PS4<\/li>\n<li>Genre du jeu vid\u00e9o : Course<\/li>\n<li>Date de sortie march\u00e9 : 28 Ao\u00fbt 2020<\/li>\n<li>PEGI &#8211; Public : 3+<\/li>\n<li>Nombre de joueurs : En local : 1-1 En ligne : 2-16<\/li>\n<\/ul>\n<div class=\"jsFpBulletPointMore\">\n<ul>\n<li>Editeur : BANDAI NAMCO Entertainment<\/li>\n<\/ul>\n<\/div>","protected":false},"excerpt":{"rendered":"<table class=\"fpDescTb fpDescTbPub\">\n<tbody>\n<tr>\n<td>Nom du produit<\/td>\n<td>Project Cars 3 Jeu PS4<\/td>\n<\/tr>\n<tr>\n<td>Cat\u00e9gorie<\/td>\n<td>JEU PS4 NOUVEAUT\u00c9<\/td>\n<\/tr>\n<tr>\n<th colspan=\"2\">Informations G\u00e9n\u00e9rales<\/th>\n<\/tr>\n<tr>\n<td>Titre du jeu<\/td>\n<td>Project Cars 3<\/td>\n<\/tr>\n<tr>\n<td>Plateforme<\/td>\n<td>PS4<\/td>\n<\/tr>\n<tr>\n<td>Date de sortie march\u00e9<\/td>\n<td>28 Ao\u00fbt 2020<\/td>\n<\/tr>\n<tr>\n<td>Edition<\/td>\n<td>Standard<\/td>\n<\/tr>\n<tr>\n<td>Editeur<\/td>\n<td>BANDAI NAMCO Entertainment<\/td>\n<\/tr>\n<tr>\n<td>Studio de d\u00e9veloppement<\/td>\n<td>Slightly Mad Studios<\/td>\n<\/tr>\n<tr>\n<td>Licences<\/td>\n<td>Project Cars<\/td>\n<\/tr>\n<tr>\n<td>Gamme de produit<\/td>\n<td>Jeu<\/td>\n<\/tr>\n<tr>\n<td>Support du produit<\/td>\n<td>Blu-Ray<\/td>\n<\/tr>\n<tr>\n<td>Description du produit<\/td>\n<td>Project CARS 3 est le troisi\u00e8me volet de la franchise de course \u00e0 succ\u00e8s, une ode saisissante aux<br \/>\nsensations fortes, aux \u00e9motions et au divertissement du monde captivant du sport automobile. Une<br \/>\nnouvelle carri\u00e8re riche en rebondissements s&#8217;ouvre aux joueurs, des courses sauvages du week-end \u00e0<br \/>\nla l\u00e9gende du circuit.<br \/>\nUn m\u00e9tajeu fait aussi son entr\u00e9e dans la franchise, avec un d\u00e9fi lanc\u00e9 aux joueurs qui devront<br \/>\nse battre pour gagner des cr\u00e9dits de jeu, avec lesquels ils pourront acheter des centaines de<br \/>\nvoitures des marques les plus en vue pour courir sur des circuits dynamiques et spectaculaires \u00e0<br \/>\ntravers le monde, par tous les temps et dans toutes les conditions.<br \/>\nLes cr\u00e9dits et les XP gagn\u00e9s en course vous permettront aussi d&#8217;acqu\u00e9rir d&#8217;authentiques<br \/>\nam\u00e9liorations de performances et autres options de personnalisation pour votre garage de mod\u00e8les<br \/>\nexclusifs : roues, pneus, \u00e9l\u00e9ments de carrosserie ou jantes, ainsi que des options de<br \/>\npersonnalisation pour cr\u00e9er votre h\u00e9ros du circuit.<br \/>\nGr\u00e2ce \u00e0 une refonte in\u00e9gal\u00e9e du syst\u00e8me des commandes, \u00e0 un mod\u00e8le de maniabilit\u00e9 encore<br \/>\nplus pr\u00e9cis et agr\u00e9able, aux param\u00e8tres ajustables d&#8217;aptitudes pour chaque niveau de pilote et<br \/>\nchaque \u00e9l\u00e9ment m\u00e9t\u00e9orologique, Project CARS 3 est l&#8217;\u00e9volution la plus importante et la plus<br \/>\npalpitante de la franchise de course ultime.<\/td>\n<\/tr>\n<tr>\n<td>Plus produit<\/td>\n<td>PRENEZ LES COMMANDES DE VOTRE CARRI\u00c8RE<br \/>\n&#8211; Pilotez 200 voitures de route ou de course des plus grandes marques mondiales<br \/>\n&#8211; Plus de 140 circuits internationaux<br \/>\n&#8211; Un spectacle visuel r\u00e9aliste par tous les temps et toutes les saisons<br \/>\n&#8211; De nombreux kits de conversion de course<br \/>\n&#8211; Gagnez des Cr\u00e9dits et de l\u2019XP en course pour :<br \/>\n&#8211; Acheter et piloter des centaines de voitures<br \/>\n&#8211; Am\u00e9liorer vos voitures avec des pi\u00e8ces r\u00e9alistes qui modifient leur comportement et leur<br \/>\npuissance<br \/>\n&#8211; Modifier la livr\u00e9e de vos voitures avec des \u00e9l\u00e9ments inspir\u00e9s par la course et par la<br \/>\ncommunaut\u00e9, ou encore des stickers, des jantes, des pneus, des plaques d\u2019immatriculation, des<br \/>\nnum\u00e9ros, etc.<br \/>\n&#8211; Personnaliser vos pilotes (personnages, combinaisons, casques, etc.)<br \/>\nVIVEZ CHAQUE INSTANT \u00c0 FOND<br \/>\n&#8211; Assistance \u00e9volutive pour tous les niveaux de comp\u00e9tence<br \/>\n&#8211; Nouveau mod\u00e8le de pneu pour une maniabilit\u00e9 plus r\u00e9aliste et plus amusante<br \/>\n&#8211; Cycle jour-nuit, toutes saisons, toutes conditions m\u00e9t\u00e9orologiques<br \/>\n&#8211; Exp\u00e9rience de jeu incomparable<br \/>\n&#8211; Sensation de vitesse visc\u00e9rale<br \/>\n&#8211; Collisions et contacts intenses et r\u00e9alistes<br \/>\n&#8211; IA am\u00e9lior\u00e9e<br \/>\nM\u00c9RITEZ CHAQUE VICTOIRE<br \/>\n&#8211; Un nouveau mode Carri\u00e8re passionnant<br \/>\n&#8211; Passez du statut de pilote du dimanche \u00e0 celui de l\u00e9gende vivante<br \/>\n&#8211; Modes Multijoueur et Communaut\u00e9 in\u00e9dits et captivants<br \/>\n&#8211; Des d\u00e9fis quotidiens amusants<\/td>\n<\/tr>\n<tr>\n<td>Compatible VR<\/td>\n<td>Non<\/td>\n<\/tr>\n<tr>\n<td>Compatible Playstation VR<\/td>\n<td>Non<\/td>\n<\/tr>\n<tr>\n<th colspan=\"2\">Style de Jeu<\/th>\n<\/tr>\n<tr>\n<td>Genre du jeu vid\u00e9o<\/td>\n<td>Course<\/td>\n<\/tr>\n<tr>\n<td>PEGI &#8211; Public<\/td>\n<td>3+<\/td>\n<\/tr>\n<tr>\n<td>Nombre de joueurs<\/td>\n<td>En local : 1-1 En ligne : 2-16<\/td>\n<\/tr>\n<tr>\n<td>Rating ESRB<\/td>\n<td>Cote en attente<\/td>\n<\/tr>\n<tr>\n<th colspan=\"2\">Compatibilit\u00e9<\/th>\n<\/tr>\n<tr>\n<td>Mode r\u00e9seau<\/td>\n<td>Non<\/td>\n<\/tr>\n<tr>\n<td>Mode en ligne<\/td>\n<td>Oui<\/td>\n<\/tr>\n<\/tbody>\n<\/table>","protected":false},"featured_media":6685,"comment_status":"open","ping_status":"closed","template":"","meta":{"_acf_changed":false},"product_brand":[],"product_cat":[289,293,294],"product_tag":[],"class_list":{"0":"post-6655","1":"product","2":"type-product","3":"status-publish","4":"has-post-thumbnail","6":"product_cat-gaming","7":"product_cat-jeux-consoles","8":"product_cat-jeux-videos","10":"first","11":"instock","12":"shipping-taxable","13":"purchasable","14":"product-type-simple"},"acf":[],"yoast_head":"<!-- This site is optimized with the Yoast SEO plugin v27.2 - https:\/\/yoast.com\/product\/yoast-seo-wordpress\/ -->\n<title>Project Cars 3 Jeu PS4 - Novak Market<\/title>\n<meta name=\"robots\" content=\"index, follow, max-snippet:-1, max-image-preview:large, max-video-preview:-1\" \/>\n<link rel=\"canonical\" href=\"https:\/\/novakmarket.com\/es\/producto\/project-cars-3-jeu-ps4\/\" \/>\n<meta property=\"og:locale\" content=\"es_ES\" \/>\n<meta property=\"og:type\" content=\"article\" \/>\n<meta property=\"og:title\" content=\"Project Cars 3 Jeu PS4 - Novak Market\" \/>\n<meta property=\"og:description\" content=\"Nom du produit Project Cars 3 Jeu PS4  Cat\u00e9gorie JEU PS4 NOUVEAUT\u00c9  Informations G\u00e9n\u00e9rales  Titre du jeu Project Cars 3  Plateforme PS4  Date de sortie march\u00e9 28 Ao\u00fbt 2020  Edition Standard  Editeur BANDAI NAMCO Entertainment  Studio de d\u00e9veloppement Slightly Mad Studios  Licences Project Cars  Gamme de produit Jeu  Support du produit Blu-Ray  Description du produit Project CARS 3 est le troisi\u00e8me volet de la franchise de course \u00e0 succ\u00e8s, une ode saisissante aux sensations fortes, aux \u00e9motions et au divertissement du monde captivant du sport automobile. Une nouvelle carri\u00e8re riche en rebondissements s&#039;ouvre aux joueurs, des courses sauvages du week-end \u00e0 la l\u00e9gende du circuit. Un m\u00e9tajeu fait aussi son entr\u00e9e dans la franchise, avec un d\u00e9fi lanc\u00e9 aux joueurs qui devront se battre pour gagner des cr\u00e9dits de jeu, avec lesquels ils pourront acheter des centaines de voitures des marques les plus en vue pour courir sur des circuits dynamiques et spectaculaires \u00e0 travers le monde, par tous les temps et dans toutes les conditions. Les cr\u00e9dits et les XP gagn\u00e9s en course vous permettront aussi d&#039;acqu\u00e9rir d&#039;authentiques am\u00e9liorations de performances et autres options de personnalisation pour votre garage de mod\u00e8les exclusifs : roues, pneus, \u00e9l\u00e9ments de carrosserie ou jantes, ainsi que des options de personnalisation pour cr\u00e9er votre h\u00e9ros du circuit. Gr\u00e2ce \u00e0 une refonte in\u00e9gal\u00e9e du syst\u00e8me des commandes, \u00e0 un mod\u00e8le de maniabilit\u00e9 encore plus pr\u00e9cis et agr\u00e9able, aux param\u00e8tres ajustables d&#039;aptitudes pour chaque niveau de pilote et chaque \u00e9l\u00e9ment m\u00e9t\u00e9orologique, Project CARS 3 est l&#039;\u00e9volution la plus importante et la plus palpitante de la franchise de course ultime.  Plus produit PRENEZ LES COMMANDES DE VOTRE CARRI\u00c8RE - Pilotez 200 voitures de route ou de course des plus grandes marques mondiales - Plus de 140 circuits internationaux - Un spectacle visuel r\u00e9aliste par tous les temps et toutes les saisons - De nombreux kits de conversion de course - Gagnez des Cr\u00e9dits et de l\u2019XP en course pour : - Acheter et piloter des centaines de voitures - Am\u00e9liorer vos voitures avec des pi\u00e8ces r\u00e9alistes qui modifient leur comportement et leur puissance - Modifier la livr\u00e9e de vos voitures avec des \u00e9l\u00e9ments inspir\u00e9s par la course et par la communaut\u00e9, ou encore des stickers, des jantes, des pneus, des plaques d\u2019immatriculation, des num\u00e9ros, etc. - Personnaliser vos pilotes (personnages, combinaisons, casques, etc.) VIVEZ CHAQUE INSTANT \u00c0 FOND - Assistance \u00e9volutive pour tous les niveaux de comp\u00e9tence - Nouveau mod\u00e8le de pneu pour une maniabilit\u00e9 plus r\u00e9aliste et plus amusante - Cycle jour-nuit, toutes saisons, toutes conditions m\u00e9t\u00e9orologiques - Exp\u00e9rience de jeu incomparable - Sensation de vitesse visc\u00e9rale - Collisions et contacts intenses et r\u00e9alistes - IA am\u00e9lior\u00e9e M\u00c9RITEZ CHAQUE VICTOIRE - Un nouveau mode Carri\u00e8re passionnant - Passez du statut de pilote du dimanche \u00e0 celui de l\u00e9gende vivante - Modes Multijoueur et Communaut\u00e9 in\u00e9dits et captivants - Des d\u00e9fis quotidiens amusants  Compatible VR Non  Compatible Playstation VR Non  Style de Jeu  Genre du jeu vid\u00e9o Course  PEGI - Public 3+  Nombre de joueurs En local : 1-1 En ligne : 2-16  Rating ESRB Cote en attente  Compatibilit\u00e9  Mode r\u00e9seau Non  Mode en ligne Oui\" \/>\n<meta property=\"og:url\" content=\"https:\/\/novakmarket.com\/es\/producto\/project-cars-3-jeu-ps4\/\" \/>\n<meta property=\"og:site_name\" content=\"Novak Market\" \/>\n<meta property=\"article:modified_time\" content=\"2021-11-29T19:22:43+00:00\" \/>\n<meta property=\"og:image\" content=\"https:\/\/novakmarket.com\/wp-content\/uploads\/2021\/11\/P7-1.jpg\" \/>\n\t<meta property=\"og:image:width\" content=\"700\" \/>\n\t<meta property=\"og:image:height\" content=\"700\" \/>\n\t<meta property=\"og:image:type\" content=\"image\/jpeg\" \/>\n<meta name=\"twitter:card\" content=\"summary_large_image\" \/>\n<script type=\"application\/ld+json\" class=\"yoast-schema-graph\">{\"@context\":\"https:\/\/schema.org\",\"@graph\":[{\"@type\":\"WebPage\",\"@id\":\"https:\/\/novakmarket.com\/produit\/project-cars-3-jeu-ps4\/\",\"url\":\"https:\/\/novakmarket.com\/produit\/project-cars-3-jeu-ps4\/\",\"name\":\"Project Cars 3 Jeu PS4 - Novak Market\",\"isPartOf\":{\"@id\":\"https:\/\/novakmarket.com\/#website\"},\"primaryImageOfPage\":{\"@id\":\"https:\/\/novakmarket.com\/produit\/project-cars-3-jeu-ps4\/#primaryimage\"},\"image\":{\"@id\":\"https:\/\/novakmarket.com\/produit\/project-cars-3-jeu-ps4\/#primaryimage\"},\"thumbnailUrl\":\"https:\/\/novakmarket.com\/wp-content\/uploads\/2021\/11\/P7-1.jpg\",\"datePublished\":\"2021-11-29T19:22:32+00:00\",\"dateModified\":\"2021-11-29T19:22:43+00:00\",\"breadcrumb\":{\"@id\":\"https:\/\/novakmarket.com\/produit\/project-cars-3-jeu-ps4\/#breadcrumb\"},\"inLanguage\":\"es\",\"potentialAction\":[{\"@type\":\"ReadAction\",\"target\":[\"https:\/\/novakmarket.com\/produit\/project-cars-3-jeu-ps4\/\"]}]},{\"@type\":\"ImageObject\",\"inLanguage\":\"es\",\"@id\":\"https:\/\/novakmarket.com\/produit\/project-cars-3-jeu-ps4\/#primaryimage\",\"url\":\"https:\/\/novakmarket.com\/wp-content\/uploads\/2021\/11\/P7-1.jpg\",\"contentUrl\":\"https:\/\/novakmarket.com\/wp-content\/uploads\/2021\/11\/P7-1.jpg\",\"width\":700,\"height\":700},{\"@type\":\"BreadcrumbList\",\"@id\":\"https:\/\/novakmarket.com\/produit\/project-cars-3-jeu-ps4\/#breadcrumb\",\"itemListElement\":[{\"@type\":\"ListItem\",\"position\":1,\"name\":\"Accueil\",\"item\":\"https:\/\/novakmarket.com\/\"},{\"@type\":\"ListItem\",\"position\":2,\"name\":\"Boutique\",\"item\":\"https:\/\/novakmarket.com\/shop\/\"},{\"@type\":\"ListItem\",\"position\":3,\"name\":\"Project Cars 3 Jeu PS4\"}]},{\"@type\":\"WebSite\",\"@id\":\"https:\/\/novakmarket.com\/#website\",\"url\":\"https:\/\/novakmarket.com\/\",\"name\":\"Novak Market\",\"description\":\"Vente de produits \u00e9lectroniques.\",\"publisher\":{\"@id\":\"https:\/\/novakmarket.com\/#organization\"},\"potentialAction\":[{\"@type\":\"SearchAction\",\"target\":{\"@type\":\"EntryPoint\",\"urlTemplate\":\"https:\/\/novakmarket.com\/?s={search_term_string}\"},\"query-input\":{\"@type\":\"PropertyValueSpecification\",\"valueRequired\":true,\"valueName\":\"search_term_string\"}}],\"inLanguage\":\"es\"},{\"@type\":\"Organization\",\"@id\":\"https:\/\/novakmarket.com\/#organization\",\"name\":\"Novak Market\",\"url\":\"https:\/\/novakmarket.com\/\",\"logo\":{\"@type\":\"ImageObject\",\"inLanguage\":\"es\",\"@id\":\"https:\/\/novakmarket.com\/#\/schema\/logo\/image\/\",\"url\":\"https:\/\/novakmarket.com\/wp-content\/uploads\/2026\/02\/cropped-footer-pc-removebg-preview.png\",\"contentUrl\":\"https:\/\/novakmarket.com\/wp-content\/uploads\/2026\/02\/cropped-footer-pc-removebg-preview.png\",\"width\":202,\"height\":73,\"caption\":\"Novak Market\"},\"image\":{\"@id\":\"https:\/\/novakmarket.com\/#\/schema\/logo\/image\/\"}}]}<\/script>\n<!-- \/ Yoast SEO plugin. -->","yoast_head_json":{"title":"Project Cars 3 Jeu PS4 - Novak Market","robots":{"index":"index","follow":"follow","max-snippet":"max-snippet:-1","max-image-preview":"max-image-preview:large","max-video-preview":"max-video-preview:-1"},"canonical":"https:\/\/novakmarket.com\/es\/producto\/project-cars-3-jeu-ps4\/","og_locale":"es_ES","og_type":"article","og_title":"Project Cars 3 Jeu PS4 - Novak Market","og_description":"Nom du produit Project Cars 3 Jeu PS4  Cat\u00e9gorie JEU PS4 NOUVEAUT\u00c9  Informations G\u00e9n\u00e9rales  Titre du jeu Project Cars 3  Plateforme PS4  Date de sortie march\u00e9 28 Ao\u00fbt 2020  Edition Standard  Editeur BANDAI NAMCO Entertainment  Studio de d\u00e9veloppement Slightly Mad Studios  Licences Project Cars  Gamme de produit Jeu  Support du produit Blu-Ray  Description du produit Project CARS 3 est le troisi\u00e8me volet de la franchise de course \u00e0 succ\u00e8s, une ode saisissante aux sensations fortes, aux \u00e9motions et au divertissement du monde captivant du sport automobile. Une nouvelle carri\u00e8re riche en rebondissements s'ouvre aux joueurs, des courses sauvages du week-end \u00e0 la l\u00e9gende du circuit. Un m\u00e9tajeu fait aussi son entr\u00e9e dans la franchise, avec un d\u00e9fi lanc\u00e9 aux joueurs qui devront se battre pour gagner des cr\u00e9dits de jeu, avec lesquels ils pourront acheter des centaines de voitures des marques les plus en vue pour courir sur des circuits dynamiques et spectaculaires \u00e0 travers le monde, par tous les temps et dans toutes les conditions. Les cr\u00e9dits et les XP gagn\u00e9s en course vous permettront aussi d'acqu\u00e9rir d'authentiques am\u00e9liorations de performances et autres options de personnalisation pour votre garage de mod\u00e8les exclusifs : roues, pneus, \u00e9l\u00e9ments de carrosserie ou jantes, ainsi que des options de personnalisation pour cr\u00e9er votre h\u00e9ros du circuit. Gr\u00e2ce \u00e0 une refonte in\u00e9gal\u00e9e du syst\u00e8me des commandes, \u00e0 un mod\u00e8le de maniabilit\u00e9 encore plus pr\u00e9cis et agr\u00e9able, aux param\u00e8tres ajustables d'aptitudes pour chaque niveau de pilote et chaque \u00e9l\u00e9ment m\u00e9t\u00e9orologique, Project CARS 3 est l'\u00e9volution la plus importante et la plus palpitante de la franchise de course ultime.  Plus produit PRENEZ LES COMMANDES DE VOTRE CARRI\u00c8RE - Pilotez 200 voitures de route ou de course des plus grandes marques mondiales - Plus de 140 circuits internationaux - Un spectacle visuel r\u00e9aliste par tous les temps et toutes les saisons - De nombreux kits de conversion de course - Gagnez des Cr\u00e9dits et de l\u2019XP en course pour : - Acheter et piloter des centaines de voitures - Am\u00e9liorer vos voitures avec des pi\u00e8ces r\u00e9alistes qui modifient leur comportement et leur puissance - Modifier la livr\u00e9e de vos voitures avec des \u00e9l\u00e9ments inspir\u00e9s par la course et par la communaut\u00e9, ou encore des stickers, des jantes, des pneus, des plaques d\u2019immatriculation, des num\u00e9ros, etc. - Personnaliser vos pilotes (personnages, combinaisons, casques, etc.) VIVEZ CHAQUE INSTANT \u00c0 FOND - Assistance \u00e9volutive pour tous les niveaux de comp\u00e9tence - Nouveau mod\u00e8le de pneu pour une maniabilit\u00e9 plus r\u00e9aliste et plus amusante - Cycle jour-nuit, toutes saisons, toutes conditions m\u00e9t\u00e9orologiques - Exp\u00e9rience de jeu incomparable - Sensation de vitesse visc\u00e9rale - Collisions et contacts intenses et r\u00e9alistes - IA am\u00e9lior\u00e9e M\u00c9RITEZ CHAQUE VICTOIRE - Un nouveau mode Carri\u00e8re passionnant - Passez du statut de pilote du dimanche \u00e0 celui de l\u00e9gende vivante - Modes Multijoueur et Communaut\u00e9 in\u00e9dits et captivants - Des d\u00e9fis quotidiens amusants  Compatible VR Non  Compatible Playstation VR Non  Style de Jeu  Genre du jeu vid\u00e9o Course  PEGI - Public 3+  Nombre de joueurs En local : 1-1 En ligne : 2-16  Rating ESRB Cote en attente  Compatibilit\u00e9  Mode r\u00e9seau Non  Mode en ligne Oui","og_url":"https:\/\/novakmarket.com\/es\/producto\/project-cars-3-jeu-ps4\/","og_site_name":"Novak Market","article_modified_time":"2021-11-29T19:22:43+00:00","og_image":[{"width":700,"height":700,"url":"https:\/\/novakmarket.com\/wp-content\/uploads\/2021\/11\/P7-1.jpg","type":"image\/jpeg"}],"twitter_card":"summary_large_image","schema":{"@context":"https:\/\/schema.org","@graph":[{"@type":"WebPage","@id":"https:\/\/novakmarket.com\/produit\/project-cars-3-jeu-ps4\/","url":"https:\/\/novakmarket.com\/produit\/project-cars-3-jeu-ps4\/","name":"Project Cars 3 Jeu PS4 - Novak Market","isPartOf":{"@id":"https:\/\/novakmarket.com\/#website"},"primaryImageOfPage":{"@id":"https:\/\/novakmarket.com\/produit\/project-cars-3-jeu-ps4\/#primaryimage"},"image":{"@id":"https:\/\/novakmarket.com\/produit\/project-cars-3-jeu-ps4\/#primaryimage"},"thumbnailUrl":"https:\/\/novakmarket.com\/wp-content\/uploads\/2021\/11\/P7-1.jpg","datePublished":"2021-11-29T19:22:32+00:00","dateModified":"2021-11-29T19:22:43+00:00","breadcrumb":{"@id":"https:\/\/novakmarket.com\/produit\/project-cars-3-jeu-ps4\/#breadcrumb"},"inLanguage":"es","potentialAction":[{"@type":"ReadAction","target":["https:\/\/novakmarket.com\/produit\/project-cars-3-jeu-ps4\/"]}]},{"@type":"ImageObject","inLanguage":"es","@id":"https:\/\/novakmarket.com\/produit\/project-cars-3-jeu-ps4\/#primaryimage","url":"https:\/\/novakmarket.com\/wp-content\/uploads\/2021\/11\/P7-1.jpg","contentUrl":"https:\/\/novakmarket.com\/wp-content\/uploads\/2021\/11\/P7-1.jpg","width":700,"height":700},{"@type":"BreadcrumbList","@id":"https:\/\/novakmarket.com\/produit\/project-cars-3-jeu-ps4\/#breadcrumb","itemListElement":[{"@type":"ListItem","position":1,"name":"Accueil","item":"https:\/\/novakmarket.com\/"},{"@type":"ListItem","position":2,"name":"Boutique","item":"https:\/\/novakmarket.com\/shop\/"},{"@type":"ListItem","position":3,"name":"Project Cars 3 Jeu PS4"}]},{"@type":"WebSite","@id":"https:\/\/novakmarket.com\/#website","url":"https:\/\/novakmarket.com\/","name":"Novak Market","description":"Vente de produits \u00e9lectroniques.","publisher":{"@id":"https:\/\/novakmarket.com\/#organization"},"potentialAction":[{"@type":"SearchAction","target":{"@type":"EntryPoint","urlTemplate":"https:\/\/novakmarket.com\/?s={search_term_string}"},"query-input":{"@type":"PropertyValueSpecification","valueRequired":true,"valueName":"search_term_string"}}],"inLanguage":"es"},{"@type":"Organization","@id":"https:\/\/novakmarket.com\/#organization","name":"Novak Market","url":"https:\/\/novakmarket.com\/","logo":{"@type":"ImageObject","inLanguage":"es","@id":"https:\/\/novakmarket.com\/#\/schema\/logo\/image\/","url":"https:\/\/novakmarket.com\/wp-content\/uploads\/2026\/02\/cropped-footer-pc-removebg-preview.png","contentUrl":"https:\/\/novakmarket.com\/wp-content\/uploads\/2026\/02\/cropped-footer-pc-removebg-preview.png","width":202,"height":73,"caption":"Novak Market"},"image":{"@id":"https:\/\/novakmarket.com\/#\/schema\/logo\/image\/"}}]}},"_links":{"self":[{"href":"https:\/\/novakmarket.com\/es\/wp-json\/wp\/v2\/product\/6655","targetHints":{"allow":["GET"]}}],"collection":[{"href":"https:\/\/novakmarket.com\/es\/wp-json\/wp\/v2\/product"}],"about":[{"href":"https:\/\/novakmarket.com\/es\/wp-json\/wp\/v2\/types\/product"}],"replies":[{"embeddable":true,"href":"https:\/\/novakmarket.com\/es\/wp-json\/wp\/v2\/comments?post=6655"}],"wp:featuredmedia":[{"embeddable":true,"href":"https:\/\/novakmarket.com\/es\/wp-json\/wp\/v2\/media\/6685"}],"wp:attachment":[{"href":"https:\/\/novakmarket.com\/es\/wp-json\/wp\/v2\/media?parent=6655"}],"wp:term":[{"taxonomy":"product_brand","embeddable":true,"href":"https:\/\/novakmarket.com\/es\/wp-json\/wp\/v2\/product_brand?post=6655"},{"taxonomy":"product_cat","embeddable":true,"href":"https:\/\/novakmarket.com\/es\/wp-json\/wp\/v2\/product_cat?post=6655"},{"taxonomy":"product_tag","embeddable":true,"href":"https:\/\/novakmarket.com\/es\/wp-json\/wp\/v2\/product_tag?post=6655"}],"curies":[{"name":"wp","href":"https:\/\/api.w.org\/{rel}","templated":true}]}}